{"id":4367,"date":"2022-02-20T08:35:49","date_gmt":"2022-02-20T08:35:49","guid":{"rendered":"https:\/\/medicinasinc.com\/hr\/?post_type=product&#038;p=4367"},"modified":"2022-03-15T06:16:16","modified_gmt":"2022-03-15T06:16:16","slug":"kupi-kanatonsko-co2-ulje-patronu","status":"publish","type":"product","link":"https:\/\/medicinasinc.com\/hr\/product\/kupi-kanatonsko-co2-ulje-patronu\/","title":{"rendered":"Kupite Cannatonic CO2 ulo\u017eak"},"content":{"rendered":"<p>Kupite Rick Simpson Cannabis Oil 1g patrone online u Sjedinjenim Ameri\u010dkim Dr\u017eavama.<\/p>\n<p>Kupite Rick Simpson Cannabis Oil 1g patrone online u Sjedinjenim Ameri\u010dkim Dr\u017eavama.<\/p>\n<p>Nakon namakanja ulo\u017eaka. najfiniji kanabis u \u010distom benzinu ili izopropil alkoholu, terapeutski spojevi se ekstrahiraju iz biljke, ostavljaju\u0107i teku\u0107inu nalik katranu kada otapalo potpuno ispari. Dobivamo visokokvalitetno ulje kanabisa Rick Simpson. Ovo se mo\u017ee uzeti oralno ili nanijeti izravno na ko\u017eu.<\/p>\n<p>Washington, DC, ulje Ricka Simpsona<\/p>\n<p>Ulje Ricka Simpsona je isparena otopina dobivena od kanabisa. Bio je to izlaz iz raka za mnoge ljude. Osim toga, ulje se naziva konopljino ulje Ricka Simpsona i ulje kanabisa Ricka Simpsona.<\/p>\n<p>Ako ste marihuanu istra\u017eivali u medicinske svrhe, mo\u017eda ste nai\u0161li na ulje Ricka Simpsona. RSO je jedinstveni ekstrakt kanabisa koji je svoje ime dobio po \u010dovjeku po imenu, poga\u0111ate, Ricku Simpsonu.<\/p>\n<p>To je iznimno mo\u0107an ekstrakt kanabisa s visokom koncentracijom THC-a, psihoaktivne tvari. komponenta kanabisa. Ulje se proizvodi koncentriranjem sadr\u017eaja THC-a osu\u0161enih indikatorskih cvjetova pomo\u0107u otapaju\u0107eg sredstva. Indica ima prednost u odnosu na druge sojeve zbog svog sedativnog u\u010dinka. Zbog visoke koncentracije biljnog materijala i odsutnosti transportnih ulja, dobiveno ulje je tamnozemljaste boje i gusto, za razliku od brojnih koncentrata koje smo navikli vidjeti.<\/p>\n<p>Ulje je otkriveno u godini. 2003. Ricku Simpsonu dijagnosticirana je vrsta raka ko\u017ee i okrenuo se kanabisu za lije\u010denje. Nedavno se raspitivao mo\u017ee li kanabis pomo\u0107i kod njegovih raznih tegoba, ali je nai\u0161ao na nezadovoljstvo. Sam je potra\u017eio biljku i vjerovao je da umiruje njegove indikacije. Kada je shvatio da ima rak, pregledao je istragu koja je otkrila da kanabis mo\u017ee smanjiti tumore kod mi\u0161eva i odlu\u010dio je poku\u0161ati u\u010dinkovit aran\u017eman s kanabisom.<\/p>\n<p>\u010cetiri dana stavljao je koncentrate kanabisa na gazu i pokrivao svoje tumore. Kad je eliminirao zavoje, tumori su nestali. Ovo otkri\u0107e potaknulo je osnivanje Rick Simpson Oil. Po\u010deo je dijeliti svoj uvid, u svakom slu\u010daju, branjem kanabisa i proizvodnjom ulja za druge koji su bili li\u0161eni prije nego \u0161to su nai\u0161li na pravne pote\u0161ko\u0107e. Trenuta\u010dno, Rick Simpson poti\u010de druge da proizvode vlastito ulje i daje smjernice.<\/p>\n<p>Ako tra\u017eite najbolje ulje na svijetu, Rick Simpson oil Washington je va\u0161 najbolji izbor. Washingtonu osiguravamo \u010disto ulje Ricka Simpsona. Naru\u010dite sada i bit \u0107e isporu\u010den na va\u0161a vrata u roku od nekoliko dana.<\/p>\n<p>Lijekovi koji su sigurni i u\u010dinkoviti<br \/> Rick Simpson ulje kanabisa u svojoj je klasi zbog ne -toksi\u010dna priroda. Ako tra\u017eite siguran na\u010din za lije\u010denje raka ili raznih drugih bolesti, konopljino ulje Ricka Simpsona mo\u017ee biti odgovor. Za kori\u0161tenje ovog ulja ne trebate \u010dak ni nadzor lije\u010dnika.<\/p>\n","protected":false},"excerpt":{"rendered":"<p>Kupite Cannatonic CO2 uljne patrone sigurno i povoljno na mre\u017ei. Otkrijte raznolik izbor visokokvalitetnih proizvoda od marihuane za prodaju u Sjedinjenim Ameri\u010dkim Dr\u017eavama, Europi i Ujedinjenom Kraljevstvu!<\/p>\n<p>Kupite Rick Simpson Cannabis Oil 1g patrone online u Sjedinjenim Ameri\u010dkim Dr\u017eavama.<\/p>\n<p>Ulje kanabisa Ricka Simpsona dostupno je u raznim vrstama. Razli\u010diti CBD &amp; Koncentracije THC-a za rak &amp; vi\u0161e.<\/p>\n<p>Kupite Rick Simpson 1g patrone ulja kanabisa<\/p>\n<p>Cijena proizvoda je sljede\u0107a: po ulo\u0161ku od 1g<br \/> Potrebna je minimalna koli\u010dina za narud\u017ebu od 5 patrona. <\/p>\n","protected":false},"featured_media":4402,"comment_status":"open","ping_status":"closed","template":"","meta":[],"product_brand":[],"product_cat":[440],"product_tag":[452,453,454,457,459,460,467,468,469,470,472,473,475,477,480,455,458,456,462,463,474,465,471,451,461,466,476,464,478,479],"class_list":{"0":"post-4367","1":"product","2":"type-product","3":"status-publish","4":"has-post-thumbnail","6":"product_cat-kupi-kanabis-cbd-ulje","7":"product_tag-buy-cannatonic-co2-oil-cartridge","8":"product_tag-buy-cannatonic-co2-oil-cartridge-online","9":"product_tag-buy-marijuana-edibles-online","10":"product_tag-buy-marijuana-online-europe","11":"product_tag-buy-marijuana-online-usa","12":"product_tag-buy-marijuana-wax-online-usa","13":"product_tag-buy-weed-in-ireland","14":"product_tag-buy-weed-in-switzerland","15":"product_tag-buy-weed-in-usa","16":"product_tag-buy-weed-online","17":"product_tag-buy-weed-online-discreetly","18":"product_tag-buy-weed-online-europe","19":"product_tag-buy-weed-online-uk","20":"product_tag-buying-weed-online","21":"product_tag-gdje-kupiti-marihuanu-online","22":"product_tag-kupi-marihuanu-online","23":"product_tag-kupiti-marihuanu-online-u-usa","24":"product_tag-kupiti-marihuanu-online-bitcoin","25":"product_tag-kupiti-moonrock-online-bitcoin","26":"product_tag-buy-moonrock-online-uk","27":"product_tag-kupiti-travu-online-legalno","28":"product_tag-kupi-travu-u-australiji","29":"product_tag-buy-weed-online-bitcoin","30":"product_tag-kupi-kanabis-s-bitcoinom","31":"product_tag-kupiti-medicinsku-marihuanu-online","32":"product_tag-kupiti-travu-u-francuskoj","33":"product_tag-kupnja-marihuane-online","34":"product_tag-kupiti-moonrocks-online","35":"product_tag-kush-na-prodaja","36":"product_tag-marijuana-for-sale","38":"first","39":"instock","40":"shipping-taxable","41":"purchasable","42":"product-type-variable","43":"has-default-attributes"},"yoast_head":"<!-- This site is optimized with the Yoast SEO plugin v27.3 - https:\/\/yoast.com\/product\/yoast-seo-wordpress\/ -->\n<title>Kupite ulo\u017eak Cannatonic CO2 Oil 1g online (kopija) - najbolji svjetski lijekovi<\/title>\n<meta name=\"description\" content=\"Kupite Cannatonic CO2 ulo\u017eak za sigurno online prodaju po pristupa\u010dnim cijenama. Otkrijte \u0161irok raspon kvalitetnih proizvoda od korova za prodaju SAD, EU, UK!\" \/>\n<meta name=\"robots\" content=\"index, follow, max-snippet:-1, max-image-preview:large, max-video-preview:-1\" \/>\n<link rel=\"canonical\" href=\"https:\/\/medicinasinc.com\/hr\/product\/kupi-kanatonsko-co2-ulje-patronu\/\" \/>\n<meta property=\"og:locale\" content=\"hr_HR\" \/>\n<meta property=\"og:type\" content=\"article\" \/>\n<meta property=\"og:title\" content=\"Kupite ulo\u017eak Cannatonic CO2 Oil 1g online (kopija) - najbolji svjetski lijekovi\" \/>\n<meta property=\"og:description\" content=\"Kupite Cannatonic CO2 ulo\u017eak za sigurno online prodaju po pristupa\u010dnim cijenama. Otkrijte \u0161irok raspon kvalitetnih proizvoda od korova za prodaju SAD, EU, UK!\" \/>\n<meta property=\"og:url\" content=\"https:\/\/medicinasinc.com\/hr\/product\/kupi-kanatonsko-co2-ulje-patronu\/\" \/>\n<meta property=\"og:site_name\" content=\"Medicinas Inc\" \/>\n<meta property=\"article:modified_time\" content=\"2022-03-15T06:16:16+00:00\" \/>\n<meta property=\"og:image\" content=\"https:\/\/medicinasinc.com\/hr\/wp-content\/uploads\/sites\/3\/2022\/02\/Buy-Cannatonic-CO2-Oil-Cartridge.png\" \/>\n\t<meta property=\"og:image:width\" content=\"542\" \/>\n\t<meta property=\"og:image:height\" content=\"420\" \/>\n\t<meta property=\"og:image:type\" content=\"image\/png\" \/>\n<meta name=\"twitter:card\" content=\"summary_large_image\" \/>\n<meta name=\"twitter:label1\" content=\"Procijenjeno vrijeme \u010ditanja\" \/>\n\t<meta name=\"twitter:data1\" content=\"3 minute\" \/>\n<script type=\"application\/ld+json\" class=\"yoast-schema-graph\">{\"@context\":\"https:\\\/\\\/schema.org\",\"@graph\":[{\"@type\":\"WebPage\",\"@id\":\"https:\\\/\\\/medicinasinc.com\\\/hr\\\/product\\\/kupi-kanatonsko-co2-ulje-patronu\\\/\",\"url\":\"https:\\\/\\\/medicinasinc.com\\\/hr\\\/product\\\/kupi-kanatonsko-co2-ulje-patronu\\\/\",\"name\":\"Kupite ulo\u017eak Cannatonic CO2 Oil 1g online (kopija) - najbolji svjetski lijekovi\",\"isPartOf\":{\"@id\":\"https:\\\/\\\/medicinasinc.com\\\/hr\\\/#website\"},\"primaryImageOfPage\":{\"@id\":\"https:\\\/\\\/medicinasinc.com\\\/hr\\\/product\\\/kupi-kanatonsko-co2-ulje-patronu\\\/#primaryimage\"},\"image\":{\"@id\":\"https:\\\/\\\/medicinasinc.com\\\/hr\\\/product\\\/kupi-kanatonsko-co2-ulje-patronu\\\/#primaryimage\"},\"thumbnailUrl\":\"https:\\\/\\\/medicinasinc.com\\\/hr\\\/wp-content\\\/uploads\\\/sites\\\/3\\\/2022\\\/02\\\/Buy-Cannatonic-CO2-Oil-Cartridge.png\",\"datePublished\":\"2022-02-20T08:35:49+00:00\",\"dateModified\":\"2022-03-15T06:16:16+00:00\",\"description\":\"Kupite Cannatonic CO2 ulo\u017eak za sigurno online prodaju po pristupa\u010dnim cijenama. Otkrijte \u0161irok raspon kvalitetnih proizvoda od korova za prodaju SAD, EU, UK!\",\"breadcrumb\":{\"@id\":\"https:\\\/\\\/medicinasinc.com\\\/hr\\\/product\\\/kupi-kanatonsko-co2-ulje-patronu\\\/#breadcrumb\"},\"inLanguage\":\"hr\",\"potentialAction\":[{\"@type\":\"ReadAction\",\"target\":[\"https:\\\/\\\/medicinasinc.com\\\/hr\\\/product\\\/kupi-kanatonsko-co2-ulje-patronu\\\/\"]}]},{\"@type\":\"ImageObject\",\"inLanguage\":\"hr\",\"@id\":\"https:\\\/\\\/medicinasinc.com\\\/hr\\\/product\\\/kupi-kanatonsko-co2-ulje-patronu\\\/#primaryimage\",\"url\":\"https:\\\/\\\/medicinasinc.com\\\/hr\\\/wp-content\\\/uploads\\\/sites\\\/3\\\/2022\\\/02\\\/Buy-Cannatonic-CO2-Oil-Cartridge.png\",\"contentUrl\":\"https:\\\/\\\/medicinasinc.com\\\/hr\\\/wp-content\\\/uploads\\\/sites\\\/3\\\/2022\\\/02\\\/Buy-Cannatonic-CO2-Oil-Cartridge.png\",\"width\":542,\"height\":420},{\"@type\":\"BreadcrumbList\",\"@id\":\"https:\\\/\\\/medicinasinc.com\\\/hr\\\/product\\\/kupi-kanatonsko-co2-ulje-patronu\\\/#breadcrumb\",\"itemListElement\":[{\"@type\":\"ListItem\",\"position\":1,\"name\":\"Du\u0107an\",\"item\":\"https:\\\/\\\/medicinasinc.com\\\/hr\\\/ducan\\\/\"},{\"@type\":\"ListItem\",\"position\":2,\"name\":\"Kupite Cannatonic CO2 ulo\u017eak\"}]},{\"@type\":\"WebSite\",\"@id\":\"https:\\\/\\\/medicinasinc.com\\\/hr\\\/#website\",\"url\":\"https:\\\/\\\/medicinasinc.com\\\/hr\\\/\",\"name\":\"Medicinas Inc\",\"description\":\"Health Medical Clinic\",\"potentialAction\":[{\"@type\":\"SearchAction\",\"target\":{\"@type\":\"EntryPoint\",\"urlTemplate\":\"https:\\\/\\\/medicinasinc.com\\\/hr\\\/?s={search_term_string}\"},\"query-input\":{\"@type\":\"PropertyValueSpecification\",\"valueRequired\":true,\"valueName\":\"search_term_string\"}}],\"inLanguage\":\"hr\"}]}<\/script>\n<!-- \/ Yoast SEO plugin. -->","yoast_head_json":{"title":"Kupite ulo\u017eak Cannatonic CO2 Oil 1g online (kopija) - najbolji svjetski lijekovi","description":"Kupite Cannatonic CO2 ulo\u017eak za sigurno online prodaju po pristupa\u010dnim cijenama. Otkrijte \u0161irok raspon kvalitetnih proizvoda od korova za prodaju SAD, EU, UK!","robots":{"index":"index","follow":"follow","max-snippet":"max-snippet:-1","max-image-preview":"max-image-preview:large","max-video-preview":"max-video-preview:-1"},"canonical":"https:\/\/medicinasinc.com\/hr\/product\/kupi-kanatonsko-co2-ulje-patronu\/","og_locale":"hr_HR","og_type":"article","og_title":"Kupite ulo\u017eak Cannatonic CO2 Oil 1g online (kopija) - najbolji svjetski lijekovi","og_description":"Kupite Cannatonic CO2 ulo\u017eak za sigurno online prodaju po pristupa\u010dnim cijenama. Otkrijte \u0161irok raspon kvalitetnih proizvoda od korova za prodaju SAD, EU, UK!","og_url":"https:\/\/medicinasinc.com\/hr\/product\/kupi-kanatonsko-co2-ulje-patronu\/","og_site_name":"Medicinas Inc","article_modified_time":"2022-03-15T06:16:16+00:00","og_image":[{"width":542,"height":420,"url":"https:\/\/medicinasinc.com\/hr\/wp-content\/uploads\/sites\/3\/2022\/02\/Buy-Cannatonic-CO2-Oil-Cartridge.png","type":"image\/png"}],"twitter_card":"summary_large_image","twitter_misc":{"Procijenjeno vrijeme \u010ditanja":"3 minute"},"schema":{"@context":"https:\/\/schema.org","@graph":[{"@type":"WebPage","@id":"https:\/\/medicinasinc.com\/hr\/product\/kupi-kanatonsko-co2-ulje-patronu\/","url":"https:\/\/medicinasinc.com\/hr\/product\/kupi-kanatonsko-co2-ulje-patronu\/","name":"Kupite ulo\u017eak Cannatonic CO2 Oil 1g online (kopija) - najbolji svjetski lijekovi","isPartOf":{"@id":"https:\/\/medicinasinc.com\/hr\/#website"},"primaryImageOfPage":{"@id":"https:\/\/medicinasinc.com\/hr\/product\/kupi-kanatonsko-co2-ulje-patronu\/#primaryimage"},"image":{"@id":"https:\/\/medicinasinc.com\/hr\/product\/kupi-kanatonsko-co2-ulje-patronu\/#primaryimage"},"thumbnailUrl":"https:\/\/medicinasinc.com\/hr\/wp-content\/uploads\/sites\/3\/2022\/02\/Buy-Cannatonic-CO2-Oil-Cartridge.png","datePublished":"2022-02-20T08:35:49+00:00","dateModified":"2022-03-15T06:16:16+00:00","description":"Kupite Cannatonic CO2 ulo\u017eak za sigurno online prodaju po pristupa\u010dnim cijenama. Otkrijte \u0161irok raspon kvalitetnih proizvoda od korova za prodaju SAD, EU, UK!","breadcrumb":{"@id":"https:\/\/medicinasinc.com\/hr\/product\/kupi-kanatonsko-co2-ulje-patronu\/#breadcrumb"},"inLanguage":"hr","potentialAction":[{"@type":"ReadAction","target":["https:\/\/medicinasinc.com\/hr\/product\/kupi-kanatonsko-co2-ulje-patronu\/"]}]},{"@type":"ImageObject","inLanguage":"hr","@id":"https:\/\/medicinasinc.com\/hr\/product\/kupi-kanatonsko-co2-ulje-patronu\/#primaryimage","url":"https:\/\/medicinasinc.com\/hr\/wp-content\/uploads\/sites\/3\/2022\/02\/Buy-Cannatonic-CO2-Oil-Cartridge.png","contentUrl":"https:\/\/medicinasinc.com\/hr\/wp-content\/uploads\/sites\/3\/2022\/02\/Buy-Cannatonic-CO2-Oil-Cartridge.png","width":542,"height":420},{"@type":"BreadcrumbList","@id":"https:\/\/medicinasinc.com\/hr\/product\/kupi-kanatonsko-co2-ulje-patronu\/#breadcrumb","itemListElement":[{"@type":"ListItem","position":1,"name":"Du\u0107an","item":"https:\/\/medicinasinc.com\/hr\/ducan\/"},{"@type":"ListItem","position":2,"name":"Kupite Cannatonic CO2 ulo\u017eak"}]},{"@type":"WebSite","@id":"https:\/\/medicinasinc.com\/hr\/#website","url":"https:\/\/medicinasinc.com\/hr\/","name":"Medicinas Inc","description":"Health Medical Clinic","potentialAction":[{"@type":"SearchAction","target":{"@type":"EntryPoint","urlTemplate":"https:\/\/medicinasinc.com\/hr\/?s={search_term_string}"},"query-input":{"@type":"PropertyValueSpecification","valueRequired":true,"valueName":"search_term_string"}}],"inLanguage":"hr"}]}},"_links":{"self":[{"href":"https:\/\/medicinasinc.com\/hr\/wp-json\/wp\/v2\/product\/4367","targetHints":{"allow":["GET"]}}],"collection":[{"href":"https:\/\/medicinasinc.com\/hr\/wp-json\/wp\/v2\/product"}],"about":[{"href":"https:\/\/medicinasinc.com\/hr\/wp-json\/wp\/v2\/types\/product"}],"replies":[{"embeddable":true,"href":"https:\/\/medicinasinc.com\/hr\/wp-json\/wp\/v2\/comments?post=4367"}],"wp:featuredmedia":[{"embeddable":true,"href":"https:\/\/medicinasinc.com\/hr\/wp-json\/wp\/v2\/media\/4402"}],"wp:attachment":[{"href":"https:\/\/medicinasinc.com\/hr\/wp-json\/wp\/v2\/media?parent=4367"}],"wp:term":[{"taxonomy":"product_brand","embeddable":true,"href":"https:\/\/medicinasinc.com\/hr\/wp-json\/wp\/v2\/product_brand?post=4367"},{"taxonomy":"product_cat","embeddable":true,"href":"https:\/\/medicinasinc.com\/hr\/wp-json\/wp\/v2\/product_cat?post=4367"},{"taxonomy":"product_tag","embeddable":true,"href":"https:\/\/medicinasinc.com\/hr\/wp-json\/wp\/v2\/product_tag?post=4367"}],"curies":[{"name":"wp","href":"https:\/\/api.w.org\/{rel}","templated":true}]}}