{"id":4359,"date":"2022-02-20T08:31:50","date_gmt":"2022-02-20T08:31:50","guid":{"rendered":"https:\/\/medicinasinc.com\/hr\/?post_type=product&#038;p=4359"},"modified":"2022-03-15T06:16:24","modified_gmt":"2022-03-15T06:16:24","slug":"kupi-fab-cbd-ulje-300mg-600mg-1200mg","status":"publish","type":"product","link":"https:\/\/medicinasinc.com\/hr\/product\/kupi-fab-cbd-ulje-300mg-600mg-1200mg\/","title":{"rendered":"Kupite Fab CBD ulje 300mg, 600mg, 1200mg"},"content":{"rendered":"<p>CBD uljne kapi izvrstan su na\u010din za promicanje cjelokupnog zdravlja i vitalnosti. Nudimo razne okuse CBD ulja konoplje koji su popularni me\u0111u na\u0161im kupcima, uklju\u010duju\u0107i citruse, mentu, prirodno, bobi\u010dasto vo\u0107e i vaniliju. FAB CBD Oil aroma je dobivena od najfinijih sastojaka. U\u017eivajte u ukusnom okusu i mirisu ovih aromatiziranih CBD ulja ili tradicionalnom okusu na\u0161eg prirodnog CBD ulja.<\/p>\n","protected":false},"excerpt":{"rendered":"<p>Kupite Fab CBD ulje 300mg, kupite Fab CBD ulje 600mg, kupite fab cbd 2400 mg,cbd ulje koje vas \u010dini sretnim,najbolje cbd ulje za izolaciju,kupite cbd tinkturu online,gnc cbd ulje za anksioznost,cbd, ulje jestive kapi fab cbd,fab cbd bijela naljepnica,<\/p>\n<p><strong>Minimalna koli\u010dina narud\u017ebe je: 5 patrona<\/strong><\/p>\n","protected":false},"featured_media":4394,"comment_status":"open","ping_status":"closed","template":"","meta":[],"product_brand":[],"product_cat":[440],"product_tag":[441,443,445,446,447,448,449,450,444,442],"class_list":{"0":"post-4359","1":"product","2":"type-product","3":"status-publish","4":"has-post-thumbnail","6":"product_cat-kupi-kanabis-cbd-ulje","7":"product_tag-amazon-fab-cbd","8":"product_tag-buy-cbd-tincture-online","9":"product_tag-buy-fab-cbd-oil-300mg","10":"product_tag-buy-fab-cbd-oil-600mg","11":"product_tag-cbd-ulje-jestive-kapi","12":"product_tag-cbd-ulje-koje-vas-sretnim","13":"product_tag-fab-cbd-white-label","14":"product_tag-gnc-cbd-ulje-za-tjeskobu","15":"product_tag-kupiti-fab-cbd-2400-mg","16":"product_tag-najbolje-cbd-izolat-ulje","18":"first","19":"instock","20":"shipping-taxable","21":"purchasable","22":"product-type-variable","23":"has-default-attributes"},"yoast_head":"<!-- This site is optimized with the Yoast SEO plugin v27.3 - https:\/\/yoast.com\/product\/yoast-seo-wordpress\/ -->\n<title>Kupite Fab CBD ulje 300 mg, 600 mg, 1200 mg - najbolji svjetski lijekovi<\/title>\n<meta name=\"description\" content=\"Kupite Fab CBD ulje 300 mg, kupite Fab CBD ulje 600 mg, kupite fab cbd 2400 mg, cbd ulje koje vas \u010dini sretnim, najbolje cbd izolatno ulje, kupite cbd tinkturu online, gnc cbd ulje za anksioznost, cbd ulje jestive kapi cbd, fab cbd bijela etiketa,\" \/>\n<meta name=\"robots\" content=\"index, follow, max-snippet:-1, max-image-preview:large, max-video-preview:-1\" \/>\n<link rel=\"canonical\" href=\"https:\/\/medicinasinc.com\/hr\/product\/kupi-fab-cbd-ulje-300mg-600mg-1200mg\/\" \/>\n<meta property=\"og:locale\" content=\"hr_HR\" \/>\n<meta property=\"og:type\" content=\"article\" \/>\n<meta property=\"og:title\" content=\"Kupite Fab CBD ulje 300 mg, 600 mg, 1200 mg - najbolji svjetski lijekovi\" \/>\n<meta property=\"og:description\" content=\"Kupite Fab CBD ulje 300 mg, kupite Fab CBD ulje 600 mg, kupite fab cbd 2400 mg, cbd ulje koje vas \u010dini sretnim, najbolje cbd izolatno ulje, kupite cbd tinkturu online, gnc cbd ulje za anksioznost, cbd ulje jestive kapi cbd, fab cbd bijela etiketa,\" \/>\n<meta property=\"og:url\" content=\"https:\/\/medicinasinc.com\/hr\/product\/kupi-fab-cbd-ulje-300mg-600mg-1200mg\/\" \/>\n<meta property=\"og:site_name\" content=\"Medicinas Inc\" \/>\n<meta property=\"article:modified_time\" content=\"2022-03-15T06:16:24+00:00\" \/>\n<meta property=\"og:image\" content=\"https:\/\/medicinasinc.com\/hr\/wp-content\/uploads\/sites\/3\/2022\/02\/Buy-Fab-CBD-Oil.jpg\" \/>\n\t<meta property=\"og:image:width\" content=\"600\" \/>\n\t<meta property=\"og:image:height\" content=\"600\" \/>\n\t<meta property=\"og:image:type\" content=\"image\/jpeg\" \/>\n<meta name=\"twitter:card\" content=\"summary_large_image\" \/>\n<meta name=\"twitter:label1\" content=\"Procijenjeno vrijeme \u010ditanja\" \/>\n\t<meta name=\"twitter:data1\" content=\"1 minuta\" \/>\n<script type=\"application\/ld+json\" class=\"yoast-schema-graph\">{\"@context\":\"https:\\\/\\\/schema.org\",\"@graph\":[{\"@type\":\"WebPage\",\"@id\":\"https:\\\/\\\/medicinasinc.com\\\/hr\\\/product\\\/kupi-fab-cbd-ulje-300mg-600mg-1200mg\\\/\",\"url\":\"https:\\\/\\\/medicinasinc.com\\\/hr\\\/product\\\/kupi-fab-cbd-ulje-300mg-600mg-1200mg\\\/\",\"name\":\"Kupite Fab CBD ulje 300 mg, 600 mg, 1200 mg - najbolji svjetski lijekovi\",\"isPartOf\":{\"@id\":\"https:\\\/\\\/medicinasinc.com\\\/hr\\\/#website\"},\"primaryImageOfPage\":{\"@id\":\"https:\\\/\\\/medicinasinc.com\\\/hr\\\/product\\\/kupi-fab-cbd-ulje-300mg-600mg-1200mg\\\/#primaryimage\"},\"image\":{\"@id\":\"https:\\\/\\\/medicinasinc.com\\\/hr\\\/product\\\/kupi-fab-cbd-ulje-300mg-600mg-1200mg\\\/#primaryimage\"},\"thumbnailUrl\":\"https:\\\/\\\/medicinasinc.com\\\/hr\\\/wp-content\\\/uploads\\\/sites\\\/3\\\/2022\\\/02\\\/Buy-Fab-CBD-Oil.jpg\",\"datePublished\":\"2022-02-20T08:31:50+00:00\",\"dateModified\":\"2022-03-15T06:16:24+00:00\",\"description\":\"Kupite Fab CBD ulje 300 mg, kupite Fab CBD ulje 600 mg, kupite fab cbd 2400 mg, cbd ulje koje vas \u010dini sretnim, najbolje cbd izolatno ulje, kupite cbd tinkturu online, gnc cbd ulje za anksioznost, cbd ulje jestive kapi cbd, fab cbd bijela etiketa,\",\"breadcrumb\":{\"@id\":\"https:\\\/\\\/medicinasinc.com\\\/hr\\\/product\\\/kupi-fab-cbd-ulje-300mg-600mg-1200mg\\\/#breadcrumb\"},\"inLanguage\":\"hr\",\"potentialAction\":[{\"@type\":\"ReadAction\",\"target\":[\"https:\\\/\\\/medicinasinc.com\\\/hr\\\/product\\\/kupi-fab-cbd-ulje-300mg-600mg-1200mg\\\/\"]}]},{\"@type\":\"ImageObject\",\"inLanguage\":\"hr\",\"@id\":\"https:\\\/\\\/medicinasinc.com\\\/hr\\\/product\\\/kupi-fab-cbd-ulje-300mg-600mg-1200mg\\\/#primaryimage\",\"url\":\"https:\\\/\\\/medicinasinc.com\\\/hr\\\/wp-content\\\/uploads\\\/sites\\\/3\\\/2022\\\/02\\\/Buy-Fab-CBD-Oil.jpg\",\"contentUrl\":\"https:\\\/\\\/medicinasinc.com\\\/hr\\\/wp-content\\\/uploads\\\/sites\\\/3\\\/2022\\\/02\\\/Buy-Fab-CBD-Oil.jpg\",\"width\":600,\"height\":600},{\"@type\":\"BreadcrumbList\",\"@id\":\"https:\\\/\\\/medicinasinc.com\\\/hr\\\/product\\\/kupi-fab-cbd-ulje-300mg-600mg-1200mg\\\/#breadcrumb\",\"itemListElement\":[{\"@type\":\"ListItem\",\"position\":1,\"name\":\"Du\u0107an\",\"item\":\"https:\\\/\\\/medicinasinc.com\\\/hr\\\/ducan\\\/\"},{\"@type\":\"ListItem\",\"position\":2,\"name\":\"Kupite Fab CBD ulje 300mg, 600mg, 1200mg\"}]},{\"@type\":\"WebSite\",\"@id\":\"https:\\\/\\\/medicinasinc.com\\\/hr\\\/#website\",\"url\":\"https:\\\/\\\/medicinasinc.com\\\/hr\\\/\",\"name\":\"Medicinas Inc\",\"description\":\"Health Medical Clinic\",\"potentialAction\":[{\"@type\":\"SearchAction\",\"target\":{\"@type\":\"EntryPoint\",\"urlTemplate\":\"https:\\\/\\\/medicinasinc.com\\\/hr\\\/?s={search_term_string}\"},\"query-input\":{\"@type\":\"PropertyValueSpecification\",\"valueRequired\":true,\"valueName\":\"search_term_string\"}}],\"inLanguage\":\"hr\"}]}<\/script>\n<!-- \/ Yoast SEO plugin. -->","yoast_head_json":{"title":"Kupite Fab CBD ulje 300 mg, 600 mg, 1200 mg - najbolji svjetski lijekovi","description":"Kupite Fab CBD ulje 300 mg, kupite Fab CBD ulje 600 mg, kupite fab cbd 2400 mg, cbd ulje koje vas \u010dini sretnim, najbolje cbd izolatno ulje, kupite cbd tinkturu online, gnc cbd ulje za anksioznost, cbd ulje jestive kapi cbd, fab cbd bijela etiketa,","robots":{"index":"index","follow":"follow","max-snippet":"max-snippet:-1","max-image-preview":"max-image-preview:large","max-video-preview":"max-video-preview:-1"},"canonical":"https:\/\/medicinasinc.com\/hr\/product\/kupi-fab-cbd-ulje-300mg-600mg-1200mg\/","og_locale":"hr_HR","og_type":"article","og_title":"Kupite Fab CBD ulje 300 mg, 600 mg, 1200 mg - najbolji svjetski lijekovi","og_description":"Kupite Fab CBD ulje 300 mg, kupite Fab CBD ulje 600 mg, kupite fab cbd 2400 mg, cbd ulje koje vas \u010dini sretnim, najbolje cbd izolatno ulje, kupite cbd tinkturu online, gnc cbd ulje za anksioznost, cbd ulje jestive kapi cbd, fab cbd bijela etiketa,","og_url":"https:\/\/medicinasinc.com\/hr\/product\/kupi-fab-cbd-ulje-300mg-600mg-1200mg\/","og_site_name":"Medicinas Inc","article_modified_time":"2022-03-15T06:16:24+00:00","og_image":[{"width":600,"height":600,"url":"https:\/\/medicinasinc.com\/hr\/wp-content\/uploads\/sites\/3\/2022\/02\/Buy-Fab-CBD-Oil.jpg","type":"image\/jpeg"}],"twitter_card":"summary_large_image","twitter_misc":{"Procijenjeno vrijeme \u010ditanja":"1 minuta"},"schema":{"@context":"https:\/\/schema.org","@graph":[{"@type":"WebPage","@id":"https:\/\/medicinasinc.com\/hr\/product\/kupi-fab-cbd-ulje-300mg-600mg-1200mg\/","url":"https:\/\/medicinasinc.com\/hr\/product\/kupi-fab-cbd-ulje-300mg-600mg-1200mg\/","name":"Kupite Fab CBD ulje 300 mg, 600 mg, 1200 mg - najbolji svjetski lijekovi","isPartOf":{"@id":"https:\/\/medicinasinc.com\/hr\/#website"},"primaryImageOfPage":{"@id":"https:\/\/medicinasinc.com\/hr\/product\/kupi-fab-cbd-ulje-300mg-600mg-1200mg\/#primaryimage"},"image":{"@id":"https:\/\/medicinasinc.com\/hr\/product\/kupi-fab-cbd-ulje-300mg-600mg-1200mg\/#primaryimage"},"thumbnailUrl":"https:\/\/medicinasinc.com\/hr\/wp-content\/uploads\/sites\/3\/2022\/02\/Buy-Fab-CBD-Oil.jpg","datePublished":"2022-02-20T08:31:50+00:00","dateModified":"2022-03-15T06:16:24+00:00","description":"Kupite Fab CBD ulje 300 mg, kupite Fab CBD ulje 600 mg, kupite fab cbd 2400 mg, cbd ulje koje vas \u010dini sretnim, najbolje cbd izolatno ulje, kupite cbd tinkturu online, gnc cbd ulje za anksioznost, cbd ulje jestive kapi cbd, fab cbd bijela etiketa,","breadcrumb":{"@id":"https:\/\/medicinasinc.com\/hr\/product\/kupi-fab-cbd-ulje-300mg-600mg-1200mg\/#breadcrumb"},"inLanguage":"hr","potentialAction":[{"@type":"ReadAction","target":["https:\/\/medicinasinc.com\/hr\/product\/kupi-fab-cbd-ulje-300mg-600mg-1200mg\/"]}]},{"@type":"ImageObject","inLanguage":"hr","@id":"https:\/\/medicinasinc.com\/hr\/product\/kupi-fab-cbd-ulje-300mg-600mg-1200mg\/#primaryimage","url":"https:\/\/medicinasinc.com\/hr\/wp-content\/uploads\/sites\/3\/2022\/02\/Buy-Fab-CBD-Oil.jpg","contentUrl":"https:\/\/medicinasinc.com\/hr\/wp-content\/uploads\/sites\/3\/2022\/02\/Buy-Fab-CBD-Oil.jpg","width":600,"height":600},{"@type":"BreadcrumbList","@id":"https:\/\/medicinasinc.com\/hr\/product\/kupi-fab-cbd-ulje-300mg-600mg-1200mg\/#breadcrumb","itemListElement":[{"@type":"ListItem","position":1,"name":"Du\u0107an","item":"https:\/\/medicinasinc.com\/hr\/ducan\/"},{"@type":"ListItem","position":2,"name":"Kupite Fab CBD ulje 300mg, 600mg, 1200mg"}]},{"@type":"WebSite","@id":"https:\/\/medicinasinc.com\/hr\/#website","url":"https:\/\/medicinasinc.com\/hr\/","name":"Medicinas Inc","description":"Health Medical Clinic","potentialAction":[{"@type":"SearchAction","target":{"@type":"EntryPoint","urlTemplate":"https:\/\/medicinasinc.com\/hr\/?s={search_term_string}"},"query-input":{"@type":"PropertyValueSpecification","valueRequired":true,"valueName":"search_term_string"}}],"inLanguage":"hr"}]}},"_links":{"self":[{"href":"https:\/\/medicinasinc.com\/hr\/wp-json\/wp\/v2\/product\/4359","targetHints":{"allow":["GET"]}}],"collection":[{"href":"https:\/\/medicinasinc.com\/hr\/wp-json\/wp\/v2\/product"}],"about":[{"href":"https:\/\/medicinasinc.com\/hr\/wp-json\/wp\/v2\/types\/product"}],"replies":[{"embeddable":true,"href":"https:\/\/medicinasinc.com\/hr\/wp-json\/wp\/v2\/comments?post=4359"}],"wp:featuredmedia":[{"embeddable":true,"href":"https:\/\/medicinasinc.com\/hr\/wp-json\/wp\/v2\/media\/4394"}],"wp:attachment":[{"href":"https:\/\/medicinasinc.com\/hr\/wp-json\/wp\/v2\/media?parent=4359"}],"wp:term":[{"taxonomy":"product_brand","embeddable":true,"href":"https:\/\/medicinasinc.com\/hr\/wp-json\/wp\/v2\/product_brand?post=4359"},{"taxonomy":"product_cat","embeddable":true,"href":"https:\/\/medicinasinc.com\/hr\/wp-json\/wp\/v2\/product_cat?post=4359"},{"taxonomy":"product_tag","embeddable":true,"href":"https:\/\/medicinasinc.com\/hr\/wp-json\/wp\/v2\/product_tag?post=4359"}],"curies":[{"name":"wp","href":"https:\/\/api.w.org\/{rel}","templated":true}]}}