{"id":4348,"date":"2022-02-20T08:28:43","date_gmt":"2022-02-20T08:28:43","guid":{"rendered":"https:\/\/medicinasinc.com\/hr\/?post_type=product&#038;p=4348"},"modified":"2022-03-15T06:16:46","modified_gmt":"2022-03-15T06:16:46","slug":"kupi-41-tinktura-30ml-okus-metvice-zelena-bozica","status":"publish","type":"product","link":"https:\/\/medicinasinc.com\/hr\/product\/kupi-41-tinktura-30ml-okus-metvice-zelena-bozica\/","title":{"rendered":"Kupite tinkturu 4:1 (30mL) Green Goddess s okusom metvice"},"content":{"rendered":"<p>Kupite zelenu, tinkturu bo\u017eice 4:1 (30 ml) s okusom metvice<\/p>\n<p>Kapi za tinkturu imaju zna\u010dajne prednosti u odnosu na druge metode primjene medicinskih kanabinoida: staklenka od 30 ml s jednostavnom aplikacijom kapljicama omogu\u0107uje preciznu dozu koja se daje sublingvalno u usta. Apsorpcija u krvotok preko oralne sluznice je brza i dosljedna. Tinktura se ne pretvara u metabolit u probavnom sustavu ili jetri, kao \u0161to je slu\u010daj s oralno unesenim kanabinoidima u jestivim namirnicama.<\/p>\n<p>Formulirano kori\u0161tenjem ekstrakta cijele biljke kanabisa. Dodali smo potpuno prirodno ulje C8+C10, koje je u potpunosti dobiveno iz kokosa i izvrstan je izvor mo\u0107nih srednjelan\u010danih masnih kiselina koje poma\u017eu u odr\u017eavanju optimalnog funkcioniranja tijela i uma.<\/p>\n<p>13 miligrama po kapaljki. 400 miligrama CBD-a 100 miligrama THC-a<\/p>\n<p>Sastojci:<\/p>\n<p>MCT ulje s aromom mente Ekstrakt cijele biljke kanabisa (CBD)<\/p>\n","protected":false},"excerpt":{"rendered":"<p>Kupite tinkturu 4:1 (30 ml) Green Goddess s okusom metvice za prodaju UK, Europa online SAD iz najve\u0107e internetske ambulante, Kupite My Weed online.<\/p>\n<ul>\n<li>Dostava po cijelom svijetu<\/li>\n<li>30ml nazna\u010dena kapaljka<\/li>\n<li>400mg CBD : 100mg THC tinkture<\/li>\n<li>Okus metvice<\/li>\n<li>Minimalna koli\u010dina za narud\u017ebu je 5<\/li>\n<\/ul>\n","protected":false},"featured_media":4383,"comment_status":"open","ping_status":"closed","template":"","meta":[],"product_brand":[],"product_cat":[440],"product_tag":[],"class_list":{"0":"post-4348","1":"product","2":"type-product","3":"status-publish","4":"has-post-thumbnail","6":"product_cat-kupi-kanabis-cbd-ulje","8":"first","9":"instock","10":"shipping-taxable","11":"purchasable","12":"product-type-variable","13":"has-default-attributes"},"yoast_head":"<!-- This site is optimized with the Yoast SEO plugin v27.3 - https:\/\/yoast.com\/product\/yoast-seo-wordpress\/ -->\n<title>Kupite tinkturu 4:1 (30 ml) Green Goddess s okusom metvice - najbolji svjetski lijekovi<\/title>\n<meta name=\"description\" content=\"Kupite tinkturu 4:1 (30 ml) Green Goddess s okusom metvice za prodaju UK, Europa online SAD u najve\u0107em internetskom dispanzeru, Kupite My Weed Online.\" \/>\n<meta name=\"robots\" content=\"index, follow, max-snippet:-1, max-image-preview:large, max-video-preview:-1\" \/>\n<link rel=\"canonical\" href=\"https:\/\/medicinasinc.com\/hr\/product\/kupi-41-tinktura-30ml-okus-metvice-zelena-bozica\/\" \/>\n<meta property=\"og:locale\" content=\"hr_HR\" \/>\n<meta property=\"og:type\" content=\"article\" \/>\n<meta property=\"og:title\" content=\"Kupite tinkturu 4:1 (30 ml) Green Goddess s okusom metvice - najbolji svjetski lijekovi\" \/>\n<meta property=\"og:description\" content=\"Kupite tinkturu 4:1 (30 ml) Green Goddess s okusom metvice za prodaju UK, Europa online SAD u najve\u0107em internetskom dispanzeru, Kupite My Weed Online.\" \/>\n<meta property=\"og:url\" content=\"https:\/\/medicinasinc.com\/hr\/product\/kupi-41-tinktura-30ml-okus-metvice-zelena-bozica\/\" \/>\n<meta property=\"og:site_name\" content=\"Medicinas Inc\" \/>\n<meta property=\"article:modified_time\" content=\"2022-03-15T06:16:46+00:00\" \/>\n<meta property=\"og:image\" content=\"https:\/\/medicinasinc.com\/hr\/wp-content\/uploads\/sites\/3\/2022\/02\/Spearmint-Flavour-Green-Goddess.jpg\" \/>\n\t<meta property=\"og:image:width\" content=\"483\" \/>\n\t<meta property=\"og:image:height\" content=\"483\" \/>\n\t<meta property=\"og:image:type\" content=\"image\/jpeg\" \/>\n<meta name=\"twitter:card\" content=\"summary_large_image\" \/>\n<meta name=\"twitter:label1\" content=\"Procijenjeno vrijeme \u010ditanja\" \/>\n\t<meta name=\"twitter:data1\" content=\"1 minuta\" \/>\n<script type=\"application\/ld+json\" class=\"yoast-schema-graph\">{\"@context\":\"https:\\\/\\\/schema.org\",\"@graph\":[{\"@type\":\"WebPage\",\"@id\":\"https:\\\/\\\/medicinasinc.com\\\/hr\\\/product\\\/kupi-41-tinktura-30ml-okus-metvice-zelena-bozica\\\/\",\"url\":\"https:\\\/\\\/medicinasinc.com\\\/hr\\\/product\\\/kupi-41-tinktura-30ml-okus-metvice-zelena-bozica\\\/\",\"name\":\"Kupite tinkturu 4:1 (30 ml) Green Goddess s okusom metvice - najbolji svjetski lijekovi\",\"isPartOf\":{\"@id\":\"https:\\\/\\\/medicinasinc.com\\\/hr\\\/#website\"},\"primaryImageOfPage\":{\"@id\":\"https:\\\/\\\/medicinasinc.com\\\/hr\\\/product\\\/kupi-41-tinktura-30ml-okus-metvice-zelena-bozica\\\/#primaryimage\"},\"image\":{\"@id\":\"https:\\\/\\\/medicinasinc.com\\\/hr\\\/product\\\/kupi-41-tinktura-30ml-okus-metvice-zelena-bozica\\\/#primaryimage\"},\"thumbnailUrl\":\"https:\\\/\\\/medicinasinc.com\\\/hr\\\/wp-content\\\/uploads\\\/sites\\\/3\\\/2022\\\/02\\\/Spearmint-Flavour-Green-Goddess.jpg\",\"datePublished\":\"2022-02-20T08:28:43+00:00\",\"dateModified\":\"2022-03-15T06:16:46+00:00\",\"description\":\"Kupite tinkturu 4:1 (30 ml) Green Goddess s okusom metvice za prodaju UK, Europa online SAD u najve\u0107em internetskom dispanzeru, Kupite My Weed Online.\",\"breadcrumb\":{\"@id\":\"https:\\\/\\\/medicinasinc.com\\\/hr\\\/product\\\/kupi-41-tinktura-30ml-okus-metvice-zelena-bozica\\\/#breadcrumb\"},\"inLanguage\":\"hr\",\"potentialAction\":[{\"@type\":\"ReadAction\",\"target\":[\"https:\\\/\\\/medicinasinc.com\\\/hr\\\/product\\\/kupi-41-tinktura-30ml-okus-metvice-zelena-bozica\\\/\"]}]},{\"@type\":\"ImageObject\",\"inLanguage\":\"hr\",\"@id\":\"https:\\\/\\\/medicinasinc.com\\\/hr\\\/product\\\/kupi-41-tinktura-30ml-okus-metvice-zelena-bozica\\\/#primaryimage\",\"url\":\"https:\\\/\\\/medicinasinc.com\\\/hr\\\/wp-content\\\/uploads\\\/sites\\\/3\\\/2022\\\/02\\\/Spearmint-Flavour-Green-Goddess.jpg\",\"contentUrl\":\"https:\\\/\\\/medicinasinc.com\\\/hr\\\/wp-content\\\/uploads\\\/sites\\\/3\\\/2022\\\/02\\\/Spearmint-Flavour-Green-Goddess.jpg\",\"width\":483,\"height\":483},{\"@type\":\"BreadcrumbList\",\"@id\":\"https:\\\/\\\/medicinasinc.com\\\/hr\\\/product\\\/kupi-41-tinktura-30ml-okus-metvice-zelena-bozica\\\/#breadcrumb\",\"itemListElement\":[{\"@type\":\"ListItem\",\"position\":1,\"name\":\"Du\u0107an\",\"item\":\"https:\\\/\\\/medicinasinc.com\\\/hr\\\/ducan\\\/\"},{\"@type\":\"ListItem\",\"position\":2,\"name\":\"Kupite tinkturu 4:1 (30mL) Green Goddess s okusom metvice\"}]},{\"@type\":\"WebSite\",\"@id\":\"https:\\\/\\\/medicinasinc.com\\\/hr\\\/#website\",\"url\":\"https:\\\/\\\/medicinasinc.com\\\/hr\\\/\",\"name\":\"Medicinas Inc\",\"description\":\"Health Medical Clinic\",\"potentialAction\":[{\"@type\":\"SearchAction\",\"target\":{\"@type\":\"EntryPoint\",\"urlTemplate\":\"https:\\\/\\\/medicinasinc.com\\\/hr\\\/?s={search_term_string}\"},\"query-input\":{\"@type\":\"PropertyValueSpecification\",\"valueRequired\":true,\"valueName\":\"search_term_string\"}}],\"inLanguage\":\"hr\"}]}<\/script>\n<!-- \/ Yoast SEO plugin. -->","yoast_head_json":{"title":"Kupite tinkturu 4:1 (30 ml) Green Goddess s okusom metvice - najbolji svjetski lijekovi","description":"Kupite tinkturu 4:1 (30 ml) Green Goddess s okusom metvice za prodaju UK, Europa online SAD u najve\u0107em internetskom dispanzeru, Kupite My Weed Online.","robots":{"index":"index","follow":"follow","max-snippet":"max-snippet:-1","max-image-preview":"max-image-preview:large","max-video-preview":"max-video-preview:-1"},"canonical":"https:\/\/medicinasinc.com\/hr\/product\/kupi-41-tinktura-30ml-okus-metvice-zelena-bozica\/","og_locale":"hr_HR","og_type":"article","og_title":"Kupite tinkturu 4:1 (30 ml) Green Goddess s okusom metvice - najbolji svjetski lijekovi","og_description":"Kupite tinkturu 4:1 (30 ml) Green Goddess s okusom metvice za prodaju UK, Europa online SAD u najve\u0107em internetskom dispanzeru, Kupite My Weed Online.","og_url":"https:\/\/medicinasinc.com\/hr\/product\/kupi-41-tinktura-30ml-okus-metvice-zelena-bozica\/","og_site_name":"Medicinas Inc","article_modified_time":"2022-03-15T06:16:46+00:00","og_image":[{"width":483,"height":483,"url":"https:\/\/medicinasinc.com\/hr\/wp-content\/uploads\/sites\/3\/2022\/02\/Spearmint-Flavour-Green-Goddess.jpg","type":"image\/jpeg"}],"twitter_card":"summary_large_image","twitter_misc":{"Procijenjeno vrijeme \u010ditanja":"1 minuta"},"schema":{"@context":"https:\/\/schema.org","@graph":[{"@type":"WebPage","@id":"https:\/\/medicinasinc.com\/hr\/product\/kupi-41-tinktura-30ml-okus-metvice-zelena-bozica\/","url":"https:\/\/medicinasinc.com\/hr\/product\/kupi-41-tinktura-30ml-okus-metvice-zelena-bozica\/","name":"Kupite tinkturu 4:1 (30 ml) Green Goddess s okusom metvice - najbolji svjetski lijekovi","isPartOf":{"@id":"https:\/\/medicinasinc.com\/hr\/#website"},"primaryImageOfPage":{"@id":"https:\/\/medicinasinc.com\/hr\/product\/kupi-41-tinktura-30ml-okus-metvice-zelena-bozica\/#primaryimage"},"image":{"@id":"https:\/\/medicinasinc.com\/hr\/product\/kupi-41-tinktura-30ml-okus-metvice-zelena-bozica\/#primaryimage"},"thumbnailUrl":"https:\/\/medicinasinc.com\/hr\/wp-content\/uploads\/sites\/3\/2022\/02\/Spearmint-Flavour-Green-Goddess.jpg","datePublished":"2022-02-20T08:28:43+00:00","dateModified":"2022-03-15T06:16:46+00:00","description":"Kupite tinkturu 4:1 (30 ml) Green Goddess s okusom metvice za prodaju UK, Europa online SAD u najve\u0107em internetskom dispanzeru, Kupite My Weed Online.","breadcrumb":{"@id":"https:\/\/medicinasinc.com\/hr\/product\/kupi-41-tinktura-30ml-okus-metvice-zelena-bozica\/#breadcrumb"},"inLanguage":"hr","potentialAction":[{"@type":"ReadAction","target":["https:\/\/medicinasinc.com\/hr\/product\/kupi-41-tinktura-30ml-okus-metvice-zelena-bozica\/"]}]},{"@type":"ImageObject","inLanguage":"hr","@id":"https:\/\/medicinasinc.com\/hr\/product\/kupi-41-tinktura-30ml-okus-metvice-zelena-bozica\/#primaryimage","url":"https:\/\/medicinasinc.com\/hr\/wp-content\/uploads\/sites\/3\/2022\/02\/Spearmint-Flavour-Green-Goddess.jpg","contentUrl":"https:\/\/medicinasinc.com\/hr\/wp-content\/uploads\/sites\/3\/2022\/02\/Spearmint-Flavour-Green-Goddess.jpg","width":483,"height":483},{"@type":"BreadcrumbList","@id":"https:\/\/medicinasinc.com\/hr\/product\/kupi-41-tinktura-30ml-okus-metvice-zelena-bozica\/#breadcrumb","itemListElement":[{"@type":"ListItem","position":1,"name":"Du\u0107an","item":"https:\/\/medicinasinc.com\/hr\/ducan\/"},{"@type":"ListItem","position":2,"name":"Kupite tinkturu 4:1 (30mL) Green Goddess s okusom metvice"}]},{"@type":"WebSite","@id":"https:\/\/medicinasinc.com\/hr\/#website","url":"https:\/\/medicinasinc.com\/hr\/","name":"Medicinas Inc","description":"Health Medical Clinic","potentialAction":[{"@type":"SearchAction","target":{"@type":"EntryPoint","urlTemplate":"https:\/\/medicinasinc.com\/hr\/?s={search_term_string}"},"query-input":{"@type":"PropertyValueSpecification","valueRequired":true,"valueName":"search_term_string"}}],"inLanguage":"hr"}]}},"_links":{"self":[{"href":"https:\/\/medicinasinc.com\/hr\/wp-json\/wp\/v2\/product\/4348","targetHints":{"allow":["GET"]}}],"collection":[{"href":"https:\/\/medicinasinc.com\/hr\/wp-json\/wp\/v2\/product"}],"about":[{"href":"https:\/\/medicinasinc.com\/hr\/wp-json\/wp\/v2\/types\/product"}],"replies":[{"embeddable":true,"href":"https:\/\/medicinasinc.com\/hr\/wp-json\/wp\/v2\/comments?post=4348"}],"wp:featuredmedia":[{"embeddable":true,"href":"https:\/\/medicinasinc.com\/hr\/wp-json\/wp\/v2\/media\/4383"}],"wp:attachment":[{"href":"https:\/\/medicinasinc.com\/hr\/wp-json\/wp\/v2\/media?parent=4348"}],"wp:term":[{"taxonomy":"product_brand","embeddable":true,"href":"https:\/\/medicinasinc.com\/hr\/wp-json\/wp\/v2\/product_brand?post=4348"},{"taxonomy":"product_cat","embeddable":true,"href":"https:\/\/medicinasinc.com\/hr\/wp-json\/wp\/v2\/product_cat?post=4348"},{"taxonomy":"product_tag","embeddable":true,"href":"https:\/\/medicinasinc.com\/hr\/wp-json\/wp\/v2\/product_tag?post=4348"}],"curies":[{"name":"wp","href":"https:\/\/api.w.org\/{rel}","templated":true}]}}