{"id":4338,"date":"2022-02-20T08:27:22","date_gmt":"2022-02-20T08:27:22","guid":{"rendered":"https:\/\/medicinasinc.com\/hr\/?post_type=product&#038;p=4338"},"modified":"2022-03-15T06:17:04","modified_gmt":"2022-03-15T06:17:04","slug":"kupiti-250mg-thc-magla-sprej-10ml-lakoca","status":"publish","type":"product","link":"https:\/\/medicinasinc.com\/hr\/product\/kupiti-250mg-thc-magla-sprej-10ml-lakoca\/","title":{"rendered":"Kupite 250mg THC Mist sprej 10ml \u2013 Lako\u0107a"},"content":{"rendered":"<p>Kupite 10ml 250mg THC sprej za maglu \u2013 jednostavnost<\/p>\n<p>S na\u0161im ukusnim sprejom za dah natopljen kanabisom, Ease sublingvalni sprej podi\u017ee tradicionalni koncept tinkture na potpuno novu razinu. Ease Spray omogu\u0107uje doziranje prema potrebi, bez obzira na mjesto, bez straha od stigme koja se tradicionalno povezuje s ve\u0107inom proizvoda od kanabisa. Ease Spray sadr\u017ei nevjerojatnih 5 mg lijeka po spreju, \u0161to vam omogu\u0107uje da precizno lijekirate do razine koja zadovoljava va\u0161e potrebe. Ease sprejevi ne sadr\u017ee alkohol, otapala ili petrokemikalije u svojoj potpuno prirodnoj formuli ekstrakta kokosa, terpena i ekstrakata kanabisa.<\/p>\n<p>Ovaj proizvod pojednostavljuje uzimanje lijekova u pokretu! S potpuno novim Ease Shake n Spray Extra Strength!<\/p>\n<p>DOZIRANJE ZA PODJEZI\u010cNE BO\u010cICE S PRJOM<\/p>\n<p>250 \u200b\u200bmg THC-a u staklenoj boci od 10 ml<\/p>\n<p>Svaka boca sadr\u017ei 50 -60 prskanja.<\/p>\n","protected":false},"excerpt":{"rendered":"<p>Kupite 250mg THC Mist sprej UK 10ml za prodaju u Europi online. Ease Spray daje vam slobodu doziranja po potrebi gdje god se nalazite, bez brige o tradicionalnoj stigmi<\/p>\n<ul>\n<li>Dostava diljem svijeta<\/li>\n<li>EXTRA STRENGTH THC MIST SPRAY<\/li>\n<li>10 ml staklena boca 250 mg THC-a<\/li>\n<li>Minimalna koli\u010dina narud\u017ebe je 5<\/li>\n<li><strong>Kontaktirajte nas<\/strong>\u00a0za ve\u0107e narud\u017ebe<\/li>\n<\/ul>\n","protected":false},"featured_media":4371,"comment_status":"open","ping_status":"closed","template":"","meta":[],"product_brand":[],"product_cat":[440],"product_tag":[],"class_list":{"0":"post-4338","1":"product","2":"type-product","3":"status-publish","4":"has-post-thumbnail","6":"product_cat-kupi-kanabis-cbd-ulje","8":"first","9":"instock","10":"shipping-taxable","11":"purchasable","12":"product-type-variable","13":"has-default-attributes"},"yoast_head":"<!-- This site is optimized with the Yoast SEO plugin v27.3 - https:\/\/yoast.com\/product\/yoast-seo-wordpress\/ -->\n<title>Kupite 250 mg THC magle u spreju 10 ml \u2013 Ease \u2013 Najbolji globalni lijekovi<\/title>\n<meta name=\"description\" content=\"Kupite 250mg THC Mist sprej UK 10ml za prodaju u Europi online. Ease Spray daje vam slobodu doziranja po potrebi gdje god se nalazite, bez brige o tradicionalnoj stigmi\" \/>\n<meta name=\"robots\" content=\"index, follow, max-snippet:-1, max-image-preview:large, max-video-preview:-1\" \/>\n<link rel=\"canonical\" href=\"https:\/\/medicinasinc.com\/hr\/product\/kupiti-250mg-thc-magla-sprej-10ml-lakoca\/\" \/>\n<meta property=\"og:locale\" content=\"hr_HR\" \/>\n<meta property=\"og:type\" content=\"article\" \/>\n<meta property=\"og:title\" content=\"Kupite 250 mg THC magle u spreju 10 ml \u2013 Ease \u2013 Najbolji globalni lijekovi\" \/>\n<meta property=\"og:description\" content=\"Kupite 250mg THC Mist sprej UK 10ml za prodaju u Europi online. Ease Spray daje vam slobodu doziranja po potrebi gdje god se nalazite, bez brige o tradicionalnoj stigmi\" \/>\n<meta property=\"og:url\" content=\"https:\/\/medicinasinc.com\/hr\/product\/kupiti-250mg-thc-magla-sprej-10ml-lakoca\/\" \/>\n<meta property=\"og:site_name\" content=\"Medicinas Inc\" \/>\n<meta property=\"article:modified_time\" content=\"2022-03-15T06:17:04+00:00\" \/>\n<meta property=\"og:image\" content=\"https:\/\/medicinasinc.com\/hr\/wp-content\/uploads\/sites\/3\/2022\/02\/Buy-250mg-THC-Mist-Spray-10ml.jpg\" \/>\n\t<meta property=\"og:image:width\" content=\"1500\" \/>\n\t<meta property=\"og:image:height\" content=\"1500\" \/>\n\t<meta property=\"og:image:type\" content=\"image\/jpeg\" \/>\n<meta name=\"twitter:card\" content=\"summary_large_image\" \/>\n<meta name=\"twitter:label1\" content=\"Procijenjeno vrijeme \u010ditanja\" \/>\n\t<meta name=\"twitter:data1\" content=\"1 minuta\" \/>\n<script type=\"application\/ld+json\" class=\"yoast-schema-graph\">{\"@context\":\"https:\\\/\\\/schema.org\",\"@graph\":[{\"@type\":\"WebPage\",\"@id\":\"https:\\\/\\\/medicinasinc.com\\\/hr\\\/product\\\/kupiti-250mg-thc-magla-sprej-10ml-lakoca\\\/\",\"url\":\"https:\\\/\\\/medicinasinc.com\\\/hr\\\/product\\\/kupiti-250mg-thc-magla-sprej-10ml-lakoca\\\/\",\"name\":\"Kupite 250 mg THC magle u spreju 10 ml \u2013 Ease \u2013 Najbolji globalni lijekovi\",\"isPartOf\":{\"@id\":\"https:\\\/\\\/medicinasinc.com\\\/hr\\\/#website\"},\"primaryImageOfPage\":{\"@id\":\"https:\\\/\\\/medicinasinc.com\\\/hr\\\/product\\\/kupiti-250mg-thc-magla-sprej-10ml-lakoca\\\/#primaryimage\"},\"image\":{\"@id\":\"https:\\\/\\\/medicinasinc.com\\\/hr\\\/product\\\/kupiti-250mg-thc-magla-sprej-10ml-lakoca\\\/#primaryimage\"},\"thumbnailUrl\":\"https:\\\/\\\/medicinasinc.com\\\/hr\\\/wp-content\\\/uploads\\\/sites\\\/3\\\/2022\\\/02\\\/Buy-250mg-THC-Mist-Spray-10ml.jpg\",\"datePublished\":\"2022-02-20T08:27:22+00:00\",\"dateModified\":\"2022-03-15T06:17:04+00:00\",\"description\":\"Kupite 250mg THC Mist sprej UK 10ml za prodaju u Europi online. Ease Spray daje vam slobodu doziranja po potrebi gdje god se nalazite, bez brige o tradicionalnoj stigmi\",\"breadcrumb\":{\"@id\":\"https:\\\/\\\/medicinasinc.com\\\/hr\\\/product\\\/kupiti-250mg-thc-magla-sprej-10ml-lakoca\\\/#breadcrumb\"},\"inLanguage\":\"hr\",\"potentialAction\":[{\"@type\":\"ReadAction\",\"target\":[\"https:\\\/\\\/medicinasinc.com\\\/hr\\\/product\\\/kupiti-250mg-thc-magla-sprej-10ml-lakoca\\\/\"]}]},{\"@type\":\"ImageObject\",\"inLanguage\":\"hr\",\"@id\":\"https:\\\/\\\/medicinasinc.com\\\/hr\\\/product\\\/kupiti-250mg-thc-magla-sprej-10ml-lakoca\\\/#primaryimage\",\"url\":\"https:\\\/\\\/medicinasinc.com\\\/hr\\\/wp-content\\\/uploads\\\/sites\\\/3\\\/2022\\\/02\\\/Buy-250mg-THC-Mist-Spray-10ml.jpg\",\"contentUrl\":\"https:\\\/\\\/medicinasinc.com\\\/hr\\\/wp-content\\\/uploads\\\/sites\\\/3\\\/2022\\\/02\\\/Buy-250mg-THC-Mist-Spray-10ml.jpg\",\"width\":1500,\"height\":1500},{\"@type\":\"BreadcrumbList\",\"@id\":\"https:\\\/\\\/medicinasinc.com\\\/hr\\\/product\\\/kupiti-250mg-thc-magla-sprej-10ml-lakoca\\\/#breadcrumb\",\"itemListElement\":[{\"@type\":\"ListItem\",\"position\":1,\"name\":\"Du\u0107an\",\"item\":\"https:\\\/\\\/medicinasinc.com\\\/hr\\\/ducan\\\/\"},{\"@type\":\"ListItem\",\"position\":2,\"name\":\"Kupite 250mg THC Mist sprej 10ml \u2013 Lako\u0107a\"}]},{\"@type\":\"WebSite\",\"@id\":\"https:\\\/\\\/medicinasinc.com\\\/hr\\\/#website\",\"url\":\"https:\\\/\\\/medicinasinc.com\\\/hr\\\/\",\"name\":\"Medicinas Inc\",\"description\":\"Health Medical Clinic\",\"potentialAction\":[{\"@type\":\"SearchAction\",\"target\":{\"@type\":\"EntryPoint\",\"urlTemplate\":\"https:\\\/\\\/medicinasinc.com\\\/hr\\\/?s={search_term_string}\"},\"query-input\":{\"@type\":\"PropertyValueSpecification\",\"valueRequired\":true,\"valueName\":\"search_term_string\"}}],\"inLanguage\":\"hr\"}]}<\/script>\n<!-- \/ Yoast SEO plugin. -->","yoast_head_json":{"title":"Kupite 250 mg THC magle u spreju 10 ml \u2013 Ease \u2013 Najbolji globalni lijekovi","description":"Kupite 250mg THC Mist sprej UK 10ml za prodaju u Europi online. Ease Spray daje vam slobodu doziranja po potrebi gdje god se nalazite, bez brige o tradicionalnoj stigmi","robots":{"index":"index","follow":"follow","max-snippet":"max-snippet:-1","max-image-preview":"max-image-preview:large","max-video-preview":"max-video-preview:-1"},"canonical":"https:\/\/medicinasinc.com\/hr\/product\/kupiti-250mg-thc-magla-sprej-10ml-lakoca\/","og_locale":"hr_HR","og_type":"article","og_title":"Kupite 250 mg THC magle u spreju 10 ml \u2013 Ease \u2013 Najbolji globalni lijekovi","og_description":"Kupite 250mg THC Mist sprej UK 10ml za prodaju u Europi online. Ease Spray daje vam slobodu doziranja po potrebi gdje god se nalazite, bez brige o tradicionalnoj stigmi","og_url":"https:\/\/medicinasinc.com\/hr\/product\/kupiti-250mg-thc-magla-sprej-10ml-lakoca\/","og_site_name":"Medicinas Inc","article_modified_time":"2022-03-15T06:17:04+00:00","og_image":[{"width":1500,"height":1500,"url":"https:\/\/medicinasinc.com\/hr\/wp-content\/uploads\/sites\/3\/2022\/02\/Buy-250mg-THC-Mist-Spray-10ml.jpg","type":"image\/jpeg"}],"twitter_card":"summary_large_image","twitter_misc":{"Procijenjeno vrijeme \u010ditanja":"1 minuta"},"schema":{"@context":"https:\/\/schema.org","@graph":[{"@type":"WebPage","@id":"https:\/\/medicinasinc.com\/hr\/product\/kupiti-250mg-thc-magla-sprej-10ml-lakoca\/","url":"https:\/\/medicinasinc.com\/hr\/product\/kupiti-250mg-thc-magla-sprej-10ml-lakoca\/","name":"Kupite 250 mg THC magle u spreju 10 ml \u2013 Ease \u2013 Najbolji globalni lijekovi","isPartOf":{"@id":"https:\/\/medicinasinc.com\/hr\/#website"},"primaryImageOfPage":{"@id":"https:\/\/medicinasinc.com\/hr\/product\/kupiti-250mg-thc-magla-sprej-10ml-lakoca\/#primaryimage"},"image":{"@id":"https:\/\/medicinasinc.com\/hr\/product\/kupiti-250mg-thc-magla-sprej-10ml-lakoca\/#primaryimage"},"thumbnailUrl":"https:\/\/medicinasinc.com\/hr\/wp-content\/uploads\/sites\/3\/2022\/02\/Buy-250mg-THC-Mist-Spray-10ml.jpg","datePublished":"2022-02-20T08:27:22+00:00","dateModified":"2022-03-15T06:17:04+00:00","description":"Kupite 250mg THC Mist sprej UK 10ml za prodaju u Europi online. Ease Spray daje vam slobodu doziranja po potrebi gdje god se nalazite, bez brige o tradicionalnoj stigmi","breadcrumb":{"@id":"https:\/\/medicinasinc.com\/hr\/product\/kupiti-250mg-thc-magla-sprej-10ml-lakoca\/#breadcrumb"},"inLanguage":"hr","potentialAction":[{"@type":"ReadAction","target":["https:\/\/medicinasinc.com\/hr\/product\/kupiti-250mg-thc-magla-sprej-10ml-lakoca\/"]}]},{"@type":"ImageObject","inLanguage":"hr","@id":"https:\/\/medicinasinc.com\/hr\/product\/kupiti-250mg-thc-magla-sprej-10ml-lakoca\/#primaryimage","url":"https:\/\/medicinasinc.com\/hr\/wp-content\/uploads\/sites\/3\/2022\/02\/Buy-250mg-THC-Mist-Spray-10ml.jpg","contentUrl":"https:\/\/medicinasinc.com\/hr\/wp-content\/uploads\/sites\/3\/2022\/02\/Buy-250mg-THC-Mist-Spray-10ml.jpg","width":1500,"height":1500},{"@type":"BreadcrumbList","@id":"https:\/\/medicinasinc.com\/hr\/product\/kupiti-250mg-thc-magla-sprej-10ml-lakoca\/#breadcrumb","itemListElement":[{"@type":"ListItem","position":1,"name":"Du\u0107an","item":"https:\/\/medicinasinc.com\/hr\/ducan\/"},{"@type":"ListItem","position":2,"name":"Kupite 250mg THC Mist sprej 10ml \u2013 Lako\u0107a"}]},{"@type":"WebSite","@id":"https:\/\/medicinasinc.com\/hr\/#website","url":"https:\/\/medicinasinc.com\/hr\/","name":"Medicinas Inc","description":"Health Medical Clinic","potentialAction":[{"@type":"SearchAction","target":{"@type":"EntryPoint","urlTemplate":"https:\/\/medicinasinc.com\/hr\/?s={search_term_string}"},"query-input":{"@type":"PropertyValueSpecification","valueRequired":true,"valueName":"search_term_string"}}],"inLanguage":"hr"}]}},"_links":{"self":[{"href":"https:\/\/medicinasinc.com\/hr\/wp-json\/wp\/v2\/product\/4338","targetHints":{"allow":["GET"]}}],"collection":[{"href":"https:\/\/medicinasinc.com\/hr\/wp-json\/wp\/v2\/product"}],"about":[{"href":"https:\/\/medicinasinc.com\/hr\/wp-json\/wp\/v2\/types\/product"}],"replies":[{"embeddable":true,"href":"https:\/\/medicinasinc.com\/hr\/wp-json\/wp\/v2\/comments?post=4338"}],"wp:featuredmedia":[{"embeddable":true,"href":"https:\/\/medicinasinc.com\/hr\/wp-json\/wp\/v2\/media\/4371"}],"wp:attachment":[{"href":"https:\/\/medicinasinc.com\/hr\/wp-json\/wp\/v2\/media?parent=4338"}],"wp:term":[{"taxonomy":"product_brand","embeddable":true,"href":"https:\/\/medicinasinc.com\/hr\/wp-json\/wp\/v2\/product_brand?post=4338"},{"taxonomy":"product_cat","embeddable":true,"href":"https:\/\/medicinasinc.com\/hr\/wp-json\/wp\/v2\/product_cat?post=4338"},{"taxonomy":"product_tag","embeddable":true,"href":"https:\/\/medicinasinc.com\/hr\/wp-json\/wp\/v2\/product_tag?post=4338"}],"curies":[{"name":"wp","href":"https:\/\/api.w.org\/{rel}","templated":true}]}}