{"id":4327,"date":"2022-02-20T08:26:03","date_gmt":"2022-02-20T08:26:03","guid":{"rendered":"https:\/\/medicinasinc.com\/hr\/?post_type=product&#038;p=4327"},"modified":"2022-03-15T06:19:46","modified_gmt":"2022-03-15T06:19:46","slug":"destilat-tinktura-1000mg-thc-zelena-bozica","status":"publish","type":"product","link":"https:\/\/medicinasinc.com\/hr\/product\/destilat-tinktura-1000mg-thc-zelena-bozica\/","title":{"rendered":"Tinktura destilata &#8211; 1000mg THC &#8211; Zelena bo\u017eica"},"content":{"rendered":"<p>Green Goddess \u2013 1000mg THC tinkture<\/p>\n<p>Kapi Green Goddess Tincture imaju nekoliko prednosti u odnosu na druge metode primjene medicinskih kanabinoida: staklenka od 30 ml s jednostavnom aplikacijom kapljica omogu\u0107uje precizno i \u200b\u200bpouzdano sublingvalno doziranje. Oralna sluznica olak\u0161ava brzu i dosljednu apsorpciju u krvotok. Probavni sustav i jetra nisu uklju\u010deni u obradu ovih tinktura, kao \u0161to su to s oralno unesenim kanabinoidima koji se nalaze u jestivim namirnicama. Diskretno i idealno za nepu\u0161a\u010de koji tra\u017ee blagodati THC-a, ali im nedostaje respiratorni kapacitet potreban za pu\u0161enje.<\/p>\n<p>Proizvedeno pomo\u0107u ekstrakta cijele biljke kanabisa. Dodali smo potpuno prirodno ulje C8+C10, 100-postotni organski izvor sna\u017enih srednjelan\u010danih masnih kiselina iz kokosa koje poma\u017eu tijelu i umu da rade najbolje. Dodana je prirodna aroma.<\/p>\n<p>Sastojci:<\/p>\n<p>MCT ulje pro\u017eeto ekstraktom cijele biljke kanabisa (THC)<\/p>\n<p>Prijedlozi za upotrebu<\/p>\n<p>1 -2 kapaljke svaka tri do \u010detiri sata, kapnite pod jezik i dr\u017eite 30 sekundi za maksimalno olak\u0161anje. Posavjetujte se sa svojim lije\u010dnikom kako biste odredili odgovaraju\u0107u dozu. Ne preporu\u010duje se uzimanje na prazan \u017eeludac.<\/p>\n","protected":false},"excerpt":{"rendered":"<p>Na\u0161 vrhunski CBD destilat 1000 mg THC tinkture ulje konoplje sadr\u017ei 1000 mg CBD-a ekstrahiranog iz organske konoplje uzgojene u Koloradu. Uzmite ovu tinkturu svakodnevno za wellness potaknut biljkama!<\/p>\n<ul>\n<li>Dostava po cijelom svijetu<\/li>\n<li>1000 mg THC-a po 30 ml<\/li>\n<li>Minimalna koli\u010dina za narud\u017ebu je 5<\/li>\n<li>Kontaktirajte nas za ve\u0107e narud\u017ebe<\/li>\n<\/ul>\n","protected":false},"featured_media":4357,"comment_status":"open","ping_status":"closed","template":"","meta":[],"product_brand":[],"product_cat":[440],"product_tag":[],"class_list":{"0":"post-4327","1":"product","2":"type-product","3":"status-publish","4":"has-post-thumbnail","6":"product_cat-kupi-kanabis-cbd-ulje","8":"first","9":"instock","10":"shipping-taxable","11":"purchasable","12":"product-type-variable","13":"has-default-attributes"},"yoast_head":"<!-- This site is optimized with the Yoast SEO plugin v27.3 - https:\/\/yoast.com\/product\/yoast-seo-wordpress\/ -->\n<title>Destilat 1000 mg THC tinkture \u2013 Zelena bo\u017eica \u2013 najbolji svjetski lijekovi<\/title>\n<meta name=\"description\" content=\"Na\u0161 vrhunski CBD destilat 1000 mg THC tinkture ulje konoplje ima 1000 mg CBD-a ekstrahiranog iz organske konoplje uzgojene u Coloradu. Uzmite ovu tinkturu svakodnevno za wellness potaknut biljkama!\" \/>\n<meta name=\"robots\" content=\"index, follow, max-snippet:-1, max-image-preview:large, max-video-preview:-1\" \/>\n<link rel=\"canonical\" href=\"https:\/\/medicinasinc.com\/hr\/product\/destilat-tinktura-1000mg-thc-zelena-bozica\/\" \/>\n<meta property=\"og:locale\" content=\"hr_HR\" \/>\n<meta property=\"og:type\" content=\"article\" \/>\n<meta property=\"og:title\" content=\"Destilat 1000 mg THC tinkture \u2013 Zelena bo\u017eica \u2013 najbolji svjetski lijekovi\" \/>\n<meta property=\"og:description\" content=\"Na\u0161 vrhunski CBD destilat 1000 mg THC tinkture ulje konoplje ima 1000 mg CBD-a ekstrahiranog iz organske konoplje uzgojene u Coloradu. Uzmite ovu tinkturu svakodnevno za wellness potaknut biljkama!\" \/>\n<meta property=\"og:url\" content=\"https:\/\/medicinasinc.com\/hr\/product\/destilat-tinktura-1000mg-thc-zelena-bozica\/\" \/>\n<meta property=\"og:site_name\" content=\"Medicinas Inc\" \/>\n<meta property=\"article:modified_time\" content=\"2022-03-15T06:19:46+00:00\" \/>\n<meta property=\"og:image\" content=\"https:\/\/medicinasinc.com\/hr\/wp-content\/uploads\/sites\/3\/2022\/02\/1000mg-THC-Tincture.jpg\" \/>\n\t<meta property=\"og:image:width\" content=\"600\" \/>\n\t<meta property=\"og:image:height\" content=\"600\" \/>\n\t<meta property=\"og:image:type\" content=\"image\/jpeg\" \/>\n<meta name=\"twitter:card\" content=\"summary_large_image\" \/>\n<meta name=\"twitter:label1\" content=\"Procijenjeno vrijeme \u010ditanja\" \/>\n\t<meta name=\"twitter:data1\" content=\"1 minuta\" \/>\n<script type=\"application\/ld+json\" class=\"yoast-schema-graph\">{\"@context\":\"https:\\\/\\\/schema.org\",\"@graph\":[{\"@type\":\"WebPage\",\"@id\":\"https:\\\/\\\/medicinasinc.com\\\/hr\\\/product\\\/destilat-tinktura-1000mg-thc-zelena-bozica\\\/\",\"url\":\"https:\\\/\\\/medicinasinc.com\\\/hr\\\/product\\\/destilat-tinktura-1000mg-thc-zelena-bozica\\\/\",\"name\":\"Destilat 1000 mg THC tinkture \u2013 Zelena bo\u017eica \u2013 najbolji svjetski lijekovi\",\"isPartOf\":{\"@id\":\"https:\\\/\\\/medicinasinc.com\\\/hr\\\/#website\"},\"primaryImageOfPage\":{\"@id\":\"https:\\\/\\\/medicinasinc.com\\\/hr\\\/product\\\/destilat-tinktura-1000mg-thc-zelena-bozica\\\/#primaryimage\"},\"image\":{\"@id\":\"https:\\\/\\\/medicinasinc.com\\\/hr\\\/product\\\/destilat-tinktura-1000mg-thc-zelena-bozica\\\/#primaryimage\"},\"thumbnailUrl\":\"https:\\\/\\\/medicinasinc.com\\\/hr\\\/wp-content\\\/uploads\\\/sites\\\/3\\\/2022\\\/02\\\/1000mg-THC-Tincture.jpg\",\"datePublished\":\"2022-02-20T08:26:03+00:00\",\"dateModified\":\"2022-03-15T06:19:46+00:00\",\"description\":\"Na\u0161 vrhunski CBD destilat 1000 mg THC tinkture ulje konoplje ima 1000 mg CBD-a ekstrahiranog iz organske konoplje uzgojene u Coloradu. Uzmite ovu tinkturu svakodnevno za wellness potaknut biljkama!\",\"breadcrumb\":{\"@id\":\"https:\\\/\\\/medicinasinc.com\\\/hr\\\/product\\\/destilat-tinktura-1000mg-thc-zelena-bozica\\\/#breadcrumb\"},\"inLanguage\":\"hr\",\"potentialAction\":[{\"@type\":\"ReadAction\",\"target\":[\"https:\\\/\\\/medicinasinc.com\\\/hr\\\/product\\\/destilat-tinktura-1000mg-thc-zelena-bozica\\\/\"]}]},{\"@type\":\"ImageObject\",\"inLanguage\":\"hr\",\"@id\":\"https:\\\/\\\/medicinasinc.com\\\/hr\\\/product\\\/destilat-tinktura-1000mg-thc-zelena-bozica\\\/#primaryimage\",\"url\":\"https:\\\/\\\/medicinasinc.com\\\/hr\\\/wp-content\\\/uploads\\\/sites\\\/3\\\/2022\\\/02\\\/1000mg-THC-Tincture.jpg\",\"contentUrl\":\"https:\\\/\\\/medicinasinc.com\\\/hr\\\/wp-content\\\/uploads\\\/sites\\\/3\\\/2022\\\/02\\\/1000mg-THC-Tincture.jpg\",\"width\":600,\"height\":600},{\"@type\":\"BreadcrumbList\",\"@id\":\"https:\\\/\\\/medicinasinc.com\\\/hr\\\/product\\\/destilat-tinktura-1000mg-thc-zelena-bozica\\\/#breadcrumb\",\"itemListElement\":[{\"@type\":\"ListItem\",\"position\":1,\"name\":\"Du\u0107an\",\"item\":\"https:\\\/\\\/medicinasinc.com\\\/hr\\\/ducan\\\/\"},{\"@type\":\"ListItem\",\"position\":2,\"name\":\"Tinktura destilata &#8211; 1000mg THC &#8211; Zelena bo\u017eica\"}]},{\"@type\":\"WebSite\",\"@id\":\"https:\\\/\\\/medicinasinc.com\\\/hr\\\/#website\",\"url\":\"https:\\\/\\\/medicinasinc.com\\\/hr\\\/\",\"name\":\"Medicinas Inc\",\"description\":\"Health Medical Clinic\",\"potentialAction\":[{\"@type\":\"SearchAction\",\"target\":{\"@type\":\"EntryPoint\",\"urlTemplate\":\"https:\\\/\\\/medicinasinc.com\\\/hr\\\/?s={search_term_string}\"},\"query-input\":{\"@type\":\"PropertyValueSpecification\",\"valueRequired\":true,\"valueName\":\"search_term_string\"}}],\"inLanguage\":\"hr\"}]}<\/script>\n<!-- \/ Yoast SEO plugin. -->","yoast_head_json":{"title":"Destilat 1000 mg THC tinkture \u2013 Zelena bo\u017eica \u2013 najbolji svjetski lijekovi","description":"Na\u0161 vrhunski CBD destilat 1000 mg THC tinkture ulje konoplje ima 1000 mg CBD-a ekstrahiranog iz organske konoplje uzgojene u Coloradu. Uzmite ovu tinkturu svakodnevno za wellness potaknut biljkama!","robots":{"index":"index","follow":"follow","max-snippet":"max-snippet:-1","max-image-preview":"max-image-preview:large","max-video-preview":"max-video-preview:-1"},"canonical":"https:\/\/medicinasinc.com\/hr\/product\/destilat-tinktura-1000mg-thc-zelena-bozica\/","og_locale":"hr_HR","og_type":"article","og_title":"Destilat 1000 mg THC tinkture \u2013 Zelena bo\u017eica \u2013 najbolji svjetski lijekovi","og_description":"Na\u0161 vrhunski CBD destilat 1000 mg THC tinkture ulje konoplje ima 1000 mg CBD-a ekstrahiranog iz organske konoplje uzgojene u Coloradu. Uzmite ovu tinkturu svakodnevno za wellness potaknut biljkama!","og_url":"https:\/\/medicinasinc.com\/hr\/product\/destilat-tinktura-1000mg-thc-zelena-bozica\/","og_site_name":"Medicinas Inc","article_modified_time":"2022-03-15T06:19:46+00:00","og_image":[{"width":600,"height":600,"url":"https:\/\/medicinasinc.com\/hr\/wp-content\/uploads\/sites\/3\/2022\/02\/1000mg-THC-Tincture.jpg","type":"image\/jpeg"}],"twitter_card":"summary_large_image","twitter_misc":{"Procijenjeno vrijeme \u010ditanja":"1 minuta"},"schema":{"@context":"https:\/\/schema.org","@graph":[{"@type":"WebPage","@id":"https:\/\/medicinasinc.com\/hr\/product\/destilat-tinktura-1000mg-thc-zelena-bozica\/","url":"https:\/\/medicinasinc.com\/hr\/product\/destilat-tinktura-1000mg-thc-zelena-bozica\/","name":"Destilat 1000 mg THC tinkture \u2013 Zelena bo\u017eica \u2013 najbolji svjetski lijekovi","isPartOf":{"@id":"https:\/\/medicinasinc.com\/hr\/#website"},"primaryImageOfPage":{"@id":"https:\/\/medicinasinc.com\/hr\/product\/destilat-tinktura-1000mg-thc-zelena-bozica\/#primaryimage"},"image":{"@id":"https:\/\/medicinasinc.com\/hr\/product\/destilat-tinktura-1000mg-thc-zelena-bozica\/#primaryimage"},"thumbnailUrl":"https:\/\/medicinasinc.com\/hr\/wp-content\/uploads\/sites\/3\/2022\/02\/1000mg-THC-Tincture.jpg","datePublished":"2022-02-20T08:26:03+00:00","dateModified":"2022-03-15T06:19:46+00:00","description":"Na\u0161 vrhunski CBD destilat 1000 mg THC tinkture ulje konoplje ima 1000 mg CBD-a ekstrahiranog iz organske konoplje uzgojene u Coloradu. Uzmite ovu tinkturu svakodnevno za wellness potaknut biljkama!","breadcrumb":{"@id":"https:\/\/medicinasinc.com\/hr\/product\/destilat-tinktura-1000mg-thc-zelena-bozica\/#breadcrumb"},"inLanguage":"hr","potentialAction":[{"@type":"ReadAction","target":["https:\/\/medicinasinc.com\/hr\/product\/destilat-tinktura-1000mg-thc-zelena-bozica\/"]}]},{"@type":"ImageObject","inLanguage":"hr","@id":"https:\/\/medicinasinc.com\/hr\/product\/destilat-tinktura-1000mg-thc-zelena-bozica\/#primaryimage","url":"https:\/\/medicinasinc.com\/hr\/wp-content\/uploads\/sites\/3\/2022\/02\/1000mg-THC-Tincture.jpg","contentUrl":"https:\/\/medicinasinc.com\/hr\/wp-content\/uploads\/sites\/3\/2022\/02\/1000mg-THC-Tincture.jpg","width":600,"height":600},{"@type":"BreadcrumbList","@id":"https:\/\/medicinasinc.com\/hr\/product\/destilat-tinktura-1000mg-thc-zelena-bozica\/#breadcrumb","itemListElement":[{"@type":"ListItem","position":1,"name":"Du\u0107an","item":"https:\/\/medicinasinc.com\/hr\/ducan\/"},{"@type":"ListItem","position":2,"name":"Tinktura destilata &#8211; 1000mg THC &#8211; Zelena bo\u017eica"}]},{"@type":"WebSite","@id":"https:\/\/medicinasinc.com\/hr\/#website","url":"https:\/\/medicinasinc.com\/hr\/","name":"Medicinas Inc","description":"Health Medical Clinic","potentialAction":[{"@type":"SearchAction","target":{"@type":"EntryPoint","urlTemplate":"https:\/\/medicinasinc.com\/hr\/?s={search_term_string}"},"query-input":{"@type":"PropertyValueSpecification","valueRequired":true,"valueName":"search_term_string"}}],"inLanguage":"hr"}]}},"_links":{"self":[{"href":"https:\/\/medicinasinc.com\/hr\/wp-json\/wp\/v2\/product\/4327","targetHints":{"allow":["GET"]}}],"collection":[{"href":"https:\/\/medicinasinc.com\/hr\/wp-json\/wp\/v2\/product"}],"about":[{"href":"https:\/\/medicinasinc.com\/hr\/wp-json\/wp\/v2\/types\/product"}],"replies":[{"embeddable":true,"href":"https:\/\/medicinasinc.com\/hr\/wp-json\/wp\/v2\/comments?post=4327"}],"wp:featuredmedia":[{"embeddable":true,"href":"https:\/\/medicinasinc.com\/hr\/wp-json\/wp\/v2\/media\/4357"}],"wp:attachment":[{"href":"https:\/\/medicinasinc.com\/hr\/wp-json\/wp\/v2\/media?parent=4327"}],"wp:term":[{"taxonomy":"product_brand","embeddable":true,"href":"https:\/\/medicinasinc.com\/hr\/wp-json\/wp\/v2\/product_brand?post=4327"},{"taxonomy":"product_cat","embeddable":true,"href":"https:\/\/medicinasinc.com\/hr\/wp-json\/wp\/v2\/product_cat?post=4327"},{"taxonomy":"product_tag","embeddable":true,"href":"https:\/\/medicinasinc.com\/hr\/wp-json\/wp\/v2\/product_tag?post=4327"}],"curies":[{"name":"wp","href":"https:\/\/api.w.org\/{rel}","templated":true}]}}