{"id":3,"date":"2022-02-19T02:31:18","date_gmt":"2022-02-19T02:31:18","guid":{"rendered":"https:\/\/medicinasinc.com\/hr\/?page_id=3"},"modified":"2022-03-14T20:15:47","modified_gmt":"2022-03-14T20:15:47","slug":"politike","status":"publish","type":"page","link":"https:\/\/medicinasinc.com\/hr\/politike\/","title":{"rendered":"Privatnost i Uvjeti"},"content":{"rendered":"<p>[vc_section][vc_row][vc_column][vc_row_inner][vc_column_inner][vc_custom_heading text=&#8221;Na\u0161e politike&#8221; font_container=&#8221;tag:h1|text_align:left&#8221; use_theme_fonts=&#8221;yes&#8221;][vc_separator align=&#8221;align_left&#8221; border_width=&#8221;2&#8243; el_width=&#8221;10&#8243;][\/vc_column_inner][\/vc_row_inner][\/vc_column][\/vc_row][vc_row][vc_column][vc_row_inner][vc_column_inner][vc_empty_space][vc_custom_heading text=&#8221;Imam pitanje?&#8221; use_theme_fonts=&#8221;yes&#8221;][\/vc_column_inner][\/vc_row_inner][vc_row_inner][vc_column_inner][vc_column_text]U nastavku pogledajte naj\u010de\u0161\u0107e postavljana pitanja o lijekovima.<\/p>\n<p>Ako tra\u017eite pitanje, ali ga ne mo\u017eete prona\u0107i, slobodno <strong>kontaktirajte<\/strong> s nama.[\/vc_column_text][\/vc_column_inner][\/vc_row_inner][vc_row_inner][vc_column_inner][vc_btn title=&#8221;Javite se&#8221; link=&#8221;url:%2Fhr%2Fkontakt%2F&#8221;][\/vc_column_inner][\/vc_row_inner][\/vc_column][\/vc_row][\/vc_section][vc_section][vc_row][vc_column][vc_row_inner][vc_column_inner][vc_empty_space height=&#8221;75px&#8221;][\/vc_column_inner][\/vc_row_inner][vc_row_inner][vc_column_inner][vc_column_text]<\/p>\n<ul>\n<li><a href=\"#shipping\">Pravila dostave<\/a><\/li>\n<li><a href=\"#cancellation\">Pravila otkazivanja narud\u017ebe<\/a><\/li>\n<li><a href=\"#refund\">Pravila povrata<\/a><\/li>\n<li><a href=\"#privacy\">Pravila o privatnosti<\/a><\/li>\n<li><a href=\"#disclaimer\">Odricanje od odgovornosti<\/a><\/li>\n<\/ul>\n<p>[\/vc_column_text][\/vc_column_inner][\/vc_row_inner][\/vc_column][\/vc_row][\/vc_section][vc_section el_id=&#8221;shipping&#8221;][vc_row][vc_column][vc_row_inner][vc_column_inner][vc_empty_space height=&#8221;75px&#8221;][vc_custom_heading text=&#8221;Politika dostave&#8221; use_theme_fonts=&#8221;yes&#8221;][\/vc_column_inner][\/vc_row_inner][vc_row_inner][vc_column_inner][vc_column_text]Lijekovi koje nudimo proizvedeni su i isporu\u010deni iz Indije. Dug je put pa je za dostavu potrebno vrijeme. Obi\u010dno se po\u0161iljke isporu\u010duju u roku od 10-17 dana, ali u nekim slu\u010dajevima mo\u017ee do\u0107i do ka\u0161njenja jo\u0161 5 dana.<\/p>\n<p>U slu\u010daju neisporuke nakon isteka roka, molimo da nas kontaktirate kako bismo obavijestili o predmetu. Trudit \u0107emo se ponuditi Vam rje\u0161enje koje \u0107e u potpunosti zadovoljiti Va\u0161e interese. Kliknite <a href=\"\/faq#shipping\" rel=\"nofollow\">ovdje<\/a> da biste saznali vi\u0161e o dostavi.[\/vc_column_text][\/vc_column_inner][\/vc_row_inner][\/vc_column][\/vc_row][\/vc_section][vc_section el_id=&#8221;cancellation&#8221;][vc_row][vc_column][vc_row_inner][vc_column_inner][vc_empty_space height=&#8221;75px&#8221;][vc_custom_heading text=&#8221;Politika otkazivanja narud\u017ebe&#8221; use_theme_fonts=&#8221;yes&#8221;][\/vc_column_inner][\/vc_row_inner][vc_row_inner][vc_column_inner][vc_column_text]Napominjemo da otkazivanje narud\u017ebe prihva\u0107amo SAMO unutar 24 sata nakon slanja narud\u017ebe. Ako \u017eelite otkazati narud\u017ebu, morate kontaktirati na\u0161 tim za podr\u0161ku telefonom ili e-po\u0161tom ( <a href=\"\/contact\/\" rel=\"nofollow\">Kontaktirajte nas<\/a>) i obavijestiti ih o svojoj odluci . U slu\u010daju da nas kontaktirate nakon 24 sata, otkazivanje narud\u017ebe ne\u0107e biti obra\u0111eno.<\/p>\n<p>Provjerite jeste li unijeli valjanu adresu za dostavu u obrazac za narud\u017ebu, preporu\u010dujemo da jo\u0161 jednom provjerite napomene prije slanja narud\u017ebe. Svaka pogre\u0161ka mo\u017ee uzrokovati neisporuku naru\u010denih proizvoda. Ako ste primijetili da su bilje\u0161ke o adresi pogre\u0161no navedene, kontaktirajte nas \u0161to je prije mogu\u0107e i obavijestite nas o tome ( <a href=\"\/contact\/\" rel=\"nofollow\">Kontaktirajte nas<\/a>).[\/vc_column_text][\/vc_column_inner][\/vc_row_inner][\/vc_column][\/vc_row][\/vc_section][vc_section el_id=&#8221;refund&#8221;][vc_row][vc_column][vc_row_inner][vc_column_inner][vc_empty_space height=&#8221;75px&#8221;][vc_custom_heading text=&#8221;Politika povrata novca&#8221; use_theme_fonts=&#8221;yes&#8221;][\/vc_column_inner][\/vc_row_inner][vc_row_inner][vc_column_inner][vc_column_text]Lijekovi koje nudimo op\u0107enito su ekvivalentni svojim robnim markama. Jam\u010dimo da su isti kemijski i da imaju isti medicinski u\u010dinak.<\/p>\n<p>U slu\u010daju da niste zadovoljni u\u010dinkom koji na\u0161i lijekovi proizvode, molimo <a href=\"\/contact\/\" rel=\"nofollow\">kontaktirajte nas<\/a> kako biste obavijestili o problemu. Dostavit \u0107emo vam povratnu adresu i \u010dim proizvod primi na\u0161 odjel za povrate, pokrenut \u0107emo postupak povrata novca.<\/p>\n<p>Prije nego \u0161to nas kontaktirate, molimo vas da provjerite uzimate li odgovaraju\u0107u dozu proizvoda i slijedite upute za uporabu. Imajte na umu da se u\u010dinci mogu usporiti masnom hranom i alkoholom koje uzimate prije tableta.<\/p>\n<p>U slu\u010daju <strong>neisporuke proizvoda<\/strong> u roku (isporuka traje 10-17 dana, mo\u017ee do\u0107i do dodatnog ka\u0161njenja od 5 dana za carinsku provjeru) mo\u017eete kontaktirati na\u0161 tim za podr\u0161ku ( &lt; a href=&#8221;\/contact\/&#8221; rel=&#8221;nofollow&#8221;&gt;Kontaktirajte nas ) da biste se kvalificirali za povrat novca. Va\u0161a \u0107e uplata biti u potpunosti vra\u0107ena na va\u0161u kreditnu karticu. Postupak povrata obi\u010dno traje 5-7 radnih dana, nakon tog razdoblja povrat \u0107e biti prikazan na izvodu va\u0161e kreditne kartice.<\/p>\n<p>Zbog specifi\u010dne prirode proizvoda koje nudimo ne prihva\u0107amo povrat. Nitko ne mo\u017ee jam\u010diti da su uvjeti skladi\u0161tenja ispunjeni tijekom transporta narud\u017ebe pa ih ne mo\u017eemo prihvatiti \u010dak i ako paket ostane neotvoren.[\/vc_column_text][\/vc_column_inner][\/vc_row_inner][\/vc_column][\/vc_row][\/vc_section][vc_section el_id=&#8221;privacy&#8221;][vc_row][vc_column][vc_row_inner][vc_column_inner][vc_empty_space height=&#8221;75px&#8221;][vc_custom_heading text=&#8221;Politika privatnosti&#8221; use_theme_fonts=&#8221;yes&#8221;][\/vc_column_inner][\/vc_row_inner][vc_row_inner][vc_column_inner][vc_column_text]Shva\u0107amo da je privatnost svih informacija koje dajete od primarne va\u017enosti. Zato \u010dinimo sve \u0161to je mogu\u0107e da ga pa\u017eljivo i razumno koristimo. Ove se informacije nikada ne dijele s drugim tvrtkama ili pru\u017eateljima usluga tre\u0107ih strana.<\/p>\n<p>Sve transakcije na na\u0161oj stranici za naplatu su 100% sigurne. \u0160titimo sigurnost va\u0161ih podataka kori\u0161tenjem 256-bitnog softvera Secure Sockets Layer (SSL), koji \u0161ifrira sve podatke koje unesete. Osim toga, na\u0161i poslu\u017eitelji za naplatu certificirani su od strane neovisnih i renomiranih agencija koje osiguravaju da va\u0161e podatke \u010duvamo sigurnima i privatnima.<\/p>\n<p>Samo zadnje 4 znamenke va\u0161e kreditne kartice odra\u017eavaju se u na\u0161oj bazi podataka pa \u010dak ni na\u0161i operateri korisni\u010dke podr\u0161ke nemaju pristup podacima o kreditnoj kartici.[\/vc_column_text][\/vc_column_inner][\/vc_row_inner][\/vc_column][\/vc_row][\/vc_section][vc_section el_id=&#8221;disclaimer&#8221;][vc_row][vc_column][vc_row_inner][vc_column_inner][vc_empty_space height=&#8221;75px&#8221;][vc_custom_heading text=&#8221;Odricanje&#8221; use_theme_fonts=&#8221;yes&#8221;][\/vc_column_inner][\/vc_row_inner][vc_row_inner][vc_column_inner][vc_column_text]Na\u0161a tvrtka nije odgovorna i izri\u010dito se odri\u010de svake odgovornosti za bilo kakvo ka\u0161njenje u isporuci koje ne prelazi 10 dana nakon navedenog procijenjenog datuma isporuke. 10 (deset) dana nakon navedenog predvi\u0111enog roka isporuke, odnosno sljede\u0107i radni dan, u slu\u010daju mjesnog praznika, smatra se rokom.<\/p>\n<p>Na\u0161a tvrtka ne snosi odgovornost za neuspjelu isporuku u slu\u010daju da je Kupac naveo nedovoljnu adresu, pogre\u0161nu adresu ili adresu koja na bilo koji drugi na\u010din ne vodi uspje\u0161noj isporuci.<br \/>\nNa\u0161a tvrtka ne snosi odgovornost za neuspjelu isporuku u slu\u010daju da Kupac nije preuzeo paket, odbio ga ili na bilo koji drugi na\u010din sprije\u010dio uspje\u0161nu dostavu. Sve ponovne otpreme u takvim slu\u010dajevima vr\u0161e se isklju\u010divo putem me\u0111unarodne redovne po\u0161te.<\/p>\n<p>Na\u0161a tvrtka nije odgovorna i izri\u010dito se odri\u010de svake odgovornosti za isporuku bilo kojeg generi\u010dkog proizvoda koji ne ispunjava o\u010dekivanja Kupca prema kriterijima kao \u0161to su \u2013 boja, oblik i veli\u010dina pilule, prisutnost bilo koje oznake otisnute na piluli ili ozna\u010dene na njoj, nosi marketin\u0161ko ime ili ih je izradio proizvo\u0111a\u010d razli\u010dit od onog koji je Kupac o\u010dekivao dobiti.<br \/>\nZa bilo koji generi\u010dki proizvod, sve informacije o proizvodu predstavljene na web stranici, kao \u0161to su, ali ne ograni\u010davaju\u0107i se na \u2013 minijature, slike proizvoda, nazivi proizvo\u0111a\u010da i marketin\u0161ki nazivi, tu su isklju\u010divo u informativne svrhe.<\/p>\n<p>Na\u0161a tvrtka nije odgovorna i izri\u010dito se odri\u010de svake odgovornosti za neu\u010dinkovitost zaprimljenog proizvoda u slu\u010daju da je proizvod kupljen za upotrebu izvan etikete.<\/p>\n<p>Narud\u017ebom kod na\u0161e tvrtke potvr\u0111ujete da ste pro\u010ditali, razumjeli i da se sla\u017eete s ovim odricanjem od odgovornosti. Svaka radnja poduzeta za tra\u017eenje povrata va\u0161e uplate iz bilo kojeg od gore navedenih razloga smatrat \u0107e se prijevarnom radnjom i mo\u017ee dovesti do pravnog postupka i zabrane pristupa na\u0161em sustavu.[\/vc_column_text][\/vc_column_inner][\/vc_row_inner][\/vc_column][\/vc_row][\/vc_section]<\/p>\n","protected":false},"excerpt":{"rendered":"<p>[vc_section][vc_row][vc_column][vc_row_inner][vc_column_inner][vc_custom_heading text=&#8221;Na\u0161e politike&#8221; font_container=&#8221;tag:h1|text_align:left&#8221; use_theme_fonts=&#8221;yes&#8221;][vc_separator align=&#8221;align_left&#8221; border_width=&#8221;2&#8243; el_width=&#8221;10&#8243;][\/vc_column_inner][\/vc_row_inner][\/vc_column][\/vc_row][vc_row][vc_column][vc_row_inner][vc_column_inner][vc_empty_space][vc_custom_heading text=&#8221;Imam pitanje?&#8221; use_theme_fonts=&#8221;yes&#8221;][\/vc_column_inner][\/vc_row_inner][vc_row_inner][vc_column_inner][vc_column_text]U nastavku pogledajte naj\u010de\u0161\u0107e postavljana pitanja o lijekovima. Ako tra\u017eite pitanje, ali ga ne mo\u017eete prona\u0107i, slobodno kontaktirajte s nama.[\/vc_column_text][\/vc_column_inner][\/vc_row_inner][vc_row_inner][vc_column_inner][vc_btn title=&#8221;Javite se&#8221; link=&#8221;url:%2Fhr%2Fkontakt%2F&#8221;][\/vc_column_inner][\/vc_row_inner][\/vc_column][\/vc_row][\/vc_section][vc_section][vc_row][vc_column][vc_row_inner][vc_column_inner][vc_empty_space height=&#8221;75px&#8221;][\/vc_column_inner][\/vc_row_inner][vc_row_inner][vc_column_inner][vc_column_text] Pravila dostave Pravila otkazivanja narud\u017ebe Pravila povrata Pravila o privatnosti Odricanje od odgovornosti [\/vc_column_text][\/vc_column_inner][\/vc_row_inner][\/vc_column][\/vc_row][\/vc_section][vc_section el_id=&#8221;shipping&#8221;][vc_row][vc_column][vc_row_inner][vc_column_inner][vc_empty_space height=&#8221;75px&#8221;][vc_custom_heading text=&#8221;Politika dostave&#8221; use_theme_fonts=&#8221;yes&#8221;][\/vc_column_inner][\/vc_row_inner][vc_row_inner][vc_column_inner][vc_column_text]Lijekovi koje nudimo<\/p>\n","protected":false},"author":1,"featured_media":6043,"parent":0,"menu_order":0,"comment_status":"closed","ping_status":"closed","template":"","meta":{"footnotes":""},"class_list":["post-3","page","type-page","status-publish","has-post-thumbnail","hentry"],"yoast_head":"<!-- This site is optimized with the Yoast SEO plugin v27.3 - https:\/\/yoast.com\/product\/yoast-seo-wordpress\/ -->\n<title>Privatnost i Uvjeti - Medicinas Inc<\/title>\n<meta name=\"robots\" content=\"index, follow, max-snippet:-1, max-image-preview:large, max-video-preview:-1\" \/>\n<link rel=\"canonical\" href=\"https:\/\/medicinasinc.com\/hr\/politike\/\" \/>\n<meta property=\"og:locale\" content=\"hr_HR\" \/>\n<meta property=\"og:type\" content=\"article\" \/>\n<meta property=\"og:title\" content=\"Privatnost i Uvjeti - Medicinas Inc\" \/>\n<meta property=\"og:description\" content=\"[vc_section][vc_row][vc_column][vc_row_inner][vc_column_inner][vc_custom_heading text=&#8221;Na\u0161e politike&#8221; font_container=&#8221;tag:h1|text_align:left&#8221; use_theme_fonts=&#8221;yes&#8221;][vc_separator align=&#8221;align_left&#8221; border_width=&#8221;2&#8243; el_width=&#8221;10&#8243;][\/vc_column_inner][\/vc_row_inner][\/vc_column][\/vc_row][vc_row][vc_column][vc_row_inner][vc_column_inner][vc_empty_space][vc_custom_heading text=&#8221;Imam pitanje?&#8221; use_theme_fonts=&#8221;yes&#8221;][\/vc_column_inner][\/vc_row_inner][vc_row_inner][vc_column_inner][vc_column_text]U nastavku pogledajte naj\u010de\u0161\u0107e postavljana pitanja o lijekovima. Ako tra\u017eite pitanje, ali ga ne mo\u017eete prona\u0107i, slobodno kontaktirajte s nama.[\/vc_column_text][\/vc_column_inner][\/vc_row_inner][vc_row_inner][vc_column_inner][vc_btn title=&#8221;Javite se&#8221; link=&#8221;url:%2Fhr%2Fkontakt%2F&#8221;][\/vc_column_inner][\/vc_row_inner][\/vc_column][\/vc_row][\/vc_section][vc_section][vc_row][vc_column][vc_row_inner][vc_column_inner][vc_empty_space height=&#8221;75px&#8221;][\/vc_column_inner][\/vc_row_inner][vc_row_inner][vc_column_inner][vc_column_text] Pravila dostave Pravila otkazivanja narud\u017ebe Pravila povrata Pravila o privatnosti Odricanje od odgovornosti [\/vc_column_text][\/vc_column_inner][\/vc_row_inner][\/vc_column][\/vc_row][\/vc_section][vc_section el_id=&#8221;shipping&#8221;][vc_row][vc_column][vc_row_inner][vc_column_inner][vc_empty_space height=&#8221;75px&#8221;][vc_custom_heading text=&#8221;Politika dostave&#8221; use_theme_fonts=&#8221;yes&#8221;][\/vc_column_inner][\/vc_row_inner][vc_row_inner][vc_column_inner][vc_column_text]Lijekovi koje nudimo\" \/>\n<meta property=\"og:url\" content=\"https:\/\/medicinasinc.com\/hr\/politike\/\" \/>\n<meta property=\"og:site_name\" content=\"Medicinas Inc\" \/>\n<meta property=\"article:modified_time\" content=\"2022-03-14T20:15:47+00:00\" \/>\n<meta name=\"twitter:card\" content=\"summary_large_image\" \/>\n<meta name=\"twitter:label1\" content=\"Procijenjeno vrijeme \u010ditanja\" \/>\n\t<meta name=\"twitter:data1\" content=\"4 minute\" \/>\n<script type=\"application\/ld+json\" class=\"yoast-schema-graph\">{\"@context\":\"https:\\\/\\\/schema.org\",\"@graph\":[{\"@type\":\"WebPage\",\"@id\":\"https:\\\/\\\/medicinasinc.com\\\/hr\\\/politike\\\/\",\"url\":\"https:\\\/\\\/medicinasinc.com\\\/hr\\\/politike\\\/\",\"name\":\"Privatnost i Uvjeti - Medicinas Inc\",\"isPartOf\":{\"@id\":\"https:\\\/\\\/medicinasinc.com\\\/hr\\\/#website\"},\"primaryImageOfPage\":{\"@id\":\"https:\\\/\\\/medicinasinc.com\\\/hr\\\/politike\\\/#primaryimage\"},\"image\":{\"@id\":\"https:\\\/\\\/medicinasinc.com\\\/hr\\\/politike\\\/#primaryimage\"},\"thumbnailUrl\":\"https:\\\/\\\/medicinasinc.com\\\/hr\\\/wp-content\\\/uploads\\\/sites\\\/3\\\/2022\\\/03\\\/woocommerce-placeholder.png\",\"datePublished\":\"2022-02-19T02:31:18+00:00\",\"dateModified\":\"2022-03-14T20:15:47+00:00\",\"inLanguage\":\"hr\",\"potentialAction\":[{\"@type\":\"ReadAction\",\"target\":[\"https:\\\/\\\/medicinasinc.com\\\/hr\\\/politike\\\/\"]}]},{\"@type\":\"ImageObject\",\"inLanguage\":\"hr\",\"@id\":\"https:\\\/\\\/medicinasinc.com\\\/hr\\\/politike\\\/#primaryimage\",\"url\":\"https:\\\/\\\/medicinasinc.com\\\/hr\\\/wp-content\\\/uploads\\\/sites\\\/3\\\/2022\\\/03\\\/woocommerce-placeholder.png\",\"contentUrl\":\"https:\\\/\\\/medicinasinc.com\\\/hr\\\/wp-content\\\/uploads\\\/sites\\\/3\\\/2022\\\/03\\\/woocommerce-placeholder.png\",\"width\":860,\"height\":824},{\"@type\":\"WebSite\",\"@id\":\"https:\\\/\\\/medicinasinc.com\\\/hr\\\/#website\",\"url\":\"https:\\\/\\\/medicinasinc.com\\\/hr\\\/\",\"name\":\"Medicinas Inc\",\"description\":\"Health Medical Clinic\",\"potentialAction\":[{\"@type\":\"SearchAction\",\"target\":{\"@type\":\"EntryPoint\",\"urlTemplate\":\"https:\\\/\\\/medicinasinc.com\\\/hr\\\/?s={search_term_string}\"},\"query-input\":{\"@type\":\"PropertyValueSpecification\",\"valueRequired\":true,\"valueName\":\"search_term_string\"}}],\"inLanguage\":\"hr\"}]}<\/script>\n<!-- \/ Yoast SEO plugin. -->","yoast_head_json":{"title":"Privatnost i Uvjeti - Medicinas Inc","robots":{"index":"index","follow":"follow","max-snippet":"max-snippet:-1","max-image-preview":"max-image-preview:large","max-video-preview":"max-video-preview:-1"},"canonical":"https:\/\/medicinasinc.com\/hr\/politike\/","og_locale":"hr_HR","og_type":"article","og_title":"Privatnost i Uvjeti - Medicinas Inc","og_description":"[vc_section][vc_row][vc_column][vc_row_inner][vc_column_inner][vc_custom_heading text=&#8221;Na\u0161e politike&#8221; font_container=&#8221;tag:h1|text_align:left&#8221; use_theme_fonts=&#8221;yes&#8221;][vc_separator align=&#8221;align_left&#8221; border_width=&#8221;2&#8243; el_width=&#8221;10&#8243;][\/vc_column_inner][\/vc_row_inner][\/vc_column][\/vc_row][vc_row][vc_column][vc_row_inner][vc_column_inner][vc_empty_space][vc_custom_heading text=&#8221;Imam pitanje?&#8221; use_theme_fonts=&#8221;yes&#8221;][\/vc_column_inner][\/vc_row_inner][vc_row_inner][vc_column_inner][vc_column_text]U nastavku pogledajte naj\u010de\u0161\u0107e postavljana pitanja o lijekovima. Ako tra\u017eite pitanje, ali ga ne mo\u017eete prona\u0107i, slobodno kontaktirajte s nama.[\/vc_column_text][\/vc_column_inner][\/vc_row_inner][vc_row_inner][vc_column_inner][vc_btn title=&#8221;Javite se&#8221; link=&#8221;url:%2Fhr%2Fkontakt%2F&#8221;][\/vc_column_inner][\/vc_row_inner][\/vc_column][\/vc_row][\/vc_section][vc_section][vc_row][vc_column][vc_row_inner][vc_column_inner][vc_empty_space height=&#8221;75px&#8221;][\/vc_column_inner][\/vc_row_inner][vc_row_inner][vc_column_inner][vc_column_text] Pravila dostave Pravila otkazivanja narud\u017ebe Pravila povrata Pravila o privatnosti Odricanje od odgovornosti [\/vc_column_text][\/vc_column_inner][\/vc_row_inner][\/vc_column][\/vc_row][\/vc_section][vc_section el_id=&#8221;shipping&#8221;][vc_row][vc_column][vc_row_inner][vc_column_inner][vc_empty_space height=&#8221;75px&#8221;][vc_custom_heading text=&#8221;Politika dostave&#8221; use_theme_fonts=&#8221;yes&#8221;][\/vc_column_inner][\/vc_row_inner][vc_row_inner][vc_column_inner][vc_column_text]Lijekovi koje nudimo","og_url":"https:\/\/medicinasinc.com\/hr\/politike\/","og_site_name":"Medicinas Inc","article_modified_time":"2022-03-14T20:15:47+00:00","twitter_card":"summary_large_image","twitter_misc":{"Procijenjeno vrijeme \u010ditanja":"4 minute"},"schema":{"@context":"https:\/\/schema.org","@graph":[{"@type":"WebPage","@id":"https:\/\/medicinasinc.com\/hr\/politike\/","url":"https:\/\/medicinasinc.com\/hr\/politike\/","name":"Privatnost i Uvjeti - Medicinas Inc","isPartOf":{"@id":"https:\/\/medicinasinc.com\/hr\/#website"},"primaryImageOfPage":{"@id":"https:\/\/medicinasinc.com\/hr\/politike\/#primaryimage"},"image":{"@id":"https:\/\/medicinasinc.com\/hr\/politike\/#primaryimage"},"thumbnailUrl":"https:\/\/medicinasinc.com\/hr\/wp-content\/uploads\/sites\/3\/2022\/03\/woocommerce-placeholder.png","datePublished":"2022-02-19T02:31:18+00:00","dateModified":"2022-03-14T20:15:47+00:00","inLanguage":"hr","potentialAction":[{"@type":"ReadAction","target":["https:\/\/medicinasinc.com\/hr\/politike\/"]}]},{"@type":"ImageObject","inLanguage":"hr","@id":"https:\/\/medicinasinc.com\/hr\/politike\/#primaryimage","url":"https:\/\/medicinasinc.com\/hr\/wp-content\/uploads\/sites\/3\/2022\/03\/woocommerce-placeholder.png","contentUrl":"https:\/\/medicinasinc.com\/hr\/wp-content\/uploads\/sites\/3\/2022\/03\/woocommerce-placeholder.png","width":860,"height":824},{"@type":"WebSite","@id":"https:\/\/medicinasinc.com\/hr\/#website","url":"https:\/\/medicinasinc.com\/hr\/","name":"Medicinas Inc","description":"Health Medical Clinic","potentialAction":[{"@type":"SearchAction","target":{"@type":"EntryPoint","urlTemplate":"https:\/\/medicinasinc.com\/hr\/?s={search_term_string}"},"query-input":{"@type":"PropertyValueSpecification","valueRequired":true,"valueName":"search_term_string"}}],"inLanguage":"hr"}]}},"_links":{"self":[{"href":"https:\/\/medicinasinc.com\/hr\/wp-json\/wp\/v2\/pages\/3","targetHints":{"allow":["GET"]}}],"collection":[{"href":"https:\/\/medicinasinc.com\/hr\/wp-json\/wp\/v2\/pages"}],"about":[{"href":"https:\/\/medicinasinc.com\/hr\/wp-json\/wp\/v2\/types\/page"}],"author":[{"embeddable":true,"href":"https:\/\/medicinasinc.com\/hr\/wp-json\/wp\/v2\/users\/1"}],"replies":[{"embeddable":true,"href":"https:\/\/medicinasinc.com\/hr\/wp-json\/wp\/v2\/comments?post=3"}],"version-history":[{"count":0,"href":"https:\/\/medicinasinc.com\/hr\/wp-json\/wp\/v2\/pages\/3\/revisions"}],"wp:featuredmedia":[{"embeddable":true,"href":"https:\/\/medicinasinc.com\/hr\/wp-json\/wp\/v2\/media\/6043"}],"wp:attachment":[{"href":"https:\/\/medicinasinc.com\/hr\/wp-json\/wp\/v2\/media?parent=3"}],"curies":[{"name":"wp","href":"https:\/\/api.w.org\/{rel}","templated":true}]}}