{"id":5926,"date":"2022-02-22T08:28:02","date_gmt":"2022-02-22T08:28:02","guid":{"rendered":"https:\/\/medicinasinc.com\/fr\/?post_type=product&#038;p=5926"},"modified":"2022-03-17T11:34:24","modified_gmt":"2022-03-17T11:34:24","slug":"acheter-thj-018","status":"publish","type":"product","link":"https:\/\/medicinasinc.com\/fr\/product\/acheter-thj-018\/","title":{"rendered":"Acheter THJ-018"},"content":{"rendered":"<p>Malgr\u00e9 la pr\u00e9valence croissante de nouveaux compos\u00e9s psychoactifs, il n&#8217;existe actuellement aucune donn\u00e9e disponible sur le m\u00e9tabolisme humain, ce qui complique la documentation en laboratoire de l&#8217;ingestion dans des \u00e9chantillons d&#8217;urine et l&#8217;\u00e9valuation des caract\u00e9ristiques pharmacodynamiques, pharmacocin\u00e9tiques et toxicologiques des m\u00e9dicaments.<\/p>\n<p>Les analogues synth\u00e9tiques du cannabis indazole de JWH-018 et THJ-2201 ont \u00e9t\u00e9 lanc\u00e9s en 2014 sous les noms THJ-018 et THJ-2201.<\/p>\n<p>THJ 018 est un tout nouveau m\u00e9dicament synth\u00e9tique disponible \u00e0 l&#8217;achat. Il est class\u00e9 comme un cannabino\u00efde. Ce compos\u00e9 est un d\u00e9riv\u00e9 du m\u00e9dicament bien connu jwh 018.<\/p>\n<p>Le National Forensic Laboratory Information System a 220 rapports THJ-2201, selon AM-2201. En janvier 2015, la Drug Enforcement Administration a class\u00e9 le THJ-2201 dans l&#8217;annexe I en raison de nombreux \u00e9v\u00e9nements ind\u00e9sirables.<\/p>\n<p>M\u00c9THODES\u00a0: Apr\u00e8s avoir incub\u00e9 10\u00a0mol\/L de THJ-018 et de THJ-2201 dans des h\u00e9patocytes humains pendant 3\u00a0h, nous avons utilis\u00e9 la spectrom\u00e9trie de masse \u00e0 haute r\u00e9solution (HR-MS) (TripleTOF 5600+) pour d\u00e9couvrir les marqueurs m\u00e9tabolites optimaux. Les balayages d&#8217;ions de produit avec des filtres de d\u00e9faut de masse ont \u00e9t\u00e9 activ\u00e9s par un balayage complet et une acquisition d\u00e9pendante de l&#8217;information. MetaSite a \u00e9t\u00e9 utilis\u00e9 pour faire des pr\u00e9dictions de m\u00e9tabolites in silico, qui ont ensuite \u00e9t\u00e9 compar\u00e9es aux m\u00e9tabolites trouv\u00e9s dans les h\u00e9patocytes humains.<\/p>\n<p>R\u00c9SULTATS\u00a0: Treize m\u00e9tabolites THJ-018 ont \u00e9t\u00e9 trouv\u00e9s, avec hydroxylation sur la cha\u00eene N-pentyle et oxydation ou la glucuronidation \u00e9tant les voies m\u00e9taboliques pr\u00e9dominantes. Il y avait 27 m\u00e9tabolites trouv\u00e9s dans le THJ-2201, la majorit\u00e9 \u00e9tant une d\u00e9fluoration oxydative suivie d&#8217;une carboxylation ou d&#8217;une glucuronidation, ainsi qu&#8217;une glucuronidation de m\u00e9tabolites hydroxyl\u00e9s.<\/p>\n<p>Les deux compos\u00e9s ont montr\u00e9 une synth\u00e8se de dihydrodiol sur la fraction naphtal\u00e8ne. La pr\u00e9diction de MetaSite \u00e9tait pr\u00e9cise pour les m\u00e9tabolites des h\u00e9patocytes THJ-018, tandis que la d\u00e9fluoration oxydative du THJ-2201 \u00e9tait sous-estim\u00e9e.<\/p>\n<p>CONCLUSIONS\u00a0: Nous avons \u00e9tudi\u00e9 le m\u00e9tabolisme du THJ-018 et du THJ-2201 dans les h\u00e9patocytes humains en utilisant la HR-MS pour l&#8217;acquisition de donn\u00e9es et traitement, et nous recommandons des indicateurs pertinents aux laboratoires pour identifier l&#8217;ingestion de THJ-018 et THJ-2201 et relier les r\u00e9sultats ind\u00e9sirables document\u00e9s \u00e0 ces nouveaux cannabino\u00efdes synth\u00e9tiques.<\/p>\n<p>Les SC se lient aux r\u00e9cepteurs cannabino\u00efdes endog\u00e8nes et produisent des effets cannabimim\u00e9tiques comparables \u00e0 9 -t\u00e9trahydrocannabinol (1, 2). L&#8217;abus de SC3 entra\u00eene des effets secondaires majeurs tels que des l\u00e9sions r\u00e9nales aigu\u00ebs, un infarctus du myocarde et la mort (3, 4).<\/p>\n<p>Malgr\u00e9 ces risques, les gens continuent de consommer du SC. De nombreux SC ont \u00e9t\u00e9 programm\u00e9s aux \u00c9tats-Unis, au Japon et dans la plupart des pays europ\u00e9ens (par exemple, JWH018, JWH-073, AKB48 et XLR-11); cependant, d&#8217;autres compos\u00e9s structurellement vari\u00e9s \u00e9mergent constamment.<\/p>\n","protected":false},"excerpt":{"rendered":"<p>Acheter THJ-018 (SGT-17) \u00e0 vendre Europe, Royaume-Uni est un cannabino\u00efde synth\u00e9tique qui est l&#8217;analogue indazole de JWH-018 et a \u00e9t\u00e9 vendu en ligne en tant que drogue de synth\u00e8se. Commande en gros disponible<\/p>\n","protected":false},"featured_media":5940,"comment_status":"open","ping_status":"closed","template":"","meta":[],"product_brand":[],"product_cat":[2596],"product_tag":[4106,4103,4105,4104,4107,4109,4108],"class_list":{"0":"post-5926","1":"product","2":"type-product","3":"status-publish","4":"has-post-thumbnail","6":"product_cat-cannabinoides-a-vendre","7":"product_tag-achat-thj-018-en-ligne","8":"product_tag-acheter-thj-018-en-ligne","9":"product_tag-commander-thj-018-en-ligne","10":"product_tag-comment-acheter-thj-018-en-ligne","11":"product_tag-le-meilleur-endroit-pour-acheter-thj-018-en-ligne","12":"product_tag-o-acheter-thj-018-en-ligne","13":"product_tag-thj-018--vendre","15":"first","16":"instock","17":"shipping-taxable","18":"purchasable","19":"product-type-variable"},"yoast_head":"<!-- This site is optimized with the Yoast SEO plugin v27.3 - https:\/\/yoast.com\/product\/yoast-seo-wordpress\/ -->\n<title>Acheter THJ-018 - SGT-17 - Meilleurs meilleurs m\u00e9dicaments mondiaux<\/title>\n<meta name=\"description\" content=\"Acheter THJ-018 (SGT-17) \u00e0 vendre Europe, Royaume-Uni est un cannabino\u00efde synth\u00e9tique qui est l&#039;analogue indazole de JWH-018 et a \u00e9t\u00e9 vendu en ligne en tant que drogue de synth\u00e8se. Commande en gros disponible\" \/>\n<meta name=\"robots\" content=\"index, follow, max-snippet:-1, max-image-preview:large, max-video-preview:-1\" \/>\n<link rel=\"canonical\" href=\"https:\/\/medicinasinc.com\/fr\/product\/acheter-thj-018\/\" \/>\n<meta property=\"og:locale\" content=\"en_US\" \/>\n<meta property=\"og:type\" content=\"article\" \/>\n<meta property=\"og:title\" content=\"Acheter THJ-018 - SGT-17 - Meilleurs meilleurs m\u00e9dicaments mondiaux\" \/>\n<meta property=\"og:description\" content=\"Acheter THJ-018 (SGT-17) \u00e0 vendre Europe, Royaume-Uni est un cannabino\u00efde synth\u00e9tique qui est l&#039;analogue indazole de JWH-018 et a \u00e9t\u00e9 vendu en ligne en tant que drogue de synth\u00e8se. Commande en gros disponible\" \/>\n<meta property=\"og:url\" content=\"https:\/\/medicinasinc.com\/fr\/product\/acheter-thj-018\/\" \/>\n<meta property=\"og:site_name\" content=\"Medicinas Inc\" \/>\n<meta property=\"article:modified_time\" content=\"2022-03-17T11:34:24+00:00\" \/>\n<meta property=\"og:image\" content=\"https:\/\/medicinasinc.com\/fr\/wp-content\/uploads\/sites\/5\/2022\/02\/Buy-THJ-018.jpeg\" \/>\n\t<meta property=\"og:image:width\" content=\"751\" \/>\n\t<meta property=\"og:image:height\" content=\"800\" \/>\n\t<meta property=\"og:image:type\" content=\"image\/jpeg\" \/>\n<meta name=\"twitter:card\" content=\"summary_large_image\" \/>\n<meta name=\"twitter:label1\" content=\"Est. reading time\" \/>\n\t<meta name=\"twitter:data1\" content=\"2 minutes\" \/>\n<script type=\"application\/ld+json\" class=\"yoast-schema-graph\">{\"@context\":\"https:\\\/\\\/schema.org\",\"@graph\":[{\"@type\":\"WebPage\",\"@id\":\"https:\\\/\\\/medicinasinc.com\\\/fr\\\/product\\\/acheter-thj-018\\\/\",\"url\":\"https:\\\/\\\/medicinasinc.com\\\/fr\\\/product\\\/acheter-thj-018\\\/\",\"name\":\"Acheter THJ-018 - SGT-17 - Meilleurs meilleurs m\u00e9dicaments mondiaux\",\"isPartOf\":{\"@id\":\"https:\\\/\\\/medicinasinc.com\\\/fr\\\/#website\"},\"primaryImageOfPage\":{\"@id\":\"https:\\\/\\\/medicinasinc.com\\\/fr\\\/product\\\/acheter-thj-018\\\/#primaryimage\"},\"image\":{\"@id\":\"https:\\\/\\\/medicinasinc.com\\\/fr\\\/product\\\/acheter-thj-018\\\/#primaryimage\"},\"thumbnailUrl\":\"https:\\\/\\\/medicinasinc.com\\\/fr\\\/wp-content\\\/uploads\\\/sites\\\/5\\\/2022\\\/02\\\/Buy-THJ-018.jpeg\",\"datePublished\":\"2022-02-22T08:28:02+00:00\",\"dateModified\":\"2022-03-17T11:34:24+00:00\",\"description\":\"Acheter THJ-018 (SGT-17) \u00e0 vendre Europe, Royaume-Uni est un cannabino\u00efde synth\u00e9tique qui est l'analogue indazole de JWH-018 et a \u00e9t\u00e9 vendu en ligne en tant que drogue de synth\u00e8se. Commande en gros disponible\",\"breadcrumb\":{\"@id\":\"https:\\\/\\\/medicinasinc.com\\\/fr\\\/product\\\/acheter-thj-018\\\/#breadcrumb\"},\"inLanguage\":\"en-US\",\"potentialAction\":[{\"@type\":\"ReadAction\",\"target\":[\"https:\\\/\\\/medicinasinc.com\\\/fr\\\/product\\\/acheter-thj-018\\\/\"]}]},{\"@type\":\"ImageObject\",\"inLanguage\":\"en-US\",\"@id\":\"https:\\\/\\\/medicinasinc.com\\\/fr\\\/product\\\/acheter-thj-018\\\/#primaryimage\",\"url\":\"https:\\\/\\\/medicinasinc.com\\\/fr\\\/wp-content\\\/uploads\\\/sites\\\/5\\\/2022\\\/02\\\/Buy-THJ-018.jpeg\",\"contentUrl\":\"https:\\\/\\\/medicinasinc.com\\\/fr\\\/wp-content\\\/uploads\\\/sites\\\/5\\\/2022\\\/02\\\/Buy-THJ-018.jpeg\",\"width\":751,\"height\":800},{\"@type\":\"BreadcrumbList\",\"@id\":\"https:\\\/\\\/medicinasinc.com\\\/fr\\\/product\\\/acheter-thj-018\\\/#breadcrumb\",\"itemListElement\":[{\"@type\":\"ListItem\",\"position\":1,\"name\":\"Boutique\",\"item\":\"https:\\\/\\\/medicinasinc.com\\\/fr\\\/boutique\\\/\"},{\"@type\":\"ListItem\",\"position\":2,\"name\":\"Acheter THJ-018\"}]},{\"@type\":\"WebSite\",\"@id\":\"https:\\\/\\\/medicinasinc.com\\\/fr\\\/#website\",\"url\":\"https:\\\/\\\/medicinasinc.com\\\/fr\\\/\",\"name\":\"Medicinas Inc\",\"description\":\"Health Medical Clinic\",\"potentialAction\":[{\"@type\":\"SearchAction\",\"target\":{\"@type\":\"EntryPoint\",\"urlTemplate\":\"https:\\\/\\\/medicinasinc.com\\\/fr\\\/?s={search_term_string}\"},\"query-input\":{\"@type\":\"PropertyValueSpecification\",\"valueRequired\":true,\"valueName\":\"search_term_string\"}}],\"inLanguage\":\"en-US\"}]}<\/script>\n<!-- \/ Yoast SEO plugin. -->","yoast_head_json":{"title":"Acheter THJ-018 - SGT-17 - Meilleurs meilleurs m\u00e9dicaments mondiaux","description":"Acheter THJ-018 (SGT-17) \u00e0 vendre Europe, Royaume-Uni est un cannabino\u00efde synth\u00e9tique qui est l'analogue indazole de JWH-018 et a \u00e9t\u00e9 vendu en ligne en tant que drogue de synth\u00e8se. Commande en gros disponible","robots":{"index":"index","follow":"follow","max-snippet":"max-snippet:-1","max-image-preview":"max-image-preview:large","max-video-preview":"max-video-preview:-1"},"canonical":"https:\/\/medicinasinc.com\/fr\/product\/acheter-thj-018\/","og_locale":"en_US","og_type":"article","og_title":"Acheter THJ-018 - SGT-17 - Meilleurs meilleurs m\u00e9dicaments mondiaux","og_description":"Acheter THJ-018 (SGT-17) \u00e0 vendre Europe, Royaume-Uni est un cannabino\u00efde synth\u00e9tique qui est l'analogue indazole de JWH-018 et a \u00e9t\u00e9 vendu en ligne en tant que drogue de synth\u00e8se. Commande en gros disponible","og_url":"https:\/\/medicinasinc.com\/fr\/product\/acheter-thj-018\/","og_site_name":"Medicinas Inc","article_modified_time":"2022-03-17T11:34:24+00:00","og_image":[{"width":751,"height":800,"url":"https:\/\/medicinasinc.com\/fr\/wp-content\/uploads\/sites\/5\/2022\/02\/Buy-THJ-018.jpeg","type":"image\/jpeg"}],"twitter_card":"summary_large_image","twitter_misc":{"Est. reading time":"2 minutes"},"schema":{"@context":"https:\/\/schema.org","@graph":[{"@type":"WebPage","@id":"https:\/\/medicinasinc.com\/fr\/product\/acheter-thj-018\/","url":"https:\/\/medicinasinc.com\/fr\/product\/acheter-thj-018\/","name":"Acheter THJ-018 - SGT-17 - Meilleurs meilleurs m\u00e9dicaments mondiaux","isPartOf":{"@id":"https:\/\/medicinasinc.com\/fr\/#website"},"primaryImageOfPage":{"@id":"https:\/\/medicinasinc.com\/fr\/product\/acheter-thj-018\/#primaryimage"},"image":{"@id":"https:\/\/medicinasinc.com\/fr\/product\/acheter-thj-018\/#primaryimage"},"thumbnailUrl":"https:\/\/medicinasinc.com\/fr\/wp-content\/uploads\/sites\/5\/2022\/02\/Buy-THJ-018.jpeg","datePublished":"2022-02-22T08:28:02+00:00","dateModified":"2022-03-17T11:34:24+00:00","description":"Acheter THJ-018 (SGT-17) \u00e0 vendre Europe, Royaume-Uni est un cannabino\u00efde synth\u00e9tique qui est l'analogue indazole de JWH-018 et a \u00e9t\u00e9 vendu en ligne en tant que drogue de synth\u00e8se. Commande en gros disponible","breadcrumb":{"@id":"https:\/\/medicinasinc.com\/fr\/product\/acheter-thj-018\/#breadcrumb"},"inLanguage":"en-US","potentialAction":[{"@type":"ReadAction","target":["https:\/\/medicinasinc.com\/fr\/product\/acheter-thj-018\/"]}]},{"@type":"ImageObject","inLanguage":"en-US","@id":"https:\/\/medicinasinc.com\/fr\/product\/acheter-thj-018\/#primaryimage","url":"https:\/\/medicinasinc.com\/fr\/wp-content\/uploads\/sites\/5\/2022\/02\/Buy-THJ-018.jpeg","contentUrl":"https:\/\/medicinasinc.com\/fr\/wp-content\/uploads\/sites\/5\/2022\/02\/Buy-THJ-018.jpeg","width":751,"height":800},{"@type":"BreadcrumbList","@id":"https:\/\/medicinasinc.com\/fr\/product\/acheter-thj-018\/#breadcrumb","itemListElement":[{"@type":"ListItem","position":1,"name":"Boutique","item":"https:\/\/medicinasinc.com\/fr\/boutique\/"},{"@type":"ListItem","position":2,"name":"Acheter THJ-018"}]},{"@type":"WebSite","@id":"https:\/\/medicinasinc.com\/fr\/#website","url":"https:\/\/medicinasinc.com\/fr\/","name":"Medicinas Inc","description":"Health Medical Clinic","potentialAction":[{"@type":"SearchAction","target":{"@type":"EntryPoint","urlTemplate":"https:\/\/medicinasinc.com\/fr\/?s={search_term_string}"},"query-input":{"@type":"PropertyValueSpecification","valueRequired":true,"valueName":"search_term_string"}}],"inLanguage":"en-US"}]}},"_links":{"self":[{"href":"https:\/\/medicinasinc.com\/fr\/wp-json\/wp\/v2\/product\/5926","targetHints":{"allow":["GET"]}}],"collection":[{"href":"https:\/\/medicinasinc.com\/fr\/wp-json\/wp\/v2\/product"}],"about":[{"href":"https:\/\/medicinasinc.com\/fr\/wp-json\/wp\/v2\/types\/product"}],"replies":[{"embeddable":true,"href":"https:\/\/medicinasinc.com\/fr\/wp-json\/wp\/v2\/comments?post=5926"}],"wp:featuredmedia":[{"embeddable":true,"href":"https:\/\/medicinasinc.com\/fr\/wp-json\/wp\/v2\/media\/5940"}],"wp:attachment":[{"href":"https:\/\/medicinasinc.com\/fr\/wp-json\/wp\/v2\/media?parent=5926"}],"wp:term":[{"taxonomy":"product_brand","embeddable":true,"href":"https:\/\/medicinasinc.com\/fr\/wp-json\/wp\/v2\/product_brand?post=5926"},{"taxonomy":"product_cat","embeddable":true,"href":"https:\/\/medicinasinc.com\/fr\/wp-json\/wp\/v2\/product_cat?post=5926"},{"taxonomy":"product_tag","embeddable":true,"href":"https:\/\/medicinasinc.com\/fr\/wp-json\/wp\/v2\/product_tag?post=5926"}],"curies":[{"name":"wp","href":"https:\/\/api.w.org\/{rel}","templated":true}]}}