{"id":5921,"date":"2022-02-22T08:23:15","date_gmt":"2022-02-22T08:23:15","guid":{"rendered":"https:\/\/medicinasinc.com\/fr\/?post_type=product&#038;p=5921"},"modified":"2022-03-17T11:34:33","modified_gmt":"2022-03-17T11:34:33","slug":"acheter-sdb-005","status":"publish","type":"product","link":"https:\/\/medicinasinc.com\/fr\/product\/acheter-sdb-005\/","title":{"rendered":"Acheter SDB-005"},"content":{"rendered":"<p>SDB-005 est un cannabis synth\u00e9tique \u00e0 base d&#8217;indazoles qui a \u00e9t\u00e9 propos\u00e9 en ligne comme drogue de synth\u00e8se. On pense qu&#8217;il s&#8217;agit d&#8217;un agoniste des r\u00e9cepteurs cannabino\u00efdes pour CB1 et CB2. Le SDB-005 est un analogue du noyau indazole du PB-22 ayant un groupe naphtal\u00e8ne \u00e0 la place de la 8-hydroxyquinol\u00e9ine.<\/p>\n<p>Le SDB-005 \u00e9tait auparavant attribu\u00e9 \u00e0 un produit chimique diff\u00e9rent, l&#8217;analogue N-ph\u00e9nyle du SDB- 006, plut\u00f4t que l&#8217;homologue N-benzyle de SDB-006. Ce produit chimique est un puissant agoniste des r\u00e9cepteurs CB1 (Ki = 21 nM) et CB2 (Ki = 140 nM).<\/p>\n<p>SDB-005 est un cannabis synth\u00e9tique \u00e0 base d&#8217;indazoles qui a \u00e9t\u00e9 propos\u00e9 comme drogue de synth\u00e8se en ligne. On pense qu&#8217;il s&#8217;agit d&#8217;un agoniste des r\u00e9cepteurs cannabino\u00efdes pour CB1 et CB2. Le SDB-005 est un analogue du noyau indazole du PB-22 ayant un groupe naphtal\u00e8ne \u00e0 la place de la 8-hydroxyquinoline.<\/p>\n","protected":false},"excerpt":{"rendered":"<p>Acheter du SDB-005 \u00e0 vendre en Europe, au Royaume-Uni\u00a0est un cannabino\u00efde synth\u00e9tique \u00e0 base d&#8217;indazole\u00a0qui a \u00e9t\u00e9 vendu en ligne en tant que\u00a0drogue de synth\u00e8se<\/p>\n","protected":false},"featured_media":5939,"comment_status":"open","ping_status":"closed","template":"","meta":[],"product_brand":[],"product_cat":[2596],"product_tag":[4096,4099,4098,4097,4101,4102,4100],"class_list":{"0":"post-5921","1":"product","2":"type-product","3":"status-publish","4":"has-post-thumbnail","6":"product_cat-cannabinoides-a-vendre","7":"product_tag-acheter-sdb005-en-ligne","8":"product_tag-achat-sdb005-en-ligne","9":"product_tag-commander-sdb005-en-ligne","10":"product_tag-comment-acheter-sdb005-en-ligne","11":"product_tag-le-meilleur-endroit-pour-acheter-sdb005-en-ligne","12":"product_tag-o-acheter-sdb005-en-ligne","13":"product_tag-sdb005-for-sale","15":"first","16":"instock","17":"shipping-taxable","18":"purchasable","19":"product-type-variable"},"yoast_head":"<!-- This site is optimized with the Yoast SEO plugin v27.3 - https:\/\/yoast.com\/product\/yoast-seo-wordpress\/ -->\n<title>Acheter SDB-005 - SDB005 - Meilleurs m\u00e9dicaments mondiaux<\/title>\n<meta name=\"description\" content=\"Acheter du SDB-005 \u00e0 vendre en Europe, au Royaume-Uni\u00a0est un\u00a0cannabino\u00efde synth\u00e9tique \u00e0 base d&#039;indazole\u00a0qui a \u00e9t\u00e9 vendu en ligne en tant que\u00a0drogue de synth\u00e8se.\" \/>\n<meta name=\"robots\" content=\"index, follow, max-snippet:-1, max-image-preview:large, max-video-preview:-1\" \/>\n<link rel=\"canonical\" href=\"https:\/\/medicinasinc.com\/fr\/product\/acheter-sdb-005\/\" \/>\n<meta property=\"og:locale\" content=\"en_US\" \/>\n<meta property=\"og:type\" content=\"article\" \/>\n<meta property=\"og:title\" content=\"Acheter SDB-005 - SDB005 - Meilleurs m\u00e9dicaments mondiaux\" \/>\n<meta property=\"og:description\" content=\"Acheter du SDB-005 \u00e0 vendre en Europe, au Royaume-Uni\u00a0est un\u00a0cannabino\u00efde synth\u00e9tique \u00e0 base d&#039;indazole\u00a0qui a \u00e9t\u00e9 vendu en ligne en tant que\u00a0drogue de synth\u00e8se.\" \/>\n<meta property=\"og:url\" content=\"https:\/\/medicinasinc.com\/fr\/product\/acheter-sdb-005\/\" \/>\n<meta property=\"og:site_name\" content=\"Medicinas Inc\" \/>\n<meta property=\"article:modified_time\" content=\"2022-03-17T11:34:33+00:00\" \/>\n<meta property=\"og:image\" content=\"https:\/\/medicinasinc.com\/fr\/wp-content\/uploads\/sites\/5\/2022\/02\/Buy-SDB-005.jpeg\" \/>\n\t<meta property=\"og:image:width\" content=\"600\" \/>\n\t<meta property=\"og:image:height\" content=\"451\" \/>\n\t<meta property=\"og:image:type\" content=\"image\/jpeg\" \/>\n<meta name=\"twitter:card\" content=\"summary_large_image\" \/>\n<meta name=\"twitter:label1\" content=\"Est. reading time\" \/>\n\t<meta name=\"twitter:data1\" content=\"1 minute\" \/>\n<script type=\"application\/ld+json\" class=\"yoast-schema-graph\">{\"@context\":\"https:\\\/\\\/schema.org\",\"@graph\":[{\"@type\":\"WebPage\",\"@id\":\"https:\\\/\\\/medicinasinc.com\\\/fr\\\/product\\\/acheter-sdb-005\\\/\",\"url\":\"https:\\\/\\\/medicinasinc.com\\\/fr\\\/product\\\/acheter-sdb-005\\\/\",\"name\":\"Acheter SDB-005 - SDB005 - Meilleurs m\u00e9dicaments mondiaux\",\"isPartOf\":{\"@id\":\"https:\\\/\\\/medicinasinc.com\\\/fr\\\/#website\"},\"primaryImageOfPage\":{\"@id\":\"https:\\\/\\\/medicinasinc.com\\\/fr\\\/product\\\/acheter-sdb-005\\\/#primaryimage\"},\"image\":{\"@id\":\"https:\\\/\\\/medicinasinc.com\\\/fr\\\/product\\\/acheter-sdb-005\\\/#primaryimage\"},\"thumbnailUrl\":\"https:\\\/\\\/medicinasinc.com\\\/fr\\\/wp-content\\\/uploads\\\/sites\\\/5\\\/2022\\\/02\\\/Buy-SDB-005.jpeg\",\"datePublished\":\"2022-02-22T08:23:15+00:00\",\"dateModified\":\"2022-03-17T11:34:33+00:00\",\"description\":\"Acheter du SDB-005 \u00e0 vendre en Europe, au Royaume-Uni\u00a0est un\u00a0cannabino\u00efde synth\u00e9tique \u00e0 base d'indazole\u00a0qui a \u00e9t\u00e9 vendu en ligne en tant que\u00a0drogue de synth\u00e8se.\",\"breadcrumb\":{\"@id\":\"https:\\\/\\\/medicinasinc.com\\\/fr\\\/product\\\/acheter-sdb-005\\\/#breadcrumb\"},\"inLanguage\":\"en-US\",\"potentialAction\":[{\"@type\":\"ReadAction\",\"target\":[\"https:\\\/\\\/medicinasinc.com\\\/fr\\\/product\\\/acheter-sdb-005\\\/\"]}]},{\"@type\":\"ImageObject\",\"inLanguage\":\"en-US\",\"@id\":\"https:\\\/\\\/medicinasinc.com\\\/fr\\\/product\\\/acheter-sdb-005\\\/#primaryimage\",\"url\":\"https:\\\/\\\/medicinasinc.com\\\/fr\\\/wp-content\\\/uploads\\\/sites\\\/5\\\/2022\\\/02\\\/Buy-SDB-005.jpeg\",\"contentUrl\":\"https:\\\/\\\/medicinasinc.com\\\/fr\\\/wp-content\\\/uploads\\\/sites\\\/5\\\/2022\\\/02\\\/Buy-SDB-005.jpeg\",\"width\":600,\"height\":451},{\"@type\":\"BreadcrumbList\",\"@id\":\"https:\\\/\\\/medicinasinc.com\\\/fr\\\/product\\\/acheter-sdb-005\\\/#breadcrumb\",\"itemListElement\":[{\"@type\":\"ListItem\",\"position\":1,\"name\":\"Boutique\",\"item\":\"https:\\\/\\\/medicinasinc.com\\\/fr\\\/boutique\\\/\"},{\"@type\":\"ListItem\",\"position\":2,\"name\":\"Acheter SDB-005\"}]},{\"@type\":\"WebSite\",\"@id\":\"https:\\\/\\\/medicinasinc.com\\\/fr\\\/#website\",\"url\":\"https:\\\/\\\/medicinasinc.com\\\/fr\\\/\",\"name\":\"Medicinas Inc\",\"description\":\"Health Medical Clinic\",\"potentialAction\":[{\"@type\":\"SearchAction\",\"target\":{\"@type\":\"EntryPoint\",\"urlTemplate\":\"https:\\\/\\\/medicinasinc.com\\\/fr\\\/?s={search_term_string}\"},\"query-input\":{\"@type\":\"PropertyValueSpecification\",\"valueRequired\":true,\"valueName\":\"search_term_string\"}}],\"inLanguage\":\"en-US\"}]}<\/script>\n<!-- \/ Yoast SEO plugin. -->","yoast_head_json":{"title":"Acheter SDB-005 - SDB005 - Meilleurs m\u00e9dicaments mondiaux","description":"Acheter du SDB-005 \u00e0 vendre en Europe, au Royaume-Uni\u00a0est un\u00a0cannabino\u00efde synth\u00e9tique \u00e0 base d'indazole\u00a0qui a \u00e9t\u00e9 vendu en ligne en tant que\u00a0drogue de synth\u00e8se.","robots":{"index":"index","follow":"follow","max-snippet":"max-snippet:-1","max-image-preview":"max-image-preview:large","max-video-preview":"max-video-preview:-1"},"canonical":"https:\/\/medicinasinc.com\/fr\/product\/acheter-sdb-005\/","og_locale":"en_US","og_type":"article","og_title":"Acheter SDB-005 - SDB005 - Meilleurs m\u00e9dicaments mondiaux","og_description":"Acheter du SDB-005 \u00e0 vendre en Europe, au Royaume-Uni\u00a0est un\u00a0cannabino\u00efde synth\u00e9tique \u00e0 base d'indazole\u00a0qui a \u00e9t\u00e9 vendu en ligne en tant que\u00a0drogue de synth\u00e8se.","og_url":"https:\/\/medicinasinc.com\/fr\/product\/acheter-sdb-005\/","og_site_name":"Medicinas Inc","article_modified_time":"2022-03-17T11:34:33+00:00","og_image":[{"width":600,"height":451,"url":"https:\/\/medicinasinc.com\/fr\/wp-content\/uploads\/sites\/5\/2022\/02\/Buy-SDB-005.jpeg","type":"image\/jpeg"}],"twitter_card":"summary_large_image","twitter_misc":{"Est. reading time":"1 minute"},"schema":{"@context":"https:\/\/schema.org","@graph":[{"@type":"WebPage","@id":"https:\/\/medicinasinc.com\/fr\/product\/acheter-sdb-005\/","url":"https:\/\/medicinasinc.com\/fr\/product\/acheter-sdb-005\/","name":"Acheter SDB-005 - SDB005 - Meilleurs m\u00e9dicaments mondiaux","isPartOf":{"@id":"https:\/\/medicinasinc.com\/fr\/#website"},"primaryImageOfPage":{"@id":"https:\/\/medicinasinc.com\/fr\/product\/acheter-sdb-005\/#primaryimage"},"image":{"@id":"https:\/\/medicinasinc.com\/fr\/product\/acheter-sdb-005\/#primaryimage"},"thumbnailUrl":"https:\/\/medicinasinc.com\/fr\/wp-content\/uploads\/sites\/5\/2022\/02\/Buy-SDB-005.jpeg","datePublished":"2022-02-22T08:23:15+00:00","dateModified":"2022-03-17T11:34:33+00:00","description":"Acheter du SDB-005 \u00e0 vendre en Europe, au Royaume-Uni\u00a0est un\u00a0cannabino\u00efde synth\u00e9tique \u00e0 base d'indazole\u00a0qui a \u00e9t\u00e9 vendu en ligne en tant que\u00a0drogue de synth\u00e8se.","breadcrumb":{"@id":"https:\/\/medicinasinc.com\/fr\/product\/acheter-sdb-005\/#breadcrumb"},"inLanguage":"en-US","potentialAction":[{"@type":"ReadAction","target":["https:\/\/medicinasinc.com\/fr\/product\/acheter-sdb-005\/"]}]},{"@type":"ImageObject","inLanguage":"en-US","@id":"https:\/\/medicinasinc.com\/fr\/product\/acheter-sdb-005\/#primaryimage","url":"https:\/\/medicinasinc.com\/fr\/wp-content\/uploads\/sites\/5\/2022\/02\/Buy-SDB-005.jpeg","contentUrl":"https:\/\/medicinasinc.com\/fr\/wp-content\/uploads\/sites\/5\/2022\/02\/Buy-SDB-005.jpeg","width":600,"height":451},{"@type":"BreadcrumbList","@id":"https:\/\/medicinasinc.com\/fr\/product\/acheter-sdb-005\/#breadcrumb","itemListElement":[{"@type":"ListItem","position":1,"name":"Boutique","item":"https:\/\/medicinasinc.com\/fr\/boutique\/"},{"@type":"ListItem","position":2,"name":"Acheter SDB-005"}]},{"@type":"WebSite","@id":"https:\/\/medicinasinc.com\/fr\/#website","url":"https:\/\/medicinasinc.com\/fr\/","name":"Medicinas Inc","description":"Health Medical Clinic","potentialAction":[{"@type":"SearchAction","target":{"@type":"EntryPoint","urlTemplate":"https:\/\/medicinasinc.com\/fr\/?s={search_term_string}"},"query-input":{"@type":"PropertyValueSpecification","valueRequired":true,"valueName":"search_term_string"}}],"inLanguage":"en-US"}]}},"_links":{"self":[{"href":"https:\/\/medicinasinc.com\/fr\/wp-json\/wp\/v2\/product\/5921","targetHints":{"allow":["GET"]}}],"collection":[{"href":"https:\/\/medicinasinc.com\/fr\/wp-json\/wp\/v2\/product"}],"about":[{"href":"https:\/\/medicinasinc.com\/fr\/wp-json\/wp\/v2\/types\/product"}],"replies":[{"embeddable":true,"href":"https:\/\/medicinasinc.com\/fr\/wp-json\/wp\/v2\/comments?post=5921"}],"wp:featuredmedia":[{"embeddable":true,"href":"https:\/\/medicinasinc.com\/fr\/wp-json\/wp\/v2\/media\/5939"}],"wp:attachment":[{"href":"https:\/\/medicinasinc.com\/fr\/wp-json\/wp\/v2\/media?parent=5921"}],"wp:term":[{"taxonomy":"product_brand","embeddable":true,"href":"https:\/\/medicinasinc.com\/fr\/wp-json\/wp\/v2\/product_brand?post=5921"},{"taxonomy":"product_cat","embeddable":true,"href":"https:\/\/medicinasinc.com\/fr\/wp-json\/wp\/v2\/product_cat?post=5921"},{"taxonomy":"product_tag","embeddable":true,"href":"https:\/\/medicinasinc.com\/fr\/wp-json\/wp\/v2\/product_tag?post=5921"}],"curies":[{"name":"wp","href":"https:\/\/api.w.org\/{rel}","templated":true}]}}