{"id":5917,"date":"2022-02-22T08:19:52","date_gmt":"2022-02-22T08:19:52","guid":{"rendered":"https:\/\/medicinasinc.com\/fr\/?post_type=product&#038;p=5917"},"modified":"2022-03-17T11:34:45","modified_gmt":"2022-03-17T11:34:45","slug":"acheter-nm-2201","status":"publish","type":"product","link":"https:\/\/medicinasinc.com\/fr\/product\/acheter-nm-2201\/","title":{"rendered":"Acheter NM-2201"},"content":{"rendered":"<p>Est un cannabino\u00efde synth\u00e9tique \u00e0 base d&#8217;indole appel\u00e9 CBL-2201. Il a probablement les m\u00eames propri\u00e9t\u00e9s que le 5F-PB-22 et le NNE1, qui sont tous deux des agonistes complets et se lient aux r\u00e9cepteurs CB1 et CB2 avec une faible affinit\u00e9 nanomolaire.<\/p>\n<p>Acheter NM-2201 en ligne est un bon endroit pour acheter des produits chimiques de recherche. Vous pouvez acheter le NM-2201 en ligne aupr\u00e8s d&#8217;un fournisseur de confiance \u00e0 un prix r\u00e9duit. Globalhomemed.com est l&#8217;endroit pour l&#8217;acheter. Il est s\u00fbr d&#8217;envoyer du NM-2201 d&#8217;Europe vers les \u00c9tats-Unis et d&#8217;autres endroits.<\/p>\n<p>Il s&#8217;agit d&#8217;un cannabino\u00efde synth\u00e9tique appel\u00e9 NM-2201. Il a beaucoup des m\u00eames propri\u00e9t\u00e9s que ses proches parents, 5F-PB-22 et NNE1, qui sont tous deux des agonistes complets et se lient aux r\u00e9cepteurs CB1 et CB2 avec une faible affinit\u00e9 nanomolaire.<\/p>\n<p>Uniquement pour la recherche. Il ne peut \u00eatre utilis\u00e9 pour rien d&#8217;autre, comme les diagnostics in vivo, les aliments, les m\u00e9dicaments, les dispositifs m\u00e9dicaux et les cosm\u00e9tiques pour les humains et\/ou les animaux, et il ne peut pas \u00eatre utilis\u00e9 sur les humains ou les animaux.<\/p>\n<p>5F -PB-22 et NNE1 sont tous deux des cannabino\u00efdes synth\u00e9tiques \u00e0 base d&#8217;indole. Ils sont tous deux des agonistes complets et se lient aux r\u00e9cepteurs CB1 et CB2 avec une faible affinit\u00e9 nanomolaire.<\/p>\n<p>1. Acide 1-(5-Fluoro-pentyl)-1H, 3-carboxylique Ester N-naphtal\u00e8ne-1-yle Ester N-naphtal\u00e8ne-1-yle Ester N-naphtal\u00e8ne-1-yle Ester N-naphtal\u00e8ne-1-1-yle Le NM-2201 a la formule chimique C24H22FNO2 et p\u00e8se 375,16 grammes. Il est encore tr\u00e8s t\u00f4t dans le processus d&#8217;\u00e9tude de NM-2201. Il n&#8217;y a pas encore assez de donn\u00e9es pour montrer ce qu&#8217;il peut faire. Cependant, c&#8217;est le m\u00eame que AM-2201. Cela signifie que les caract\u00e9ristiques sont les m\u00eames.<\/p>\n<p>Il s&#8217;agit d&#8217;un cannabino\u00efde synth\u00e9tique appel\u00e9 NM-2201. Il a beaucoup des m\u00eames propri\u00e9t\u00e9s que ses proches parents, 5F-PB-22 et NNE1, qui sont tous deux des agonistes complets et se lient aux r\u00e9cepteurs CB1 et CB2 avec une faible affinit\u00e9 nanomolaire.<\/p>\n<p>Uniquement pour la recherche. Il ne peut \u00eatre utilis\u00e9 pour rien d&#8217;autre, comme les diagnostics in vivo, les aliments, les m\u00e9dicaments, les dispositifs m\u00e9dicaux et les cosm\u00e9tiques pour les humains et\/ou les animaux, et il ne peut pas \u00eatre utilis\u00e9 sur les humains ou les animaux.<\/p>\n<p>5F -PB-22 et NNE1 sont tous deux des cannabino\u00efdes synth\u00e9tiques \u00e0 base d&#8217;indole. Ils sont tous deux des agonistes complets et se lient aux r\u00e9cepteurs CB1 et CB2 avec une faible affinit\u00e9 nanomolaire.<\/p>\n<p>1. Acide 1-(5-Fluoro-pentyl)-1H, 3-carboxylique Ester N-naphtal\u00e8ne-1-yle Ester N-naphtal\u00e8ne-1-yle Ester N-naphtal\u00e8ne-1-yle Ester N-naphtal\u00e8ne-1-1-yle Le NM-2201 a la formule chimique C24H22FNO2 et p\u00e8se 375,16 grammes. Il est encore tr\u00e8s t\u00f4t dans le processus d&#8217;\u00e9tude de NM-2201. Il n&#8217;y a pas encore assez de donn\u00e9es pour montrer ce qu&#8217;il peut faire. Cependant, c&#8217;est le m\u00eame que AM-2201. Cela signifie que les caract\u00e9ristiques sont les m\u00eames.<\/p>\n","protected":false},"excerpt":{"rendered":"<p><b>Acheter NM-2201 <\/b> \u00e0 vendre en Europe, au Royaume-Uni (\u00e9galement connu sous le nom de\u00a0<b>CBL-2201<\/b>) est\u00a0un\u00a0<a class=\"mw-redirect\" title=\"\u00e0\">cannabino\u00efde synth\u00e9tique<\/a>\u00a0qui a vraisemblablement des propri\u00e9t\u00e9s similaires \u00e0 celles \u00e9troitement apparent\u00e9es\u00a05F-PB-22\u00a0et\u00a0NNE1, qui sont toutes deux des agonistes complets et se lier de mani\u00e8re non s\u00e9lective aux r\u00e9cepteurs\u00a0CB<sub>1<\/sub>\u00a0et\u00a0CB<sub>2<\/sub> avec une faible affinit\u00e9 nanomolaire, disponible en gros<\/p>\n","protected":false},"featured_media":5938,"comment_status":"open","ping_status":"closed","template":"","meta":[],"product_brand":[],"product_cat":[2596],"product_tag":[4090,4093,4092,4094,4091,4095],"class_list":{"0":"post-5917","1":"product","2":"type-product","3":"status-publish","4":"has-post-thumbnail","6":"product_cat-cannabinoides-a-vendre","7":"product_tag-acheter-nm2201-en-ligne","8":"product_tag-achat-nm2201-en-ligne","9":"product_tag-commander-nm2201-en-ligne","10":"product_tag-le-meilleur-endroit-pour-acheter-nm2201-en-ligne","11":"product_tag-nm2201--vendre","12":"product_tag-o-acheter-nm2201-en-ligne","14":"first","15":"instock","16":"featured","17":"shipping-taxable","18":"purchasable","19":"product-type-variable"},"yoast_head":"<!-- This site is optimized with the Yoast SEO plugin v27.3 - https:\/\/yoast.com\/product\/yoast-seo-wordpress\/ -->\n<title>Acheter NM-2201\u00a0- CBL-2201 - Meilleurs meilleurs m\u00e9dicaments mondiaux<\/title>\n<meta name=\"description\" content=\"Acheter NM-2201 \u00e0 vendre Europe, Royaume-Uni (\u00e9galement connu sous le nom\u00a0CBL-2201) est un\u00a0cannabino\u00efde synth\u00e9tique \u00e0 base d&#039;indole\u00a0qui a vraisemblablement des propri\u00e9t\u00e9s similaires \u00e0 celles \u00e9troitement apparent\u00e9es\u00a05F-PB-22\u00a0et\u00a0NNE1, qui sont \u00e0 la fois des agonistes complets\u00a0et\u00a0se lient\u00a0de mani\u00e8re non s\u00e9lective \u00e0 R\u00e9cepteurs CB1 et CB2 \u00e0 faible affinit\u00e9 nanomolaire, Vente en gros disponible\" \/>\n<meta name=\"robots\" content=\"index, follow, max-snippet:-1, max-image-preview:large, max-video-preview:-1\" \/>\n<link rel=\"canonical\" href=\"https:\/\/medicinasinc.com\/fr\/product\/acheter-nm-2201\/\" \/>\n<meta property=\"og:locale\" content=\"en_US\" \/>\n<meta property=\"og:type\" content=\"article\" \/>\n<meta property=\"og:title\" content=\"Acheter NM-2201\u00a0- CBL-2201 - Meilleurs meilleurs m\u00e9dicaments mondiaux\" \/>\n<meta property=\"og:description\" content=\"Acheter NM-2201 \u00e0 vendre Europe, Royaume-Uni (\u00e9galement connu sous le nom\u00a0CBL-2201) est un\u00a0cannabino\u00efde synth\u00e9tique \u00e0 base d&#039;indole\u00a0qui a vraisemblablement des propri\u00e9t\u00e9s similaires \u00e0 celles \u00e9troitement apparent\u00e9es\u00a05F-PB-22\u00a0et\u00a0NNE1, qui sont \u00e0 la fois des agonistes complets\u00a0et\u00a0se lient\u00a0de mani\u00e8re non s\u00e9lective \u00e0 R\u00e9cepteurs CB1 et CB2 \u00e0 faible affinit\u00e9 nanomolaire, Vente en gros disponible\" \/>\n<meta property=\"og:url\" content=\"https:\/\/medicinasinc.com\/fr\/product\/acheter-nm-2201\/\" \/>\n<meta property=\"og:site_name\" content=\"Medicinas Inc\" \/>\n<meta property=\"article:modified_time\" content=\"2022-03-17T11:34:45+00:00\" \/>\n<meta property=\"og:image\" content=\"https:\/\/medicinasinc.com\/fr\/wp-content\/uploads\/sites\/5\/2022\/02\/Buy-NM-2201.jpg\" \/>\n\t<meta property=\"og:image:width\" content=\"458\" \/>\n\t<meta property=\"og:image:height\" content=\"458\" \/>\n\t<meta property=\"og:image:type\" content=\"image\/jpeg\" \/>\n<meta name=\"twitter:card\" content=\"summary_large_image\" \/>\n<meta name=\"twitter:label1\" content=\"Est. reading time\" \/>\n\t<meta name=\"twitter:data1\" content=\"2 minutes\" \/>\n<script type=\"application\/ld+json\" class=\"yoast-schema-graph\">{\"@context\":\"https:\\\/\\\/schema.org\",\"@graph\":[{\"@type\":\"WebPage\",\"@id\":\"https:\\\/\\\/medicinasinc.com\\\/fr\\\/product\\\/acheter-nm-2201\\\/\",\"url\":\"https:\\\/\\\/medicinasinc.com\\\/fr\\\/product\\\/acheter-nm-2201\\\/\",\"name\":\"Acheter NM-2201\u00a0- CBL-2201 - Meilleurs meilleurs m\u00e9dicaments mondiaux\",\"isPartOf\":{\"@id\":\"https:\\\/\\\/medicinasinc.com\\\/fr\\\/#website\"},\"primaryImageOfPage\":{\"@id\":\"https:\\\/\\\/medicinasinc.com\\\/fr\\\/product\\\/acheter-nm-2201\\\/#primaryimage\"},\"image\":{\"@id\":\"https:\\\/\\\/medicinasinc.com\\\/fr\\\/product\\\/acheter-nm-2201\\\/#primaryimage\"},\"thumbnailUrl\":\"https:\\\/\\\/medicinasinc.com\\\/fr\\\/wp-content\\\/uploads\\\/sites\\\/5\\\/2022\\\/02\\\/Buy-NM-2201.jpg\",\"datePublished\":\"2022-02-22T08:19:52+00:00\",\"dateModified\":\"2022-03-17T11:34:45+00:00\",\"description\":\"Acheter NM-2201 \u00e0 vendre Europe, Royaume-Uni (\u00e9galement connu sous le nom\u00a0CBL-2201) est un\u00a0cannabino\u00efde synth\u00e9tique \u00e0 base d'indole\u00a0qui a vraisemblablement des propri\u00e9t\u00e9s similaires \u00e0 celles \u00e9troitement apparent\u00e9es\u00a05F-PB-22\u00a0et\u00a0NNE1, qui sont \u00e0 la fois des agonistes complets\u00a0et\u00a0se lient\u00a0de mani\u00e8re non s\u00e9lective \u00e0 R\u00e9cepteurs CB1 et CB2 \u00e0 faible affinit\u00e9 nanomolaire, Vente en gros disponible\",\"breadcrumb\":{\"@id\":\"https:\\\/\\\/medicinasinc.com\\\/fr\\\/product\\\/acheter-nm-2201\\\/#breadcrumb\"},\"inLanguage\":\"en-US\",\"potentialAction\":[{\"@type\":\"ReadAction\",\"target\":[\"https:\\\/\\\/medicinasinc.com\\\/fr\\\/product\\\/acheter-nm-2201\\\/\"]}]},{\"@type\":\"ImageObject\",\"inLanguage\":\"en-US\",\"@id\":\"https:\\\/\\\/medicinasinc.com\\\/fr\\\/product\\\/acheter-nm-2201\\\/#primaryimage\",\"url\":\"https:\\\/\\\/medicinasinc.com\\\/fr\\\/wp-content\\\/uploads\\\/sites\\\/5\\\/2022\\\/02\\\/Buy-NM-2201.jpg\",\"contentUrl\":\"https:\\\/\\\/medicinasinc.com\\\/fr\\\/wp-content\\\/uploads\\\/sites\\\/5\\\/2022\\\/02\\\/Buy-NM-2201.jpg\",\"width\":458,\"height\":458},{\"@type\":\"BreadcrumbList\",\"@id\":\"https:\\\/\\\/medicinasinc.com\\\/fr\\\/product\\\/acheter-nm-2201\\\/#breadcrumb\",\"itemListElement\":[{\"@type\":\"ListItem\",\"position\":1,\"name\":\"Boutique\",\"item\":\"https:\\\/\\\/medicinasinc.com\\\/fr\\\/boutique\\\/\"},{\"@type\":\"ListItem\",\"position\":2,\"name\":\"Acheter NM-2201\"}]},{\"@type\":\"WebSite\",\"@id\":\"https:\\\/\\\/medicinasinc.com\\\/fr\\\/#website\",\"url\":\"https:\\\/\\\/medicinasinc.com\\\/fr\\\/\",\"name\":\"Medicinas Inc\",\"description\":\"Health Medical Clinic\",\"potentialAction\":[{\"@type\":\"SearchAction\",\"target\":{\"@type\":\"EntryPoint\",\"urlTemplate\":\"https:\\\/\\\/medicinasinc.com\\\/fr\\\/?s={search_term_string}\"},\"query-input\":{\"@type\":\"PropertyValueSpecification\",\"valueRequired\":true,\"valueName\":\"search_term_string\"}}],\"inLanguage\":\"en-US\"}]}<\/script>\n<!-- \/ Yoast SEO plugin. -->","yoast_head_json":{"title":"Acheter NM-2201\u00a0- CBL-2201 - Meilleurs meilleurs m\u00e9dicaments mondiaux","description":"Acheter NM-2201 \u00e0 vendre Europe, Royaume-Uni (\u00e9galement connu sous le nom\u00a0CBL-2201) est un\u00a0cannabino\u00efde synth\u00e9tique \u00e0 base d'indole\u00a0qui a vraisemblablement des propri\u00e9t\u00e9s similaires \u00e0 celles \u00e9troitement apparent\u00e9es\u00a05F-PB-22\u00a0et\u00a0NNE1, qui sont \u00e0 la fois des agonistes complets\u00a0et\u00a0se lient\u00a0de mani\u00e8re non s\u00e9lective \u00e0 R\u00e9cepteurs CB1 et CB2 \u00e0 faible affinit\u00e9 nanomolaire, Vente en gros disponible","robots":{"index":"index","follow":"follow","max-snippet":"max-snippet:-1","max-image-preview":"max-image-preview:large","max-video-preview":"max-video-preview:-1"},"canonical":"https:\/\/medicinasinc.com\/fr\/product\/acheter-nm-2201\/","og_locale":"en_US","og_type":"article","og_title":"Acheter NM-2201\u00a0- CBL-2201 - Meilleurs meilleurs m\u00e9dicaments mondiaux","og_description":"Acheter NM-2201 \u00e0 vendre Europe, Royaume-Uni (\u00e9galement connu sous le nom\u00a0CBL-2201) est un\u00a0cannabino\u00efde synth\u00e9tique \u00e0 base d'indole\u00a0qui a vraisemblablement des propri\u00e9t\u00e9s similaires \u00e0 celles \u00e9troitement apparent\u00e9es\u00a05F-PB-22\u00a0et\u00a0NNE1, qui sont \u00e0 la fois des agonistes complets\u00a0et\u00a0se lient\u00a0de mani\u00e8re non s\u00e9lective \u00e0 R\u00e9cepteurs CB1 et CB2 \u00e0 faible affinit\u00e9 nanomolaire, Vente en gros disponible","og_url":"https:\/\/medicinasinc.com\/fr\/product\/acheter-nm-2201\/","og_site_name":"Medicinas Inc","article_modified_time":"2022-03-17T11:34:45+00:00","og_image":[{"width":458,"height":458,"url":"https:\/\/medicinasinc.com\/fr\/wp-content\/uploads\/sites\/5\/2022\/02\/Buy-NM-2201.jpg","type":"image\/jpeg"}],"twitter_card":"summary_large_image","twitter_misc":{"Est. reading time":"2 minutes"},"schema":{"@context":"https:\/\/schema.org","@graph":[{"@type":"WebPage","@id":"https:\/\/medicinasinc.com\/fr\/product\/acheter-nm-2201\/","url":"https:\/\/medicinasinc.com\/fr\/product\/acheter-nm-2201\/","name":"Acheter NM-2201\u00a0- CBL-2201 - Meilleurs meilleurs m\u00e9dicaments mondiaux","isPartOf":{"@id":"https:\/\/medicinasinc.com\/fr\/#website"},"primaryImageOfPage":{"@id":"https:\/\/medicinasinc.com\/fr\/product\/acheter-nm-2201\/#primaryimage"},"image":{"@id":"https:\/\/medicinasinc.com\/fr\/product\/acheter-nm-2201\/#primaryimage"},"thumbnailUrl":"https:\/\/medicinasinc.com\/fr\/wp-content\/uploads\/sites\/5\/2022\/02\/Buy-NM-2201.jpg","datePublished":"2022-02-22T08:19:52+00:00","dateModified":"2022-03-17T11:34:45+00:00","description":"Acheter NM-2201 \u00e0 vendre Europe, Royaume-Uni (\u00e9galement connu sous le nom\u00a0CBL-2201) est un\u00a0cannabino\u00efde synth\u00e9tique \u00e0 base d'indole\u00a0qui a vraisemblablement des propri\u00e9t\u00e9s similaires \u00e0 celles \u00e9troitement apparent\u00e9es\u00a05F-PB-22\u00a0et\u00a0NNE1, qui sont \u00e0 la fois des agonistes complets\u00a0et\u00a0se lient\u00a0de mani\u00e8re non s\u00e9lective \u00e0 R\u00e9cepteurs CB1 et CB2 \u00e0 faible affinit\u00e9 nanomolaire, Vente en gros disponible","breadcrumb":{"@id":"https:\/\/medicinasinc.com\/fr\/product\/acheter-nm-2201\/#breadcrumb"},"inLanguage":"en-US","potentialAction":[{"@type":"ReadAction","target":["https:\/\/medicinasinc.com\/fr\/product\/acheter-nm-2201\/"]}]},{"@type":"ImageObject","inLanguage":"en-US","@id":"https:\/\/medicinasinc.com\/fr\/product\/acheter-nm-2201\/#primaryimage","url":"https:\/\/medicinasinc.com\/fr\/wp-content\/uploads\/sites\/5\/2022\/02\/Buy-NM-2201.jpg","contentUrl":"https:\/\/medicinasinc.com\/fr\/wp-content\/uploads\/sites\/5\/2022\/02\/Buy-NM-2201.jpg","width":458,"height":458},{"@type":"BreadcrumbList","@id":"https:\/\/medicinasinc.com\/fr\/product\/acheter-nm-2201\/#breadcrumb","itemListElement":[{"@type":"ListItem","position":1,"name":"Boutique","item":"https:\/\/medicinasinc.com\/fr\/boutique\/"},{"@type":"ListItem","position":2,"name":"Acheter NM-2201"}]},{"@type":"WebSite","@id":"https:\/\/medicinasinc.com\/fr\/#website","url":"https:\/\/medicinasinc.com\/fr\/","name":"Medicinas Inc","description":"Health Medical Clinic","potentialAction":[{"@type":"SearchAction","target":{"@type":"EntryPoint","urlTemplate":"https:\/\/medicinasinc.com\/fr\/?s={search_term_string}"},"query-input":{"@type":"PropertyValueSpecification","valueRequired":true,"valueName":"search_term_string"}}],"inLanguage":"en-US"}]}},"_links":{"self":[{"href":"https:\/\/medicinasinc.com\/fr\/wp-json\/wp\/v2\/product\/5917","targetHints":{"allow":["GET"]}}],"collection":[{"href":"https:\/\/medicinasinc.com\/fr\/wp-json\/wp\/v2\/product"}],"about":[{"href":"https:\/\/medicinasinc.com\/fr\/wp-json\/wp\/v2\/types\/product"}],"replies":[{"embeddable":true,"href":"https:\/\/medicinasinc.com\/fr\/wp-json\/wp\/v2\/comments?post=5917"}],"wp:featuredmedia":[{"embeddable":true,"href":"https:\/\/medicinasinc.com\/fr\/wp-json\/wp\/v2\/media\/5938"}],"wp:attachment":[{"href":"https:\/\/medicinasinc.com\/fr\/wp-json\/wp\/v2\/media?parent=5917"}],"wp:term":[{"taxonomy":"product_brand","embeddable":true,"href":"https:\/\/medicinasinc.com\/fr\/wp-json\/wp\/v2\/product_brand?post=5917"},{"taxonomy":"product_cat","embeddable":true,"href":"https:\/\/medicinasinc.com\/fr\/wp-json\/wp\/v2\/product_cat?post=5917"},{"taxonomy":"product_tag","embeddable":true,"href":"https:\/\/medicinasinc.com\/fr\/wp-json\/wp\/v2\/product_tag?post=5917"}],"curies":[{"name":"wp","href":"https:\/\/api.w.org\/{rel}","templated":true}]}}