{"id":5912,"date":"2022-02-22T08:15:30","date_gmt":"2022-02-22T08:15:30","guid":{"rendered":"https:\/\/medicinasinc.com\/fr\/?post_type=product&#038;p=5912"},"modified":"2022-03-17T11:34:57","modified_gmt":"2022-03-17T11:34:57","slug":"acheter-mdmb-chmica","status":"publish","type":"product","link":"https:\/\/medicinasinc.com\/fr\/product\/acheter-mdmb-chmica\/","title":{"rendered":"Acheter MDMB-CHMICA"},"content":{"rendered":"<p>MDMB-CHMICA (ou MMB-CHMINACA) est un cannabis synth\u00e9tique \u00e0 base d&#8217;indole qui a \u00e9t\u00e9 propos\u00e9 en ligne en tant que drogue de synth\u00e8se. Alors que MDMB-CHMICA \u00e9tait initialement commercialis\u00e9 sous le nom de &#8220;MMB-CHMINACA&#8221;, l&#8217;analogue isopropylique de MDMB-CHMINACA (AMB-CHMINACA) a \u00e9t\u00e9 d\u00e9couvert sur le march\u00e9 des m\u00e9dicaments de synth\u00e8se en 2015.<\/p>\n<p>MMB-CHMINACA<\/p>\n<p>MDMB-CHMINACA<\/p>\n<p>MMB-CHMINACA (MDMB-CHMINACA) est un cannabis synth\u00e9tique \u00e0 base d&#8217;indole qui a \u00e9t\u00e9 propos\u00e9 en ligne en tant que drogue de synth\u00e8se.<\/p>\n<p>MMB-CHMINACA<\/p>\n<p>MDMB-CHMINACA<\/p>\n<p>Nom IUPAC\u00a0: (2S)<\/p>\n<p>2,3-dim\u00e9thylbutanoate<br \/> CAS\u00a0: N\/A<br \/> N\/A ChemSpider <br \/> C23H32N2O3<br \/> 384,5 g\/mol MMB<br \/> MDMB-CHMINACA<\/p>\n<p>(2S)-m\u00e9thyl<\/p>\n<p>1 H-indol-3-ylcarbonylamino-2 ,3-dim\u00e9thylbutanoate<\/p>\n<p>MMB-CHMINACA (MDMB-CHMINACA) est un cannabino\u00efde \u00e0 base d&#8217;indole avec un groupe dim\u00e9thylbutanoate. Ce produit chimique semble avoir une affinit\u00e9 de liaison in vitro plus \u00e9lev\u00e9e que de nombreux cannabino\u00efdes actuels, et les chercheurs doivent garder cela \u00e0 l&#8217;esprit lors de la conception d&#8217;\u00e9tudes et du d\u00e9ploiement de mat\u00e9riel sur des substrats cellulaires.<\/p>\n<p>Les cannabino\u00efdes synth\u00e9tiques sont une grande collection de compos\u00e9s qui sont constamment \u00e9voluer et \u00eatre pr\u00e9sent\u00e9 au public. Cependant, l&#8217;introduction de MMB-CHMINACA a suscit\u00e9 un int\u00e9r\u00eat remarquable en raison de ses propri\u00e9t\u00e9s uniques. Son influence hypoth\u00e9tique sur les r\u00e9cepteurs CB1 et CB2 est consid\u00e9rablement plus grande par unit\u00e9 que AB-CHMINACA, n\u00e9cessitant moins de quantit\u00e9 de mati\u00e8re active pour satisfaire l&#8217;objectif de l&#8217;exp\u00e9rience.<\/p>\n<p>MMB-CHMINACA est une poudre blanche qui peut \u00eatre stock\u00e9e en toute s\u00e9curit\u00e9 et manipul\u00e9 en laboratoire. Ce cannabino\u00efde synth\u00e9tique a la formule chimique compliqu\u00e9e (2S)-m\u00e9thyl-2-(1-(cyclohexylm\u00e9thyl)-1 H-indol-3-ylcarbonylamino)-3,3-dim\u00e9thylbutanoate. Sa masse mol\u00e9culaire est de 384,5 g\/mol et sa formule est C23H32N2O3.<\/p>\n<p>Le MMB-CHMINACA est un nouveau produit chimique qui doit \u00eatre manipul\u00e9 avec la plus grande attention et mesur\u00e9 avec pr\u00e9cision en raison de sa puret\u00e9 exceptionnelle. Nous exhortons tout le monde \u00e0 examiner l&#8217;\u00e9tat des restrictions locales avant d&#8217;obtenir du cannabis synth\u00e9tique et d&#8217;autres substances sur notre boutique en ligne.<\/p>\n","protected":false},"excerpt":{"rendered":"<p>Acheter MDMB-CHMICA, MMB2101 \u00e0 vendre en Europe, au Royaume-Uni (\u00e9galement connu \u00e0 tort sous le nom de MMB-CHMINACA) est un\u00a0cannabino\u00efde synth\u00e9tique \u00e0 base d&#8217;indole\u00a0qui est un\u00a0puissant\u00a0agoniste\u00a0du\u00a0r\u00e9cepteur\u00a0CB1\u00a0et a \u00e9t\u00e9 vendu en ligne en tant que\u00a0drogue de synth\u00e8se, Vente en gros Commande disponible<\/p>\n","protected":false},"featured_media":5937,"comment_status":"open","ping_status":"closed","template":"","meta":[],"product_brand":[],"product_cat":[2596],"product_tag":[4083,4087,4084,4088,4085,4086,4089],"class_list":{"0":"post-5912","1":"product","2":"type-product","3":"status-publish","4":"has-post-thumbnail","6":"product_cat-cannabinoides-a-vendre","7":"product_tag-acheter-mmb-chminaca-en-ligne","8":"product_tag-commande-mmb-chminaca-en-ligne","9":"product_tag-comment-acheter-mmb-chminaca-en-ligne","10":"product_tag-le-meilleur-endroit-pour-acheter-mmb-chminaca-en-ligne","11":"product_tag-mmb-chminaca","12":"product_tag-mmb-chminaca-a-vendre","13":"product_tag-o-acheter-mmb-chminaca-en-ligne","15":"first","16":"instock","17":"shipping-taxable","18":"purchasable","19":"product-type-variable"},"yoast_head":"<!-- This site is optimized with the Yoast SEO plugin v27.3 - https:\/\/yoast.com\/product\/yoast-seo-wordpress\/ -->\n<title>Acheter MMB-Chminaca - MMB-CHMINACA - Best Global Meds<\/title>\n<meta name=\"description\" content=\"Acheter MDMB-CHMICA, MMB2101\u00a0\u00e0 vendre en Europe, au Royaume-Uni (\u00e9galement connu \u00e0 tort sous le nom de MMB-CHMINACA) est un\u00a0cannabino\u00efde synth\u00e9tique \u00e0 base d&#039;indole\u00a0qui est un\u00a0puissant\u00a0agoniste\u00a0du\u00a0r\u00e9cepteur\u00a0CB1\u00a0et a \u00e9t\u00e9 vendu en ligne en tant que\u00a0drogue de synth\u00e8se, commande en gros disponible\" \/>\n<meta name=\"robots\" content=\"index, follow, max-snippet:-1, max-image-preview:large, max-video-preview:-1\" \/>\n<link rel=\"canonical\" href=\"https:\/\/medicinasinc.com\/fr\/product\/acheter-mdmb-chmica\/\" \/>\n<meta property=\"og:locale\" content=\"en_US\" \/>\n<meta property=\"og:type\" content=\"article\" \/>\n<meta property=\"og:title\" content=\"Acheter MMB-Chminaca - MMB-CHMINACA - Best Global Meds\" \/>\n<meta property=\"og:description\" content=\"Acheter MDMB-CHMICA, MMB2101\u00a0\u00e0 vendre en Europe, au Royaume-Uni (\u00e9galement connu \u00e0 tort sous le nom de MMB-CHMINACA) est un\u00a0cannabino\u00efde synth\u00e9tique \u00e0 base d&#039;indole\u00a0qui est un\u00a0puissant\u00a0agoniste\u00a0du\u00a0r\u00e9cepteur\u00a0CB1\u00a0et a \u00e9t\u00e9 vendu en ligne en tant que\u00a0drogue de synth\u00e8se, commande en gros disponible\" \/>\n<meta property=\"og:url\" content=\"https:\/\/medicinasinc.com\/fr\/product\/acheter-mdmb-chmica\/\" \/>\n<meta property=\"og:site_name\" content=\"Medicinas Inc\" \/>\n<meta property=\"article:modified_time\" content=\"2022-03-17T11:34:57+00:00\" \/>\n<meta property=\"og:image\" content=\"https:\/\/medicinasinc.com\/fr\/wp-content\/uploads\/sites\/5\/2022\/02\/Buy-MDMB-CHMICA.jpg\" \/>\n\t<meta property=\"og:image:width\" content=\"459\" \/>\n\t<meta property=\"og:image:height\" content=\"443\" \/>\n\t<meta property=\"og:image:type\" content=\"image\/jpeg\" \/>\n<meta name=\"twitter:card\" content=\"summary_large_image\" \/>\n<meta name=\"twitter:label1\" content=\"Est. reading time\" \/>\n\t<meta name=\"twitter:data1\" content=\"2 minutes\" \/>\n<script type=\"application\/ld+json\" class=\"yoast-schema-graph\">{\"@context\":\"https:\\\/\\\/schema.org\",\"@graph\":[{\"@type\":\"WebPage\",\"@id\":\"https:\\\/\\\/medicinasinc.com\\\/fr\\\/product\\\/acheter-mdmb-chmica\\\/\",\"url\":\"https:\\\/\\\/medicinasinc.com\\\/fr\\\/product\\\/acheter-mdmb-chmica\\\/\",\"name\":\"Acheter MMB-Chminaca - MMB-CHMINACA - Best Global Meds\",\"isPartOf\":{\"@id\":\"https:\\\/\\\/medicinasinc.com\\\/fr\\\/#website\"},\"primaryImageOfPage\":{\"@id\":\"https:\\\/\\\/medicinasinc.com\\\/fr\\\/product\\\/acheter-mdmb-chmica\\\/#primaryimage\"},\"image\":{\"@id\":\"https:\\\/\\\/medicinasinc.com\\\/fr\\\/product\\\/acheter-mdmb-chmica\\\/#primaryimage\"},\"thumbnailUrl\":\"https:\\\/\\\/medicinasinc.com\\\/fr\\\/wp-content\\\/uploads\\\/sites\\\/5\\\/2022\\\/02\\\/Buy-MDMB-CHMICA.jpg\",\"datePublished\":\"2022-02-22T08:15:30+00:00\",\"dateModified\":\"2022-03-17T11:34:57+00:00\",\"description\":\"Acheter MDMB-CHMICA, MMB2101\u00a0\u00e0 vendre en Europe, au Royaume-Uni (\u00e9galement connu \u00e0 tort sous le nom de MMB-CHMINACA) est un\u00a0cannabino\u00efde synth\u00e9tique \u00e0 base d'indole\u00a0qui est un\u00a0puissant\u00a0agoniste\u00a0du\u00a0r\u00e9cepteur\u00a0CB1\u00a0et a \u00e9t\u00e9 vendu en ligne en tant que\u00a0drogue de synth\u00e8se, commande en gros disponible\",\"breadcrumb\":{\"@id\":\"https:\\\/\\\/medicinasinc.com\\\/fr\\\/product\\\/acheter-mdmb-chmica\\\/#breadcrumb\"},\"inLanguage\":\"en-US\",\"potentialAction\":[{\"@type\":\"ReadAction\",\"target\":[\"https:\\\/\\\/medicinasinc.com\\\/fr\\\/product\\\/acheter-mdmb-chmica\\\/\"]}]},{\"@type\":\"ImageObject\",\"inLanguage\":\"en-US\",\"@id\":\"https:\\\/\\\/medicinasinc.com\\\/fr\\\/product\\\/acheter-mdmb-chmica\\\/#primaryimage\",\"url\":\"https:\\\/\\\/medicinasinc.com\\\/fr\\\/wp-content\\\/uploads\\\/sites\\\/5\\\/2022\\\/02\\\/Buy-MDMB-CHMICA.jpg\",\"contentUrl\":\"https:\\\/\\\/medicinasinc.com\\\/fr\\\/wp-content\\\/uploads\\\/sites\\\/5\\\/2022\\\/02\\\/Buy-MDMB-CHMICA.jpg\",\"width\":459,\"height\":443},{\"@type\":\"BreadcrumbList\",\"@id\":\"https:\\\/\\\/medicinasinc.com\\\/fr\\\/product\\\/acheter-mdmb-chmica\\\/#breadcrumb\",\"itemListElement\":[{\"@type\":\"ListItem\",\"position\":1,\"name\":\"Boutique\",\"item\":\"https:\\\/\\\/medicinasinc.com\\\/fr\\\/boutique\\\/\"},{\"@type\":\"ListItem\",\"position\":2,\"name\":\"Acheter MDMB-CHMICA\"}]},{\"@type\":\"WebSite\",\"@id\":\"https:\\\/\\\/medicinasinc.com\\\/fr\\\/#website\",\"url\":\"https:\\\/\\\/medicinasinc.com\\\/fr\\\/\",\"name\":\"Medicinas Inc\",\"description\":\"Health Medical Clinic\",\"potentialAction\":[{\"@type\":\"SearchAction\",\"target\":{\"@type\":\"EntryPoint\",\"urlTemplate\":\"https:\\\/\\\/medicinasinc.com\\\/fr\\\/?s={search_term_string}\"},\"query-input\":{\"@type\":\"PropertyValueSpecification\",\"valueRequired\":true,\"valueName\":\"search_term_string\"}}],\"inLanguage\":\"en-US\"}]}<\/script>\n<!-- \/ Yoast SEO plugin. -->","yoast_head_json":{"title":"Acheter MMB-Chminaca - MMB-CHMINACA - Best Global Meds","description":"Acheter MDMB-CHMICA, MMB2101\u00a0\u00e0 vendre en Europe, au Royaume-Uni (\u00e9galement connu \u00e0 tort sous le nom de MMB-CHMINACA) est un\u00a0cannabino\u00efde synth\u00e9tique \u00e0 base d'indole\u00a0qui est un\u00a0puissant\u00a0agoniste\u00a0du\u00a0r\u00e9cepteur\u00a0CB1\u00a0et a \u00e9t\u00e9 vendu en ligne en tant que\u00a0drogue de synth\u00e8se, commande en gros disponible","robots":{"index":"index","follow":"follow","max-snippet":"max-snippet:-1","max-image-preview":"max-image-preview:large","max-video-preview":"max-video-preview:-1"},"canonical":"https:\/\/medicinasinc.com\/fr\/product\/acheter-mdmb-chmica\/","og_locale":"en_US","og_type":"article","og_title":"Acheter MMB-Chminaca - MMB-CHMINACA - Best Global Meds","og_description":"Acheter MDMB-CHMICA, MMB2101\u00a0\u00e0 vendre en Europe, au Royaume-Uni (\u00e9galement connu \u00e0 tort sous le nom de MMB-CHMINACA) est un\u00a0cannabino\u00efde synth\u00e9tique \u00e0 base d'indole\u00a0qui est un\u00a0puissant\u00a0agoniste\u00a0du\u00a0r\u00e9cepteur\u00a0CB1\u00a0et a \u00e9t\u00e9 vendu en ligne en tant que\u00a0drogue de synth\u00e8se, commande en gros disponible","og_url":"https:\/\/medicinasinc.com\/fr\/product\/acheter-mdmb-chmica\/","og_site_name":"Medicinas Inc","article_modified_time":"2022-03-17T11:34:57+00:00","og_image":[{"width":459,"height":443,"url":"https:\/\/medicinasinc.com\/fr\/wp-content\/uploads\/sites\/5\/2022\/02\/Buy-MDMB-CHMICA.jpg","type":"image\/jpeg"}],"twitter_card":"summary_large_image","twitter_misc":{"Est. reading time":"2 minutes"},"schema":{"@context":"https:\/\/schema.org","@graph":[{"@type":"WebPage","@id":"https:\/\/medicinasinc.com\/fr\/product\/acheter-mdmb-chmica\/","url":"https:\/\/medicinasinc.com\/fr\/product\/acheter-mdmb-chmica\/","name":"Acheter MMB-Chminaca - MMB-CHMINACA - Best Global Meds","isPartOf":{"@id":"https:\/\/medicinasinc.com\/fr\/#website"},"primaryImageOfPage":{"@id":"https:\/\/medicinasinc.com\/fr\/product\/acheter-mdmb-chmica\/#primaryimage"},"image":{"@id":"https:\/\/medicinasinc.com\/fr\/product\/acheter-mdmb-chmica\/#primaryimage"},"thumbnailUrl":"https:\/\/medicinasinc.com\/fr\/wp-content\/uploads\/sites\/5\/2022\/02\/Buy-MDMB-CHMICA.jpg","datePublished":"2022-02-22T08:15:30+00:00","dateModified":"2022-03-17T11:34:57+00:00","description":"Acheter MDMB-CHMICA, MMB2101\u00a0\u00e0 vendre en Europe, au Royaume-Uni (\u00e9galement connu \u00e0 tort sous le nom de MMB-CHMINACA) est un\u00a0cannabino\u00efde synth\u00e9tique \u00e0 base d'indole\u00a0qui est un\u00a0puissant\u00a0agoniste\u00a0du\u00a0r\u00e9cepteur\u00a0CB1\u00a0et a \u00e9t\u00e9 vendu en ligne en tant que\u00a0drogue de synth\u00e8se, commande en gros disponible","breadcrumb":{"@id":"https:\/\/medicinasinc.com\/fr\/product\/acheter-mdmb-chmica\/#breadcrumb"},"inLanguage":"en-US","potentialAction":[{"@type":"ReadAction","target":["https:\/\/medicinasinc.com\/fr\/product\/acheter-mdmb-chmica\/"]}]},{"@type":"ImageObject","inLanguage":"en-US","@id":"https:\/\/medicinasinc.com\/fr\/product\/acheter-mdmb-chmica\/#primaryimage","url":"https:\/\/medicinasinc.com\/fr\/wp-content\/uploads\/sites\/5\/2022\/02\/Buy-MDMB-CHMICA.jpg","contentUrl":"https:\/\/medicinasinc.com\/fr\/wp-content\/uploads\/sites\/5\/2022\/02\/Buy-MDMB-CHMICA.jpg","width":459,"height":443},{"@type":"BreadcrumbList","@id":"https:\/\/medicinasinc.com\/fr\/product\/acheter-mdmb-chmica\/#breadcrumb","itemListElement":[{"@type":"ListItem","position":1,"name":"Boutique","item":"https:\/\/medicinasinc.com\/fr\/boutique\/"},{"@type":"ListItem","position":2,"name":"Acheter MDMB-CHMICA"}]},{"@type":"WebSite","@id":"https:\/\/medicinasinc.com\/fr\/#website","url":"https:\/\/medicinasinc.com\/fr\/","name":"Medicinas Inc","description":"Health Medical Clinic","potentialAction":[{"@type":"SearchAction","target":{"@type":"EntryPoint","urlTemplate":"https:\/\/medicinasinc.com\/fr\/?s={search_term_string}"},"query-input":{"@type":"PropertyValueSpecification","valueRequired":true,"valueName":"search_term_string"}}],"inLanguage":"en-US"}]}},"_links":{"self":[{"href":"https:\/\/medicinasinc.com\/fr\/wp-json\/wp\/v2\/product\/5912","targetHints":{"allow":["GET"]}}],"collection":[{"href":"https:\/\/medicinasinc.com\/fr\/wp-json\/wp\/v2\/product"}],"about":[{"href":"https:\/\/medicinasinc.com\/fr\/wp-json\/wp\/v2\/types\/product"}],"replies":[{"embeddable":true,"href":"https:\/\/medicinasinc.com\/fr\/wp-json\/wp\/v2\/comments?post=5912"}],"wp:featuredmedia":[{"embeddable":true,"href":"https:\/\/medicinasinc.com\/fr\/wp-json\/wp\/v2\/media\/5937"}],"wp:attachment":[{"href":"https:\/\/medicinasinc.com\/fr\/wp-json\/wp\/v2\/media?parent=5912"}],"wp:term":[{"taxonomy":"product_brand","embeddable":true,"href":"https:\/\/medicinasinc.com\/fr\/wp-json\/wp\/v2\/product_brand?post=5912"},{"taxonomy":"product_cat","embeddable":true,"href":"https:\/\/medicinasinc.com\/fr\/wp-json\/wp\/v2\/product_cat?post=5912"},{"taxonomy":"product_tag","embeddable":true,"href":"https:\/\/medicinasinc.com\/fr\/wp-json\/wp\/v2\/product_tag?post=5912"}],"curies":[{"name":"wp","href":"https:\/\/api.w.org\/{rel}","templated":true}]}}