{"id":5902,"date":"2022-02-22T08:09:55","date_gmt":"2022-02-22T08:09:55","guid":{"rendered":"https:\/\/medicinasinc.com\/fr\/?post_type=product&#038;p=5902"},"modified":"2022-03-17T11:37:33","modified_gmt":"2022-03-17T11:37:33","slug":"acheter-5f-adb","status":"publish","type":"product","link":"https:\/\/medicinasinc.com\/fr\/product\/acheter-5f-adb\/","title":{"rendered":"Acheter 5F-ADB"},"content":{"rendered":"<p>5F-ADB (\u00e9galement orthographi\u00e9 5F-MDMB-PINACA) est un cannabino\u00efde synth\u00e9tique d\u00e9riv\u00e9 de l&#8217;indazole qui a \u00e9t\u00e9 utilis\u00e9 comme ingr\u00e9dient actif dans des produits \u00e0 base de cannabis synth\u00e9tique et vendu en ligne en tant que drogue de synth\u00e8se.<\/p>\n<p>5F -ADB est un puissant agoniste du r\u00e9cepteur CB1, bien que sa s\u00e9lectivit\u00e9 pour ce r\u00e9cepteur soit inconnue. Le 5F-ADB a \u00e9t\u00e9 trouv\u00e9 pour la premi\u00e8re fois en novembre 2014 \u00e0 partir d&#8217;\u00e9chantillons post-mortem pr\u00e9lev\u00e9s sur une personne d\u00e9c\u00e9d\u00e9e apr\u00e8s avoir pris un produit contenant ce m\u00e9dicament. Des tests ult\u00e9rieurs ont r\u00e9v\u00e9l\u00e9 que le 5F-ADB avait \u00e9t\u00e9 d\u00e9tect\u00e9 chez un total de dix personnes d\u00e9c\u00e9d\u00e9es au Japon entre septembre et d\u00e9cembre 2014 \u00e0 la suite d&#8217;une surdose de drogue inexplicable. Sur la base des niveaux relativement faibles d\u00e9couverts dans les tests de tissus, le 5F-ADB est consid\u00e9r\u00e9 comme extr\u00eamement fort et semble \u00eatre beaucoup plus dangereux que les m\u00e9dicaments \u00e0 base de cannabis synth\u00e9tique vendus pr\u00e9c\u00e9demment.<\/p>\n<p>N-[[1-(5- fluoropentyl)-1H-indazol-3-yl]carbonyl]<\/p>\n<p>-3-m\u00e9thyl-D-valine m\u00e9thyl ester (5F-ADB) est un cannabis synth\u00e9tique tr\u00e8s puissant qui provoque de graves sympt\u00f4mes psychotiques chez l&#8217;homme, occasionnellement fatalement.<\/p>\n<p>Pour \u00e9lucider les m\u00e9canismes neuronaux \u00e0 l&#8217;origine de la toxicit\u00e9 du 5F, ADB a \u00e9tudi\u00e9 ses effets sur les circuits dopaminergiques et s\u00e9rotoninergiques du m\u00e9senc\u00e9phale, qui r\u00e9gulent diverses fonctions c\u00e9r\u00e9brales fondamentales, y compris celles associ\u00e9es au comportement li\u00e9 \u00e0 la r\u00e9compense. Des techniques \u00e9lectrophysiologiques ex vivo ont \u00e9t\u00e9 utilis\u00e9es pour enregistrer les alt\u00e9rations de l&#8217;activit\u00e9 de d\u00e9clenchement spontan\u00e9 des neurones dopaminergiques et s\u00e9rotoninergiques produits par le 5F-ADB.<\/p>\n<p>5F-ADB (1 M) a consid\u00e9rablement augment\u00e9 le taux de d\u00e9clenchement spontan\u00e9 des neurones dopaminergiques, mais n&#8217;a pas r\u00e9ussi \u00e0 les activer en pr\u00e9sence de l&#8217;antagoniste CB1 AM251 (1 M). La m\u00eame concentration de 5F-ADB, en revanche, n&#8217;a eu aucun effet sur l&#8217;activit\u00e9 des neurones s\u00e9rotoninergiques. Ces r\u00e9sultats montrent que le 5F-ADB active les r\u00e9cepteurs CB1 locaux et am\u00e9liore les syst\u00e8mes dopaminergiques du m\u00e9senc\u00e9phale tout en n&#8217;ayant aucun effet sur les syst\u00e8mes s\u00e9rotoninergiques du m\u00e9senc\u00e9phale.<\/p>\n","protected":false},"excerpt":{"rendered":"<p>Acheter 5F-ADB \u00e0 vendre au Royaume-Uni, en Europe, en Chine (\u00e9galement connu sous le nom de 5F-MDMB-PINACA) est un cannabino\u00efde synth\u00e9tique \u00e0 base d&#8217;indazole de la famille des indazole-3-carboxamide, commande en gros disponible<\/p>\n","protected":false},"featured_media":5933,"comment_status":"open","ping_status":"closed","template":"","meta":[],"product_brand":[],"product_cat":[2596],"product_tag":[4067,4066,4069,4070,4071,4073,4072,4074,4076,4068,4075],"class_list":{"0":"post-5902","1":"product","2":"type-product","3":"status-publish","4":"has-post-thumbnail","6":"product_cat-cannabinoides-a-vendre","7":"product_tag-5f-adb--vendre","8":"product_tag-5f-adb","9":"product_tag-5f-mdmb-pinaca","10":"product_tag-acheter-5f-adb-en-ligne","11":"product_tag-c20h28fn3o3","12":"product_tag-commande-5f-adb-en-ligne","13":"product_tag-comment-acheter-5f-adb-en-ligne","14":"product_tag-le-meilleur-endroit-pour-acheter-5f-adb-en-ligne","15":"product_tag-o-acheter-5f-adb-en-ligne","16":"product_tag-5f-adb-poudre","17":"product_tag-v1715016-75-3","19":"first","20":"instock","21":"featured","22":"shipping-taxable","23":"purchasable","24":"product-type-variable"},"yoast_head":"<!-- This site is optimized with the Yoast SEO plugin v27.3 - https:\/\/yoast.com\/product\/yoast-seo-wordpress\/ -->\n<title>Acheter 5F-ADB - 5F-MDMB-PINACA - Meilleurs meilleurs m\u00e9dicaments mondiaux<\/title>\n<meta name=\"description\" content=\"Acheter du 5F-ADB \u00e0 vendre au Royaume-Uni, en Europe\u00a0(\u00e9galement connu sous le nom\u00a05F-MDMB-PINACA) est un\u00a0cannabino\u00efde synth\u00e9tique \u00e0 base d&#039;indazole\u00a0de la famille des indazole-3-carboxamides, commande en gros disponible\" \/>\n<meta name=\"robots\" content=\"index, follow, max-snippet:-1, max-image-preview:large, max-video-preview:-1\" \/>\n<link rel=\"canonical\" href=\"https:\/\/medicinasinc.com\/fr\/product\/acheter-5f-adb\/\" \/>\n<meta property=\"og:locale\" content=\"en_US\" \/>\n<meta property=\"og:type\" content=\"article\" \/>\n<meta property=\"og:title\" content=\"Acheter 5F-ADB - 5F-MDMB-PINACA - Meilleurs meilleurs m\u00e9dicaments mondiaux\" \/>\n<meta property=\"og:description\" content=\"Acheter du 5F-ADB \u00e0 vendre au Royaume-Uni, en Europe\u00a0(\u00e9galement connu sous le nom\u00a05F-MDMB-PINACA) est un\u00a0cannabino\u00efde synth\u00e9tique \u00e0 base d&#039;indazole\u00a0de la famille des indazole-3-carboxamides, commande en gros disponible\" \/>\n<meta property=\"og:url\" content=\"https:\/\/medicinasinc.com\/fr\/product\/acheter-5f-adb\/\" \/>\n<meta property=\"og:site_name\" content=\"Medicinas Inc\" \/>\n<meta property=\"article:modified_time\" content=\"2022-03-17T11:37:33+00:00\" \/>\n<meta property=\"og:image\" content=\"https:\/\/medicinasinc.com\/fr\/wp-content\/uploads\/sites\/5\/2022\/02\/Buy-5F-ADB.jpeg\" \/>\n\t<meta property=\"og:image:width\" content=\"800\" \/>\n\t<meta property=\"og:image:height\" content=\"450\" \/>\n\t<meta property=\"og:image:type\" content=\"image\/jpeg\" \/>\n<meta name=\"twitter:card\" content=\"summary_large_image\" \/>\n<meta name=\"twitter:label1\" content=\"Est. reading time\" \/>\n\t<meta name=\"twitter:data1\" content=\"2 minutes\" \/>\n<script type=\"application\/ld+json\" class=\"yoast-schema-graph\">{\"@context\":\"https:\\\/\\\/schema.org\",\"@graph\":[{\"@type\":\"WebPage\",\"@id\":\"https:\\\/\\\/medicinasinc.com\\\/fr\\\/product\\\/acheter-5f-adb\\\/\",\"url\":\"https:\\\/\\\/medicinasinc.com\\\/fr\\\/product\\\/acheter-5f-adb\\\/\",\"name\":\"Acheter 5F-ADB - 5F-MDMB-PINACA - Meilleurs meilleurs m\u00e9dicaments mondiaux\",\"isPartOf\":{\"@id\":\"https:\\\/\\\/medicinasinc.com\\\/fr\\\/#website\"},\"primaryImageOfPage\":{\"@id\":\"https:\\\/\\\/medicinasinc.com\\\/fr\\\/product\\\/acheter-5f-adb\\\/#primaryimage\"},\"image\":{\"@id\":\"https:\\\/\\\/medicinasinc.com\\\/fr\\\/product\\\/acheter-5f-adb\\\/#primaryimage\"},\"thumbnailUrl\":\"https:\\\/\\\/medicinasinc.com\\\/fr\\\/wp-content\\\/uploads\\\/sites\\\/5\\\/2022\\\/02\\\/Buy-5F-ADB.jpeg\",\"datePublished\":\"2022-02-22T08:09:55+00:00\",\"dateModified\":\"2022-03-17T11:37:33+00:00\",\"description\":\"Acheter du 5F-ADB \u00e0 vendre au Royaume-Uni, en Europe\u00a0(\u00e9galement connu sous le nom\u00a05F-MDMB-PINACA) est un\u00a0cannabino\u00efde synth\u00e9tique \u00e0 base d'indazole\u00a0de la famille des indazole-3-carboxamides, commande en gros disponible\",\"breadcrumb\":{\"@id\":\"https:\\\/\\\/medicinasinc.com\\\/fr\\\/product\\\/acheter-5f-adb\\\/#breadcrumb\"},\"inLanguage\":\"en-US\",\"potentialAction\":[{\"@type\":\"ReadAction\",\"target\":[\"https:\\\/\\\/medicinasinc.com\\\/fr\\\/product\\\/acheter-5f-adb\\\/\"]}]},{\"@type\":\"ImageObject\",\"inLanguage\":\"en-US\",\"@id\":\"https:\\\/\\\/medicinasinc.com\\\/fr\\\/product\\\/acheter-5f-adb\\\/#primaryimage\",\"url\":\"https:\\\/\\\/medicinasinc.com\\\/fr\\\/wp-content\\\/uploads\\\/sites\\\/5\\\/2022\\\/02\\\/Buy-5F-ADB.jpeg\",\"contentUrl\":\"https:\\\/\\\/medicinasinc.com\\\/fr\\\/wp-content\\\/uploads\\\/sites\\\/5\\\/2022\\\/02\\\/Buy-5F-ADB.jpeg\",\"width\":800,\"height\":450},{\"@type\":\"BreadcrumbList\",\"@id\":\"https:\\\/\\\/medicinasinc.com\\\/fr\\\/product\\\/acheter-5f-adb\\\/#breadcrumb\",\"itemListElement\":[{\"@type\":\"ListItem\",\"position\":1,\"name\":\"Boutique\",\"item\":\"https:\\\/\\\/medicinasinc.com\\\/fr\\\/boutique\\\/\"},{\"@type\":\"ListItem\",\"position\":2,\"name\":\"Acheter 5F-ADB\"}]},{\"@type\":\"WebSite\",\"@id\":\"https:\\\/\\\/medicinasinc.com\\\/fr\\\/#website\",\"url\":\"https:\\\/\\\/medicinasinc.com\\\/fr\\\/\",\"name\":\"Medicinas Inc\",\"description\":\"Health Medical Clinic\",\"potentialAction\":[{\"@type\":\"SearchAction\",\"target\":{\"@type\":\"EntryPoint\",\"urlTemplate\":\"https:\\\/\\\/medicinasinc.com\\\/fr\\\/?s={search_term_string}\"},\"query-input\":{\"@type\":\"PropertyValueSpecification\",\"valueRequired\":true,\"valueName\":\"search_term_string\"}}],\"inLanguage\":\"en-US\"}]}<\/script>\n<!-- \/ Yoast SEO plugin. -->","yoast_head_json":{"title":"Acheter 5F-ADB - 5F-MDMB-PINACA - Meilleurs meilleurs m\u00e9dicaments mondiaux","description":"Acheter du 5F-ADB \u00e0 vendre au Royaume-Uni, en Europe\u00a0(\u00e9galement connu sous le nom\u00a05F-MDMB-PINACA) est un\u00a0cannabino\u00efde synth\u00e9tique \u00e0 base d'indazole\u00a0de la famille des indazole-3-carboxamides, commande en gros disponible","robots":{"index":"index","follow":"follow","max-snippet":"max-snippet:-1","max-image-preview":"max-image-preview:large","max-video-preview":"max-video-preview:-1"},"canonical":"https:\/\/medicinasinc.com\/fr\/product\/acheter-5f-adb\/","og_locale":"en_US","og_type":"article","og_title":"Acheter 5F-ADB - 5F-MDMB-PINACA - Meilleurs meilleurs m\u00e9dicaments mondiaux","og_description":"Acheter du 5F-ADB \u00e0 vendre au Royaume-Uni, en Europe\u00a0(\u00e9galement connu sous le nom\u00a05F-MDMB-PINACA) est un\u00a0cannabino\u00efde synth\u00e9tique \u00e0 base d'indazole\u00a0de la famille des indazole-3-carboxamides, commande en gros disponible","og_url":"https:\/\/medicinasinc.com\/fr\/product\/acheter-5f-adb\/","og_site_name":"Medicinas Inc","article_modified_time":"2022-03-17T11:37:33+00:00","og_image":[{"width":800,"height":450,"url":"https:\/\/medicinasinc.com\/fr\/wp-content\/uploads\/sites\/5\/2022\/02\/Buy-5F-ADB.jpeg","type":"image\/jpeg"}],"twitter_card":"summary_large_image","twitter_misc":{"Est. reading time":"2 minutes"},"schema":{"@context":"https:\/\/schema.org","@graph":[{"@type":"WebPage","@id":"https:\/\/medicinasinc.com\/fr\/product\/acheter-5f-adb\/","url":"https:\/\/medicinasinc.com\/fr\/product\/acheter-5f-adb\/","name":"Acheter 5F-ADB - 5F-MDMB-PINACA - Meilleurs meilleurs m\u00e9dicaments mondiaux","isPartOf":{"@id":"https:\/\/medicinasinc.com\/fr\/#website"},"primaryImageOfPage":{"@id":"https:\/\/medicinasinc.com\/fr\/product\/acheter-5f-adb\/#primaryimage"},"image":{"@id":"https:\/\/medicinasinc.com\/fr\/product\/acheter-5f-adb\/#primaryimage"},"thumbnailUrl":"https:\/\/medicinasinc.com\/fr\/wp-content\/uploads\/sites\/5\/2022\/02\/Buy-5F-ADB.jpeg","datePublished":"2022-02-22T08:09:55+00:00","dateModified":"2022-03-17T11:37:33+00:00","description":"Acheter du 5F-ADB \u00e0 vendre au Royaume-Uni, en Europe\u00a0(\u00e9galement connu sous le nom\u00a05F-MDMB-PINACA) est un\u00a0cannabino\u00efde synth\u00e9tique \u00e0 base d'indazole\u00a0de la famille des indazole-3-carboxamides, commande en gros disponible","breadcrumb":{"@id":"https:\/\/medicinasinc.com\/fr\/product\/acheter-5f-adb\/#breadcrumb"},"inLanguage":"en-US","potentialAction":[{"@type":"ReadAction","target":["https:\/\/medicinasinc.com\/fr\/product\/acheter-5f-adb\/"]}]},{"@type":"ImageObject","inLanguage":"en-US","@id":"https:\/\/medicinasinc.com\/fr\/product\/acheter-5f-adb\/#primaryimage","url":"https:\/\/medicinasinc.com\/fr\/wp-content\/uploads\/sites\/5\/2022\/02\/Buy-5F-ADB.jpeg","contentUrl":"https:\/\/medicinasinc.com\/fr\/wp-content\/uploads\/sites\/5\/2022\/02\/Buy-5F-ADB.jpeg","width":800,"height":450},{"@type":"BreadcrumbList","@id":"https:\/\/medicinasinc.com\/fr\/product\/acheter-5f-adb\/#breadcrumb","itemListElement":[{"@type":"ListItem","position":1,"name":"Boutique","item":"https:\/\/medicinasinc.com\/fr\/boutique\/"},{"@type":"ListItem","position":2,"name":"Acheter 5F-ADB"}]},{"@type":"WebSite","@id":"https:\/\/medicinasinc.com\/fr\/#website","url":"https:\/\/medicinasinc.com\/fr\/","name":"Medicinas Inc","description":"Health Medical Clinic","potentialAction":[{"@type":"SearchAction","target":{"@type":"EntryPoint","urlTemplate":"https:\/\/medicinasinc.com\/fr\/?s={search_term_string}"},"query-input":{"@type":"PropertyValueSpecification","valueRequired":true,"valueName":"search_term_string"}}],"inLanguage":"en-US"}]}},"_links":{"self":[{"href":"https:\/\/medicinasinc.com\/fr\/wp-json\/wp\/v2\/product\/5902","targetHints":{"allow":["GET"]}}],"collection":[{"href":"https:\/\/medicinasinc.com\/fr\/wp-json\/wp\/v2\/product"}],"about":[{"href":"https:\/\/medicinasinc.com\/fr\/wp-json\/wp\/v2\/types\/product"}],"replies":[{"embeddable":true,"href":"https:\/\/medicinasinc.com\/fr\/wp-json\/wp\/v2\/comments?post=5902"}],"wp:featuredmedia":[{"embeddable":true,"href":"https:\/\/medicinasinc.com\/fr\/wp-json\/wp\/v2\/media\/5933"}],"wp:attachment":[{"href":"https:\/\/medicinasinc.com\/fr\/wp-json\/wp\/v2\/media?parent=5902"}],"wp:term":[{"taxonomy":"product_brand","embeddable":true,"href":"https:\/\/medicinasinc.com\/fr\/wp-json\/wp\/v2\/product_brand?post=5902"},{"taxonomy":"product_cat","embeddable":true,"href":"https:\/\/medicinasinc.com\/fr\/wp-json\/wp\/v2\/product_cat?post=5902"},{"taxonomy":"product_tag","embeddable":true,"href":"https:\/\/medicinasinc.com\/fr\/wp-json\/wp\/v2\/product_tag?post=5902"}],"curies":[{"name":"wp","href":"https:\/\/api.w.org\/{rel}","templated":true}]}}