{"id":5897,"date":"2022-02-22T08:07:13","date_gmt":"2022-02-22T08:07:13","guid":{"rendered":"https:\/\/medicinasinc.com\/fr\/?post_type=product&#038;p=5897"},"modified":"2022-03-17T11:37:47","modified_gmt":"2022-03-17T11:37:47","slug":"acheter-5c-akb48","status":"publish","type":"product","link":"https:\/\/medicinasinc.com\/fr\/product\/acheter-5c-akb48\/","title":{"rendered":"Acheter 5C-AKB48"},"content":{"rendered":"<p>Quel est le code 5C-AKB48\u00a0?<\/p>\n<p>5C-AKB48 est un cannabino\u00efde synth\u00e9tique appartenant \u00e0 la classe des indazoles carboxamides. Il s&#8217;agit de l&#8217;analogue 5-chloro du 5F-AKB48 (souvent appel\u00e9 AKB48, 5F-APINACA ou 5F-AKB48), le cannabino\u00efde synth\u00e9tique le plus connu d\u00e9couvert en Cor\u00e9e du Sud.<\/p>\n<p>Le plus grand d\u00e9taillant d&#8217;Europe de poudre 5C-AKB48.<\/p>\n<p>5C-AKB48 peut \u00eatre achet\u00e9 en ligne en utilisant Bitcoin. Le 5C-AKB48 est une version plus puissante de l&#8217;AKB-48 qui agit sur les r\u00e9cepteurs cannabino\u00efdes.<\/p>\n<p>Le 5C-AKB48 aurait des effets similaires, mais plus puissants, que le 5F-AKB48 et, comme tous les cannabino\u00efdes synth\u00e9tiques, il a une forte affinit\u00e9 pour les r\u00e9cepteurs CB1 et CB2.<\/p>\n<p>Caract\u00e9ristiques chimiques du 5C-AKB48<\/p>\n<p>C23H30CIN3O<\/p>\n<p>N- (adamantan-1-yl)<\/p>\n<p>-1-(5-chloropentyl)-1H-indazole<\/p>\n<p>-3-carboxamide<\/p>\n<p>Poids mol\u00e9culaire\u00a0: 400,00 g\/mol<\/p>\n<p>Puret\u00e9 : sup\u00e9rieur \u00e0 98\u00a0%<\/p>\n<p>5C-AKB48 est un cannabino\u00efde synth\u00e9tique appartenant \u00e0 la famille des indazole-3-carboxamides. Il partage des caract\u00e9ristiques mol\u00e9culaires similaires avec 5F-ABD. Comme c&#8217;est le cas avec de nombreux cannabino\u00efdes, il a une forte affinit\u00e9 pour les r\u00e9cepteurs CB1 et CB2, ce qui contribue \u00e0 ses caract\u00e9ristiques euphorisantes. Comme c&#8217;est le cas de la majorit\u00e9 des cannabino\u00efdes, il est insoluble dans l&#8217;eau et stable \u00e0 temp\u00e9rature ambiante. Comme c&#8217;est le cas avec la majorit\u00e9 des cannabino\u00efdes, le 5C-AKB48 a un potentiel significatif d&#8217;utilisation comme analg\u00e9sique et stimulant de l&#8217;app\u00e9tit. Bien qu&#8217;aucun essai sur l&#8217;homme n&#8217;ait \u00e9t\u00e9 men\u00e9, il est raisonnable de supposer que le 5C-AKB48 a les m\u00eames effets cannabino\u00efdes synth\u00e9tiques que les autres produits chimiques de la m\u00eame classe. Il convient de mentionner que le profil de s\u00e9curit\u00e9 de ce m\u00e9dicament n&#8217;a pas \u00e9t\u00e9 \u00e9valu\u00e9 de mani\u00e8re approfondie et qu&#8217;il n&#8217;est pas destin\u00e9 \u00e0 la consommation humaine.<\/p>\n<p>Quels sont les effets secondaires probables et les pr\u00e9cautions associ\u00e9es au 5C-AKB48\u00a0?<\/p>\n<p>Les effets du 5C-psychoactif AKB48 sont comparables \u00e0 ceux d&#8217;autres cannabino\u00efdes naturels et synth\u00e9tiques, notamment le 5F-ABD.<\/p>\n<p>S\u00e9dation\u00a0: Peut-\u00eatre l&#8217;effet le plus connu des cannabino\u00efdes, les consommateurs signalent un profond sentiment de calme et une diminution des niveaux d&#8217;\u00e9nergie suite \u00e0 la consommation de 5C-AKB48.<\/p>\n<p>R\u00e9duire l&#8217;inflammation : Pendant des mill\u00e9naires, les cannabino\u00efdes naturels ont \u00e9t\u00e9 utilis\u00e9s pour leurs qualit\u00e9s anti-inflammatoires. Le CBD (un cannabino\u00efde non psychoactif) a r\u00e9cemment gagn\u00e9 en popularit\u00e9 en tant que analg\u00e9sique et anti-inflammatoire. Bien qu&#8217;aucune \u00e9tude officielle n&#8217;ait \u00e9t\u00e9 entreprise, il est raisonnable de supposer que le 5C-AKB48 poss\u00e8de les propri\u00e9t\u00e9s anti-inflammatoires associ\u00e9es aux cannabino\u00efdes.<\/p>\n<p>Caract\u00e9ristiques anti-naus\u00e9es et \u00e9m\u00e9tiques\u00a0: les cannabino\u00efdes ont des propri\u00e9t\u00e9s anti-naus\u00e9es et \u00e9m\u00e9tiques qui ont \u00e9t\u00e9 observ\u00e9s cliniquement depuis de nombreuses ann\u00e9es [1], avec des m\u00e9dicaments couramment prescrits tels que le Marinol, le syndros et le nabilone contenant des cannabino\u00efdes synth\u00e9tiques.<\/p>\n<p>Les cannabino\u00efdes sont reconnus depuis longtemps pour leur capacit\u00e9 \u00e0 r\u00e9duire consid\u00e9rablement la s\u00e9v\u00e9rit\u00e9 de la migraine et maux de t\u00eate chroniques chez l&#8217;homme [2]. Malheureusement, aucune \u00e9tude contr\u00f4l\u00e9e sur l&#8217;utilit\u00e9 du 5C-AKB48 dans le traitement des maux de t\u00eate n&#8217;a \u00e9t\u00e9 men\u00e9e, et seuls quelques rapports anecdotiques existent.<\/p>\n<p>Comme indiqu\u00e9 pr\u00e9c\u00e9demment, aucune recherche formelle n&#8217;a \u00e9t\u00e9 entreprise sur le 5C-AKB48. , et par cons\u00e9quent son profil de s\u00e9curit\u00e9 n&#8217;est pas clair pour le moment. Malgr\u00e9 l&#8217;absence de tests, nous pouvons nous attendre \u00e0 ce qu&#8217;il pr\u00e9sente les effets ind\u00e9sirables typiques du cannabis. Par cons\u00e9quent, il est essentiel de se rappeler que le 5C-AKB48 est destin\u00e9 \u00e0 la recherche uniquement et n&#8217;est pas destin\u00e9 \u00e0 la consommation humaine. Il ne doit pas \u00eatre manipul\u00e9 sans l&#8217;utilisation d&#8217;un \u00e9quipement de laboratoire appropri\u00e9, y compris une protection oculaire et des gants.<\/p>\n<p>O\u00f9 puis-je acheter\u00a0?<\/p>\n<p>Chemical Planet est fier d&#8217;offrir le 5C- de la plus haute qualit\u00e9. AKB48 sur le march\u00e9. Chemical Planet est \u00e9galement un fournisseur de confiance n \u00b0 1, offrant une exp\u00e9dition rapide et discr\u00e8te vers un certain nombre d&#8217;endroits dans le monde.<\/p>\n<p>Pour acheter 5C-AKB48, vous devez avoir au moins 18 ans et toutes les principales cartes de cr\u00e9dit ainsi que le bitcoin sont accept\u00e9s. Tous les produits, y compris le 5C-AKB48, sont destin\u00e9s uniquement \u00e0 la recherche et ne sont pas destin\u00e9s \u00e0 la consommation humaine.<\/p>\n","protected":false},"excerpt":{"rendered":"<p>Achetez 5c-akb48 \u00e0 vendre, vente en gros de 5c-akb48 au Royaume-Uni, commandez le fournisseur 5cakb48 Europe. 5c-akb48 est un cannabino\u00efde synth\u00e9tique \u00e0 base d&#8217;indazole qui a \u00e9t\u00e9 vendu en ligne en tant que drogue de synth\u00e8se.<\/p>\n","protected":false},"featured_media":5928,"comment_status":"open","ping_status":"closed","template":"","meta":[],"product_brand":[],"product_cat":[2596],"product_tag":[4052,4053,4054,4055,4056,2600,2616,4057,4059,2615,4061,4062,4063,4058,4064,4065,4060],"class_list":{"0":"post-5897","1":"product","2":"type-product","3":"status-publish","4":"has-post-thumbnail","6":"product_cat-cannabinoides-a-vendre","7":"product_tag-5c-akb48","8":"product_tag-5c-akb48-for-sale","9":"product_tag-5cakb48","10":"product_tag-5f-mdmb-2201-5f-mdmb-2201-cannabinode","11":"product_tag-5f-mdmb-2201-psychonaute","12":"product_tag-5f-mdmb-2201","13":"product_tag-5f-mdmb-2201-revue","14":"product_tag-5f-mdmb-2201-caman","15":"product_tag-5f-mdmb-2201-opinie","16":"product_tag-5f-mdmb-2201-reddit","17":"product_tag-5fmdmb2201-5f-mdmb-2201-kannabinode","18":"product_tag-acheter-5c-akb48-en-ligne","19":"product_tag-achat-5c-akb48-en-ligne","20":"product_tag-5f-mdmb-2201-dosage","21":"product_tag-le-meilleur-endroit-pour-acheter-5c-akb48-en-ligne","22":"product_tag-o-acheter-5c-akb48-en-ligne","23":"product_tag-5f-mdmb-2201-wiki","25":"first","26":"instock","27":"shipping-taxable","28":"purchasable","29":"product-type-variable"},"yoast_head":"<!-- This site is optimized with the Yoast SEO plugin v27.3 - https:\/\/yoast.com\/product\/yoast-seo-wordpress\/ -->\n<title>Acheter 5c-akb48 aupr\u00e8s d&#039;un fournisseur fiable - Cannabino\u00efdes - Best Global Meds<\/title>\n<meta name=\"description\" content=\"Achetez 5c-akb48 \u00e0 vendre, vente en gros de 5c-akb48 au Royaume-Uni, commandez le fournisseur 5cakb48 Europe. 5c-akb48 est un cannabino\u00efde synth\u00e9tique \u00e0 base d&#039;indazole qui a \u00e9t\u00e9 vendu en ligne en tant que drogue de synth\u00e8se.\" \/>\n<meta name=\"robots\" content=\"index, follow, max-snippet:-1, max-image-preview:large, max-video-preview:-1\" \/>\n<link rel=\"canonical\" href=\"https:\/\/medicinasinc.com\/fr\/product\/acheter-5c-akb48\/\" \/>\n<meta property=\"og:locale\" content=\"en_US\" \/>\n<meta property=\"og:type\" content=\"article\" \/>\n<meta property=\"og:title\" content=\"Acheter 5c-akb48 aupr\u00e8s d&#039;un fournisseur fiable - Cannabino\u00efdes - Best Global Meds\" \/>\n<meta property=\"og:description\" content=\"Achetez 5c-akb48 \u00e0 vendre, vente en gros de 5c-akb48 au Royaume-Uni, commandez le fournisseur 5cakb48 Europe. 5c-akb48 est un cannabino\u00efde synth\u00e9tique \u00e0 base d&#039;indazole qui a \u00e9t\u00e9 vendu en ligne en tant que drogue de synth\u00e8se.\" \/>\n<meta property=\"og:url\" content=\"https:\/\/medicinasinc.com\/fr\/product\/acheter-5c-akb48\/\" \/>\n<meta property=\"og:site_name\" content=\"Medicinas Inc\" \/>\n<meta property=\"article:modified_time\" content=\"2022-03-17T11:37:47+00:00\" \/>\n<meta property=\"og:image\" content=\"https:\/\/medicinasinc.com\/fr\/wp-content\/uploads\/sites\/5\/2022\/02\/Buy-5C-AKB48.png\" \/>\n\t<meta property=\"og:image:width\" content=\"500\" \/>\n\t<meta property=\"og:image:height\" content=\"500\" \/>\n\t<meta property=\"og:image:type\" content=\"image\/png\" \/>\n<meta name=\"twitter:card\" content=\"summary_large_image\" \/>\n<meta name=\"twitter:label1\" content=\"Est. reading time\" \/>\n\t<meta name=\"twitter:data1\" content=\"3 minutes\" \/>\n<script type=\"application\/ld+json\" class=\"yoast-schema-graph\">{\"@context\":\"https:\\\/\\\/schema.org\",\"@graph\":[{\"@type\":\"WebPage\",\"@id\":\"https:\\\/\\\/medicinasinc.com\\\/fr\\\/product\\\/acheter-5c-akb48\\\/\",\"url\":\"https:\\\/\\\/medicinasinc.com\\\/fr\\\/product\\\/acheter-5c-akb48\\\/\",\"name\":\"Acheter 5c-akb48 aupr\u00e8s d'un fournisseur fiable - Cannabino\u00efdes - Best Global Meds\",\"isPartOf\":{\"@id\":\"https:\\\/\\\/medicinasinc.com\\\/fr\\\/#website\"},\"primaryImageOfPage\":{\"@id\":\"https:\\\/\\\/medicinasinc.com\\\/fr\\\/product\\\/acheter-5c-akb48\\\/#primaryimage\"},\"image\":{\"@id\":\"https:\\\/\\\/medicinasinc.com\\\/fr\\\/product\\\/acheter-5c-akb48\\\/#primaryimage\"},\"thumbnailUrl\":\"https:\\\/\\\/medicinasinc.com\\\/fr\\\/wp-content\\\/uploads\\\/sites\\\/5\\\/2022\\\/02\\\/Buy-5C-AKB48.png\",\"datePublished\":\"2022-02-22T08:07:13+00:00\",\"dateModified\":\"2022-03-17T11:37:47+00:00\",\"description\":\"Achetez 5c-akb48 \u00e0 vendre, vente en gros de 5c-akb48 au Royaume-Uni, commandez le fournisseur 5cakb48 Europe. 5c-akb48 est un cannabino\u00efde synth\u00e9tique \u00e0 base d'indazole qui a \u00e9t\u00e9 vendu en ligne en tant que drogue de synth\u00e8se.\",\"breadcrumb\":{\"@id\":\"https:\\\/\\\/medicinasinc.com\\\/fr\\\/product\\\/acheter-5c-akb48\\\/#breadcrumb\"},\"inLanguage\":\"en-US\",\"potentialAction\":[{\"@type\":\"ReadAction\",\"target\":[\"https:\\\/\\\/medicinasinc.com\\\/fr\\\/product\\\/acheter-5c-akb48\\\/\"]}]},{\"@type\":\"ImageObject\",\"inLanguage\":\"en-US\",\"@id\":\"https:\\\/\\\/medicinasinc.com\\\/fr\\\/product\\\/acheter-5c-akb48\\\/#primaryimage\",\"url\":\"https:\\\/\\\/medicinasinc.com\\\/fr\\\/wp-content\\\/uploads\\\/sites\\\/5\\\/2022\\\/02\\\/Buy-5C-AKB48.png\",\"contentUrl\":\"https:\\\/\\\/medicinasinc.com\\\/fr\\\/wp-content\\\/uploads\\\/sites\\\/5\\\/2022\\\/02\\\/Buy-5C-AKB48.png\",\"width\":500,\"height\":500},{\"@type\":\"BreadcrumbList\",\"@id\":\"https:\\\/\\\/medicinasinc.com\\\/fr\\\/product\\\/acheter-5c-akb48\\\/#breadcrumb\",\"itemListElement\":[{\"@type\":\"ListItem\",\"position\":1,\"name\":\"Boutique\",\"item\":\"https:\\\/\\\/medicinasinc.com\\\/fr\\\/boutique\\\/\"},{\"@type\":\"ListItem\",\"position\":2,\"name\":\"Acheter 5C-AKB48\"}]},{\"@type\":\"WebSite\",\"@id\":\"https:\\\/\\\/medicinasinc.com\\\/fr\\\/#website\",\"url\":\"https:\\\/\\\/medicinasinc.com\\\/fr\\\/\",\"name\":\"Medicinas Inc\",\"description\":\"Health Medical Clinic\",\"potentialAction\":[{\"@type\":\"SearchAction\",\"target\":{\"@type\":\"EntryPoint\",\"urlTemplate\":\"https:\\\/\\\/medicinasinc.com\\\/fr\\\/?s={search_term_string}\"},\"query-input\":{\"@type\":\"PropertyValueSpecification\",\"valueRequired\":true,\"valueName\":\"search_term_string\"}}],\"inLanguage\":\"en-US\"}]}<\/script>\n<!-- \/ Yoast SEO plugin. -->","yoast_head_json":{"title":"Acheter 5c-akb48 aupr\u00e8s d'un fournisseur fiable - Cannabino\u00efdes - Best Global Meds","description":"Achetez 5c-akb48 \u00e0 vendre, vente en gros de 5c-akb48 au Royaume-Uni, commandez le fournisseur 5cakb48 Europe. 5c-akb48 est un cannabino\u00efde synth\u00e9tique \u00e0 base d'indazole qui a \u00e9t\u00e9 vendu en ligne en tant que drogue de synth\u00e8se.","robots":{"index":"index","follow":"follow","max-snippet":"max-snippet:-1","max-image-preview":"max-image-preview:large","max-video-preview":"max-video-preview:-1"},"canonical":"https:\/\/medicinasinc.com\/fr\/product\/acheter-5c-akb48\/","og_locale":"en_US","og_type":"article","og_title":"Acheter 5c-akb48 aupr\u00e8s d'un fournisseur fiable - Cannabino\u00efdes - Best Global Meds","og_description":"Achetez 5c-akb48 \u00e0 vendre, vente en gros de 5c-akb48 au Royaume-Uni, commandez le fournisseur 5cakb48 Europe. 5c-akb48 est un cannabino\u00efde synth\u00e9tique \u00e0 base d'indazole qui a \u00e9t\u00e9 vendu en ligne en tant que drogue de synth\u00e8se.","og_url":"https:\/\/medicinasinc.com\/fr\/product\/acheter-5c-akb48\/","og_site_name":"Medicinas Inc","article_modified_time":"2022-03-17T11:37:47+00:00","og_image":[{"width":500,"height":500,"url":"https:\/\/medicinasinc.com\/fr\/wp-content\/uploads\/sites\/5\/2022\/02\/Buy-5C-AKB48.png","type":"image\/png"}],"twitter_card":"summary_large_image","twitter_misc":{"Est. reading time":"3 minutes"},"schema":{"@context":"https:\/\/schema.org","@graph":[{"@type":"WebPage","@id":"https:\/\/medicinasinc.com\/fr\/product\/acheter-5c-akb48\/","url":"https:\/\/medicinasinc.com\/fr\/product\/acheter-5c-akb48\/","name":"Acheter 5c-akb48 aupr\u00e8s d'un fournisseur fiable - Cannabino\u00efdes - Best Global Meds","isPartOf":{"@id":"https:\/\/medicinasinc.com\/fr\/#website"},"primaryImageOfPage":{"@id":"https:\/\/medicinasinc.com\/fr\/product\/acheter-5c-akb48\/#primaryimage"},"image":{"@id":"https:\/\/medicinasinc.com\/fr\/product\/acheter-5c-akb48\/#primaryimage"},"thumbnailUrl":"https:\/\/medicinasinc.com\/fr\/wp-content\/uploads\/sites\/5\/2022\/02\/Buy-5C-AKB48.png","datePublished":"2022-02-22T08:07:13+00:00","dateModified":"2022-03-17T11:37:47+00:00","description":"Achetez 5c-akb48 \u00e0 vendre, vente en gros de 5c-akb48 au Royaume-Uni, commandez le fournisseur 5cakb48 Europe. 5c-akb48 est un cannabino\u00efde synth\u00e9tique \u00e0 base d'indazole qui a \u00e9t\u00e9 vendu en ligne en tant que drogue de synth\u00e8se.","breadcrumb":{"@id":"https:\/\/medicinasinc.com\/fr\/product\/acheter-5c-akb48\/#breadcrumb"},"inLanguage":"en-US","potentialAction":[{"@type":"ReadAction","target":["https:\/\/medicinasinc.com\/fr\/product\/acheter-5c-akb48\/"]}]},{"@type":"ImageObject","inLanguage":"en-US","@id":"https:\/\/medicinasinc.com\/fr\/product\/acheter-5c-akb48\/#primaryimage","url":"https:\/\/medicinasinc.com\/fr\/wp-content\/uploads\/sites\/5\/2022\/02\/Buy-5C-AKB48.png","contentUrl":"https:\/\/medicinasinc.com\/fr\/wp-content\/uploads\/sites\/5\/2022\/02\/Buy-5C-AKB48.png","width":500,"height":500},{"@type":"BreadcrumbList","@id":"https:\/\/medicinasinc.com\/fr\/product\/acheter-5c-akb48\/#breadcrumb","itemListElement":[{"@type":"ListItem","position":1,"name":"Boutique","item":"https:\/\/medicinasinc.com\/fr\/boutique\/"},{"@type":"ListItem","position":2,"name":"Acheter 5C-AKB48"}]},{"@type":"WebSite","@id":"https:\/\/medicinasinc.com\/fr\/#website","url":"https:\/\/medicinasinc.com\/fr\/","name":"Medicinas Inc","description":"Health Medical Clinic","potentialAction":[{"@type":"SearchAction","target":{"@type":"EntryPoint","urlTemplate":"https:\/\/medicinasinc.com\/fr\/?s={search_term_string}"},"query-input":{"@type":"PropertyValueSpecification","valueRequired":true,"valueName":"search_term_string"}}],"inLanguage":"en-US"}]}},"_links":{"self":[{"href":"https:\/\/medicinasinc.com\/fr\/wp-json\/wp\/v2\/product\/5897","targetHints":{"allow":["GET"]}}],"collection":[{"href":"https:\/\/medicinasinc.com\/fr\/wp-json\/wp\/v2\/product"}],"about":[{"href":"https:\/\/medicinasinc.com\/fr\/wp-json\/wp\/v2\/types\/product"}],"replies":[{"embeddable":true,"href":"https:\/\/medicinasinc.com\/fr\/wp-json\/wp\/v2\/comments?post=5897"}],"wp:featuredmedia":[{"embeddable":true,"href":"https:\/\/medicinasinc.com\/fr\/wp-json\/wp\/v2\/media\/5928"}],"wp:attachment":[{"href":"https:\/\/medicinasinc.com\/fr\/wp-json\/wp\/v2\/media?parent=5897"}],"wp:term":[{"taxonomy":"product_brand","embeddable":true,"href":"https:\/\/medicinasinc.com\/fr\/wp-json\/wp\/v2\/product_brand?post=5897"},{"taxonomy":"product_cat","embeddable":true,"href":"https:\/\/medicinasinc.com\/fr\/wp-json\/wp\/v2\/product_cat?post=5897"},{"taxonomy":"product_tag","embeddable":true,"href":"https:\/\/medicinasinc.com\/fr\/wp-json\/wp\/v2\/product_tag?post=5897"}],"curies":[{"name":"wp","href":"https:\/\/api.w.org\/{rel}","templated":true}]}}