{"id":5893,"date":"2022-02-22T08:05:19","date_gmt":"2022-02-22T08:05:19","guid":{"rendered":"https:\/\/medicinasinc.com\/fr\/?post_type=product&#038;p=5893"},"modified":"2022-03-17T11:37:57","modified_gmt":"2022-03-17T11:37:57","slug":"acheter-benzyl-methyl-cetone-bmk-poudre-en-ligne","status":"publish","type":"product","link":"https:\/\/medicinasinc.com\/fr\/product\/acheter-benzyl-methyl-cetone-bmk-poudre-en-ligne\/","title":{"rendered":"Acheter de la poudre de benzylm\u00e9thylc\u00e9tone (BMK) en ligne"},"content":{"rendered":"<p>Achat en ligne de poudre BMK<\/p>\n<p>La poudre BMK peut \u00eatre achet\u00e9e en ligne. La formule chimique de la ph\u00e9nylac\u00e9tone est C6H5CH2COCH3. C&#8217;est une huile incolore et soluble dans les solvants organiques. Ce produit chimique est g\u00e9n\u00e9ralement appel\u00e9 P2P car il est utilis\u00e9 dans la fabrication de m\u00e9thamph\u00e9tamine et d&#8217;amph\u00e9tamine. La ph\u00e9nylac\u00e9tone est produite chez l&#8217;homme en tant que m\u00e9tabolite de l&#8217;amph\u00e9tamine et de la m\u00e9thamph\u00e9tamine par d\u00e9samination oxydative m\u00e9di\u00e9e par le FMO3.<\/p>\n<p>La ph\u00e9nylac\u00e9tone, \u00e9galement connue sous le nom de benzylm\u00e9thylc\u00e9tone (BMK) ou P2P, \u00e9tait le pr\u00e9curseur de la production d&#8217;amph\u00e9tamine. Il est r\u00e9glement\u00e9 par l&#8217;Union europ\u00e9enne (UE) en vertu du r\u00e8glement (CE) 273\/2004 sur les pr\u00e9curseurs de drogues et du r\u00e8glement (CE) 111\/2005 du Conseil sur l&#8217;\u00e9change de pr\u00e9curseurs de drogues. Par cons\u00e9quent, les administrateurs doivent obtenir l&#8217;autorisation de sp\u00e9cialistes comp\u00e9tents pour en poss\u00e9der, en importer ou en transporter. R\u00e9cemment, il n&#8217;y a eu aucune capture de BMK \u00e0 grande \u00e9chelle au sein de l&#8217;UE. Nous avons un tr\u00e8s bon taux de satisfaction client et sommes pr\u00eats \u00e0 \u00eatre les meilleurs fournisseurs en ligne d&#8217;huile de ph\u00e9nylac\u00e9tone.<\/p>\n<p>La ph\u00e9nylac\u00e9tone peut \u00e9galement \u00eatre synth\u00e9tis\u00e9e \u00e0 partir de pr\u00e9curseurs tels que l&#8217;APAAN (alpha-ph\u00e9nylac\u00e9toac\u00e9tonitrile). R\u00e9cemment, les importations d&#8217;APAAN ont atteint un niveau record et, par cons\u00e9quent, elles ont \u00e9t\u00e9 \u00e9quilibr\u00e9es dans l&#8217;UE vers la fin de 2013. En mars 2014, la Commission des stup\u00e9fiants des Nations Unies a vot\u00e9 \u00e0 l&#8217;unanimit\u00e9 pour le r\u00e9glementer \u00e0 l&#8217;\u00e9chelle mondiale. <\/p>\n<p>Nos m\u00e9thodes d&#8217;exp\u00e9dition et de livraison sont totalement s\u00e9curis\u00e9es et simples pour acheter de l&#8217;huile de ph\u00e9nylac\u00e9tone en ligne. Nous sommes pr\u00eats \u00e0 vendre de petites quantit\u00e9s ainsi que d&#8217;\u00e9normes quantit\u00e9s de notre huile de ph\u00e9nylac\u00e9tone en ligne. La qualit\u00e9 de notre huile de ph\u00e9nylac\u00e9tone en ligne est in\u00e9gal\u00e9e, et nous vendons en petites\/grandes quantit\u00e9s avec l&#8217;assurance d&#8217;une livraison discr\u00e8te en temps opportun apr\u00e8s votre achat d&#8217;huile de ph\u00e9nylac\u00e9tone en ligne. Exp\u00e9dition via DHL, TNT ou FedEx, entre autres. De plus, cela d\u00e9pend du mode de transport du client lors de la commande d&#8217;huile de ph\u00e9nylac\u00e9tone en ligne. N&#8217;h\u00e9sitez pas \u00e0 nous contacter lorsque vous \u00eates pr\u00eat \u00e0 acheter de la ph\u00e9nylac\u00e9tone, car nous offrons le prix le moins cher.<\/p>\n<p>Nous sommes cens\u00e9s faciliter l&#8217;achat d&#8217;une grande vari\u00e9t\u00e9 de nos produits. Une fois que vous avez pass\u00e9 une commande d&#8217;huile de ph\u00e9nylac\u00e9tone en ligne chez nous, nous vous conseillerons sur votre achat. Nous nous assurons que nos clients re\u00e7oivent leur colis et de l&#8217;huile de ph\u00e9nylac\u00e9tone de haute qualit\u00e9, ainsi qu&#8217;ils atteignent leurs objectifs en veillant \u00e0 ce que nos articles soient correctement trait\u00e9s.<\/p>\n","protected":false},"excerpt":{"rendered":"<p>Achetez de la poudre de benzylm\u00e9thylc\u00e9tone (BMK) en ligne. Notre poudre BMK est test\u00e9e \u00e0 100 % en laboratoire. Nous exp\u00e9dions notre poudre BMK en envoi discret et express<\/p>\n","protected":false},"featured_media":5922,"comment_status":"open","ping_status":"closed","template":"","meta":[],"product_brand":[],"product_cat":[59],"product_tag":[],"class_list":{"0":"post-5893","1":"product","2":"type-product","3":"status-publish","4":"has-post-thumbnail","6":"product_cat-produits-chimiques-de-recherche","8":"first","9":"instock","10":"shipping-taxable","11":"purchasable","12":"product-type-variable"},"yoast_head":"<!-- This site is optimized with the Yoast SEO plugin v27.3 - https:\/\/yoast.com\/product\/yoast-seo-wordpress\/ -->\n<title>Acheter de la poudre de benzyl m\u00e9thyl c\u00e9tone (BMK) en ligne - Best Global Meds<\/title>\n<meta name=\"description\" content=\"Acheter de la poudre de benzylm\u00e9thylc\u00e9tone (BMK) en ligne. Notre poudre BMK est test\u00e9e \u00e0 100 % en laboratoire. Nous exp\u00e9dions notre poudre BMK en envoi discret et express\" \/>\n<meta name=\"robots\" content=\"index, follow, max-snippet:-1, max-image-preview:large, max-video-preview:-1\" \/>\n<link rel=\"canonical\" href=\"https:\/\/medicinasinc.com\/fr\/product\/acheter-benzyl-methyl-cetone-bmk-poudre-en-ligne\/\" \/>\n<meta property=\"og:locale\" content=\"en_US\" \/>\n<meta property=\"og:type\" content=\"article\" \/>\n<meta property=\"og:title\" content=\"Acheter de la poudre de benzyl m\u00e9thyl c\u00e9tone (BMK) en ligne - Best Global Meds\" \/>\n<meta property=\"og:description\" content=\"Acheter de la poudre de benzylm\u00e9thylc\u00e9tone (BMK) en ligne. Notre poudre BMK est test\u00e9e \u00e0 100 % en laboratoire. Nous exp\u00e9dions notre poudre BMK en envoi discret et express\" \/>\n<meta property=\"og:url\" content=\"https:\/\/medicinasinc.com\/fr\/product\/acheter-benzyl-methyl-cetone-bmk-poudre-en-ligne\/\" \/>\n<meta property=\"og:site_name\" content=\"Medicinas Inc\" \/>\n<meta property=\"article:modified_time\" content=\"2022-03-17T11:37:57+00:00\" \/>\n<meta property=\"og:image\" content=\"https:\/\/medicinasinc.com\/fr\/wp-content\/uploads\/sites\/5\/2022\/02\/buy-bmk-powder.jpg\" \/>\n\t<meta property=\"og:image:width\" content=\"447\" \/>\n\t<meta property=\"og:image:height\" content=\"389\" \/>\n\t<meta property=\"og:image:type\" content=\"image\/jpeg\" \/>\n<meta name=\"twitter:card\" content=\"summary_large_image\" \/>\n<meta name=\"twitter:label1\" content=\"Est. reading time\" \/>\n\t<meta name=\"twitter:data1\" content=\"2 minutes\" \/>\n<script type=\"application\/ld+json\" class=\"yoast-schema-graph\">{\"@context\":\"https:\\\/\\\/schema.org\",\"@graph\":[{\"@type\":\"WebPage\",\"@id\":\"https:\\\/\\\/medicinasinc.com\\\/fr\\\/product\\\/acheter-benzyl-methyl-cetone-bmk-poudre-en-ligne\\\/\",\"url\":\"https:\\\/\\\/medicinasinc.com\\\/fr\\\/product\\\/acheter-benzyl-methyl-cetone-bmk-poudre-en-ligne\\\/\",\"name\":\"Acheter de la poudre de benzyl m\u00e9thyl c\u00e9tone (BMK) en ligne - Best Global Meds\",\"isPartOf\":{\"@id\":\"https:\\\/\\\/medicinasinc.com\\\/fr\\\/#website\"},\"primaryImageOfPage\":{\"@id\":\"https:\\\/\\\/medicinasinc.com\\\/fr\\\/product\\\/acheter-benzyl-methyl-cetone-bmk-poudre-en-ligne\\\/#primaryimage\"},\"image\":{\"@id\":\"https:\\\/\\\/medicinasinc.com\\\/fr\\\/product\\\/acheter-benzyl-methyl-cetone-bmk-poudre-en-ligne\\\/#primaryimage\"},\"thumbnailUrl\":\"https:\\\/\\\/medicinasinc.com\\\/fr\\\/wp-content\\\/uploads\\\/sites\\\/5\\\/2022\\\/02\\\/buy-bmk-powder.jpg\",\"datePublished\":\"2022-02-22T08:05:19+00:00\",\"dateModified\":\"2022-03-17T11:37:57+00:00\",\"description\":\"Acheter de la poudre de benzylm\u00e9thylc\u00e9tone (BMK) en ligne. Notre poudre BMK est test\u00e9e \u00e0 100 % en laboratoire. Nous exp\u00e9dions notre poudre BMK en envoi discret et express\",\"breadcrumb\":{\"@id\":\"https:\\\/\\\/medicinasinc.com\\\/fr\\\/product\\\/acheter-benzyl-methyl-cetone-bmk-poudre-en-ligne\\\/#breadcrumb\"},\"inLanguage\":\"en-US\",\"potentialAction\":[{\"@type\":\"ReadAction\",\"target\":[\"https:\\\/\\\/medicinasinc.com\\\/fr\\\/product\\\/acheter-benzyl-methyl-cetone-bmk-poudre-en-ligne\\\/\"]}]},{\"@type\":\"ImageObject\",\"inLanguage\":\"en-US\",\"@id\":\"https:\\\/\\\/medicinasinc.com\\\/fr\\\/product\\\/acheter-benzyl-methyl-cetone-bmk-poudre-en-ligne\\\/#primaryimage\",\"url\":\"https:\\\/\\\/medicinasinc.com\\\/fr\\\/wp-content\\\/uploads\\\/sites\\\/5\\\/2022\\\/02\\\/buy-bmk-powder.jpg\",\"contentUrl\":\"https:\\\/\\\/medicinasinc.com\\\/fr\\\/wp-content\\\/uploads\\\/sites\\\/5\\\/2022\\\/02\\\/buy-bmk-powder.jpg\",\"width\":447,\"height\":389},{\"@type\":\"BreadcrumbList\",\"@id\":\"https:\\\/\\\/medicinasinc.com\\\/fr\\\/product\\\/acheter-benzyl-methyl-cetone-bmk-poudre-en-ligne\\\/#breadcrumb\",\"itemListElement\":[{\"@type\":\"ListItem\",\"position\":1,\"name\":\"Boutique\",\"item\":\"https:\\\/\\\/medicinasinc.com\\\/fr\\\/boutique\\\/\"},{\"@type\":\"ListItem\",\"position\":2,\"name\":\"Acheter de la poudre de benzylm\u00e9thylc\u00e9tone (BMK) en ligne\"}]},{\"@type\":\"WebSite\",\"@id\":\"https:\\\/\\\/medicinasinc.com\\\/fr\\\/#website\",\"url\":\"https:\\\/\\\/medicinasinc.com\\\/fr\\\/\",\"name\":\"Medicinas Inc\",\"description\":\"Health Medical Clinic\",\"potentialAction\":[{\"@type\":\"SearchAction\",\"target\":{\"@type\":\"EntryPoint\",\"urlTemplate\":\"https:\\\/\\\/medicinasinc.com\\\/fr\\\/?s={search_term_string}\"},\"query-input\":{\"@type\":\"PropertyValueSpecification\",\"valueRequired\":true,\"valueName\":\"search_term_string\"}}],\"inLanguage\":\"en-US\"}]}<\/script>\n<!-- \/ Yoast SEO plugin. -->","yoast_head_json":{"title":"Acheter de la poudre de benzyl m\u00e9thyl c\u00e9tone (BMK) en ligne - Best Global Meds","description":"Acheter de la poudre de benzylm\u00e9thylc\u00e9tone (BMK) en ligne. Notre poudre BMK est test\u00e9e \u00e0 100 % en laboratoire. Nous exp\u00e9dions notre poudre BMK en envoi discret et express","robots":{"index":"index","follow":"follow","max-snippet":"max-snippet:-1","max-image-preview":"max-image-preview:large","max-video-preview":"max-video-preview:-1"},"canonical":"https:\/\/medicinasinc.com\/fr\/product\/acheter-benzyl-methyl-cetone-bmk-poudre-en-ligne\/","og_locale":"en_US","og_type":"article","og_title":"Acheter de la poudre de benzyl m\u00e9thyl c\u00e9tone (BMK) en ligne - Best Global Meds","og_description":"Acheter de la poudre de benzylm\u00e9thylc\u00e9tone (BMK) en ligne. Notre poudre BMK est test\u00e9e \u00e0 100 % en laboratoire. Nous exp\u00e9dions notre poudre BMK en envoi discret et express","og_url":"https:\/\/medicinasinc.com\/fr\/product\/acheter-benzyl-methyl-cetone-bmk-poudre-en-ligne\/","og_site_name":"Medicinas Inc","article_modified_time":"2022-03-17T11:37:57+00:00","og_image":[{"width":447,"height":389,"url":"https:\/\/medicinasinc.com\/fr\/wp-content\/uploads\/sites\/5\/2022\/02\/buy-bmk-powder.jpg","type":"image\/jpeg"}],"twitter_card":"summary_large_image","twitter_misc":{"Est. reading time":"2 minutes"},"schema":{"@context":"https:\/\/schema.org","@graph":[{"@type":"WebPage","@id":"https:\/\/medicinasinc.com\/fr\/product\/acheter-benzyl-methyl-cetone-bmk-poudre-en-ligne\/","url":"https:\/\/medicinasinc.com\/fr\/product\/acheter-benzyl-methyl-cetone-bmk-poudre-en-ligne\/","name":"Acheter de la poudre de benzyl m\u00e9thyl c\u00e9tone (BMK) en ligne - Best Global Meds","isPartOf":{"@id":"https:\/\/medicinasinc.com\/fr\/#website"},"primaryImageOfPage":{"@id":"https:\/\/medicinasinc.com\/fr\/product\/acheter-benzyl-methyl-cetone-bmk-poudre-en-ligne\/#primaryimage"},"image":{"@id":"https:\/\/medicinasinc.com\/fr\/product\/acheter-benzyl-methyl-cetone-bmk-poudre-en-ligne\/#primaryimage"},"thumbnailUrl":"https:\/\/medicinasinc.com\/fr\/wp-content\/uploads\/sites\/5\/2022\/02\/buy-bmk-powder.jpg","datePublished":"2022-02-22T08:05:19+00:00","dateModified":"2022-03-17T11:37:57+00:00","description":"Acheter de la poudre de benzylm\u00e9thylc\u00e9tone (BMK) en ligne. Notre poudre BMK est test\u00e9e \u00e0 100 % en laboratoire. Nous exp\u00e9dions notre poudre BMK en envoi discret et express","breadcrumb":{"@id":"https:\/\/medicinasinc.com\/fr\/product\/acheter-benzyl-methyl-cetone-bmk-poudre-en-ligne\/#breadcrumb"},"inLanguage":"en-US","potentialAction":[{"@type":"ReadAction","target":["https:\/\/medicinasinc.com\/fr\/product\/acheter-benzyl-methyl-cetone-bmk-poudre-en-ligne\/"]}]},{"@type":"ImageObject","inLanguage":"en-US","@id":"https:\/\/medicinasinc.com\/fr\/product\/acheter-benzyl-methyl-cetone-bmk-poudre-en-ligne\/#primaryimage","url":"https:\/\/medicinasinc.com\/fr\/wp-content\/uploads\/sites\/5\/2022\/02\/buy-bmk-powder.jpg","contentUrl":"https:\/\/medicinasinc.com\/fr\/wp-content\/uploads\/sites\/5\/2022\/02\/buy-bmk-powder.jpg","width":447,"height":389},{"@type":"BreadcrumbList","@id":"https:\/\/medicinasinc.com\/fr\/product\/acheter-benzyl-methyl-cetone-bmk-poudre-en-ligne\/#breadcrumb","itemListElement":[{"@type":"ListItem","position":1,"name":"Boutique","item":"https:\/\/medicinasinc.com\/fr\/boutique\/"},{"@type":"ListItem","position":2,"name":"Acheter de la poudre de benzylm\u00e9thylc\u00e9tone (BMK) en ligne"}]},{"@type":"WebSite","@id":"https:\/\/medicinasinc.com\/fr\/#website","url":"https:\/\/medicinasinc.com\/fr\/","name":"Medicinas Inc","description":"Health Medical Clinic","potentialAction":[{"@type":"SearchAction","target":{"@type":"EntryPoint","urlTemplate":"https:\/\/medicinasinc.com\/fr\/?s={search_term_string}"},"query-input":{"@type":"PropertyValueSpecification","valueRequired":true,"valueName":"search_term_string"}}],"inLanguage":"en-US"}]}},"_links":{"self":[{"href":"https:\/\/medicinasinc.com\/fr\/wp-json\/wp\/v2\/product\/5893","targetHints":{"allow":["GET"]}}],"collection":[{"href":"https:\/\/medicinasinc.com\/fr\/wp-json\/wp\/v2\/product"}],"about":[{"href":"https:\/\/medicinasinc.com\/fr\/wp-json\/wp\/v2\/types\/product"}],"replies":[{"embeddable":true,"href":"https:\/\/medicinasinc.com\/fr\/wp-json\/wp\/v2\/comments?post=5893"}],"wp:featuredmedia":[{"embeddable":true,"href":"https:\/\/medicinasinc.com\/fr\/wp-json\/wp\/v2\/media\/5922"}],"wp:attachment":[{"href":"https:\/\/medicinasinc.com\/fr\/wp-json\/wp\/v2\/media?parent=5893"}],"wp:term":[{"taxonomy":"product_brand","embeddable":true,"href":"https:\/\/medicinasinc.com\/fr\/wp-json\/wp\/v2\/product_brand?post=5893"},{"taxonomy":"product_cat","embeddable":true,"href":"https:\/\/medicinasinc.com\/fr\/wp-json\/wp\/v2\/product_cat?post=5893"},{"taxonomy":"product_tag","embeddable":true,"href":"https:\/\/medicinasinc.com\/fr\/wp-json\/wp\/v2\/product_tag?post=5893"}],"curies":[{"name":"wp","href":"https:\/\/api.w.org\/{rel}","templated":true}]}}