{"id":5890,"date":"2022-02-22T08:03:24","date_gmt":"2022-02-22T08:03:24","guid":{"rendered":"https:\/\/medicinasinc.com\/fr\/?post_type=product&#038;p=5890"},"modified":"2022-03-17T11:38:16","modified_gmt":"2022-03-17T11:38:16","slug":"acheter-apaan-en-ligne-alpha-phenylacetoacetonitrile","status":"publish","type":"product","link":"https:\/\/medicinasinc.com\/fr\/product\/acheter-apaan-en-ligne-alpha-phenylacetoacetonitrile\/","title":{"rendered":"Acheter APAAN en ligne (Alpha-Ph\u00e9nylac\u00e9toac\u00e9tonitrile)"},"content":{"rendered":"<p>Achetez APAAN dans une pharmacie en ligne r\u00e9put\u00e9e.<\/p>\n<p>APAAN, num\u00e9ro de registre CAS 4468-48-8, est une poudre cristalline de couleur allant du blanc au jaune clair qui est synth\u00e9tis\u00e9e \u00e0 partir de cyanure de benzyle.<\/p>\n<p>Qu&#8217;est-ce que l&#8217;APAAN (Alpha-Ph\u00e9nylac\u00e9toac\u00e9tonitrile)\u00a0?<\/p>\n<p>L&#8217;Alpha-Ph\u00e9nylac\u00e9toac\u00e9tonitrile est un produit chimique portant le num\u00e9ro CAS 4468-48-8 que la Loi sur les substances contr\u00f4l\u00e9es classe comme une substance de l&#8217;annexe I (CSA). On d\u00e9couvre qu&#8217;il est utilis\u00e9 dans des laboratoires chimiques clandestins pour fabriquer illicitement une substance r\u00e9glement\u00e9e de l&#8217;annexe II connue sous le nom de ph\u00e9nyl-2-propanone ou P2P), de la m\u00e9thamph\u00e9tamine et de l&#8217;amph\u00e9tamine. En cons\u00e9quence, la DEA a demand\u00e9 qu&#8217;il soit class\u00e9 comme substance contr\u00f4l\u00e9e.<\/p>\n<p>Tout m\u00e9lange chimique contenant de l&#8217;alpha-ph\u00e9nylac\u00e9toac\u00e9tonitrile est r\u00e9glement\u00e9 par la CSA, sauf dans des circonstances limit\u00e9es.<\/p>\n<p>Ce que sont des synonymes d&#8217;alpha ph\u00e9nylac\u00e9toac\u00e9tonitrile\u00a0?<\/p>\n<p>De plus, l&#8217;alpha ph\u00e9nylac\u00e9toac\u00e9tonitrile est d\u00e9sign\u00e9 par les noms suivants\u00a0:<\/p>\n<p>NSC 11777 NSC 25183 NSC 55206 APAAN 2-ph\u00e9nylac\u00e9toac\u00e9tonitrile<br \/> Quels sont les nombreux types d&#8217;alpha ph\u00e9nylac\u00e9toac\u00e9tonitrile disponibles\u00a0?<\/p>\n<p>Ce produit chimique est accessible sous forme de poudre, jaune, brune ou blanche, ainsi que sous forme cristalline avec une l\u00e9g\u00e8re teinte jaune paille.<\/p>\n<p>Comment puis-je acheter Alpha Ph\u00e9nylac\u00e9toac\u00e9tonitrile\u00a0?<\/p>\n<p>L&#8217;Alpha Ph\u00e9nylac\u00e9toac\u00e9tonitrile est disponible \u00e0 l&#8217;achat via notre boutique en ligne. Notre produit chimique est extr\u00eamement pur. Non seulement cela, mais vous le recevrez \u00e9galement de notre part \u00e0 un prix nettement inf\u00e9rieur \u00e0 celui de la majorit\u00e9 des autres fournisseurs sur le march\u00e9. Une autre incitation convaincante \u00e0 acheter dans notre boutique en ligne est que nous le distribuons discr\u00e8tement et en toute s\u00e9curit\u00e9 \u00e0 nos clients dans de nombreux endroits \u00e0 travers le monde via nos partenaires de messagerie de confiance.<\/p>\n<p>Quelles sont les qualit\u00e9s de l&#8217;Alpha Phenylacetoacetonitrile\u00a0?<br \/> Voici les caract\u00e9ristiques sp\u00e9cifiques de ce produit chimique\u00a0:<\/p>\n<p>Utilisez un tableau pour cette partie (point de fusion, point d&#8217;\u00e9bullition, densit\u00e9, num\u00e9ro CAS, puret\u00e9 et poids mol\u00e9culaire, par exemple).<\/p>\n<p>Quelles sont les applications de l&#8217;Alpha Phenylacetoacetonitrile\u00a0?<\/p>\n<p>L&#8217;Alpha Phenylacetoacetonitrile n&#8217;a pas d&#8217;utilisation autoris\u00e9e autre qu&#8217;\u00e0 des fins de recherche et d\u00e9veloppement ainsi qu&#8217;\u00e0 des fins d&#8217;analyse dans les laboratoires.<\/p>\n<p>Plusieurs fournisseurs bien connus de ce produit chimique comprend les \u00e9l\u00e9ments suivants\u00a0:<br \/> Voici une liste de fournisseurs d&#8217;alpha ph\u00e9nylac\u00e9toac\u00e9tonitrile\u00a0:<br \/> Aurum Pharmatech LLC Activate Scientific<br \/> Produits chimiques de recherche h\u00e9t\u00e9rocycliques et blocs de construction MolPort<br \/> Recherche et d\u00e9veloppement chimiques par Loups<br \/> AK Scienti fic, Inc. (AKSCI) Alfa Chemistry Oakwood Products<br \/> APIChem Technology Vitas-M Laboratory LabNetwork, a WuXi AppTec Company Chemieliva Pharmaceutical Co., Ltd Hangzhou APIChem Technology Vitas-M Laboratory<br \/> Comment l&#8217;alpha ph\u00e9nylac\u00e9toac\u00e9tonitrile est-il synth\u00e9tis\u00e9 ou pr\u00e9par\u00e9\u00a0?<\/p>\n<p>60\u00a0g de sodium pur d&#8217;une masse de 2,6\u00a0atomes-grammes sont combin\u00e9s avec 700\u00a0cc d&#8217;alcool absolu. Une solution d&#8217;\u00e9thylate de sodium est pr\u00e9par\u00e9e selon cette m\u00e9thode dans un ballon 2-1 muni d&#8217;un condenseur \u00e0 reflux. A cette solution chauff\u00e9e, 234 g ou 2 moles de cyanure de benzyle pur et 264 g ou 3 moles d&#8217;ac\u00e9tate d&#8217;\u00e9thyle sec sont ajout\u00e9s et correctement agit\u00e9s. Le condenseur est scell\u00e9 avec un tube de chlorure de calcium. La solution est cuite dans un bain de vapeur pendant deux heures puis laiss\u00e9e toute la nuit. Le lendemain matin, vous remarquerez que des grumeaux se sont form\u00e9s dans le m\u00e9lange. En cons\u00e9quence, une tige en bois est utilis\u00e9e pour remuer le liquide, provoquant l&#8217;\u00e9clatement des grumeaux. Ensuite, un m\u00e9lange r\u00e9frig\u00e9rant est utilis\u00e9 pour le refroidir \u00e0 une temp\u00e9rature de 10\u00b0. La temp\u00e9rature est ensuite maintenue \u00e0 ce niveau pendant deux heures. Un 6 pouces. L&#8217;entonnoir B\u00fcchner est utilis\u00e9 pour recueillir le sel de sodium, qui est rinc\u00e9 quatre fois dans l&#8217;entonnoir avec 250 cc. parties d&#8217;\u00e9ther. Vous d\u00e9couvrirez un g\u00e2teau de filtre incolore \u00e9quivalent \u00e0 250-275 g. de sel de sodium sec, soit 69 \u00e0 76 % de la quantit\u00e9 pr\u00e9vue. Combinez les filtrats et ajoutez-les au m\u00e9lange de cong\u00e9lation.<\/p>\n<p>A temp\u00e9rature ambiante, dissoudre le sel de sodium encore humide avec de l&#8217;\u00e9ther dans 1,3 l d&#8217;eau distill\u00e9e l&#8217;eau puis refroidir la solution \u00e0 0\u00b0. Pr\u00e9cipiter le nitrile en ajoutant doucement 90 cc d&#8217;acide ac\u00e9tique glacial et en secouant vigoureusement. S\u00e9parer le pr\u00e9cipit\u00e9 \u00e0 l&#8217;aide d&#8217;une filtration par aspiration et le laver quatre fois dans 250 cc d&#8217;eau \u00e0 l&#8217;aide d&#8217;un entonnoir. Vous devriez maintenant avoir un g\u00e2teau humide de -Ph\u00e9nylac\u00e9toac\u00e9tonitrile d&#8217;un poids de 300 g (188-206 g). Il est sec \u00e0 59\u201364\u00a0% et a un point de fusion de 87 \u00e0 89\u00a0\u00b0C, ce qui convient \u00e0 la majorit\u00e9 des applications.<\/p>\n<p>Si la recristallisation du produit chimique brut est souhait\u00e9e, dissoudre le g\u00e2teau humide dans 100\u00a0cc de alcool m\u00e9thylique bouillant. Filtrer la solution et la refroidir \u00e0 une temp\u00e9rature de 10\u00b0 en agitant. Aspirer les cristaux et les laver une fois avec 40cc d&#8217;alcool m\u00e9thylique refroidi \u00e0 10\u00b0. Le produit p\u00e8se 173\u2013191 g (54%\u201360%) lorsqu&#8217;il est sec et a un point de fusion de 88,5\u201389,5\u00b0. Dans un 5-1. ballon, combiner les filtrats et les lavages de la s\u00e9paration des sels de sodium. Vous pouvez le diluer avec de l&#8217;eau glac\u00e9e jusqu&#8217;au remplissage complet du flacon. En siphonnant, enlevez totalement la couche inf\u00e9rieure. Une partie importante de l&#8217;\u00e9ther peut \u00eatre \u00e9limin\u00e9e par d\u00e9cantation, et le reste s\u00e9par\u00e9 \u00e0 l&#8217;aide d&#8217;une ampoule \u00e0 d\u00e9canter.<\/p>\n<p>Extraire la couche aqueuse deux fois de plus en utilisant 500 cc d&#8217;\u00e9ther, puis jeter les extraits d&#8217;\u00e9ther.<\/p>\n<p>\u00c0 pression r\u00e9duite, vous pouvez \u00e9liminer tout reste d&#8217;\u00e9ther dans la couche aqueuse en aspirant de l&#8217;air \u00e0 travers la solution pendant une heure \u00e0 l&#8217;aide d&#8217;une pompe aspirante. En ajoutant 60cc d&#8217;acide ac\u00e9tique glacial, pr\u00e9cipiter le -Ph\u00e9nylac\u00e9toac\u00e9tonitrile.<\/p>\n<p>Si l&#8217;huile est jet\u00e9e, plonger le ballon dans un bain de glace jusqu&#8217;\u00e0 ce que le pr\u00e9cipit\u00e9 cristallise. S\u00e9parez les cristaux \u00e0 l&#8217;aide d&#8217;une filtration par aspiration et lavez-les quatre fois dans un entonnoir rempli de 50 cc d&#8217;eau. Le mat\u00e9riau de couleur beige p\u00e8se 50 \u00e0 55 g et a un point de fusion de 83 \u00e0 86 \u00b0 lorsqu&#8217;il est s\u00e9ch\u00e9. Dissolvez-le ensuite dans les liqueurs m\u00e8res d&#8217;alcool m\u00e9thylique restantes de la cristallisation du lot pr\u00e9c\u00e9dent. La solution r\u00e9sultante est ensuite chauff\u00e9e en pr\u00e9sence d&#8217;une trace de Norite. Il est filtr\u00e9 et refroidi \u00e0 une temp\u00e9rature de 10\u00b0. Recueillez les cristaux cr\u00e9\u00e9s avec un filtre et lavez-les avec 10 cc d&#8217;alcool m\u00e9thylique froid, puis s\u00e9chez-les. Ensuite, une substance de 43 \u00e0 48 grammes avec une couleur paille p\u00e2le et un point de fusion de 87 \u00e0 89\u00b0 est obtenue. Il est recristallis\u00e9 \u00e0 partir d&#8217;une solution de 25 cc d&#8217;alcool m\u00e9thylique pur et 10 cc d&#8217;alcool m\u00e9thylique froid. Un mat\u00e9riau de 37 \u00e0 41 g avec un point de fusion de 88,5 \u00e0 89,5 \u00b0 est produit. Il en r\u00e9sulte un mat\u00e9riau total de cette puret\u00e9 pesant entre 210 et 232\u00a0g, soit 66 \u00e0 73\u00a0% de la quantit\u00e9 th\u00e9orique.<\/p>\n<p>Quelles sont les qualit\u00e9s de l&#8217;alpha ph\u00e9nylac\u00e9toac\u00e9tonitrile\u00a0?<\/p>\n<p>Les \u00e9l\u00e9ments suivants sont les caract\u00e9ristiques sp\u00e9cifiques de ce produit chimique\u00a0:<\/p>\n<p>Poids mol\u00e9culaire\u00a0: 159,188 g\/mol Masse exacte\u00a0: 159,068 g\/mol CAS\u00a0: 4468-48-8<br \/> Puret\u00e9 \u00e0 99,8\u00a0%<br \/> Combien contient Alpha Co\u00fbt du ph\u00e9nylac\u00e9toac\u00e9tonitrile\u00a0?<\/p>\n<p>Le co\u00fbt de ce produit chimique varie selon le fournisseur. Le prix r\u00e9el est d\u00e9termin\u00e9 par la remise accord\u00e9e par un d\u00e9taillant en ligne et la quantit\u00e9 de produit chimique achet\u00e9e. Nous pouvons vous assurer que vous le trouverez au meilleur prix du march\u00e9 dans notre magasin. De plus, nous garantissons la qualit\u00e9 du produit et acc\u00e9l\u00e9rons la livraison \u00e0 votre domicile.<\/p>\n<p>Comment l&#8217;alpha ph\u00e9nylac\u00e9toac\u00e9tonitrile est-il class\u00e9 l\u00e9galement\u00a0?<\/p>\n<p>\u00c9tant donn\u00e9 que l&#8217;alpha ph\u00e9nylac\u00e9toac\u00e9tonitrile est un produit chimique de l&#8217;annexe I, toutes les transactions l&#8217;impliquant, quelle que soit leur quantit\u00e9, sont contr\u00f4l\u00e9s.<\/p>\n<p>Les fabricants de m\u00e9langes contenant ce produit chimique qui ne b\u00e9n\u00e9ficient pas d&#8217;une exemption automatique doivent d\u00e9poser une demande d&#8217;exemption, car tous les m\u00e9langes chimiques le contenant \u00e0 n&#8217;importe quelle concentration sont r\u00e9glement\u00e9s. <\/p>\n<p>Quels sont les avertissements associ\u00e9s \u00e0 ce produit chimique que vous devez respecter\u00a0?<\/p>\n<p>Certaines pr\u00e9cautions doivent \u00eatre prises pour prot\u00e9ger votre s\u00e9curit\u00e9 lors de la manipulation de cette substance. Voici les avertissements et les pr\u00e9cautions\u00a0:<\/p>\n<p>En cas d&#8217;ingestion orale, ce produit chimique est extr\u00eamement dangereux. Par cons\u00e9quent, \u00e9vitez-le \u00e0 tout prix.<br \/> Parce qu&#8217;il est dangereux s&#8217;il entre en contact avec votre chair, vous devez le manipuler avec une extr\u00eame prudence et porter des gants pour prot\u00e9ger votre peau.<br \/> Vous \u00e9prouvez une irritation de la peau et il peut m\u00eame se corroder, alors \u00e9vitez tout contact \u00e9troit.<br \/> Parce que le produit chimique est connu pour causer une irritation grave et des dommages aux yeux, il est essentiel d&#8217;utiliser des lunettes de protection qui couvrent compl\u00e8tement les yeux, emp\u00eachant ainsi tout contact accidentel avec les yeux.<br \/> Il s&#8217;est av\u00e9r\u00e9 extr\u00eamement dangereux en cas d&#8217;inhalation. Ainsi, le visage doit \u00eatre couvert pour \u00e9viter l&#8217;inhalation accidentelle du produit chimique lors de la recherche, du d\u00e9veloppement ou de l&#8217;analyse.<br \/> Le m\u00e9dicament est suffisamment puissant pour produire une g\u00eane respiratoire. M\u00eame une seule exposition peut produire une toxicit\u00e9 pour l&#8217;organe cible. Une inflammation s\u00e9v\u00e8re, en particulier dans les voies respiratoires, est possible.<\/p>\n<p>Acheter APAAN en ligne | Achat APAAN \u00e0 vendre | Achetez APAAN en ligne | Achetez APAAN en ligne (\u00c9tats-Unis, Chine, Royaume-Uni, dans le monde entier)<\/p>\n","protected":false},"excerpt":{"rendered":"<p>Acheter APAAN (alpha-ph\u00e9nylac\u00e9toac\u00e9tonitrile) \u00e0 vendre Europe, Royaume-Uni en ligne sans ordonnance. Commandez APAAN (alpha-ph\u00e9nylac\u00e9toac\u00e9tonitrile) en ligne.<\/p>\n<p>APAAN (alpha-ph\u00e9nylac\u00e9toac\u00e9tonitrile) est un \u00e9talon de r\u00e9f\u00e9rence analytique pr\u00e9sentant une similitude structurelle avec l&#8217;amph\u00e9tamine.<\/p>\n<p>-ac\u00e9tylbenz\u00e8neac\u00e9tonitrile<\/p>\n<p> 4468-48-8 CAS No.<\/p>\n<p>Synonymes\u00a0:APAAN ,2-Phenylacetoacetonitrile<\/p>\n<p>Formule mol\u00e9culaire\u00a0:C10H9NO<\/p>\n<p>Poids de la formule\u00a0:159,2<\/p>\n<p>Puret\u00e9 :\u226598%<\/p>\n<p>Formulation :Un solide cristallin<\/p>\n<p>\u03bbmax :264 nm<\/p>\n<p>Conservation :-20\u00b0C<\/p>\n<p>Stabilit\u00e9 :\u2265 2 ans<\/p>\n","protected":false},"featured_media":5916,"comment_status":"open","ping_status":"closed","template":"","meta":[],"product_brand":[],"product_cat":[703],"product_tag":[],"class_list":{"0":"post-5890","1":"product","2":"type-product","3":"status-publish","4":"has-post-thumbnail","6":"product_cat-acheter-des-medicaments-psychedeliques","8":"first","9":"instock","10":"shipping-taxable","11":"purchasable","12":"product-type-variable"},"yoast_head":"<!-- This site is optimized with the Yoast SEO plugin v27.3 - https:\/\/yoast.com\/product\/yoast-seo-wordpress\/ -->\n<title>Acheter APAAN en ligne (Alpha-Ph\u00e9nylac\u00e9toac\u00e9tonitrile) - Best Global Meds<\/title>\n<meta name=\"description\" content=\"Acheter APAAN (alpha-ph\u00e9nylac\u00e9toac\u00e9tonitrile) \u00e0 vendre Europe, Royaume-Uni en ligne sans ordonnance. Commandez APAAN (alpha-ph\u00e9nylac\u00e9toac\u00e9tonitrile) en ligne.\" \/>\n<meta name=\"robots\" content=\"index, follow, max-snippet:-1, max-image-preview:large, max-video-preview:-1\" \/>\n<link rel=\"canonical\" href=\"https:\/\/medicinasinc.com\/fr\/product\/acheter-apaan-en-ligne-alpha-phenylacetoacetonitrile\/\" \/>\n<meta property=\"og:locale\" content=\"en_US\" \/>\n<meta property=\"og:type\" content=\"article\" \/>\n<meta property=\"og:title\" content=\"Acheter APAAN en ligne (Alpha-Ph\u00e9nylac\u00e9toac\u00e9tonitrile) - Best Global Meds\" \/>\n<meta property=\"og:description\" content=\"Acheter APAAN (alpha-ph\u00e9nylac\u00e9toac\u00e9tonitrile) \u00e0 vendre Europe, Royaume-Uni en ligne sans ordonnance. Commandez APAAN (alpha-ph\u00e9nylac\u00e9toac\u00e9tonitrile) en ligne.\" \/>\n<meta property=\"og:url\" content=\"https:\/\/medicinasinc.com\/fr\/product\/acheter-apaan-en-ligne-alpha-phenylacetoacetonitrile\/\" \/>\n<meta property=\"og:site_name\" content=\"Medicinas Inc\" \/>\n<meta property=\"article:modified_time\" content=\"2022-03-17T11:38:16+00:00\" \/>\n<meta property=\"og:image\" content=\"https:\/\/medicinasinc.com\/fr\/wp-content\/uploads\/sites\/5\/2022\/02\/buy-apaan-alpha-phenylacetoacetonitrile.jpg\" \/>\n\t<meta property=\"og:image:width\" content=\"600\" \/>\n\t<meta property=\"og:image:height\" content=\"600\" \/>\n\t<meta property=\"og:image:type\" content=\"image\/jpeg\" \/>\n<meta name=\"twitter:card\" content=\"summary_large_image\" \/>\n<meta name=\"twitter:label1\" content=\"Est. reading time\" \/>\n\t<meta name=\"twitter:data1\" content=\"6 minutes\" \/>\n<script type=\"application\/ld+json\" class=\"yoast-schema-graph\">{\"@context\":\"https:\\\/\\\/schema.org\",\"@graph\":[{\"@type\":\"WebPage\",\"@id\":\"https:\\\/\\\/medicinasinc.com\\\/fr\\\/product\\\/acheter-apaan-en-ligne-alpha-phenylacetoacetonitrile\\\/\",\"url\":\"https:\\\/\\\/medicinasinc.com\\\/fr\\\/product\\\/acheter-apaan-en-ligne-alpha-phenylacetoacetonitrile\\\/\",\"name\":\"Acheter APAAN en ligne (Alpha-Ph\u00e9nylac\u00e9toac\u00e9tonitrile) - Best Global Meds\",\"isPartOf\":{\"@id\":\"https:\\\/\\\/medicinasinc.com\\\/fr\\\/#website\"},\"primaryImageOfPage\":{\"@id\":\"https:\\\/\\\/medicinasinc.com\\\/fr\\\/product\\\/acheter-apaan-en-ligne-alpha-phenylacetoacetonitrile\\\/#primaryimage\"},\"image\":{\"@id\":\"https:\\\/\\\/medicinasinc.com\\\/fr\\\/product\\\/acheter-apaan-en-ligne-alpha-phenylacetoacetonitrile\\\/#primaryimage\"},\"thumbnailUrl\":\"https:\\\/\\\/medicinasinc.com\\\/fr\\\/wp-content\\\/uploads\\\/sites\\\/5\\\/2022\\\/02\\\/buy-apaan-alpha-phenylacetoacetonitrile.jpg\",\"datePublished\":\"2022-02-22T08:03:24+00:00\",\"dateModified\":\"2022-03-17T11:38:16+00:00\",\"description\":\"Acheter APAAN (alpha-ph\u00e9nylac\u00e9toac\u00e9tonitrile) \u00e0 vendre Europe, Royaume-Uni en ligne sans ordonnance. Commandez APAAN (alpha-ph\u00e9nylac\u00e9toac\u00e9tonitrile) en ligne.\",\"breadcrumb\":{\"@id\":\"https:\\\/\\\/medicinasinc.com\\\/fr\\\/product\\\/acheter-apaan-en-ligne-alpha-phenylacetoacetonitrile\\\/#breadcrumb\"},\"inLanguage\":\"en-US\",\"potentialAction\":[{\"@type\":\"ReadAction\",\"target\":[\"https:\\\/\\\/medicinasinc.com\\\/fr\\\/product\\\/acheter-apaan-en-ligne-alpha-phenylacetoacetonitrile\\\/\"]}]},{\"@type\":\"ImageObject\",\"inLanguage\":\"en-US\",\"@id\":\"https:\\\/\\\/medicinasinc.com\\\/fr\\\/product\\\/acheter-apaan-en-ligne-alpha-phenylacetoacetonitrile\\\/#primaryimage\",\"url\":\"https:\\\/\\\/medicinasinc.com\\\/fr\\\/wp-content\\\/uploads\\\/sites\\\/5\\\/2022\\\/02\\\/buy-apaan-alpha-phenylacetoacetonitrile.jpg\",\"contentUrl\":\"https:\\\/\\\/medicinasinc.com\\\/fr\\\/wp-content\\\/uploads\\\/sites\\\/5\\\/2022\\\/02\\\/buy-apaan-alpha-phenylacetoacetonitrile.jpg\",\"width\":600,\"height\":600},{\"@type\":\"BreadcrumbList\",\"@id\":\"https:\\\/\\\/medicinasinc.com\\\/fr\\\/product\\\/acheter-apaan-en-ligne-alpha-phenylacetoacetonitrile\\\/#breadcrumb\",\"itemListElement\":[{\"@type\":\"ListItem\",\"position\":1,\"name\":\"Boutique\",\"item\":\"https:\\\/\\\/medicinasinc.com\\\/fr\\\/boutique\\\/\"},{\"@type\":\"ListItem\",\"position\":2,\"name\":\"Acheter APAAN en ligne (Alpha-Ph\u00e9nylac\u00e9toac\u00e9tonitrile)\"}]},{\"@type\":\"WebSite\",\"@id\":\"https:\\\/\\\/medicinasinc.com\\\/fr\\\/#website\",\"url\":\"https:\\\/\\\/medicinasinc.com\\\/fr\\\/\",\"name\":\"Medicinas Inc\",\"description\":\"Health Medical Clinic\",\"potentialAction\":[{\"@type\":\"SearchAction\",\"target\":{\"@type\":\"EntryPoint\",\"urlTemplate\":\"https:\\\/\\\/medicinasinc.com\\\/fr\\\/?s={search_term_string}\"},\"query-input\":{\"@type\":\"PropertyValueSpecification\",\"valueRequired\":true,\"valueName\":\"search_term_string\"}}],\"inLanguage\":\"en-US\"}]}<\/script>\n<!-- \/ Yoast SEO plugin. -->","yoast_head_json":{"title":"Acheter APAAN en ligne (Alpha-Ph\u00e9nylac\u00e9toac\u00e9tonitrile) - Best Global Meds","description":"Acheter APAAN (alpha-ph\u00e9nylac\u00e9toac\u00e9tonitrile) \u00e0 vendre Europe, Royaume-Uni en ligne sans ordonnance. Commandez APAAN (alpha-ph\u00e9nylac\u00e9toac\u00e9tonitrile) en ligne.","robots":{"index":"index","follow":"follow","max-snippet":"max-snippet:-1","max-image-preview":"max-image-preview:large","max-video-preview":"max-video-preview:-1"},"canonical":"https:\/\/medicinasinc.com\/fr\/product\/acheter-apaan-en-ligne-alpha-phenylacetoacetonitrile\/","og_locale":"en_US","og_type":"article","og_title":"Acheter APAAN en ligne (Alpha-Ph\u00e9nylac\u00e9toac\u00e9tonitrile) - Best Global Meds","og_description":"Acheter APAAN (alpha-ph\u00e9nylac\u00e9toac\u00e9tonitrile) \u00e0 vendre Europe, Royaume-Uni en ligne sans ordonnance. Commandez APAAN (alpha-ph\u00e9nylac\u00e9toac\u00e9tonitrile) en ligne.","og_url":"https:\/\/medicinasinc.com\/fr\/product\/acheter-apaan-en-ligne-alpha-phenylacetoacetonitrile\/","og_site_name":"Medicinas Inc","article_modified_time":"2022-03-17T11:38:16+00:00","og_image":[{"width":600,"height":600,"url":"https:\/\/medicinasinc.com\/fr\/wp-content\/uploads\/sites\/5\/2022\/02\/buy-apaan-alpha-phenylacetoacetonitrile.jpg","type":"image\/jpeg"}],"twitter_card":"summary_large_image","twitter_misc":{"Est. reading time":"6 minutes"},"schema":{"@context":"https:\/\/schema.org","@graph":[{"@type":"WebPage","@id":"https:\/\/medicinasinc.com\/fr\/product\/acheter-apaan-en-ligne-alpha-phenylacetoacetonitrile\/","url":"https:\/\/medicinasinc.com\/fr\/product\/acheter-apaan-en-ligne-alpha-phenylacetoacetonitrile\/","name":"Acheter APAAN en ligne (Alpha-Ph\u00e9nylac\u00e9toac\u00e9tonitrile) - Best Global Meds","isPartOf":{"@id":"https:\/\/medicinasinc.com\/fr\/#website"},"primaryImageOfPage":{"@id":"https:\/\/medicinasinc.com\/fr\/product\/acheter-apaan-en-ligne-alpha-phenylacetoacetonitrile\/#primaryimage"},"image":{"@id":"https:\/\/medicinasinc.com\/fr\/product\/acheter-apaan-en-ligne-alpha-phenylacetoacetonitrile\/#primaryimage"},"thumbnailUrl":"https:\/\/medicinasinc.com\/fr\/wp-content\/uploads\/sites\/5\/2022\/02\/buy-apaan-alpha-phenylacetoacetonitrile.jpg","datePublished":"2022-02-22T08:03:24+00:00","dateModified":"2022-03-17T11:38:16+00:00","description":"Acheter APAAN (alpha-ph\u00e9nylac\u00e9toac\u00e9tonitrile) \u00e0 vendre Europe, Royaume-Uni en ligne sans ordonnance. Commandez APAAN (alpha-ph\u00e9nylac\u00e9toac\u00e9tonitrile) en ligne.","breadcrumb":{"@id":"https:\/\/medicinasinc.com\/fr\/product\/acheter-apaan-en-ligne-alpha-phenylacetoacetonitrile\/#breadcrumb"},"inLanguage":"en-US","potentialAction":[{"@type":"ReadAction","target":["https:\/\/medicinasinc.com\/fr\/product\/acheter-apaan-en-ligne-alpha-phenylacetoacetonitrile\/"]}]},{"@type":"ImageObject","inLanguage":"en-US","@id":"https:\/\/medicinasinc.com\/fr\/product\/acheter-apaan-en-ligne-alpha-phenylacetoacetonitrile\/#primaryimage","url":"https:\/\/medicinasinc.com\/fr\/wp-content\/uploads\/sites\/5\/2022\/02\/buy-apaan-alpha-phenylacetoacetonitrile.jpg","contentUrl":"https:\/\/medicinasinc.com\/fr\/wp-content\/uploads\/sites\/5\/2022\/02\/buy-apaan-alpha-phenylacetoacetonitrile.jpg","width":600,"height":600},{"@type":"BreadcrumbList","@id":"https:\/\/medicinasinc.com\/fr\/product\/acheter-apaan-en-ligne-alpha-phenylacetoacetonitrile\/#breadcrumb","itemListElement":[{"@type":"ListItem","position":1,"name":"Boutique","item":"https:\/\/medicinasinc.com\/fr\/boutique\/"},{"@type":"ListItem","position":2,"name":"Acheter APAAN en ligne (Alpha-Ph\u00e9nylac\u00e9toac\u00e9tonitrile)"}]},{"@type":"WebSite","@id":"https:\/\/medicinasinc.com\/fr\/#website","url":"https:\/\/medicinasinc.com\/fr\/","name":"Medicinas Inc","description":"Health Medical Clinic","potentialAction":[{"@type":"SearchAction","target":{"@type":"EntryPoint","urlTemplate":"https:\/\/medicinasinc.com\/fr\/?s={search_term_string}"},"query-input":{"@type":"PropertyValueSpecification","valueRequired":true,"valueName":"search_term_string"}}],"inLanguage":"en-US"}]}},"_links":{"self":[{"href":"https:\/\/medicinasinc.com\/fr\/wp-json\/wp\/v2\/product\/5890","targetHints":{"allow":["GET"]}}],"collection":[{"href":"https:\/\/medicinasinc.com\/fr\/wp-json\/wp\/v2\/product"}],"about":[{"href":"https:\/\/medicinasinc.com\/fr\/wp-json\/wp\/v2\/types\/product"}],"replies":[{"embeddable":true,"href":"https:\/\/medicinasinc.com\/fr\/wp-json\/wp\/v2\/comments?post=5890"}],"wp:featuredmedia":[{"embeddable":true,"href":"https:\/\/medicinasinc.com\/fr\/wp-json\/wp\/v2\/media\/5916"}],"wp:attachment":[{"href":"https:\/\/medicinasinc.com\/fr\/wp-json\/wp\/v2\/media?parent=5890"}],"wp:term":[{"taxonomy":"product_brand","embeddable":true,"href":"https:\/\/medicinasinc.com\/fr\/wp-json\/wp\/v2\/product_brand?post=5890"},{"taxonomy":"product_cat","embeddable":true,"href":"https:\/\/medicinasinc.com\/fr\/wp-json\/wp\/v2\/product_cat?post=5890"},{"taxonomy":"product_tag","embeddable":true,"href":"https:\/\/medicinasinc.com\/fr\/wp-json\/wp\/v2\/product_tag?post=5890"}],"curies":[{"name":"wp","href":"https:\/\/api.w.org\/{rel}","templated":true}]}}