{"id":5886,"date":"2022-02-22T07:58:50","date_gmt":"2022-02-22T07:58:50","guid":{"rendered":"https:\/\/medicinasinc.com\/fr\/?post_type=product&#038;p=5886"},"modified":"2022-03-17T11:38:26","modified_gmt":"2022-03-17T11:38:26","slug":"acheter-dilaudid-4-mg","status":"publish","type":"product","link":"https:\/\/medicinasinc.com\/fr\/product\/acheter-dilaudid-4-mg\/","title":{"rendered":"Acheter Dilaudid 4 mg"},"content":{"rendered":"<p>Achetez du dilaudid 4 mg au Royaume-Uni et en Europe dans notre pharmacie en ligne Global med avec une livraison internationale rapide\u00a0! Vous obtiendrez le meilleur Dilaudid 4 mg \u00e0 acheter ici !<\/p>\n<p>Dilaudid 4 mg, Hydromorphone est un analg\u00e9sique narcotique. Un opio\u00efde est parfois appel\u00e9 narcotique.<\/p>\n<p>Dilaudid 4 mg est un m\u00e9dicament d&#8217;ordonnance utilis\u00e9 pour traiter la douleur mod\u00e9r\u00e9e \u00e0 s\u00e9v\u00e8re.<\/p>\n<p>Si vous achetez Dilaudid en ligne, vous pouvez \u00e9galement obtenir une dose information. Vous devez prendre 2 mg \u00e0 4 mg comme prescrit pour le traitement initial.<\/p>\n<p>Ce m\u00e9dicament est disponible dans une formulation \u00e0 lib\u00e9ration prolong\u00e9e pour le traitement de la douleur mod\u00e9r\u00e9e \u00e0 s\u00e9v\u00e8re 24 heures sur 24. Cette forme posologique de Dilaudid 4 mg n&#8217;est pas destin\u00e9e \u00e0 \u00eatre utilis\u00e9e au besoin pour la douleur.<\/p>\n<p>L&#8217;hydromorphone Dilaudid 4 mg peut \u00e9galement \u00eatre utilis\u00e9e pour d&#8217;autres utilisations non incluses dans ce guide m\u00e9dicamenteux.<\/p>\n<p>Ce que est l&#8217;information la plus critique que je devrais conna\u00eetre concernant l&#8217;hydromorphone\u00a0?<\/p>\n<p>Si vous avez de graves probl\u00e8mes respiratoires ou un blocage de l&#8217;estomac ou des intestins, vous ne devez pas utiliser l&#8217;hydromorphone.<\/p>\n<p>4\u00a0mg dilaudid Hydromorphone peut provoquer un arr\u00eat rapide ou complet de la respiration et peut d\u00e9velopper une accoutumance. Pour \u00e9viter une dose potentiellement mortelle, ne prenez que la dose prescrite et avalez un comprim\u00e9 \u00e0 lib\u00e9ration prolong\u00e9e en entier. Ne donnez jamais de Dilaudid 4 mg \u00e0 une autre personne.<\/p>\n<p>&nbsp;<\/p>\n<p>L&#8217;UTILISATION INCORRECTE DE NARCOTIQUE PEUT ENTRA\u00ceNER UNE ADDICTION, UN SURDOSAGE OU LA MORT, en particulier chez les enfants ou d&#8217;autres personnes qui obtiennent le m\u00e9dicament sans une ordonnance.<\/p>\n<p>Si la m\u00e8re a pris Dilaudid 4 mg pendant la grossesse, le nouveau-n\u00e9 peut pr\u00e9senter des sympt\u00f4mes de sevrage mena\u00e7ant le pronostic vital.<\/p>\n<p>Ne pas consommer de boissons alcoolis\u00e9es.<\/p>\n<p>Il est une possibilit\u00e9 d&#8217;effets ind\u00e9sirables dangereux, y compris la mort.<\/p>\n<p>De quoi dois-je discuter avec mon professionnel de la sant\u00e9 avant de commencer un traitement avec l&#8217;hydromorphone\u00a0?<\/p>\n<p>Vous ne devriez pas prendre ce m\u00e9dicament si vous avez d\u00e9j\u00e0 eu une r\u00e9action ind\u00e9sirable \u00e0 l&#8217;hydromorphone ou \u00e0 tout autre m\u00e9dicament narcotique, ou si vous souffrez de l&#8217;une des conditions suivantes\u00a0:<\/p>\n<p>asthme s\u00e9v\u00e8re ou difficult\u00e9s respiratoires\u00a0; un blocage dans votre estomac ou vos intestins; ou il\u00e9us paralytique, une occlusion intestinale.<\/p>\n<p>Si vous avez utilis\u00e9 un inhibiteur de la MAO au cours des 14 derniers jours, ne prenez pas Dilaudid 4 mg hydromorphone. Une interaction m\u00e9dicamenteuse potentiellement nocive peut se produire. L&#8217;isocarboxazide, le lin\u00e9zolide, l&#8217;injection de bleu de m\u00e9thyl\u00e8ne, la ph\u00e9nelzine, la rasagiline, la s\u00e9l\u00e9giline et la tranylcypromine sont tous des inhibiteurs de la MAO.<\/p>\n<p>Certains m\u00e9dicaments peuvent interagir avec l&#8217;hydromorphone, entra\u00eenant une maladie potentiellement mortelle appel\u00e9e syndrome s\u00e9rotoninergique. Assurez-vous que votre m\u00e9decin est au courant de tous les m\u00e9dicaments que vous prenez pour la d\u00e9pression, la maladie mentale, la maladie de Parkinson, les migraines, les infections graves ou la pr\u00e9vention des naus\u00e9es et des vomissements. Consultez votre m\u00e9decin avant de modifier la mani\u00e8re ou la fr\u00e9quence de prise de vos m\u00e9dicaments.<\/p>\n<p>Il se peut que vous ne puissiez pas prendre Dilaudid 4 mg d&#8217;hydromorphone si vous n&#8217;utilisez pas actuellement d&#8217;analg\u00e9sique opio\u00efde (narcotique) et y sont tol\u00e9rants. Consultez votre m\u00e9decin si vous ne savez pas si vous \u00eates tol\u00e9rant aux opio\u00efdes.<\/p>\n<p>Pour vous assurer que l&#8217;hydromorphone est sans danger pour vous, informez votre m\u00e9decin si vous avez l&#8217;un des \u00e9l\u00e9ments suivants\u00a0:<\/p>\n<p>tout type de difficult\u00e9 respiratoire ou de maladie pulmonaire; des ant\u00e9c\u00e9dents de commotion c\u00e9r\u00e9brale, de tumeur au cerveau ou de convulsions\u00a0; des ant\u00e9c\u00e9dents de toxicomanie, d&#8217;alcoolisme ou de maladie mentale\u00a0; probl\u00e8mes de miction; maladie du foie ou des reins; allergie aux sulfites; la maladie d&#8217;Addison ou d&#8217;autres troubles des glandes surr\u00e9nales\u00a0; probl\u00e8mes de v\u00e9sicule biliaire, de pancr\u00e9as ou de thyro\u00efde; ou si vous prenez un s\u00e9datif tel que le Valium (diaz\u00e9pam, alprazolam, loraz\u00e9pam, Ativan, Klonopin, Restoril, Tranxene, Versed, Xanax et autres).<\/p>\n","protected":false},"excerpt":{"rendered":"<p>Achetez du dilaudid 4 mg \u00e0 vendre au Royaume-Uni, en Europe dans notre boutique en ligne Best Global meds avec une livraison rapide dans le monde entier\u00a0! Vous trouverez ici le meilleur Dilaudid 4 mg \u00e0 commander\u00a0!<\/p>\n<p>Dilaudid 4 mg, Hydromorphone peut provoquer un ralentissement ou un arr\u00eat de la respiration et peut devenir une habitude. Pour \u00e9viter une dose potentiellement mortelle, ne prenez que la dose prescrite et avalez un comprim\u00e9 \u00e0 lib\u00e9ration prolong\u00e9e en entier. Ne donnez jamais Dilaudid 4 mg \u00e0 une autre personne.<\/p>\n","protected":false},"featured_media":5911,"comment_status":"open","ping_status":"closed","template":"","meta":[],"product_brand":[],"product_cat":[1117],"product_tag":[4049,4045,4048,4047,4046,4050,4051],"class_list":{"0":"post-5886","1":"product","2":"type-product","3":"status-publish","4":"has-post-thumbnail","6":"product_cat-acheter-douleur-sommeil-sexe-pilules","7":"product_tag-achat-dilaudid-4-mg-en-ligne","8":"product_tag-acheter-dilaudid-4-mg-en-ligne","9":"product_tag-commander-dilaudid-4-mg-en-ligne","10":"product_tag-comment-acheter-dilaudid-4-mg-en-ligne","11":"product_tag-dilaudid-4-mg-en-vente","12":"product_tag-le-meilleur-endroit-pour-acheter-dilaudid-4-mg-en-ligne","13":"product_tag-o-acheter-dilaudid-4-mg-en-ligne","15":"first","16":"instock","17":"featured","18":"shipping-taxable","19":"purchasable","20":"product-type-variable","21":"has-default-attributes"},"yoast_head":"<!-- This site is optimized with the Yoast SEO plugin v27.3 - https:\/\/yoast.com\/product\/yoast-seo-wordpress\/ -->\n<title>Acheter Dilaudid 4 mg - Meilleurs meilleurs m\u00e9dicaments mondiaux<\/title>\n<meta name=\"description\" content=\"Achetez du dilaudid 4 mg \u00e0 vendre au Royaume-Uni, en Europe dans notre boutique en ligne Best Global meds avec une livraison rapide dans le monde entier ! Vous trouverez ici le meilleur Dilaudid 4 mg \u00e0 commander !\" \/>\n<meta name=\"robots\" content=\"index, follow, max-snippet:-1, max-image-preview:large, max-video-preview:-1\" \/>\n<link rel=\"canonical\" href=\"https:\/\/medicinasinc.com\/fr\/product\/acheter-dilaudid-4-mg\/\" \/>\n<meta property=\"og:locale\" content=\"en_US\" \/>\n<meta property=\"og:type\" content=\"article\" \/>\n<meta property=\"og:title\" content=\"Acheter Dilaudid 4 mg - Meilleurs meilleurs m\u00e9dicaments mondiaux\" \/>\n<meta property=\"og:description\" content=\"Achetez du dilaudid 4 mg \u00e0 vendre au Royaume-Uni, en Europe dans notre boutique en ligne Best Global meds avec une livraison rapide dans le monde entier ! Vous trouverez ici le meilleur Dilaudid 4 mg \u00e0 commander !\" \/>\n<meta property=\"og:url\" content=\"https:\/\/medicinasinc.com\/fr\/product\/acheter-dilaudid-4-mg\/\" \/>\n<meta property=\"og:site_name\" content=\"Medicinas Inc\" \/>\n<meta property=\"article:modified_time\" content=\"2022-03-17T11:38:26+00:00\" \/>\n<meta property=\"og:image\" content=\"https:\/\/medicinasinc.com\/fr\/wp-content\/uploads\/sites\/5\/2022\/02\/Buy-Dilaudid-4-mg.jpg\" \/>\n\t<meta property=\"og:image:width\" content=\"720\" \/>\n\t<meta property=\"og:image:height\" content=\"445\" \/>\n\t<meta property=\"og:image:type\" content=\"image\/jpeg\" \/>\n<meta name=\"twitter:card\" content=\"summary_large_image\" \/>\n<meta name=\"twitter:label1\" content=\"Est. reading time\" \/>\n\t<meta name=\"twitter:data1\" content=\"3 minutes\" \/>\n<script type=\"application\/ld+json\" class=\"yoast-schema-graph\">{\"@context\":\"https:\\\/\\\/schema.org\",\"@graph\":[{\"@type\":\"WebPage\",\"@id\":\"https:\\\/\\\/medicinasinc.com\\\/fr\\\/product\\\/acheter-dilaudid-4-mg\\\/\",\"url\":\"https:\\\/\\\/medicinasinc.com\\\/fr\\\/product\\\/acheter-dilaudid-4-mg\\\/\",\"name\":\"Acheter Dilaudid 4 mg - Meilleurs meilleurs m\u00e9dicaments mondiaux\",\"isPartOf\":{\"@id\":\"https:\\\/\\\/medicinasinc.com\\\/fr\\\/#website\"},\"primaryImageOfPage\":{\"@id\":\"https:\\\/\\\/medicinasinc.com\\\/fr\\\/product\\\/acheter-dilaudid-4-mg\\\/#primaryimage\"},\"image\":{\"@id\":\"https:\\\/\\\/medicinasinc.com\\\/fr\\\/product\\\/acheter-dilaudid-4-mg\\\/#primaryimage\"},\"thumbnailUrl\":\"https:\\\/\\\/medicinasinc.com\\\/fr\\\/wp-content\\\/uploads\\\/sites\\\/5\\\/2022\\\/02\\\/Buy-Dilaudid-4-mg.jpg\",\"datePublished\":\"2022-02-22T07:58:50+00:00\",\"dateModified\":\"2022-03-17T11:38:26+00:00\",\"description\":\"Achetez du dilaudid 4 mg \u00e0 vendre au Royaume-Uni, en Europe dans notre boutique en ligne Best Global meds avec une livraison rapide dans le monde entier ! Vous trouverez ici le meilleur Dilaudid 4 mg \u00e0 commander !\",\"breadcrumb\":{\"@id\":\"https:\\\/\\\/medicinasinc.com\\\/fr\\\/product\\\/acheter-dilaudid-4-mg\\\/#breadcrumb\"},\"inLanguage\":\"en-US\",\"potentialAction\":[{\"@type\":\"ReadAction\",\"target\":[\"https:\\\/\\\/medicinasinc.com\\\/fr\\\/product\\\/acheter-dilaudid-4-mg\\\/\"]}]},{\"@type\":\"ImageObject\",\"inLanguage\":\"en-US\",\"@id\":\"https:\\\/\\\/medicinasinc.com\\\/fr\\\/product\\\/acheter-dilaudid-4-mg\\\/#primaryimage\",\"url\":\"https:\\\/\\\/medicinasinc.com\\\/fr\\\/wp-content\\\/uploads\\\/sites\\\/5\\\/2022\\\/02\\\/Buy-Dilaudid-4-mg.jpg\",\"contentUrl\":\"https:\\\/\\\/medicinasinc.com\\\/fr\\\/wp-content\\\/uploads\\\/sites\\\/5\\\/2022\\\/02\\\/Buy-Dilaudid-4-mg.jpg\",\"width\":720,\"height\":445},{\"@type\":\"BreadcrumbList\",\"@id\":\"https:\\\/\\\/medicinasinc.com\\\/fr\\\/product\\\/acheter-dilaudid-4-mg\\\/#breadcrumb\",\"itemListElement\":[{\"@type\":\"ListItem\",\"position\":1,\"name\":\"Boutique\",\"item\":\"https:\\\/\\\/medicinasinc.com\\\/fr\\\/boutique\\\/\"},{\"@type\":\"ListItem\",\"position\":2,\"name\":\"Acheter Dilaudid 4 mg\"}]},{\"@type\":\"WebSite\",\"@id\":\"https:\\\/\\\/medicinasinc.com\\\/fr\\\/#website\",\"url\":\"https:\\\/\\\/medicinasinc.com\\\/fr\\\/\",\"name\":\"Medicinas Inc\",\"description\":\"Health Medical Clinic\",\"potentialAction\":[{\"@type\":\"SearchAction\",\"target\":{\"@type\":\"EntryPoint\",\"urlTemplate\":\"https:\\\/\\\/medicinasinc.com\\\/fr\\\/?s={search_term_string}\"},\"query-input\":{\"@type\":\"PropertyValueSpecification\",\"valueRequired\":true,\"valueName\":\"search_term_string\"}}],\"inLanguage\":\"en-US\"}]}<\/script>\n<!-- \/ Yoast SEO plugin. -->","yoast_head_json":{"title":"Acheter Dilaudid 4 mg - Meilleurs meilleurs m\u00e9dicaments mondiaux","description":"Achetez du dilaudid 4 mg \u00e0 vendre au Royaume-Uni, en Europe dans notre boutique en ligne Best Global meds avec une livraison rapide dans le monde entier ! Vous trouverez ici le meilleur Dilaudid 4 mg \u00e0 commander !","robots":{"index":"index","follow":"follow","max-snippet":"max-snippet:-1","max-image-preview":"max-image-preview:large","max-video-preview":"max-video-preview:-1"},"canonical":"https:\/\/medicinasinc.com\/fr\/product\/acheter-dilaudid-4-mg\/","og_locale":"en_US","og_type":"article","og_title":"Acheter Dilaudid 4 mg - Meilleurs meilleurs m\u00e9dicaments mondiaux","og_description":"Achetez du dilaudid 4 mg \u00e0 vendre au Royaume-Uni, en Europe dans notre boutique en ligne Best Global meds avec une livraison rapide dans le monde entier ! Vous trouverez ici le meilleur Dilaudid 4 mg \u00e0 commander !","og_url":"https:\/\/medicinasinc.com\/fr\/product\/acheter-dilaudid-4-mg\/","og_site_name":"Medicinas Inc","article_modified_time":"2022-03-17T11:38:26+00:00","og_image":[{"width":720,"height":445,"url":"https:\/\/medicinasinc.com\/fr\/wp-content\/uploads\/sites\/5\/2022\/02\/Buy-Dilaudid-4-mg.jpg","type":"image\/jpeg"}],"twitter_card":"summary_large_image","twitter_misc":{"Est. reading time":"3 minutes"},"schema":{"@context":"https:\/\/schema.org","@graph":[{"@type":"WebPage","@id":"https:\/\/medicinasinc.com\/fr\/product\/acheter-dilaudid-4-mg\/","url":"https:\/\/medicinasinc.com\/fr\/product\/acheter-dilaudid-4-mg\/","name":"Acheter Dilaudid 4 mg - Meilleurs meilleurs m\u00e9dicaments mondiaux","isPartOf":{"@id":"https:\/\/medicinasinc.com\/fr\/#website"},"primaryImageOfPage":{"@id":"https:\/\/medicinasinc.com\/fr\/product\/acheter-dilaudid-4-mg\/#primaryimage"},"image":{"@id":"https:\/\/medicinasinc.com\/fr\/product\/acheter-dilaudid-4-mg\/#primaryimage"},"thumbnailUrl":"https:\/\/medicinasinc.com\/fr\/wp-content\/uploads\/sites\/5\/2022\/02\/Buy-Dilaudid-4-mg.jpg","datePublished":"2022-02-22T07:58:50+00:00","dateModified":"2022-03-17T11:38:26+00:00","description":"Achetez du dilaudid 4 mg \u00e0 vendre au Royaume-Uni, en Europe dans notre boutique en ligne Best Global meds avec une livraison rapide dans le monde entier ! Vous trouverez ici le meilleur Dilaudid 4 mg \u00e0 commander !","breadcrumb":{"@id":"https:\/\/medicinasinc.com\/fr\/product\/acheter-dilaudid-4-mg\/#breadcrumb"},"inLanguage":"en-US","potentialAction":[{"@type":"ReadAction","target":["https:\/\/medicinasinc.com\/fr\/product\/acheter-dilaudid-4-mg\/"]}]},{"@type":"ImageObject","inLanguage":"en-US","@id":"https:\/\/medicinasinc.com\/fr\/product\/acheter-dilaudid-4-mg\/#primaryimage","url":"https:\/\/medicinasinc.com\/fr\/wp-content\/uploads\/sites\/5\/2022\/02\/Buy-Dilaudid-4-mg.jpg","contentUrl":"https:\/\/medicinasinc.com\/fr\/wp-content\/uploads\/sites\/5\/2022\/02\/Buy-Dilaudid-4-mg.jpg","width":720,"height":445},{"@type":"BreadcrumbList","@id":"https:\/\/medicinasinc.com\/fr\/product\/acheter-dilaudid-4-mg\/#breadcrumb","itemListElement":[{"@type":"ListItem","position":1,"name":"Boutique","item":"https:\/\/medicinasinc.com\/fr\/boutique\/"},{"@type":"ListItem","position":2,"name":"Acheter Dilaudid 4 mg"}]},{"@type":"WebSite","@id":"https:\/\/medicinasinc.com\/fr\/#website","url":"https:\/\/medicinasinc.com\/fr\/","name":"Medicinas Inc","description":"Health Medical Clinic","potentialAction":[{"@type":"SearchAction","target":{"@type":"EntryPoint","urlTemplate":"https:\/\/medicinasinc.com\/fr\/?s={search_term_string}"},"query-input":{"@type":"PropertyValueSpecification","valueRequired":true,"valueName":"search_term_string"}}],"inLanguage":"en-US"}]}},"_links":{"self":[{"href":"https:\/\/medicinasinc.com\/fr\/wp-json\/wp\/v2\/product\/5886","targetHints":{"allow":["GET"]}}],"collection":[{"href":"https:\/\/medicinasinc.com\/fr\/wp-json\/wp\/v2\/product"}],"about":[{"href":"https:\/\/medicinasinc.com\/fr\/wp-json\/wp\/v2\/types\/product"}],"replies":[{"embeddable":true,"href":"https:\/\/medicinasinc.com\/fr\/wp-json\/wp\/v2\/comments?post=5886"}],"wp:featuredmedia":[{"embeddable":true,"href":"https:\/\/medicinasinc.com\/fr\/wp-json\/wp\/v2\/media\/5911"}],"wp:attachment":[{"href":"https:\/\/medicinasinc.com\/fr\/wp-json\/wp\/v2\/media?parent=5886"}],"wp:term":[{"taxonomy":"product_brand","embeddable":true,"href":"https:\/\/medicinasinc.com\/fr\/wp-json\/wp\/v2\/product_brand?post=5886"},{"taxonomy":"product_cat","embeddable":true,"href":"https:\/\/medicinasinc.com\/fr\/wp-json\/wp\/v2\/product_cat?post=5886"},{"taxonomy":"product_tag","embeddable":true,"href":"https:\/\/medicinasinc.com\/fr\/wp-json\/wp\/v2\/product_tag?post=5886"}],"curies":[{"name":"wp","href":"https:\/\/api.w.org\/{rel}","templated":true}]}}