{"id":5881,"date":"2022-02-22T07:53:30","date_gmt":"2022-02-22T07:53:30","guid":{"rendered":"https:\/\/medicinasinc.com\/fr\/?post_type=product&#038;p=5881"},"modified":"2022-09-16T12:12:19","modified_gmt":"2022-09-16T12:12:19","slug":"acheter-dilaudid-8-mg","status":"publish","type":"product","link":"https:\/\/medicinasinc.com\/fr\/product\/acheter-dilaudid-8-mg\/","title":{"rendered":"Acheter Dilaudid 8 mg"},"content":{"rendered":"<p>L&#8217;hydromorphone est un analg\u00e9sique opio\u00efde qui peut \u00eatre achet\u00e9 en ligne. Un opio\u00efde est parfois appel\u00e9 narcotique.<\/p>\n<p>Dilaudid 8 mg est un m\u00e9dicament d&#8217;ordonnance utilis\u00e9 pour traiter la douleur mod\u00e9r\u00e9e \u00e0 s\u00e9v\u00e8re.<\/p>\n<p>Ce m\u00e9dicament est disponible dans une formulation \u00e0 lib\u00e9ration prolong\u00e9e pour le traitement des douleurs mod\u00e9r\u00e9es \u00e0 intenses 24 heures sur 24. Cette forme posologique de Dilaudid 8 mg n&#8217;est pas destin\u00e9e \u00e0 \u00eatre utilis\u00e9e au besoin pour la douleur.<\/p>\n<p>L&#8217;hydromorphone Dilaudid 8 mg peut \u00e9galement \u00eatre utilis\u00e9e pour d&#8217;autres utilisations non incluses dans ce guide m\u00e9dicamenteux.<\/p>\n<p>Ce que est l&#8217;information la plus critique que je devrais conna\u00eetre concernant l&#8217;hydromorphone\u00a0?<\/p>\n<p>Si vous avez de graves probl\u00e8mes respiratoires ou un blocage de l&#8217;estomac ou des intestins, vous ne devez pas utiliser l&#8217;hydromorphone.<\/p>\n<p>8\u00a0mg dilaudid Hydromorphone peut provoquer un arr\u00eat rapide ou complet de la respiration et peut d\u00e9velopper une accoutumance. Pour \u00e9viter une dose potentiellement mortelle, ne prenez que la dose prescrite et avalez un comprim\u00e9 \u00e0 lib\u00e9ration prolong\u00e9e en entier. Ne donnez jamais Dilaudid 8 mg \u00e0 une autre personne.<\/p>\n<p>&nbsp;<\/p>\n<p>L&#8217;UTILISATION INCORRECTE DE NARCOTIQUE PEUT ENTRA\u00ceNER UNE ADDICTION, UN SURDOSAGE OU LA MORT, en particulier chez les enfants ou d&#8217;autres personnes qui obtiennent le m\u00e9dicament sans une ordonnance.<\/p>\n<p>Si la m\u00e8re a pris Dilaudid 8 mg pendant la grossesse, le nouveau-n\u00e9 peut pr\u00e9senter des sympt\u00f4mes de sevrage mena\u00e7ant le pronostic vital.<\/p>\n<p>Ne pas consommer de boissons alcoolis\u00e9es.<\/p>\n<p>Il est une possibilit\u00e9 d&#8217;effets ind\u00e9sirables dangereux, y compris la mort.<\/p>\n<p>De quoi dois-je discuter avec mon professionnel de la sant\u00e9 avant de commencer un traitement avec l&#8217;hydromorphone\u00a0?<\/p>\n<p>Vous ne devriez pas prendre ce m\u00e9dicament si vous avez d\u00e9j\u00e0 eu une r\u00e9action ind\u00e9sirable \u00e0 l&#8217;hydromorphone ou \u00e0 tout autre m\u00e9dicament narcotique, ou si vous souffrez de l&#8217;une des conditions suivantes\u00a0:<\/p>\n<p>asthme s\u00e9v\u00e8re ou difficult\u00e9s respiratoires\u00a0; un blocage dans votre estomac ou vos intestins; ou il\u00e9us paralytique, une occlusion intestinale.<\/p>\n<p>Si vous avez utilis\u00e9 un inhibiteur de la MAO au cours des 14 derniers jours, ne prenez pas Dilaudid 8 mg hydromorphone. Une interaction m\u00e9dicamenteuse potentiellement nocive peut se produire. L&#8217;isocarboxazide, le lin\u00e9zolide, l&#8217;injection de bleu de m\u00e9thyl\u00e8ne, la ph\u00e9nelzine, la rasagiline, la s\u00e9l\u00e9giline et la tranylcypromine sont tous des inhibiteurs de la MAO.<\/p>\n<p>Certains m\u00e9dicaments peuvent interagir avec l&#8217;hydromorphone, entra\u00eenant une maladie potentiellement mortelle appel\u00e9e syndrome s\u00e9rotoninergique. Assurez-vous que votre m\u00e9decin est au courant de tous les m\u00e9dicaments que vous prenez pour la d\u00e9pression, la maladie mentale, la maladie de Parkinson, les migraines, les infections graves ou la pr\u00e9vention des naus\u00e9es et des vomissements. Consultez votre m\u00e9decin avant de modifier la mani\u00e8re ou la fr\u00e9quence de prise de vos m\u00e9dicaments.<\/p>\n<p>Il se peut que vous ne puissiez pas prendre Dilaudid 8 mg hydromorphone si vous n&#8217;utilisez pas actuellement d&#8217;analg\u00e9sique opio\u00efde (narcotique) et y sont tol\u00e9rants. Consultez votre m\u00e9decin si vous ne savez pas si vous \u00eates tol\u00e9rant aux opio\u00efdes.<\/p>\n<p>Pour vous assurer que l&#8217;hydromorphone est sans danger pour vous, informez votre m\u00e9decin si vous avez l&#8217;un des \u00e9l\u00e9ments suivants\u00a0:<\/p>\n<p>tout type de difficult\u00e9 respiratoire ou de maladie pulmonaire; des ant\u00e9c\u00e9dents de commotion c\u00e9r\u00e9brale, de tumeur au cerveau ou de convulsions\u00a0; des ant\u00e9c\u00e9dents de toxicomanie, d&#8217;alcoolisme ou de maladie mentale\u00a0; probl\u00e8mes de miction; maladie du foie ou des reins; allergie aux sulfites; la maladie d&#8217;Addison ou d&#8217;autres troubles des glandes surr\u00e9nales\u00a0; probl\u00e8mes de v\u00e9sicule biliaire, de pancr\u00e9as ou de thyro\u00efde; ou si vous prenez un s\u00e9datif tel que le Valium (diaz\u00e9pam, alprazolam, loraz\u00e9pam, Ativan, Klonopin, Restoril, Tranxene, Versed, Xanax et autres).<\/p>\n","protected":false},"excerpt":{"rendered":"<p>Achetez du dilaudid 8 mg en vente au Royaume-Uni, en Europe et aux \u00c9tats-Unis dans notre boutique en ligne medicinasinc.com avec une livraison rapide dans le monde entier ! Vous trouverez ici le meilleur Dilaudid 8 mg \u00e0 commander !<\/p>\n<p><b>Dilaudid 8\u00a0mg Hydromorphone peut ralentir ou arr\u00eater votre respiration et peut cr\u00e9er une accoutumance.<\/b>\u00a0N&#8217;utilisez que la dose prescrite, et avalez une pilule \u00e0 lib\u00e9ration prolong\u00e9e enti\u00e8re pour \u00e9viter une dose potentiellement mortelle. Ne partagez jamais Dilaudid 8 mg avec une autre personne.<\/p>\n","protected":false},"featured_media":5909,"comment_status":"open","ping_status":"closed","template":"","meta":[],"product_brand":[],"product_cat":[1117],"product_tag":[4038,4041,4040,4039,4043,4044],"class_list":{"0":"post-5881","1":"product","2":"type-product","3":"status-publish","4":"has-post-thumbnail","6":"product_cat-acheter-douleur-sommeil-sexe-pilules","7":"product_tag-acheter-dilaudid-8-mg-en-ligne","8":"product_tag-commander-dilaudid-8-mg-en-ligne","9":"product_tag-comment-acheter-dilaudid-8-mg-en-ligne","10":"product_tag-dilaudid-8-mg-en-vente","11":"product_tag-la-place-de-paris-pour-acheter-dilaudid-8-mg-en-ligne","12":"product_tag-o-acheter-dilaudid-8-mg-en-ligne","14":"first","15":"instock","16":"shipping-taxable","17":"purchasable","18":"product-type-variable"},"yoast_head":"<!-- This site is optimized with the Yoast SEO plugin v27.3 - https:\/\/yoast.com\/product\/yoast-seo-wordpress\/ -->\n<title>Acheter Dilaudid 8 mg - Best Global Medicina<\/title>\n<meta name=\"description\" content=\"Acheter du dilaudid 8 mg en vente au Royaume-Uni, en Europe et aux \u00c9tats-Unis dans notre boutique en ligne medicinasinc.com avec une livraison rapide dans le monde entier\u00a0! Vous trouverez ici le meilleur Dilaudid 8 mg \u00e0 commander !\" \/>\n<meta name=\"robots\" content=\"index, follow, max-snippet:-1, max-image-preview:large, max-video-preview:-1\" \/>\n<link rel=\"canonical\" href=\"https:\/\/medicinasinc.com\/fr\/product\/acheter-dilaudid-8-mg\/\" \/>\n<meta property=\"og:locale\" content=\"en_US\" \/>\n<meta property=\"og:type\" content=\"article\" \/>\n<meta property=\"og:title\" content=\"Acheter Dilaudid 8 mg - Best Global Medicina\" \/>\n<meta property=\"og:description\" content=\"Acheter du dilaudid 8 mg en vente au Royaume-Uni, en Europe et aux \u00c9tats-Unis dans notre boutique en ligne medicinasinc.com avec une livraison rapide dans le monde entier\u00a0! Vous trouverez ici le meilleur Dilaudid 8 mg \u00e0 commander !\" \/>\n<meta property=\"og:url\" content=\"https:\/\/medicinasinc.com\/fr\/product\/acheter-dilaudid-8-mg\/\" \/>\n<meta property=\"og:site_name\" content=\"Medicinas Inc\" \/>\n<meta property=\"article:modified_time\" content=\"2022-09-16T12:12:19+00:00\" \/>\n<meta property=\"og:image\" content=\"https:\/\/medicinasinc.com\/fr\/wp-content\/uploads\/sites\/5\/2022\/02\/Dilaudid-8-mg.jpg\" \/>\n\t<meta property=\"og:image:width\" content=\"300\" \/>\n\t<meta property=\"og:image:height\" content=\"300\" \/>\n\t<meta property=\"og:image:type\" content=\"image\/jpeg\" \/>\n<meta name=\"twitter:card\" content=\"summary_large_image\" \/>\n<meta name=\"twitter:label1\" content=\"Est. reading time\" \/>\n\t<meta name=\"twitter:data1\" content=\"3 minutes\" \/>\n<script type=\"application\/ld+json\" class=\"yoast-schema-graph\">{\"@context\":\"https:\\\/\\\/schema.org\",\"@graph\":[{\"@type\":\"WebPage\",\"@id\":\"https:\\\/\\\/medicinasinc.com\\\/fr\\\/product\\\/acheter-dilaudid-8-mg\\\/\",\"url\":\"https:\\\/\\\/medicinasinc.com\\\/fr\\\/product\\\/acheter-dilaudid-8-mg\\\/\",\"name\":\"Acheter Dilaudid 8 mg - Best Global Medicina\",\"isPartOf\":{\"@id\":\"https:\\\/\\\/medicinasinc.com\\\/fr\\\/#website\"},\"primaryImageOfPage\":{\"@id\":\"https:\\\/\\\/medicinasinc.com\\\/fr\\\/product\\\/acheter-dilaudid-8-mg\\\/#primaryimage\"},\"image\":{\"@id\":\"https:\\\/\\\/medicinasinc.com\\\/fr\\\/product\\\/acheter-dilaudid-8-mg\\\/#primaryimage\"},\"thumbnailUrl\":\"https:\\\/\\\/medicinasinc.com\\\/fr\\\/wp-content\\\/uploads\\\/sites\\\/5\\\/2022\\\/02\\\/Dilaudid-8-mg.jpg\",\"datePublished\":\"2022-02-22T07:53:30+00:00\",\"dateModified\":\"2022-09-16T12:12:19+00:00\",\"description\":\"Acheter du dilaudid 8 mg en vente au Royaume-Uni, en Europe et aux \u00c9tats-Unis dans notre boutique en ligne medicinasinc.com avec une livraison rapide dans le monde entier\u00a0! Vous trouverez ici le meilleur Dilaudid 8 mg \u00e0 commander !\",\"breadcrumb\":{\"@id\":\"https:\\\/\\\/medicinasinc.com\\\/fr\\\/product\\\/acheter-dilaudid-8-mg\\\/#breadcrumb\"},\"inLanguage\":\"en-US\",\"potentialAction\":[{\"@type\":\"ReadAction\",\"target\":[\"https:\\\/\\\/medicinasinc.com\\\/fr\\\/product\\\/acheter-dilaudid-8-mg\\\/\"]}]},{\"@type\":\"ImageObject\",\"inLanguage\":\"en-US\",\"@id\":\"https:\\\/\\\/medicinasinc.com\\\/fr\\\/product\\\/acheter-dilaudid-8-mg\\\/#primaryimage\",\"url\":\"https:\\\/\\\/medicinasinc.com\\\/fr\\\/wp-content\\\/uploads\\\/sites\\\/5\\\/2022\\\/02\\\/Dilaudid-8-mg.jpg\",\"contentUrl\":\"https:\\\/\\\/medicinasinc.com\\\/fr\\\/wp-content\\\/uploads\\\/sites\\\/5\\\/2022\\\/02\\\/Dilaudid-8-mg.jpg\",\"width\":300,\"height\":300},{\"@type\":\"BreadcrumbList\",\"@id\":\"https:\\\/\\\/medicinasinc.com\\\/fr\\\/product\\\/acheter-dilaudid-8-mg\\\/#breadcrumb\",\"itemListElement\":[{\"@type\":\"ListItem\",\"position\":1,\"name\":\"Boutique\",\"item\":\"https:\\\/\\\/medicinasinc.com\\\/fr\\\/boutique\\\/\"},{\"@type\":\"ListItem\",\"position\":2,\"name\":\"Acheter Dilaudid 8 mg\"}]},{\"@type\":\"WebSite\",\"@id\":\"https:\\\/\\\/medicinasinc.com\\\/fr\\\/#website\",\"url\":\"https:\\\/\\\/medicinasinc.com\\\/fr\\\/\",\"name\":\"Medicinas Inc\",\"description\":\"Health Medical Clinic\",\"potentialAction\":[{\"@type\":\"SearchAction\",\"target\":{\"@type\":\"EntryPoint\",\"urlTemplate\":\"https:\\\/\\\/medicinasinc.com\\\/fr\\\/?s={search_term_string}\"},\"query-input\":{\"@type\":\"PropertyValueSpecification\",\"valueRequired\":true,\"valueName\":\"search_term_string\"}}],\"inLanguage\":\"en-US\"}]}<\/script>\n<!-- \/ Yoast SEO plugin. -->","yoast_head_json":{"title":"Acheter Dilaudid 8 mg - Best Global Medicina","description":"Acheter du dilaudid 8 mg en vente au Royaume-Uni, en Europe et aux \u00c9tats-Unis dans notre boutique en ligne medicinasinc.com avec une livraison rapide dans le monde entier\u00a0! Vous trouverez ici le meilleur Dilaudid 8 mg \u00e0 commander !","robots":{"index":"index","follow":"follow","max-snippet":"max-snippet:-1","max-image-preview":"max-image-preview:large","max-video-preview":"max-video-preview:-1"},"canonical":"https:\/\/medicinasinc.com\/fr\/product\/acheter-dilaudid-8-mg\/","og_locale":"en_US","og_type":"article","og_title":"Acheter Dilaudid 8 mg - Best Global Medicina","og_description":"Acheter du dilaudid 8 mg en vente au Royaume-Uni, en Europe et aux \u00c9tats-Unis dans notre boutique en ligne medicinasinc.com avec une livraison rapide dans le monde entier\u00a0! Vous trouverez ici le meilleur Dilaudid 8 mg \u00e0 commander !","og_url":"https:\/\/medicinasinc.com\/fr\/product\/acheter-dilaudid-8-mg\/","og_site_name":"Medicinas Inc","article_modified_time":"2022-09-16T12:12:19+00:00","og_image":[{"width":300,"height":300,"url":"https:\/\/medicinasinc.com\/fr\/wp-content\/uploads\/sites\/5\/2022\/02\/Dilaudid-8-mg.jpg","type":"image\/jpeg"}],"twitter_card":"summary_large_image","twitter_misc":{"Est. reading time":"3 minutes"},"schema":{"@context":"https:\/\/schema.org","@graph":[{"@type":"WebPage","@id":"https:\/\/medicinasinc.com\/fr\/product\/acheter-dilaudid-8-mg\/","url":"https:\/\/medicinasinc.com\/fr\/product\/acheter-dilaudid-8-mg\/","name":"Acheter Dilaudid 8 mg - Best Global Medicina","isPartOf":{"@id":"https:\/\/medicinasinc.com\/fr\/#website"},"primaryImageOfPage":{"@id":"https:\/\/medicinasinc.com\/fr\/product\/acheter-dilaudid-8-mg\/#primaryimage"},"image":{"@id":"https:\/\/medicinasinc.com\/fr\/product\/acheter-dilaudid-8-mg\/#primaryimage"},"thumbnailUrl":"https:\/\/medicinasinc.com\/fr\/wp-content\/uploads\/sites\/5\/2022\/02\/Dilaudid-8-mg.jpg","datePublished":"2022-02-22T07:53:30+00:00","dateModified":"2022-09-16T12:12:19+00:00","description":"Acheter du dilaudid 8 mg en vente au Royaume-Uni, en Europe et aux \u00c9tats-Unis dans notre boutique en ligne medicinasinc.com avec une livraison rapide dans le monde entier\u00a0! Vous trouverez ici le meilleur Dilaudid 8 mg \u00e0 commander !","breadcrumb":{"@id":"https:\/\/medicinasinc.com\/fr\/product\/acheter-dilaudid-8-mg\/#breadcrumb"},"inLanguage":"en-US","potentialAction":[{"@type":"ReadAction","target":["https:\/\/medicinasinc.com\/fr\/product\/acheter-dilaudid-8-mg\/"]}]},{"@type":"ImageObject","inLanguage":"en-US","@id":"https:\/\/medicinasinc.com\/fr\/product\/acheter-dilaudid-8-mg\/#primaryimage","url":"https:\/\/medicinasinc.com\/fr\/wp-content\/uploads\/sites\/5\/2022\/02\/Dilaudid-8-mg.jpg","contentUrl":"https:\/\/medicinasinc.com\/fr\/wp-content\/uploads\/sites\/5\/2022\/02\/Dilaudid-8-mg.jpg","width":300,"height":300},{"@type":"BreadcrumbList","@id":"https:\/\/medicinasinc.com\/fr\/product\/acheter-dilaudid-8-mg\/#breadcrumb","itemListElement":[{"@type":"ListItem","position":1,"name":"Boutique","item":"https:\/\/medicinasinc.com\/fr\/boutique\/"},{"@type":"ListItem","position":2,"name":"Acheter Dilaudid 8 mg"}]},{"@type":"WebSite","@id":"https:\/\/medicinasinc.com\/fr\/#website","url":"https:\/\/medicinasinc.com\/fr\/","name":"Medicinas Inc","description":"Health Medical Clinic","potentialAction":[{"@type":"SearchAction","target":{"@type":"EntryPoint","urlTemplate":"https:\/\/medicinasinc.com\/fr\/?s={search_term_string}"},"query-input":{"@type":"PropertyValueSpecification","valueRequired":true,"valueName":"search_term_string"}}],"inLanguage":"en-US"}]}},"_links":{"self":[{"href":"https:\/\/medicinasinc.com\/fr\/wp-json\/wp\/v2\/product\/5881","targetHints":{"allow":["GET"]}}],"collection":[{"href":"https:\/\/medicinasinc.com\/fr\/wp-json\/wp\/v2\/product"}],"about":[{"href":"https:\/\/medicinasinc.com\/fr\/wp-json\/wp\/v2\/types\/product"}],"replies":[{"embeddable":true,"href":"https:\/\/medicinasinc.com\/fr\/wp-json\/wp\/v2\/comments?post=5881"}],"wp:featuredmedia":[{"embeddable":true,"href":"https:\/\/medicinasinc.com\/fr\/wp-json\/wp\/v2\/media\/5909"}],"wp:attachment":[{"href":"https:\/\/medicinasinc.com\/fr\/wp-json\/wp\/v2\/media?parent=5881"}],"wp:term":[{"taxonomy":"product_brand","embeddable":true,"href":"https:\/\/medicinasinc.com\/fr\/wp-json\/wp\/v2\/product_brand?post=5881"},{"taxonomy":"product_cat","embeddable":true,"href":"https:\/\/medicinasinc.com\/fr\/wp-json\/wp\/v2\/product_cat?post=5881"},{"taxonomy":"product_tag","embeddable":true,"href":"https:\/\/medicinasinc.com\/fr\/wp-json\/wp\/v2\/product_tag?post=5881"}],"curies":[{"name":"wp","href":"https:\/\/api.w.org\/{rel}","templated":true}]}}