{"id":5875,"date":"2022-02-22T07:46:55","date_gmt":"2022-02-22T07:46:55","guid":{"rendered":"https:\/\/medicinasinc.com\/fr\/?post_type=product&#038;p=5875"},"modified":"2022-03-17T11:38:44","modified_gmt":"2022-03-17T11:38:44","slug":"acheter-gamma-butyrolactone","status":"publish","type":"product","link":"https:\/\/medicinasinc.com\/fr\/product\/acheter-gamma-butyrolactone\/","title":{"rendered":"Acheter Gamma-Butyrolactone"},"content":{"rendered":"<p>La gamma-butyrolactone (-butyrolactone ou GBL) est un liquide hygroscopique blanc avec une l\u00e9g\u00e8re odeur distinctive qui est soluble dans l&#8217;eau. Le GBL est un solvant et un r\u00e9actif largement utilis\u00e9 en chimie, ainsi qu&#8217;un agent aromatisant, un solvant de nettoyage, un dissolvant de superglue et un solvant dans certains condensateurs \u00e9lectrolytiques en aluminium humides.<\/p>\n<p>Achetez de la gamma-butyrolactone (GBL) 1,0 mg\/ml dans des \u00e9talons de r\u00e9f\u00e9rence d&#8217;ac\u00e9tonitrile d\u00e9riv\u00e9s du GHB et de compos\u00e9s similaires. Achetable en ligne<\/p>\n<p>Gamma butyrolactone \u00e0 vendre en ligne, gbl (gamma-butyrolactone) \u00e0 vendre, gamma butyrolactone \u00e0 vendre au Royaume-Uni, nettoyant gamma butyrolactone \u00e0 vendre<\/p>\n<p>Il fonctionne comme un pr\u00e9curseur de Le GHB chez l&#8217;homme est utilis\u00e9 comme intoxicant r\u00e9cr\u00e9atif avec des effets comparables \u00e0 l&#8217;alcool.<\/p>\n<p>Le GBL a \u00e9t\u00e9 d\u00e9tect\u00e9 dans des extraits d&#8217;\u00e9chantillons de vin pur. Cette recherche implique que le GBL est naturellement pr\u00e9sent dans certains vins et peut \u00eatre pr\u00e9sent dans des produits comparables. La concentration d\u00e9couverte \u00e9tait d&#8217;environ 5 g\/mL, qui a \u00e9t\u00e9 simplement d\u00e9termin\u00e9e \u00e0 l&#8217;aide d&#8217;une approche d&#8217;extraction simple suivie d&#8217;une analyse GC\/MS.<\/p>\n<p>Le GBL peut \u00eatre d\u00e9tect\u00e9 dans les ar\u00f4mes de fromage, mais le produit alimentaire final contient normalement moins de 0,0002\u00a0% de GBL.<\/p>\n<p>Le GBL est class\u00e9 comme une lactone. Il est hydrolys\u00e9 en gamma-hydroxybutyrate de sodium, le sel de sodium de l&#8217;acide gamma-hydroxybutyrique, dans des conditions basiques, par exemple dans une solution d&#8217;hydroxyde de sodium. Il g\u00e9n\u00e8re une combinaison d&#8217;\u00e9quilibre des deux produits chimiques dans des circonstances acides. Suite \u00e0 cela, ces produits chimiques peuvent se combiner pour cr\u00e9er un polym\u00e8re. Lorsqu&#8217;une base non nucl\u00e9ophile, telle que le diisopropylamide de lithium, est utilis\u00e9e,<\/p>\n<p>GBL a le potentiel d&#8217;agir comme un nucl\u00e9ophile alpha-carbone. La caprolactone, un produit chimique similaire, peut \u00eatre utilis\u00e9e de cette mani\u00e8re pour cr\u00e9er un polyester.<\/p>\n<p>Le GBL n&#8217;est pas une substance active en soi\u00a0; son m\u00e9canisme d&#8217;action d\u00e9coule de son statut de prodrogue du GHB. L&#8217;effet hypnotique du GHB est amplifi\u00e9 lorsqu&#8217;il est combin\u00e9 avec de l&#8217;alcool. Dans une \u00e9tude de 2003 sur des rats, il a \u00e9t\u00e9 constat\u00e9 que le GBL avait un effet hypnotique potentialis\u00e9 lorsqu&#8217;il \u00e9tait combin\u00e9 \u00e0 de l&#8217;\u00e9thanol, car la mesure de la dur\u00e9e du sommeil \u00e9tait plus longue que la somme des deux composants ind\u00e9pendants.<\/p>\n","protected":false},"excerpt":{"rendered":"<p>Vous pouvez acheter de la gamma-butyrolactone aupr\u00e8s de fournisseurs en qui nous avons confiance, et nous travaillons avec ces fournisseurs pour faciliter l&#8217;acc\u00e8s \u00e0 l&#8217;achat de gamma-butyrolactone \u00e0 vendre au Royaume-Uni, en Europe<\/p>\n<p>Toutes les pyrrolidones sont synth\u00e9tis\u00e9es en utilisant GBL comme interm\u00e9diaire chimique . Il peut \u00eatre utilis\u00e9 pour fabriquer des insecticides, des herbicides et des r\u00e9gulateurs de croissance pour les plantes.<\/p>\n","protected":false},"featured_media":5885,"comment_status":"open","ping_status":"closed","template":"","meta":[],"product_brand":[],"product_cat":[59],"product_tag":[4035,4031,4034,4033,4032,4036,4037],"class_list":{"0":"post-5875","1":"product","2":"type-product","3":"status-publish","4":"has-post-thumbnail","6":"product_cat-produits-chimiques-de-recherche","7":"product_tag-achat-gamma-butyrolactone-en-ligne","8":"product_tag-acheter-gamma-butyrolactone-en-ligne","9":"product_tag-commander-gamma-butyrolactone-en-ligne","10":"product_tag-comment-acheter-gamma-butyrolactone-en-ligne","11":"product_tag-gamma-butyrolactone-a-vendre","12":"product_tag-le-meilleur-endroit-pour-acheter-gamma-butyrolactone-en-ligne","13":"product_tag-o-acheter-gamma-butyrolactone-en-ligne","15":"first","16":"instock","17":"featured","18":"shipping-taxable","19":"purchasable","20":"product-type-variable"},"yoast_head":"<!-- This site is optimized with the Yoast SEO plugin v27.3 - https:\/\/yoast.com\/product\/yoast-seo-wordpress\/ -->\n<title>Acheter Gamma-Butyrolactone - Meilleurs meilleurs m\u00e9dicaments mondiaux<\/title>\n<meta name=\"description\" content=\"Vous pouvez acheter Gamma-Butyrolactone aupr\u00e8s de fournisseurs en qui nous avons confiance, et nous travaillons avec ces fournisseurs pour faciliter l&#039;acc\u00e8s \u00e0 l&#039;achat de Gamma-Butyrolactone \u00e0 vendre France, Europe\" \/>\n<meta name=\"robots\" content=\"index, follow, max-snippet:-1, max-image-preview:large, max-video-preview:-1\" \/>\n<link rel=\"canonical\" href=\"https:\/\/medicinasinc.com\/fr\/product\/acheter-gamma-butyrolactone\/\" \/>\n<meta property=\"og:locale\" content=\"en_US\" \/>\n<meta property=\"og:type\" content=\"article\" \/>\n<meta property=\"og:title\" content=\"Acheter Gamma-Butyrolactone - Meilleurs meilleurs m\u00e9dicaments mondiaux\" \/>\n<meta property=\"og:description\" content=\"Vous pouvez acheter Gamma-Butyrolactone aupr\u00e8s de fournisseurs en qui nous avons confiance, et nous travaillons avec ces fournisseurs pour faciliter l&#039;acc\u00e8s \u00e0 l&#039;achat de Gamma-Butyrolactone \u00e0 vendre France, Europe\" \/>\n<meta property=\"og:url\" content=\"https:\/\/medicinasinc.com\/fr\/product\/acheter-gamma-butyrolactone\/\" \/>\n<meta property=\"og:site_name\" content=\"Medicinas Inc\" \/>\n<meta property=\"article:modified_time\" content=\"2022-03-17T11:38:44+00:00\" \/>\n<meta property=\"og:image\" content=\"https:\/\/medicinasinc.com\/fr\/wp-content\/uploads\/sites\/5\/2022\/02\/Buy-Gamma-Butyrolactone.jpg\" \/>\n\t<meta property=\"og:image:width\" content=\"500\" \/>\n\t<meta property=\"og:image:height\" content=\"500\" \/>\n\t<meta property=\"og:image:type\" content=\"image\/jpeg\" \/>\n<meta name=\"twitter:card\" content=\"summary_large_image\" \/>\n<meta name=\"twitter:label1\" content=\"Est. reading time\" \/>\n\t<meta name=\"twitter:data1\" content=\"2 minutes\" \/>\n<script type=\"application\/ld+json\" class=\"yoast-schema-graph\">{\"@context\":\"https:\\\/\\\/schema.org\",\"@graph\":[{\"@type\":\"WebPage\",\"@id\":\"https:\\\/\\\/medicinasinc.com\\\/fr\\\/product\\\/acheter-gamma-butyrolactone\\\/\",\"url\":\"https:\\\/\\\/medicinasinc.com\\\/fr\\\/product\\\/acheter-gamma-butyrolactone\\\/\",\"name\":\"Acheter Gamma-Butyrolactone - Meilleurs meilleurs m\u00e9dicaments mondiaux\",\"isPartOf\":{\"@id\":\"https:\\\/\\\/medicinasinc.com\\\/fr\\\/#website\"},\"primaryImageOfPage\":{\"@id\":\"https:\\\/\\\/medicinasinc.com\\\/fr\\\/product\\\/acheter-gamma-butyrolactone\\\/#primaryimage\"},\"image\":{\"@id\":\"https:\\\/\\\/medicinasinc.com\\\/fr\\\/product\\\/acheter-gamma-butyrolactone\\\/#primaryimage\"},\"thumbnailUrl\":\"https:\\\/\\\/medicinasinc.com\\\/fr\\\/wp-content\\\/uploads\\\/sites\\\/5\\\/2022\\\/02\\\/Buy-Gamma-Butyrolactone.jpg\",\"datePublished\":\"2022-02-22T07:46:55+00:00\",\"dateModified\":\"2022-03-17T11:38:44+00:00\",\"description\":\"Vous pouvez acheter Gamma-Butyrolactone aupr\u00e8s de fournisseurs en qui nous avons confiance, et nous travaillons avec ces fournisseurs pour faciliter l'acc\u00e8s \u00e0 l'achat de Gamma-Butyrolactone \u00e0 vendre France, Europe\",\"breadcrumb\":{\"@id\":\"https:\\\/\\\/medicinasinc.com\\\/fr\\\/product\\\/acheter-gamma-butyrolactone\\\/#breadcrumb\"},\"inLanguage\":\"en-US\",\"potentialAction\":[{\"@type\":\"ReadAction\",\"target\":[\"https:\\\/\\\/medicinasinc.com\\\/fr\\\/product\\\/acheter-gamma-butyrolactone\\\/\"]}]},{\"@type\":\"ImageObject\",\"inLanguage\":\"en-US\",\"@id\":\"https:\\\/\\\/medicinasinc.com\\\/fr\\\/product\\\/acheter-gamma-butyrolactone\\\/#primaryimage\",\"url\":\"https:\\\/\\\/medicinasinc.com\\\/fr\\\/wp-content\\\/uploads\\\/sites\\\/5\\\/2022\\\/02\\\/Buy-Gamma-Butyrolactone.jpg\",\"contentUrl\":\"https:\\\/\\\/medicinasinc.com\\\/fr\\\/wp-content\\\/uploads\\\/sites\\\/5\\\/2022\\\/02\\\/Buy-Gamma-Butyrolactone.jpg\",\"width\":500,\"height\":500},{\"@type\":\"BreadcrumbList\",\"@id\":\"https:\\\/\\\/medicinasinc.com\\\/fr\\\/product\\\/acheter-gamma-butyrolactone\\\/#breadcrumb\",\"itemListElement\":[{\"@type\":\"ListItem\",\"position\":1,\"name\":\"Boutique\",\"item\":\"https:\\\/\\\/medicinasinc.com\\\/fr\\\/boutique\\\/\"},{\"@type\":\"ListItem\",\"position\":2,\"name\":\"Acheter Gamma-Butyrolactone\"}]},{\"@type\":\"WebSite\",\"@id\":\"https:\\\/\\\/medicinasinc.com\\\/fr\\\/#website\",\"url\":\"https:\\\/\\\/medicinasinc.com\\\/fr\\\/\",\"name\":\"Medicinas Inc\",\"description\":\"Health Medical Clinic\",\"potentialAction\":[{\"@type\":\"SearchAction\",\"target\":{\"@type\":\"EntryPoint\",\"urlTemplate\":\"https:\\\/\\\/medicinasinc.com\\\/fr\\\/?s={search_term_string}\"},\"query-input\":{\"@type\":\"PropertyValueSpecification\",\"valueRequired\":true,\"valueName\":\"search_term_string\"}}],\"inLanguage\":\"en-US\"}]}<\/script>\n<!-- \/ Yoast SEO plugin. -->","yoast_head_json":{"title":"Acheter Gamma-Butyrolactone - Meilleurs meilleurs m\u00e9dicaments mondiaux","description":"Vous pouvez acheter Gamma-Butyrolactone aupr\u00e8s de fournisseurs en qui nous avons confiance, et nous travaillons avec ces fournisseurs pour faciliter l'acc\u00e8s \u00e0 l'achat de Gamma-Butyrolactone \u00e0 vendre France, Europe","robots":{"index":"index","follow":"follow","max-snippet":"max-snippet:-1","max-image-preview":"max-image-preview:large","max-video-preview":"max-video-preview:-1"},"canonical":"https:\/\/medicinasinc.com\/fr\/product\/acheter-gamma-butyrolactone\/","og_locale":"en_US","og_type":"article","og_title":"Acheter Gamma-Butyrolactone - Meilleurs meilleurs m\u00e9dicaments mondiaux","og_description":"Vous pouvez acheter Gamma-Butyrolactone aupr\u00e8s de fournisseurs en qui nous avons confiance, et nous travaillons avec ces fournisseurs pour faciliter l'acc\u00e8s \u00e0 l'achat de Gamma-Butyrolactone \u00e0 vendre France, Europe","og_url":"https:\/\/medicinasinc.com\/fr\/product\/acheter-gamma-butyrolactone\/","og_site_name":"Medicinas Inc","article_modified_time":"2022-03-17T11:38:44+00:00","og_image":[{"width":500,"height":500,"url":"https:\/\/medicinasinc.com\/fr\/wp-content\/uploads\/sites\/5\/2022\/02\/Buy-Gamma-Butyrolactone.jpg","type":"image\/jpeg"}],"twitter_card":"summary_large_image","twitter_misc":{"Est. reading time":"2 minutes"},"schema":{"@context":"https:\/\/schema.org","@graph":[{"@type":"WebPage","@id":"https:\/\/medicinasinc.com\/fr\/product\/acheter-gamma-butyrolactone\/","url":"https:\/\/medicinasinc.com\/fr\/product\/acheter-gamma-butyrolactone\/","name":"Acheter Gamma-Butyrolactone - Meilleurs meilleurs m\u00e9dicaments mondiaux","isPartOf":{"@id":"https:\/\/medicinasinc.com\/fr\/#website"},"primaryImageOfPage":{"@id":"https:\/\/medicinasinc.com\/fr\/product\/acheter-gamma-butyrolactone\/#primaryimage"},"image":{"@id":"https:\/\/medicinasinc.com\/fr\/product\/acheter-gamma-butyrolactone\/#primaryimage"},"thumbnailUrl":"https:\/\/medicinasinc.com\/fr\/wp-content\/uploads\/sites\/5\/2022\/02\/Buy-Gamma-Butyrolactone.jpg","datePublished":"2022-02-22T07:46:55+00:00","dateModified":"2022-03-17T11:38:44+00:00","description":"Vous pouvez acheter Gamma-Butyrolactone aupr\u00e8s de fournisseurs en qui nous avons confiance, et nous travaillons avec ces fournisseurs pour faciliter l'acc\u00e8s \u00e0 l'achat de Gamma-Butyrolactone \u00e0 vendre France, Europe","breadcrumb":{"@id":"https:\/\/medicinasinc.com\/fr\/product\/acheter-gamma-butyrolactone\/#breadcrumb"},"inLanguage":"en-US","potentialAction":[{"@type":"ReadAction","target":["https:\/\/medicinasinc.com\/fr\/product\/acheter-gamma-butyrolactone\/"]}]},{"@type":"ImageObject","inLanguage":"en-US","@id":"https:\/\/medicinasinc.com\/fr\/product\/acheter-gamma-butyrolactone\/#primaryimage","url":"https:\/\/medicinasinc.com\/fr\/wp-content\/uploads\/sites\/5\/2022\/02\/Buy-Gamma-Butyrolactone.jpg","contentUrl":"https:\/\/medicinasinc.com\/fr\/wp-content\/uploads\/sites\/5\/2022\/02\/Buy-Gamma-Butyrolactone.jpg","width":500,"height":500},{"@type":"BreadcrumbList","@id":"https:\/\/medicinasinc.com\/fr\/product\/acheter-gamma-butyrolactone\/#breadcrumb","itemListElement":[{"@type":"ListItem","position":1,"name":"Boutique","item":"https:\/\/medicinasinc.com\/fr\/boutique\/"},{"@type":"ListItem","position":2,"name":"Acheter Gamma-Butyrolactone"}]},{"@type":"WebSite","@id":"https:\/\/medicinasinc.com\/fr\/#website","url":"https:\/\/medicinasinc.com\/fr\/","name":"Medicinas Inc","description":"Health Medical Clinic","potentialAction":[{"@type":"SearchAction","target":{"@type":"EntryPoint","urlTemplate":"https:\/\/medicinasinc.com\/fr\/?s={search_term_string}"},"query-input":{"@type":"PropertyValueSpecification","valueRequired":true,"valueName":"search_term_string"}}],"inLanguage":"en-US"}]}},"_links":{"self":[{"href":"https:\/\/medicinasinc.com\/fr\/wp-json\/wp\/v2\/product\/5875","targetHints":{"allow":["GET"]}}],"collection":[{"href":"https:\/\/medicinasinc.com\/fr\/wp-json\/wp\/v2\/product"}],"about":[{"href":"https:\/\/medicinasinc.com\/fr\/wp-json\/wp\/v2\/types\/product"}],"replies":[{"embeddable":true,"href":"https:\/\/medicinasinc.com\/fr\/wp-json\/wp\/v2\/comments?post=5875"}],"wp:featuredmedia":[{"embeddable":true,"href":"https:\/\/medicinasinc.com\/fr\/wp-json\/wp\/v2\/media\/5885"}],"wp:attachment":[{"href":"https:\/\/medicinasinc.com\/fr\/wp-json\/wp\/v2\/media?parent=5875"}],"wp:term":[{"taxonomy":"product_brand","embeddable":true,"href":"https:\/\/medicinasinc.com\/fr\/wp-json\/wp\/v2\/product_brand?post=5875"},{"taxonomy":"product_cat","embeddable":true,"href":"https:\/\/medicinasinc.com\/fr\/wp-json\/wp\/v2\/product_cat?post=5875"},{"taxonomy":"product_tag","embeddable":true,"href":"https:\/\/medicinasinc.com\/fr\/wp-json\/wp\/v2\/product_tag?post=5875"}],"curies":[{"name":"wp","href":"https:\/\/api.w.org\/{rel}","templated":true}]}}