{"id":5863,"date":"2022-02-22T07:36:01","date_gmt":"2022-02-22T07:36:01","guid":{"rendered":"https:\/\/medicinasinc.com\/fr\/?post_type=product&#038;p=5863"},"modified":"2022-03-17T11:39:06","modified_gmt":"2022-03-17T11:39:06","slug":"acheter-gamma-hydroxybutyrate-ghb-poudre","status":"publish","type":"product","link":"https:\/\/medicinasinc.com\/fr\/product\/acheter-gamma-hydroxybutyrate-ghb-poudre\/","title":{"rendered":"Acheter de la poudre de gamma hydroxybutyrate (GHB)"},"content":{"rendered":"<p>Achat en ligne de poudre de GHB<\/p>\n<p>Achetez de la poudre de GHB en ligne. Le GHB est un anesth\u00e9siant synth\u00e9tique. Il est disponible sous forme de liquide transparent ou de poudre et a une saveur l\u00e9g\u00e8rement sal\u00e9e. Parce que la puissance varie, il n&#8217;existe pas de &#8220;dose s\u00fbre&#8221;. Le GBL (gamma-butyrolactone) et le 1,4-butanediol sont disponibles dans le commerce comme alternatives au GHB. Ceux-ci sont disponibles l\u00e9galement comme solvants de nettoyage et, lorsqu&#8217;ils sont aval\u00e9s, ils se transforment naturellement en GHB.<\/p>\n<p>La gamma butyrolactone est utilis\u00e9e pour am\u00e9liorer les performances sportives, la qualit\u00e9 du sommeil, les performances et le plaisir sexuels. De plus, ils l&#8217;utilisent pour traiter la d\u00e9pression et le stress, pour prolonger la vie, pour favoriser une pens\u00e9e claire, pour induire la relaxation et pour lib\u00e9rer l&#8217;hormone de croissance. De plus, GBL est utilis\u00e9 pour r\u00e9duire la graisse corporelle et comme constructeur de corps ou de muscle. Certaines personnes l&#8217;utilisent \u00e0 des fins r\u00e9cr\u00e9atives.<\/p>\n<p>GHB ou GBL Chemicals for Research<\/p>\n<p>(noms alternatifs\u00a0: gammahydroxybutyrate, liquid ecstasy, liquid X, gammahydroxybutyrate)<\/p>\n<p>Typiquement, le GHB est offert dans de petites fioles sous forme de liquide clair avec une consistance un peu plus \u00e9paisse que l&#8217;eau.<br \/> Les doses sont administr\u00e9es en petites quantit\u00e9s, appel\u00e9es &#8220;bouchons&#8221; ou &#8220;bouchons de G.&#8221;<br \/> Bien qu&#8217;il puisse \u00eatre consomm\u00e9 entier, il est g\u00e9n\u00e9ralement dilu\u00e9 dans de l&#8217;eau ou du jus et bu.<br \/> Le GHB n&#8217;a pas d&#8217;odeur et n&#8217;a pas de saveur perceptible.<br \/> Le GBL a une saveur et une odeur l\u00e9g\u00e8rement sal\u00e9e et chimique qui est facilement masquable lorsqu&#8217;il est m\u00e9lang\u00e9 avec d&#8217;autres liquides . Le GBL est une version plus puissante du m\u00e9dicament.<br \/> Limitez-vous \u00e0 des doses extr\u00eamement faibles de GHB. Il est assez puissant et sa puissance peut varier consid\u00e9rablement d&#8217;un lot \u00e0 l&#8217;autre, m\u00eame parmi les utilisateurs chevronn\u00e9s. Il est conseill\u00e9 d&#8217;attendre entre les doses. Certaines sources recommandent d&#8217;attendre jusqu&#8217;\u00e0 deux heures entre les doses pour \u00e9viter le Ging Out.<\/p>\n<p>Effets du GHB<\/p>\n<p>Les effets commencent environ vingt minutes apr\u00e8s la consommation et peuvent durer jusqu&#8217;\u00e0 quatre heures.<br \/> Des quantit\u00e9s plus petites et plus douces induisent la relaxation et le calme.<br \/> Si vous prenez des quantit\u00e9s plus \u00e9lev\u00e9es, vous pouvez avoir de la somnolence, des \u00e9tourdissements et de la confusion. De plus, vous pouvez ressentir des naus\u00e9es, des vomissements et des spasmes musculaires.<br \/> Peut entra\u00eener des convulsions, une perte de conscience, un coma et des difficult\u00e9s respiratoires<br \/> Possibilit\u00e9 d&#8217;augmenter la croissance musculaire chez les bodybuilders<\/p>\n<p>Sexe avec GHB<\/p>\n<p>Semblable \u00e0 l&#8217;alcool, il r\u00e9duit les inhibitions tout en augmentant la confiance et la sociabilit\u00e9.<br \/> Augmentation de la sensibilit\u00e9 tactile et de la sensibilit\u00e9 aux stimuli<br \/> Certains hommes ont des \u00e9rections plus fortes.<br \/> Des orgasmes qui sont assez intense, bien que cela d\u00e9pende de la dose<br \/> Un exc\u00e8s de GHB peut provoquer de la fatigue et s&#8217;\u00e9vanouir pendant les rapports sexuels.<br \/> Le GHB est consid\u00e9r\u00e9 comme un m\u00e9dicament contre le viol parce qu&#8217;il augmente votre volont\u00e9 de vous engager dans des relations sexuelles. activit\u00e9s sexuelles et alt\u00e8re votre capacit\u00e9 \u00e0 \u00e9tablir et \u00e0 affirmer des limites sexuelles. Il est particuli\u00e8rement important de confirmer le consentement avec les partenaires qui sont sous G. Maintenir le contact tout au long d&#8217;une s\u00e9ance sexuelle. Le contact sexuel avec une personne inconsciente peut \u00eatre interpr\u00e9t\u00e9 comme une agression sexuelle.<\/p>\n","protected":false},"excerpt":{"rendered":"<p>Achetez de la poudre de GHB gamma-hydroxybutyrique \u00e0 vendre au Royaume-Uni, en Europe, au Japon, aux \u00c9mirats arabes unis, en Chine et en Asie aupr\u00e8s du meilleur fournisseur en gros de GHB, nous garantissons une livraison discr\u00e8te dans le monde entier<\/p>\n","protected":false},"featured_media":5873,"comment_status":"open","ping_status":"closed","template":"","meta":[],"product_brand":[],"product_cat":[59],"product_tag":[4014,4023,4015,4016,4018,4019,4017,4022,4020,4021],"class_list":{"0":"post-5863","1":"product","2":"type-product","3":"status-publish","4":"has-post-thumbnail","6":"product_cat-produits-chimiques-de-recherche","7":"product_tag-acheter-gamma-hydroxybutyrate-en-ligne","8":"product_tag-acheter-ghb-poudre","9":"product_tag-acheter-ghb","10":"product_tag-acheter-ghb-en-ligne","11":"product_tag-acide-gamma-hydroxybutyrique-et-hormone-de-croissance","12":"product_tag-acide-gamma-hydroxybutyrique-antidpresseur","13":"product_tag-drogue","14":"product_tag-ghb--vendre","15":"product_tag-acide-gamma-hydroxybutyrique-musculation","16":"product_tag-prix-acide-gamma-hydroxybutyrique","18":"first","19":"instock","20":"shipping-taxable","21":"purchasable","22":"product-type-variable"},"yoast_head":"<!-- This site is optimized with the Yoast SEO plugin v27.3 - https:\/\/yoast.com\/product\/yoast-seo-wordpress\/ -->\n<title>Acheter de la poudre de gamma hydroxybutyrate (GHB) - Best Best Global Meds<\/title>\n<meta name=\"description\" content=\"Achetez de la poudre de GHB gamma-hydroxybutyrique \u00e0 vendre au Royaume-Uni, en Europe, au Japon, aux \u00c9mirats arabes unis, en Chine et en Asie aupr\u00e8s du meilleur fournisseur en gros de GHB. Nous garantissons une livraison discr\u00e8te dans le monde entier.\" \/>\n<meta name=\"robots\" content=\"index, follow, max-snippet:-1, max-image-preview:large, max-video-preview:-1\" \/>\n<link rel=\"canonical\" href=\"https:\/\/medicinasinc.com\/fr\/product\/acheter-gamma-hydroxybutyrate-ghb-poudre\/\" \/>\n<meta property=\"og:locale\" content=\"en_US\" \/>\n<meta property=\"og:type\" content=\"article\" \/>\n<meta property=\"og:title\" content=\"Acheter de la poudre de gamma hydroxybutyrate (GHB) - Best Best Global Meds\" \/>\n<meta property=\"og:description\" content=\"Achetez de la poudre de GHB gamma-hydroxybutyrique \u00e0 vendre au Royaume-Uni, en Europe, au Japon, aux \u00c9mirats arabes unis, en Chine et en Asie aupr\u00e8s du meilleur fournisseur en gros de GHB. Nous garantissons une livraison discr\u00e8te dans le monde entier.\" \/>\n<meta property=\"og:url\" content=\"https:\/\/medicinasinc.com\/fr\/product\/acheter-gamma-hydroxybutyrate-ghb-poudre\/\" \/>\n<meta property=\"og:site_name\" content=\"Medicinas Inc\" \/>\n<meta property=\"article:modified_time\" content=\"2022-03-17T11:39:06+00:00\" \/>\n<meta property=\"og:image\" content=\"https:\/\/medicinasinc.com\/fr\/wp-content\/uploads\/sites\/5\/2022\/02\/buy-GHB-powder-1.jpg\" \/>\n\t<meta property=\"og:image:width\" content=\"612\" \/>\n\t<meta property=\"og:image:height\" content=\"408\" \/>\n\t<meta property=\"og:image:type\" content=\"image\/jpeg\" \/>\n<meta name=\"twitter:card\" content=\"summary_large_image\" \/>\n<meta name=\"twitter:label1\" content=\"Est. reading time\" \/>\n\t<meta name=\"twitter:data1\" content=\"2 minutes\" \/>\n<script type=\"application\/ld+json\" class=\"yoast-schema-graph\">{\"@context\":\"https:\\\/\\\/schema.org\",\"@graph\":[{\"@type\":\"WebPage\",\"@id\":\"https:\\\/\\\/medicinasinc.com\\\/fr\\\/product\\\/acheter-gamma-hydroxybutyrate-ghb-poudre\\\/\",\"url\":\"https:\\\/\\\/medicinasinc.com\\\/fr\\\/product\\\/acheter-gamma-hydroxybutyrate-ghb-poudre\\\/\",\"name\":\"Acheter de la poudre de gamma hydroxybutyrate (GHB) - Best Best Global Meds\",\"isPartOf\":{\"@id\":\"https:\\\/\\\/medicinasinc.com\\\/fr\\\/#website\"},\"primaryImageOfPage\":{\"@id\":\"https:\\\/\\\/medicinasinc.com\\\/fr\\\/product\\\/acheter-gamma-hydroxybutyrate-ghb-poudre\\\/#primaryimage\"},\"image\":{\"@id\":\"https:\\\/\\\/medicinasinc.com\\\/fr\\\/product\\\/acheter-gamma-hydroxybutyrate-ghb-poudre\\\/#primaryimage\"},\"thumbnailUrl\":\"https:\\\/\\\/medicinasinc.com\\\/fr\\\/wp-content\\\/uploads\\\/sites\\\/5\\\/2022\\\/02\\\/buy-GHB-powder-1.jpg\",\"datePublished\":\"2022-02-22T07:36:01+00:00\",\"dateModified\":\"2022-03-17T11:39:06+00:00\",\"description\":\"Achetez de la poudre de GHB gamma-hydroxybutyrique \u00e0 vendre au Royaume-Uni, en Europe, au Japon, aux \u00c9mirats arabes unis, en Chine et en Asie aupr\u00e8s du meilleur fournisseur en gros de GHB. Nous garantissons une livraison discr\u00e8te dans le monde entier.\",\"breadcrumb\":{\"@id\":\"https:\\\/\\\/medicinasinc.com\\\/fr\\\/product\\\/acheter-gamma-hydroxybutyrate-ghb-poudre\\\/#breadcrumb\"},\"inLanguage\":\"en-US\",\"potentialAction\":[{\"@type\":\"ReadAction\",\"target\":[\"https:\\\/\\\/medicinasinc.com\\\/fr\\\/product\\\/acheter-gamma-hydroxybutyrate-ghb-poudre\\\/\"]}]},{\"@type\":\"ImageObject\",\"inLanguage\":\"en-US\",\"@id\":\"https:\\\/\\\/medicinasinc.com\\\/fr\\\/product\\\/acheter-gamma-hydroxybutyrate-ghb-poudre\\\/#primaryimage\",\"url\":\"https:\\\/\\\/medicinasinc.com\\\/fr\\\/wp-content\\\/uploads\\\/sites\\\/5\\\/2022\\\/02\\\/buy-GHB-powder-1.jpg\",\"contentUrl\":\"https:\\\/\\\/medicinasinc.com\\\/fr\\\/wp-content\\\/uploads\\\/sites\\\/5\\\/2022\\\/02\\\/buy-GHB-powder-1.jpg\",\"width\":612,\"height\":408},{\"@type\":\"BreadcrumbList\",\"@id\":\"https:\\\/\\\/medicinasinc.com\\\/fr\\\/product\\\/acheter-gamma-hydroxybutyrate-ghb-poudre\\\/#breadcrumb\",\"itemListElement\":[{\"@type\":\"ListItem\",\"position\":1,\"name\":\"Boutique\",\"item\":\"https:\\\/\\\/medicinasinc.com\\\/fr\\\/boutique\\\/\"},{\"@type\":\"ListItem\",\"position\":2,\"name\":\"Acheter de la poudre de gamma hydroxybutyrate (GHB)\"}]},{\"@type\":\"WebSite\",\"@id\":\"https:\\\/\\\/medicinasinc.com\\\/fr\\\/#website\",\"url\":\"https:\\\/\\\/medicinasinc.com\\\/fr\\\/\",\"name\":\"Medicinas Inc\",\"description\":\"Health Medical Clinic\",\"potentialAction\":[{\"@type\":\"SearchAction\",\"target\":{\"@type\":\"EntryPoint\",\"urlTemplate\":\"https:\\\/\\\/medicinasinc.com\\\/fr\\\/?s={search_term_string}\"},\"query-input\":{\"@type\":\"PropertyValueSpecification\",\"valueRequired\":true,\"valueName\":\"search_term_string\"}}],\"inLanguage\":\"en-US\"}]}<\/script>\n<!-- \/ Yoast SEO plugin. -->","yoast_head_json":{"title":"Acheter de la poudre de gamma hydroxybutyrate (GHB) - Best Best Global Meds","description":"Achetez de la poudre de GHB gamma-hydroxybutyrique \u00e0 vendre au Royaume-Uni, en Europe, au Japon, aux \u00c9mirats arabes unis, en Chine et en Asie aupr\u00e8s du meilleur fournisseur en gros de GHB. Nous garantissons une livraison discr\u00e8te dans le monde entier.","robots":{"index":"index","follow":"follow","max-snippet":"max-snippet:-1","max-image-preview":"max-image-preview:large","max-video-preview":"max-video-preview:-1"},"canonical":"https:\/\/medicinasinc.com\/fr\/product\/acheter-gamma-hydroxybutyrate-ghb-poudre\/","og_locale":"en_US","og_type":"article","og_title":"Acheter de la poudre de gamma hydroxybutyrate (GHB) - Best Best Global Meds","og_description":"Achetez de la poudre de GHB gamma-hydroxybutyrique \u00e0 vendre au Royaume-Uni, en Europe, au Japon, aux \u00c9mirats arabes unis, en Chine et en Asie aupr\u00e8s du meilleur fournisseur en gros de GHB. Nous garantissons une livraison discr\u00e8te dans le monde entier.","og_url":"https:\/\/medicinasinc.com\/fr\/product\/acheter-gamma-hydroxybutyrate-ghb-poudre\/","og_site_name":"Medicinas Inc","article_modified_time":"2022-03-17T11:39:06+00:00","og_image":[{"width":612,"height":408,"url":"https:\/\/medicinasinc.com\/fr\/wp-content\/uploads\/sites\/5\/2022\/02\/buy-GHB-powder-1.jpg","type":"image\/jpeg"}],"twitter_card":"summary_large_image","twitter_misc":{"Est. reading time":"2 minutes"},"schema":{"@context":"https:\/\/schema.org","@graph":[{"@type":"WebPage","@id":"https:\/\/medicinasinc.com\/fr\/product\/acheter-gamma-hydroxybutyrate-ghb-poudre\/","url":"https:\/\/medicinasinc.com\/fr\/product\/acheter-gamma-hydroxybutyrate-ghb-poudre\/","name":"Acheter de la poudre de gamma hydroxybutyrate (GHB) - Best Best Global Meds","isPartOf":{"@id":"https:\/\/medicinasinc.com\/fr\/#website"},"primaryImageOfPage":{"@id":"https:\/\/medicinasinc.com\/fr\/product\/acheter-gamma-hydroxybutyrate-ghb-poudre\/#primaryimage"},"image":{"@id":"https:\/\/medicinasinc.com\/fr\/product\/acheter-gamma-hydroxybutyrate-ghb-poudre\/#primaryimage"},"thumbnailUrl":"https:\/\/medicinasinc.com\/fr\/wp-content\/uploads\/sites\/5\/2022\/02\/buy-GHB-powder-1.jpg","datePublished":"2022-02-22T07:36:01+00:00","dateModified":"2022-03-17T11:39:06+00:00","description":"Achetez de la poudre de GHB gamma-hydroxybutyrique \u00e0 vendre au Royaume-Uni, en Europe, au Japon, aux \u00c9mirats arabes unis, en Chine et en Asie aupr\u00e8s du meilleur fournisseur en gros de GHB. Nous garantissons une livraison discr\u00e8te dans le monde entier.","breadcrumb":{"@id":"https:\/\/medicinasinc.com\/fr\/product\/acheter-gamma-hydroxybutyrate-ghb-poudre\/#breadcrumb"},"inLanguage":"en-US","potentialAction":[{"@type":"ReadAction","target":["https:\/\/medicinasinc.com\/fr\/product\/acheter-gamma-hydroxybutyrate-ghb-poudre\/"]}]},{"@type":"ImageObject","inLanguage":"en-US","@id":"https:\/\/medicinasinc.com\/fr\/product\/acheter-gamma-hydroxybutyrate-ghb-poudre\/#primaryimage","url":"https:\/\/medicinasinc.com\/fr\/wp-content\/uploads\/sites\/5\/2022\/02\/buy-GHB-powder-1.jpg","contentUrl":"https:\/\/medicinasinc.com\/fr\/wp-content\/uploads\/sites\/5\/2022\/02\/buy-GHB-powder-1.jpg","width":612,"height":408},{"@type":"BreadcrumbList","@id":"https:\/\/medicinasinc.com\/fr\/product\/acheter-gamma-hydroxybutyrate-ghb-poudre\/#breadcrumb","itemListElement":[{"@type":"ListItem","position":1,"name":"Boutique","item":"https:\/\/medicinasinc.com\/fr\/boutique\/"},{"@type":"ListItem","position":2,"name":"Acheter de la poudre de gamma hydroxybutyrate (GHB)"}]},{"@type":"WebSite","@id":"https:\/\/medicinasinc.com\/fr\/#website","url":"https:\/\/medicinasinc.com\/fr\/","name":"Medicinas Inc","description":"Health Medical Clinic","potentialAction":[{"@type":"SearchAction","target":{"@type":"EntryPoint","urlTemplate":"https:\/\/medicinasinc.com\/fr\/?s={search_term_string}"},"query-input":{"@type":"PropertyValueSpecification","valueRequired":true,"valueName":"search_term_string"}}],"inLanguage":"en-US"}]}},"_links":{"self":[{"href":"https:\/\/medicinasinc.com\/fr\/wp-json\/wp\/v2\/product\/5863","targetHints":{"allow":["GET"]}}],"collection":[{"href":"https:\/\/medicinasinc.com\/fr\/wp-json\/wp\/v2\/product"}],"about":[{"href":"https:\/\/medicinasinc.com\/fr\/wp-json\/wp\/v2\/types\/product"}],"replies":[{"embeddable":true,"href":"https:\/\/medicinasinc.com\/fr\/wp-json\/wp\/v2\/comments?post=5863"}],"wp:featuredmedia":[{"embeddable":true,"href":"https:\/\/medicinasinc.com\/fr\/wp-json\/wp\/v2\/media\/5873"}],"wp:attachment":[{"href":"https:\/\/medicinasinc.com\/fr\/wp-json\/wp\/v2\/media?parent=5863"}],"wp:term":[{"taxonomy":"product_brand","embeddable":true,"href":"https:\/\/medicinasinc.com\/fr\/wp-json\/wp\/v2\/product_brand?post=5863"},{"taxonomy":"product_cat","embeddable":true,"href":"https:\/\/medicinasinc.com\/fr\/wp-json\/wp\/v2\/product_cat?post=5863"},{"taxonomy":"product_tag","embeddable":true,"href":"https:\/\/medicinasinc.com\/fr\/wp-json\/wp\/v2\/product_tag?post=5863"}],"curies":[{"name":"wp","href":"https:\/\/api.w.org\/{rel}","templated":true}]}}