{"id":5858,"date":"2022-02-22T07:31:17","date_gmt":"2022-02-22T07:31:17","guid":{"rendered":"https:\/\/medicinasinc.com\/fr\/?post_type=product&#038;p=5858"},"modified":"2022-03-17T11:39:17","modified_gmt":"2022-03-17T11:39:17","slug":"acheter-gamma-hydroxybutyrate-ghb-liquide","status":"publish","type":"product","link":"https:\/\/medicinasinc.com\/fr\/product\/acheter-gamma-hydroxybutyrate-ghb-liquide\/","title":{"rendered":"Acheter du gamma hydroxybutyrate (GHB) liquide"},"content":{"rendered":"<p>GHB gamma-hydroxybutyrique en vente au Royaume-Uni, en Europe, au Japon, aux \u00c9mirats arabes unis, en Chine et en Asie aupr\u00e8s de la principale source de vente en gros de GHB. Nous promettons une exp\u00e9dition internationale discr\u00e8te.<\/p>\n<p>-L&#8217;acide hydroxybutyrique (GHB), \u00e9galement connu sous le nom d&#8217;acide 4-hydroxybutano\u00efque, est un neurotransmetteur naturel et une substance hallucinog\u00e8ne. Dans des endroits sp\u00e9cifiques du cerveau, il agit comme un pr\u00e9curseur du GABA, du glutamate et de la glycine. C&#8217;est un agoniste modeste du r\u00e9cepteur GABAB et agit sur le r\u00e9cepteur du GHB. Le GHB a \u00e9t\u00e9 utilis\u00e9 comme anesth\u00e9sique g\u00e9n\u00e9ral et comme traitement de la cataplexie, de la narcolepsie et de l&#8217;alcoolisme dans le cadre m\u00e9dical. De plus, il est utilis\u00e9 ill\u00e9galement comme substance intoxicante, am\u00e9liorateur de performance, drogue du viol et substance r\u00e9cr\u00e9ative.<\/p>\n<p>Il est fr\u00e9quemment utilis\u00e9 comme sel sous forme d&#8217;hydroxybutyrate de sodium (NaGHB, sodium oxybate ou Xyrem) ou hydroxybutyrate de potassium (KGHB, oxybate de potassium). Le GHB est \u00e9galement cr\u00e9\u00e9 pendant la fermentation et se trouve \u00e0 l&#8217;\u00e9tat de traces dans une vari\u00e9t\u00e9 de bi\u00e8res et de vins, ainsi que dans le b\u0153uf et les petits agrumes.<\/p>\n<p>Le GHB est utilis\u00e9 m\u00e9dicalement pour traiter la narcolepsie et, plus rarement, l&#8217;alcoolisme, bien que son efficacit\u00e9 par rapport \u00e0 d&#8217;autres pharmacoth\u00e9rapies pour l&#8217;alcoolisme reste inconnue.<\/p>\n<p>Il est parfois utilis\u00e9 hors AMM pour traiter la fibromyalgie.<\/p>\n<p>L&#8217;oxybate de sodium est un m\u00e9dicament d&#8217;ordonnance qui contient le composant actif GHB (Xyrem). La Food and Drug Administration des \u00c9tats-Unis a approuv\u00e9 l&#8217;oxybate de sodium pour le traitement de la cataplexie associ\u00e9e \u00e0 la narcolepsie et de la somnolence diurne excessive (EDS) associ\u00e9e \u00e0 la narcolepsie.<\/p>\n<p>Dans des tests de latence d&#8217;endormissement multiples modifi\u00e9s, il a \u00e9t\u00e9 constat\u00e9 que le GHB stimule de mani\u00e8re fiable sommeil \u00e0 ondes lentes et diminuer l&#8217;inclinaison vers le sommeil paradoxal.<\/p>\n<p>L&#8217;\u00e9tiquetage approuv\u00e9 par la FDA pour l&#8217;oxybate de sodium indique qu&#8217;il n&#8217;y a aucune preuve que le GHB soit canc\u00e9rig\u00e8ne, t\u00e9ratog\u00e8ne ou h\u00e9patotoxique. Son profil d&#8217;innocuit\u00e9 sup\u00e9rieur \u00e0 celui de l&#8217;\u00e9thanol peut expliquer pourquoi le GHB est toujours \u00e0 l&#8217;\u00e9tude] comme substitut possible de l&#8217;alcool.<\/p>\n","protected":false},"excerpt":{"rendered":"<p>Achetez du liquide GHB gamma-hydroxybutyrique \u00e0 vendre au Royaume-Uni, en Europe, au Japon, aux \u00c9mirats arabes unis, en Chine et en Asie aupr\u00e8s du meilleur fournisseur en gros de GHB, nous garantissons une livraison discr\u00e8te dans le monde entier<\/p>\n<p>Quantit\u00e9 minimum\u00a0200 ml<\/p>\n","protected":false},"featured_media":5868,"comment_status":"open","ping_status":"closed","template":"","meta":[],"product_brand":[],"product_cat":[59],"product_tag":[4014,4015,4016,4018,4019,4017,4022,4020,4021],"class_list":{"0":"post-5858","1":"product","2":"type-product","3":"status-publish","4":"has-post-thumbnail","6":"product_cat-produits-chimiques-de-recherche","7":"product_tag-acheter-gamma-hydroxybutyrate-en-ligne","8":"product_tag-acheter-ghb","9":"product_tag-acheter-ghb-en-ligne","10":"product_tag-acide-gamma-hydroxybutyrique-et-hormone-de-croissance","11":"product_tag-acide-gamma-hydroxybutyrique-antidpresseur","12":"product_tag-drogue","13":"product_tag-ghb--vendre","14":"product_tag-acide-gamma-hydroxybutyrique-musculation","15":"product_tag-prix-acide-gamma-hydroxybutyrique","17":"first","18":"instock","19":"shipping-taxable","20":"purchasable","21":"product-type-variable"},"yoast_head":"<!-- This site is optimized with the Yoast SEO plugin v27.3 - https:\/\/yoast.com\/product\/yoast-seo-wordpress\/ -->\n<title>Acheter gamma hydroxybutyrate (GHB) - Best Best Global Meds<\/title>\n<meta name=\"description\" content=\"Achetez du liquide GHB gamma-hydroxybutyrique \u00e0 vendre au Royaume-Uni, en Europe, au Japon, aux \u00c9mirats arabes unis, en Chine et en Asie aupr\u00e8s du meilleur fournisseur en gros de GHB. Nous garantissons une livraison discr\u00e8te dans le monde entier.\" \/>\n<meta name=\"robots\" content=\"index, follow, max-snippet:-1, max-image-preview:large, max-video-preview:-1\" \/>\n<link rel=\"canonical\" href=\"https:\/\/medicinasinc.com\/fr\/product\/acheter-gamma-hydroxybutyrate-ghb-liquide\/\" \/>\n<meta property=\"og:locale\" content=\"en_US\" \/>\n<meta property=\"og:type\" content=\"article\" \/>\n<meta property=\"og:title\" content=\"Acheter gamma hydroxybutyrate (GHB) - Best Best Global Meds\" \/>\n<meta property=\"og:description\" content=\"Achetez du liquide GHB gamma-hydroxybutyrique \u00e0 vendre au Royaume-Uni, en Europe, au Japon, aux \u00c9mirats arabes unis, en Chine et en Asie aupr\u00e8s du meilleur fournisseur en gros de GHB. Nous garantissons une livraison discr\u00e8te dans le monde entier.\" \/>\n<meta property=\"og:url\" content=\"https:\/\/medicinasinc.com\/fr\/product\/acheter-gamma-hydroxybutyrate-ghb-liquide\/\" \/>\n<meta property=\"og:site_name\" content=\"Medicinas Inc\" \/>\n<meta property=\"article:modified_time\" content=\"2022-03-17T11:39:17+00:00\" \/>\n<meta property=\"og:image\" content=\"https:\/\/medicinasinc.com\/fr\/wp-content\/uploads\/sites\/5\/2022\/02\/Buy-gamma-hydroxybutyrate.jpg\" \/>\n\t<meta property=\"og:image:width\" content=\"600\" \/>\n\t<meta property=\"og:image:height\" content=\"450\" \/>\n\t<meta property=\"og:image:type\" content=\"image\/jpeg\" \/>\n<meta name=\"twitter:card\" content=\"summary_large_image\" \/>\n<meta name=\"twitter:label1\" content=\"Est. reading time\" \/>\n\t<meta name=\"twitter:data1\" content=\"2 minutes\" \/>\n<script type=\"application\/ld+json\" class=\"yoast-schema-graph\">{\"@context\":\"https:\\\/\\\/schema.org\",\"@graph\":[{\"@type\":\"WebPage\",\"@id\":\"https:\\\/\\\/medicinasinc.com\\\/fr\\\/product\\\/acheter-gamma-hydroxybutyrate-ghb-liquide\\\/\",\"url\":\"https:\\\/\\\/medicinasinc.com\\\/fr\\\/product\\\/acheter-gamma-hydroxybutyrate-ghb-liquide\\\/\",\"name\":\"Acheter gamma hydroxybutyrate (GHB) - Best Best Global Meds\",\"isPartOf\":{\"@id\":\"https:\\\/\\\/medicinasinc.com\\\/fr\\\/#website\"},\"primaryImageOfPage\":{\"@id\":\"https:\\\/\\\/medicinasinc.com\\\/fr\\\/product\\\/acheter-gamma-hydroxybutyrate-ghb-liquide\\\/#primaryimage\"},\"image\":{\"@id\":\"https:\\\/\\\/medicinasinc.com\\\/fr\\\/product\\\/acheter-gamma-hydroxybutyrate-ghb-liquide\\\/#primaryimage\"},\"thumbnailUrl\":\"https:\\\/\\\/medicinasinc.com\\\/fr\\\/wp-content\\\/uploads\\\/sites\\\/5\\\/2022\\\/02\\\/Buy-gamma-hydroxybutyrate.jpg\",\"datePublished\":\"2022-02-22T07:31:17+00:00\",\"dateModified\":\"2022-03-17T11:39:17+00:00\",\"description\":\"Achetez du liquide GHB gamma-hydroxybutyrique \u00e0 vendre au Royaume-Uni, en Europe, au Japon, aux \u00c9mirats arabes unis, en Chine et en Asie aupr\u00e8s du meilleur fournisseur en gros de GHB. Nous garantissons une livraison discr\u00e8te dans le monde entier.\",\"breadcrumb\":{\"@id\":\"https:\\\/\\\/medicinasinc.com\\\/fr\\\/product\\\/acheter-gamma-hydroxybutyrate-ghb-liquide\\\/#breadcrumb\"},\"inLanguage\":\"en-US\",\"potentialAction\":[{\"@type\":\"ReadAction\",\"target\":[\"https:\\\/\\\/medicinasinc.com\\\/fr\\\/product\\\/acheter-gamma-hydroxybutyrate-ghb-liquide\\\/\"]}]},{\"@type\":\"ImageObject\",\"inLanguage\":\"en-US\",\"@id\":\"https:\\\/\\\/medicinasinc.com\\\/fr\\\/product\\\/acheter-gamma-hydroxybutyrate-ghb-liquide\\\/#primaryimage\",\"url\":\"https:\\\/\\\/medicinasinc.com\\\/fr\\\/wp-content\\\/uploads\\\/sites\\\/5\\\/2022\\\/02\\\/Buy-gamma-hydroxybutyrate.jpg\",\"contentUrl\":\"https:\\\/\\\/medicinasinc.com\\\/fr\\\/wp-content\\\/uploads\\\/sites\\\/5\\\/2022\\\/02\\\/Buy-gamma-hydroxybutyrate.jpg\",\"width\":600,\"height\":450},{\"@type\":\"BreadcrumbList\",\"@id\":\"https:\\\/\\\/medicinasinc.com\\\/fr\\\/product\\\/acheter-gamma-hydroxybutyrate-ghb-liquide\\\/#breadcrumb\",\"itemListElement\":[{\"@type\":\"ListItem\",\"position\":1,\"name\":\"Boutique\",\"item\":\"https:\\\/\\\/medicinasinc.com\\\/fr\\\/boutique\\\/\"},{\"@type\":\"ListItem\",\"position\":2,\"name\":\"Acheter du gamma hydroxybutyrate (GHB) liquide\"}]},{\"@type\":\"WebSite\",\"@id\":\"https:\\\/\\\/medicinasinc.com\\\/fr\\\/#website\",\"url\":\"https:\\\/\\\/medicinasinc.com\\\/fr\\\/\",\"name\":\"Medicinas Inc\",\"description\":\"Health Medical Clinic\",\"potentialAction\":[{\"@type\":\"SearchAction\",\"target\":{\"@type\":\"EntryPoint\",\"urlTemplate\":\"https:\\\/\\\/medicinasinc.com\\\/fr\\\/?s={search_term_string}\"},\"query-input\":{\"@type\":\"PropertyValueSpecification\",\"valueRequired\":true,\"valueName\":\"search_term_string\"}}],\"inLanguage\":\"en-US\"}]}<\/script>\n<!-- \/ Yoast SEO plugin. -->","yoast_head_json":{"title":"Acheter gamma hydroxybutyrate (GHB) - Best Best Global Meds","description":"Achetez du liquide GHB gamma-hydroxybutyrique \u00e0 vendre au Royaume-Uni, en Europe, au Japon, aux \u00c9mirats arabes unis, en Chine et en Asie aupr\u00e8s du meilleur fournisseur en gros de GHB. Nous garantissons une livraison discr\u00e8te dans le monde entier.","robots":{"index":"index","follow":"follow","max-snippet":"max-snippet:-1","max-image-preview":"max-image-preview:large","max-video-preview":"max-video-preview:-1"},"canonical":"https:\/\/medicinasinc.com\/fr\/product\/acheter-gamma-hydroxybutyrate-ghb-liquide\/","og_locale":"en_US","og_type":"article","og_title":"Acheter gamma hydroxybutyrate (GHB) - Best Best Global Meds","og_description":"Achetez du liquide GHB gamma-hydroxybutyrique \u00e0 vendre au Royaume-Uni, en Europe, au Japon, aux \u00c9mirats arabes unis, en Chine et en Asie aupr\u00e8s du meilleur fournisseur en gros de GHB. Nous garantissons une livraison discr\u00e8te dans le monde entier.","og_url":"https:\/\/medicinasinc.com\/fr\/product\/acheter-gamma-hydroxybutyrate-ghb-liquide\/","og_site_name":"Medicinas Inc","article_modified_time":"2022-03-17T11:39:17+00:00","og_image":[{"width":600,"height":450,"url":"https:\/\/medicinasinc.com\/fr\/wp-content\/uploads\/sites\/5\/2022\/02\/Buy-gamma-hydroxybutyrate.jpg","type":"image\/jpeg"}],"twitter_card":"summary_large_image","twitter_misc":{"Est. reading time":"2 minutes"},"schema":{"@context":"https:\/\/schema.org","@graph":[{"@type":"WebPage","@id":"https:\/\/medicinasinc.com\/fr\/product\/acheter-gamma-hydroxybutyrate-ghb-liquide\/","url":"https:\/\/medicinasinc.com\/fr\/product\/acheter-gamma-hydroxybutyrate-ghb-liquide\/","name":"Acheter gamma hydroxybutyrate (GHB) - Best Best Global Meds","isPartOf":{"@id":"https:\/\/medicinasinc.com\/fr\/#website"},"primaryImageOfPage":{"@id":"https:\/\/medicinasinc.com\/fr\/product\/acheter-gamma-hydroxybutyrate-ghb-liquide\/#primaryimage"},"image":{"@id":"https:\/\/medicinasinc.com\/fr\/product\/acheter-gamma-hydroxybutyrate-ghb-liquide\/#primaryimage"},"thumbnailUrl":"https:\/\/medicinasinc.com\/fr\/wp-content\/uploads\/sites\/5\/2022\/02\/Buy-gamma-hydroxybutyrate.jpg","datePublished":"2022-02-22T07:31:17+00:00","dateModified":"2022-03-17T11:39:17+00:00","description":"Achetez du liquide GHB gamma-hydroxybutyrique \u00e0 vendre au Royaume-Uni, en Europe, au Japon, aux \u00c9mirats arabes unis, en Chine et en Asie aupr\u00e8s du meilleur fournisseur en gros de GHB. Nous garantissons une livraison discr\u00e8te dans le monde entier.","breadcrumb":{"@id":"https:\/\/medicinasinc.com\/fr\/product\/acheter-gamma-hydroxybutyrate-ghb-liquide\/#breadcrumb"},"inLanguage":"en-US","potentialAction":[{"@type":"ReadAction","target":["https:\/\/medicinasinc.com\/fr\/product\/acheter-gamma-hydroxybutyrate-ghb-liquide\/"]}]},{"@type":"ImageObject","inLanguage":"en-US","@id":"https:\/\/medicinasinc.com\/fr\/product\/acheter-gamma-hydroxybutyrate-ghb-liquide\/#primaryimage","url":"https:\/\/medicinasinc.com\/fr\/wp-content\/uploads\/sites\/5\/2022\/02\/Buy-gamma-hydroxybutyrate.jpg","contentUrl":"https:\/\/medicinasinc.com\/fr\/wp-content\/uploads\/sites\/5\/2022\/02\/Buy-gamma-hydroxybutyrate.jpg","width":600,"height":450},{"@type":"BreadcrumbList","@id":"https:\/\/medicinasinc.com\/fr\/product\/acheter-gamma-hydroxybutyrate-ghb-liquide\/#breadcrumb","itemListElement":[{"@type":"ListItem","position":1,"name":"Boutique","item":"https:\/\/medicinasinc.com\/fr\/boutique\/"},{"@type":"ListItem","position":2,"name":"Acheter du gamma hydroxybutyrate (GHB) liquide"}]},{"@type":"WebSite","@id":"https:\/\/medicinasinc.com\/fr\/#website","url":"https:\/\/medicinasinc.com\/fr\/","name":"Medicinas Inc","description":"Health Medical Clinic","potentialAction":[{"@type":"SearchAction","target":{"@type":"EntryPoint","urlTemplate":"https:\/\/medicinasinc.com\/fr\/?s={search_term_string}"},"query-input":{"@type":"PropertyValueSpecification","valueRequired":true,"valueName":"search_term_string"}}],"inLanguage":"en-US"}]}},"_links":{"self":[{"href":"https:\/\/medicinasinc.com\/fr\/wp-json\/wp\/v2\/product\/5858","targetHints":{"allow":["GET"]}}],"collection":[{"href":"https:\/\/medicinasinc.com\/fr\/wp-json\/wp\/v2\/product"}],"about":[{"href":"https:\/\/medicinasinc.com\/fr\/wp-json\/wp\/v2\/types\/product"}],"replies":[{"embeddable":true,"href":"https:\/\/medicinasinc.com\/fr\/wp-json\/wp\/v2\/comments?post=5858"}],"wp:featuredmedia":[{"embeddable":true,"href":"https:\/\/medicinasinc.com\/fr\/wp-json\/wp\/v2\/media\/5868"}],"wp:attachment":[{"href":"https:\/\/medicinasinc.com\/fr\/wp-json\/wp\/v2\/media?parent=5858"}],"wp:term":[{"taxonomy":"product_brand","embeddable":true,"href":"https:\/\/medicinasinc.com\/fr\/wp-json\/wp\/v2\/product_brand?post=5858"},{"taxonomy":"product_cat","embeddable":true,"href":"https:\/\/medicinasinc.com\/fr\/wp-json\/wp\/v2\/product_cat?post=5858"},{"taxonomy":"product_tag","embeddable":true,"href":"https:\/\/medicinasinc.com\/fr\/wp-json\/wp\/v2\/product_tag?post=5858"}],"curies":[{"name":"wp","href":"https:\/\/api.w.org\/{rel}","templated":true}]}}