{"id":5852,"date":"2022-02-22T07:25:44","date_gmt":"2022-02-22T07:25:44","guid":{"rendered":"https:\/\/medicinasinc.com\/fr\/?post_type=product&#038;p=5852"},"modified":"2022-03-17T11:39:27","modified_gmt":"2022-03-17T11:39:27","slug":"acheter-amphetamine-poudre","status":"publish","type":"product","link":"https:\/\/medicinasinc.com\/fr\/product\/acheter-amphetamine-poudre\/","title":{"rendered":"Acheter de la poudre d&#8217;amph\u00e9tamine"},"content":{"rendered":"<p>La poudre d&#8217;amph\u00e9tamine peut \u00eatre achet\u00e9e en ligne.<\/p>\n<p>La poudre d&#8217;amph\u00e9tamine en ligne au Royaume-Uni, en Europe et dans l&#8217;Union europ\u00e9enne, vente par correspondance de poudre d&#8217;amph\u00e9tamine, les amph\u00e9tamines sont des m\u00e9dicaments stimulants, ce qui signifie qu&#8217;elles acc\u00e9l\u00e8rent la transmission des messages entre le cerveau et le corps.<\/p>\n<p>Les amph\u00e9tamines sont des m\u00e9dicaments stimulants, qui acc\u00e9l\u00e8rent la transmission d&#8217;informations entre le cerveau et le corps.<\/p>\n<p>Vous pourriez \u00e9galement \u00eatre int\u00e9ress\u00e9 \u00e0 en savoir plus sur les effets et les risques pour la sant\u00e9 associ\u00e9s \u00e0 la poudre d&#8217;amph\u00e9tamine. Elle peut se manifester de la m\u00eame mani\u00e8re que de nombreux autres m\u00e9dicaments.<\/p>\n<p>Certaines classes d&#8217;amph\u00e9tamines sont l\u00e9gitimement recommand\u00e9es par les m\u00e9decins pour le traitement de maladies telles que le trouble d\u00e9ficitaire de l&#8217;attention avec hyperactivit\u00e9 (TDAH) et la narcolepsie (lorsqu&#8217;une personne a une envie incontr\u00f4lable de dormir). D&#8217;autres types d&#8217;amph\u00e9tamines, comme le speed, sont fabriqu\u00e9s et vendus illicitement. Une fiche d&#8217;information distincte est consacr\u00e9e \u00e0 la forme la plus puissante de m\u00e9thamph\u00e9tamine, la m\u00e9thamph\u00e9tamine en cristaux (ice).<\/p>\n<p>Les amph\u00e9tamines existent sous diverses formes. Ces m\u00e9dicaments sont disponibles sous forme de poudre, de comprim\u00e9s, de cristaux et de g\u00e9lules. Lorsqu&#8217;elles sont vendues ill\u00e9galement, elles peuvent \u00eatre emball\u00e9es dans des &#8220;feuilles&#8221; (feuille d&#8217;aluminium), des sacs en plastique ou des ballons miniatures.<\/p>\n<p>La couleur de la poudre d&#8217;amph\u00e9tamine varie du blanc au brun et contient parfois des traces de gris ou de rose. Il a un ar\u00f4me piquant et une saveur am\u00e8re. Les g\u00e9lules et les comprim\u00e9s contenant des amph\u00e9tamines varient consid\u00e9rablement en taille et en couleur.<\/p>\n<p>Amph\u00e9tamine &#8211; Les amph\u00e9tamines fabriqu\u00e9es ill\u00e9galement peuvent contenir une combinaison de drogues, de liants, de caf\u00e9ine et de sucre. De plus, de nouvelles drogues psychoactives peuvent \u00eatre ajout\u00e9es.<\/p>\n<p>Termes d&#8217;argot<\/p>\n<p>Vitesse, rapide, ascendant, sup\u00e9rieur, louee, goey et whiz.<\/p>\n<p>Dans quel but servent-ils\u00a0?<\/p>\n<p>G\u00e9n\u00e9ralement, les amph\u00e9tamines sont ing\u00e9r\u00e9es, inject\u00e9es ou fum\u00e9es. De plus, elles sont sniff\u00e9es.<\/p>\n<p>Effets des amph\u00e9tamines<\/p>\n<p>Les amph\u00e9tamines ont un effet variable sur chaque individu, en fonction de\u00a0:<\/p>\n<p>Indice de masse corporelle, poids et \u00e9tat de sant\u00e9 <br \/> Si la personne a l&#8217;habitude de le prendre<br \/> Si d&#8217;autres m\u00e9dicaments sont pris simultan\u00e9ment<br \/> La somme retir\u00e9e<br \/> La puissance du m\u00e9dicament (varie d&#8217;un lot \u00e0 l&#8217;autre avec des m\u00e9dicaments produits ill\u00e9galement)<\/p>\n<p>Les amph\u00e9tamines exercent leurs effets instantan\u00e9ment (qu&#8217;elles soient inject\u00e9es ou fum\u00e9es) ou dans les 30\u00a0minutes (si sniff\u00e9es ou aval\u00e9es).<\/p>\n<p>Les impacts suivants peuvent survenir\u00a0:<\/p>\n<p>Bonheur et soi -assurance<br \/> Parler plus et se sentir plus \u00e9nergique<br \/> R\u00e9p\u00e9tition d&#8217;actions simples telles que d\u00e9mangeaisons et grattage<br \/> Pupilles larges et bouche s\u00e8che<br \/> Rythme cardiaque et respiration rapides<br \/> Grincement des dents <br \/> Suppression de l&#8217;app\u00e9tit<br \/> Transpiration excessive<br \/> Augmentation de l&#8217;excitation sexuelle<br \/> Surdosage<\/p>\n<p>Si une quantit\u00e9 importante ou un lot particuli\u00e8rement puissant est consomm\u00e9, il peut entra\u00eener \u00e9galement un surdosage. Si l&#8217;un des sympt\u00f4mes suivants survient, une ambulance doit \u00eatre appel\u00e9e imm\u00e9diatement en composant le triple z\u00e9ro (000). Les ambulanciers ne sont pas tenus de consulter la police.<\/p>\n<p>Convient \u00e0 un rythme cardiaque acc\u00e9l\u00e9r\u00e9<br \/> Accident vasculaire c\u00e9r\u00e9bral, crise cardiaque et d\u00e9c\u00e8s<\/p>\n<p>Les amph\u00e9tamines sniff\u00e9es peuvent irriter les voies nasales et entra\u00eener des saignements de nez.<\/p>\n<p>L&#8217;injection d&#8217;amph\u00e9tamines et le partage d&#8217;aiguilles peuvent augmenter le risque de contracter les \u00e9l\u00e9ments suivants\u00a0:<\/p>\n<p>Virus de l&#8217;h\u00e9patite B<br \/> VIH\/SIDA H\u00e9patite C<br \/> T\u00e9tanos<br \/> D\u00e9croissant<\/p>\n<p>Suite \u00e0 la consommation d&#8217;amph\u00e9tamines, les effets suivants peuvent survenir\u00a0:<\/p>\n<p>Insomnie et \u00e9puisement<br \/> Maux de t\u00eate<br \/> D\u00e9sorientation et vision obscurcie<br \/> Confusion, parano\u00efa, et hallucinations<br \/> L&#8217;irritabilit\u00e9, les sautes d&#8217;humeur et la d\u00e9pression sont tous des sympt\u00f4mes de la d\u00e9pression.<\/p>\n<p>L&#8217;utilisation d&#8217;un d\u00e9presseur tel que l&#8217;alcool, les benzodiaz\u00e9pines ou le cannabis pour faciliter le processus de \u00ab descente \u00bb peut aboutir \u00e0 un cycle de d\u00e9pendance aux deux types de substances.<\/p>\n<p>Cons\u00e9quences \u00e0 long terme<\/p>\n<p>L&#8217;utilisation r\u00e9guli\u00e8re d&#8217;amph\u00e9tamines peut \u00e9ventuellement entra\u00eener ce qui suit\u00a0:<\/p>\n<p>Suppression de l&#8217;app\u00e9tit et perte de poids rapide<br \/> Sommeil insomniaque<br \/> Probl\u00e8mes dentaires et bouche s\u00e8che<br \/> Les rhumes et la grippe sont fr\u00e9quents.<br \/> Difficult\u00e9s de concentration<br \/> Difficult\u00e9s respiratoires<br \/> Rigidit\u00e9 musculaire<br \/> Attaques de panique et parano\u00efa<br \/> D\u00e9pression<br \/> \/&gt; Probl\u00e8mes cardiovasculaires et r\u00e9naux<br \/> Le risque d&#8217;AVC est accru<br \/> Devoir consommer plus pour obtenir l&#8217;impact souhait\u00e9<br \/> D\u00e9pendance aux amph\u00e9tamines<br \/> Difficult\u00e9s financi\u00e8res, professionnelles et sociales<br \/> Psychose caus\u00e9e par les amph\u00e9tamines<\/p>\n<p>De plus, des doses \u00e9lev\u00e9es et une consommation intensive r\u00e9p\u00e9t\u00e9e peuvent entra\u00eener une \u00ab\u00a0psychose aux amph\u00e9tamines\u00a0\u00bb, qui se caract\u00e9rise par des d\u00e9lires parano\u00efaques, des hallucinations et un comportement agressif ou violent hors de caract\u00e8re. Ces sympt\u00f4mes disparaissent souvent quelques jours apr\u00e8s l&#8217;arr\u00eat de la consommation d&#8217;amph\u00e9tamines.<\/p>\n<p>Amph\u00e9tamines en association avec d&#8217;autres m\u00e9dicaments<\/p>\n<p>Les interactions entre les amph\u00e9tamines et d&#8217;autres substances, telles que les produits pharmaceutiques en vente libre ou sur ordonnance, peuvent \u00eatre impr\u00e9visibles et mortels, et peuvent avoir les cons\u00e9quences suivantes\u00a0:<\/p>\n<p>Les amph\u00e9tamines et certains antid\u00e9presseurs provoquent une hypertension, qui peut entra\u00eener un pouls irr\u00e9gulier, une insuffisance cardiaque et un accident vasculaire c\u00e9r\u00e9bral.<\/p>\n<p>4<\/p>\n<p>Les amph\u00e9tamines utilis\u00e9es avec de l&#8217;alcool, du cannabis ou des benzodiaz\u00e9pines soumettent l&#8217;organisme \u00e0 un stress extr\u00eame car il cherche \u00e0 faire face aux effets contradictoires des deux drogues, ce qui peut entra\u00eener une surdose.<\/p>\n<p>Sevrage<\/p>\n<p>Abandonner les amph\u00e9tamines apr\u00e8s une longue p\u00e9riode d&#8217;utilisation est difficile car le corps doit s&#8217;adapter \u00e0 fonctionner sans elles. Les sympt\u00f4mes de sevrage devraient dispara\u00eetre en une semaine et dispara\u00eetre compl\u00e8tement apr\u00e8s un mois. Les sympt\u00f4mes comprennent les suivants\u00a0:<\/p>\n<p>Envies d&#8217;amph\u00e9tamines<br \/> Stimulation de l&#8217;app\u00e9tit<br \/> Perplexit\u00e9 et irritation<br \/> Ecchymoses et courbatures<br \/> \u00c9puisement<br \/> Insomnie et cauchemars<br \/> Troubles affectifs tels que l&#8217;anxi\u00e9t\u00e9, la d\u00e9pression et la parano\u00efa<\/p>\n","protected":false},"excerpt":{"rendered":"<p>Acheter de la poudre d&#8217;amph\u00e9tamine \u00e0 vendre au Royaume-Uni, en Europe des pilules g\u00e9n\u00e9riques et de marque bon march\u00e9 \u00e0 Sapporo, vous pouvez acheter de la poudre d&#8217;amph\u00e9tamine \u00e0 vendre en ligne en utilisant Bitcoin (BTC)<\/p>\n<p>La poudre d&#8217;amph\u00e9tamine est un puissant stimulant du syst\u00e8me nerveux central (neurones du cerveau et de la moelle \u00e9pini\u00e8re) et a \u00e9t\u00e9 utilis\u00e9 en m\u00e9decine pour traiter diverses affections. De plus, il est extr\u00eamement addictif et a des ant\u00e9c\u00e9dents d&#8217;abus.<\/p>\n<p>La poudre d&#8217;amph\u00e9tamine est un m\u00e9dicament d&#8217;ordonnance utilis\u00e9 pour traiter le trouble d&#8217;hyperactivit\u00e9 avec d\u00e9ficit de l&#8217;attention (TDAH).<\/p>\n","protected":false},"featured_media":5862,"comment_status":"open","ping_status":"closed","template":"","meta":[],"product_brand":[],"product_cat":[703],"product_tag":[4009,4007,4010,4012,4013,4008,4011],"class_list":{"0":"post-5852","1":"product","2":"type-product","3":"status-publish","4":"has-post-thumbnail","6":"product_cat-acheter-des-medicaments-psychedeliques","7":"product_tag-acheter-amphtamine-poudre-en-ligne","8":"product_tag-amphetamine-powder","9":"product_tag-commander-amphtamine-poudre-en-ligne","10":"product_tag-le-meilleur-endroit-pour-acheter-de-la-poudre-damphtamine-en-ligne","11":"product_tag-o-acheter-de-la-poudre-damphtamine-en-ligne","12":"product_tag-amphetamine-poudre-a-vendre","13":"product_tag-purchase-amphetamine-powder-online","15":"first","16":"instock","17":"shipping-taxable","18":"purchasable","19":"product-type-variable"},"yoast_head":"<!-- This site is optimized with the Yoast SEO plugin v27.3 - https:\/\/yoast.com\/product\/yoast-seo-wordpress\/ -->\n<title>Acheter de la poudre d&#039;amph\u00e9tamine - Best Best Global Meds<\/title>\n<meta name=\"description\" content=\"Acheter de la poudre d&#039;amph\u00e9tamine \u00e0 vendre au Royaume-Uni, en Europe des pilules g\u00e9n\u00e9riques et de marque bon march\u00e9 \u00e0 Sapporo, vous pouvez commander de la poudre d&#039;amph\u00e9tamine \u00e0 vendre en ligne en utilisant Bitcoin (BTC)\" \/>\n<meta name=\"robots\" content=\"index, follow, max-snippet:-1, max-image-preview:large, max-video-preview:-1\" \/>\n<link rel=\"canonical\" href=\"https:\/\/medicinasinc.com\/fr\/product\/acheter-amphetamine-poudre\/\" \/>\n<meta property=\"og:locale\" content=\"en_US\" \/>\n<meta property=\"og:type\" content=\"article\" \/>\n<meta property=\"og:title\" content=\"Acheter de la poudre d&#039;amph\u00e9tamine - Best Best Global Meds\" \/>\n<meta property=\"og:description\" content=\"Acheter de la poudre d&#039;amph\u00e9tamine \u00e0 vendre au Royaume-Uni, en Europe des pilules g\u00e9n\u00e9riques et de marque bon march\u00e9 \u00e0 Sapporo, vous pouvez commander de la poudre d&#039;amph\u00e9tamine \u00e0 vendre en ligne en utilisant Bitcoin (BTC)\" \/>\n<meta property=\"og:url\" content=\"https:\/\/medicinasinc.com\/fr\/product\/acheter-amphetamine-poudre\/\" \/>\n<meta property=\"og:site_name\" content=\"Medicinas Inc\" \/>\n<meta property=\"article:modified_time\" content=\"2022-03-17T11:39:27+00:00\" \/>\n<meta property=\"og:image\" content=\"https:\/\/medicinasinc.com\/fr\/wp-content\/uploads\/sites\/5\/2022\/02\/Buy-Amphetamine-Powder.png\" \/>\n\t<meta property=\"og:image:width\" content=\"412\" \/>\n\t<meta property=\"og:image:height\" content=\"550\" \/>\n\t<meta property=\"og:image:type\" content=\"image\/png\" \/>\n<meta name=\"twitter:card\" content=\"summary_large_image\" \/>\n<meta name=\"twitter:label1\" content=\"Est. reading time\" \/>\n\t<meta name=\"twitter:data1\" content=\"4 minutes\" \/>\n<script type=\"application\/ld+json\" class=\"yoast-schema-graph\">{\"@context\":\"https:\\\/\\\/schema.org\",\"@graph\":[{\"@type\":\"WebPage\",\"@id\":\"https:\\\/\\\/medicinasinc.com\\\/fr\\\/product\\\/acheter-amphetamine-poudre\\\/\",\"url\":\"https:\\\/\\\/medicinasinc.com\\\/fr\\\/product\\\/acheter-amphetamine-poudre\\\/\",\"name\":\"Acheter de la poudre d'amph\u00e9tamine - Best Best Global Meds\",\"isPartOf\":{\"@id\":\"https:\\\/\\\/medicinasinc.com\\\/fr\\\/#website\"},\"primaryImageOfPage\":{\"@id\":\"https:\\\/\\\/medicinasinc.com\\\/fr\\\/product\\\/acheter-amphetamine-poudre\\\/#primaryimage\"},\"image\":{\"@id\":\"https:\\\/\\\/medicinasinc.com\\\/fr\\\/product\\\/acheter-amphetamine-poudre\\\/#primaryimage\"},\"thumbnailUrl\":\"https:\\\/\\\/medicinasinc.com\\\/fr\\\/wp-content\\\/uploads\\\/sites\\\/5\\\/2022\\\/02\\\/Buy-Amphetamine-Powder.png\",\"datePublished\":\"2022-02-22T07:25:44+00:00\",\"dateModified\":\"2022-03-17T11:39:27+00:00\",\"description\":\"Acheter de la poudre d'amph\u00e9tamine \u00e0 vendre au Royaume-Uni, en Europe des pilules g\u00e9n\u00e9riques et de marque bon march\u00e9 \u00e0 Sapporo, vous pouvez commander de la poudre d'amph\u00e9tamine \u00e0 vendre en ligne en utilisant Bitcoin (BTC)\",\"breadcrumb\":{\"@id\":\"https:\\\/\\\/medicinasinc.com\\\/fr\\\/product\\\/acheter-amphetamine-poudre\\\/#breadcrumb\"},\"inLanguage\":\"en-US\",\"potentialAction\":[{\"@type\":\"ReadAction\",\"target\":[\"https:\\\/\\\/medicinasinc.com\\\/fr\\\/product\\\/acheter-amphetamine-poudre\\\/\"]}]},{\"@type\":\"ImageObject\",\"inLanguage\":\"en-US\",\"@id\":\"https:\\\/\\\/medicinasinc.com\\\/fr\\\/product\\\/acheter-amphetamine-poudre\\\/#primaryimage\",\"url\":\"https:\\\/\\\/medicinasinc.com\\\/fr\\\/wp-content\\\/uploads\\\/sites\\\/5\\\/2022\\\/02\\\/Buy-Amphetamine-Powder.png\",\"contentUrl\":\"https:\\\/\\\/medicinasinc.com\\\/fr\\\/wp-content\\\/uploads\\\/sites\\\/5\\\/2022\\\/02\\\/Buy-Amphetamine-Powder.png\",\"width\":412,\"height\":550},{\"@type\":\"BreadcrumbList\",\"@id\":\"https:\\\/\\\/medicinasinc.com\\\/fr\\\/product\\\/acheter-amphetamine-poudre\\\/#breadcrumb\",\"itemListElement\":[{\"@type\":\"ListItem\",\"position\":1,\"name\":\"Boutique\",\"item\":\"https:\\\/\\\/medicinasinc.com\\\/fr\\\/boutique\\\/\"},{\"@type\":\"ListItem\",\"position\":2,\"name\":\"Acheter de la poudre d&#8217;amph\u00e9tamine\"}]},{\"@type\":\"WebSite\",\"@id\":\"https:\\\/\\\/medicinasinc.com\\\/fr\\\/#website\",\"url\":\"https:\\\/\\\/medicinasinc.com\\\/fr\\\/\",\"name\":\"Medicinas Inc\",\"description\":\"Health Medical Clinic\",\"potentialAction\":[{\"@type\":\"SearchAction\",\"target\":{\"@type\":\"EntryPoint\",\"urlTemplate\":\"https:\\\/\\\/medicinasinc.com\\\/fr\\\/?s={search_term_string}\"},\"query-input\":{\"@type\":\"PropertyValueSpecification\",\"valueRequired\":true,\"valueName\":\"search_term_string\"}}],\"inLanguage\":\"en-US\"}]}<\/script>\n<!-- \/ Yoast SEO plugin. -->","yoast_head_json":{"title":"Acheter de la poudre d'amph\u00e9tamine - Best Best Global Meds","description":"Acheter de la poudre d'amph\u00e9tamine \u00e0 vendre au Royaume-Uni, en Europe des pilules g\u00e9n\u00e9riques et de marque bon march\u00e9 \u00e0 Sapporo, vous pouvez commander de la poudre d'amph\u00e9tamine \u00e0 vendre en ligne en utilisant Bitcoin (BTC)","robots":{"index":"index","follow":"follow","max-snippet":"max-snippet:-1","max-image-preview":"max-image-preview:large","max-video-preview":"max-video-preview:-1"},"canonical":"https:\/\/medicinasinc.com\/fr\/product\/acheter-amphetamine-poudre\/","og_locale":"en_US","og_type":"article","og_title":"Acheter de la poudre d'amph\u00e9tamine - Best Best Global Meds","og_description":"Acheter de la poudre d'amph\u00e9tamine \u00e0 vendre au Royaume-Uni, en Europe des pilules g\u00e9n\u00e9riques et de marque bon march\u00e9 \u00e0 Sapporo, vous pouvez commander de la poudre d'amph\u00e9tamine \u00e0 vendre en ligne en utilisant Bitcoin (BTC)","og_url":"https:\/\/medicinasinc.com\/fr\/product\/acheter-amphetamine-poudre\/","og_site_name":"Medicinas Inc","article_modified_time":"2022-03-17T11:39:27+00:00","og_image":[{"width":412,"height":550,"url":"https:\/\/medicinasinc.com\/fr\/wp-content\/uploads\/sites\/5\/2022\/02\/Buy-Amphetamine-Powder.png","type":"image\/png"}],"twitter_card":"summary_large_image","twitter_misc":{"Est. reading time":"4 minutes"},"schema":{"@context":"https:\/\/schema.org","@graph":[{"@type":"WebPage","@id":"https:\/\/medicinasinc.com\/fr\/product\/acheter-amphetamine-poudre\/","url":"https:\/\/medicinasinc.com\/fr\/product\/acheter-amphetamine-poudre\/","name":"Acheter de la poudre d'amph\u00e9tamine - Best Best Global Meds","isPartOf":{"@id":"https:\/\/medicinasinc.com\/fr\/#website"},"primaryImageOfPage":{"@id":"https:\/\/medicinasinc.com\/fr\/product\/acheter-amphetamine-poudre\/#primaryimage"},"image":{"@id":"https:\/\/medicinasinc.com\/fr\/product\/acheter-amphetamine-poudre\/#primaryimage"},"thumbnailUrl":"https:\/\/medicinasinc.com\/fr\/wp-content\/uploads\/sites\/5\/2022\/02\/Buy-Amphetamine-Powder.png","datePublished":"2022-02-22T07:25:44+00:00","dateModified":"2022-03-17T11:39:27+00:00","description":"Acheter de la poudre d'amph\u00e9tamine \u00e0 vendre au Royaume-Uni, en Europe des pilules g\u00e9n\u00e9riques et de marque bon march\u00e9 \u00e0 Sapporo, vous pouvez commander de la poudre d'amph\u00e9tamine \u00e0 vendre en ligne en utilisant Bitcoin (BTC)","breadcrumb":{"@id":"https:\/\/medicinasinc.com\/fr\/product\/acheter-amphetamine-poudre\/#breadcrumb"},"inLanguage":"en-US","potentialAction":[{"@type":"ReadAction","target":["https:\/\/medicinasinc.com\/fr\/product\/acheter-amphetamine-poudre\/"]}]},{"@type":"ImageObject","inLanguage":"en-US","@id":"https:\/\/medicinasinc.com\/fr\/product\/acheter-amphetamine-poudre\/#primaryimage","url":"https:\/\/medicinasinc.com\/fr\/wp-content\/uploads\/sites\/5\/2022\/02\/Buy-Amphetamine-Powder.png","contentUrl":"https:\/\/medicinasinc.com\/fr\/wp-content\/uploads\/sites\/5\/2022\/02\/Buy-Amphetamine-Powder.png","width":412,"height":550},{"@type":"BreadcrumbList","@id":"https:\/\/medicinasinc.com\/fr\/product\/acheter-amphetamine-poudre\/#breadcrumb","itemListElement":[{"@type":"ListItem","position":1,"name":"Boutique","item":"https:\/\/medicinasinc.com\/fr\/boutique\/"},{"@type":"ListItem","position":2,"name":"Acheter de la poudre d&#8217;amph\u00e9tamine"}]},{"@type":"WebSite","@id":"https:\/\/medicinasinc.com\/fr\/#website","url":"https:\/\/medicinasinc.com\/fr\/","name":"Medicinas Inc","description":"Health Medical Clinic","potentialAction":[{"@type":"SearchAction","target":{"@type":"EntryPoint","urlTemplate":"https:\/\/medicinasinc.com\/fr\/?s={search_term_string}"},"query-input":{"@type":"PropertyValueSpecification","valueRequired":true,"valueName":"search_term_string"}}],"inLanguage":"en-US"}]}},"_links":{"self":[{"href":"https:\/\/medicinasinc.com\/fr\/wp-json\/wp\/v2\/product\/5852","targetHints":{"allow":["GET"]}}],"collection":[{"href":"https:\/\/medicinasinc.com\/fr\/wp-json\/wp\/v2\/product"}],"about":[{"href":"https:\/\/medicinasinc.com\/fr\/wp-json\/wp\/v2\/types\/product"}],"replies":[{"embeddable":true,"href":"https:\/\/medicinasinc.com\/fr\/wp-json\/wp\/v2\/comments?post=5852"}],"wp:featuredmedia":[{"embeddable":true,"href":"https:\/\/medicinasinc.com\/fr\/wp-json\/wp\/v2\/media\/5862"}],"wp:attachment":[{"href":"https:\/\/medicinasinc.com\/fr\/wp-json\/wp\/v2\/media?parent=5852"}],"wp:term":[{"taxonomy":"product_brand","embeddable":true,"href":"https:\/\/medicinasinc.com\/fr\/wp-json\/wp\/v2\/product_brand?post=5852"},{"taxonomy":"product_cat","embeddable":true,"href":"https:\/\/medicinasinc.com\/fr\/wp-json\/wp\/v2\/product_cat?post=5852"},{"taxonomy":"product_tag","embeddable":true,"href":"https:\/\/medicinasinc.com\/fr\/wp-json\/wp\/v2\/product_tag?post=5852"}],"curies":[{"name":"wp","href":"https:\/\/api.w.org\/{rel}","templated":true}]}}