{"id":5846,"date":"2022-02-22T07:19:31","date_gmt":"2022-02-22T07:19:31","guid":{"rendered":"https:\/\/medicinasinc.com\/fr\/?post_type=product&#038;p=5846"},"modified":"2022-03-17T11:39:41","modified_gmt":"2022-03-17T11:39:41","slug":"approuverbitone","status":"publish","type":"product","link":"https:\/\/medicinasinc.com\/fr\/product\/approuverbitone\/","title":{"rendered":"approuverbarbital"},"content":{"rendered":"<p>L&#8217;aprobarbital peut \u00eatre achet\u00e9 en ligne dans une pharmacie Nembutal en ligne de premier ordre<\/p>\n<p>La pharmacie Nembutal en ligne est en activit\u00e9 depuis longtemps. Nous avons maintenant une compr\u00e9hension approfondie des points de vue et des attentes des clients du monde entier. Nous sommes l\u00e0 pour r\u00e9pondre \u00e0 toutes vos exigences en mati\u00e8re d&#8217;Aprobarbitone. Si vous cherchez \u00e0 acheter de l&#8217;Aprobarbitone en ligne, notre pharmacie est le meilleur endroit pour le faire. Nous offrons ce m\u00e9dicament th\u00e9rapeutique \u00e0 un prix raisonnable. Vous pouvez facilement l&#8217;acheter chez nous et nous vous le livrerons dans les d\u00e9lais sp\u00e9cifi\u00e9s.<\/p>\n<p>Quel est le r\u00f4le de l&#8217;aprobarbitone dans votre sant\u00e9\u00a0?<\/p>\n<p>L&#8217;aprobarbitone peut vous aider \u00e0 passer une bonne nuit de sommeil . En un mot, c&#8217;est un rem\u00e8de id\u00e9al pour les insomniaques. Il est bien connu pour ses extraordinaires qualit\u00e9s s\u00e9datives, hypnotiques et anticonvulsives.<\/p>\n<p>Pourquoi devriez-vous acheter de l&#8217;aprobarbitone en ligne\u00a0?<\/p>\n<p>Nous sommes un groupe hautement sp\u00e9cialis\u00e9 de personnes poss\u00e9dant une vaste exp\u00e9rience dans le domaine des m\u00e9dicaments et des m\u00e9dicaments. De plus, nous \u00e9largissons l&#8217;acc\u00e8s \u00e0 l&#8217;aprobarbital et \u00e0 d&#8217;autres m\u00e9dicaments dans le monde entier. Vous pouvez maintenant obtenir l&#8217;Aprobarbitone en ligne au prix le moins cher dans le confort de votre foyer. Nous ne sommes qu&#8217;\u00e0 un clic de souris. Soumettez votre commande pour acheter Aprobarbitone en ligne aujourd&#8217;hui et il sera livr\u00e9 \u00e0 l&#8217;adresse que vous avez indiqu\u00e9e sous peu.<\/p>\n","protected":false},"excerpt":{"rendered":"<p>Comment acheter de l&#8217;aprobarbitone en ligne dans une pharmacie Nembutal\u00a0?<\/p>\n<p>La pharmacie en ligne Nembutal est l&#8217;endroit id\u00e9al pour r\u00e9pondre \u00e0 tous vos besoins et exigences en mati\u00e8re d&#8217;aprobarbitone. Ajoutez simplement vos m\u00e9dicaments au panier, suivez le processus de paiement et passez votre commande sur notre site Web. Il est maintenant temps de contacter notre pharmacie et de recevoir les meilleurs soins possibles pour votre sant\u00e9. Achetez Aprobarbital maintenant\u00a0!<\/p>\n","protected":false},"featured_media":5856,"comment_status":"open","ping_status":"closed","template":"","meta":[],"product_brand":[],"product_cat":[3818],"product_tag":[],"class_list":{"0":"post-5846","1":"product","2":"type-product","3":"status-publish","4":"has-post-thumbnail","6":"product_cat-pentobarbital-a-vendre","8":"first","9":"instock","10":"featured","11":"shipping-taxable","12":"purchasable","13":"product-type-variable"},"yoast_head":"<!-- This site is optimized with the Yoast SEO plugin v27.2 - https:\/\/yoast.com\/product\/yoast-seo-wordpress\/ -->\n<title>Acheter de l&#039;aprobarbitone - Meilleurs meilleurs m\u00e9dicaments mondiaux<\/title>\n<meta name=\"robots\" content=\"index, follow, max-snippet:-1, max-image-preview:large, max-video-preview:-1\" \/>\n<link rel=\"canonical\" href=\"https:\/\/medicinasinc.com\/fr\/product\/approuverbitone\/\" \/>\n<meta property=\"og:locale\" content=\"en_US\" \/>\n<meta property=\"og:type\" content=\"article\" \/>\n<meta property=\"og:title\" content=\"Acheter de l&#039;aprobarbitone - Meilleurs meilleurs m\u00e9dicaments mondiaux\" \/>\n<meta property=\"og:description\" content=\"Comment acheter de l&#039;aprobarbitone en ligne dans une pharmacie Nembutal\u00a0? La pharmacie en ligne Nembutal est l&#039;endroit id\u00e9al pour r\u00e9pondre \u00e0 tous vos besoins et exigences en mati\u00e8re d&#039;aprobarbitone. Ajoutez simplement vos m\u00e9dicaments au panier, suivez le processus de paiement et passez votre commande sur notre site Web. Il est maintenant temps de contacter notre pharmacie et de recevoir les meilleurs soins possibles pour votre sant\u00e9. Achetez Aprobarbital maintenant\u00a0!\" \/>\n<meta property=\"og:url\" content=\"https:\/\/medicinasinc.com\/fr\/product\/approuverbitone\/\" \/>\n<meta property=\"og:site_name\" content=\"Medicinas Inc\" \/>\n<meta property=\"article:modified_time\" content=\"2022-03-17T11:39:41+00:00\" \/>\n<meta property=\"og:image\" content=\"https:\/\/medicinasinc.com\/fr\/wp-content\/uploads\/sites\/5\/2022\/02\/Aprobarbitone.jpg\" \/>\n\t<meta property=\"og:image:width\" content=\"600\" \/>\n\t<meta property=\"og:image:height\" content=\"600\" \/>\n\t<meta property=\"og:image:type\" content=\"image\/jpeg\" \/>\n<meta name=\"twitter:card\" content=\"summary_large_image\" \/>\n<meta name=\"twitter:label1\" content=\"Est. reading time\" \/>\n\t<meta name=\"twitter:data1\" content=\"1 minute\" \/>\n<script type=\"application\/ld+json\" class=\"yoast-schema-graph\">{\"@context\":\"https:\/\/schema.org\",\"@graph\":[{\"@type\":\"WebPage\",\"@id\":\"https:\/\/medicinasinc.com\/fr\/product\/approuverbitone\/\",\"url\":\"https:\/\/medicinasinc.com\/fr\/product\/approuverbitone\/\",\"name\":\"Acheter de l'aprobarbitone - Meilleurs meilleurs m\u00e9dicaments mondiaux\",\"isPartOf\":{\"@id\":\"https:\/\/medicinasinc.com\/fr\/#website\"},\"primaryImageOfPage\":{\"@id\":\"https:\/\/medicinasinc.com\/fr\/product\/approuverbitone\/#primaryimage\"},\"image\":{\"@id\":\"https:\/\/medicinasinc.com\/fr\/product\/approuverbitone\/#primaryimage\"},\"thumbnailUrl\":\"https:\/\/medicinasinc.com\/fr\/wp-content\/uploads\/sites\/5\/2022\/02\/Aprobarbitone.jpg\",\"datePublished\":\"2022-02-22T07:19:31+00:00\",\"dateModified\":\"2022-03-17T11:39:41+00:00\",\"breadcrumb\":{\"@id\":\"https:\/\/medicinasinc.com\/fr\/product\/approuverbitone\/#breadcrumb\"},\"inLanguage\":\"en-US\",\"potentialAction\":[{\"@type\":\"ReadAction\",\"target\":[\"https:\/\/medicinasinc.com\/fr\/product\/approuverbitone\/\"]}]},{\"@type\":\"ImageObject\",\"inLanguage\":\"en-US\",\"@id\":\"https:\/\/medicinasinc.com\/fr\/product\/approuverbitone\/#primaryimage\",\"url\":\"https:\/\/medicinasinc.com\/fr\/wp-content\/uploads\/sites\/5\/2022\/02\/Aprobarbitone.jpg\",\"contentUrl\":\"https:\/\/medicinasinc.com\/fr\/wp-content\/uploads\/sites\/5\/2022\/02\/Aprobarbitone.jpg\",\"width\":600,\"height\":600},{\"@type\":\"BreadcrumbList\",\"@id\":\"https:\/\/medicinasinc.com\/fr\/product\/approuverbitone\/#breadcrumb\",\"itemListElement\":[{\"@type\":\"ListItem\",\"position\":1,\"name\":\"Boutique\",\"item\":\"https:\/\/medicinasinc.com\/fr\/boutique\/\"},{\"@type\":\"ListItem\",\"position\":2,\"name\":\"approuverbarbital\"}]},{\"@type\":\"WebSite\",\"@id\":\"https:\/\/medicinasinc.com\/fr\/#website\",\"url\":\"https:\/\/medicinasinc.com\/fr\/\",\"name\":\"Medicinas Inc\",\"description\":\"Health Medical Clinic\",\"potentialAction\":[{\"@type\":\"SearchAction\",\"target\":{\"@type\":\"EntryPoint\",\"urlTemplate\":\"https:\/\/medicinasinc.com\/fr\/?s={search_term_string}\"},\"query-input\":{\"@type\":\"PropertyValueSpecification\",\"valueRequired\":true,\"valueName\":\"search_term_string\"}}],\"inLanguage\":\"en-US\"}]}<\/script>\n<!-- \/ Yoast SEO plugin. -->","yoast_head_json":{"title":"Acheter de l'aprobarbitone - Meilleurs meilleurs m\u00e9dicaments mondiaux","robots":{"index":"index","follow":"follow","max-snippet":"max-snippet:-1","max-image-preview":"max-image-preview:large","max-video-preview":"max-video-preview:-1"},"canonical":"https:\/\/medicinasinc.com\/fr\/product\/approuverbitone\/","og_locale":"en_US","og_type":"article","og_title":"Acheter de l'aprobarbitone - Meilleurs meilleurs m\u00e9dicaments mondiaux","og_description":"Comment acheter de l'aprobarbitone en ligne dans une pharmacie Nembutal\u00a0? La pharmacie en ligne Nembutal est l'endroit id\u00e9al pour r\u00e9pondre \u00e0 tous vos besoins et exigences en mati\u00e8re d'aprobarbitone. Ajoutez simplement vos m\u00e9dicaments au panier, suivez le processus de paiement et passez votre commande sur notre site Web. Il est maintenant temps de contacter notre pharmacie et de recevoir les meilleurs soins possibles pour votre sant\u00e9. Achetez Aprobarbital maintenant\u00a0!","og_url":"https:\/\/medicinasinc.com\/fr\/product\/approuverbitone\/","og_site_name":"Medicinas Inc","article_modified_time":"2022-03-17T11:39:41+00:00","og_image":[{"width":600,"height":600,"url":"https:\/\/medicinasinc.com\/fr\/wp-content\/uploads\/sites\/5\/2022\/02\/Aprobarbitone.jpg","type":"image\/jpeg"}],"twitter_card":"summary_large_image","twitter_misc":{"Est. reading time":"1 minute"},"schema":{"@context":"https:\/\/schema.org","@graph":[{"@type":"WebPage","@id":"https:\/\/medicinasinc.com\/fr\/product\/approuverbitone\/","url":"https:\/\/medicinasinc.com\/fr\/product\/approuverbitone\/","name":"Acheter de l'aprobarbitone - Meilleurs meilleurs m\u00e9dicaments mondiaux","isPartOf":{"@id":"https:\/\/medicinasinc.com\/fr\/#website"},"primaryImageOfPage":{"@id":"https:\/\/medicinasinc.com\/fr\/product\/approuverbitone\/#primaryimage"},"image":{"@id":"https:\/\/medicinasinc.com\/fr\/product\/approuverbitone\/#primaryimage"},"thumbnailUrl":"https:\/\/medicinasinc.com\/fr\/wp-content\/uploads\/sites\/5\/2022\/02\/Aprobarbitone.jpg","datePublished":"2022-02-22T07:19:31+00:00","dateModified":"2022-03-17T11:39:41+00:00","breadcrumb":{"@id":"https:\/\/medicinasinc.com\/fr\/product\/approuverbitone\/#breadcrumb"},"inLanguage":"en-US","potentialAction":[{"@type":"ReadAction","target":["https:\/\/medicinasinc.com\/fr\/product\/approuverbitone\/"]}]},{"@type":"ImageObject","inLanguage":"en-US","@id":"https:\/\/medicinasinc.com\/fr\/product\/approuverbitone\/#primaryimage","url":"https:\/\/medicinasinc.com\/fr\/wp-content\/uploads\/sites\/5\/2022\/02\/Aprobarbitone.jpg","contentUrl":"https:\/\/medicinasinc.com\/fr\/wp-content\/uploads\/sites\/5\/2022\/02\/Aprobarbitone.jpg","width":600,"height":600},{"@type":"BreadcrumbList","@id":"https:\/\/medicinasinc.com\/fr\/product\/approuverbitone\/#breadcrumb","itemListElement":[{"@type":"ListItem","position":1,"name":"Boutique","item":"https:\/\/medicinasinc.com\/fr\/boutique\/"},{"@type":"ListItem","position":2,"name":"approuverbarbital"}]},{"@type":"WebSite","@id":"https:\/\/medicinasinc.com\/fr\/#website","url":"https:\/\/medicinasinc.com\/fr\/","name":"Medicinas Inc","description":"Health Medical Clinic","potentialAction":[{"@type":"SearchAction","target":{"@type":"EntryPoint","urlTemplate":"https:\/\/medicinasinc.com\/fr\/?s={search_term_string}"},"query-input":{"@type":"PropertyValueSpecification","valueRequired":true,"valueName":"search_term_string"}}],"inLanguage":"en-US"}]}},"_links":{"self":[{"href":"https:\/\/medicinasinc.com\/fr\/wp-json\/wp\/v2\/product\/5846","targetHints":{"allow":["GET"]}}],"collection":[{"href":"https:\/\/medicinasinc.com\/fr\/wp-json\/wp\/v2\/product"}],"about":[{"href":"https:\/\/medicinasinc.com\/fr\/wp-json\/wp\/v2\/types\/product"}],"replies":[{"embeddable":true,"href":"https:\/\/medicinasinc.com\/fr\/wp-json\/wp\/v2\/comments?post=5846"}],"wp:featuredmedia":[{"embeddable":true,"href":"https:\/\/medicinasinc.com\/fr\/wp-json\/wp\/v2\/media\/5856"}],"wp:attachment":[{"href":"https:\/\/medicinasinc.com\/fr\/wp-json\/wp\/v2\/media?parent=5846"}],"wp:term":[{"taxonomy":"product_brand","embeddable":true,"href":"https:\/\/medicinasinc.com\/fr\/wp-json\/wp\/v2\/product_brand?post=5846"},{"taxonomy":"product_cat","embeddable":true,"href":"https:\/\/medicinasinc.com\/fr\/wp-json\/wp\/v2\/product_cat?post=5846"},{"taxonomy":"product_tag","embeddable":true,"href":"https:\/\/medicinasinc.com\/fr\/wp-json\/wp\/v2\/product_tag?post=5846"}],"curies":[{"name":"wp","href":"https:\/\/api.w.org\/{rel}","templated":true}]}}