{"id":5834,"date":"2022-02-22T07:05:31","date_gmt":"2022-02-22T07:05:31","guid":{"rendered":"https:\/\/medicinasinc.com\/fr\/?post_type=product&#038;p=5834"},"modified":"2022-03-17T11:39:58","modified_gmt":"2022-03-17T11:39:58","slug":"acheter-butabarbital-en-ligne","status":"publish","type":"product","link":"https:\/\/medicinasinc.com\/fr\/product\/acheter-butabarbital-en-ligne\/","title":{"rendered":"Acheter du butabarbital en ligne"},"content":{"rendered":"<p>Achetez des comprim\u00e9s de butabarbital sodique \u00e0 50 mg aupr\u00e8s de la meilleure pharmacie en ligne.<\/p>\n<p>La pharmacie en ligne Nembutal est le meilleur endroit pour acheter des comprim\u00e9s de butabarbital sodique \u00e0 50 mg au prix le plus bas. Nous sommes dans l&#8217;industrie pharmaceutique depuis longtemps. Vous pouvez compter sur nous pour vous offrir les meilleurs soins possibles pour votre sant\u00e9. Les membres de notre \u00e9quipe qualifi\u00e9e feront tout leur possible pour d\u00e9passer vos attentes. Achetez imm\u00e9diatement\u00a0!<\/p>\n<p>Comment devriez-vous utiliser le butabarbital sodique apr\u00e8s l&#8217;avoir achet\u00e9 chez nous\u00a0?<\/p>\n<p>Le butabarbital sodique est un excellent m\u00e9dicament pour traiter l&#8217;insomnie chez l&#8217;homme. En r\u00e8gle g\u00e9n\u00e9rale, il s&#8217;agit d&#8217;un m\u00e9dicament \u00e0 court terme. Cette substance peut \u00eatre utilis\u00e9e dans l&#8217;industrie m\u00e9dicale comme s\u00e9datif avant toute intervention chirurgicale.<\/p>\n<p>Pour assurer une bonne administration du butabarbital sodique, nous fournissons \u00e0 nos clients un guide manuel. Ce guide manuel contient toutes les instructions du m\u00e9dicament. Vous pouvez facilement les lire un par un et les utiliser pour les raisons pour lesquelles ils sont destin\u00e9s. Vous pouvez avoir une enti\u00e8re confiance dans notre pharmacie en ligne r\u00e9put\u00e9e. Nous consid\u00e9rons constamment les meilleurs int\u00e9r\u00eats de nos pr\u00e9cieux consommateurs. Nous sommes constamment soucieux de la sant\u00e9 de nos clients et inspectons tous les produits avant la livraison.<\/p>\n<p>Vous pouvez nous contacter pour obtenir le meilleur prix sur le butabarbital sodique. Nos experts traduiront votre commande et l&#8217;organiseront pour une livraison imm\u00e9diate. Vos m\u00e9dicaments vous seront envoy\u00e9s dans les d\u00e9lais sp\u00e9cifi\u00e9s par notre pharmacie en ligne. Le Nembutal est disponible \u00e0 prix r\u00e9duit d\u00e8s maintenant\u00a0!<\/p>\n","protected":false},"excerpt":{"rendered":"<p>Comment puis-je obtenir du butabarbital sodique dans une pharmacie en ligne Nembutal\u00a0?<\/p>\n<p>La pharmacie en ligne Nembutal est maintenant disponible. Soumettez les d\u00e9tails de votre commande et le paiement des comprim\u00e9s de butabarbital sodique 50 mg sur notre site officiel. Une fois qu&#8217;une commande a \u00e9t\u00e9 pass\u00e9e, elle sera trait\u00e9e dans le d\u00e9lai sp\u00e9cifi\u00e9. Passez votre commande d\u00e8s aujourd&#8217;hui\u00a0!<\/p>\n","protected":false},"featured_media":5844,"comment_status":"open","ping_status":"closed","template":"","meta":[],"product_brand":[],"product_cat":[3818],"product_tag":[],"class_list":{"0":"post-5834","1":"product","2":"type-product","3":"status-publish","4":"has-post-thumbnail","6":"product_cat-pentobarbital-a-vendre","8":"first","9":"instock","10":"shipping-taxable","11":"purchasable","12":"product-type-variable"},"yoast_head":"<!-- This site is optimized with the Yoast SEO plugin v27.3 - https:\/\/yoast.com\/product\/yoast-seo-wordpress\/ -->\n<title>Acheter du butabarbital en ligne - Meilleurs meilleurs m\u00e9dicaments mondiaux<\/title>\n<meta name=\"robots\" content=\"index, follow, max-snippet:-1, max-image-preview:large, max-video-preview:-1\" \/>\n<link rel=\"canonical\" href=\"https:\/\/medicinasinc.com\/fr\/product\/acheter-butabarbital-en-ligne\/\" \/>\n<meta property=\"og:locale\" content=\"en_US\" \/>\n<meta property=\"og:type\" content=\"article\" \/>\n<meta property=\"og:title\" content=\"Acheter du butabarbital en ligne - Meilleurs meilleurs m\u00e9dicaments mondiaux\" \/>\n<meta property=\"og:description\" content=\"Comment puis-je obtenir du butabarbital sodique dans une pharmacie en ligne Nembutal\u00a0? La pharmacie en ligne Nembutal est maintenant disponible. Soumettez les d\u00e9tails de votre commande et le paiement des comprim\u00e9s de butabarbital sodique 50 mg sur notre site officiel. Une fois qu&#039;une commande a \u00e9t\u00e9 pass\u00e9e, elle sera trait\u00e9e dans le d\u00e9lai sp\u00e9cifi\u00e9. Passez votre commande d\u00e8s aujourd&#039;hui\u00a0!\" \/>\n<meta property=\"og:url\" content=\"https:\/\/medicinasinc.com\/fr\/product\/acheter-butabarbital-en-ligne\/\" \/>\n<meta property=\"og:site_name\" content=\"Medicinas Inc\" \/>\n<meta property=\"article:modified_time\" content=\"2022-03-17T11:39:58+00:00\" \/>\n<meta property=\"og:image\" content=\"https:\/\/medicinasinc.com\/fr\/wp-content\/uploads\/sites\/5\/2022\/02\/Buy-Butabarbital.jpg\" \/>\n\t<meta property=\"og:image:width\" content=\"600\" \/>\n\t<meta property=\"og:image:height\" content=\"600\" \/>\n\t<meta property=\"og:image:type\" content=\"image\/jpeg\" \/>\n<meta name=\"twitter:card\" content=\"summary_large_image\" \/>\n<meta name=\"twitter:label1\" content=\"Est. reading time\" \/>\n\t<meta name=\"twitter:data1\" content=\"2 minutes\" \/>\n<script type=\"application\/ld+json\" class=\"yoast-schema-graph\">{\"@context\":\"https:\\\/\\\/schema.org\",\"@graph\":[{\"@type\":\"WebPage\",\"@id\":\"https:\\\/\\\/medicinasinc.com\\\/fr\\\/product\\\/acheter-butabarbital-en-ligne\\\/\",\"url\":\"https:\\\/\\\/medicinasinc.com\\\/fr\\\/product\\\/acheter-butabarbital-en-ligne\\\/\",\"name\":\"Acheter du butabarbital en ligne - Meilleurs meilleurs m\u00e9dicaments mondiaux\",\"isPartOf\":{\"@id\":\"https:\\\/\\\/medicinasinc.com\\\/fr\\\/#website\"},\"primaryImageOfPage\":{\"@id\":\"https:\\\/\\\/medicinasinc.com\\\/fr\\\/product\\\/acheter-butabarbital-en-ligne\\\/#primaryimage\"},\"image\":{\"@id\":\"https:\\\/\\\/medicinasinc.com\\\/fr\\\/product\\\/acheter-butabarbital-en-ligne\\\/#primaryimage\"},\"thumbnailUrl\":\"https:\\\/\\\/medicinasinc.com\\\/fr\\\/wp-content\\\/uploads\\\/sites\\\/5\\\/2022\\\/02\\\/Buy-Butabarbital.jpg\",\"datePublished\":\"2022-02-22T07:05:31+00:00\",\"dateModified\":\"2022-03-17T11:39:58+00:00\",\"breadcrumb\":{\"@id\":\"https:\\\/\\\/medicinasinc.com\\\/fr\\\/product\\\/acheter-butabarbital-en-ligne\\\/#breadcrumb\"},\"inLanguage\":\"en-US\",\"potentialAction\":[{\"@type\":\"ReadAction\",\"target\":[\"https:\\\/\\\/medicinasinc.com\\\/fr\\\/product\\\/acheter-butabarbital-en-ligne\\\/\"]}]},{\"@type\":\"ImageObject\",\"inLanguage\":\"en-US\",\"@id\":\"https:\\\/\\\/medicinasinc.com\\\/fr\\\/product\\\/acheter-butabarbital-en-ligne\\\/#primaryimage\",\"url\":\"https:\\\/\\\/medicinasinc.com\\\/fr\\\/wp-content\\\/uploads\\\/sites\\\/5\\\/2022\\\/02\\\/Buy-Butabarbital.jpg\",\"contentUrl\":\"https:\\\/\\\/medicinasinc.com\\\/fr\\\/wp-content\\\/uploads\\\/sites\\\/5\\\/2022\\\/02\\\/Buy-Butabarbital.jpg\",\"width\":600,\"height\":600},{\"@type\":\"BreadcrumbList\",\"@id\":\"https:\\\/\\\/medicinasinc.com\\\/fr\\\/product\\\/acheter-butabarbital-en-ligne\\\/#breadcrumb\",\"itemListElement\":[{\"@type\":\"ListItem\",\"position\":1,\"name\":\"Boutique\",\"item\":\"https:\\\/\\\/medicinasinc.com\\\/fr\\\/boutique\\\/\"},{\"@type\":\"ListItem\",\"position\":2,\"name\":\"Acheter du butabarbital en ligne\"}]},{\"@type\":\"WebSite\",\"@id\":\"https:\\\/\\\/medicinasinc.com\\\/fr\\\/#website\",\"url\":\"https:\\\/\\\/medicinasinc.com\\\/fr\\\/\",\"name\":\"Medicinas Inc\",\"description\":\"Health Medical Clinic\",\"potentialAction\":[{\"@type\":\"SearchAction\",\"target\":{\"@type\":\"EntryPoint\",\"urlTemplate\":\"https:\\\/\\\/medicinasinc.com\\\/fr\\\/?s={search_term_string}\"},\"query-input\":{\"@type\":\"PropertyValueSpecification\",\"valueRequired\":true,\"valueName\":\"search_term_string\"}}],\"inLanguage\":\"en-US\"}]}<\/script>\n<!-- \/ Yoast SEO plugin. -->","yoast_head_json":{"title":"Acheter du butabarbital en ligne - Meilleurs meilleurs m\u00e9dicaments mondiaux","robots":{"index":"index","follow":"follow","max-snippet":"max-snippet:-1","max-image-preview":"max-image-preview:large","max-video-preview":"max-video-preview:-1"},"canonical":"https:\/\/medicinasinc.com\/fr\/product\/acheter-butabarbital-en-ligne\/","og_locale":"en_US","og_type":"article","og_title":"Acheter du butabarbital en ligne - Meilleurs meilleurs m\u00e9dicaments mondiaux","og_description":"Comment puis-je obtenir du butabarbital sodique dans une pharmacie en ligne Nembutal\u00a0? La pharmacie en ligne Nembutal est maintenant disponible. Soumettez les d\u00e9tails de votre commande et le paiement des comprim\u00e9s de butabarbital sodique 50 mg sur notre site officiel. Une fois qu'une commande a \u00e9t\u00e9 pass\u00e9e, elle sera trait\u00e9e dans le d\u00e9lai sp\u00e9cifi\u00e9. Passez votre commande d\u00e8s aujourd'hui\u00a0!","og_url":"https:\/\/medicinasinc.com\/fr\/product\/acheter-butabarbital-en-ligne\/","og_site_name":"Medicinas Inc","article_modified_time":"2022-03-17T11:39:58+00:00","og_image":[{"width":600,"height":600,"url":"https:\/\/medicinasinc.com\/fr\/wp-content\/uploads\/sites\/5\/2022\/02\/Buy-Butabarbital.jpg","type":"image\/jpeg"}],"twitter_card":"summary_large_image","twitter_misc":{"Est. reading time":"2 minutes"},"schema":{"@context":"https:\/\/schema.org","@graph":[{"@type":"WebPage","@id":"https:\/\/medicinasinc.com\/fr\/product\/acheter-butabarbital-en-ligne\/","url":"https:\/\/medicinasinc.com\/fr\/product\/acheter-butabarbital-en-ligne\/","name":"Acheter du butabarbital en ligne - Meilleurs meilleurs m\u00e9dicaments mondiaux","isPartOf":{"@id":"https:\/\/medicinasinc.com\/fr\/#website"},"primaryImageOfPage":{"@id":"https:\/\/medicinasinc.com\/fr\/product\/acheter-butabarbital-en-ligne\/#primaryimage"},"image":{"@id":"https:\/\/medicinasinc.com\/fr\/product\/acheter-butabarbital-en-ligne\/#primaryimage"},"thumbnailUrl":"https:\/\/medicinasinc.com\/fr\/wp-content\/uploads\/sites\/5\/2022\/02\/Buy-Butabarbital.jpg","datePublished":"2022-02-22T07:05:31+00:00","dateModified":"2022-03-17T11:39:58+00:00","breadcrumb":{"@id":"https:\/\/medicinasinc.com\/fr\/product\/acheter-butabarbital-en-ligne\/#breadcrumb"},"inLanguage":"en-US","potentialAction":[{"@type":"ReadAction","target":["https:\/\/medicinasinc.com\/fr\/product\/acheter-butabarbital-en-ligne\/"]}]},{"@type":"ImageObject","inLanguage":"en-US","@id":"https:\/\/medicinasinc.com\/fr\/product\/acheter-butabarbital-en-ligne\/#primaryimage","url":"https:\/\/medicinasinc.com\/fr\/wp-content\/uploads\/sites\/5\/2022\/02\/Buy-Butabarbital.jpg","contentUrl":"https:\/\/medicinasinc.com\/fr\/wp-content\/uploads\/sites\/5\/2022\/02\/Buy-Butabarbital.jpg","width":600,"height":600},{"@type":"BreadcrumbList","@id":"https:\/\/medicinasinc.com\/fr\/product\/acheter-butabarbital-en-ligne\/#breadcrumb","itemListElement":[{"@type":"ListItem","position":1,"name":"Boutique","item":"https:\/\/medicinasinc.com\/fr\/boutique\/"},{"@type":"ListItem","position":2,"name":"Acheter du butabarbital en ligne"}]},{"@type":"WebSite","@id":"https:\/\/medicinasinc.com\/fr\/#website","url":"https:\/\/medicinasinc.com\/fr\/","name":"Medicinas Inc","description":"Health Medical Clinic","potentialAction":[{"@type":"SearchAction","target":{"@type":"EntryPoint","urlTemplate":"https:\/\/medicinasinc.com\/fr\/?s={search_term_string}"},"query-input":{"@type":"PropertyValueSpecification","valueRequired":true,"valueName":"search_term_string"}}],"inLanguage":"en-US"}]}},"_links":{"self":[{"href":"https:\/\/medicinasinc.com\/fr\/wp-json\/wp\/v2\/product\/5834","targetHints":{"allow":["GET"]}}],"collection":[{"href":"https:\/\/medicinasinc.com\/fr\/wp-json\/wp\/v2\/product"}],"about":[{"href":"https:\/\/medicinasinc.com\/fr\/wp-json\/wp\/v2\/types\/product"}],"replies":[{"embeddable":true,"href":"https:\/\/medicinasinc.com\/fr\/wp-json\/wp\/v2\/comments?post=5834"}],"wp:featuredmedia":[{"embeddable":true,"href":"https:\/\/medicinasinc.com\/fr\/wp-json\/wp\/v2\/media\/5844"}],"wp:attachment":[{"href":"https:\/\/medicinasinc.com\/fr\/wp-json\/wp\/v2\/media?parent=5834"}],"wp:term":[{"taxonomy":"product_brand","embeddable":true,"href":"https:\/\/medicinasinc.com\/fr\/wp-json\/wp\/v2\/product_brand?post=5834"},{"taxonomy":"product_cat","embeddable":true,"href":"https:\/\/medicinasinc.com\/fr\/wp-json\/wp\/v2\/product_cat?post=5834"},{"taxonomy":"product_tag","embeddable":true,"href":"https:\/\/medicinasinc.com\/fr\/wp-json\/wp\/v2\/product_tag?post=5834"}],"curies":[{"name":"wp","href":"https:\/\/api.w.org\/{rel}","templated":true}]}}