{"id":5828,"date":"2022-02-22T06:59:00","date_gmt":"2022-02-22T06:59:00","guid":{"rendered":"https:\/\/medicinasinc.com\/fr\/?post_type=product&#038;p=5828"},"modified":"2022-03-17T11:40:08","modified_gmt":"2022-03-17T11:40:08","slug":"acheter-butalbital-en-ligne","status":"publish","type":"product","link":"https:\/\/medicinasinc.com\/fr\/product\/acheter-butalbital-en-ligne\/","title":{"rendered":"Acheter Butalbital en ligne"},"content":{"rendered":"<div class=\"mkdf-single-product-content\">\n<div class=\"mkdf-single-product-summary\">\n<div class=\"summary entry-summary\">\n<div class=\"woocommerce-tabs wc-tabs -wrapper\">\n<div id=\"tab-description\" class=\"woocommerce-Tabs-panel woocommerce-Tabs-panel--description panel entry-content wc-tab\" role=\"tabpanel\" aria-labelledby=\"tab-title -description\">\n<div id=\"ftwp-postcontent\">\n<p>Sans ordonnance, achetez Nembutal Butalbital dans la meilleure pharmacie en ligne<\/p>\n<p>Online Nembutal Pharmacy est une pharmacie en ligne r\u00e9put\u00e9e qui est bien connue pour son professionnalisme et ses m\u00e9dicaments de haute qualit\u00e9. Vous pouvez facilement obtenir du Nembutal Butalbital en ligne sans ordonnance sur ce site. Nous nous engageons \u00e0 fournir un produit de haute qualit\u00e9 aux clients du monde entier. Nous r\u00e9pondons aux besoins et aux besoins de chaque client et y r\u00e9pondons toujours dans les d\u00e9lais.<\/p>\n<p>Vous pouvez nous contacter rapidement via la plateforme Internet et acqu\u00e9rir les m\u00e9dicaments souhait\u00e9s dans un court laps de temps. Aujourd&#8217;hui, vous pouvez commander du Butalbital en ligne\u00a0!<\/p>\n<p>Quels sont les avantages du Nembutal Butalbital\u00a0?<\/p>\n<p>Le Butalbital est un m\u00e9dicament d&#8217;ordonnance utilis\u00e9 pendant une courte p\u00e9riode. Ce m\u00e9dicament peut \u00eatre utilis\u00e9 en association avec d&#8217;autres m\u00e9dicaments tels que le parac\u00e9tamol (ac\u00e9taminoph\u00e8ne) ou l&#8217;aspirine pour soulager la douleur et les maux de t\u00eate. De plus, il a \u00e9t\u00e9 approuv\u00e9 pour traiter les c\u00e9phal\u00e9es de tension.<\/p>\n<p>Pour acheter Butalbital en ligne au meilleur prix, commencez par l&#8217;ajouter \u00e0 votre panier. Une fois que vous avez termin\u00e9 l&#8217;ajout, vous pouvez proc\u00e9der \u00e0 l&#8217;ach\u00e8vement du paiement. Nous avons inclus une vari\u00e9t\u00e9 de passerelles de paiement. Vous pouvez s\u00e9lectionner le plus appropri\u00e9 et terminer le processus de paiement de votre commande.<\/p>\n<p>O\u00f9 puis-je acheter du Nembutal Butalbital en ligne au meilleur prix\u00a0?<\/p>\n<p>Si du Butalbital vous a \u00e9t\u00e9 prescrit, il Il est temps d&#8217;acheter Butalbital en ligne dans notre pharmacie Nembutal.<\/p>\n<p>Se connecter avec notre pharmacie en ligne n&#8217;a jamais \u00e9t\u00e9 aussi simple. Notre site Web est extr\u00eamement basique et convivial, ce qui aide nos consommateurs \u00e0 se sentir \u00e0 l&#8217;aise lorsqu&#8217;ils commandent leurs produits.<\/p>\n<\/p><\/div><\/div><\/div><\/div><\/div><\/div>\n","protected":false},"excerpt":{"rendered":"<p>Notre pharmacie en ligne recevra votre commande imm\u00e9diatement apr\u00e8s la passation. Nous allons la prioriser et la terminer le plus rapidement possible. Nous prenons g\u00e9n\u00e9ralement 5 jours pour livrer la marchandise, ce qui ne couvre que les jours ouvrables. En une semaine, vous recevrez Nembutal Butalbital dans les meilleures conditions possibles. Passez votre achat imm\u00e9diatement\u00a0!<\/p>\n","protected":false},"featured_media":5838,"comment_status":"open","ping_status":"closed","template":"","meta":[],"product_brand":[],"product_cat":[3818],"product_tag":[3976,1051,3977,3928,3974,3975,3997,3979,3980,4002,3840,3982,3981,3983,3987,3988,3998,3972,3984,3978,3991,3845,3847,3934,3986,3992,3989,3990,3936,3995,3996,3999,4001,4006,4005,3993,3994,3865,3985,4004,4003,3973,4000],"class_list":{"0":"post-5828","1":"product","2":"type-product","3":"status-publish","4":"has-post-thumbnail","6":"product_cat-pentobarbital-a-vendre","7":"product_tag-achat-nembutal","8":"product_tag-acheter-nembutal","9":"product_tag-achat-nembutal-en-ligne","10":"product_tag-acheter-nembutal-en-ligne","11":"product_tag-acheter-nembutal-canada","12":"product_tag-acheter-nembutal-mexique","13":"product_tag-calendrier-nembutal","14":"product_tag-combien-cote-le-nembutal","15":"product_tag-combien-nembutal-est-mortel","16":"product_tag-commander-nembutal-en-ligne","17":"product_tag-comment-acqurir-nembutal","18":"product_tag-comment-faire-du-nembutal","19":"product_tag-comment-obtenir-nembutal","20":"product_tag-comment-prendre-le-nembutal-pour-mourir","21":"product_tag-nembutal-dfinition","22":"product_tag-dose-mortelle-de-nembutal","23":"product_tag-effets-secondaires-du-nembutal","24":"product_tag-et-amytal","25":"product_tag-capsules-de-nembutal","26":"product_tag-medicaments-prescrits-pour-reduire-l-insomnie","27":"product_tag-nembutal-en-ligne","28":"product_tag-nembutal","29":"product_tag-nembutal--vendre","30":"product_tag-nembutal-acheter-en-ligne","31":"product_tag-nembutal-death","32":"product_tag-nembutal-en-vente-libre","33":"product_tag-nembutal-mexique","34":"product_tag-nembutal-mexique-2018","35":"product_tag-nembutal-powder","36":"product_tag-nembutal-price","37":"product_tag-nembutal-reddit","38":"product_tag-nembutal-sodique","39":"product_tag-obtention-nembutal","40":"product_tag-o-acheter-nembutal-au-mexique","41":"product_tag-o-puis-je-acheter-nembutal","42":"product_tag-nembutal-pentobarbital","43":"product_tag-pilule-de-nembutal","44":"product_tag-nembutal-pilules-a-vendre","45":"product_tag-nombutal-chine","46":"product_tag-quest-ce-que-le-nembutal","47":"product_tag-secondaire","48":"product_tag-sont","49":"product_tag-suppositoire-de-nembutal","51":"first","52":"instock","53":"shipping-taxable","54":"purchasable","55":"product-type-variable"},"yoast_head":"<!-- This site is optimized with the Yoast SEO plugin v27.2 - https:\/\/yoast.com\/product\/yoast-seo-wordpress\/ -->\n<title>Acheter Butalbital en ligne - Meilleurs meilleurs m\u00e9dicaments mondiaux<\/title>\n<meta name=\"robots\" content=\"index, follow, max-snippet:-1, max-image-preview:large, max-video-preview:-1\" \/>\n<link rel=\"canonical\" href=\"https:\/\/medicinasinc.com\/fr\/product\/acheter-butalbital-en-ligne\/\" \/>\n<meta property=\"og:locale\" content=\"en_US\" \/>\n<meta property=\"og:type\" content=\"article\" \/>\n<meta property=\"og:title\" content=\"Acheter Butalbital en ligne - Meilleurs meilleurs m\u00e9dicaments mondiaux\" \/>\n<meta property=\"og:description\" content=\"Notre pharmacie en ligne recevra votre commande imm\u00e9diatement apr\u00e8s la passation. Nous allons la prioriser et la terminer le plus rapidement possible. Nous prenons g\u00e9n\u00e9ralement 5 jours pour livrer la marchandise, ce qui ne couvre que les jours ouvrables. En une semaine, vous recevrez Nembutal Butalbital dans les meilleures conditions possibles. Passez votre achat imm\u00e9diatement\u00a0!\" \/>\n<meta property=\"og:url\" content=\"https:\/\/medicinasinc.com\/fr\/product\/acheter-butalbital-en-ligne\/\" \/>\n<meta property=\"og:site_name\" content=\"Medicinas Inc\" \/>\n<meta property=\"article:modified_time\" content=\"2022-03-17T11:40:08+00:00\" \/>\n<meta property=\"og:image\" content=\"https:\/\/medicinasinc.com\/fr\/wp-content\/uploads\/sites\/5\/2022\/02\/Buy-Butalbital-Online.jpg\" \/>\n\t<meta property=\"og:image:width\" content=\"600\" \/>\n\t<meta property=\"og:image:height\" content=\"600\" \/>\n\t<meta property=\"og:image:type\" content=\"image\/jpeg\" \/>\n<meta name=\"twitter:card\" content=\"summary_large_image\" \/>\n<meta name=\"twitter:label1\" content=\"Est. reading time\" \/>\n\t<meta name=\"twitter:data1\" content=\"2 minutes\" \/>\n<script type=\"application\/ld+json\" class=\"yoast-schema-graph\">{\"@context\":\"https:\/\/schema.org\",\"@graph\":[{\"@type\":\"WebPage\",\"@id\":\"https:\/\/medicinasinc.com\/fr\/product\/acheter-butalbital-en-ligne\/\",\"url\":\"https:\/\/medicinasinc.com\/fr\/product\/acheter-butalbital-en-ligne\/\",\"name\":\"Acheter Butalbital en ligne - Meilleurs meilleurs m\u00e9dicaments mondiaux\",\"isPartOf\":{\"@id\":\"https:\/\/medicinasinc.com\/fr\/#website\"},\"primaryImageOfPage\":{\"@id\":\"https:\/\/medicinasinc.com\/fr\/product\/acheter-butalbital-en-ligne\/#primaryimage\"},\"image\":{\"@id\":\"https:\/\/medicinasinc.com\/fr\/product\/acheter-butalbital-en-ligne\/#primaryimage\"},\"thumbnailUrl\":\"https:\/\/medicinasinc.com\/fr\/wp-content\/uploads\/sites\/5\/2022\/02\/Buy-Butalbital-Online.jpg\",\"datePublished\":\"2022-02-22T06:59:00+00:00\",\"dateModified\":\"2022-03-17T11:40:08+00:00\",\"breadcrumb\":{\"@id\":\"https:\/\/medicinasinc.com\/fr\/product\/acheter-butalbital-en-ligne\/#breadcrumb\"},\"inLanguage\":\"en-US\",\"potentialAction\":[{\"@type\":\"ReadAction\",\"target\":[\"https:\/\/medicinasinc.com\/fr\/product\/acheter-butalbital-en-ligne\/\"]}]},{\"@type\":\"ImageObject\",\"inLanguage\":\"en-US\",\"@id\":\"https:\/\/medicinasinc.com\/fr\/product\/acheter-butalbital-en-ligne\/#primaryimage\",\"url\":\"https:\/\/medicinasinc.com\/fr\/wp-content\/uploads\/sites\/5\/2022\/02\/Buy-Butalbital-Online.jpg\",\"contentUrl\":\"https:\/\/medicinasinc.com\/fr\/wp-content\/uploads\/sites\/5\/2022\/02\/Buy-Butalbital-Online.jpg\",\"width\":600,\"height\":600},{\"@type\":\"BreadcrumbList\",\"@id\":\"https:\/\/medicinasinc.com\/fr\/product\/acheter-butalbital-en-ligne\/#breadcrumb\",\"itemListElement\":[{\"@type\":\"ListItem\",\"position\":1,\"name\":\"Boutique\",\"item\":\"https:\/\/medicinasinc.com\/fr\/boutique\/\"},{\"@type\":\"ListItem\",\"position\":2,\"name\":\"Acheter Butalbital en ligne\"}]},{\"@type\":\"WebSite\",\"@id\":\"https:\/\/medicinasinc.com\/fr\/#website\",\"url\":\"https:\/\/medicinasinc.com\/fr\/\",\"name\":\"Medicinas Inc\",\"description\":\"Health Medical Clinic\",\"potentialAction\":[{\"@type\":\"SearchAction\",\"target\":{\"@type\":\"EntryPoint\",\"urlTemplate\":\"https:\/\/medicinasinc.com\/fr\/?s={search_term_string}\"},\"query-input\":{\"@type\":\"PropertyValueSpecification\",\"valueRequired\":true,\"valueName\":\"search_term_string\"}}],\"inLanguage\":\"en-US\"}]}<\/script>\n<!-- \/ Yoast SEO plugin. -->","yoast_head_json":{"title":"Acheter Butalbital en ligne - Meilleurs meilleurs m\u00e9dicaments mondiaux","robots":{"index":"index","follow":"follow","max-snippet":"max-snippet:-1","max-image-preview":"max-image-preview:large","max-video-preview":"max-video-preview:-1"},"canonical":"https:\/\/medicinasinc.com\/fr\/product\/acheter-butalbital-en-ligne\/","og_locale":"en_US","og_type":"article","og_title":"Acheter Butalbital en ligne - Meilleurs meilleurs m\u00e9dicaments mondiaux","og_description":"Notre pharmacie en ligne recevra votre commande imm\u00e9diatement apr\u00e8s la passation. Nous allons la prioriser et la terminer le plus rapidement possible. Nous prenons g\u00e9n\u00e9ralement 5 jours pour livrer la marchandise, ce qui ne couvre que les jours ouvrables. En une semaine, vous recevrez Nembutal Butalbital dans les meilleures conditions possibles. Passez votre achat imm\u00e9diatement\u00a0!","og_url":"https:\/\/medicinasinc.com\/fr\/product\/acheter-butalbital-en-ligne\/","og_site_name":"Medicinas Inc","article_modified_time":"2022-03-17T11:40:08+00:00","og_image":[{"width":600,"height":600,"url":"https:\/\/medicinasinc.com\/fr\/wp-content\/uploads\/sites\/5\/2022\/02\/Buy-Butalbital-Online.jpg","type":"image\/jpeg"}],"twitter_card":"summary_large_image","twitter_misc":{"Est. reading time":"2 minutes"},"schema":{"@context":"https:\/\/schema.org","@graph":[{"@type":"WebPage","@id":"https:\/\/medicinasinc.com\/fr\/product\/acheter-butalbital-en-ligne\/","url":"https:\/\/medicinasinc.com\/fr\/product\/acheter-butalbital-en-ligne\/","name":"Acheter Butalbital en ligne - Meilleurs meilleurs m\u00e9dicaments mondiaux","isPartOf":{"@id":"https:\/\/medicinasinc.com\/fr\/#website"},"primaryImageOfPage":{"@id":"https:\/\/medicinasinc.com\/fr\/product\/acheter-butalbital-en-ligne\/#primaryimage"},"image":{"@id":"https:\/\/medicinasinc.com\/fr\/product\/acheter-butalbital-en-ligne\/#primaryimage"},"thumbnailUrl":"https:\/\/medicinasinc.com\/fr\/wp-content\/uploads\/sites\/5\/2022\/02\/Buy-Butalbital-Online.jpg","datePublished":"2022-02-22T06:59:00+00:00","dateModified":"2022-03-17T11:40:08+00:00","breadcrumb":{"@id":"https:\/\/medicinasinc.com\/fr\/product\/acheter-butalbital-en-ligne\/#breadcrumb"},"inLanguage":"en-US","potentialAction":[{"@type":"ReadAction","target":["https:\/\/medicinasinc.com\/fr\/product\/acheter-butalbital-en-ligne\/"]}]},{"@type":"ImageObject","inLanguage":"en-US","@id":"https:\/\/medicinasinc.com\/fr\/product\/acheter-butalbital-en-ligne\/#primaryimage","url":"https:\/\/medicinasinc.com\/fr\/wp-content\/uploads\/sites\/5\/2022\/02\/Buy-Butalbital-Online.jpg","contentUrl":"https:\/\/medicinasinc.com\/fr\/wp-content\/uploads\/sites\/5\/2022\/02\/Buy-Butalbital-Online.jpg","width":600,"height":600},{"@type":"BreadcrumbList","@id":"https:\/\/medicinasinc.com\/fr\/product\/acheter-butalbital-en-ligne\/#breadcrumb","itemListElement":[{"@type":"ListItem","position":1,"name":"Boutique","item":"https:\/\/medicinasinc.com\/fr\/boutique\/"},{"@type":"ListItem","position":2,"name":"Acheter Butalbital en ligne"}]},{"@type":"WebSite","@id":"https:\/\/medicinasinc.com\/fr\/#website","url":"https:\/\/medicinasinc.com\/fr\/","name":"Medicinas Inc","description":"Health Medical Clinic","potentialAction":[{"@type":"SearchAction","target":{"@type":"EntryPoint","urlTemplate":"https:\/\/medicinasinc.com\/fr\/?s={search_term_string}"},"query-input":{"@type":"PropertyValueSpecification","valueRequired":true,"valueName":"search_term_string"}}],"inLanguage":"en-US"}]}},"_links":{"self":[{"href":"https:\/\/medicinasinc.com\/fr\/wp-json\/wp\/v2\/product\/5828","targetHints":{"allow":["GET"]}}],"collection":[{"href":"https:\/\/medicinasinc.com\/fr\/wp-json\/wp\/v2\/product"}],"about":[{"href":"https:\/\/medicinasinc.com\/fr\/wp-json\/wp\/v2\/types\/product"}],"replies":[{"embeddable":true,"href":"https:\/\/medicinasinc.com\/fr\/wp-json\/wp\/v2\/comments?post=5828"}],"wp:featuredmedia":[{"embeddable":true,"href":"https:\/\/medicinasinc.com\/fr\/wp-json\/wp\/v2\/media\/5838"}],"wp:attachment":[{"href":"https:\/\/medicinasinc.com\/fr\/wp-json\/wp\/v2\/media?parent=5828"}],"wp:term":[{"taxonomy":"product_brand","embeddable":true,"href":"https:\/\/medicinasinc.com\/fr\/wp-json\/wp\/v2\/product_brand?post=5828"},{"taxonomy":"product_cat","embeddable":true,"href":"https:\/\/medicinasinc.com\/fr\/wp-json\/wp\/v2\/product_cat?post=5828"},{"taxonomy":"product_tag","embeddable":true,"href":"https:\/\/medicinasinc.com\/fr\/wp-json\/wp\/v2\/product_tag?post=5828"}],"curies":[{"name":"wp","href":"https:\/\/api.w.org\/{rel}","templated":true}]}}