{"id":5822,"date":"2022-02-22T06:52:56","date_gmt":"2022-02-22T06:52:56","guid":{"rendered":"https:\/\/medicinasinc.com\/fr\/?post_type=product&#038;p=5822"},"modified":"2022-03-17T11:40:20","modified_gmt":"2022-03-17T11:40:20","slug":"acheter-nembutal-pentobarbital","status":"publish","type":"product","link":"https:\/\/medicinasinc.com\/fr\/product\/acheter-nembutal-pentobarbital\/","title":{"rendered":"Acheter Nembutal Pentobarbital"},"content":{"rendered":"<p>Achat en ligne de Nembutal Pentobarbital aupr\u00e8s de The Best Global Meds<\/p>\n<p>La pharmacie en ligne Nembutal est la seule source fiable pour acheter du Nembutal Pentobarbital en ligne aux co\u00fbts les plus bas possibles.<\/p>\n<p>D\u00e8s que nous recevoir vos donn\u00e9es de commande, nous commencerons le processus de pr\u00e9paration, suivi de la livraison. Les membres de notre \u00e9quipe emballeront vos m\u00e9dicaments en toute s\u00e9curit\u00e9 et vous les livreront rapidement. Vous ne pouvez vous attendre \u00e0 rien de moins que le meilleur de notre part en termes de qualit\u00e9 et de rapidit\u00e9 du Nembutal Pentobarbital.<\/p>\n<p>Que devez-vous acheter lors de l&#8217;achat de Nembutal Pentobarbital\u00a0? Quel est l&#8217;endroit appropri\u00e9 pour l&#8217;acheter\u00a0?<\/p>\n<p>Nembutal Le pentobarbital est un m\u00e9dicament anti\u00e9pileptique efficace qui est g\u00e9n\u00e9ralement utilis\u00e9 en conjonction avec d&#8217;autres m\u00e9dicaments sur ordonnance. Si vous avez un trouble convulsif, ce m\u00e9dicament est parfait pour vous. Vous pouvez vivre votre journ\u00e9e avec une pleine vitalit\u00e9, sans vous soucier de l&#8217;\u00e9pisode de crise. Il a un effet sur de nombreuses zones du cerveau, entra\u00eenant un \u00e9tat de s\u00e9r\u00e9nit\u00e9 dans le corps.<\/p>\n<p>La pharmacie en ligne Nembutal Pentobarbital est le meilleur site pour acheter Nembutal Pentobarbital en ligne au prix le plus bas. Ce m\u00e9dicament est vendu ici dans les meilleures conditions possibles et avec le plus grand soin. Tous nos m\u00e9dicaments sont test\u00e9s en laboratoire et soumis \u00e0 une batterie de tests. Nous avons \u00e9tabli des partenariats avec les principaux fabricants pharmaceutiques mondiaux. Si vous obtenez des m\u00e9dicaments de notre part, il n&#8217;y a pas lieu de s&#8217;inqui\u00e9ter de quoi que ce soit. Vous recevrez sans aucun doute les meilleurs soins possibles pour votre sant\u00e9 !<\/p>\n","protected":false},"excerpt":{"rendered":"<p>De quelles formes posologiques de ph\u00e9nobarbital Nembutal avez-vous besoin\u00a0?<\/p>\n<p>N&#8217;importe qui dans le monde peut acheter du Nembutal en ligne dans une pharmacie en ligne. A tout moment, de n&#8217;importe o\u00f9, contactez-nous. Toutes les questions ou pr\u00e9occupations de nos clients seront trait\u00e9es rapidement par l&#8217;un de nos repr\u00e9sentants du service \u00e0 la client\u00e8le. La qualit\u00e9 de vos m\u00e9dicaments ou le statut de votre livraison ne sont jamais un souci lorsque vous travaillez avec nous. Nembutal Ph\u00e9nobarbital \u00e0 vendre peut \u00eatre achet\u00e9 par t\u00e9l\u00e9phone, e-mail ou SMS. Il est maintenant temps de vous connecter\u00a0!<\/p>\n","protected":false},"featured_media":5832,"comment_status":"open","ping_status":"closed","template":"","meta":[],"product_brand":[],"product_cat":[3818],"product_tag":[],"class_list":{"0":"post-5822","1":"product","2":"type-product","3":"status-publish","4":"has-post-thumbnail","6":"product_cat-pentobarbital-a-vendre","8":"first","9":"instock","10":"shipping-taxable","11":"purchasable","12":"product-type-variable"},"yoast_head":"<!-- This site is optimized with the Yoast SEO plugin v27.3 - https:\/\/yoast.com\/product\/yoast-seo-wordpress\/ -->\n<title>Acheter Nembutal Pentobarbital - Meilleurs m\u00e9dicaments mondiaux<\/title>\n<meta name=\"robots\" content=\"index, follow, max-snippet:-1, max-image-preview:large, max-video-preview:-1\" \/>\n<link rel=\"canonical\" href=\"https:\/\/medicinasinc.com\/fr\/product\/acheter-nembutal-pentobarbital\/\" \/>\n<meta property=\"og:locale\" content=\"en_US\" \/>\n<meta property=\"og:type\" content=\"article\" \/>\n<meta property=\"og:title\" content=\"Acheter Nembutal Pentobarbital - Meilleurs m\u00e9dicaments mondiaux\" \/>\n<meta property=\"og:description\" content=\"De quelles formes posologiques de ph\u00e9nobarbital Nembutal avez-vous besoin\u00a0? N&#039;importe qui dans le monde peut acheter du Nembutal en ligne dans une pharmacie en ligne. A tout moment, de n&#039;importe o\u00f9, contactez-nous. Toutes les questions ou pr\u00e9occupations de nos clients seront trait\u00e9es rapidement par l&#039;un de nos repr\u00e9sentants du service \u00e0 la client\u00e8le. La qualit\u00e9 de vos m\u00e9dicaments ou le statut de votre livraison ne sont jamais un souci lorsque vous travaillez avec nous. Nembutal Ph\u00e9nobarbital \u00e0 vendre peut \u00eatre achet\u00e9 par t\u00e9l\u00e9phone, e-mail ou SMS. Il est maintenant temps de vous connecter\u00a0!\" \/>\n<meta property=\"og:url\" content=\"https:\/\/medicinasinc.com\/fr\/product\/acheter-nembutal-pentobarbital\/\" \/>\n<meta property=\"og:site_name\" content=\"Medicinas Inc\" \/>\n<meta property=\"article:modified_time\" content=\"2022-03-17T11:40:20+00:00\" \/>\n<meta property=\"og:image\" content=\"https:\/\/medicinasinc.com\/fr\/wp-content\/uploads\/sites\/5\/2022\/02\/buy-Nembutal-Pentobarbital-1.jpg\" \/>\n\t<meta property=\"og:image:width\" content=\"600\" \/>\n\t<meta property=\"og:image:height\" content=\"600\" \/>\n\t<meta property=\"og:image:type\" content=\"image\/jpeg\" \/>\n<meta name=\"twitter:card\" content=\"summary_large_image\" \/>\n<meta name=\"twitter:label1\" content=\"Est. reading time\" \/>\n\t<meta name=\"twitter:data1\" content=\"2 minutes\" \/>\n<script type=\"application\/ld+json\" class=\"yoast-schema-graph\">{\"@context\":\"https:\\\/\\\/schema.org\",\"@graph\":[{\"@type\":\"WebPage\",\"@id\":\"https:\\\/\\\/medicinasinc.com\\\/fr\\\/product\\\/acheter-nembutal-pentobarbital\\\/\",\"url\":\"https:\\\/\\\/medicinasinc.com\\\/fr\\\/product\\\/acheter-nembutal-pentobarbital\\\/\",\"name\":\"Acheter Nembutal Pentobarbital - Meilleurs m\u00e9dicaments mondiaux\",\"isPartOf\":{\"@id\":\"https:\\\/\\\/medicinasinc.com\\\/fr\\\/#website\"},\"primaryImageOfPage\":{\"@id\":\"https:\\\/\\\/medicinasinc.com\\\/fr\\\/product\\\/acheter-nembutal-pentobarbital\\\/#primaryimage\"},\"image\":{\"@id\":\"https:\\\/\\\/medicinasinc.com\\\/fr\\\/product\\\/acheter-nembutal-pentobarbital\\\/#primaryimage\"},\"thumbnailUrl\":\"https:\\\/\\\/medicinasinc.com\\\/fr\\\/wp-content\\\/uploads\\\/sites\\\/5\\\/2022\\\/02\\\/buy-Nembutal-Pentobarbital-1.jpg\",\"datePublished\":\"2022-02-22T06:52:56+00:00\",\"dateModified\":\"2022-03-17T11:40:20+00:00\",\"breadcrumb\":{\"@id\":\"https:\\\/\\\/medicinasinc.com\\\/fr\\\/product\\\/acheter-nembutal-pentobarbital\\\/#breadcrumb\"},\"inLanguage\":\"en-US\",\"potentialAction\":[{\"@type\":\"ReadAction\",\"target\":[\"https:\\\/\\\/medicinasinc.com\\\/fr\\\/product\\\/acheter-nembutal-pentobarbital\\\/\"]}]},{\"@type\":\"ImageObject\",\"inLanguage\":\"en-US\",\"@id\":\"https:\\\/\\\/medicinasinc.com\\\/fr\\\/product\\\/acheter-nembutal-pentobarbital\\\/#primaryimage\",\"url\":\"https:\\\/\\\/medicinasinc.com\\\/fr\\\/wp-content\\\/uploads\\\/sites\\\/5\\\/2022\\\/02\\\/buy-Nembutal-Pentobarbital-1.jpg\",\"contentUrl\":\"https:\\\/\\\/medicinasinc.com\\\/fr\\\/wp-content\\\/uploads\\\/sites\\\/5\\\/2022\\\/02\\\/buy-Nembutal-Pentobarbital-1.jpg\",\"width\":600,\"height\":600},{\"@type\":\"BreadcrumbList\",\"@id\":\"https:\\\/\\\/medicinasinc.com\\\/fr\\\/product\\\/acheter-nembutal-pentobarbital\\\/#breadcrumb\",\"itemListElement\":[{\"@type\":\"ListItem\",\"position\":1,\"name\":\"Boutique\",\"item\":\"https:\\\/\\\/medicinasinc.com\\\/fr\\\/boutique\\\/\"},{\"@type\":\"ListItem\",\"position\":2,\"name\":\"Acheter Nembutal Pentobarbital\"}]},{\"@type\":\"WebSite\",\"@id\":\"https:\\\/\\\/medicinasinc.com\\\/fr\\\/#website\",\"url\":\"https:\\\/\\\/medicinasinc.com\\\/fr\\\/\",\"name\":\"Medicinas Inc\",\"description\":\"Health Medical Clinic\",\"potentialAction\":[{\"@type\":\"SearchAction\",\"target\":{\"@type\":\"EntryPoint\",\"urlTemplate\":\"https:\\\/\\\/medicinasinc.com\\\/fr\\\/?s={search_term_string}\"},\"query-input\":{\"@type\":\"PropertyValueSpecification\",\"valueRequired\":true,\"valueName\":\"search_term_string\"}}],\"inLanguage\":\"en-US\"}]}<\/script>\n<!-- \/ Yoast SEO plugin. -->","yoast_head_json":{"title":"Acheter Nembutal Pentobarbital - Meilleurs m\u00e9dicaments mondiaux","robots":{"index":"index","follow":"follow","max-snippet":"max-snippet:-1","max-image-preview":"max-image-preview:large","max-video-preview":"max-video-preview:-1"},"canonical":"https:\/\/medicinasinc.com\/fr\/product\/acheter-nembutal-pentobarbital\/","og_locale":"en_US","og_type":"article","og_title":"Acheter Nembutal Pentobarbital - Meilleurs m\u00e9dicaments mondiaux","og_description":"De quelles formes posologiques de ph\u00e9nobarbital Nembutal avez-vous besoin\u00a0? N'importe qui dans le monde peut acheter du Nembutal en ligne dans une pharmacie en ligne. A tout moment, de n'importe o\u00f9, contactez-nous. Toutes les questions ou pr\u00e9occupations de nos clients seront trait\u00e9es rapidement par l'un de nos repr\u00e9sentants du service \u00e0 la client\u00e8le. La qualit\u00e9 de vos m\u00e9dicaments ou le statut de votre livraison ne sont jamais un souci lorsque vous travaillez avec nous. Nembutal Ph\u00e9nobarbital \u00e0 vendre peut \u00eatre achet\u00e9 par t\u00e9l\u00e9phone, e-mail ou SMS. Il est maintenant temps de vous connecter\u00a0!","og_url":"https:\/\/medicinasinc.com\/fr\/product\/acheter-nembutal-pentobarbital\/","og_site_name":"Medicinas Inc","article_modified_time":"2022-03-17T11:40:20+00:00","og_image":[{"width":600,"height":600,"url":"https:\/\/medicinasinc.com\/fr\/wp-content\/uploads\/sites\/5\/2022\/02\/buy-Nembutal-Pentobarbital-1.jpg","type":"image\/jpeg"}],"twitter_card":"summary_large_image","twitter_misc":{"Est. reading time":"2 minutes"},"schema":{"@context":"https:\/\/schema.org","@graph":[{"@type":"WebPage","@id":"https:\/\/medicinasinc.com\/fr\/product\/acheter-nembutal-pentobarbital\/","url":"https:\/\/medicinasinc.com\/fr\/product\/acheter-nembutal-pentobarbital\/","name":"Acheter Nembutal Pentobarbital - Meilleurs m\u00e9dicaments mondiaux","isPartOf":{"@id":"https:\/\/medicinasinc.com\/fr\/#website"},"primaryImageOfPage":{"@id":"https:\/\/medicinasinc.com\/fr\/product\/acheter-nembutal-pentobarbital\/#primaryimage"},"image":{"@id":"https:\/\/medicinasinc.com\/fr\/product\/acheter-nembutal-pentobarbital\/#primaryimage"},"thumbnailUrl":"https:\/\/medicinasinc.com\/fr\/wp-content\/uploads\/sites\/5\/2022\/02\/buy-Nembutal-Pentobarbital-1.jpg","datePublished":"2022-02-22T06:52:56+00:00","dateModified":"2022-03-17T11:40:20+00:00","breadcrumb":{"@id":"https:\/\/medicinasinc.com\/fr\/product\/acheter-nembutal-pentobarbital\/#breadcrumb"},"inLanguage":"en-US","potentialAction":[{"@type":"ReadAction","target":["https:\/\/medicinasinc.com\/fr\/product\/acheter-nembutal-pentobarbital\/"]}]},{"@type":"ImageObject","inLanguage":"en-US","@id":"https:\/\/medicinasinc.com\/fr\/product\/acheter-nembutal-pentobarbital\/#primaryimage","url":"https:\/\/medicinasinc.com\/fr\/wp-content\/uploads\/sites\/5\/2022\/02\/buy-Nembutal-Pentobarbital-1.jpg","contentUrl":"https:\/\/medicinasinc.com\/fr\/wp-content\/uploads\/sites\/5\/2022\/02\/buy-Nembutal-Pentobarbital-1.jpg","width":600,"height":600},{"@type":"BreadcrumbList","@id":"https:\/\/medicinasinc.com\/fr\/product\/acheter-nembutal-pentobarbital\/#breadcrumb","itemListElement":[{"@type":"ListItem","position":1,"name":"Boutique","item":"https:\/\/medicinasinc.com\/fr\/boutique\/"},{"@type":"ListItem","position":2,"name":"Acheter Nembutal Pentobarbital"}]},{"@type":"WebSite","@id":"https:\/\/medicinasinc.com\/fr\/#website","url":"https:\/\/medicinasinc.com\/fr\/","name":"Medicinas Inc","description":"Health Medical Clinic","potentialAction":[{"@type":"SearchAction","target":{"@type":"EntryPoint","urlTemplate":"https:\/\/medicinasinc.com\/fr\/?s={search_term_string}"},"query-input":{"@type":"PropertyValueSpecification","valueRequired":true,"valueName":"search_term_string"}}],"inLanguage":"en-US"}]}},"_links":{"self":[{"href":"https:\/\/medicinasinc.com\/fr\/wp-json\/wp\/v2\/product\/5822","targetHints":{"allow":["GET"]}}],"collection":[{"href":"https:\/\/medicinasinc.com\/fr\/wp-json\/wp\/v2\/product"}],"about":[{"href":"https:\/\/medicinasinc.com\/fr\/wp-json\/wp\/v2\/types\/product"}],"replies":[{"embeddable":true,"href":"https:\/\/medicinasinc.com\/fr\/wp-json\/wp\/v2\/comments?post=5822"}],"wp:featuredmedia":[{"embeddable":true,"href":"https:\/\/medicinasinc.com\/fr\/wp-json\/wp\/v2\/media\/5832"}],"wp:attachment":[{"href":"https:\/\/medicinasinc.com\/fr\/wp-json\/wp\/v2\/media?parent=5822"}],"wp:term":[{"taxonomy":"product_brand","embeddable":true,"href":"https:\/\/medicinasinc.com\/fr\/wp-json\/wp\/v2\/product_brand?post=5822"},{"taxonomy":"product_cat","embeddable":true,"href":"https:\/\/medicinasinc.com\/fr\/wp-json\/wp\/v2\/product_cat?post=5822"},{"taxonomy":"product_tag","embeddable":true,"href":"https:\/\/medicinasinc.com\/fr\/wp-json\/wp\/v2\/product_tag?post=5822"}],"curies":[{"name":"wp","href":"https:\/\/api.w.org\/{rel}","templated":true}]}}