{"id":5816,"date":"2022-02-22T06:47:51","date_gmt":"2022-02-22T06:47:51","guid":{"rendered":"https:\/\/medicinasinc.com\/fr\/?post_type=product&#038;p=5816"},"modified":"2022-03-17T11:42:44","modified_gmt":"2022-03-17T11:42:44","slug":"acheter-des-pilules-de-nembutal","status":"publish","type":"product","link":"https:\/\/medicinasinc.com\/fr\/product\/acheter-des-pilules-de-nembutal\/","title":{"rendered":"Acheter des pilules Nembutal"},"content":{"rendered":"<p>Pilules Nembutal \u00e0 vendre dans la meilleure pharmacie en ligne \u00e0 bas prix<\/p>\n<p>Vous pouvez maintenant acheter des comprim\u00e9s Nembutal chez Best Global Meds et les utiliser au maximum de leur potentiel pour votre sant\u00e9. Nous prendrons votre commande en compte et nous nous assurerons qu&#8217;elle arrive l\u00e0 o\u00f9 elle est cens\u00e9e aller. Si vous souhaitez acheter des pilules de Nembutal \u00e0 vendre, contactez-nous d\u00e8s aujourd&#8217;hui.<\/p>\n<p>Nous sommes en mesure de fournir des comprim\u00e9s de Nembutal d&#8217;une mani\u00e8re pr\u00e9cise en raison de notre excellente r\u00e9putation dans le secteur. Pour nous assurer que nos clients re\u00e7oivent leurs commandes le plus rapidement possible, nous utilisons un processus d&#8217;exp\u00e9dition simple et rapide. Nous mettons tout en \u0153uvre pour que nos clients n&#8217;aient pas \u00e0 attendre leurs produits.<\/p>\n<p>En tant que pharmacie en ligne professionnelle, nous ne manquons pas de temps lorsqu&#8217;il s&#8217;agit de nous assurer que votre commande arrive \u00e0 temps . Pour s&#8217;assurer que rien n&#8217;est oubli\u00e9, un membre de notre \u00e9quipe surveille tout 24 heures sur 24. Nous voulons que nos consommateurs aient le plus grand soin possible pour leur bien-\u00eatre.<\/p>\n<p>Quel est le but des pilules de Nembutal\u00a0?<\/p>\n<p>Acheter des pilules de Nembutal dans un dispensaire ou une pharmacie locale n&#8217;obtiendra pas vous simplement n&#8217;importe quel vieux m\u00e9dicament. Au niveau du traitement de la privation de sommeil, c&#8217;est un stup\u00e9fiant qui est utilis\u00e9 \u00e0 fortes doses. Les patients des h\u00f4pitaux et des cliniques m\u00e9dicales sont endormis \u00e0 l&#8217;aide de pilules de Nembutal par des m\u00e9decins et des chirurgiens afin de poursuivre le processus. Pour ceux qui ont besoin de Nembutal Pills, vous pouvez contacter Online Nembutal Pharmacy, une pharmacie Internet de premier plan. Ici, vous trouverez le plus grand des meilleurs. Contactez-nous tout de suite\u00a0!<\/p>\n","protected":false},"excerpt":{"rendered":"<p>Comment trouver la meilleure pharmacie en ligne pour acheter des pilules de Nembutal\u00a0?<\/p>\n<p>Acheter du Nembutal [Pilules de notre s\u00e9lection de pilules et d&#8217;injections de pentobarbital sodique, de m\u00e9dicaments barbituriques et de Nembutal \u00e0 vendre pr\u00e8s de chez moi avec un transport s\u00e9curis\u00e9.<\/p>\n<p>Si vous ne savez pas comment vous connecter \u00e0 la meilleure pharmacie en ligne pour acheter des comprim\u00e9s de Nembutal en ligne, Pentobarbital Global Meds est toujours disponible pour vous aider. Nous sommes l\u00e0 pour vous aider \u00e0 acheter des pilules Nembutal en ligne au prix le plus bas possible. Vous pouvez passer votre commande ici et attendre qu&#8217;elle soit compl\u00e9t\u00e9e en temps opportun. Nous ne retarderons pas la livraison d&#8217;une mani\u00e8re inutile. Contactez-nous imm\u00e9diatement\u00a0!<\/p>\n","protected":false},"featured_media":5826,"comment_status":"open","ping_status":"closed","template":"","meta":[],"product_brand":[],"product_cat":[3818],"product_tag":[3825,3871,3837,3839,3864,3858,3859,3860,3868,3915,3857,3863,3862,3861,3865,3832,3867],"class_list":{"0":"post-5816","1":"product","2":"type-product","3":"status-publish","4":"has-post-thumbnail","6":"product_cat-pentobarbital-a-vendre","7":"product_tag-acheter-nembutal-pilules-en-ligne","8":"product_tag-commander-des-pilules-de-nembutal","9":"product_tag-comment-puis-je-commander-des-pilules-de-nembutal","10":"product_tag-comment-puis-je-prendre-nembutal","11":"product_tag-nembutal-pilules-dose","12":"product_tag-nembutal-pills-buy","13":"product_tag-nembutal-pills-buy-australia","14":"product_tag-nembutal-pills-buy-austria","15":"product_tag-nembutal-pills-supplier","16":"product_tag-o-puis-je-acheter-des-pilules-de-nembutal","17":"product_tag-pilules-de-nembutal","18":"product_tag-pilules-nembutal-acheter-france","19":"product_tag-pilules-de-nembutal-acheter-en-ligne","20":"product_tag-nembutal-pilules-achat-europe","21":"product_tag-nembutal-pilules-a-vendre","22":"product_tag-puis-je-commander-nembutal-en-ligne","23":"product_tag-nembutal-pilules-overdose","25":"first","26":"instock","27":"shipping-taxable","28":"purchasable","29":"product-type-variable"},"yoast_head":"<!-- This site is optimized with the Yoast SEO plugin v27.3 - https:\/\/yoast.com\/product\/yoast-seo-wordpress\/ -->\n<title>Acheter des pilules Nembutal - Meilleurs meilleurs m\u00e9dicaments mondiaux<\/title>\n<meta name=\"description\" content=\"Acheter Nembutal [Pilules de nos pilules Pentobarbital Sodium &amp; injections, m\u00e9dicaments Barbituriques et Nembutal \u00e0 vendre pr\u00e8s de chez moi avec envoi s\u00e9curis\u00e9.\" \/>\n<meta name=\"robots\" content=\"index, follow, max-snippet:-1, max-image-preview:large, max-video-preview:-1\" \/>\n<link rel=\"canonical\" href=\"https:\/\/medicinasinc.com\/fr\/product\/acheter-des-pilules-de-nembutal\/\" \/>\n<meta property=\"og:locale\" content=\"en_US\" \/>\n<meta property=\"og:type\" content=\"article\" \/>\n<meta property=\"og:title\" content=\"Acheter des pilules Nembutal - Meilleurs meilleurs m\u00e9dicaments mondiaux\" \/>\n<meta property=\"og:description\" content=\"Acheter Nembutal [Pilules de nos pilules Pentobarbital Sodium &amp; injections, m\u00e9dicaments Barbituriques et Nembutal \u00e0 vendre pr\u00e8s de chez moi avec envoi s\u00e9curis\u00e9.\" \/>\n<meta property=\"og:url\" content=\"https:\/\/medicinasinc.com\/fr\/product\/acheter-des-pilules-de-nembutal\/\" \/>\n<meta property=\"og:site_name\" content=\"Medicinas Inc\" \/>\n<meta property=\"article:modified_time\" content=\"2022-03-17T11:42:44+00:00\" \/>\n<meta property=\"og:image\" content=\"https:\/\/medicinasinc.com\/fr\/wp-content\/uploads\/sites\/5\/2022\/02\/Buy-Nembutal-Pills.jpg\" \/>\n\t<meta property=\"og:image:width\" content=\"600\" \/>\n\t<meta property=\"og:image:height\" content=\"600\" \/>\n\t<meta property=\"og:image:type\" content=\"image\/jpeg\" \/>\n<meta name=\"twitter:card\" content=\"summary_large_image\" \/>\n<meta name=\"twitter:label1\" content=\"Est. reading time\" \/>\n\t<meta name=\"twitter:data1\" content=\"2 minutes\" \/>\n<script type=\"application\/ld+json\" class=\"yoast-schema-graph\">{\"@context\":\"https:\\\/\\\/schema.org\",\"@graph\":[{\"@type\":\"WebPage\",\"@id\":\"https:\\\/\\\/medicinasinc.com\\\/fr\\\/product\\\/acheter-des-pilules-de-nembutal\\\/\",\"url\":\"https:\\\/\\\/medicinasinc.com\\\/fr\\\/product\\\/acheter-des-pilules-de-nembutal\\\/\",\"name\":\"Acheter des pilules Nembutal - Meilleurs meilleurs m\u00e9dicaments mondiaux\",\"isPartOf\":{\"@id\":\"https:\\\/\\\/medicinasinc.com\\\/fr\\\/#website\"},\"primaryImageOfPage\":{\"@id\":\"https:\\\/\\\/medicinasinc.com\\\/fr\\\/product\\\/acheter-des-pilules-de-nembutal\\\/#primaryimage\"},\"image\":{\"@id\":\"https:\\\/\\\/medicinasinc.com\\\/fr\\\/product\\\/acheter-des-pilules-de-nembutal\\\/#primaryimage\"},\"thumbnailUrl\":\"https:\\\/\\\/medicinasinc.com\\\/fr\\\/wp-content\\\/uploads\\\/sites\\\/5\\\/2022\\\/02\\\/Buy-Nembutal-Pills.jpg\",\"datePublished\":\"2022-02-22T06:47:51+00:00\",\"dateModified\":\"2022-03-17T11:42:44+00:00\",\"description\":\"Acheter Nembutal [Pilules de nos pilules Pentobarbital Sodium &amp; injections, m\u00e9dicaments Barbituriques et Nembutal \u00e0 vendre pr\u00e8s de chez moi avec envoi s\u00e9curis\u00e9.\",\"breadcrumb\":{\"@id\":\"https:\\\/\\\/medicinasinc.com\\\/fr\\\/product\\\/acheter-des-pilules-de-nembutal\\\/#breadcrumb\"},\"inLanguage\":\"en-US\",\"potentialAction\":[{\"@type\":\"ReadAction\",\"target\":[\"https:\\\/\\\/medicinasinc.com\\\/fr\\\/product\\\/acheter-des-pilules-de-nembutal\\\/\"]}]},{\"@type\":\"ImageObject\",\"inLanguage\":\"en-US\",\"@id\":\"https:\\\/\\\/medicinasinc.com\\\/fr\\\/product\\\/acheter-des-pilules-de-nembutal\\\/#primaryimage\",\"url\":\"https:\\\/\\\/medicinasinc.com\\\/fr\\\/wp-content\\\/uploads\\\/sites\\\/5\\\/2022\\\/02\\\/Buy-Nembutal-Pills.jpg\",\"contentUrl\":\"https:\\\/\\\/medicinasinc.com\\\/fr\\\/wp-content\\\/uploads\\\/sites\\\/5\\\/2022\\\/02\\\/Buy-Nembutal-Pills.jpg\",\"width\":600,\"height\":600},{\"@type\":\"BreadcrumbList\",\"@id\":\"https:\\\/\\\/medicinasinc.com\\\/fr\\\/product\\\/acheter-des-pilules-de-nembutal\\\/#breadcrumb\",\"itemListElement\":[{\"@type\":\"ListItem\",\"position\":1,\"name\":\"Boutique\",\"item\":\"https:\\\/\\\/medicinasinc.com\\\/fr\\\/boutique\\\/\"},{\"@type\":\"ListItem\",\"position\":2,\"name\":\"Acheter des pilules Nembutal\"}]},{\"@type\":\"WebSite\",\"@id\":\"https:\\\/\\\/medicinasinc.com\\\/fr\\\/#website\",\"url\":\"https:\\\/\\\/medicinasinc.com\\\/fr\\\/\",\"name\":\"Medicinas Inc\",\"description\":\"Health Medical Clinic\",\"potentialAction\":[{\"@type\":\"SearchAction\",\"target\":{\"@type\":\"EntryPoint\",\"urlTemplate\":\"https:\\\/\\\/medicinasinc.com\\\/fr\\\/?s={search_term_string}\"},\"query-input\":{\"@type\":\"PropertyValueSpecification\",\"valueRequired\":true,\"valueName\":\"search_term_string\"}}],\"inLanguage\":\"en-US\"}]}<\/script>\n<!-- \/ Yoast SEO plugin. -->","yoast_head_json":{"title":"Acheter des pilules Nembutal - Meilleurs meilleurs m\u00e9dicaments mondiaux","description":"Acheter Nembutal [Pilules de nos pilules Pentobarbital Sodium &amp; injections, m\u00e9dicaments Barbituriques et Nembutal \u00e0 vendre pr\u00e8s de chez moi avec envoi s\u00e9curis\u00e9.","robots":{"index":"index","follow":"follow","max-snippet":"max-snippet:-1","max-image-preview":"max-image-preview:large","max-video-preview":"max-video-preview:-1"},"canonical":"https:\/\/medicinasinc.com\/fr\/product\/acheter-des-pilules-de-nembutal\/","og_locale":"en_US","og_type":"article","og_title":"Acheter des pilules Nembutal - Meilleurs meilleurs m\u00e9dicaments mondiaux","og_description":"Acheter Nembutal [Pilules de nos pilules Pentobarbital Sodium &amp; injections, m\u00e9dicaments Barbituriques et Nembutal \u00e0 vendre pr\u00e8s de chez moi avec envoi s\u00e9curis\u00e9.","og_url":"https:\/\/medicinasinc.com\/fr\/product\/acheter-des-pilules-de-nembutal\/","og_site_name":"Medicinas Inc","article_modified_time":"2022-03-17T11:42:44+00:00","og_image":[{"width":600,"height":600,"url":"https:\/\/medicinasinc.com\/fr\/wp-content\/uploads\/sites\/5\/2022\/02\/Buy-Nembutal-Pills.jpg","type":"image\/jpeg"}],"twitter_card":"summary_large_image","twitter_misc":{"Est. reading time":"2 minutes"},"schema":{"@context":"https:\/\/schema.org","@graph":[{"@type":"WebPage","@id":"https:\/\/medicinasinc.com\/fr\/product\/acheter-des-pilules-de-nembutal\/","url":"https:\/\/medicinasinc.com\/fr\/product\/acheter-des-pilules-de-nembutal\/","name":"Acheter des pilules Nembutal - Meilleurs meilleurs m\u00e9dicaments mondiaux","isPartOf":{"@id":"https:\/\/medicinasinc.com\/fr\/#website"},"primaryImageOfPage":{"@id":"https:\/\/medicinasinc.com\/fr\/product\/acheter-des-pilules-de-nembutal\/#primaryimage"},"image":{"@id":"https:\/\/medicinasinc.com\/fr\/product\/acheter-des-pilules-de-nembutal\/#primaryimage"},"thumbnailUrl":"https:\/\/medicinasinc.com\/fr\/wp-content\/uploads\/sites\/5\/2022\/02\/Buy-Nembutal-Pills.jpg","datePublished":"2022-02-22T06:47:51+00:00","dateModified":"2022-03-17T11:42:44+00:00","description":"Acheter Nembutal [Pilules de nos pilules Pentobarbital Sodium &amp; injections, m\u00e9dicaments Barbituriques et Nembutal \u00e0 vendre pr\u00e8s de chez moi avec envoi s\u00e9curis\u00e9.","breadcrumb":{"@id":"https:\/\/medicinasinc.com\/fr\/product\/acheter-des-pilules-de-nembutal\/#breadcrumb"},"inLanguage":"en-US","potentialAction":[{"@type":"ReadAction","target":["https:\/\/medicinasinc.com\/fr\/product\/acheter-des-pilules-de-nembutal\/"]}]},{"@type":"ImageObject","inLanguage":"en-US","@id":"https:\/\/medicinasinc.com\/fr\/product\/acheter-des-pilules-de-nembutal\/#primaryimage","url":"https:\/\/medicinasinc.com\/fr\/wp-content\/uploads\/sites\/5\/2022\/02\/Buy-Nembutal-Pills.jpg","contentUrl":"https:\/\/medicinasinc.com\/fr\/wp-content\/uploads\/sites\/5\/2022\/02\/Buy-Nembutal-Pills.jpg","width":600,"height":600},{"@type":"BreadcrumbList","@id":"https:\/\/medicinasinc.com\/fr\/product\/acheter-des-pilules-de-nembutal\/#breadcrumb","itemListElement":[{"@type":"ListItem","position":1,"name":"Boutique","item":"https:\/\/medicinasinc.com\/fr\/boutique\/"},{"@type":"ListItem","position":2,"name":"Acheter des pilules Nembutal"}]},{"@type":"WebSite","@id":"https:\/\/medicinasinc.com\/fr\/#website","url":"https:\/\/medicinasinc.com\/fr\/","name":"Medicinas Inc","description":"Health Medical Clinic","potentialAction":[{"@type":"SearchAction","target":{"@type":"EntryPoint","urlTemplate":"https:\/\/medicinasinc.com\/fr\/?s={search_term_string}"},"query-input":{"@type":"PropertyValueSpecification","valueRequired":true,"valueName":"search_term_string"}}],"inLanguage":"en-US"}]}},"_links":{"self":[{"href":"https:\/\/medicinasinc.com\/fr\/wp-json\/wp\/v2\/product\/5816","targetHints":{"allow":["GET"]}}],"collection":[{"href":"https:\/\/medicinasinc.com\/fr\/wp-json\/wp\/v2\/product"}],"about":[{"href":"https:\/\/medicinasinc.com\/fr\/wp-json\/wp\/v2\/types\/product"}],"replies":[{"embeddable":true,"href":"https:\/\/medicinasinc.com\/fr\/wp-json\/wp\/v2\/comments?post=5816"}],"wp:featuredmedia":[{"embeddable":true,"href":"https:\/\/medicinasinc.com\/fr\/wp-json\/wp\/v2\/media\/5826"}],"wp:attachment":[{"href":"https:\/\/medicinasinc.com\/fr\/wp-json\/wp\/v2\/media?parent=5816"}],"wp:term":[{"taxonomy":"product_brand","embeddable":true,"href":"https:\/\/medicinasinc.com\/fr\/wp-json\/wp\/v2\/product_brand?post=5816"},{"taxonomy":"product_cat","embeddable":true,"href":"https:\/\/medicinasinc.com\/fr\/wp-json\/wp\/v2\/product_cat?post=5816"},{"taxonomy":"product_tag","embeddable":true,"href":"https:\/\/medicinasinc.com\/fr\/wp-json\/wp\/v2\/product_tag?post=5816"}],"curies":[{"name":"wp","href":"https:\/\/api.w.org\/{rel}","templated":true}]}}