{"id":5810,"date":"2022-02-22T06:41:43","date_gmt":"2022-02-22T06:41:43","guid":{"rendered":"https:\/\/medicinasinc.com\/fr\/?post_type=product&#038;p=5810"},"modified":"2022-08-08T14:37:24","modified_gmt":"2022-08-08T14:37:24","slug":"acheter-comprimes-nembutal","status":"publish","type":"product","link":"https:\/\/medicinasinc.com\/fr\/product\/acheter-comprimes-nembutal\/","title":{"rendered":"Acheter des comprim\u00e9s de Nembutal"},"content":{"rendered":"<p>Comprim\u00e9s de Nembutal en vente en ligne aux prix les plus bas de notre pharmacie en ligne r\u00e9put\u00e9e<\/p>\n<p>La plate-forme en ligne a rendu simple et direct l&#8217;achat de comprim\u00e9s de Nembutal pour tout le monde. Si vous souhaitez \u00e9galement acheter des comprim\u00e9s de Nembutal en ligne, connectez-vous avec Online Nembutal Pharmacy. Notre pharmacie est un lieu engag\u00e9, fiable et \u00e9conomique pour r\u00e9pondre \u00e0 vos besoins en Nembutal.<\/p>\n<p>Nous croyons en l&#8217;importance d&#8217;articles de haute qualit\u00e9 et nous nous effor\u00e7ons de les offrir \u00e0 nos clients. Nous r\u00e9pondrons rapidement \u00e0 votre demande d&#8217;achat en ligne de comprim\u00e9s de Nembutal au meilleur prix. Nous ne vous ferons pas attendre ind\u00e9finiment. Notre pharmacie en ligne vous enverra vos produits rapidement. Notre syst\u00e8me de distribution est discret et s\u00e9curis\u00e9. Nous ne laissons aucune place \u00e0 l&#8217;erreur. Toutes les commandes sont ex\u00e9cut\u00e9es de mani\u00e8re experte ici. Achetez imm\u00e9diatement\u00a0!<\/p>\n<p>Comprim\u00e9s de Nembutal &#8211; Renseignez-vous sur ses utilisations s\u00fbres avec l&#8217;aide de notre \u00e9quipe de professionnels<\/p>\n<p>Les comprim\u00e9s de Nembutal sont largement prescrits pour le traitement de l&#8217;insomnie, de la s\u00e9dation et des troubles \u00e9pileptiques. Depuis longtemps, nous fournissons des comprim\u00e9s de Nembutal dans le monde entier. Dans certains cas, les chirurgiens utilisent ce m\u00e9dicament pour endormir les patients avant de les op\u00e9rer. Nous effectuons des tests p\u00e9riodiques sur ces comprim\u00e9s pour garantir leur efficacit\u00e9.<\/p>\n<p>Nous incluons un guide des m\u00e9dicaments avec les comprim\u00e9s de Nembutal. Cela aide nos clients \u00e0 administrer correctement le m\u00e9dicament et \u00e0 comprendre la dose appropri\u00e9e en fonction de leur poids, de leur \u00e2ge et de leur \u00e9tat de sant\u00e9. De plus, nous pensons que les comprim\u00e9s de Nembutal sont le m\u00e9dicament le plus simple et le plus efficace pour les personnes qui ont des difficult\u00e9s \u00e0 dormir.<\/p>\n<p>Nos professionnels sont l\u00e0 24 heures sur 24 pour vous aider \u00e0 comprendre tout ce qui concerne les comprim\u00e9s de Nembutal. Nos comprim\u00e9s de Nembutal sont \u00e0 un prix raisonnable. Cependant, vous n&#8217;avez pas \u00e0 vous soucier du co\u00fbt de ce produit. Commandez vos besoins imm\u00e9diatement\u00a0!<\/p>\n","protected":false},"excerpt":{"rendered":"<p>Comment pouvons-nous vous aider \u00e0 acheter des comprim\u00e9s de Nembutal Ph\u00e9nobarbital \u00e0 vendre au Royaume-Uni, en Europe en ligne\u00a0? La pharmacie en ligne Nembutal est accessible \u00e0 tous dans le monde. Vous pouvez nous joindre \u00e0 tout moment, n&#8217;importe o\u00f9.<\/p>\n<p>\u00c0 la pharmacie en ligne de Nembutal, vous pouvez acheter des comprim\u00e9s de Nembutal et les faire livrer \u00e0 l&#8217;adresse que vous avez indiqu\u00e9e en quelques jours. Les comprim\u00e9s de Nembutal doivent \u00eatre ajout\u00e9s \u00e0 votre panier d&#8217;achat en ligne afin de compl\u00e9ter la transaction. Acc\u00e9dez \u00e0 la section de paiement et payez-le une fois que vous l&#8217;avez ajout\u00e9. Vous pourrez passer votre commande d\u00e8s que vous aurez effectu\u00e9 votre paiement. Nous vous livrerons votre commande d\u00e8s sa r\u00e9ception par notre pharmacie en ligne. Passez votre commande maintenant\u00a0!<\/p>\n","protected":false},"featured_media":5820,"comment_status":"open","ping_status":"closed","template":"","meta":[],"product_brand":[],"product_cat":[3818],"product_tag":[],"class_list":{"0":"post-5810","1":"product","2":"type-product","3":"status-publish","4":"has-post-thumbnail","6":"product_cat-pentobarbital-a-vendre","8":"first","9":"instock","10":"shipping-taxable","11":"purchasable","12":"product-type-variable"},"yoast_head":"<!-- This site is optimized with the Yoast SEO plugin v27.3 - https:\/\/yoast.com\/product\/yoast-seo-wordpress\/ -->\n<title>Acheter des comprim\u00e9s de Nembutal - Meilleurs m\u00e9dicaments mondiaux<\/title>\n<meta name=\"description\" content=\"Comment pouvons-nous vous aider \u00e0 acheter des comprim\u00e9s de Nembutal Ph\u00e9nobarbital \u00e0 vendre au Royaume-Uni, en Europe en ligne\u00a0? La pharmacie en ligne Nembutal est accessible \u00e0 tous dans le monde. Vous pouvez nous joindre \u00e0 tout moment, n&#039;importe o\u00f9.\" \/>\n<meta name=\"robots\" content=\"index, follow, max-snippet:-1, max-image-preview:large, max-video-preview:-1\" \/>\n<link rel=\"canonical\" href=\"https:\/\/medicinasinc.com\/fr\/product\/acheter-comprimes-nembutal\/\" \/>\n<meta property=\"og:locale\" content=\"en_US\" \/>\n<meta property=\"og:type\" content=\"article\" \/>\n<meta property=\"og:title\" content=\"Acheter des comprim\u00e9s de Nembutal - Meilleurs m\u00e9dicaments mondiaux\" \/>\n<meta property=\"og:description\" content=\"Comment pouvons-nous vous aider \u00e0 acheter des comprim\u00e9s de Nembutal Ph\u00e9nobarbital \u00e0 vendre au Royaume-Uni, en Europe en ligne\u00a0? La pharmacie en ligne Nembutal est accessible \u00e0 tous dans le monde. Vous pouvez nous joindre \u00e0 tout moment, n&#039;importe o\u00f9.\" \/>\n<meta property=\"og:url\" content=\"https:\/\/medicinasinc.com\/fr\/product\/acheter-comprimes-nembutal\/\" \/>\n<meta property=\"og:site_name\" content=\"Medicinas Inc\" \/>\n<meta property=\"article:modified_time\" content=\"2022-08-08T14:37:24+00:00\" \/>\n<meta property=\"og:image\" content=\"https:\/\/medicinasinc.com\/fr\/wp-content\/uploads\/sites\/5\/2022\/02\/Buy-Nembutal-Tablets.jpg\" \/>\n\t<meta property=\"og:image:width\" content=\"600\" \/>\n\t<meta property=\"og:image:height\" content=\"600\" \/>\n\t<meta property=\"og:image:type\" content=\"image\/jpeg\" \/>\n<meta name=\"twitter:card\" content=\"summary_large_image\" \/>\n<meta name=\"twitter:label1\" content=\"Est. reading time\" \/>\n\t<meta name=\"twitter:data1\" content=\"2 minutes\" \/>\n<script type=\"application\/ld+json\" class=\"yoast-schema-graph\">{\"@context\":\"https:\\\/\\\/schema.org\",\"@graph\":[{\"@type\":\"WebPage\",\"@id\":\"https:\\\/\\\/medicinasinc.com\\\/fr\\\/product\\\/acheter-comprimes-nembutal\\\/\",\"url\":\"https:\\\/\\\/medicinasinc.com\\\/fr\\\/product\\\/acheter-comprimes-nembutal\\\/\",\"name\":\"Acheter des comprim\u00e9s de Nembutal - Meilleurs m\u00e9dicaments mondiaux\",\"isPartOf\":{\"@id\":\"https:\\\/\\\/medicinasinc.com\\\/fr\\\/#website\"},\"primaryImageOfPage\":{\"@id\":\"https:\\\/\\\/medicinasinc.com\\\/fr\\\/product\\\/acheter-comprimes-nembutal\\\/#primaryimage\"},\"image\":{\"@id\":\"https:\\\/\\\/medicinasinc.com\\\/fr\\\/product\\\/acheter-comprimes-nembutal\\\/#primaryimage\"},\"thumbnailUrl\":\"https:\\\/\\\/medicinasinc.com\\\/fr\\\/wp-content\\\/uploads\\\/sites\\\/5\\\/2022\\\/02\\\/Buy-Nembutal-Tablets.jpg\",\"datePublished\":\"2022-02-22T06:41:43+00:00\",\"dateModified\":\"2022-08-08T14:37:24+00:00\",\"description\":\"Comment pouvons-nous vous aider \u00e0 acheter des comprim\u00e9s de Nembutal Ph\u00e9nobarbital \u00e0 vendre au Royaume-Uni, en Europe en ligne\u00a0? La pharmacie en ligne Nembutal est accessible \u00e0 tous dans le monde. Vous pouvez nous joindre \u00e0 tout moment, n'importe o\u00f9.\",\"breadcrumb\":{\"@id\":\"https:\\\/\\\/medicinasinc.com\\\/fr\\\/product\\\/acheter-comprimes-nembutal\\\/#breadcrumb\"},\"inLanguage\":\"en-US\",\"potentialAction\":[{\"@type\":\"ReadAction\",\"target\":[\"https:\\\/\\\/medicinasinc.com\\\/fr\\\/product\\\/acheter-comprimes-nembutal\\\/\"]}]},{\"@type\":\"ImageObject\",\"inLanguage\":\"en-US\",\"@id\":\"https:\\\/\\\/medicinasinc.com\\\/fr\\\/product\\\/acheter-comprimes-nembutal\\\/#primaryimage\",\"url\":\"https:\\\/\\\/medicinasinc.com\\\/fr\\\/wp-content\\\/uploads\\\/sites\\\/5\\\/2022\\\/02\\\/Buy-Nembutal-Tablets.jpg\",\"contentUrl\":\"https:\\\/\\\/medicinasinc.com\\\/fr\\\/wp-content\\\/uploads\\\/sites\\\/5\\\/2022\\\/02\\\/Buy-Nembutal-Tablets.jpg\",\"width\":600,\"height\":600},{\"@type\":\"BreadcrumbList\",\"@id\":\"https:\\\/\\\/medicinasinc.com\\\/fr\\\/product\\\/acheter-comprimes-nembutal\\\/#breadcrumb\",\"itemListElement\":[{\"@type\":\"ListItem\",\"position\":1,\"name\":\"Boutique\",\"item\":\"https:\\\/\\\/medicinasinc.com\\\/fr\\\/boutique\\\/\"},{\"@type\":\"ListItem\",\"position\":2,\"name\":\"Acheter des comprim\u00e9s de Nembutal\"}]},{\"@type\":\"WebSite\",\"@id\":\"https:\\\/\\\/medicinasinc.com\\\/fr\\\/#website\",\"url\":\"https:\\\/\\\/medicinasinc.com\\\/fr\\\/\",\"name\":\"Medicinas Inc\",\"description\":\"Health Medical Clinic\",\"potentialAction\":[{\"@type\":\"SearchAction\",\"target\":{\"@type\":\"EntryPoint\",\"urlTemplate\":\"https:\\\/\\\/medicinasinc.com\\\/fr\\\/?s={search_term_string}\"},\"query-input\":{\"@type\":\"PropertyValueSpecification\",\"valueRequired\":true,\"valueName\":\"search_term_string\"}}],\"inLanguage\":\"en-US\"}]}<\/script>\n<!-- \/ Yoast SEO plugin. -->","yoast_head_json":{"title":"Acheter des comprim\u00e9s de Nembutal - Meilleurs m\u00e9dicaments mondiaux","description":"Comment pouvons-nous vous aider \u00e0 acheter des comprim\u00e9s de Nembutal Ph\u00e9nobarbital \u00e0 vendre au Royaume-Uni, en Europe en ligne\u00a0? La pharmacie en ligne Nembutal est accessible \u00e0 tous dans le monde. Vous pouvez nous joindre \u00e0 tout moment, n'importe o\u00f9.","robots":{"index":"index","follow":"follow","max-snippet":"max-snippet:-1","max-image-preview":"max-image-preview:large","max-video-preview":"max-video-preview:-1"},"canonical":"https:\/\/medicinasinc.com\/fr\/product\/acheter-comprimes-nembutal\/","og_locale":"en_US","og_type":"article","og_title":"Acheter des comprim\u00e9s de Nembutal - Meilleurs m\u00e9dicaments mondiaux","og_description":"Comment pouvons-nous vous aider \u00e0 acheter des comprim\u00e9s de Nembutal Ph\u00e9nobarbital \u00e0 vendre au Royaume-Uni, en Europe en ligne\u00a0? La pharmacie en ligne Nembutal est accessible \u00e0 tous dans le monde. Vous pouvez nous joindre \u00e0 tout moment, n'importe o\u00f9.","og_url":"https:\/\/medicinasinc.com\/fr\/product\/acheter-comprimes-nembutal\/","og_site_name":"Medicinas Inc","article_modified_time":"2022-08-08T14:37:24+00:00","og_image":[{"width":600,"height":600,"url":"https:\/\/medicinasinc.com\/fr\/wp-content\/uploads\/sites\/5\/2022\/02\/Buy-Nembutal-Tablets.jpg","type":"image\/jpeg"}],"twitter_card":"summary_large_image","twitter_misc":{"Est. reading time":"2 minutes"},"schema":{"@context":"https:\/\/schema.org","@graph":[{"@type":"WebPage","@id":"https:\/\/medicinasinc.com\/fr\/product\/acheter-comprimes-nembutal\/","url":"https:\/\/medicinasinc.com\/fr\/product\/acheter-comprimes-nembutal\/","name":"Acheter des comprim\u00e9s de Nembutal - Meilleurs m\u00e9dicaments mondiaux","isPartOf":{"@id":"https:\/\/medicinasinc.com\/fr\/#website"},"primaryImageOfPage":{"@id":"https:\/\/medicinasinc.com\/fr\/product\/acheter-comprimes-nembutal\/#primaryimage"},"image":{"@id":"https:\/\/medicinasinc.com\/fr\/product\/acheter-comprimes-nembutal\/#primaryimage"},"thumbnailUrl":"https:\/\/medicinasinc.com\/fr\/wp-content\/uploads\/sites\/5\/2022\/02\/Buy-Nembutal-Tablets.jpg","datePublished":"2022-02-22T06:41:43+00:00","dateModified":"2022-08-08T14:37:24+00:00","description":"Comment pouvons-nous vous aider \u00e0 acheter des comprim\u00e9s de Nembutal Ph\u00e9nobarbital \u00e0 vendre au Royaume-Uni, en Europe en ligne\u00a0? La pharmacie en ligne Nembutal est accessible \u00e0 tous dans le monde. Vous pouvez nous joindre \u00e0 tout moment, n'importe o\u00f9.","breadcrumb":{"@id":"https:\/\/medicinasinc.com\/fr\/product\/acheter-comprimes-nembutal\/#breadcrumb"},"inLanguage":"en-US","potentialAction":[{"@type":"ReadAction","target":["https:\/\/medicinasinc.com\/fr\/product\/acheter-comprimes-nembutal\/"]}]},{"@type":"ImageObject","inLanguage":"en-US","@id":"https:\/\/medicinasinc.com\/fr\/product\/acheter-comprimes-nembutal\/#primaryimage","url":"https:\/\/medicinasinc.com\/fr\/wp-content\/uploads\/sites\/5\/2022\/02\/Buy-Nembutal-Tablets.jpg","contentUrl":"https:\/\/medicinasinc.com\/fr\/wp-content\/uploads\/sites\/5\/2022\/02\/Buy-Nembutal-Tablets.jpg","width":600,"height":600},{"@type":"BreadcrumbList","@id":"https:\/\/medicinasinc.com\/fr\/product\/acheter-comprimes-nembutal\/#breadcrumb","itemListElement":[{"@type":"ListItem","position":1,"name":"Boutique","item":"https:\/\/medicinasinc.com\/fr\/boutique\/"},{"@type":"ListItem","position":2,"name":"Acheter des comprim\u00e9s de Nembutal"}]},{"@type":"WebSite","@id":"https:\/\/medicinasinc.com\/fr\/#website","url":"https:\/\/medicinasinc.com\/fr\/","name":"Medicinas Inc","description":"Health Medical Clinic","potentialAction":[{"@type":"SearchAction","target":{"@type":"EntryPoint","urlTemplate":"https:\/\/medicinasinc.com\/fr\/?s={search_term_string}"},"query-input":{"@type":"PropertyValueSpecification","valueRequired":true,"valueName":"search_term_string"}}],"inLanguage":"en-US"}]}},"_links":{"self":[{"href":"https:\/\/medicinasinc.com\/fr\/wp-json\/wp\/v2\/product\/5810","targetHints":{"allow":["GET"]}}],"collection":[{"href":"https:\/\/medicinasinc.com\/fr\/wp-json\/wp\/v2\/product"}],"about":[{"href":"https:\/\/medicinasinc.com\/fr\/wp-json\/wp\/v2\/types\/product"}],"replies":[{"embeddable":true,"href":"https:\/\/medicinasinc.com\/fr\/wp-json\/wp\/v2\/comments?post=5810"}],"wp:featuredmedia":[{"embeddable":true,"href":"https:\/\/medicinasinc.com\/fr\/wp-json\/wp\/v2\/media\/5820"}],"wp:attachment":[{"href":"https:\/\/medicinasinc.com\/fr\/wp-json\/wp\/v2\/media?parent=5810"}],"wp:term":[{"taxonomy":"product_brand","embeddable":true,"href":"https:\/\/medicinasinc.com\/fr\/wp-json\/wp\/v2\/product_brand?post=5810"},{"taxonomy":"product_cat","embeddable":true,"href":"https:\/\/medicinasinc.com\/fr\/wp-json\/wp\/v2\/product_cat?post=5810"},{"taxonomy":"product_tag","embeddable":true,"href":"https:\/\/medicinasinc.com\/fr\/wp-json\/wp\/v2\/product_tag?post=5810"}],"curies":[{"name":"wp","href":"https:\/\/api.w.org\/{rel}","templated":true}]}}