{"id":5804,"date":"2022-02-22T06:35:00","date_gmt":"2022-02-22T06:35:00","guid":{"rendered":"https:\/\/medicinasinc.com\/fr\/?post_type=product&#038;p=5804"},"modified":"2022-03-17T11:43:04","modified_gmt":"2022-03-17T11:43:04","slug":"acheter-pentobarbital-sodique-en-ligne","status":"publish","type":"product","link":"https:\/\/medicinasinc.com\/fr\/product\/acheter-pentobarbital-sodique-en-ligne\/","title":{"rendered":"Acheter du pentobarbital sodique en ligne"},"content":{"rendered":"<p>Achetez du pentobarbital sodique en ligne.<\/p>\n<p>Une injection intraveineuse ou intramusculaire de solution de sodium NEMBUTAL (injection de pentobarbital sodique) est s\u00fbre et facile gr\u00e2ce \u00e0 cette solution st\u00e9rile. Pour l&#8217;injection, chaque millilitre comprend 50 milligrammes de pentobarbital de sodium dissous dans du propyl\u00e8ne glycol \u00e0 40 %, de l&#8217;\u00e9thanol \u00e0 10 % et de l&#8217;eau. Avec de l&#8217;acide chlorhydrique ou de l&#8217;hydroxyde de sodium, le pH peut \u00eatre amen\u00e9 jusqu&#8217;\u00e0 9,5. Il peut \u00eatre inject\u00e9 dans le muscle ou la veine du patient. Achat en ligne de pentobarbital sodique pour l&#8217;euthanasie des animaux, pentobarbital sodique pour l&#8217;euthanasie des animaux, groupe pentobarbital sodique, pentobarbital sodique liquide.<\/p>\n<p>Chez Best Global Meds, vous pouvez d\u00e9sormais acheter du pentobarbital sodique en ligne. Commandez Pentobarbital Sodium Injection en ligne et faites-le livrer \u00e0 votre porte dans les d\u00e9lais impartis.. Veuillez nous contacter imm\u00e9diatement ! Pentobarbital sodique pour l&#8217;euthanasie des animaux, Pentobarbital sodique liquide<\/p>\n<p>Pentobarbital\u00a0: qu&#8217;est-ce que c&#8217;est et comment est-il utilis\u00e9\u00a0?<\/p>\n<p>L&#8217;utilisation \u00e0 court terme du pentobarbital, un barbiturique, est utilis\u00e9e pour traiter l&#8217;insomnie. Pour endormir les patients en vue d&#8217;une intervention chirurgicale, le pentobarbital peut \u00e9galement \u00eatre utilis\u00e9 comme traitement d&#8217;urgence. Achat en ligne de pentobarbital sodique, de pentobarbital sodique pour l&#8217;euthanasie des animaux et de pentobarbital sodique<\/p>\n<p>Le pentobarbital peut provoquer un arr\u00eat respiratoire \u00e0 fortes doses, entra\u00eenant la mort. Certains \u00c9tats et le gouvernement f\u00e9d\u00e9ral des \u00c9tats-Unis l&#8217;emploient pour l&#8217;ex\u00e9cution de criminels, ainsi que pour l&#8217;euthanasie d&#8217;animaux. Achetez du pentobarbital sodique en ligne.<\/p>\n<p>Lorsqu&#8217;il est administr\u00e9 en quantit\u00e9s mortelles, le pentobarbital est mortel. L&#8217;euthanasie animale et humaine peut \u00eatre r\u00e9alis\u00e9e avec ce m\u00e9dicament. Dans les injections commerciales d&#8217;euthanasie animale, il peut \u00eatre utilis\u00e9 seul ou en association avec d&#8217;autres m\u00e9dicaments, tels que la ph\u00e9nyto\u00efne.<\/p>\n<p>Euthanasie au pentobarbital<\/p>\n<p>L&#8217;un des barbituriques les plus couramment utilis\u00e9s pour l&#8217;anesth\u00e9sie et l&#8217;euthanasie dans le domaine v\u00e9t\u00e9rinaire est le pentobarbital (Nembutal). Si vous cherchez \u00e0 mourir paisiblement, c&#8217;est un excellent choix pour l&#8217;euthanasie ou le suicide assist\u00e9. Acheter du pentobarbital sodique en ligne.<\/p>\n<p>Le pentobarbital sodique est administr\u00e9 de quelle mani\u00e8re\u00a0?<br \/> Le pentobarbital est un s\u00e9datif qui peut \u00eatre administr\u00e9 par voie intraveineuse ou intrap\u00e9riton\u00e9ale. Le pentobarbital peut \u00eatre administr\u00e9 en bolus (Borkowski et al., 1990) ou en IRC lorsqu&#8217;il est utilis\u00e9 comme anesth\u00e9sique g\u00e9n\u00e9ral. L&#8217;inconfort li\u00e9 \u00e0 l&#8217;injection et la thrombophl\u00e9bite sont des effets secondaires possibles du propyl\u00e8ne glycol, un ingr\u00e9dient fr\u00e9quent des traitements commerciaux. Acheter du pentobarbital sodique en ligne.<\/p>\n<p>&nbsp;<\/p>\n<p>Acheter du pentobarbital sodique au Royaume-Uni, obtenir du pentobarbital sodique pour chiens, obtenir des somnif\u00e8res contenant du pentobarbital sodique, obtenir du pentobarbital sodique nembutal et obtenir du pentobarbital sodique au comptoir sont toutes les options possibles. L&#8217;achat de pentobarbital sodique au Royaume-Uni est \u00e9galement une option. L&#8217;utilisation du m\u00e9dicament pentobarbital, \u00e9galement connu sous le nom de sel de pentobarbital, est un s\u00e9datif utilis\u00e9 pour traiter les convulsions chez les chiens. Pentobarbital sodique en ligne, Pentobarbital sodique Acheter, Pentobarbital sodique Chine, Pentobarbital sodique mort, Dosage de pentobarbital sodique, Pentobarbital sodique injectable pour chiens, Pentobarbital sodique injectable pour humains, Groupe de pentobarbital sodique, Pentobarbital sodique injectable pour chiens, Pentobarbital sodique injectable pour humains, Pentobarbe<\/p>\n","protected":false},"excerpt":{"rendered":"<p>Nembutal Pentobarbital \u00e0 vendre au Royaume-Uni, en Europe en ligne aux meilleurs prix ne peut \u00eatre trouv\u00e9 qu&#8217;\u00e0 Online Nembutal Pharmacy.<\/p>\n<p>Pour une utilisation intraveineuse ou intramusculaire, l&#8217;injection de pentobarbital sodique est st\u00e9rile. Pour l&#8217;injection, chaque millilitre comprend 50 milligrammes de pentobarbital de sodium dissous dans du propyl\u00e8ne glycol \u00e0 40 %, de l&#8217;\u00e9thanol \u00e0 10 % et de l&#8217;eau. Avec de l&#8217;acide chlorhydrique ou de l&#8217;hydroxyde de sodium, le pH peut \u00eatre amen\u00e9 jusqu&#8217;\u00e0 9,5.<\/p>\n","protected":false},"featured_media":5814,"comment_status":"open","ping_status":"closed","template":"","meta":[],"product_brand":[],"product_cat":[3818],"product_tag":[],"class_list":{"0":"post-5804","1":"product","2":"type-product","3":"status-publish","4":"has-post-thumbnail","6":"product_cat-pentobarbital-a-vendre","8":"first","9":"instock","10":"shipping-taxable","11":"purchasable","12":"product-type-variable"},"yoast_head":"<!-- This site is optimized with the Yoast SEO plugin v27.3 - https:\/\/yoast.com\/product\/yoast-seo-wordpress\/ -->\n<title>Acheter du pentobarbital sodique en ligne - Best Global Meds<\/title>\n<meta name=\"description\" content=\"La pharmacie en ligne Nembutal est la seule destination fiable \u00e0 partir de laquelle vous pouvez acheter Nembutal Pentobarbital \u00e0 vendre au Royaume-Uni, en Europe en ligne aux meilleurs prix disponibles.\" \/>\n<meta name=\"robots\" content=\"index, follow, max-snippet:-1, max-image-preview:large, max-video-preview:-1\" \/>\n<link rel=\"canonical\" href=\"https:\/\/medicinasinc.com\/fr\/product\/acheter-pentobarbital-sodique-en-ligne\/\" \/>\n<meta property=\"og:locale\" content=\"en_US\" \/>\n<meta property=\"og:type\" content=\"article\" \/>\n<meta property=\"og:title\" content=\"Acheter du pentobarbital sodique en ligne - Best Global Meds\" \/>\n<meta property=\"og:description\" content=\"La pharmacie en ligne Nembutal est la seule destination fiable \u00e0 partir de laquelle vous pouvez acheter Nembutal Pentobarbital \u00e0 vendre au Royaume-Uni, en Europe en ligne aux meilleurs prix disponibles.\" \/>\n<meta property=\"og:url\" content=\"https:\/\/medicinasinc.com\/fr\/product\/acheter-pentobarbital-sodique-en-ligne\/\" \/>\n<meta property=\"og:site_name\" content=\"Medicinas Inc\" \/>\n<meta property=\"article:modified_time\" content=\"2022-03-17T11:43:04+00:00\" \/>\n<meta property=\"og:image\" content=\"https:\/\/medicinasinc.com\/fr\/wp-content\/uploads\/sites\/5\/2022\/02\/buy-Nembutal-Pentobarbital.jpg\" \/>\n\t<meta property=\"og:image:width\" content=\"600\" \/>\n\t<meta property=\"og:image:height\" content=\"600\" \/>\n\t<meta property=\"og:image:type\" content=\"image\/jpeg\" \/>\n<meta name=\"twitter:card\" content=\"summary_large_image\" \/>\n<meta name=\"twitter:label1\" content=\"Est. reading time\" \/>\n\t<meta name=\"twitter:data1\" content=\"3 minutes\" \/>\n<script type=\"application\/ld+json\" class=\"yoast-schema-graph\">{\"@context\":\"https:\\\/\\\/schema.org\",\"@graph\":[{\"@type\":\"WebPage\",\"@id\":\"https:\\\/\\\/medicinasinc.com\\\/fr\\\/product\\\/acheter-pentobarbital-sodique-en-ligne\\\/\",\"url\":\"https:\\\/\\\/medicinasinc.com\\\/fr\\\/product\\\/acheter-pentobarbital-sodique-en-ligne\\\/\",\"name\":\"Acheter du pentobarbital sodique en ligne - Best Global Meds\",\"isPartOf\":{\"@id\":\"https:\\\/\\\/medicinasinc.com\\\/fr\\\/#website\"},\"primaryImageOfPage\":{\"@id\":\"https:\\\/\\\/medicinasinc.com\\\/fr\\\/product\\\/acheter-pentobarbital-sodique-en-ligne\\\/#primaryimage\"},\"image\":{\"@id\":\"https:\\\/\\\/medicinasinc.com\\\/fr\\\/product\\\/acheter-pentobarbital-sodique-en-ligne\\\/#primaryimage\"},\"thumbnailUrl\":\"https:\\\/\\\/medicinasinc.com\\\/fr\\\/wp-content\\\/uploads\\\/sites\\\/5\\\/2022\\\/02\\\/buy-Nembutal-Pentobarbital.jpg\",\"datePublished\":\"2022-02-22T06:35:00+00:00\",\"dateModified\":\"2022-03-17T11:43:04+00:00\",\"description\":\"La pharmacie en ligne Nembutal est la seule destination fiable \u00e0 partir de laquelle vous pouvez acheter Nembutal Pentobarbital \u00e0 vendre au Royaume-Uni, en Europe en ligne aux meilleurs prix disponibles.\",\"breadcrumb\":{\"@id\":\"https:\\\/\\\/medicinasinc.com\\\/fr\\\/product\\\/acheter-pentobarbital-sodique-en-ligne\\\/#breadcrumb\"},\"inLanguage\":\"en-US\",\"potentialAction\":[{\"@type\":\"ReadAction\",\"target\":[\"https:\\\/\\\/medicinasinc.com\\\/fr\\\/product\\\/acheter-pentobarbital-sodique-en-ligne\\\/\"]}]},{\"@type\":\"ImageObject\",\"inLanguage\":\"en-US\",\"@id\":\"https:\\\/\\\/medicinasinc.com\\\/fr\\\/product\\\/acheter-pentobarbital-sodique-en-ligne\\\/#primaryimage\",\"url\":\"https:\\\/\\\/medicinasinc.com\\\/fr\\\/wp-content\\\/uploads\\\/sites\\\/5\\\/2022\\\/02\\\/buy-Nembutal-Pentobarbital.jpg\",\"contentUrl\":\"https:\\\/\\\/medicinasinc.com\\\/fr\\\/wp-content\\\/uploads\\\/sites\\\/5\\\/2022\\\/02\\\/buy-Nembutal-Pentobarbital.jpg\",\"width\":600,\"height\":600,\"caption\":\"Buy Nembutal Online\"},{\"@type\":\"BreadcrumbList\",\"@id\":\"https:\\\/\\\/medicinasinc.com\\\/fr\\\/product\\\/acheter-pentobarbital-sodique-en-ligne\\\/#breadcrumb\",\"itemListElement\":[{\"@type\":\"ListItem\",\"position\":1,\"name\":\"Boutique\",\"item\":\"https:\\\/\\\/medicinasinc.com\\\/fr\\\/boutique\\\/\"},{\"@type\":\"ListItem\",\"position\":2,\"name\":\"Acheter du pentobarbital sodique en ligne\"}]},{\"@type\":\"WebSite\",\"@id\":\"https:\\\/\\\/medicinasinc.com\\\/fr\\\/#website\",\"url\":\"https:\\\/\\\/medicinasinc.com\\\/fr\\\/\",\"name\":\"Medicinas Inc\",\"description\":\"Health Medical Clinic\",\"potentialAction\":[{\"@type\":\"SearchAction\",\"target\":{\"@type\":\"EntryPoint\",\"urlTemplate\":\"https:\\\/\\\/medicinasinc.com\\\/fr\\\/?s={search_term_string}\"},\"query-input\":{\"@type\":\"PropertyValueSpecification\",\"valueRequired\":true,\"valueName\":\"search_term_string\"}}],\"inLanguage\":\"en-US\"}]}<\/script>\n<!-- \/ Yoast SEO plugin. -->","yoast_head_json":{"title":"Acheter du pentobarbital sodique en ligne - Best Global Meds","description":"La pharmacie en ligne Nembutal est la seule destination fiable \u00e0 partir de laquelle vous pouvez acheter Nembutal Pentobarbital \u00e0 vendre au Royaume-Uni, en Europe en ligne aux meilleurs prix disponibles.","robots":{"index":"index","follow":"follow","max-snippet":"max-snippet:-1","max-image-preview":"max-image-preview:large","max-video-preview":"max-video-preview:-1"},"canonical":"https:\/\/medicinasinc.com\/fr\/product\/acheter-pentobarbital-sodique-en-ligne\/","og_locale":"en_US","og_type":"article","og_title":"Acheter du pentobarbital sodique en ligne - Best Global Meds","og_description":"La pharmacie en ligne Nembutal est la seule destination fiable \u00e0 partir de laquelle vous pouvez acheter Nembutal Pentobarbital \u00e0 vendre au Royaume-Uni, en Europe en ligne aux meilleurs prix disponibles.","og_url":"https:\/\/medicinasinc.com\/fr\/product\/acheter-pentobarbital-sodique-en-ligne\/","og_site_name":"Medicinas Inc","article_modified_time":"2022-03-17T11:43:04+00:00","og_image":[{"width":600,"height":600,"url":"https:\/\/medicinasinc.com\/fr\/wp-content\/uploads\/sites\/5\/2022\/02\/buy-Nembutal-Pentobarbital.jpg","type":"image\/jpeg"}],"twitter_card":"summary_large_image","twitter_misc":{"Est. reading time":"3 minutes"},"schema":{"@context":"https:\/\/schema.org","@graph":[{"@type":"WebPage","@id":"https:\/\/medicinasinc.com\/fr\/product\/acheter-pentobarbital-sodique-en-ligne\/","url":"https:\/\/medicinasinc.com\/fr\/product\/acheter-pentobarbital-sodique-en-ligne\/","name":"Acheter du pentobarbital sodique en ligne - Best Global Meds","isPartOf":{"@id":"https:\/\/medicinasinc.com\/fr\/#website"},"primaryImageOfPage":{"@id":"https:\/\/medicinasinc.com\/fr\/product\/acheter-pentobarbital-sodique-en-ligne\/#primaryimage"},"image":{"@id":"https:\/\/medicinasinc.com\/fr\/product\/acheter-pentobarbital-sodique-en-ligne\/#primaryimage"},"thumbnailUrl":"https:\/\/medicinasinc.com\/fr\/wp-content\/uploads\/sites\/5\/2022\/02\/buy-Nembutal-Pentobarbital.jpg","datePublished":"2022-02-22T06:35:00+00:00","dateModified":"2022-03-17T11:43:04+00:00","description":"La pharmacie en ligne Nembutal est la seule destination fiable \u00e0 partir de laquelle vous pouvez acheter Nembutal Pentobarbital \u00e0 vendre au Royaume-Uni, en Europe en ligne aux meilleurs prix disponibles.","breadcrumb":{"@id":"https:\/\/medicinasinc.com\/fr\/product\/acheter-pentobarbital-sodique-en-ligne\/#breadcrumb"},"inLanguage":"en-US","potentialAction":[{"@type":"ReadAction","target":["https:\/\/medicinasinc.com\/fr\/product\/acheter-pentobarbital-sodique-en-ligne\/"]}]},{"@type":"ImageObject","inLanguage":"en-US","@id":"https:\/\/medicinasinc.com\/fr\/product\/acheter-pentobarbital-sodique-en-ligne\/#primaryimage","url":"https:\/\/medicinasinc.com\/fr\/wp-content\/uploads\/sites\/5\/2022\/02\/buy-Nembutal-Pentobarbital.jpg","contentUrl":"https:\/\/medicinasinc.com\/fr\/wp-content\/uploads\/sites\/5\/2022\/02\/buy-Nembutal-Pentobarbital.jpg","width":600,"height":600,"caption":"Buy Nembutal Online"},{"@type":"BreadcrumbList","@id":"https:\/\/medicinasinc.com\/fr\/product\/acheter-pentobarbital-sodique-en-ligne\/#breadcrumb","itemListElement":[{"@type":"ListItem","position":1,"name":"Boutique","item":"https:\/\/medicinasinc.com\/fr\/boutique\/"},{"@type":"ListItem","position":2,"name":"Acheter du pentobarbital sodique en ligne"}]},{"@type":"WebSite","@id":"https:\/\/medicinasinc.com\/fr\/#website","url":"https:\/\/medicinasinc.com\/fr\/","name":"Medicinas Inc","description":"Health Medical Clinic","potentialAction":[{"@type":"SearchAction","target":{"@type":"EntryPoint","urlTemplate":"https:\/\/medicinasinc.com\/fr\/?s={search_term_string}"},"query-input":{"@type":"PropertyValueSpecification","valueRequired":true,"valueName":"search_term_string"}}],"inLanguage":"en-US"}]}},"_links":{"self":[{"href":"https:\/\/medicinasinc.com\/fr\/wp-json\/wp\/v2\/product\/5804","targetHints":{"allow":["GET"]}}],"collection":[{"href":"https:\/\/medicinasinc.com\/fr\/wp-json\/wp\/v2\/product"}],"about":[{"href":"https:\/\/medicinasinc.com\/fr\/wp-json\/wp\/v2\/types\/product"}],"replies":[{"embeddable":true,"href":"https:\/\/medicinasinc.com\/fr\/wp-json\/wp\/v2\/comments?post=5804"}],"wp:featuredmedia":[{"embeddable":true,"href":"https:\/\/medicinasinc.com\/fr\/wp-json\/wp\/v2\/media\/5814"}],"wp:attachment":[{"href":"https:\/\/medicinasinc.com\/fr\/wp-json\/wp\/v2\/media?parent=5804"}],"wp:term":[{"taxonomy":"product_brand","embeddable":true,"href":"https:\/\/medicinasinc.com\/fr\/wp-json\/wp\/v2\/product_brand?post=5804"},{"taxonomy":"product_cat","embeddable":true,"href":"https:\/\/medicinasinc.com\/fr\/wp-json\/wp\/v2\/product_cat?post=5804"},{"taxonomy":"product_tag","embeddable":true,"href":"https:\/\/medicinasinc.com\/fr\/wp-json\/wp\/v2\/product_tag?post=5804"}],"curies":[{"name":"wp","href":"https:\/\/api.w.org\/{rel}","templated":true}]}}