{"id":5798,"date":"2022-02-22T06:27:38","date_gmt":"2022-02-22T06:27:38","guid":{"rendered":"https:\/\/medicinasinc.com\/fr\/?post_type=product&#038;p=5798"},"modified":"2022-03-17T11:43:18","modified_gmt":"2022-03-17T11:43:18","slug":"acheter-phenobarbital-phenobarbital-luminal","status":"publish","type":"product","link":"https:\/\/medicinasinc.com\/fr\/product\/acheter-phenobarbital-phenobarbital-luminal\/","title":{"rendered":"Acheter Ph\u00e9nobarbital (Ph\u00e9nobarbital) \/ Luminal"},"content":{"rendered":"<p>Achetez du ph\u00e9nobarbital luminal bon march\u00e9 en ligne aupr\u00e8s d&#8217;une pharmacie r\u00e9put\u00e9e au meilleur prix<\/p>\n<p>Utiliser une pharmacie en ligne comme Nembutal Pharmacy est un moyen pratique pour les consommateurs d&#8217;obtenir leurs ordonnances et leurs m\u00e9dicaments. Le ph\u00e9nobarbital Luminal en ligne peut \u00eatre achet\u00e9 \u00e0 tout moment sur notre site Web, alors ne le manquez pas. Ici, vous pouvez acheter ce m\u00e9dicament \u00e0 un prix raisonnable.<\/p>\n<p>Avec notre pharmacie en ligne, vous pouvez \u00eatre s\u00fbr que vous obtiendrez toujours des m\u00e9dicaments de haute qualit\u00e9. Les clients peuvent s&#8217;attendre \u00e0 ce que leurs ordonnances arrivent \u00e0 temps dans cette pharmacie. Nous ne tol\u00e9rons aucune sorte de lenteur dans notre travail et accomplissons chaque t\u00e2che rapidement. Contactez-nous imm\u00e9diatement pour commander Ph\u00e9nobarbital Luminal en ligne au meilleur prix et faites-vous livrer rapidement si vous recherchez une pharmacie en ligne comme la n\u00f4tre\u00a0!<\/p>\n<p>Ph\u00e9nobarbital Luminal\u00a0: que pouvons-nous faire pour \u00eatre s\u00fbr que vous l&#8217;utilisez\u00a0? En toute s\u00e9curit\u00e9\u00a0?<\/p>\n<p>Le ph\u00e9nobarbital Luminal est un m\u00e9dicament bien \u00e9tabli pour le traitement des crises d&#8217;\u00e9pilepsie. Vous pouvez \u00e9galement prendre ce m\u00e9dicament pour traiter l&#8217;anxi\u00e9t\u00e9, l&#8217;insomnie et d&#8217;autres conditions. Avant de prendre ce m\u00e9dicament, vous devriez consulter votre m\u00e9decin. Le ph\u00e9nobarbital Luminal ne doit \u00eatre commenc\u00e9 qu&#8217;apr\u00e8s une discussion approfondie avec votre m\u00e9decin.<\/p>\n<p>A chaque commande, notre pharmacie en ligne fournit un guide d\u00e9taill\u00e9 des m\u00e9dicaments. Pour cette raison, vous pouvez suivre en toute s\u00e9curit\u00e9 les instructions du m\u00e9dicament et l&#8217;utiliser. Nous sommes l\u00e0 pour vous simplifier au maximum la commande en ligne de Ph\u00e9nobarbital Luminal. Profitez des bienfaits de ce m\u00e9dicament en nous contactant imm\u00e9diatement. Nous sommes l\u00e0 pour vous aider tout le temps.<\/p>\n","protected":false},"excerpt":{"rendered":"<p>Quelle pharmacie en ligne propose le Ph\u00e9nobarbital Luminal le moins cher\u00a0?<\/p>\n<p>Notre pharmacie en ligne vend actuellement des pilules de Ph\u00e9nobarbital Luminal. Les commandes de Ph\u00e9nobarbital Luminal \u00e0 vendre sont trait\u00e9es dans les plus brefs d\u00e9lais. Contactez-nous d\u00e8s aujourd&#8217;hui et nous vous enverrons vos m\u00e9dicaments dans les plus brefs d\u00e9lais. Il est maintenant temps de vous connecter\u00a0!<\/p>\n","protected":false},"featured_media":5808,"comment_status":"open","ping_status":"closed","template":"","meta":[],"product_brand":[],"product_cat":[3818],"product_tag":[3969,3961,3955,3966,3967,3968,3958,3963,3964,3965,3960,3962,3956,3970,3971,3959,3957],"class_list":{"0":"post-5798","1":"product","2":"type-product","3":"status-publish","4":"has-post-thumbnail","6":"product_cat-pentobarbital-a-vendre","7":"product_tag--quoi-est-utilis-le-phnobarbe","8":"product_tag-doses-de-phnobarbital","9":"product_tag-effet-secondaire-des-barbituriques","10":"product_tag-effets-secondaires-du-phnobarbital","11":"product_tag-effets-secondaires-du-phenobarbital-chiens","12":"product_tag-niveau-de-phnobarbital","13":"product_tag-phenobarbital-brand-name","14":"product_tag-phenobarbital-for-dogs-side-effects","15":"product_tag-phenobarbital-level","16":"product_tag-phenobarbital-overdose","17":"product_tag-dosage-du-phnobarbital","18":"product_tag-phnobarbital-pour-chiens-dosage","19":"product_tag-prix-du-phenobarbital-pour-chiens","20":"product_tag-quest-ce-que-le-phenobarbital","21":"product_tag-quest-ce-que-po-en-termes-mdicaux","22":"product_tag-substance-contrle-par-le-phnobarbital","23":"product_tag-surdosage-de-phnobarbe","25":"first","26":"instock","27":"shipping-taxable","28":"purchasable","29":"product-type-variable"},"yoast_head":"<!-- This site is optimized with the Yoast SEO plugin v27.3 - https:\/\/yoast.com\/product\/yoast-seo-wordpress\/ -->\n<title>Acheter Ph\u00e9nobarbital (Ph\u00e9nobarbital) \/ Luminal - Best Global Meds<\/title>\n<meta name=\"description\" content=\"Vous pouvez maintenant acheter des comprim\u00e9s de ph\u00e9nobarbital Luminal \u00e0 la pharmacie en ligne Nembutal. Votre commande \u00e0 Ph\u00e9nobarbital Luminal \u00e0 vendre sera compl\u00e9t\u00e9e dans les plus brefs d\u00e9lais. Tout ce que vous avez \u00e0 faire est de nous appeler, envoyer un SMS ou envoyer un e-mail aujourd&#039;hui et recevoir vos m\u00e9dicaments rapidement. Se connecter maintenant!\" \/>\n<meta name=\"robots\" content=\"index, follow, max-snippet:-1, max-image-preview:large, max-video-preview:-1\" \/>\n<link rel=\"canonical\" href=\"https:\/\/medicinasinc.com\/fr\/product\/acheter-phenobarbital-phenobarbital-luminal\/\" \/>\n<meta property=\"og:locale\" content=\"en_US\" \/>\n<meta property=\"og:type\" content=\"article\" \/>\n<meta property=\"og:title\" content=\"Acheter Ph\u00e9nobarbital (Ph\u00e9nobarbital) \/ Luminal - Best Global Meds\" \/>\n<meta property=\"og:description\" content=\"Vous pouvez maintenant acheter des comprim\u00e9s de ph\u00e9nobarbital Luminal \u00e0 la pharmacie en ligne Nembutal. Votre commande \u00e0 Ph\u00e9nobarbital Luminal \u00e0 vendre sera compl\u00e9t\u00e9e dans les plus brefs d\u00e9lais. Tout ce que vous avez \u00e0 faire est de nous appeler, envoyer un SMS ou envoyer un e-mail aujourd&#039;hui et recevoir vos m\u00e9dicaments rapidement. Se connecter maintenant!\" \/>\n<meta property=\"og:url\" content=\"https:\/\/medicinasinc.com\/fr\/product\/acheter-phenobarbital-phenobarbital-luminal\/\" \/>\n<meta property=\"og:site_name\" content=\"Medicinas Inc\" \/>\n<meta property=\"article:modified_time\" content=\"2022-03-17T11:43:18+00:00\" \/>\n<meta property=\"og:image\" content=\"https:\/\/medicinasinc.com\/fr\/wp-content\/uploads\/sites\/5\/2022\/02\/Buy-Phenobarbital-Tablets.jpg\" \/>\n\t<meta property=\"og:image:width\" content=\"600\" \/>\n\t<meta property=\"og:image:height\" content=\"600\" \/>\n\t<meta property=\"og:image:type\" content=\"image\/jpeg\" \/>\n<meta name=\"twitter:card\" content=\"summary_large_image\" \/>\n<meta name=\"twitter:label1\" content=\"Est. reading time\" \/>\n\t<meta name=\"twitter:data1\" content=\"2 minutes\" \/>\n<script type=\"application\/ld+json\" class=\"yoast-schema-graph\">{\"@context\":\"https:\\\/\\\/schema.org\",\"@graph\":[{\"@type\":\"WebPage\",\"@id\":\"https:\\\/\\\/medicinasinc.com\\\/fr\\\/product\\\/acheter-phenobarbital-phenobarbital-luminal\\\/\",\"url\":\"https:\\\/\\\/medicinasinc.com\\\/fr\\\/product\\\/acheter-phenobarbital-phenobarbital-luminal\\\/\",\"name\":\"Acheter Ph\u00e9nobarbital (Ph\u00e9nobarbital) \\\/ Luminal - Best Global Meds\",\"isPartOf\":{\"@id\":\"https:\\\/\\\/medicinasinc.com\\\/fr\\\/#website\"},\"primaryImageOfPage\":{\"@id\":\"https:\\\/\\\/medicinasinc.com\\\/fr\\\/product\\\/acheter-phenobarbital-phenobarbital-luminal\\\/#primaryimage\"},\"image\":{\"@id\":\"https:\\\/\\\/medicinasinc.com\\\/fr\\\/product\\\/acheter-phenobarbital-phenobarbital-luminal\\\/#primaryimage\"},\"thumbnailUrl\":\"https:\\\/\\\/medicinasinc.com\\\/fr\\\/wp-content\\\/uploads\\\/sites\\\/5\\\/2022\\\/02\\\/Buy-Phenobarbital-Tablets.jpg\",\"datePublished\":\"2022-02-22T06:27:38+00:00\",\"dateModified\":\"2022-03-17T11:43:18+00:00\",\"description\":\"Vous pouvez maintenant acheter des comprim\u00e9s de ph\u00e9nobarbital Luminal \u00e0 la pharmacie en ligne Nembutal. Votre commande \u00e0 Ph\u00e9nobarbital Luminal \u00e0 vendre sera compl\u00e9t\u00e9e dans les plus brefs d\u00e9lais. Tout ce que vous avez \u00e0 faire est de nous appeler, envoyer un SMS ou envoyer un e-mail aujourd'hui et recevoir vos m\u00e9dicaments rapidement. Se connecter maintenant!\",\"breadcrumb\":{\"@id\":\"https:\\\/\\\/medicinasinc.com\\\/fr\\\/product\\\/acheter-phenobarbital-phenobarbital-luminal\\\/#breadcrumb\"},\"inLanguage\":\"en-US\",\"potentialAction\":[{\"@type\":\"ReadAction\",\"target\":[\"https:\\\/\\\/medicinasinc.com\\\/fr\\\/product\\\/acheter-phenobarbital-phenobarbital-luminal\\\/\"]}]},{\"@type\":\"ImageObject\",\"inLanguage\":\"en-US\",\"@id\":\"https:\\\/\\\/medicinasinc.com\\\/fr\\\/product\\\/acheter-phenobarbital-phenobarbital-luminal\\\/#primaryimage\",\"url\":\"https:\\\/\\\/medicinasinc.com\\\/fr\\\/wp-content\\\/uploads\\\/sites\\\/5\\\/2022\\\/02\\\/Buy-Phenobarbital-Tablets.jpg\",\"contentUrl\":\"https:\\\/\\\/medicinasinc.com\\\/fr\\\/wp-content\\\/uploads\\\/sites\\\/5\\\/2022\\\/02\\\/Buy-Phenobarbital-Tablets.jpg\",\"width\":600,\"height\":600},{\"@type\":\"BreadcrumbList\",\"@id\":\"https:\\\/\\\/medicinasinc.com\\\/fr\\\/product\\\/acheter-phenobarbital-phenobarbital-luminal\\\/#breadcrumb\",\"itemListElement\":[{\"@type\":\"ListItem\",\"position\":1,\"name\":\"Boutique\",\"item\":\"https:\\\/\\\/medicinasinc.com\\\/fr\\\/boutique\\\/\"},{\"@type\":\"ListItem\",\"position\":2,\"name\":\"Acheter Ph\u00e9nobarbital (Ph\u00e9nobarbital) \\\/ Luminal\"}]},{\"@type\":\"WebSite\",\"@id\":\"https:\\\/\\\/medicinasinc.com\\\/fr\\\/#website\",\"url\":\"https:\\\/\\\/medicinasinc.com\\\/fr\\\/\",\"name\":\"Medicinas Inc\",\"description\":\"Health Medical Clinic\",\"potentialAction\":[{\"@type\":\"SearchAction\",\"target\":{\"@type\":\"EntryPoint\",\"urlTemplate\":\"https:\\\/\\\/medicinasinc.com\\\/fr\\\/?s={search_term_string}\"},\"query-input\":{\"@type\":\"PropertyValueSpecification\",\"valueRequired\":true,\"valueName\":\"search_term_string\"}}],\"inLanguage\":\"en-US\"}]}<\/script>\n<!-- \/ Yoast SEO plugin. -->","yoast_head_json":{"title":"Acheter Ph\u00e9nobarbital (Ph\u00e9nobarbital) \/ Luminal - Best Global Meds","description":"Vous pouvez maintenant acheter des comprim\u00e9s de ph\u00e9nobarbital Luminal \u00e0 la pharmacie en ligne Nembutal. Votre commande \u00e0 Ph\u00e9nobarbital Luminal \u00e0 vendre sera compl\u00e9t\u00e9e dans les plus brefs d\u00e9lais. Tout ce que vous avez \u00e0 faire est de nous appeler, envoyer un SMS ou envoyer un e-mail aujourd'hui et recevoir vos m\u00e9dicaments rapidement. Se connecter maintenant!","robots":{"index":"index","follow":"follow","max-snippet":"max-snippet:-1","max-image-preview":"max-image-preview:large","max-video-preview":"max-video-preview:-1"},"canonical":"https:\/\/medicinasinc.com\/fr\/product\/acheter-phenobarbital-phenobarbital-luminal\/","og_locale":"en_US","og_type":"article","og_title":"Acheter Ph\u00e9nobarbital (Ph\u00e9nobarbital) \/ Luminal - Best Global Meds","og_description":"Vous pouvez maintenant acheter des comprim\u00e9s de ph\u00e9nobarbital Luminal \u00e0 la pharmacie en ligne Nembutal. Votre commande \u00e0 Ph\u00e9nobarbital Luminal \u00e0 vendre sera compl\u00e9t\u00e9e dans les plus brefs d\u00e9lais. Tout ce que vous avez \u00e0 faire est de nous appeler, envoyer un SMS ou envoyer un e-mail aujourd'hui et recevoir vos m\u00e9dicaments rapidement. Se connecter maintenant!","og_url":"https:\/\/medicinasinc.com\/fr\/product\/acheter-phenobarbital-phenobarbital-luminal\/","og_site_name":"Medicinas Inc","article_modified_time":"2022-03-17T11:43:18+00:00","og_image":[{"width":600,"height":600,"url":"https:\/\/medicinasinc.com\/fr\/wp-content\/uploads\/sites\/5\/2022\/02\/Buy-Phenobarbital-Tablets.jpg","type":"image\/jpeg"}],"twitter_card":"summary_large_image","twitter_misc":{"Est. reading time":"2 minutes"},"schema":{"@context":"https:\/\/schema.org","@graph":[{"@type":"WebPage","@id":"https:\/\/medicinasinc.com\/fr\/product\/acheter-phenobarbital-phenobarbital-luminal\/","url":"https:\/\/medicinasinc.com\/fr\/product\/acheter-phenobarbital-phenobarbital-luminal\/","name":"Acheter Ph\u00e9nobarbital (Ph\u00e9nobarbital) \/ Luminal - Best Global Meds","isPartOf":{"@id":"https:\/\/medicinasinc.com\/fr\/#website"},"primaryImageOfPage":{"@id":"https:\/\/medicinasinc.com\/fr\/product\/acheter-phenobarbital-phenobarbital-luminal\/#primaryimage"},"image":{"@id":"https:\/\/medicinasinc.com\/fr\/product\/acheter-phenobarbital-phenobarbital-luminal\/#primaryimage"},"thumbnailUrl":"https:\/\/medicinasinc.com\/fr\/wp-content\/uploads\/sites\/5\/2022\/02\/Buy-Phenobarbital-Tablets.jpg","datePublished":"2022-02-22T06:27:38+00:00","dateModified":"2022-03-17T11:43:18+00:00","description":"Vous pouvez maintenant acheter des comprim\u00e9s de ph\u00e9nobarbital Luminal \u00e0 la pharmacie en ligne Nembutal. Votre commande \u00e0 Ph\u00e9nobarbital Luminal \u00e0 vendre sera compl\u00e9t\u00e9e dans les plus brefs d\u00e9lais. Tout ce que vous avez \u00e0 faire est de nous appeler, envoyer un SMS ou envoyer un e-mail aujourd'hui et recevoir vos m\u00e9dicaments rapidement. Se connecter maintenant!","breadcrumb":{"@id":"https:\/\/medicinasinc.com\/fr\/product\/acheter-phenobarbital-phenobarbital-luminal\/#breadcrumb"},"inLanguage":"en-US","potentialAction":[{"@type":"ReadAction","target":["https:\/\/medicinasinc.com\/fr\/product\/acheter-phenobarbital-phenobarbital-luminal\/"]}]},{"@type":"ImageObject","inLanguage":"en-US","@id":"https:\/\/medicinasinc.com\/fr\/product\/acheter-phenobarbital-phenobarbital-luminal\/#primaryimage","url":"https:\/\/medicinasinc.com\/fr\/wp-content\/uploads\/sites\/5\/2022\/02\/Buy-Phenobarbital-Tablets.jpg","contentUrl":"https:\/\/medicinasinc.com\/fr\/wp-content\/uploads\/sites\/5\/2022\/02\/Buy-Phenobarbital-Tablets.jpg","width":600,"height":600},{"@type":"BreadcrumbList","@id":"https:\/\/medicinasinc.com\/fr\/product\/acheter-phenobarbital-phenobarbital-luminal\/#breadcrumb","itemListElement":[{"@type":"ListItem","position":1,"name":"Boutique","item":"https:\/\/medicinasinc.com\/fr\/boutique\/"},{"@type":"ListItem","position":2,"name":"Acheter Ph\u00e9nobarbital (Ph\u00e9nobarbital) \/ Luminal"}]},{"@type":"WebSite","@id":"https:\/\/medicinasinc.com\/fr\/#website","url":"https:\/\/medicinasinc.com\/fr\/","name":"Medicinas Inc","description":"Health Medical Clinic","potentialAction":[{"@type":"SearchAction","target":{"@type":"EntryPoint","urlTemplate":"https:\/\/medicinasinc.com\/fr\/?s={search_term_string}"},"query-input":{"@type":"PropertyValueSpecification","valueRequired":true,"valueName":"search_term_string"}}],"inLanguage":"en-US"}]}},"_links":{"self":[{"href":"https:\/\/medicinasinc.com\/fr\/wp-json\/wp\/v2\/product\/5798","targetHints":{"allow":["GET"]}}],"collection":[{"href":"https:\/\/medicinasinc.com\/fr\/wp-json\/wp\/v2\/product"}],"about":[{"href":"https:\/\/medicinasinc.com\/fr\/wp-json\/wp\/v2\/types\/product"}],"replies":[{"embeddable":true,"href":"https:\/\/medicinasinc.com\/fr\/wp-json\/wp\/v2\/comments?post=5798"}],"wp:featuredmedia":[{"embeddable":true,"href":"https:\/\/medicinasinc.com\/fr\/wp-json\/wp\/v2\/media\/5808"}],"wp:attachment":[{"href":"https:\/\/medicinasinc.com\/fr\/wp-json\/wp\/v2\/media?parent=5798"}],"wp:term":[{"taxonomy":"product_brand","embeddable":true,"href":"https:\/\/medicinasinc.com\/fr\/wp-json\/wp\/v2\/product_brand?post=5798"},{"taxonomy":"product_cat","embeddable":true,"href":"https:\/\/medicinasinc.com\/fr\/wp-json\/wp\/v2\/product_cat?post=5798"},{"taxonomy":"product_tag","embeddable":true,"href":"https:\/\/medicinasinc.com\/fr\/wp-json\/wp\/v2\/product_tag?post=5798"}],"curies":[{"name":"wp","href":"https:\/\/api.w.org\/{rel}","templated":true}]}}