{"id":5792,"date":"2022-02-22T06:20:38","date_gmt":"2022-02-22T06:20:38","guid":{"rendered":"https:\/\/medicinasinc.com\/fr\/?post_type=product&#038;p=5792"},"modified":"2022-03-17T11:43:26","modified_gmt":"2022-03-17T11:43:26","slug":"acheter-secondal-sodium","status":"publish","type":"product","link":"https:\/\/medicinasinc.com\/fr\/product\/acheter-secondal-sodium\/","title":{"rendered":"Acheter du sodium secondaire"},"content":{"rendered":"<p>Commandez Seconal Sodium en ligne aupr\u00e8s de la meilleure pharmacie. \u2013<\/p>\n<p>Il est d\u00e9sormais possible d&#8217;acheter du Nembutal en ligne avec Seconal Sodium au moindre co\u00fbt. Dans notre pharmacie en ligne, vous pouvez commander Seconal Sodium et le faire livrer \u00e0 votre porte en quelques jours. Pour recevoir une livraison rapide de votre Seconal Sodium, il vous suffit de passer une commande chez nous et l&#8217;un des membres de notre \u00e9quipe le pr\u00e9parera et l&#8217;emballera pour vous. Puisque nous sommes dans ce secteur depuis si longtemps, nous nous sommes forg\u00e9 une solide r\u00e9putation en tant que pharmacie digne de confiance. En termes d&#8217;acquisition des m\u00e9dicaments de la meilleure qualit\u00e9, vous pouvez compter sur nous pour les livrer \u00e0 temps.<\/p>\n<p>Quels sont les avantages de Seconal Sodium\u00a0? Pourquoi devriez-vous l&#8217;acheter chez nous\u00a0?<\/p>\n<p>Avant l&#8217;op\u00e9ration, Seconal Sodium est utilis\u00e9 pour vous aider \u00e0 vous d\u00e9tendre. Il appartient \u00e0 la classe de m\u00e9dicaments appel\u00e9s hypnotiques barbituriques, qui comprend Seconal. Il vous calme en influen\u00e7ant des sections sp\u00e9cifiques de votre cerveau. Les personnes \u00e2g\u00e9es devraient discuter des avantages et des risques de ce m\u00e9dicament, ainsi que de ceux de m\u00e9dicaments plus puissants mais peut-\u00eatre plus s\u00fbrs, avec leur m\u00e9decin ou un sp\u00e9cialiste des m\u00e9dicaments. Avant de commencer \u00e0 prendre Seconal Sodium et chaque fois que vous recevez une recharge, lisez le Guide des m\u00e9dicaments fourni par notre pharmacie en ligne. Consultez votre m\u00e9decin ou un sp\u00e9cialiste des m\u00e9dicaments si vous avez des questions. Avant la chirurgie, suivez les instructions de votre m\u00e9decin et prenez cette ordonnance par voie orale avec un verre d&#8217;eau \u00e0 jeun.<\/p>\n<p>Une affection pour laquelle Seconal Sodium est utilis\u00e9 exclusivement est celle qui est indiqu\u00e9e ci-dessous\u00a0:<\/p>\n<p>injections anesth\u00e9siques suppl\u00e9mentaires<br \/> agent inducteur d&#8217;anesth\u00e9sie suppl\u00e9mentaire<\/p>\n<p>Notre pharmacie en ligne Nembutal vend et livre le s\u00e9cobarbital de sodium Seconal \u00e0 l&#8217;endroit de votre choix aussi rapidement que possible. La meilleure fa\u00e7on de vous servir est de nous permettre de le faire. Vous pouvez faire confiance \u00e0 notre pharmacie Nembutal en ligne en toute s\u00e9curit\u00e9. Nous sommes constamment l\u00e0 pour aider nos clients importants \u00e0 atteindre leurs objectifs et \u00e0 remplir leurs crit\u00e8res. Veuillez nous contacter d\u00e8s que possible\u00a0!<\/p>\n","protected":false},"excerpt":{"rendered":"<p>Contactez une pharmacie nembutal en ligne pour obtenir de l&#8217;aide<\/p>\n<p>Achetez Seconal Sodium \u00e0 vendre au Royaume-Uni, en Europe et dans le reste du monde au meilleur prix possible en commandant en ligne. Notre pharmacie en ligne Seconal Sodium propose une grande vari\u00e9t\u00e9 de vitamines et de produits pharmaceutiques de haute qualit\u00e9. Pour passer une commande, rendez-vous sur le site Web.<\/p>\n<p>N&#8217;importe qui dans le monde peut acheter du Nembutal en ligne dans une pharmacie en ligne. A tout moment, de n&#8217;importe o\u00f9, contactez-nous. Toutes les questions ou pr\u00e9occupations de nos clients seront trait\u00e9es rapidement par l&#8217;un de nos repr\u00e9sentants du service \u00e0 la client\u00e8le. Nous commen\u00e7ons \u00e0 emballer votre produit d\u00e8s que nous recevons vos donn\u00e9es de commande de votre part. Nous nous assurons que tous nos clients&#8217; les m\u00e9dicaments arrivent dans des emballages s\u00fbrs et appropri\u00e9s, et qu&#8217;aucun d&#8217;entre eux n&#8217;a \u00e9t\u00e9 alt\u00e9r\u00e9. La qualit\u00e9 de vos m\u00e9dicaments ou le statut de votre livraison ne sont jamais un souci lorsque vous travaillez avec nous. Nous sommes ici pour assumer l&#8217;enti\u00e8re responsabilit\u00e9 de tout. D&#8217;ici, vous ne pouvez attendre que le meilleur pour votre bien-\u00eatre. Vous pouvez nous joindre par t\u00e9l\u00e9phone, courriel ou texto. Achetez Seconal Sodium Secobarbital 100 mg de la pharmacie en ligne Nembutal aujourd&#8217;hui et faites-vous livrer dans un court laps de temps.<\/p>\n","protected":false},"featured_media":5802,"comment_status":"open","ping_status":"closed","template":"","meta":[],"product_brand":[],"product_cat":[3818,59],"product_tag":[3821,3830,3827,3823,3952,3820,3824,3826,3828,3829,3822,3878,3950,3841,3948,3840,3842,3901,3907,3869,3911,3910,3885,3887,3889,3844,3843,3819,3881,3845,3949,3923,3925,3926,3954,3922,3919,3920,3918,3916,3927,3874,3875,3908,3876,3906,3879,3880,3893,3890,3892,3883,3884,3909,3900,3886,3891,3896,3897,3902,3903,3951,3866,3894,3882,3895,3835,3834,3831,3904,3898,3953,3888,3899,3913,3921],"class_list":{"0":"post-5792","1":"product","2":"type-product","3":"status-publish","4":"has-post-thumbnail","6":"product_cat-pentobarbital-a-vendre","7":"product_cat-produits-chimiques-de-recherche","8":"product_tag-acheter-nembutal-pas-cher-en-ligne","9":"product_tag-acheter-pentobarbital-sodique-fr","10":"product_tag-acheter-pentobarbital-sodique","11":"product_tag-acheter-nembutal-liquide-en-ligne","12":"product_tag-achat-nembutal-liquide-en-ligne","13":"product_tag-acheter-nembutal-liquide-pas-cher-en-ligne","14":"product_tag-acheter-nembutal-pentobarbital-sodique","15":"product_tag-acheter-nembutal-sodium-en-ligne","16":"product_tag-acheter-pentobarbital-sodique-2021","17":"product_tag-acheter-pentobarbital-sodium-pentobarbital-sodium-sel","18":"product_tag-acheter-nembutal-ici","19":"product_tag-pentobarbital-sodium-anesthsie","20":"product_tag-commander-nembutal-liquide-en-ligne","21":"product_tag-comment-acheter-nembutal-en-ligne","22":"product_tag-comment-acheter-nembutal-liquide-en-ligne","23":"product_tag-comment-acqurir-nembutal","24":"product_tag-comment-commander-nembutal-par-mail","25":"product_tag-comprims-de-pentobarbital-sodique","26":"product_tag-sodium-pentobarbital-cot","27":"product_tag-nembutal-suicide-dose","28":"product_tag-dure-de-conservation-du-pentobarbital-sodique","29":"product_tag-fabricants-de-sodium-pentobarbital","30":"product_tag-groupe-pentobarbital-sodique","31":"product_tag-pentobarbital-sodique-injection-pour-humains","32":"product_tag-pentobarbital-sodique-injection-usp","33":"product_tag-injection-mortelle-acheter-en-ligne","34":"product_tag-it-is-easy-to-buy-nembutal-online","35":"product_tag-meilleur-mdicament-pour-suicide-overdose","36":"product_tag-pentobarbital-sodium-mort","37":"product_tag-nembutal","38":"product_tag-nembutal-liquid-for-sale","39":"product_tag-o-acheter-nembutal-pas-cher-en-ligne","40":"product_tag-o-acheter-le-pentobarbital-sodique","41":"product_tag-o-acheter-le-pentobarbital-sodique-pour-chiens","42":"product_tag-o-acheter-nembutal-liquide-en-ligne","43":"product_tag-o-pouvez-vous-acheter-le-pentobarbital-sodique","44":"product_tag-o-puis-je-acheter-des-somnifres-au-pentobarbital-sodique","45":"product_tag-o-puis-je-acheter-du-pentobarbital-sodique","46":"product_tag-o-puis-je-acheter-le-pentobarbital-sodique","47":"product_tag-o-puis-je-acheter-nembutal-pentobarbital-sodique","48":"product_tag-o-se-procurer-le-pentobarbital-sodique","49":"product_tag-pentobarbital","50":"product_tag-pentobarbital-de-sodium-dose-ltale","51":"product_tag-pentobarbital-sodique-pour-leuthanasie-des-animaux","52":"product_tag-pentobarbital-pour-leuthanasie","53":"product_tag-sodium-pentobarbital-nembutal","54":"product_tag-pentobarbital-sodique-acheter","55":"product_tag-pentobarbital-sodium-chine","56":"product_tag-pentobarbital-sodique-en-vente-libre","57":"product_tag-pentobarbital-sodique-liquide","58":"product_tag-pentobarbital-sodique-oral","59":"product_tag-pentobarbital-sodique-pour-chiens","60":"product_tag-pentobarbital-sodique-pour-humains","61":"product_tag-pentobarbital-sodique-pour-leuthanasie","62":"product_tag-somnifres-au-pentobarbital-sodique-en-vente-libre","63":"product_tag-pentobarbital-sodium-injection-for-dogs","64":"product_tag-pentobarbital-sodium-nz","65":"product_tag-pentobarbital-sodium-prescription","66":"product_tag-pentobarbital-sodium-price","67":"product_tag-pentobarbital-sodium-where-to-buy","68":"product_tag-pentobarbital-use","69":"product_tag-phnobarbital-sodique-intraveineux","70":"product_tag-nembutal-pilules-en-ligne","71":"product_tag-pilules-de-pentobarbital-sodique","72":"product_tag-pentobarbital-sodique-dosage","73":"product_tag-pentobarbital-sodium-poudre","74":"product_tag-pouvez-vous-acheter-du-pentobarbital-sodique","75":"product_tag-pouvez-vous-acheter-du-pentobarbital-sodique-en-vente-libre","76":"product_tag-puis-je-acheter-du-pentobarbital","77":"product_tag-purchase-nembutal-online","78":"product_tag-pentobarbital-sodium-sel","79":"product_tag-sodium","80":"product_tag-pentobarbital-sodium-solution-injectable","81":"product_tag-somnifres-au-pentobarbital-sodique","82":"product_tag-envie-d-acheter-nembutal","83":"product_tag-where-can-i-purchase-nembutal","85":"first","86":"instock","87":"shipping-taxable","88":"purchasable","89":"product-type-variable"},"yoast_head":"<!-- This site is optimized with the Yoast SEO plugin v27.3 - https:\/\/yoast.com\/product\/yoast-seo-wordpress\/ -->\n<title>Acheter Seconal Sodium - Meilleurs meilleurs m\u00e9dicaments mondiaux<\/title>\n<meta name=\"description\" content=\"Acheter Seconal Sodium \u00e0 vendre au Royaume-Uni, en Europe 100 mg en ligne au meilleur prix. Vaste s\u00e9lection de suppl\u00e9ments et de m\u00e9dicaments de haute qualit\u00e9 dans notre pharmacie en ligne Seconal Sodium. Commander en ligne.\" \/>\n<meta name=\"robots\" content=\"index, follow, max-snippet:-1, max-image-preview:large, max-video-preview:-1\" \/>\n<link rel=\"canonical\" href=\"https:\/\/medicinasinc.com\/fr\/product\/acheter-secondal-sodium\/\" \/>\n<meta property=\"og:locale\" content=\"en_US\" \/>\n<meta property=\"og:type\" content=\"article\" \/>\n<meta property=\"og:title\" content=\"Acheter Seconal Sodium - Meilleurs meilleurs m\u00e9dicaments mondiaux\" \/>\n<meta property=\"og:description\" content=\"Acheter Seconal Sodium \u00e0 vendre au Royaume-Uni, en Europe 100 mg en ligne au meilleur prix. Vaste s\u00e9lection de suppl\u00e9ments et de m\u00e9dicaments de haute qualit\u00e9 dans notre pharmacie en ligne Seconal Sodium. Commander en ligne.\" \/>\n<meta property=\"og:url\" content=\"https:\/\/medicinasinc.com\/fr\/product\/acheter-secondal-sodium\/\" \/>\n<meta property=\"og:site_name\" content=\"Medicinas Inc\" \/>\n<meta property=\"article:modified_time\" content=\"2022-03-17T11:43:26+00:00\" \/>\n<meta property=\"og:image\" content=\"https:\/\/medicinasinc.com\/fr\/wp-content\/uploads\/sites\/5\/2022\/02\/Buy-Seconal-Sodium.jpg\" \/>\n\t<meta property=\"og:image:width\" content=\"600\" \/>\n\t<meta property=\"og:image:height\" content=\"600\" \/>\n\t<meta property=\"og:image:type\" content=\"image\/jpeg\" \/>\n<meta name=\"twitter:card\" content=\"summary_large_image\" \/>\n<meta name=\"twitter:label1\" content=\"Est. reading time\" \/>\n\t<meta name=\"twitter:data1\" content=\"2 minutes\" \/>\n<script type=\"application\/ld+json\" class=\"yoast-schema-graph\">{\"@context\":\"https:\\\/\\\/schema.org\",\"@graph\":[{\"@type\":\"WebPage\",\"@id\":\"https:\\\/\\\/medicinasinc.com\\\/fr\\\/product\\\/acheter-secondal-sodium\\\/\",\"url\":\"https:\\\/\\\/medicinasinc.com\\\/fr\\\/product\\\/acheter-secondal-sodium\\\/\",\"name\":\"Acheter Seconal Sodium - Meilleurs meilleurs m\u00e9dicaments mondiaux\",\"isPartOf\":{\"@id\":\"https:\\\/\\\/medicinasinc.com\\\/fr\\\/#website\"},\"primaryImageOfPage\":{\"@id\":\"https:\\\/\\\/medicinasinc.com\\\/fr\\\/product\\\/acheter-secondal-sodium\\\/#primaryimage\"},\"image\":{\"@id\":\"https:\\\/\\\/medicinasinc.com\\\/fr\\\/product\\\/acheter-secondal-sodium\\\/#primaryimage\"},\"thumbnailUrl\":\"https:\\\/\\\/medicinasinc.com\\\/fr\\\/wp-content\\\/uploads\\\/sites\\\/5\\\/2022\\\/02\\\/Buy-Seconal-Sodium.jpg\",\"datePublished\":\"2022-02-22T06:20:38+00:00\",\"dateModified\":\"2022-03-17T11:43:26+00:00\",\"description\":\"Acheter Seconal Sodium \u00e0 vendre au Royaume-Uni, en Europe 100 mg en ligne au meilleur prix. Vaste s\u00e9lection de suppl\u00e9ments et de m\u00e9dicaments de haute qualit\u00e9 dans notre pharmacie en ligne Seconal Sodium. Commander en ligne.\",\"breadcrumb\":{\"@id\":\"https:\\\/\\\/medicinasinc.com\\\/fr\\\/product\\\/acheter-secondal-sodium\\\/#breadcrumb\"},\"inLanguage\":\"en-US\",\"potentialAction\":[{\"@type\":\"ReadAction\",\"target\":[\"https:\\\/\\\/medicinasinc.com\\\/fr\\\/product\\\/acheter-secondal-sodium\\\/\"]}]},{\"@type\":\"ImageObject\",\"inLanguage\":\"en-US\",\"@id\":\"https:\\\/\\\/medicinasinc.com\\\/fr\\\/product\\\/acheter-secondal-sodium\\\/#primaryimage\",\"url\":\"https:\\\/\\\/medicinasinc.com\\\/fr\\\/wp-content\\\/uploads\\\/sites\\\/5\\\/2022\\\/02\\\/Buy-Seconal-Sodium.jpg\",\"contentUrl\":\"https:\\\/\\\/medicinasinc.com\\\/fr\\\/wp-content\\\/uploads\\\/sites\\\/5\\\/2022\\\/02\\\/Buy-Seconal-Sodium.jpg\",\"width\":600,\"height\":600},{\"@type\":\"BreadcrumbList\",\"@id\":\"https:\\\/\\\/medicinasinc.com\\\/fr\\\/product\\\/acheter-secondal-sodium\\\/#breadcrumb\",\"itemListElement\":[{\"@type\":\"ListItem\",\"position\":1,\"name\":\"Boutique\",\"item\":\"https:\\\/\\\/medicinasinc.com\\\/fr\\\/boutique\\\/\"},{\"@type\":\"ListItem\",\"position\":2,\"name\":\"Acheter du sodium secondaire\"}]},{\"@type\":\"WebSite\",\"@id\":\"https:\\\/\\\/medicinasinc.com\\\/fr\\\/#website\",\"url\":\"https:\\\/\\\/medicinasinc.com\\\/fr\\\/\",\"name\":\"Medicinas Inc\",\"description\":\"Health Medical Clinic\",\"potentialAction\":[{\"@type\":\"SearchAction\",\"target\":{\"@type\":\"EntryPoint\",\"urlTemplate\":\"https:\\\/\\\/medicinasinc.com\\\/fr\\\/?s={search_term_string}\"},\"query-input\":{\"@type\":\"PropertyValueSpecification\",\"valueRequired\":true,\"valueName\":\"search_term_string\"}}],\"inLanguage\":\"en-US\"}]}<\/script>\n<!-- \/ Yoast SEO plugin. -->","yoast_head_json":{"title":"Acheter Seconal Sodium - Meilleurs meilleurs m\u00e9dicaments mondiaux","description":"Acheter Seconal Sodium \u00e0 vendre au Royaume-Uni, en Europe 100 mg en ligne au meilleur prix. Vaste s\u00e9lection de suppl\u00e9ments et de m\u00e9dicaments de haute qualit\u00e9 dans notre pharmacie en ligne Seconal Sodium. Commander en ligne.","robots":{"index":"index","follow":"follow","max-snippet":"max-snippet:-1","max-image-preview":"max-image-preview:large","max-video-preview":"max-video-preview:-1"},"canonical":"https:\/\/medicinasinc.com\/fr\/product\/acheter-secondal-sodium\/","og_locale":"en_US","og_type":"article","og_title":"Acheter Seconal Sodium - Meilleurs meilleurs m\u00e9dicaments mondiaux","og_description":"Acheter Seconal Sodium \u00e0 vendre au Royaume-Uni, en Europe 100 mg en ligne au meilleur prix. Vaste s\u00e9lection de suppl\u00e9ments et de m\u00e9dicaments de haute qualit\u00e9 dans notre pharmacie en ligne Seconal Sodium. Commander en ligne.","og_url":"https:\/\/medicinasinc.com\/fr\/product\/acheter-secondal-sodium\/","og_site_name":"Medicinas Inc","article_modified_time":"2022-03-17T11:43:26+00:00","og_image":[{"width":600,"height":600,"url":"https:\/\/medicinasinc.com\/fr\/wp-content\/uploads\/sites\/5\/2022\/02\/Buy-Seconal-Sodium.jpg","type":"image\/jpeg"}],"twitter_card":"summary_large_image","twitter_misc":{"Est. reading time":"2 minutes"},"schema":{"@context":"https:\/\/schema.org","@graph":[{"@type":"WebPage","@id":"https:\/\/medicinasinc.com\/fr\/product\/acheter-secondal-sodium\/","url":"https:\/\/medicinasinc.com\/fr\/product\/acheter-secondal-sodium\/","name":"Acheter Seconal Sodium - Meilleurs meilleurs m\u00e9dicaments mondiaux","isPartOf":{"@id":"https:\/\/medicinasinc.com\/fr\/#website"},"primaryImageOfPage":{"@id":"https:\/\/medicinasinc.com\/fr\/product\/acheter-secondal-sodium\/#primaryimage"},"image":{"@id":"https:\/\/medicinasinc.com\/fr\/product\/acheter-secondal-sodium\/#primaryimage"},"thumbnailUrl":"https:\/\/medicinasinc.com\/fr\/wp-content\/uploads\/sites\/5\/2022\/02\/Buy-Seconal-Sodium.jpg","datePublished":"2022-02-22T06:20:38+00:00","dateModified":"2022-03-17T11:43:26+00:00","description":"Acheter Seconal Sodium \u00e0 vendre au Royaume-Uni, en Europe 100 mg en ligne au meilleur prix. Vaste s\u00e9lection de suppl\u00e9ments et de m\u00e9dicaments de haute qualit\u00e9 dans notre pharmacie en ligne Seconal Sodium. Commander en ligne.","breadcrumb":{"@id":"https:\/\/medicinasinc.com\/fr\/product\/acheter-secondal-sodium\/#breadcrumb"},"inLanguage":"en-US","potentialAction":[{"@type":"ReadAction","target":["https:\/\/medicinasinc.com\/fr\/product\/acheter-secondal-sodium\/"]}]},{"@type":"ImageObject","inLanguage":"en-US","@id":"https:\/\/medicinasinc.com\/fr\/product\/acheter-secondal-sodium\/#primaryimage","url":"https:\/\/medicinasinc.com\/fr\/wp-content\/uploads\/sites\/5\/2022\/02\/Buy-Seconal-Sodium.jpg","contentUrl":"https:\/\/medicinasinc.com\/fr\/wp-content\/uploads\/sites\/5\/2022\/02\/Buy-Seconal-Sodium.jpg","width":600,"height":600},{"@type":"BreadcrumbList","@id":"https:\/\/medicinasinc.com\/fr\/product\/acheter-secondal-sodium\/#breadcrumb","itemListElement":[{"@type":"ListItem","position":1,"name":"Boutique","item":"https:\/\/medicinasinc.com\/fr\/boutique\/"},{"@type":"ListItem","position":2,"name":"Acheter du sodium secondaire"}]},{"@type":"WebSite","@id":"https:\/\/medicinasinc.com\/fr\/#website","url":"https:\/\/medicinasinc.com\/fr\/","name":"Medicinas Inc","description":"Health Medical Clinic","potentialAction":[{"@type":"SearchAction","target":{"@type":"EntryPoint","urlTemplate":"https:\/\/medicinasinc.com\/fr\/?s={search_term_string}"},"query-input":{"@type":"PropertyValueSpecification","valueRequired":true,"valueName":"search_term_string"}}],"inLanguage":"en-US"}]}},"_links":{"self":[{"href":"https:\/\/medicinasinc.com\/fr\/wp-json\/wp\/v2\/product\/5792","targetHints":{"allow":["GET"]}}],"collection":[{"href":"https:\/\/medicinasinc.com\/fr\/wp-json\/wp\/v2\/product"}],"about":[{"href":"https:\/\/medicinasinc.com\/fr\/wp-json\/wp\/v2\/types\/product"}],"replies":[{"embeddable":true,"href":"https:\/\/medicinasinc.com\/fr\/wp-json\/wp\/v2\/comments?post=5792"}],"wp:featuredmedia":[{"embeddable":true,"href":"https:\/\/medicinasinc.com\/fr\/wp-json\/wp\/v2\/media\/5802"}],"wp:attachment":[{"href":"https:\/\/medicinasinc.com\/fr\/wp-json\/wp\/v2\/media?parent=5792"}],"wp:term":[{"taxonomy":"product_brand","embeddable":true,"href":"https:\/\/medicinasinc.com\/fr\/wp-json\/wp\/v2\/product_brand?post=5792"},{"taxonomy":"product_cat","embeddable":true,"href":"https:\/\/medicinasinc.com\/fr\/wp-json\/wp\/v2\/product_cat?post=5792"},{"taxonomy":"product_tag","embeddable":true,"href":"https:\/\/medicinasinc.com\/fr\/wp-json\/wp\/v2\/product_tag?post=5792"}],"curies":[{"name":"wp","href":"https:\/\/api.w.org\/{rel}","templated":true}]}}