{"id":5785,"date":"2022-02-22T06:12:06","date_gmt":"2022-02-22T06:12:06","guid":{"rendered":"https:\/\/medicinasinc.com\/fr\/?post_type=product&#038;p=5785"},"modified":"2022-08-05T10:51:56","modified_gmt":"2022-08-05T10:51:56","slug":"acheter-nembutal-pentobarbital-sodique","status":"publish","type":"product","link":"https:\/\/medicinasinc.com\/fr\/product\/acheter-nembutal-pentobarbital-sodique\/","title":{"rendered":"Acheter Nembutal Pentobarbital Sodique"},"content":{"rendered":"<p>Best Global Med offre le meilleur prix et la meilleure qualit\u00e9 sur Nembutal Pentobarbital Sodium \u00e0 vendre. Faites une demande en ligne sur notre site Web.<\/p>\n<p>Il y a plusieurs raisons pour lesquelles les gens choisissent Nembutal Pentobarbital pour une utilisation orale, mais l&#8217;une des plus courantes est la forme liquide.<\/p>\n<p>Une forme liquide de Nembutal Le ph\u00e9nobarbital (\u00e9galement connu sous le nom de Nembutal) est un m\u00e9dicament barbiturique. Bien qu&#8217;il soit largement utilis\u00e9 comme aide au sommeil dans les ann\u00e9es 1940 et 1950, l&#8217;envo\u00fbtement \u00e9tait \u00e9galement utilis\u00e9 comme une forme de m\u00e9dicament anti-anxi\u00e9t\u00e9 (par exemple un narcotique). Une surdose de Nembutal est bien plus mortelle qu&#8217;elle ne l&#8217;est avec les somnif\u00e8res d&#8217;aujourd&#8217;hui. C&#8217;est l&#8217;un des meilleurs m\u00e9dicaments pour le suicide assist\u00e9 parce qu&#8217;il est solide et silencieux. Le Nembutal est utilis\u00e9 par des organisations d&#8217;extermination d\u00e9lib\u00e9r\u00e9e aux \u00c9tats-Unis (Oregon Death With Dignity Act), en Suisse (Dignitas) et aux Pays-Bas.<\/p>\n<p>Le Nembutal a \u00e9t\u00e9 retir\u00e9 du march\u00e9 car il \u00e9tait si facile d&#8217;en faire une surdose (qu&#8217;elle soit accidentelle ou planifi\u00e9e), elle a donc \u00e9t\u00e9 remplac\u00e9e par des somnif\u00e8res plus s\u00fbrs. Pour l&#8217;ann\u00e9e 1998, le Nembutal a \u00e9t\u00e9 retir\u00e9 de la liste des m\u00e9dicaments recommand\u00e9s par le gouvernement australien. Le Nembutal, d&#8217;autre part, est toujours utilis\u00e9 par les v\u00e9t\u00e9rinaires pour mettre fin \u00e0 la vie d&#8217;animaux plus gros. De nombreuses personnes ont pu obtenir du Nembutal v\u00e9t\u00e9rinaire afin de mettre fin \u00e0 leurs jours. Marilyn Monroe, la l\u00e9gendaire actrice et chanteuse am\u00e9ricaine, s&#8217;est apparemment suicid\u00e9e avec une dose mortelle de Nembutal.<\/p>\n<p>Lorsque le Dr John S. Lundy a commenc\u00e9 \u00e0 utiliser l&#8217;\u00e9quation du sel de sodium\u2014Na (sodium) + \u00e9thyle + m\u00e9thyle + butyl + al &#8211; en 1930, il re\u00e7ut le nom de marque &#8220;Nembutal&#8221; (suffixe normal pour les barbituriques). Au Danemark, Lundbeck d\u00e9tient la marque et fabrique le Nembutal.<\/p>\n<p>Les barbituriques \u00e0 courte dur\u00e9e d&#8217;action comprennent le ph\u00e9nobarbital (anglais am\u00e9ricain) et le pentobarbital (anglais britannique). En ce qui concerne le ph\u00e9nobarbital, il se pr\u00e9sente sous diverses formes, notamment des corrosifs libres et des sels de divers constituants, tels que le sodium et le calcium. Dans l&#8217;eau et l&#8217;\u00e9thanol, le corrosif libre n&#8217;est que l\u00e9g\u00e8rement soluble. Nembutal est l&#8217;un des noms de marque du m\u00e9dicament.<\/p>\n<p>La formule chimique du C11H18N2O3 est la suivante\u00a0:<\/p>\n<p>Le foie est impliqu\u00e9 dans les processus m\u00e9taboliques.<\/p>\n<p>Demi-vie de compos\u00e9s organiques : 15 \u00e0 48 heures. Liquide en poudre, pilules<\/p>\n","protected":false},"excerpt":{"rendered":"<p>Achetez Nembutal Pentobarbital Sodium en ligne dans notre boutique medicinasinc.com et faites-le livrer rapidement \u00e0 votre porte ! Vous trouverez le meilleur endroit pour acheter du Nembutal en ligne ici !<\/p>\n<p>Vous pouvez acheter du Nembutal en ligne aupr\u00e8s de Best Global Meds, qui livre \u00e0 votre porte. Le Nembutal sans ordonnance est disponible ici aux prix les plus bas.<\/p>\n<p>Comme les surdoses de Nembutal \u00e9taient si courantes, le m\u00e9dicament a \u00e9t\u00e9 retir\u00e9 du march\u00e9 et remplac\u00e9 par des somnif\u00e8res plus s\u00fbrs. Les Australiens n&#8217;\u00e9taient plus autoris\u00e9s \u00e0 recommander le Nembutal comme option de traitement en 1998. Quoi qu&#8217;il en soit, les anciens combattants continuent de prendre du Nembutal.<\/p>\n","protected":false},"featured_media":5796,"comment_status":"open","ping_status":"closed","template":"","meta":[],"product_brand":[],"product_cat":[3818],"product_tag":[3821,3830,3827,3952,3820,3824,3826,3828,3829,3822,3878,3950,3841,3948,3840,3842,3901,3907,3869,3911,3910,3885,3887,3889,3844,3843,3819,3881,3845,3949,3923,3925,3926,3954,3922,3919,3918,3916,3927,3874,3875,3908,3876,3906,3879,3880,3893,3890,3892,3883,3884,3909,3900,3886,3891,3896,3897,3902,3903,3951,3857,3894,3882,3895,3835,3834,3831,3904,3898,3953,3888,3899,3913,3921],"class_list":{"0":"post-5785","1":"product","2":"type-product","3":"status-publish","4":"has-post-thumbnail","6":"product_cat-pentobarbital-a-vendre","7":"product_tag-acheter-nembutal-pas-cher-en-ligne","8":"product_tag-acheter-pentobarbital-sodique-fr","9":"product_tag-acheter-pentobarbital-sodique","10":"product_tag-achat-nembutal-liquide-en-ligne","11":"product_tag-acheter-nembutal-liquide-pas-cher-en-ligne","12":"product_tag-acheter-nembutal-pentobarbital-sodique","13":"product_tag-acheter-nembutal-sodium-en-ligne","14":"product_tag-acheter-pentobarbital-sodique-2021","15":"product_tag-acheter-pentobarbital-sodium-pentobarbital-sodium-sel","16":"product_tag-acheter-nembutal-ici","17":"product_tag-pentobarbital-sodium-anesthsie","18":"product_tag-commander-nembutal-liquide-en-ligne","19":"product_tag-comment-acheter-nembutal-en-ligne","20":"product_tag-comment-acheter-nembutal-liquide-en-ligne","21":"product_tag-comment-acqurir-nembutal","22":"product_tag-comment-commander-nembutal-par-mail","23":"product_tag-comprims-de-pentobarbital-sodique","24":"product_tag-sodium-pentobarbital-cot","25":"product_tag-nembutal-suicide-dose","26":"product_tag-dure-de-conservation-du-pentobarbital-sodique","27":"product_tag-fabricants-de-sodium-pentobarbital","28":"product_tag-groupe-pentobarbital-sodique","29":"product_tag-pentobarbital-sodique-injection-pour-humains","30":"product_tag-pentobarbital-sodique-injection-usp","31":"product_tag-injection-mortelle-acheter-en-ligne","32":"product_tag-it-is-easy-to-buy-nembutal-online","33":"product_tag-meilleur-mdicament-pour-suicide-overdose","34":"product_tag-pentobarbital-sodium-mort","35":"product_tag-nembutal","36":"product_tag-nembutal-liquid-for-sale","37":"product_tag-o-acheter-nembutal-pas-cher-en-ligne","38":"product_tag-o-acheter-le-pentobarbital-sodique","39":"product_tag-o-acheter-le-pentobarbital-sodique-pour-chiens","40":"product_tag-o-acheter-nembutal-liquide-en-ligne","41":"product_tag-o-pouvez-vous-acheter-le-pentobarbital-sodique","42":"product_tag-o-puis-je-acheter-des-somnifres-au-pentobarbital-sodique","43":"product_tag-o-puis-je-acheter-le-pentobarbital-sodique","44":"product_tag-o-puis-je-acheter-nembutal-pentobarbital-sodique","45":"product_tag-o-se-procurer-le-pentobarbital-sodique","46":"product_tag-pentobarbital","47":"product_tag-pentobarbital-de-sodium-dose-ltale","48":"product_tag-pentobarbital-sodique-pour-leuthanasie-des-animaux","49":"product_tag-pentobarbital-pour-leuthanasie","50":"product_tag-sodium-pentobarbital-nembutal","51":"product_tag-pentobarbital-sodique-acheter","52":"product_tag-pentobarbital-sodium-chine","53":"product_tag-pentobarbital-sodique-en-vente-libre","54":"product_tag-pentobarbital-sodique-liquide","55":"product_tag-pentobarbital-sodique-oral","56":"product_tag-pentobarbital-sodique-pour-chiens","57":"product_tag-pentobarbital-sodique-pour-humains","58":"product_tag-pentobarbital-sodique-pour-leuthanasie","59":"product_tag-somnifres-au-pentobarbital-sodique-en-vente-libre","60":"product_tag-pentobarbital-sodium-injection-for-dogs","61":"product_tag-pentobarbital-sodium-nz","62":"product_tag-pentobarbital-sodium-prescription","63":"product_tag-pentobarbital-sodium-price","64":"product_tag-pentobarbital-sodium-where-to-buy","65":"product_tag-pentobarbital-use","66":"product_tag-phnobarbital-sodique-intraveineux","67":"product_tag-pilules-de-nembutal","68":"product_tag-pilules-de-pentobarbital-sodique","69":"product_tag-pentobarbital-sodique-dosage","70":"product_tag-pentobarbital-sodium-poudre","71":"product_tag-pouvez-vous-acheter-du-pentobarbital-sodique","72":"product_tag-pouvez-vous-acheter-du-pentobarbital-sodique-en-vente-libre","73":"product_tag-puis-je-acheter-du-pentobarbital","74":"product_tag-purchase-nembutal-online","75":"product_tag-pentobarbital-sodium-sel","76":"product_tag-sodium","77":"product_tag-pentobarbital-sodium-solution-injectable","78":"product_tag-somnifres-au-pentobarbital-sodique","79":"product_tag-envie-d-acheter-nembutal","80":"product_tag-where-can-i-purchase-nembutal","82":"first","83":"instock","84":"shipping-taxable","85":"purchasable","86":"product-type-variable"},"yoast_head":"<!-- This site is optimized with the Yoast SEO plugin v27.2 - https:\/\/yoast.com\/product\/yoast-seo-wordpress\/ -->\n<title>Acheter Nembutal Pentobarbital Sodium - Best Global Meds<\/title>\n<meta name=\"description\" content=\"Achetez Nembutal Pentobarbital Sodium Royaume-Uni, Europe, Asie, Chine dans notre boutique en ligne medicinasinc.com avec une livraison rapide dans le monde entier ! Le meilleur Nembutal pour commander, vous trouverez ici !\" \/>\n<meta name=\"robots\" content=\"index, follow, max-snippet:-1, max-image-preview:large, max-video-preview:-1\" \/>\n<link rel=\"canonical\" href=\"https:\/\/medicinasinc.com\/fr\/product\/acheter-nembutal-pentobarbital-sodique\/\" \/>\n<meta property=\"og:locale\" content=\"en_US\" \/>\n<meta property=\"og:type\" content=\"article\" \/>\n<meta property=\"og:title\" content=\"Acheter Nembutal Pentobarbital Sodium - Best Global Meds\" \/>\n<meta property=\"og:description\" content=\"Achetez Nembutal Pentobarbital Sodium Royaume-Uni, Europe, Asie, Chine dans notre boutique en ligne medicinasinc.com avec une livraison rapide dans le monde entier ! Le meilleur Nembutal pour commander, vous trouverez ici !\" \/>\n<meta property=\"og:url\" content=\"https:\/\/medicinasinc.com\/fr\/product\/acheter-nembutal-pentobarbital-sodique\/\" \/>\n<meta property=\"og:site_name\" content=\"Medicinas Inc\" \/>\n<meta property=\"article:modified_time\" content=\"2022-08-05T10:51:56+00:00\" \/>\n<meta property=\"og:image\" content=\"https:\/\/medicinasinc.com\/fr\/wp-content\/uploads\/sites\/5\/2022\/02\/Buy-Pentobarbital-Sodium-1.jpg\" \/>\n\t<meta property=\"og:image:width\" content=\"356\" \/>\n\t<meta property=\"og:image:height\" content=\"540\" \/>\n\t<meta property=\"og:image:type\" content=\"image\/jpeg\" \/>\n<meta name=\"twitter:card\" content=\"summary_large_image\" \/>\n<meta name=\"twitter:label1\" content=\"Est. reading time\" \/>\n\t<meta name=\"twitter:data1\" content=\"2 minutes\" \/>\n<script type=\"application\/ld+json\" class=\"yoast-schema-graph\">{\"@context\":\"https:\/\/schema.org\",\"@graph\":[{\"@type\":\"WebPage\",\"@id\":\"https:\/\/medicinasinc.com\/fr\/product\/acheter-nembutal-pentobarbital-sodique\/\",\"url\":\"https:\/\/medicinasinc.com\/fr\/product\/acheter-nembutal-pentobarbital-sodique\/\",\"name\":\"Acheter Nembutal Pentobarbital Sodium - Best Global Meds\",\"isPartOf\":{\"@id\":\"https:\/\/medicinasinc.com\/fr\/#website\"},\"primaryImageOfPage\":{\"@id\":\"https:\/\/medicinasinc.com\/fr\/product\/acheter-nembutal-pentobarbital-sodique\/#primaryimage\"},\"image\":{\"@id\":\"https:\/\/medicinasinc.com\/fr\/product\/acheter-nembutal-pentobarbital-sodique\/#primaryimage\"},\"thumbnailUrl\":\"https:\/\/medicinasinc.com\/fr\/wp-content\/uploads\/sites\/5\/2022\/02\/Buy-Pentobarbital-Sodium-1.jpg\",\"datePublished\":\"2022-02-22T06:12:06+00:00\",\"dateModified\":\"2022-08-05T10:51:56+00:00\",\"description\":\"Achetez Nembutal Pentobarbital Sodium Royaume-Uni, Europe, Asie, Chine dans notre boutique en ligne medicinasinc.com avec une livraison rapide dans le monde entier ! Le meilleur Nembutal pour commander, vous trouverez ici !\",\"breadcrumb\":{\"@id\":\"https:\/\/medicinasinc.com\/fr\/product\/acheter-nembutal-pentobarbital-sodique\/#breadcrumb\"},\"inLanguage\":\"en-US\",\"potentialAction\":[{\"@type\":\"ReadAction\",\"target\":[\"https:\/\/medicinasinc.com\/fr\/product\/acheter-nembutal-pentobarbital-sodique\/\"]}]},{\"@type\":\"ImageObject\",\"inLanguage\":\"en-US\",\"@id\":\"https:\/\/medicinasinc.com\/fr\/product\/acheter-nembutal-pentobarbital-sodique\/#primaryimage\",\"url\":\"https:\/\/medicinasinc.com\/fr\/wp-content\/uploads\/sites\/5\/2022\/02\/Buy-Pentobarbital-Sodium-1.jpg\",\"contentUrl\":\"https:\/\/medicinasinc.com\/fr\/wp-content\/uploads\/sites\/5\/2022\/02\/Buy-Pentobarbital-Sodium-1.jpg\",\"width\":356,\"height\":540},{\"@type\":\"BreadcrumbList\",\"@id\":\"https:\/\/medicinasinc.com\/fr\/product\/acheter-nembutal-pentobarbital-sodique\/#breadcrumb\",\"itemListElement\":[{\"@type\":\"ListItem\",\"position\":1,\"name\":\"Boutique\",\"item\":\"https:\/\/medicinasinc.com\/fr\/boutique\/\"},{\"@type\":\"ListItem\",\"position\":2,\"name\":\"Acheter Nembutal Pentobarbital Sodique\"}]},{\"@type\":\"WebSite\",\"@id\":\"https:\/\/medicinasinc.com\/fr\/#website\",\"url\":\"https:\/\/medicinasinc.com\/fr\/\",\"name\":\"Medicinas Inc\",\"description\":\"Health Medical Clinic\",\"potentialAction\":[{\"@type\":\"SearchAction\",\"target\":{\"@type\":\"EntryPoint\",\"urlTemplate\":\"https:\/\/medicinasinc.com\/fr\/?s={search_term_string}\"},\"query-input\":{\"@type\":\"PropertyValueSpecification\",\"valueRequired\":true,\"valueName\":\"search_term_string\"}}],\"inLanguage\":\"en-US\"}]}<\/script>\n<!-- \/ Yoast SEO plugin. -->","yoast_head_json":{"title":"Acheter Nembutal Pentobarbital Sodium - Best Global Meds","description":"Achetez Nembutal Pentobarbital Sodium Royaume-Uni, Europe, Asie, Chine dans notre boutique en ligne medicinasinc.com avec une livraison rapide dans le monde entier ! Le meilleur Nembutal pour commander, vous trouverez ici !","robots":{"index":"index","follow":"follow","max-snippet":"max-snippet:-1","max-image-preview":"max-image-preview:large","max-video-preview":"max-video-preview:-1"},"canonical":"https:\/\/medicinasinc.com\/fr\/product\/acheter-nembutal-pentobarbital-sodique\/","og_locale":"en_US","og_type":"article","og_title":"Acheter Nembutal Pentobarbital Sodium - Best Global Meds","og_description":"Achetez Nembutal Pentobarbital Sodium Royaume-Uni, Europe, Asie, Chine dans notre boutique en ligne medicinasinc.com avec une livraison rapide dans le monde entier ! Le meilleur Nembutal pour commander, vous trouverez ici !","og_url":"https:\/\/medicinasinc.com\/fr\/product\/acheter-nembutal-pentobarbital-sodique\/","og_site_name":"Medicinas Inc","article_modified_time":"2022-08-05T10:51:56+00:00","og_image":[{"width":356,"height":540,"url":"https:\/\/medicinasinc.com\/fr\/wp-content\/uploads\/sites\/5\/2022\/02\/Buy-Pentobarbital-Sodium-1.jpg","type":"image\/jpeg"}],"twitter_card":"summary_large_image","twitter_misc":{"Est. reading time":"2 minutes"},"schema":{"@context":"https:\/\/schema.org","@graph":[{"@type":"WebPage","@id":"https:\/\/medicinasinc.com\/fr\/product\/acheter-nembutal-pentobarbital-sodique\/","url":"https:\/\/medicinasinc.com\/fr\/product\/acheter-nembutal-pentobarbital-sodique\/","name":"Acheter Nembutal Pentobarbital Sodium - Best Global Meds","isPartOf":{"@id":"https:\/\/medicinasinc.com\/fr\/#website"},"primaryImageOfPage":{"@id":"https:\/\/medicinasinc.com\/fr\/product\/acheter-nembutal-pentobarbital-sodique\/#primaryimage"},"image":{"@id":"https:\/\/medicinasinc.com\/fr\/product\/acheter-nembutal-pentobarbital-sodique\/#primaryimage"},"thumbnailUrl":"https:\/\/medicinasinc.com\/fr\/wp-content\/uploads\/sites\/5\/2022\/02\/Buy-Pentobarbital-Sodium-1.jpg","datePublished":"2022-02-22T06:12:06+00:00","dateModified":"2022-08-05T10:51:56+00:00","description":"Achetez Nembutal Pentobarbital Sodium Royaume-Uni, Europe, Asie, Chine dans notre boutique en ligne medicinasinc.com avec une livraison rapide dans le monde entier ! Le meilleur Nembutal pour commander, vous trouverez ici !","breadcrumb":{"@id":"https:\/\/medicinasinc.com\/fr\/product\/acheter-nembutal-pentobarbital-sodique\/#breadcrumb"},"inLanguage":"en-US","potentialAction":[{"@type":"ReadAction","target":["https:\/\/medicinasinc.com\/fr\/product\/acheter-nembutal-pentobarbital-sodique\/"]}]},{"@type":"ImageObject","inLanguage":"en-US","@id":"https:\/\/medicinasinc.com\/fr\/product\/acheter-nembutal-pentobarbital-sodique\/#primaryimage","url":"https:\/\/medicinasinc.com\/fr\/wp-content\/uploads\/sites\/5\/2022\/02\/Buy-Pentobarbital-Sodium-1.jpg","contentUrl":"https:\/\/medicinasinc.com\/fr\/wp-content\/uploads\/sites\/5\/2022\/02\/Buy-Pentobarbital-Sodium-1.jpg","width":356,"height":540},{"@type":"BreadcrumbList","@id":"https:\/\/medicinasinc.com\/fr\/product\/acheter-nembutal-pentobarbital-sodique\/#breadcrumb","itemListElement":[{"@type":"ListItem","position":1,"name":"Boutique","item":"https:\/\/medicinasinc.com\/fr\/boutique\/"},{"@type":"ListItem","position":2,"name":"Acheter Nembutal Pentobarbital Sodique"}]},{"@type":"WebSite","@id":"https:\/\/medicinasinc.com\/fr\/#website","url":"https:\/\/medicinasinc.com\/fr\/","name":"Medicinas Inc","description":"Health Medical Clinic","potentialAction":[{"@type":"SearchAction","target":{"@type":"EntryPoint","urlTemplate":"https:\/\/medicinasinc.com\/fr\/?s={search_term_string}"},"query-input":{"@type":"PropertyValueSpecification","valueRequired":true,"valueName":"search_term_string"}}],"inLanguage":"en-US"}]}},"_links":{"self":[{"href":"https:\/\/medicinasinc.com\/fr\/wp-json\/wp\/v2\/product\/5785","targetHints":{"allow":["GET"]}}],"collection":[{"href":"https:\/\/medicinasinc.com\/fr\/wp-json\/wp\/v2\/product"}],"about":[{"href":"https:\/\/medicinasinc.com\/fr\/wp-json\/wp\/v2\/types\/product"}],"replies":[{"embeddable":true,"href":"https:\/\/medicinasinc.com\/fr\/wp-json\/wp\/v2\/comments?post=5785"}],"wp:featuredmedia":[{"embeddable":true,"href":"https:\/\/medicinasinc.com\/fr\/wp-json\/wp\/v2\/media\/5796"}],"wp:attachment":[{"href":"https:\/\/medicinasinc.com\/fr\/wp-json\/wp\/v2\/media?parent=5785"}],"wp:term":[{"taxonomy":"product_brand","embeddable":true,"href":"https:\/\/medicinasinc.com\/fr\/wp-json\/wp\/v2\/product_brand?post=5785"},{"taxonomy":"product_cat","embeddable":true,"href":"https:\/\/medicinasinc.com\/fr\/wp-json\/wp\/v2\/product_cat?post=5785"},{"taxonomy":"product_tag","embeddable":true,"href":"https:\/\/medicinasinc.com\/fr\/wp-json\/wp\/v2\/product_tag?post=5785"}],"curies":[{"name":"wp","href":"https:\/\/api.w.org\/{rel}","templated":true}]}}