{"id":5781,"date":"2022-02-22T06:07:08","date_gmt":"2022-02-22T06:07:08","guid":{"rendered":"https:\/\/medicinasinc.com\/fr\/?post_type=product&#038;p=5781"},"modified":"2022-08-09T02:43:12","modified_gmt":"2022-08-09T02:43:12","slug":"acheter-nembutal-poudre","status":"publish","type":"product","link":"https:\/\/medicinasinc.com\/fr\/product\/acheter-nembutal-poudre\/","title":{"rendered":"Acheter de la poudre de Nembutal"},"content":{"rendered":"<p>Poudre de Nembutal des meilleurs fournisseurs aux prix les plus bas<\/p>\n<p>Sur le march\u00e9 en ligne, vous pouvez trouver des m\u00e9dicaments et des m\u00e9dicaments de haute qualit\u00e9 chez Online Nembutal Pharmacy. Afin d&#8217;obtenir de la poudre de Nembutal aupr\u00e8s des meilleurs fournisseurs de poudre de Nembutal, vous devez vous rendre dans notre pharmacie. Contactez-nous d\u00e8s aujourd&#8217;hui et nous ferons votre travail imm\u00e9diatement. Vos m\u00e9dicaments seront livr\u00e9s \u00e0 l&#8217;adresse que vous aurez indiqu\u00e9e. Pour la meilleure offre sur la poudre de Nembutal, passez votre commande tout de suite\u00a0!<\/p>\n<p>En utilisant la poudre de Nembutal, que pouvez-vous esp\u00e9rer gagner\u00a0?<\/p>\n<p>La poudre de Nembutal est connue pour aider les insomniaques et ceux qui trouvent il est difficile de dormir, de fermer les yeux. Dans de nombreuses circonstances, il est utilis\u00e9 comme m\u00e9dicament anti-anxi\u00e9t\u00e9. Notre pharmacie en ligne est le meilleur endroit pour acheter de la poudre de Nembutal si vous avez les m\u00eames objectifs en t\u00eate.<\/p>\n<p>Quel magasin en ligne vend la meilleure poudre de Nembutal\u00a0?<\/p>\n<p>Quelle que soit la raison pour laquelle vous commandez de la poudre de Nembutal , vous pouvez toujours compter sur Online Nembutal Pharmacy pour faire le travail qui vous convient.<\/p>\n<p>Nous comprenons les besoins et les attentes de nos clients gr\u00e2ce \u00e0 nos ann\u00e9es d&#8217;expertise. Nous n&#8217;avons jamais acc\u00e8s ni ne stockons aucune de vos informations de carte de cr\u00e9dit ou informations personnelles. Toutes les informations sont gard\u00e9es priv\u00e9es. Cela signifie que vous pouvez acheter de la poudre de Nembutal en ligne chez nous au meilleur prix.<\/p>\n<p>Faire un achat dans notre pharmacie en ligne vous donnera une longueur d&#8217;avance sur la concurrence. Au fil du temps, nous avons gagn\u00e9 beaucoup de consommateurs potentiels. Si vous recherchez le meilleur, n&#8217;h\u00e9sitez pas \u00e0 nous contacter \u00e0 tout moment.<\/p>\n","protected":false},"excerpt":{"rendered":"<p> Il existe un certain nombre de pharmacies en ligne qui vendent du pentobarbital sodique en poudre de Nembutal, y compris bestglobalmeds.com. Vous trouverez le meilleur endroit pour acheter du Nembutal en ligne ici\u00a0! Il est d\u00e9sormais possible d&#8217;obtenir une pharmacie Nembutal en ligne dans le confort de votre foyer. La poudre de Nembutal \u00e0 vendre aux co\u00fbts les plus bas possibles peut \u00eatre trouv\u00e9e ici.<\/p>\n<p>Best Global Meds propose la poudre de Nembutal \u00e0 vendre en ligne \u00e0 des prix abordables. Les pilules, comprim\u00e9s et g\u00e9lules de Nembutal de la plus haute qualit\u00e9 peuvent \u00eatre achet\u00e9s au prix le plus \u00e9lev\u00e9. N&#8217;h\u00e9sitez pas \u00e0 nous contacter d\u00e8s maintenant !<\/p>\n","protected":false},"featured_media":5791,"comment_status":"open","ping_status":"closed","template":"","meta":[],"product_brand":[],"product_cat":[3818],"product_tag":[3929,3935,3928,3942,3943,3931,3930,3839,3938,3941,3945,3845,3932,3933,3934,3936,3937,3947,3946,3939,3832,3944,3940],"class_list":{"0":"post-5781","1":"product","2":"type-product","3":"status-publish","4":"has-post-thumbnail","6":"product_cat-pentobarbital-a-vendre","7":"product_tag-acheter-nembutal-poudre-en-ligne","8":"product_tag-nembutal-acheter-fr","9":"product_tag-acheter-nembutal-en-ligne","10":"product_tag-commande-nembutal-poudre","11":"product_tag-commander-nembutal-poudre-en-ligne","12":"product_tag-comment-acheter-de-la-poudre-de-nembutal-en-ligne","13":"product_tag-comment-puis-je-commander-de-la-poudre-de-nembutal","14":"product_tag-comment-puis-je-prendre-nembutal","15":"product_tag-dose-de-poudre-de-nembutal","16":"product_tag-fournisseur-de-poudre-de-nembutal","17":"product_tag-le-meilleur-endroit-pour-acheter-de-la-poudre-de-nembutal-en-ligne","18":"product_tag-nembutal","19":"product_tag-nembutal-acheter-australie","20":"product_tag-nembutal-acheter-autriche","21":"product_tag-nembutal-acheter-en-ligne","22":"product_tag-nembutal-powder","23":"product_tag-nembutal-powder-buy","24":"product_tag-o-acheter-de-la-poudre-de-nembutal-en-ligne","25":"product_tag-o-puis-je-acheter-de-la-poudre-de-nembutal","26":"product_tag-poudre-de-nembutal-a-vendre","27":"product_tag-puis-je-commander-nembutal-en-ligne","28":"product_tag-purchase-nembutal-powder-online","29":"product_tag-surdosage-de-poudre-de-nembutal","31":"first","32":"instock","33":"shipping-taxable","34":"purchasable","35":"product-type-variable"},"yoast_head":"<!-- This site is optimized with the Yoast SEO plugin v27.3 - https:\/\/yoast.com\/product\/yoast-seo-wordpress\/ -->\n<title>Acheter de la poudre de Nembutal - Pentobarbital sodique - Best Global Meds<\/title>\n<meta name=\"description\" content=\"Achetez Nembutal Poudre de pentobarbital sodique \u00e0 vendre au Royaume-Uni, aux \u00c9mirats arabes unis, en Europe et en Chine dans notre boutique en ligne bestglobalmeds.com avec une livraison rapide dans le monde entier ! Le meilleur Nembutal pour commander, vous trouverez ici !\" \/>\n<meta name=\"robots\" content=\"index, follow, max-snippet:-1, max-image-preview:large, max-video-preview:-1\" \/>\n<link rel=\"canonical\" href=\"https:\/\/medicinasinc.com\/fr\/product\/acheter-nembutal-poudre\/\" \/>\n<meta property=\"og:locale\" content=\"en_US\" \/>\n<meta property=\"og:type\" content=\"article\" \/>\n<meta property=\"og:title\" content=\"Acheter de la poudre de Nembutal - Pentobarbital sodique - Best Global Meds\" \/>\n<meta property=\"og:description\" content=\"Achetez Nembutal Poudre de pentobarbital sodique \u00e0 vendre au Royaume-Uni, aux \u00c9mirats arabes unis, en Europe et en Chine dans notre boutique en ligne bestglobalmeds.com avec une livraison rapide dans le monde entier ! Le meilleur Nembutal pour commander, vous trouverez ici !\" \/>\n<meta property=\"og:url\" content=\"https:\/\/medicinasinc.com\/fr\/product\/acheter-nembutal-poudre\/\" \/>\n<meta property=\"og:site_name\" content=\"Medicinas Inc\" \/>\n<meta property=\"article:modified_time\" content=\"2022-08-09T02:43:12+00:00\" \/>\n<meta property=\"og:image\" content=\"https:\/\/medicinasinc.com\/fr\/wp-content\/uploads\/sites\/5\/2022\/02\/Buy-Nembutal-Powder-2.jpg\" \/>\n\t<meta property=\"og:image:width\" content=\"600\" \/>\n\t<meta property=\"og:image:height\" content=\"600\" \/>\n\t<meta property=\"og:image:type\" content=\"image\/jpeg\" \/>\n<meta name=\"twitter:card\" content=\"summary_large_image\" \/>\n<meta name=\"twitter:label1\" content=\"Est. reading time\" \/>\n\t<meta name=\"twitter:data1\" content=\"2 minutes\" \/>\n<script type=\"application\/ld+json\" class=\"yoast-schema-graph\">{\"@context\":\"https:\\\/\\\/schema.org\",\"@graph\":[{\"@type\":\"WebPage\",\"@id\":\"https:\\\/\\\/medicinasinc.com\\\/fr\\\/product\\\/acheter-nembutal-poudre\\\/\",\"url\":\"https:\\\/\\\/medicinasinc.com\\\/fr\\\/product\\\/acheter-nembutal-poudre\\\/\",\"name\":\"Acheter de la poudre de Nembutal - Pentobarbital sodique - Best Global Meds\",\"isPartOf\":{\"@id\":\"https:\\\/\\\/medicinasinc.com\\\/fr\\\/#website\"},\"primaryImageOfPage\":{\"@id\":\"https:\\\/\\\/medicinasinc.com\\\/fr\\\/product\\\/acheter-nembutal-poudre\\\/#primaryimage\"},\"image\":{\"@id\":\"https:\\\/\\\/medicinasinc.com\\\/fr\\\/product\\\/acheter-nembutal-poudre\\\/#primaryimage\"},\"thumbnailUrl\":\"https:\\\/\\\/medicinasinc.com\\\/fr\\\/wp-content\\\/uploads\\\/sites\\\/5\\\/2022\\\/02\\\/Buy-Nembutal-Powder-2.jpg\",\"datePublished\":\"2022-02-22T06:07:08+00:00\",\"dateModified\":\"2022-08-09T02:43:12+00:00\",\"description\":\"Achetez Nembutal Poudre de pentobarbital sodique \u00e0 vendre au Royaume-Uni, aux \u00c9mirats arabes unis, en Europe et en Chine dans notre boutique en ligne bestglobalmeds.com avec une livraison rapide dans le monde entier ! Le meilleur Nembutal pour commander, vous trouverez ici !\",\"breadcrumb\":{\"@id\":\"https:\\\/\\\/medicinasinc.com\\\/fr\\\/product\\\/acheter-nembutal-poudre\\\/#breadcrumb\"},\"inLanguage\":\"en-US\",\"potentialAction\":[{\"@type\":\"ReadAction\",\"target\":[\"https:\\\/\\\/medicinasinc.com\\\/fr\\\/product\\\/acheter-nembutal-poudre\\\/\"]}]},{\"@type\":\"ImageObject\",\"inLanguage\":\"en-US\",\"@id\":\"https:\\\/\\\/medicinasinc.com\\\/fr\\\/product\\\/acheter-nembutal-poudre\\\/#primaryimage\",\"url\":\"https:\\\/\\\/medicinasinc.com\\\/fr\\\/wp-content\\\/uploads\\\/sites\\\/5\\\/2022\\\/02\\\/Buy-Nembutal-Powder-2.jpg\",\"contentUrl\":\"https:\\\/\\\/medicinasinc.com\\\/fr\\\/wp-content\\\/uploads\\\/sites\\\/5\\\/2022\\\/02\\\/Buy-Nembutal-Powder-2.jpg\",\"width\":600,\"height\":600},{\"@type\":\"BreadcrumbList\",\"@id\":\"https:\\\/\\\/medicinasinc.com\\\/fr\\\/product\\\/acheter-nembutal-poudre\\\/#breadcrumb\",\"itemListElement\":[{\"@type\":\"ListItem\",\"position\":1,\"name\":\"Boutique\",\"item\":\"https:\\\/\\\/medicinasinc.com\\\/fr\\\/boutique\\\/\"},{\"@type\":\"ListItem\",\"position\":2,\"name\":\"Acheter de la poudre de Nembutal\"}]},{\"@type\":\"WebSite\",\"@id\":\"https:\\\/\\\/medicinasinc.com\\\/fr\\\/#website\",\"url\":\"https:\\\/\\\/medicinasinc.com\\\/fr\\\/\",\"name\":\"Medicinas Inc\",\"description\":\"Health Medical Clinic\",\"potentialAction\":[{\"@type\":\"SearchAction\",\"target\":{\"@type\":\"EntryPoint\",\"urlTemplate\":\"https:\\\/\\\/medicinasinc.com\\\/fr\\\/?s={search_term_string}\"},\"query-input\":{\"@type\":\"PropertyValueSpecification\",\"valueRequired\":true,\"valueName\":\"search_term_string\"}}],\"inLanguage\":\"en-US\"}]}<\/script>\n<!-- \/ Yoast SEO plugin. -->","yoast_head_json":{"title":"Acheter de la poudre de Nembutal - Pentobarbital sodique - Best Global Meds","description":"Achetez Nembutal Poudre de pentobarbital sodique \u00e0 vendre au Royaume-Uni, aux \u00c9mirats arabes unis, en Europe et en Chine dans notre boutique en ligne bestglobalmeds.com avec une livraison rapide dans le monde entier ! Le meilleur Nembutal pour commander, vous trouverez ici !","robots":{"index":"index","follow":"follow","max-snippet":"max-snippet:-1","max-image-preview":"max-image-preview:large","max-video-preview":"max-video-preview:-1"},"canonical":"https:\/\/medicinasinc.com\/fr\/product\/acheter-nembutal-poudre\/","og_locale":"en_US","og_type":"article","og_title":"Acheter de la poudre de Nembutal - Pentobarbital sodique - Best Global Meds","og_description":"Achetez Nembutal Poudre de pentobarbital sodique \u00e0 vendre au Royaume-Uni, aux \u00c9mirats arabes unis, en Europe et en Chine dans notre boutique en ligne bestglobalmeds.com avec une livraison rapide dans le monde entier ! Le meilleur Nembutal pour commander, vous trouverez ici !","og_url":"https:\/\/medicinasinc.com\/fr\/product\/acheter-nembutal-poudre\/","og_site_name":"Medicinas Inc","article_modified_time":"2022-08-09T02:43:12+00:00","og_image":[{"width":600,"height":600,"url":"https:\/\/medicinasinc.com\/fr\/wp-content\/uploads\/sites\/5\/2022\/02\/Buy-Nembutal-Powder-2.jpg","type":"image\/jpeg"}],"twitter_card":"summary_large_image","twitter_misc":{"Est. reading time":"2 minutes"},"schema":{"@context":"https:\/\/schema.org","@graph":[{"@type":"WebPage","@id":"https:\/\/medicinasinc.com\/fr\/product\/acheter-nembutal-poudre\/","url":"https:\/\/medicinasinc.com\/fr\/product\/acheter-nembutal-poudre\/","name":"Acheter de la poudre de Nembutal - Pentobarbital sodique - Best Global Meds","isPartOf":{"@id":"https:\/\/medicinasinc.com\/fr\/#website"},"primaryImageOfPage":{"@id":"https:\/\/medicinasinc.com\/fr\/product\/acheter-nembutal-poudre\/#primaryimage"},"image":{"@id":"https:\/\/medicinasinc.com\/fr\/product\/acheter-nembutal-poudre\/#primaryimage"},"thumbnailUrl":"https:\/\/medicinasinc.com\/fr\/wp-content\/uploads\/sites\/5\/2022\/02\/Buy-Nembutal-Powder-2.jpg","datePublished":"2022-02-22T06:07:08+00:00","dateModified":"2022-08-09T02:43:12+00:00","description":"Achetez Nembutal Poudre de pentobarbital sodique \u00e0 vendre au Royaume-Uni, aux \u00c9mirats arabes unis, en Europe et en Chine dans notre boutique en ligne bestglobalmeds.com avec une livraison rapide dans le monde entier ! Le meilleur Nembutal pour commander, vous trouverez ici !","breadcrumb":{"@id":"https:\/\/medicinasinc.com\/fr\/product\/acheter-nembutal-poudre\/#breadcrumb"},"inLanguage":"en-US","potentialAction":[{"@type":"ReadAction","target":["https:\/\/medicinasinc.com\/fr\/product\/acheter-nembutal-poudre\/"]}]},{"@type":"ImageObject","inLanguage":"en-US","@id":"https:\/\/medicinasinc.com\/fr\/product\/acheter-nembutal-poudre\/#primaryimage","url":"https:\/\/medicinasinc.com\/fr\/wp-content\/uploads\/sites\/5\/2022\/02\/Buy-Nembutal-Powder-2.jpg","contentUrl":"https:\/\/medicinasinc.com\/fr\/wp-content\/uploads\/sites\/5\/2022\/02\/Buy-Nembutal-Powder-2.jpg","width":600,"height":600},{"@type":"BreadcrumbList","@id":"https:\/\/medicinasinc.com\/fr\/product\/acheter-nembutal-poudre\/#breadcrumb","itemListElement":[{"@type":"ListItem","position":1,"name":"Boutique","item":"https:\/\/medicinasinc.com\/fr\/boutique\/"},{"@type":"ListItem","position":2,"name":"Acheter de la poudre de Nembutal"}]},{"@type":"WebSite","@id":"https:\/\/medicinasinc.com\/fr\/#website","url":"https:\/\/medicinasinc.com\/fr\/","name":"Medicinas Inc","description":"Health Medical Clinic","potentialAction":[{"@type":"SearchAction","target":{"@type":"EntryPoint","urlTemplate":"https:\/\/medicinasinc.com\/fr\/?s={search_term_string}"},"query-input":{"@type":"PropertyValueSpecification","valueRequired":true,"valueName":"search_term_string"}}],"inLanguage":"en-US"}]}},"_links":{"self":[{"href":"https:\/\/medicinasinc.com\/fr\/wp-json\/wp\/v2\/product\/5781","targetHints":{"allow":["GET"]}}],"collection":[{"href":"https:\/\/medicinasinc.com\/fr\/wp-json\/wp\/v2\/product"}],"about":[{"href":"https:\/\/medicinasinc.com\/fr\/wp-json\/wp\/v2\/types\/product"}],"replies":[{"embeddable":true,"href":"https:\/\/medicinasinc.com\/fr\/wp-json\/wp\/v2\/comments?post=5781"}],"wp:featuredmedia":[{"embeddable":true,"href":"https:\/\/medicinasinc.com\/fr\/wp-json\/wp\/v2\/media\/5791"}],"wp:attachment":[{"href":"https:\/\/medicinasinc.com\/fr\/wp-json\/wp\/v2\/media?parent=5781"}],"wp:term":[{"taxonomy":"product_brand","embeddable":true,"href":"https:\/\/medicinasinc.com\/fr\/wp-json\/wp\/v2\/product_brand?post=5781"},{"taxonomy":"product_cat","embeddable":true,"href":"https:\/\/medicinasinc.com\/fr\/wp-json\/wp\/v2\/product_cat?post=5781"},{"taxonomy":"product_tag","embeddable":true,"href":"https:\/\/medicinasinc.com\/fr\/wp-json\/wp\/v2\/product_tag?post=5781"}],"curies":[{"name":"wp","href":"https:\/\/api.w.org\/{rel}","templated":true}]}}