{"id":5777,"date":"2022-02-22T05:58:59","date_gmt":"2022-02-22T05:58:59","guid":{"rendered":"https:\/\/medicinasinc.com\/fr\/?post_type=product&#038;p=5777"},"modified":"2022-08-05T10:30:12","modified_gmt":"2022-08-05T10:30:12","slug":"acheter-capsules-nembutal","status":"publish","type":"product","link":"https:\/\/medicinasinc.com\/fr\/product\/acheter-capsules-nembutal\/","title":{"rendered":"Acheter des capsules de Nembutal"},"content":{"rendered":"<p>Trouvez les meilleurs fournisseurs et revendeurs de capsules Nembutal dans notre pharmacie Nembutal en ligne<\/p>\n<p>Essayez-vous de trouver une pharmacie en ligne r\u00e9put\u00e9e o\u00f9 vous pourrez obtenir la meilleure offre sur les capsules Nembutal\u00a0? Oui? Alors c&#8217;est l&#8217;endroit id\u00e9al pour vous. Connu sous le nom de Online Nembutal Pharmacy, nous sommes une pharmacie en ligne bien connue. Nous avons attir\u00e9 de nombreux clients fid\u00e8les gr\u00e2ce \u00e0 notre r\u00e9putation en tant que l&#8217;un des principaux revendeurs et fournisseurs en ligne de capsules de Nembutal.<\/p>\n<p>Ne vous inqui\u00e9tez pas si c&#8217;est la premi\u00e8re fois que vous achetez des capsules de Nembutal dans notre pharmacie en ligne. . Vous ne pouvez vous attendre qu&#8217;au meilleur ici. Nous sommes toujours l\u00e0 pour vous aider \u00e0 trouver les capsules de Nembutal dont vous avez besoin et vous les faire parvenir le plus rapidement possible. Conform\u00e9ment aux normes de l&#8217;industrie, nous rencontrons ou d\u00e9passons les attentes de nos clients. Les capsules Nembutal de notre pharmacie en ligne sont de la plus haute qualit\u00e9, et cela inclut \u00e9galement l&#8217;emballage et l&#8217;exp\u00e9dition. Contactez-nous d\u00e8s aujourd&#8217;hui si vous souhaitez obtenir des capsules de Nembutal et nous r\u00e9pondrons \u00e0 vos besoins dans les meilleurs d\u00e9lais.<\/p>\n<p>Pourquoi acheter des capsules de Nembutal dans une pharmacie de Nembutal en ligne est le meilleur choix\u00a0?<\/p>\n<p>Notre soci\u00e9t\u00e9 est la meilleure option si vous voulez des capsules de Nembutal de mani\u00e8re pr\u00e9cise avec un service de livraison rapide et de qualit\u00e9 contr\u00f4l\u00e9e. Les capsules de Nembutal de la meilleure qualit\u00e9 sont disponibles \u00e0 des prix bon march\u00e9 dans la pharmacie en ligne de Nembutal. Parce que nous n&#8217;utilisons aucun interm\u00e9diaire, nous sommes en mesure de faire en sorte que tout se d\u00e9roule sans heurts. Le service client est une priorit\u00e9 pour nous et nous veillons \u00e0 ce que les commandes soient livr\u00e9es \u00e0 temps.<\/p>\n<p>Nous avons re\u00e7u d&#8217;excellents commentaires et \u00e9valuations de nos consommateurs car nous travaillons dans ce domaine depuis longtemps. Les capsules Nembutal sont envoy\u00e9es aux clients de mani\u00e8re s\u00e9curis\u00e9e par notre \u00e9quipe. Nous incluons un ensemble d&#8217;instructions avec chaque article que vous achetez chez nous. Ces instructions vous montreront comment prendre votre prescription de Nembutal Capsules en toute s\u00e9curit\u00e9.<\/p>\n<p>Vous pouvez toujours compter sur nos services de premier ordre. Notre pharmacie en ligne peut vous aider \u00e0 en savoir plus sur le m\u00e9dicament Nembutal G\u00e9lules. Les capsules de Nembutal \u00e9taient difficiles \u00e0 obtenir dans le pass\u00e9. Cependant, au fil du temps, notre pharmacie en ligne a pu proposer des articles Nembutal en ligne. Vous pouvez les obtenir quand vous le souhaitez.<\/p>\n","protected":false},"excerpt":{"rendered":"<p>Commander des capsules de Nembutal en ligne\u00a0: quelles sont les \u00e9tapes \u00e0 suivre\u00a0?<\/p>\n<p>Vous pouvez soumettre votre demande pour acheter des capsules de Nembutal en ligne au meilleur prix sur notre site officiel et la faire traiter dans un court laps de temps. Nous sommes en charge de l&#8217;ex\u00e9cution de votre commande. Vous pouvez acheter des capsules de Nembutal chez nous d\u00e8s maintenant si vous nous contactez d\u00e8s aujourd&#8217;hui\u00a0!<\/p>\n<p>Dans notre boutique en ligne medicinasinc.com, vous pouvez acheter des capsules de Nembutal, des pilules Europe et du pentobarbital \u00e0 vendre au Royaume-Uni avec une livraison rapide dans le monde entier ! Vous trouverez ici le meilleur endroit pour acheter du Nembutal en ligne !<\/p>\n","protected":false},"featured_media":5786,"comment_status":"open","ping_status":"closed","template":"","meta":[],"product_brand":[],"product_cat":[3818],"product_tag":[3825,3821,3830,3827,3848,3952,3820,3824,3826,3828,3829,3822,3878,3871,3870,3873,3872,3841,3840,3842,3837,3836,3838,3839,3901,3907,3864,3869,3911,3910,3855,3846,3885,3887,3889,3844,3843,3912,3852,3819,3881,3845,3847,3853,3854,3849,3850,3851,3856,3858,3859,3860,3868,3924,3923,3925,3926,3922,3915,3919,3914,3917,3918,3916,3927,3874,3877,3875,3908,3876,3906,3879,3880,3893,3890,3892,3883,3884,3909,3900,3886,3891,3896,3897,3902,3903,3857,3863,3862,3861,3894,3865,3882,3895,3835,3834,3831,3832,3833,3904,3905,3898,3888,3899,3867,3913,3921],"class_list":{"0":"post-5777","1":"product","2":"type-product","3":"status-publish","4":"has-post-thumbnail","6":"product_cat-pentobarbital-a-vendre","7":"product_tag-acheter-nembutal-pilules-en-ligne","8":"product_tag-acheter-nembutal-pas-cher-en-ligne","9":"product_tag-acheter-pentobarbital-sodique-fr","10":"product_tag-acheter-pentobarbital-sodique","11":"product_tag-nembutal-liquide-acheter","12":"product_tag-achat-nembutal-liquide-en-ligne","13":"product_tag-acheter-nembutal-liquide-pas-cher-en-ligne","14":"product_tag-acheter-nembutal-pentobarbital-sodique","15":"product_tag-acheter-nembutal-sodium-en-ligne","16":"product_tag-acheter-pentobarbital-sodique-2021","17":"product_tag-acheter-pentobarbital-sodium-pentobarbital-sodium-sel","18":"product_tag-acheter-nembutal-ici","19":"product_tag-pentobarbital-sodium-anesthsie","20":"product_tag-commander-des-pilules-de-nembutal","21":"product_tag-ordre-nembutal-liquide","22":"product_tag-commander-pentobarbital-sodique","23":"product_tag-commander-nembutal-pilules-en-ligne","24":"product_tag-comment-acheter-nembutal-en-ligne","25":"product_tag-comment-acqurir-nembutal","26":"product_tag-comment-commander-nembutal-par-mail","27":"product_tag-comment-puis-je-commander-des-pilules-de-nembutal","28":"product_tag-comment-puis-je-commander-nembutal-liquide","29":"product_tag-comment-puis-je-commander-le-pentobarbital-sodique","30":"product_tag-comment-puis-je-prendre-nembutal","31":"product_tag-comprims-de-pentobarbital-sodique","32":"product_tag-sodium-pentobarbital-cot","33":"product_tag-nembutal-pilules-dose","34":"product_tag-nembutal-suicide-dose","35":"product_tag-dure-de-conservation-du-pentobarbital-sodique","36":"product_tag-fabricants-de-sodium-pentobarbital","37":"product_tag-fournisseur-de-nembutal-liquide","38":"product_tag-capsule-de-nembutal","39":"product_tag-groupe-pentobarbital-sodique","40":"product_tag-pentobarbital-sodique-injection-pour-humains","41":"product_tag-pentobarbital-sodique-injection-usp","42":"product_tag-injection-mortelle-acheter-en-ligne","43":"product_tag-it-is-easy-to-buy-nembutal-online","44":"product_tag-le-meilleur-endroit-pour-acheter-des-pilules-de-nembutal-en-ligne","45":"product_tag-nembutal-liquide-achat-france","46":"product_tag-meilleur-mdicament-pour-suicide-overdose","47":"product_tag-pentobarbital-sodium-mort","48":"product_tag-nembutal","49":"product_tag-nembutal--vendre","50":"product_tag-nembutal-liquid-dose","51":"product_tag-nembutal-liquid-overdose","52":"product_tag-nembutal-liquide-acheter-australie","53":"product_tag-nembutal-liquide-acheter-autriche","54":"product_tag-nembutal-liquide-achat-europe","55":"product_tag-nembutal-pentobarbital-sodique-acheter","56":"product_tag-nembutal-pills-buy","57":"product_tag-nembutal-pills-buy-australia","58":"product_tag-nembutal-pills-buy-austria","59":"product_tag-nembutal-pills-supplier","60":"product_tag-o-acheter-des-pilules-de-nembutal-en-ligne","61":"product_tag-o-acheter-nembutal-pas-cher-en-ligne","62":"product_tag-o-acheter-le-pentobarbital-sodique","63":"product_tag-o-acheter-le-pentobarbital-sodique-pour-chiens","64":"product_tag-o-pouvez-vous-acheter-le-pentobarbital-sodique","65":"product_tag-o-puis-je-acheter-des-pilules-de-nembutal","66":"product_tag-o-puis-je-acheter-des-somnifres-au-pentobarbital-sodique","67":"product_tag-o-puis-je-acheter-nembutal-liquide","68":"product_tag-o-puis-je-acheter-du-pentobarbital","69":"product_tag-o-puis-je-acheter-le-pentobarbital-sodique","70":"product_tag-o-puis-je-acheter-nembutal-pentobarbital-sodique","71":"product_tag-o-se-procurer-le-pentobarbital-sodique","72":"product_tag-pentobarbital","73":"product_tag-pentobarbital--proximit","74":"product_tag-pentobarbital-de-sodium-dose-ltale","75":"product_tag-pentobarbital-sodique-pour-leuthanasie-des-animaux","76":"product_tag-pentobarbital-pour-leuthanasie","77":"product_tag-sodium-pentobarbital-nembutal","78":"product_tag-pentobarbital-sodique-acheter","79":"product_tag-pentobarbital-sodium-chine","80":"product_tag-pentobarbital-sodique-en-vente-libre","81":"product_tag-pentobarbital-sodique-liquide","82":"product_tag-pentobarbital-sodique-oral","83":"product_tag-pentobarbital-sodique-pour-chiens","84":"product_tag-pentobarbital-sodique-pour-humains","85":"product_tag-pentobarbital-sodique-pour-leuthanasie","86":"product_tag-somnifres-au-pentobarbital-sodique-en-vente-libre","87":"product_tag-pentobarbital-sodium-injection-for-dogs","88":"product_tag-pentobarbital-sodium-nz","89":"product_tag-pentobarbital-sodium-prescription","90":"product_tag-pentobarbital-sodium-price","91":"product_tag-pentobarbital-sodium-where-to-buy","92":"product_tag-pentobarbital-use","93":"product_tag-pilules-de-nembutal","94":"product_tag-pilules-nembutal-acheter-france","95":"product_tag-pilules-de-nembutal-acheter-en-ligne","96":"product_tag-nembutal-pilules-achat-europe","97":"product_tag-pilules-de-pentobarbital-sodique","98":"product_tag-nembutal-pilules-a-vendre","99":"product_tag-pentobarbital-sodique-dosage","100":"product_tag-pentobarbital-sodium-poudre","101":"product_tag-pouvez-vous-acheter-du-pentobarbital-sodique","102":"product_tag-pouvez-vous-acheter-du-pentobarbital-sodique-en-vente-libre","103":"product_tag-puis-je-acheter-du-pentobarbital","104":"product_tag-puis-je-commander-nembutal-en-ligne","105":"product_tag-puis-je-commander-du-pentobarbital-en-ligne","106":"product_tag-purchase-nembutal-online","107":"product_tag-purchase-nembutal-pills-online","108":"product_tag-pentobarbital-sodium-sel","109":"product_tag-pentobarbital-sodium-solution-injectable","110":"product_tag-somnifres-au-pentobarbital-sodique","111":"product_tag-nembutal-pilules-overdose","112":"product_tag-envie-d-acheter-nembutal","113":"product_tag-where-can-i-purchase-nembutal","115":"first","116":"instock","117":"shipping-taxable","118":"purchasable","119":"product-type-variable"},"yoast_head":"<!-- This site is optimized with the Yoast SEO plugin v27.3 - https:\/\/yoast.com\/product\/yoast-seo-wordpress\/ -->\n<title>Acheter Nembutal Capsules - Commandez Nembutal Capsules - Best Global Meds<\/title>\n<meta name=\"description\" content=\"Achetez \/ commandez des capsules de Nembutal, des pilules \u00e0 vendre au Royaume-Uni, en Europe, en Chine, au Japon et en Isra\u00ebl dans une pharmacie en ligne r\u00e9put\u00e9e sans ordonnance et avec une exp\u00e9dition discr\u00e8te garantie.\" \/>\n<meta name=\"robots\" content=\"index, follow, max-snippet:-1, max-image-preview:large, max-video-preview:-1\" \/>\n<link rel=\"canonical\" href=\"https:\/\/medicinasinc.com\/fr\/product\/acheter-capsules-nembutal\/\" \/>\n<meta property=\"og:locale\" content=\"en_US\" \/>\n<meta property=\"og:type\" content=\"article\" \/>\n<meta property=\"og:title\" content=\"Acheter Nembutal Capsules - Commandez Nembutal Capsules - Best Global Meds\" \/>\n<meta property=\"og:description\" content=\"Achetez \/ commandez des capsules de Nembutal, des pilules \u00e0 vendre au Royaume-Uni, en Europe, en Chine, au Japon et en Isra\u00ebl dans une pharmacie en ligne r\u00e9put\u00e9e sans ordonnance et avec une exp\u00e9dition discr\u00e8te garantie.\" \/>\n<meta property=\"og:url\" content=\"https:\/\/medicinasinc.com\/fr\/product\/acheter-capsules-nembutal\/\" \/>\n<meta property=\"og:site_name\" content=\"Medicinas Inc\" \/>\n<meta property=\"article:modified_time\" content=\"2022-08-05T10:30:12+00:00\" \/>\n<meta property=\"og:image\" content=\"https:\/\/medicinasinc.com\/fr\/wp-content\/uploads\/sites\/5\/2022\/02\/Buy-Nembutal-Capsules.jpg\" \/>\n\t<meta property=\"og:image:width\" content=\"600\" \/>\n\t<meta property=\"og:image:height\" content=\"600\" \/>\n\t<meta property=\"og:image:type\" content=\"image\/jpeg\" \/>\n<meta name=\"twitter:card\" content=\"summary_large_image\" \/>\n<meta name=\"twitter:label1\" content=\"Est. reading time\" \/>\n\t<meta name=\"twitter:data1\" content=\"2 minutes\" \/>\n<script type=\"application\/ld+json\" class=\"yoast-schema-graph\">{\"@context\":\"https:\\\/\\\/schema.org\",\"@graph\":[{\"@type\":\"WebPage\",\"@id\":\"https:\\\/\\\/medicinasinc.com\\\/fr\\\/product\\\/acheter-capsules-nembutal\\\/\",\"url\":\"https:\\\/\\\/medicinasinc.com\\\/fr\\\/product\\\/acheter-capsules-nembutal\\\/\",\"name\":\"Acheter Nembutal Capsules - Commandez Nembutal Capsules - Best Global Meds\",\"isPartOf\":{\"@id\":\"https:\\\/\\\/medicinasinc.com\\\/fr\\\/#website\"},\"primaryImageOfPage\":{\"@id\":\"https:\\\/\\\/medicinasinc.com\\\/fr\\\/product\\\/acheter-capsules-nembutal\\\/#primaryimage\"},\"image\":{\"@id\":\"https:\\\/\\\/medicinasinc.com\\\/fr\\\/product\\\/acheter-capsules-nembutal\\\/#primaryimage\"},\"thumbnailUrl\":\"https:\\\/\\\/medicinasinc.com\\\/fr\\\/wp-content\\\/uploads\\\/sites\\\/5\\\/2022\\\/02\\\/Buy-Nembutal-Capsules.jpg\",\"datePublished\":\"2022-02-22T05:58:59+00:00\",\"dateModified\":\"2022-08-05T10:30:12+00:00\",\"description\":\"Achetez \\\/ commandez des capsules de Nembutal, des pilules \u00e0 vendre au Royaume-Uni, en Europe, en Chine, au Japon et en Isra\u00ebl dans une pharmacie en ligne r\u00e9put\u00e9e sans ordonnance et avec une exp\u00e9dition discr\u00e8te garantie.\",\"breadcrumb\":{\"@id\":\"https:\\\/\\\/medicinasinc.com\\\/fr\\\/product\\\/acheter-capsules-nembutal\\\/#breadcrumb\"},\"inLanguage\":\"en-US\",\"potentialAction\":[{\"@type\":\"ReadAction\",\"target\":[\"https:\\\/\\\/medicinasinc.com\\\/fr\\\/product\\\/acheter-capsules-nembutal\\\/\"]}]},{\"@type\":\"ImageObject\",\"inLanguage\":\"en-US\",\"@id\":\"https:\\\/\\\/medicinasinc.com\\\/fr\\\/product\\\/acheter-capsules-nembutal\\\/#primaryimage\",\"url\":\"https:\\\/\\\/medicinasinc.com\\\/fr\\\/wp-content\\\/uploads\\\/sites\\\/5\\\/2022\\\/02\\\/Buy-Nembutal-Capsules.jpg\",\"contentUrl\":\"https:\\\/\\\/medicinasinc.com\\\/fr\\\/wp-content\\\/uploads\\\/sites\\\/5\\\/2022\\\/02\\\/Buy-Nembutal-Capsules.jpg\",\"width\":600,\"height\":600},{\"@type\":\"BreadcrumbList\",\"@id\":\"https:\\\/\\\/medicinasinc.com\\\/fr\\\/product\\\/acheter-capsules-nembutal\\\/#breadcrumb\",\"itemListElement\":[{\"@type\":\"ListItem\",\"position\":1,\"name\":\"Boutique\",\"item\":\"https:\\\/\\\/medicinasinc.com\\\/fr\\\/boutique\\\/\"},{\"@type\":\"ListItem\",\"position\":2,\"name\":\"Acheter des capsules de Nembutal\"}]},{\"@type\":\"WebSite\",\"@id\":\"https:\\\/\\\/medicinasinc.com\\\/fr\\\/#website\",\"url\":\"https:\\\/\\\/medicinasinc.com\\\/fr\\\/\",\"name\":\"Medicinas Inc\",\"description\":\"Health Medical Clinic\",\"potentialAction\":[{\"@type\":\"SearchAction\",\"target\":{\"@type\":\"EntryPoint\",\"urlTemplate\":\"https:\\\/\\\/medicinasinc.com\\\/fr\\\/?s={search_term_string}\"},\"query-input\":{\"@type\":\"PropertyValueSpecification\",\"valueRequired\":true,\"valueName\":\"search_term_string\"}}],\"inLanguage\":\"en-US\"}]}<\/script>\n<!-- \/ Yoast SEO plugin. -->","yoast_head_json":{"title":"Acheter Nembutal Capsules - Commandez Nembutal Capsules - Best Global Meds","description":"Achetez \/ commandez des capsules de Nembutal, des pilules \u00e0 vendre au Royaume-Uni, en Europe, en Chine, au Japon et en Isra\u00ebl dans une pharmacie en ligne r\u00e9put\u00e9e sans ordonnance et avec une exp\u00e9dition discr\u00e8te garantie.","robots":{"index":"index","follow":"follow","max-snippet":"max-snippet:-1","max-image-preview":"max-image-preview:large","max-video-preview":"max-video-preview:-1"},"canonical":"https:\/\/medicinasinc.com\/fr\/product\/acheter-capsules-nembutal\/","og_locale":"en_US","og_type":"article","og_title":"Acheter Nembutal Capsules - Commandez Nembutal Capsules - Best Global Meds","og_description":"Achetez \/ commandez des capsules de Nembutal, des pilules \u00e0 vendre au Royaume-Uni, en Europe, en Chine, au Japon et en Isra\u00ebl dans une pharmacie en ligne r\u00e9put\u00e9e sans ordonnance et avec une exp\u00e9dition discr\u00e8te garantie.","og_url":"https:\/\/medicinasinc.com\/fr\/product\/acheter-capsules-nembutal\/","og_site_name":"Medicinas Inc","article_modified_time":"2022-08-05T10:30:12+00:00","og_image":[{"width":600,"height":600,"url":"https:\/\/medicinasinc.com\/fr\/wp-content\/uploads\/sites\/5\/2022\/02\/Buy-Nembutal-Capsules.jpg","type":"image\/jpeg"}],"twitter_card":"summary_large_image","twitter_misc":{"Est. reading time":"2 minutes"},"schema":{"@context":"https:\/\/schema.org","@graph":[{"@type":"WebPage","@id":"https:\/\/medicinasinc.com\/fr\/product\/acheter-capsules-nembutal\/","url":"https:\/\/medicinasinc.com\/fr\/product\/acheter-capsules-nembutal\/","name":"Acheter Nembutal Capsules - Commandez Nembutal Capsules - Best Global Meds","isPartOf":{"@id":"https:\/\/medicinasinc.com\/fr\/#website"},"primaryImageOfPage":{"@id":"https:\/\/medicinasinc.com\/fr\/product\/acheter-capsules-nembutal\/#primaryimage"},"image":{"@id":"https:\/\/medicinasinc.com\/fr\/product\/acheter-capsules-nembutal\/#primaryimage"},"thumbnailUrl":"https:\/\/medicinasinc.com\/fr\/wp-content\/uploads\/sites\/5\/2022\/02\/Buy-Nembutal-Capsules.jpg","datePublished":"2022-02-22T05:58:59+00:00","dateModified":"2022-08-05T10:30:12+00:00","description":"Achetez \/ commandez des capsules de Nembutal, des pilules \u00e0 vendre au Royaume-Uni, en Europe, en Chine, au Japon et en Isra\u00ebl dans une pharmacie en ligne r\u00e9put\u00e9e sans ordonnance et avec une exp\u00e9dition discr\u00e8te garantie.","breadcrumb":{"@id":"https:\/\/medicinasinc.com\/fr\/product\/acheter-capsules-nembutal\/#breadcrumb"},"inLanguage":"en-US","potentialAction":[{"@type":"ReadAction","target":["https:\/\/medicinasinc.com\/fr\/product\/acheter-capsules-nembutal\/"]}]},{"@type":"ImageObject","inLanguage":"en-US","@id":"https:\/\/medicinasinc.com\/fr\/product\/acheter-capsules-nembutal\/#primaryimage","url":"https:\/\/medicinasinc.com\/fr\/wp-content\/uploads\/sites\/5\/2022\/02\/Buy-Nembutal-Capsules.jpg","contentUrl":"https:\/\/medicinasinc.com\/fr\/wp-content\/uploads\/sites\/5\/2022\/02\/Buy-Nembutal-Capsules.jpg","width":600,"height":600},{"@type":"BreadcrumbList","@id":"https:\/\/medicinasinc.com\/fr\/product\/acheter-capsules-nembutal\/#breadcrumb","itemListElement":[{"@type":"ListItem","position":1,"name":"Boutique","item":"https:\/\/medicinasinc.com\/fr\/boutique\/"},{"@type":"ListItem","position":2,"name":"Acheter des capsules de Nembutal"}]},{"@type":"WebSite","@id":"https:\/\/medicinasinc.com\/fr\/#website","url":"https:\/\/medicinasinc.com\/fr\/","name":"Medicinas Inc","description":"Health Medical Clinic","potentialAction":[{"@type":"SearchAction","target":{"@type":"EntryPoint","urlTemplate":"https:\/\/medicinasinc.com\/fr\/?s={search_term_string}"},"query-input":{"@type":"PropertyValueSpecification","valueRequired":true,"valueName":"search_term_string"}}],"inLanguage":"en-US"}]}},"_links":{"self":[{"href":"https:\/\/medicinasinc.com\/fr\/wp-json\/wp\/v2\/product\/5777","targetHints":{"allow":["GET"]}}],"collection":[{"href":"https:\/\/medicinasinc.com\/fr\/wp-json\/wp\/v2\/product"}],"about":[{"href":"https:\/\/medicinasinc.com\/fr\/wp-json\/wp\/v2\/types\/product"}],"replies":[{"embeddable":true,"href":"https:\/\/medicinasinc.com\/fr\/wp-json\/wp\/v2\/comments?post=5777"}],"wp:featuredmedia":[{"embeddable":true,"href":"https:\/\/medicinasinc.com\/fr\/wp-json\/wp\/v2\/media\/5786"}],"wp:attachment":[{"href":"https:\/\/medicinasinc.com\/fr\/wp-json\/wp\/v2\/media?parent=5777"}],"wp:term":[{"taxonomy":"product_brand","embeddable":true,"href":"https:\/\/medicinasinc.com\/fr\/wp-json\/wp\/v2\/product_brand?post=5777"},{"taxonomy":"product_cat","embeddable":true,"href":"https:\/\/medicinasinc.com\/fr\/wp-json\/wp\/v2\/product_cat?post=5777"},{"taxonomy":"product_tag","embeddable":true,"href":"https:\/\/medicinasinc.com\/fr\/wp-json\/wp\/v2\/product_tag?post=5777"}],"curies":[{"name":"wp","href":"https:\/\/api.w.org\/{rel}","templated":true}]}}