{"id":5739,"date":"2022-02-22T05:15:21","date_gmt":"2022-02-22T05:15:21","guid":{"rendered":"https:\/\/medicinasinc.com\/fr\/?post_type=product&#038;p=5739"},"modified":"2022-03-17T11:44:21","modified_gmt":"2022-03-17T11:44:21","slug":"acheter-pyrazolam-0-5-mg-pastilles","status":"publish","type":"product","link":"https:\/\/medicinasinc.com\/fr\/product\/acheter-pyrazolam-0-5-mg-pastilles\/","title":{"rendered":"Acheter Pyrazolam 0,5 mg en pastilles"},"content":{"rendered":"<p>Palettes de pyrazolam 0,5\u00a0mg en vente au Royaume-Uni, en Europe, en Australie et dans l&#8217;Union europ\u00e9enne. Prix \u200b\u200bdu pyrazolam, livraison le lendemain de pyrazolam et o\u00f9 acheter du pyrazolam de qualit\u00e9.<\/p>\n<p>Les bitcoins peuvent \u00eatre utilis\u00e9s pour acheter des granul\u00e9s de pyrazolam de 1 mg en ligne. C16H12BrN5 est la structure mol\u00e9culaire de cette pastille de presse. Le pyrazolam peut \u00eatre difficile \u00e0 trouver.<\/p>\n<p>La classe des benzodiaz\u00e9pines comprend le pyrazolam, un tout nouveau d\u00e9presseur. La relaxation, la d\u00e9sinhibition et l&#8217;euphorie ne sont que quelques-uns des effets secondaires positifs signal\u00e9s par les gens. Achetez et commandez des pastilles de pyrazolam 2022 bon march\u00e9 sur Internet.<\/p>\n<p>Les benzodiaz\u00e9pines comme le pyrazolam et le diaz\u00e9pam ont moins d&#8217;euphorie et sont plus s\u00e9datives, elles ne sont donc pas couramment utilis\u00e9es \u00e0 des fins r\u00e9cr\u00e9atives.<\/p>\n<p> Pharmaceuticals Order Cheap 2022 Pyrazolam Pellets Online<\/p>\n<p>La prise de benzos peut produire de nombreux effets diff\u00e9rents, car ils se lient au site r\u00e9cepteur des benzodiaz\u00e9pines et am\u00e9liorent l&#8217;efficacit\u00e9 et les effets de l&#8217;acide gamma-aminobutyrique sur ses r\u00e9cepteurs.<\/p>\n<p>Les effets s\u00e9datifs ou calmants du pyazolam sur le syst\u00e8me nerveux peuvent \u00eatre attribu\u00e9s \u00e0 sa modulation de ce site, qui est l&#8217;ensemble de r\u00e9cepteurs inhibiteurs le plus prolifique du cerveau.<\/p>\n<p>L&#8217;achat de pyrazolam aupr\u00e8s d&#8217;un fournisseur r\u00e9put\u00e9 garantit que vous recevez votre commande \u00e0 temps pour l&#8217;ann\u00e9e 2021.<\/p>\n<p>Au lieu des r\u00e9cepteurs des benzodiaz\u00e9pines, les effets anticonvulsivants des benzodiaz\u00e9pines peuvent \u00eatre dus \u00e0 leur liaison aux canaux sodiques voltage-d\u00e9pendants.<\/p>\n<p>Effets sur le Corps<br \/> Vertiges<br \/> perte de fonction motrice<br \/> Relaxation des muscles<br \/> D\u00e9pression du syst\u00e8me respiratoire<br \/> Le pyazolam est moins s\u00e9datif que les autres benzodiaz\u00e9pines \u00e0 moins d&#8217;\u00eatre pris \u00e0 fortes doses, c&#8217;est pourquoi il est souvent prescrit pour traiter l&#8217;insomnie.<br \/> Effets sur l&#8217;esprit<\/p>\n<p>Les effets cognitifs du pyrazolam peuvent \u00eatre d\u00e9compos\u00e9s en plusieurs composants dont l&#8217;intensit\u00e9 augmente \u00e0 mesure que la dose augmente.<\/p>\n<p>L&#8217;achat de pyrazolam aupr\u00e8s d&#8217;un fournisseur r\u00e9put\u00e9 garantit que vous recevrez votre commander \u00e0 temps pour l&#8217;ann\u00e9e 2021.<\/p>\n<p>Beaucoup de gens d\u00e9crivent l&#8217;effet g\u00e9n\u00e9ral du pyrazolam sur l&#8217;esprit comme une l\u00e9g\u00e8re s\u00e9dation, mais avec une forte r\u00e9duction correspondante de l&#8217;anxi\u00e9t\u00e9. Il a un grand nombre d&#8217;effets cognitifs qui sont couramment associ\u00e9s \u00e0 la d\u00e9pression.<\/p>\n<p>En g\u00e9n\u00e9ral, les effets cognitifs les plus notables incluent\u00a0:<\/p>\n<p>Amn\u00e9sie<br \/> Suppression de l&#8217;anxi\u00e9t\u00e9<br \/> Ralentissement de l&#8217;esprit<br \/> Suppression de l&#8217;analyse des donn\u00e9es<br \/> D\u00e9sinhibition<br \/> R\u00e9p\u00e9tition de ses propres erreurs<br \/> Sobri\u00e9t\u00e9-d\u00e9lire\u00a0: malgr\u00e9 des preuves \u00e9videntes du contraire, telles qu&#8217;une d\u00e9ficience cognitive grave et une l&#8217;incapacit\u00e9 de communiquer pleinement avec les autres, la fausse croyance que l&#8217;on est compl\u00e8tement sobre persiste chez l&#8217;individu. &gt; <\/p>\n<p>Il n&#8217;est pas rare que les personnes prenant des benzodiaz\u00e9pines ressentent des effets secondaires inhabituels tels qu&#8217;une augmentation de la fr\u00e9quence des crises, de l&#8217;agressivit\u00e9, de l&#8217;irritabilit\u00e9 et des id\u00e9es suicidaires.<\/p>\n<p>Utilisateurs de drogues r\u00e9cr\u00e9atives, personnes atteintes de maladies mentales, enfants, et les patients sous r\u00e9gimes \u00e0 forte dose sont plus susceptibles d&#8217;\u00e9prouver e ces effets paradoxaux.<\/p>\n<p>Potentiel d&#8217;addiction et de tol\u00e9rance<\/p>\n<p>Le pyrazolam a un niveau \u00e9lev\u00e9 de d\u00e9pendance physique et mentale.<br \/> La tol\u00e9rance aux effets s\u00e9datifs-hypnotiques se d\u00e9veloppera en quelques jours d&#8217;utilisation r\u00e9guli\u00e8re du m\u00e9dicament.<\/p>\n<p>La tol\u00e9rance revient \u00e0 la normale dans les 7 \u00e0 14 jours suivant l&#8217;arr\u00eat. Il est possible, cependant, qu&#8217;en fonction de la dur\u00e9e et de l&#8217;intensit\u00e9 de votre utilisation, cela prenne beaucoup plus de temps.<\/p>\n<p>Apr\u00e8s quelques semaines ou plus de dosage r\u00e9gulier, des sympt\u00f4mes de sevrage ou des sympt\u00f4mes de rebond peuvent survenir, n\u00e9cessitant un r\u00e9duction progressive de la dose.<\/p>\n<p>Interactions pouvant \u00eatre nocives. Acheter du pyrazolam en ligne, commander des pastilles de pyrazolam 2022<\/p>\n<p>De nombreux m\u00e9dicaments sont s\u00fbrs en eux-m\u00eames, mais lorsqu&#8217;ils sont combin\u00e9s avec d&#8217;autres substances, ils peuvent \u00eatre dangereux et m\u00eame mettre la vie en danger. Quelques-unes des combinaisons les plus dangereuses sont \u00e9num\u00e9r\u00e9es ci-dessous, mais c&#8217;est par pas une liste exhaustive.<\/p>\n<p>Cependant, m\u00eame \u00e0 faible dose, certaines combinaisons peuvent augmenter le risque de d\u00e9c\u00e8s. Avant de consommer un m\u00e9lange de deux substances ou plus, des recherches ind\u00e9pendantes doivent \u00eatre men\u00e9es pour s&#8217;assurer qu&#8217;il est s\u00fbr.<\/p>\n<p>Combiner un d\u00e9presseur avec un autre d\u00e9presseur peut entra\u00eener une d\u00e9pression respiratoire dangereuse, voire mortelle. \u00c0 fortes doses, le rel\u00e2chement musculaire, la s\u00e9dation et l&#8217;amn\u00e9sie provoqu\u00e9s par chacun de ces m\u00e9dicaments peuvent \u00eatre amplifi\u00e9s jusqu&#8217;\u00e0 une perte de conscience inattendue.<\/p>\n<p>En raison de cette association, le risque de vomissements et de d\u00e9c\u00e8s par suffocation pendant l&#8217;inconscience est augment\u00e9e. Les personnes qui en souffrent devraient essayer de dormir en position de r\u00e9cup\u00e9ration ou demander \u00e0 un ami de les y d\u00e9placer.<\/p>\n<p>Les benzodiaz\u00e9pines et les stimulants ne doivent pas \u00eatre combin\u00e9s en raison du risque d&#8217;intoxication excessive. L&#8217;effet s\u00e9datif des benzodiaz\u00e9pines est att\u00e9nu\u00e9 par les stimulants, ce qui est la principale consid\u00e9ration pour la plupart des gens lorsqu&#8217;ils \u00e9valuent leur niveau d&#8217;intoxication.<\/p>\n","protected":false},"excerpt":{"rendered":"<p>Au Royaume-Uni, en Europe, en Australie et dans l&#8217;UE, des pastilles de Pyrazolam 0,5\u00a0mg sont disponibles \u00e0 l&#8217;achat. Achetez du pyrazolam en ligne, exp\u00e9dition de nuit au pyrazolam, co\u00fbt du pyrazolam.<\/p>\n<p>Achetez 1 mg de granul\u00e9s de pyrazolam avec Bitcoin dans une pharmacie en ligne. C16H12BrN5 est la structure mol\u00e9culaire de cette pastille de presse chimique. le pyrazolam peut \u00eatre difficile \u00e0 trouver.<\/p>\n<p>Les pastilles de pyrazolam \u00e0 0,5 mg sont disponibles \u00e0 l&#8217;achat en ligne. Selon la th\u00e9orie, le pyrazolam devrait causer moins d&#8217;ataxie et de s\u00e9dation que d&#8217;autres agents. Parce qu&#8217;il n&#8217;a pas de m\u00e9tabolites actifs, le pyrazolam a une demi-vie plus longue (6 heures en moyenne) et un effet plus lin\u00e9aire que la plupart des autres benzodiaz\u00e9pines.<\/p>\n","protected":false},"featured_media":5751,"comment_status":"open","ping_status":"closed","template":"","meta":[],"product_brand":[],"product_cat":[59],"product_tag":[3802,3807,3799,3800,3803,3801,3797,3804,3805,3806,3810,3809,3814,3817,3816,3812,3808,3811,3798,3815,3813],"class_list":{"0":"post-5739","1":"product","2":"type-product","3":"status-publish","4":"has-post-thumbnail","6":"product_cat-produits-chimiques-de-recherche","7":"product_tag-acheter-pyrazolam-pres-de-moi","8":"product_tag-achat-pyrazolam","9":"product_tag-acheter-pyrazolam-0-5-mg","10":"product_tag-acheter-pyrazolam-0-5-mg-pastilles","11":"product_tag-acheter-pyrazolam-en-ligne","12":"product_tag-acheter-pyrazolam-europe","13":"product_tag-best-place-to-order-pyrazolam-0-5-mg-pallets","14":"product_tag-ordre-pyrazolam","15":"product_tag-commander-pyrazolam-0-5-palettes","16":"product_tag-commande-pyrazolam-fr","17":"product_tag-effet-pyrazolam","18":"product_tag-examen-du-pyrazolam-0-5-mg","19":"product_tag-fournisseur-de-pyrazolam","20":"product_tag-o-acheter-pyrazolam-0-5-mg","21":"product_tag-o-puis-je-fines-palettes-pyrazolam","22":"product_tag-prix-du-pyrazolam","23":"product_tag-pyrazolam-0-5-mg-en-vente","24":"product_tag-pyrazolam--vendre","25":"product_tag-pyrazolam-de-meilleure-qualit","26":"product_tag-pyrazolam-wholesale","27":"product_tag-pyrazolam-vente","29":"first","30":"instock","31":"shipping-taxable","32":"purchasable","33":"product-type-variable","34":"has-default-attributes"},"yoast_head":"<!-- This site is optimized with the Yoast SEO plugin v27.3 - https:\/\/yoast.com\/product\/yoast-seo-wordpress\/ -->\n<title>Acheter Pyrazolam 0,5 mg en pastilles - Pyrazolam 0,5 mg - Best Global Meds<\/title>\n<meta name=\"description\" content=\"Achetez des granul\u00e9s de pyrazolam 0,5 mg \u00e0 vendre au Royaume-Uni, en Europe, dans l&#039;UA, dans l&#039;UE.\" \/>\n<meta name=\"robots\" content=\"index, follow, max-snippet:-1, max-image-preview:large, max-video-preview:-1\" \/>\n<link rel=\"canonical\" href=\"https:\/\/medicinasinc.com\/fr\/product\/acheter-pyrazolam-0-5-mg-pastilles\/\" \/>\n<meta property=\"og:locale\" content=\"en_US\" \/>\n<meta property=\"og:type\" content=\"article\" \/>\n<meta property=\"og:title\" content=\"Acheter Pyrazolam 0,5 mg en pastilles - Pyrazolam 0,5 mg - Best Global Meds\" \/>\n<meta property=\"og:description\" content=\"Achetez des granul\u00e9s de pyrazolam 0,5 mg \u00e0 vendre au Royaume-Uni, en Europe, dans l&#039;UA, dans l&#039;UE.\" \/>\n<meta property=\"og:url\" content=\"https:\/\/medicinasinc.com\/fr\/product\/acheter-pyrazolam-0-5-mg-pastilles\/\" \/>\n<meta property=\"og:site_name\" content=\"Medicinas Inc\" \/>\n<meta property=\"article:modified_time\" content=\"2022-03-17T11:44:21+00:00\" \/>\n<meta property=\"og:image\" content=\"https:\/\/medicinasinc.com\/fr\/wp-content\/uploads\/sites\/5\/2022\/02\/buy-pyrazolam-0-5-mg-pellets-online.jpg\" \/>\n\t<meta property=\"og:image:width\" content=\"600\" \/>\n\t<meta property=\"og:image:height\" content=\"600\" \/>\n\t<meta property=\"og:image:type\" content=\"image\/jpeg\" \/>\n<meta name=\"twitter:card\" content=\"summary_large_image\" \/>\n<meta name=\"twitter:label1\" content=\"Est. reading time\" \/>\n\t<meta name=\"twitter:data1\" content=\"4 minutes\" \/>\n<script type=\"application\/ld+json\" class=\"yoast-schema-graph\">{\"@context\":\"https:\\\/\\\/schema.org\",\"@graph\":[{\"@type\":\"WebPage\",\"@id\":\"https:\\\/\\\/medicinasinc.com\\\/fr\\\/product\\\/acheter-pyrazolam-0-5-mg-pastilles\\\/\",\"url\":\"https:\\\/\\\/medicinasinc.com\\\/fr\\\/product\\\/acheter-pyrazolam-0-5-mg-pastilles\\\/\",\"name\":\"Acheter Pyrazolam 0,5 mg en pastilles - Pyrazolam 0,5 mg - Best Global Meds\",\"isPartOf\":{\"@id\":\"https:\\\/\\\/medicinasinc.com\\\/fr\\\/#website\"},\"primaryImageOfPage\":{\"@id\":\"https:\\\/\\\/medicinasinc.com\\\/fr\\\/product\\\/acheter-pyrazolam-0-5-mg-pastilles\\\/#primaryimage\"},\"image\":{\"@id\":\"https:\\\/\\\/medicinasinc.com\\\/fr\\\/product\\\/acheter-pyrazolam-0-5-mg-pastilles\\\/#primaryimage\"},\"thumbnailUrl\":\"https:\\\/\\\/medicinasinc.com\\\/fr\\\/wp-content\\\/uploads\\\/sites\\\/5\\\/2022\\\/02\\\/buy-pyrazolam-0-5-mg-pellets-online.jpg\",\"datePublished\":\"2022-02-22T05:15:21+00:00\",\"dateModified\":\"2022-03-17T11:44:21+00:00\",\"description\":\"Achetez des granul\u00e9s de pyrazolam 0,5 mg \u00e0 vendre au Royaume-Uni, en Europe, dans l'UA, dans l'UE.\",\"breadcrumb\":{\"@id\":\"https:\\\/\\\/medicinasinc.com\\\/fr\\\/product\\\/acheter-pyrazolam-0-5-mg-pastilles\\\/#breadcrumb\"},\"inLanguage\":\"en-US\",\"potentialAction\":[{\"@type\":\"ReadAction\",\"target\":[\"https:\\\/\\\/medicinasinc.com\\\/fr\\\/product\\\/acheter-pyrazolam-0-5-mg-pastilles\\\/\"]}]},{\"@type\":\"ImageObject\",\"inLanguage\":\"en-US\",\"@id\":\"https:\\\/\\\/medicinasinc.com\\\/fr\\\/product\\\/acheter-pyrazolam-0-5-mg-pastilles\\\/#primaryimage\",\"url\":\"https:\\\/\\\/medicinasinc.com\\\/fr\\\/wp-content\\\/uploads\\\/sites\\\/5\\\/2022\\\/02\\\/buy-pyrazolam-0-5-mg-pellets-online.jpg\",\"contentUrl\":\"https:\\\/\\\/medicinasinc.com\\\/fr\\\/wp-content\\\/uploads\\\/sites\\\/5\\\/2022\\\/02\\\/buy-pyrazolam-0-5-mg-pellets-online.jpg\",\"width\":600,\"height\":600},{\"@type\":\"BreadcrumbList\",\"@id\":\"https:\\\/\\\/medicinasinc.com\\\/fr\\\/product\\\/acheter-pyrazolam-0-5-mg-pastilles\\\/#breadcrumb\",\"itemListElement\":[{\"@type\":\"ListItem\",\"position\":1,\"name\":\"Boutique\",\"item\":\"https:\\\/\\\/medicinasinc.com\\\/fr\\\/boutique\\\/\"},{\"@type\":\"ListItem\",\"position\":2,\"name\":\"Acheter Pyrazolam 0,5 mg en pastilles\"}]},{\"@type\":\"WebSite\",\"@id\":\"https:\\\/\\\/medicinasinc.com\\\/fr\\\/#website\",\"url\":\"https:\\\/\\\/medicinasinc.com\\\/fr\\\/\",\"name\":\"Medicinas Inc\",\"description\":\"Health Medical Clinic\",\"potentialAction\":[{\"@type\":\"SearchAction\",\"target\":{\"@type\":\"EntryPoint\",\"urlTemplate\":\"https:\\\/\\\/medicinasinc.com\\\/fr\\\/?s={search_term_string}\"},\"query-input\":{\"@type\":\"PropertyValueSpecification\",\"valueRequired\":true,\"valueName\":\"search_term_string\"}}],\"inLanguage\":\"en-US\"}]}<\/script>\n<!-- \/ Yoast SEO plugin. -->","yoast_head_json":{"title":"Acheter Pyrazolam 0,5 mg en pastilles - Pyrazolam 0,5 mg - Best Global Meds","description":"Achetez des granul\u00e9s de pyrazolam 0,5 mg \u00e0 vendre au Royaume-Uni, en Europe, dans l'UA, dans l'UE.","robots":{"index":"index","follow":"follow","max-snippet":"max-snippet:-1","max-image-preview":"max-image-preview:large","max-video-preview":"max-video-preview:-1"},"canonical":"https:\/\/medicinasinc.com\/fr\/product\/acheter-pyrazolam-0-5-mg-pastilles\/","og_locale":"en_US","og_type":"article","og_title":"Acheter Pyrazolam 0,5 mg en pastilles - Pyrazolam 0,5 mg - Best Global Meds","og_description":"Achetez des granul\u00e9s de pyrazolam 0,5 mg \u00e0 vendre au Royaume-Uni, en Europe, dans l'UA, dans l'UE.","og_url":"https:\/\/medicinasinc.com\/fr\/product\/acheter-pyrazolam-0-5-mg-pastilles\/","og_site_name":"Medicinas Inc","article_modified_time":"2022-03-17T11:44:21+00:00","og_image":[{"width":600,"height":600,"url":"https:\/\/medicinasinc.com\/fr\/wp-content\/uploads\/sites\/5\/2022\/02\/buy-pyrazolam-0-5-mg-pellets-online.jpg","type":"image\/jpeg"}],"twitter_card":"summary_large_image","twitter_misc":{"Est. reading time":"4 minutes"},"schema":{"@context":"https:\/\/schema.org","@graph":[{"@type":"WebPage","@id":"https:\/\/medicinasinc.com\/fr\/product\/acheter-pyrazolam-0-5-mg-pastilles\/","url":"https:\/\/medicinasinc.com\/fr\/product\/acheter-pyrazolam-0-5-mg-pastilles\/","name":"Acheter Pyrazolam 0,5 mg en pastilles - Pyrazolam 0,5 mg - Best Global Meds","isPartOf":{"@id":"https:\/\/medicinasinc.com\/fr\/#website"},"primaryImageOfPage":{"@id":"https:\/\/medicinasinc.com\/fr\/product\/acheter-pyrazolam-0-5-mg-pastilles\/#primaryimage"},"image":{"@id":"https:\/\/medicinasinc.com\/fr\/product\/acheter-pyrazolam-0-5-mg-pastilles\/#primaryimage"},"thumbnailUrl":"https:\/\/medicinasinc.com\/fr\/wp-content\/uploads\/sites\/5\/2022\/02\/buy-pyrazolam-0-5-mg-pellets-online.jpg","datePublished":"2022-02-22T05:15:21+00:00","dateModified":"2022-03-17T11:44:21+00:00","description":"Achetez des granul\u00e9s de pyrazolam 0,5 mg \u00e0 vendre au Royaume-Uni, en Europe, dans l'UA, dans l'UE.","breadcrumb":{"@id":"https:\/\/medicinasinc.com\/fr\/product\/acheter-pyrazolam-0-5-mg-pastilles\/#breadcrumb"},"inLanguage":"en-US","potentialAction":[{"@type":"ReadAction","target":["https:\/\/medicinasinc.com\/fr\/product\/acheter-pyrazolam-0-5-mg-pastilles\/"]}]},{"@type":"ImageObject","inLanguage":"en-US","@id":"https:\/\/medicinasinc.com\/fr\/product\/acheter-pyrazolam-0-5-mg-pastilles\/#primaryimage","url":"https:\/\/medicinasinc.com\/fr\/wp-content\/uploads\/sites\/5\/2022\/02\/buy-pyrazolam-0-5-mg-pellets-online.jpg","contentUrl":"https:\/\/medicinasinc.com\/fr\/wp-content\/uploads\/sites\/5\/2022\/02\/buy-pyrazolam-0-5-mg-pellets-online.jpg","width":600,"height":600},{"@type":"BreadcrumbList","@id":"https:\/\/medicinasinc.com\/fr\/product\/acheter-pyrazolam-0-5-mg-pastilles\/#breadcrumb","itemListElement":[{"@type":"ListItem","position":1,"name":"Boutique","item":"https:\/\/medicinasinc.com\/fr\/boutique\/"},{"@type":"ListItem","position":2,"name":"Acheter Pyrazolam 0,5 mg en pastilles"}]},{"@type":"WebSite","@id":"https:\/\/medicinasinc.com\/fr\/#website","url":"https:\/\/medicinasinc.com\/fr\/","name":"Medicinas Inc","description":"Health Medical Clinic","potentialAction":[{"@type":"SearchAction","target":{"@type":"EntryPoint","urlTemplate":"https:\/\/medicinasinc.com\/fr\/?s={search_term_string}"},"query-input":{"@type":"PropertyValueSpecification","valueRequired":true,"valueName":"search_term_string"}}],"inLanguage":"en-US"}]}},"_links":{"self":[{"href":"https:\/\/medicinasinc.com\/fr\/wp-json\/wp\/v2\/product\/5739","targetHints":{"allow":["GET"]}}],"collection":[{"href":"https:\/\/medicinasinc.com\/fr\/wp-json\/wp\/v2\/product"}],"about":[{"href":"https:\/\/medicinasinc.com\/fr\/wp-json\/wp\/v2\/types\/product"}],"replies":[{"embeddable":true,"href":"https:\/\/medicinasinc.com\/fr\/wp-json\/wp\/v2\/comments?post=5739"}],"wp:featuredmedia":[{"embeddable":true,"href":"https:\/\/medicinasinc.com\/fr\/wp-json\/wp\/v2\/media\/5751"}],"wp:attachment":[{"href":"https:\/\/medicinasinc.com\/fr\/wp-json\/wp\/v2\/media?parent=5739"}],"wp:term":[{"taxonomy":"product_brand","embeddable":true,"href":"https:\/\/medicinasinc.com\/fr\/wp-json\/wp\/v2\/product_brand?post=5739"},{"taxonomy":"product_cat","embeddable":true,"href":"https:\/\/medicinasinc.com\/fr\/wp-json\/wp\/v2\/product_cat?post=5739"},{"taxonomy":"product_tag","embeddable":true,"href":"https:\/\/medicinasinc.com\/fr\/wp-json\/wp\/v2\/product_tag?post=5739"}],"curies":[{"name":"wp","href":"https:\/\/api.w.org\/{rel}","templated":true}]}}