{"id":5735,"date":"2022-02-22T05:09:43","date_gmt":"2022-02-22T05:09:43","guid":{"rendered":"https:\/\/medicinasinc.com\/fr\/?post_type=product&#038;p=5735"},"modified":"2022-03-17T11:44:32","modified_gmt":"2022-03-17T11:44:32","slug":"acheter-al-lad-poudre","status":"publish","type":"product","link":"https:\/\/medicinasinc.com\/fr\/product\/acheter-al-lad-poudre\/","title":{"rendered":"Acheter de la poudre d&#8217;al-lad"},"content":{"rendered":"<p>Achetez de la poudre d&#8217;al-lad au Royaume-Uni, en Europe, en Australie et dans l&#8217;UE, et obtenez-la d&#8217;ici 2022 \u00e0 un prix avantageux. Ventes de poudre Al-lad, o\u00f9 acheter de la poudre al-lad livraison le lendemain.<\/p>\n<p>AL-LAD en poudre. Grossiste et fournisseur de mati\u00e8res premi\u00e8res pharmaceutiques pures \u00e0 99 %, de produits chimiques de recherche et de m\u00e9dicaments g\u00e9n\u00e9riques, y compris la poudre AL-LAD. Un emballage \u00e0 la fois s\u00e9curis\u00e9 et discret, ainsi qu&#8217;une exp\u00e9dition suivie.<\/p>\n<p>Un analogue du di\u00e9thylamide de l&#8217;acide lysergique connu sous le nom d&#8217;AL-LAD, ou 6-allyl-6-nor-LSD, est un produit chimique compos\u00e9 (LSD). Une drogue psychoactive semblable au LSD de la classe des lysergamides, elle est administr\u00e9e pour produire les m\u00eames effets psych\u00e9d\u00e9liques.<\/p>\n<p>Des informations rapides et sales<\/p>\n<p>AL-LAD est le nom du produit.<br \/> 6-6-nor-6-allyl-6-nor, AL-LAD<br \/> -LSD<br \/> Num\u00e9ro CAS\u00a0: 65527-61-9<br \/> C22H27N3O est la formule mol\u00e9culaire<br \/> L&#8217;Union internationale de chimie pure et appliqu\u00e9e (6aR,9R)<br \/> -N,N-di\u00e9thyl-7-prop<br \/> -2-\u00e9nyl-6,6a,8,9<br \/> -t\u00e9trahydro- 4H-indolo[4,3-fg]<br \/> quinoline-9-carboxamide<br \/> Le poids mol\u00e9culaire est de 349,5 g\/mol.<br \/> 99,5 % exempt d&#8217;impuret\u00e9s<br \/> Blanc ou blanc cass\u00e9 poudre cristalline en apparence<\/p>\n<p>Fournisseur de poudre AL-LAD<\/p>\n<p>Sur le march\u00e9 des mati\u00e8res premi\u00e8res pharmaceutiques, nous sommes bien connus pour la large gamme de produits que nous proposons et pour fournir des gouttes fiables services d&#8217;exp\u00e9dition de m\u00e9dicaments g\u00e9n\u00e9riques de la plus haute qualit\u00e9. L&#8217;objectif du grossiste en poudre AL-LAD est de fournir aux clients des produits de haute qualit\u00e9 \u00e0 des prix comp\u00e9titifs.<\/p>\n","protected":false},"excerpt":{"rendered":"<div class=\"woocommerce-product-details__short-description\">\n<p>Acheter de la poudre al-lad \u00e0 vendre au Royaume-Uni, en Europe, dans l&#8217;UA, dans l&#8217;UE, Commander de la poudre al-lad bon march\u00e9 2022, O\u00f9 acheter de la poudre al-lad de haute qualit\u00e9 powder Overnight Delivery, al-lad powder sales.<\/p>\n<p>Achetez AL-LAD Powder Europe aupr\u00e8s d&#8217;un fournisseur de confiance de produits chimiques de recherche. La poudre AL-LAD est vendue par un grossiste qui exp\u00e9die depuis l&#8217;UE.<\/p>\n<p>Les personnes qui souhaitent acheter la poudre AL-LAD peuvent l&#8217;obtenir au meilleur prix. Il contient des lysergamides et d&#8217;autres compos\u00e9s de haute qualit\u00e9. Les prix les plus bas. Il y a une remise. L&#8217;exp\u00e9dition dans le monde entier est rapide.<\/p>\n<p>Achetez Al-lad Powder en ligne. Le di\u00e9thylamide de l&#8217;acide 6-allyl-6-nor-lysergique, \u00e9galement connu sous le nom d&#8217;Aladdin, est une drogue hallucinog\u00e8ne semi-synth\u00e9tique qui peut rendre les gens fous.<\/p>\n<table class=\"table\" style=\"height: 249px\" width=\"455\">\n<tbody>\n<tr>\n<th><\/th>\n<td><\/td>\n<\/tr>\n<tr>\n<th>Quantit\u00e9 minimale de commande\u00a0:<\/th>\n<td>20\u00a0g<\/td>\n<\/tr>\n<tr>\n<th>Capacit\u00e9 d&#8217;approvisionnement\u00a0:<\/th>\n<td>100\u00a0Kg\/mois<\/td>\n<\/tr>\n<tr>\n<th>Port\u00a0:<\/th>\n<td> Varsovie, Pays-Bas<\/td>\n<\/tr>\n<tr>\n<th>Conditions de paiement\u00a0:<\/th>\n<td>Virement bancaire, Bitcoin, WU\/MG, Autre<\/td>\n<\/tr>\n<tr>\n<th>D\u00e9tails d&#8217;emballage\u00a0:<\/th>\n<td>Selon la demande du client<\/td>\n<\/tr>\n<tr>\n<th>D\u00e9tails de livraison\u00a0:<\/th>\n<td>Exp\u00e9dition express, DPD, Pharma Courier EU<\/td>\n<\/tr>\n<\/tbody>\n<\/table><\/div>\n","protected":false},"featured_media":5747,"comment_status":"open","ping_status":"closed","template":"","meta":[],"product_brand":[],"product_cat":[59],"product_tag":[3783,3785,3786,3784,3787,3788,3757,3758,3759,3760,3761,3763,3768,3765,3766,3771,3772,3773,3778,3779,3780,3782,3791,3781,3790,3793,3767,3762,3789,3764,3776,3794,3795,3796,3770,3769,3792,3774,3775,3777],"class_list":{"0":"post-5735","1":"product","2":"type-product","3":"status-publish","4":"has-post-thumbnail","6":"product_cat-produits-chimiques-de-recherche","7":"product_tag-acheter-al-lad-canada","8":"product_tag-acheter-al-lad-uk","9":"product_tag-acheter-al-lad-en-ligne","10":"product_tag-acheter-al-lad-poudre","11":"product_tag-buy-al-lad-poudre-australie","12":"product_tag-acheter-al-lad-poudre-europe","13":"product_tag-al-lad-safety","14":"product_tag-al-lad-supplier","15":"product_tag-al-lad-buy","16":"product_tag-al-lad-dosage","17":"product_tag-al-lad-drogue","18":"product_tag-al-lad-erowid","19":"product_tag-al-lad-poudre-europe","20":"product_tag-al-lad-powder-buy","21":"product_tag-al-lad-powder-china","22":"product_tag-al-lad-powder-prices","23":"product_tag-al-lad-powder-review","24":"product_tag-al-lad-powder-reviews","25":"product_tag-al-lad-reddit","26":"product_tag-al-lad-trip-report","27":"product_tag-al-lad-vendor","28":"product_tag-best-quality-al-lad-powder","29":"product_tag-commander-al-lad-poudre","30":"product_tag-d-c3-a9j-c3-a0-lou-c3-a9-l-c3-a9galit-c3-a9","31":"product_tag-easychems-review","32":"product_tag-sample-al-lad-poudre","33":"product_tag-effet-poudr-al-lad","34":"product_tag-effets-al-lad","35":"product_tag-revue-easy-chems","36":"product_tag-exprience-al-lad","37":"product_tag-al-lad-poudre-fournisseur","38":"product_tag-o-acheter-al-lad","39":"product_tag-o-acheter-al-lad-poudre","40":"product_tag-o-commander-al-lad-poudre","41":"product_tag-al-lad-poudre-en-vente-en-ligne","42":"product_tag-al-lad-poudre--vendre","43":"product_tag-purchase-al-lad-powder","44":"product_tag-al-lad-poudre-vente","45":"product_tag-al-lad-poudre-ventes","46":"product_tag-al-lad-poudre-vente-en-gros","48":"first","49":"instock","50":"shipping-taxable","51":"purchasable","52":"product-type-variable","53":"has-default-attributes"},"yoast_head":"<!-- This site is optimized with the Yoast SEO plugin v27.3 - https:\/\/yoast.com\/product\/yoast-seo-wordpress\/ -->\n<title>Acheter de la poudre d&#039;al-lad - Poudre d&#039;al-lad \u00e0 vendre - Best Global Meds<\/title>\n<meta name=\"description\" content=\"Acheter de la poudre al-lad \u00e0 vendre au Royaume-Uni, en Europe, dans l&#039;UA, dans l&#039;UE, Commander de la poudre al-lad bon march\u00e9 2022, O\u00f9 acheter de la poudre al-lad de haute qualit\u00e9 Livraison le lendemain, vente de poudre al-lad.\" \/>\n<meta name=\"robots\" content=\"index, follow, max-snippet:-1, max-image-preview:large, max-video-preview:-1\" \/>\n<link rel=\"canonical\" href=\"https:\/\/medicinasinc.com\/fr\/product\/acheter-al-lad-poudre\/\" \/>\n<meta property=\"og:locale\" content=\"en_US\" \/>\n<meta property=\"og:type\" content=\"article\" \/>\n<meta property=\"og:title\" content=\"Acheter de la poudre d&#039;al-lad - Poudre d&#039;al-lad \u00e0 vendre - Best Global Meds\" \/>\n<meta property=\"og:description\" content=\"Acheter de la poudre al-lad \u00e0 vendre au Royaume-Uni, en Europe, dans l&#039;UA, dans l&#039;UE, Commander de la poudre al-lad bon march\u00e9 2022, O\u00f9 acheter de la poudre al-lad de haute qualit\u00e9 Livraison le lendemain, vente de poudre al-lad.\" \/>\n<meta property=\"og:url\" content=\"https:\/\/medicinasinc.com\/fr\/product\/acheter-al-lad-poudre\/\" \/>\n<meta property=\"og:site_name\" content=\"Medicinas Inc\" \/>\n<meta property=\"article:modified_time\" content=\"2022-03-17T11:44:32+00:00\" \/>\n<meta property=\"og:image\" content=\"https:\/\/medicinasinc.com\/fr\/wp-content\/uploads\/sites\/5\/2022\/02\/Buy-al-lad-powder.jpg\" \/>\n\t<meta property=\"og:image:width\" content=\"931\" \/>\n\t<meta property=\"og:image:height\" content=\"799\" \/>\n\t<meta property=\"og:image:type\" content=\"image\/jpeg\" \/>\n<meta name=\"twitter:card\" content=\"summary_large_image\" \/>\n<meta name=\"twitter:label1\" content=\"Est. reading time\" \/>\n\t<meta name=\"twitter:data1\" content=\"1 minute\" \/>\n<script type=\"application\/ld+json\" class=\"yoast-schema-graph\">{\"@context\":\"https:\\\/\\\/schema.org\",\"@graph\":[{\"@type\":\"WebPage\",\"@id\":\"https:\\\/\\\/medicinasinc.com\\\/fr\\\/product\\\/acheter-al-lad-poudre\\\/\",\"url\":\"https:\\\/\\\/medicinasinc.com\\\/fr\\\/product\\\/acheter-al-lad-poudre\\\/\",\"name\":\"Acheter de la poudre d'al-lad - Poudre d'al-lad \u00e0 vendre - Best Global Meds\",\"isPartOf\":{\"@id\":\"https:\\\/\\\/medicinasinc.com\\\/fr\\\/#website\"},\"primaryImageOfPage\":{\"@id\":\"https:\\\/\\\/medicinasinc.com\\\/fr\\\/product\\\/acheter-al-lad-poudre\\\/#primaryimage\"},\"image\":{\"@id\":\"https:\\\/\\\/medicinasinc.com\\\/fr\\\/product\\\/acheter-al-lad-poudre\\\/#primaryimage\"},\"thumbnailUrl\":\"https:\\\/\\\/medicinasinc.com\\\/fr\\\/wp-content\\\/uploads\\\/sites\\\/5\\\/2022\\\/02\\\/Buy-al-lad-powder.jpg\",\"datePublished\":\"2022-02-22T05:09:43+00:00\",\"dateModified\":\"2022-03-17T11:44:32+00:00\",\"description\":\"Acheter de la poudre al-lad \u00e0 vendre au Royaume-Uni, en Europe, dans l'UA, dans l'UE, Commander de la poudre al-lad bon march\u00e9 2022, O\u00f9 acheter de la poudre al-lad de haute qualit\u00e9 Livraison le lendemain, vente de poudre al-lad.\",\"breadcrumb\":{\"@id\":\"https:\\\/\\\/medicinasinc.com\\\/fr\\\/product\\\/acheter-al-lad-poudre\\\/#breadcrumb\"},\"inLanguage\":\"en-US\",\"potentialAction\":[{\"@type\":\"ReadAction\",\"target\":[\"https:\\\/\\\/medicinasinc.com\\\/fr\\\/product\\\/acheter-al-lad-poudre\\\/\"]}]},{\"@type\":\"ImageObject\",\"inLanguage\":\"en-US\",\"@id\":\"https:\\\/\\\/medicinasinc.com\\\/fr\\\/product\\\/acheter-al-lad-poudre\\\/#primaryimage\",\"url\":\"https:\\\/\\\/medicinasinc.com\\\/fr\\\/wp-content\\\/uploads\\\/sites\\\/5\\\/2022\\\/02\\\/Buy-al-lad-powder.jpg\",\"contentUrl\":\"https:\\\/\\\/medicinasinc.com\\\/fr\\\/wp-content\\\/uploads\\\/sites\\\/5\\\/2022\\\/02\\\/Buy-al-lad-powder.jpg\",\"width\":931,\"height\":799},{\"@type\":\"BreadcrumbList\",\"@id\":\"https:\\\/\\\/medicinasinc.com\\\/fr\\\/product\\\/acheter-al-lad-poudre\\\/#breadcrumb\",\"itemListElement\":[{\"@type\":\"ListItem\",\"position\":1,\"name\":\"Boutique\",\"item\":\"https:\\\/\\\/medicinasinc.com\\\/fr\\\/boutique\\\/\"},{\"@type\":\"ListItem\",\"position\":2,\"name\":\"Acheter de la poudre d&#8217;al-lad\"}]},{\"@type\":\"WebSite\",\"@id\":\"https:\\\/\\\/medicinasinc.com\\\/fr\\\/#website\",\"url\":\"https:\\\/\\\/medicinasinc.com\\\/fr\\\/\",\"name\":\"Medicinas Inc\",\"description\":\"Health Medical Clinic\",\"potentialAction\":[{\"@type\":\"SearchAction\",\"target\":{\"@type\":\"EntryPoint\",\"urlTemplate\":\"https:\\\/\\\/medicinasinc.com\\\/fr\\\/?s={search_term_string}\"},\"query-input\":{\"@type\":\"PropertyValueSpecification\",\"valueRequired\":true,\"valueName\":\"search_term_string\"}}],\"inLanguage\":\"en-US\"}]}<\/script>\n<!-- \/ Yoast SEO plugin. -->","yoast_head_json":{"title":"Acheter de la poudre d'al-lad - Poudre d'al-lad \u00e0 vendre - Best Global Meds","description":"Acheter de la poudre al-lad \u00e0 vendre au Royaume-Uni, en Europe, dans l'UA, dans l'UE, Commander de la poudre al-lad bon march\u00e9 2022, O\u00f9 acheter de la poudre al-lad de haute qualit\u00e9 Livraison le lendemain, vente de poudre al-lad.","robots":{"index":"index","follow":"follow","max-snippet":"max-snippet:-1","max-image-preview":"max-image-preview:large","max-video-preview":"max-video-preview:-1"},"canonical":"https:\/\/medicinasinc.com\/fr\/product\/acheter-al-lad-poudre\/","og_locale":"en_US","og_type":"article","og_title":"Acheter de la poudre d'al-lad - Poudre d'al-lad \u00e0 vendre - Best Global Meds","og_description":"Acheter de la poudre al-lad \u00e0 vendre au Royaume-Uni, en Europe, dans l'UA, dans l'UE, Commander de la poudre al-lad bon march\u00e9 2022, O\u00f9 acheter de la poudre al-lad de haute qualit\u00e9 Livraison le lendemain, vente de poudre al-lad.","og_url":"https:\/\/medicinasinc.com\/fr\/product\/acheter-al-lad-poudre\/","og_site_name":"Medicinas Inc","article_modified_time":"2022-03-17T11:44:32+00:00","og_image":[{"width":931,"height":799,"url":"https:\/\/medicinasinc.com\/fr\/wp-content\/uploads\/sites\/5\/2022\/02\/Buy-al-lad-powder.jpg","type":"image\/jpeg"}],"twitter_card":"summary_large_image","twitter_misc":{"Est. reading time":"1 minute"},"schema":{"@context":"https:\/\/schema.org","@graph":[{"@type":"WebPage","@id":"https:\/\/medicinasinc.com\/fr\/product\/acheter-al-lad-poudre\/","url":"https:\/\/medicinasinc.com\/fr\/product\/acheter-al-lad-poudre\/","name":"Acheter de la poudre d'al-lad - Poudre d'al-lad \u00e0 vendre - Best Global Meds","isPartOf":{"@id":"https:\/\/medicinasinc.com\/fr\/#website"},"primaryImageOfPage":{"@id":"https:\/\/medicinasinc.com\/fr\/product\/acheter-al-lad-poudre\/#primaryimage"},"image":{"@id":"https:\/\/medicinasinc.com\/fr\/product\/acheter-al-lad-poudre\/#primaryimage"},"thumbnailUrl":"https:\/\/medicinasinc.com\/fr\/wp-content\/uploads\/sites\/5\/2022\/02\/Buy-al-lad-powder.jpg","datePublished":"2022-02-22T05:09:43+00:00","dateModified":"2022-03-17T11:44:32+00:00","description":"Acheter de la poudre al-lad \u00e0 vendre au Royaume-Uni, en Europe, dans l'UA, dans l'UE, Commander de la poudre al-lad bon march\u00e9 2022, O\u00f9 acheter de la poudre al-lad de haute qualit\u00e9 Livraison le lendemain, vente de poudre al-lad.","breadcrumb":{"@id":"https:\/\/medicinasinc.com\/fr\/product\/acheter-al-lad-poudre\/#breadcrumb"},"inLanguage":"en-US","potentialAction":[{"@type":"ReadAction","target":["https:\/\/medicinasinc.com\/fr\/product\/acheter-al-lad-poudre\/"]}]},{"@type":"ImageObject","inLanguage":"en-US","@id":"https:\/\/medicinasinc.com\/fr\/product\/acheter-al-lad-poudre\/#primaryimage","url":"https:\/\/medicinasinc.com\/fr\/wp-content\/uploads\/sites\/5\/2022\/02\/Buy-al-lad-powder.jpg","contentUrl":"https:\/\/medicinasinc.com\/fr\/wp-content\/uploads\/sites\/5\/2022\/02\/Buy-al-lad-powder.jpg","width":931,"height":799},{"@type":"BreadcrumbList","@id":"https:\/\/medicinasinc.com\/fr\/product\/acheter-al-lad-poudre\/#breadcrumb","itemListElement":[{"@type":"ListItem","position":1,"name":"Boutique","item":"https:\/\/medicinasinc.com\/fr\/boutique\/"},{"@type":"ListItem","position":2,"name":"Acheter de la poudre d&#8217;al-lad"}]},{"@type":"WebSite","@id":"https:\/\/medicinasinc.com\/fr\/#website","url":"https:\/\/medicinasinc.com\/fr\/","name":"Medicinas Inc","description":"Health Medical Clinic","potentialAction":[{"@type":"SearchAction","target":{"@type":"EntryPoint","urlTemplate":"https:\/\/medicinasinc.com\/fr\/?s={search_term_string}"},"query-input":{"@type":"PropertyValueSpecification","valueRequired":true,"valueName":"search_term_string"}}],"inLanguage":"en-US"}]}},"_links":{"self":[{"href":"https:\/\/medicinasinc.com\/fr\/wp-json\/wp\/v2\/product\/5735","targetHints":{"allow":["GET"]}}],"collection":[{"href":"https:\/\/medicinasinc.com\/fr\/wp-json\/wp\/v2\/product"}],"about":[{"href":"https:\/\/medicinasinc.com\/fr\/wp-json\/wp\/v2\/types\/product"}],"replies":[{"embeddable":true,"href":"https:\/\/medicinasinc.com\/fr\/wp-json\/wp\/v2\/comments?post=5735"}],"wp:featuredmedia":[{"embeddable":true,"href":"https:\/\/medicinasinc.com\/fr\/wp-json\/wp\/v2\/media\/5747"}],"wp:attachment":[{"href":"https:\/\/medicinasinc.com\/fr\/wp-json\/wp\/v2\/media?parent=5735"}],"wp:term":[{"taxonomy":"product_brand","embeddable":true,"href":"https:\/\/medicinasinc.com\/fr\/wp-json\/wp\/v2\/product_brand?post=5735"},{"taxonomy":"product_cat","embeddable":true,"href":"https:\/\/medicinasinc.com\/fr\/wp-json\/wp\/v2\/product_cat?post=5735"},{"taxonomy":"product_tag","embeddable":true,"href":"https:\/\/medicinasinc.com\/fr\/wp-json\/wp\/v2\/product_tag?post=5735"}],"curies":[{"name":"wp","href":"https:\/\/api.w.org\/{rel}","templated":true}]}}