{"id":5731,"date":"2022-02-22T05:03:24","date_gmt":"2022-02-22T05:03:24","guid":{"rendered":"https:\/\/medicinasinc.com\/fr\/?post_type=product&#038;p=5731"},"modified":"2022-03-17T11:44:42","modified_gmt":"2022-03-17T11:44:42","slug":"acheter-sextacy-poudre","status":"publish","type":"product","link":"https:\/\/medicinasinc.com\/fr\/product\/acheter-sextacy-poudre\/","title":{"rendered":"Acheter Sextacy Poudre"},"content":{"rendered":"<p>Assurez-vous d&#8217;acheter de la poudre Sextacy.<\/p>\n<p>Achetez de la poudre Sextacy en ligne en gros et achetez-la en grande quantit\u00e9.<\/p>\n<p>La poudre Sextacy est un nouveau produit de marque passionnant que vous pouvez acheter.<br \/> Si vous souhaitez utiliser Sextacy, vous devez l&#8217;acheter sous forme de poudre. L&#8217;ingr\u00e9dient principal est l&#8217;a-PVP.<\/p>\n<p>La force est de 5\/5. Sextacy La meilleure poudre dont l&#8217;utilisation est l\u00e9gale.<br \/> Il est temps de vous lancer dans le laboratoire avec ce nouveau et excellent produit.<\/p>\n<p>Vous pouvez acheter de la poudre Sextacy pure en ligne.<\/p>\n<div class=\"product-next-previous\">\n<div class=\"product-prev\"><\/div><\/div>\n","protected":false},"excerpt":{"rendered":"<p>Pure Quality Sextacy Powder en vente en Europe, au Royaume-Uni et en Australie peut \u00eatre achet\u00e9e sur Internet. Si vous souhaitez utiliser Sextacy, vous devez l&#8217;acheter sous forme de poudre. L&#8217;ingr\u00e9dient principal est l&#8217;a-PVP.<\/p>\n<p>Achetez Sextacy Legal High Powder sur Internet. Vous pouvez le faire<\/p>\n<p>Achetez beaucoup \u00e0 la fois Sextacy est un nouveau produit de marque passionnant que vous pouvez acheter. Sextacy est un PVP, et c&#8217;est ce que c&#8217;est.<\/p>\n<p>Il existe de nombreux sites Web sur lesquels vous pouvez acheter beaucoup de sels de bain pour beaucoup d&#8217;argent.<\/p>\n<p>En ligne, vous pouvez acheter des sels de bain sextacy aupr\u00e8s de Global Medicine. Les prix du sel de bain Sextacy \u00e0 vendre peuvent \u00eatre trouv\u00e9s en lisant ce texte<\/p>\n","protected":false},"featured_media":5742,"comment_status":"open","ping_status":"closed","template":"","meta":[],"product_brand":[],"product_cat":[59],"product_tag":[3750,3738,3735,3733,3734,3751,3732,3748,3736,3744,3739,3753,3754,3731,3756,3747,3741,3742,3749,3545,3737,3740,3743,3746,3755,3752,3745],"class_list":{"0":"post-5731","1":"product","2":"type-product","3":"status-publish","4":"has-post-thumbnail","6":"product_cat-produits-chimiques-de-recherche","7":"product_tag-sextacy-poudre-achat","8":"product_tag-sextacy-poudre-acheter","9":"product_tag-acheter-sextacy-poudre-en-ligne","10":"product_tag-acheter-sextacy-poudre","11":"product_tag-acheter-sextacy-poudre-europe","12":"product_tag-sextacy-poudre-avis","13":"product_tag-best-sextacy-powder-online","14":"product_tag-sextacy-poudre-commande","15":"product_tag-commande-sextacy-poudre","16":"product_tag-sextacy-poudre-mail","17":"product_tag-sextacy-effet-poudre","18":"product_tag-sextacy-poudre-expdition","19":"product_tag-sextacy-poudre-fournisseur","20":"product_tag-meilleure-qualit-sextacy-poudre","21":"product_tag-o-acheter-sextacy-poudre","22":"product_tag-sextacy-poudre-en-ligne","23":"product_tag-sextacy-poudre-a-vendre","24":"product_tag-sextacy-poudre-en-vente-en-ligne","25":"product_tag-sextacy-poudre-pendant-la-nuit","26":"product_tag-purchase-methoxetamine","27":"product_tag-purchase-sextacy-powder","28":"product_tag-sextacy-poudre-europe","29":"product_tag-sextacy-poudre-google","30":"product_tag-sextacy-powder-near-me","31":"product_tag-sextacy-powder-wholesale","32":"product_tag-sextacy-poudre-vente","33":"product_tag-sextacy-poudre-vente-par-correspondance","35":"first","36":"instock","37":"shipping-taxable","38":"purchasable","39":"product-type-variable","40":"has-default-attributes"},"yoast_head":"<!-- This site is optimized with the Yoast SEO plugin v27.3 - https:\/\/yoast.com\/product\/yoast-seo-wordpress\/ -->\n<title>Acheter Sextacy Powder - Ventes de Sextacy Powder - Best Global Meds<\/title>\n<meta name=\"description\" content=\"Achetez de la poudre Sextacy de qualit\u00e9 pure \u00e0 vendre en Europe, au Royaume-Uni et en ligne. L&#039;ingr\u00e9dient actif de Sextacy est l&#039;a-PVP et ce produit se pr\u00e9sente uniquement sous forme de poudre\u00a0! Commander Sextacy Poudre\" \/>\n<meta name=\"robots\" content=\"index, follow, max-snippet:-1, max-image-preview:large, max-video-preview:-1\" \/>\n<link rel=\"canonical\" href=\"https:\/\/medicinasinc.com\/fr\/product\/acheter-sextacy-poudre\/\" \/>\n<meta property=\"og:locale\" content=\"en_US\" \/>\n<meta property=\"og:type\" content=\"article\" \/>\n<meta property=\"og:title\" content=\"Acheter Sextacy Powder - Ventes de Sextacy Powder - Best Global Meds\" \/>\n<meta property=\"og:description\" content=\"Achetez de la poudre Sextacy de qualit\u00e9 pure \u00e0 vendre en Europe, au Royaume-Uni et en ligne. L&#039;ingr\u00e9dient actif de Sextacy est l&#039;a-PVP et ce produit se pr\u00e9sente uniquement sous forme de poudre\u00a0! Commander Sextacy Poudre\" \/>\n<meta property=\"og:url\" content=\"https:\/\/medicinasinc.com\/fr\/product\/acheter-sextacy-poudre\/\" \/>\n<meta property=\"og:site_name\" content=\"Medicinas Inc\" \/>\n<meta property=\"article:modified_time\" content=\"2022-03-17T11:44:42+00:00\" \/>\n<meta property=\"og:image\" content=\"https:\/\/medicinasinc.com\/fr\/wp-content\/uploads\/sites\/5\/2022\/02\/Buy-Sextacy-Powder.jpg\" \/>\n\t<meta property=\"og:image:width\" content=\"300\" \/>\n\t<meta property=\"og:image:height\" content=\"300\" \/>\n\t<meta property=\"og:image:type\" content=\"image\/jpeg\" \/>\n<meta name=\"twitter:card\" content=\"summary_large_image\" \/>\n<meta name=\"twitter:label1\" content=\"Est. reading time\" \/>\n\t<meta name=\"twitter:data1\" content=\"1 minute\" \/>\n<script type=\"application\/ld+json\" class=\"yoast-schema-graph\">{\"@context\":\"https:\\\/\\\/schema.org\",\"@graph\":[{\"@type\":\"WebPage\",\"@id\":\"https:\\\/\\\/medicinasinc.com\\\/fr\\\/product\\\/acheter-sextacy-poudre\\\/\",\"url\":\"https:\\\/\\\/medicinasinc.com\\\/fr\\\/product\\\/acheter-sextacy-poudre\\\/\",\"name\":\"Acheter Sextacy Powder - Ventes de Sextacy Powder - Best Global Meds\",\"isPartOf\":{\"@id\":\"https:\\\/\\\/medicinasinc.com\\\/fr\\\/#website\"},\"primaryImageOfPage\":{\"@id\":\"https:\\\/\\\/medicinasinc.com\\\/fr\\\/product\\\/acheter-sextacy-poudre\\\/#primaryimage\"},\"image\":{\"@id\":\"https:\\\/\\\/medicinasinc.com\\\/fr\\\/product\\\/acheter-sextacy-poudre\\\/#primaryimage\"},\"thumbnailUrl\":\"https:\\\/\\\/medicinasinc.com\\\/fr\\\/wp-content\\\/uploads\\\/sites\\\/5\\\/2022\\\/02\\\/Buy-Sextacy-Powder.jpg\",\"datePublished\":\"2022-02-22T05:03:24+00:00\",\"dateModified\":\"2022-03-17T11:44:42+00:00\",\"description\":\"Achetez de la poudre Sextacy de qualit\u00e9 pure \u00e0 vendre en Europe, au Royaume-Uni et en ligne. L'ingr\u00e9dient actif de Sextacy est l'a-PVP et ce produit se pr\u00e9sente uniquement sous forme de poudre\u00a0! Commander Sextacy Poudre\",\"breadcrumb\":{\"@id\":\"https:\\\/\\\/medicinasinc.com\\\/fr\\\/product\\\/acheter-sextacy-poudre\\\/#breadcrumb\"},\"inLanguage\":\"en-US\",\"potentialAction\":[{\"@type\":\"ReadAction\",\"target\":[\"https:\\\/\\\/medicinasinc.com\\\/fr\\\/product\\\/acheter-sextacy-poudre\\\/\"]}]},{\"@type\":\"ImageObject\",\"inLanguage\":\"en-US\",\"@id\":\"https:\\\/\\\/medicinasinc.com\\\/fr\\\/product\\\/acheter-sextacy-poudre\\\/#primaryimage\",\"url\":\"https:\\\/\\\/medicinasinc.com\\\/fr\\\/wp-content\\\/uploads\\\/sites\\\/5\\\/2022\\\/02\\\/Buy-Sextacy-Powder.jpg\",\"contentUrl\":\"https:\\\/\\\/medicinasinc.com\\\/fr\\\/wp-content\\\/uploads\\\/sites\\\/5\\\/2022\\\/02\\\/Buy-Sextacy-Powder.jpg\",\"width\":300,\"height\":300},{\"@type\":\"BreadcrumbList\",\"@id\":\"https:\\\/\\\/medicinasinc.com\\\/fr\\\/product\\\/acheter-sextacy-poudre\\\/#breadcrumb\",\"itemListElement\":[{\"@type\":\"ListItem\",\"position\":1,\"name\":\"Boutique\",\"item\":\"https:\\\/\\\/medicinasinc.com\\\/fr\\\/boutique\\\/\"},{\"@type\":\"ListItem\",\"position\":2,\"name\":\"Acheter Sextacy Poudre\"}]},{\"@type\":\"WebSite\",\"@id\":\"https:\\\/\\\/medicinasinc.com\\\/fr\\\/#website\",\"url\":\"https:\\\/\\\/medicinasinc.com\\\/fr\\\/\",\"name\":\"Medicinas Inc\",\"description\":\"Health Medical Clinic\",\"potentialAction\":[{\"@type\":\"SearchAction\",\"target\":{\"@type\":\"EntryPoint\",\"urlTemplate\":\"https:\\\/\\\/medicinasinc.com\\\/fr\\\/?s={search_term_string}\"},\"query-input\":{\"@type\":\"PropertyValueSpecification\",\"valueRequired\":true,\"valueName\":\"search_term_string\"}}],\"inLanguage\":\"en-US\"}]}<\/script>\n<!-- \/ Yoast SEO plugin. -->","yoast_head_json":{"title":"Acheter Sextacy Powder - Ventes de Sextacy Powder - Best Global Meds","description":"Achetez de la poudre Sextacy de qualit\u00e9 pure \u00e0 vendre en Europe, au Royaume-Uni et en ligne. L'ingr\u00e9dient actif de Sextacy est l'a-PVP et ce produit se pr\u00e9sente uniquement sous forme de poudre\u00a0! Commander Sextacy Poudre","robots":{"index":"index","follow":"follow","max-snippet":"max-snippet:-1","max-image-preview":"max-image-preview:large","max-video-preview":"max-video-preview:-1"},"canonical":"https:\/\/medicinasinc.com\/fr\/product\/acheter-sextacy-poudre\/","og_locale":"en_US","og_type":"article","og_title":"Acheter Sextacy Powder - Ventes de Sextacy Powder - Best Global Meds","og_description":"Achetez de la poudre Sextacy de qualit\u00e9 pure \u00e0 vendre en Europe, au Royaume-Uni et en ligne. L'ingr\u00e9dient actif de Sextacy est l'a-PVP et ce produit se pr\u00e9sente uniquement sous forme de poudre\u00a0! Commander Sextacy Poudre","og_url":"https:\/\/medicinasinc.com\/fr\/product\/acheter-sextacy-poudre\/","og_site_name":"Medicinas Inc","article_modified_time":"2022-03-17T11:44:42+00:00","og_image":[{"width":300,"height":300,"url":"https:\/\/medicinasinc.com\/fr\/wp-content\/uploads\/sites\/5\/2022\/02\/Buy-Sextacy-Powder.jpg","type":"image\/jpeg"}],"twitter_card":"summary_large_image","twitter_misc":{"Est. reading time":"1 minute"},"schema":{"@context":"https:\/\/schema.org","@graph":[{"@type":"WebPage","@id":"https:\/\/medicinasinc.com\/fr\/product\/acheter-sextacy-poudre\/","url":"https:\/\/medicinasinc.com\/fr\/product\/acheter-sextacy-poudre\/","name":"Acheter Sextacy Powder - Ventes de Sextacy Powder - Best Global Meds","isPartOf":{"@id":"https:\/\/medicinasinc.com\/fr\/#website"},"primaryImageOfPage":{"@id":"https:\/\/medicinasinc.com\/fr\/product\/acheter-sextacy-poudre\/#primaryimage"},"image":{"@id":"https:\/\/medicinasinc.com\/fr\/product\/acheter-sextacy-poudre\/#primaryimage"},"thumbnailUrl":"https:\/\/medicinasinc.com\/fr\/wp-content\/uploads\/sites\/5\/2022\/02\/Buy-Sextacy-Powder.jpg","datePublished":"2022-02-22T05:03:24+00:00","dateModified":"2022-03-17T11:44:42+00:00","description":"Achetez de la poudre Sextacy de qualit\u00e9 pure \u00e0 vendre en Europe, au Royaume-Uni et en ligne. L'ingr\u00e9dient actif de Sextacy est l'a-PVP et ce produit se pr\u00e9sente uniquement sous forme de poudre\u00a0! Commander Sextacy Poudre","breadcrumb":{"@id":"https:\/\/medicinasinc.com\/fr\/product\/acheter-sextacy-poudre\/#breadcrumb"},"inLanguage":"en-US","potentialAction":[{"@type":"ReadAction","target":["https:\/\/medicinasinc.com\/fr\/product\/acheter-sextacy-poudre\/"]}]},{"@type":"ImageObject","inLanguage":"en-US","@id":"https:\/\/medicinasinc.com\/fr\/product\/acheter-sextacy-poudre\/#primaryimage","url":"https:\/\/medicinasinc.com\/fr\/wp-content\/uploads\/sites\/5\/2022\/02\/Buy-Sextacy-Powder.jpg","contentUrl":"https:\/\/medicinasinc.com\/fr\/wp-content\/uploads\/sites\/5\/2022\/02\/Buy-Sextacy-Powder.jpg","width":300,"height":300},{"@type":"BreadcrumbList","@id":"https:\/\/medicinasinc.com\/fr\/product\/acheter-sextacy-poudre\/#breadcrumb","itemListElement":[{"@type":"ListItem","position":1,"name":"Boutique","item":"https:\/\/medicinasinc.com\/fr\/boutique\/"},{"@type":"ListItem","position":2,"name":"Acheter Sextacy Poudre"}]},{"@type":"WebSite","@id":"https:\/\/medicinasinc.com\/fr\/#website","url":"https:\/\/medicinasinc.com\/fr\/","name":"Medicinas Inc","description":"Health Medical Clinic","potentialAction":[{"@type":"SearchAction","target":{"@type":"EntryPoint","urlTemplate":"https:\/\/medicinasinc.com\/fr\/?s={search_term_string}"},"query-input":{"@type":"PropertyValueSpecification","valueRequired":true,"valueName":"search_term_string"}}],"inLanguage":"en-US"}]}},"_links":{"self":[{"href":"https:\/\/medicinasinc.com\/fr\/wp-json\/wp\/v2\/product\/5731","targetHints":{"allow":["GET"]}}],"collection":[{"href":"https:\/\/medicinasinc.com\/fr\/wp-json\/wp\/v2\/product"}],"about":[{"href":"https:\/\/medicinasinc.com\/fr\/wp-json\/wp\/v2\/types\/product"}],"replies":[{"embeddable":true,"href":"https:\/\/medicinasinc.com\/fr\/wp-json\/wp\/v2\/comments?post=5731"}],"wp:featuredmedia":[{"embeddable":true,"href":"https:\/\/medicinasinc.com\/fr\/wp-json\/wp\/v2\/media\/5742"}],"wp:attachment":[{"href":"https:\/\/medicinasinc.com\/fr\/wp-json\/wp\/v2\/media?parent=5731"}],"wp:term":[{"taxonomy":"product_brand","embeddable":true,"href":"https:\/\/medicinasinc.com\/fr\/wp-json\/wp\/v2\/product_brand?post=5731"},{"taxonomy":"product_cat","embeddable":true,"href":"https:\/\/medicinasinc.com\/fr\/wp-json\/wp\/v2\/product_cat?post=5731"},{"taxonomy":"product_tag","embeddable":true,"href":"https:\/\/medicinasinc.com\/fr\/wp-json\/wp\/v2\/product_tag?post=5731"}],"curies":[{"name":"wp","href":"https:\/\/api.w.org\/{rel}","templated":true}]}}