{"id":5729,"date":"2022-02-22T04:59:37","date_gmt":"2022-02-22T04:59:37","guid":{"rendered":"https:\/\/medicinasinc.com\/fr\/?post_type=product&#038;p=5729"},"modified":"2022-03-17T11:45:10","modified_gmt":"2022-03-17T11:45:10","slug":"acheter-hydrocodone-poudre","status":"publish","type":"product","link":"https:\/\/medicinasinc.com\/fr\/product\/acheter-hydrocodone-poudre\/","title":{"rendered":"Acheter de la poudre d&#8217;hydrocodone"},"content":{"rendered":"<p>Pour acheter de la poudre d&#8217;hydrocodone en ligne, cliquez ici.<br \/> En ligne, vous pouvez acheter de la poudre d&#8217;hydrocodone en vrac \u00e0 un bon prix au prix de gros. L&#8217;hydrocodone, qui est vendue sous le nom de marque Hysingla et d&#8217;autres noms, est un opio\u00efde qui peut \u00eatre utilis\u00e9 pour traiter la douleur qui dure longtemps si les autres traitements ne fonctionnent pas. En tant qu&#8217;antitussif, il est \u00e9galement utilis\u00e9 par les personnes de plus de 18 ans. Les gens en mangent. L&#8217;ac\u00e9taminoph\u00e8ne et l&#8217;hydrocodone sont g\u00e9n\u00e9ralement vendus ensemble. L&#8217;ibuprof\u00e8ne et l&#8217;hydrocodone sont \u00e9galement g\u00e9n\u00e9ralement vendus ensemble. En soi, il se pr\u00e9sente sous une forme \u00e0 action prolong\u00e9e que vous pouvez acheter.<\/p>\n<p>Il existe deux types de sel ou de poudre d&#8217;hydrocodone\u00a0:<\/p>\n<p>L&#8217;hydrocodone est un opio\u00efde semi-synth\u00e9tique qui provient de la plante de cod\u00e9ine. L&#8217;hydrocodone peut \u00eatre prise par voie orale pour soulager la douleur et arr\u00eater la toux, souvent avec du parac\u00e9tamol ou de l&#8217;ibuprof\u00e8ne. Il existe de nombreuses prescriptions d&#8217;hydrocodone aux \u00c9tats-Unis.<\/p>\n","protected":false},"excerpt":{"rendered":"<p> Poudre d&#8217;hydrocodone en vente en Europe, au Royaume-Uni et en Australie. La cod\u00e9ine est utilis\u00e9e pour fabriquer de la poudre d&#8217;hydrocodone, un opio\u00efde semi-synth\u00e9tique. Tarifs les moins chers sur la poudre d&#8217;hydrocodone.<\/p>\n<p>Achetez de la poudre d&#8217;hydrocodone en ligne aupr\u00e8s d&#8217;une source fiable.<\/p>\n<p>Il s&#8217;agit d&#8217;un opio\u00efde semi-synth\u00e9tique d\u00e9riv\u00e9 de la cod\u00e9ine. Poudre d&#8217;hydrocodone<\/p>\n","protected":false},"featured_media":5738,"comment_status":"open","ping_status":"closed","template":"","meta":[],"product_brand":[],"product_cat":[59],"product_tag":[3670,3673,3672,3671,3674,3676,3699,3675,3679,3685,3694,3680,3681,3682,3687,3688,3689,3691,3692,3690,3693,3695,3700,3677,3678,3697,3696,3684,3683,3698,3686],"class_list":{"0":"post-5729","1":"product","2":"type-product","3":"status-publish","4":"has-post-thumbnail","6":"product_cat-produits-chimiques-de-recherche","7":"product_tag-acheter-hydrocodone-actaminophne","8":"product_tag-acheter-hydrocodone-poudre","9":"product_tag-acheter-hydrocodone-en-ligne-sans-rx","10":"product_tag-acheter-hydrocodone-en-ligne-usa","11":"product_tag-can-hydrocodone-kill-you","12":"product_tag-hydrocodone-hcl","13":"product_tag-de-quoi-est-compos-lhydrocodone","14":"product_tag-does-hydrocodone-cause-constipation","15":"product_tag-effet-poudre-dhydrocodone","16":"product_tag-examen-de-la-poudre-dhydrocodone","17":"product_tag-kratom-vs-hydrocodone-force","18":"product_tag-hydrocodone-powder-for-compounding","19":"product_tag-hydrocodone-powder-for-sale","20":"product_tag-hydrocodone-powder-order","21":"product_tag-hydrocodone-powder-uses","22":"product_tag-hydrocodone-vs-kratom","23":"product_tag-hydrocodone-vs-vicodine","24":"product_tag-kratom-and-hydrocodone-combination","25":"product_tag-kratom-bali-compar--hydrocodone","26":"product_tag-kratom-et-hydrocodone","27":"product_tag-kratom-compar-c3-a9-c3-a0-norco","28":"product_tag-mlanger-kratom-et-hydrocodone","29":"product_tag-o-acheter-des-pilules-dhydrocodone","30":"product_tag-poudre-dhydrocodone","31":"product_tag-hydrocodone-poudre-acheter","32":"product_tag-poudre-dhydrocodone-brute","33":"product_tag-poudre-hydrocodone-pure-a-vendre","34":"product_tag-hydrocodone-poudre-reddit","35":"product_tag-prix-de-la-poudre-dhydrocodone","36":"product_tag-que-se-passe-quand-on-renifle-de-lhydrocodone","37":"product_tag-vente-de-poudre-dhydrocodone","39":"first","40":"instock","41":"shipping-taxable","42":"purchasable","43":"product-type-variable","44":"has-default-attributes"},"yoast_head":"<!-- This site is optimized with the Yoast SEO plugin v27.3 - https:\/\/yoast.com\/product\/yoast-seo-wordpress\/ -->\n<title>Acheter de la poudre d&#039;hydrocodone - Poudre d&#039;hydrocodone - Best Global Meds<\/title>\n<meta name=\"description\" content=\"Acheter de la poudre d&#039;hydrocodone de qualit\u00e9 \u00e0 vendre en Europe, au Royaume-Uni et en ligne. La poudre d&#039;hydrocodone est un opio\u00efde semi-synth\u00e9tique d\u00e9riv\u00e9 de la cod\u00e9ine. Commandez la poudre d&#039;hydrocodone au meilleur prix\" \/>\n<meta name=\"robots\" content=\"index, follow, max-snippet:-1, max-image-preview:large, max-video-preview:-1\" \/>\n<link rel=\"canonical\" href=\"https:\/\/medicinasinc.com\/fr\/product\/acheter-hydrocodone-poudre\/\" \/>\n<meta property=\"og:locale\" content=\"en_US\" \/>\n<meta property=\"og:type\" content=\"article\" \/>\n<meta property=\"og:title\" content=\"Acheter de la poudre d&#039;hydrocodone - Poudre d&#039;hydrocodone - Best Global Meds\" \/>\n<meta property=\"og:description\" content=\"Acheter de la poudre d&#039;hydrocodone de qualit\u00e9 \u00e0 vendre en Europe, au Royaume-Uni et en ligne. La poudre d&#039;hydrocodone est un opio\u00efde semi-synth\u00e9tique d\u00e9riv\u00e9 de la cod\u00e9ine. Commandez la poudre d&#039;hydrocodone au meilleur prix\" \/>\n<meta property=\"og:url\" content=\"https:\/\/medicinasinc.com\/fr\/product\/acheter-hydrocodone-poudre\/\" \/>\n<meta property=\"og:site_name\" content=\"Medicinas Inc\" \/>\n<meta property=\"article:modified_time\" content=\"2022-03-17T11:45:10+00:00\" \/>\n<meta property=\"og:image\" content=\"https:\/\/medicinasinc.com\/fr\/wp-content\/uploads\/sites\/5\/2022\/02\/Buy-Hydrocodone-Powder.jpg\" \/>\n\t<meta property=\"og:image:width\" content=\"650\" \/>\n\t<meta property=\"og:image:height\" content=\"390\" \/>\n\t<meta property=\"og:image:type\" content=\"image\/jpeg\" \/>\n<meta name=\"twitter:card\" content=\"summary_large_image\" \/>\n<meta name=\"twitter:label1\" content=\"Est. reading time\" \/>\n\t<meta name=\"twitter:data1\" content=\"1 minute\" \/>\n<script type=\"application\/ld+json\" class=\"yoast-schema-graph\">{\"@context\":\"https:\\\/\\\/schema.org\",\"@graph\":[{\"@type\":\"WebPage\",\"@id\":\"https:\\\/\\\/medicinasinc.com\\\/fr\\\/product\\\/acheter-hydrocodone-poudre\\\/\",\"url\":\"https:\\\/\\\/medicinasinc.com\\\/fr\\\/product\\\/acheter-hydrocodone-poudre\\\/\",\"name\":\"Acheter de la poudre d'hydrocodone - Poudre d'hydrocodone - Best Global Meds\",\"isPartOf\":{\"@id\":\"https:\\\/\\\/medicinasinc.com\\\/fr\\\/#website\"},\"primaryImageOfPage\":{\"@id\":\"https:\\\/\\\/medicinasinc.com\\\/fr\\\/product\\\/acheter-hydrocodone-poudre\\\/#primaryimage\"},\"image\":{\"@id\":\"https:\\\/\\\/medicinasinc.com\\\/fr\\\/product\\\/acheter-hydrocodone-poudre\\\/#primaryimage\"},\"thumbnailUrl\":\"https:\\\/\\\/medicinasinc.com\\\/fr\\\/wp-content\\\/uploads\\\/sites\\\/5\\\/2022\\\/02\\\/Buy-Hydrocodone-Powder.jpg\",\"datePublished\":\"2022-02-22T04:59:37+00:00\",\"dateModified\":\"2022-03-17T11:45:10+00:00\",\"description\":\"Acheter de la poudre d'hydrocodone de qualit\u00e9 \u00e0 vendre en Europe, au Royaume-Uni et en ligne. La poudre d'hydrocodone est un opio\u00efde semi-synth\u00e9tique d\u00e9riv\u00e9 de la cod\u00e9ine. Commandez la poudre d'hydrocodone au meilleur prix\",\"breadcrumb\":{\"@id\":\"https:\\\/\\\/medicinasinc.com\\\/fr\\\/product\\\/acheter-hydrocodone-poudre\\\/#breadcrumb\"},\"inLanguage\":\"en-US\",\"potentialAction\":[{\"@type\":\"ReadAction\",\"target\":[\"https:\\\/\\\/medicinasinc.com\\\/fr\\\/product\\\/acheter-hydrocodone-poudre\\\/\"]}]},{\"@type\":\"ImageObject\",\"inLanguage\":\"en-US\",\"@id\":\"https:\\\/\\\/medicinasinc.com\\\/fr\\\/product\\\/acheter-hydrocodone-poudre\\\/#primaryimage\",\"url\":\"https:\\\/\\\/medicinasinc.com\\\/fr\\\/wp-content\\\/uploads\\\/sites\\\/5\\\/2022\\\/02\\\/Buy-Hydrocodone-Powder.jpg\",\"contentUrl\":\"https:\\\/\\\/medicinasinc.com\\\/fr\\\/wp-content\\\/uploads\\\/sites\\\/5\\\/2022\\\/02\\\/Buy-Hydrocodone-Powder.jpg\",\"width\":650,\"height\":390},{\"@type\":\"BreadcrumbList\",\"@id\":\"https:\\\/\\\/medicinasinc.com\\\/fr\\\/product\\\/acheter-hydrocodone-poudre\\\/#breadcrumb\",\"itemListElement\":[{\"@type\":\"ListItem\",\"position\":1,\"name\":\"Boutique\",\"item\":\"https:\\\/\\\/medicinasinc.com\\\/fr\\\/boutique\\\/\"},{\"@type\":\"ListItem\",\"position\":2,\"name\":\"Acheter de la poudre d&#8217;hydrocodone\"}]},{\"@type\":\"WebSite\",\"@id\":\"https:\\\/\\\/medicinasinc.com\\\/fr\\\/#website\",\"url\":\"https:\\\/\\\/medicinasinc.com\\\/fr\\\/\",\"name\":\"Medicinas Inc\",\"description\":\"Health Medical Clinic\",\"potentialAction\":[{\"@type\":\"SearchAction\",\"target\":{\"@type\":\"EntryPoint\",\"urlTemplate\":\"https:\\\/\\\/medicinasinc.com\\\/fr\\\/?s={search_term_string}\"},\"query-input\":{\"@type\":\"PropertyValueSpecification\",\"valueRequired\":true,\"valueName\":\"search_term_string\"}}],\"inLanguage\":\"en-US\"}]}<\/script>\n<!-- \/ Yoast SEO plugin. -->","yoast_head_json":{"title":"Acheter de la poudre d'hydrocodone - Poudre d'hydrocodone - Best Global Meds","description":"Acheter de la poudre d'hydrocodone de qualit\u00e9 \u00e0 vendre en Europe, au Royaume-Uni et en ligne. La poudre d'hydrocodone est un opio\u00efde semi-synth\u00e9tique d\u00e9riv\u00e9 de la cod\u00e9ine. Commandez la poudre d'hydrocodone au meilleur prix","robots":{"index":"index","follow":"follow","max-snippet":"max-snippet:-1","max-image-preview":"max-image-preview:large","max-video-preview":"max-video-preview:-1"},"canonical":"https:\/\/medicinasinc.com\/fr\/product\/acheter-hydrocodone-poudre\/","og_locale":"en_US","og_type":"article","og_title":"Acheter de la poudre d'hydrocodone - Poudre d'hydrocodone - Best Global Meds","og_description":"Acheter de la poudre d'hydrocodone de qualit\u00e9 \u00e0 vendre en Europe, au Royaume-Uni et en ligne. La poudre d'hydrocodone est un opio\u00efde semi-synth\u00e9tique d\u00e9riv\u00e9 de la cod\u00e9ine. Commandez la poudre d'hydrocodone au meilleur prix","og_url":"https:\/\/medicinasinc.com\/fr\/product\/acheter-hydrocodone-poudre\/","og_site_name":"Medicinas Inc","article_modified_time":"2022-03-17T11:45:10+00:00","og_image":[{"width":650,"height":390,"url":"https:\/\/medicinasinc.com\/fr\/wp-content\/uploads\/sites\/5\/2022\/02\/Buy-Hydrocodone-Powder.jpg","type":"image\/jpeg"}],"twitter_card":"summary_large_image","twitter_misc":{"Est. reading time":"1 minute"},"schema":{"@context":"https:\/\/schema.org","@graph":[{"@type":"WebPage","@id":"https:\/\/medicinasinc.com\/fr\/product\/acheter-hydrocodone-poudre\/","url":"https:\/\/medicinasinc.com\/fr\/product\/acheter-hydrocodone-poudre\/","name":"Acheter de la poudre d'hydrocodone - Poudre d'hydrocodone - Best Global Meds","isPartOf":{"@id":"https:\/\/medicinasinc.com\/fr\/#website"},"primaryImageOfPage":{"@id":"https:\/\/medicinasinc.com\/fr\/product\/acheter-hydrocodone-poudre\/#primaryimage"},"image":{"@id":"https:\/\/medicinasinc.com\/fr\/product\/acheter-hydrocodone-poudre\/#primaryimage"},"thumbnailUrl":"https:\/\/medicinasinc.com\/fr\/wp-content\/uploads\/sites\/5\/2022\/02\/Buy-Hydrocodone-Powder.jpg","datePublished":"2022-02-22T04:59:37+00:00","dateModified":"2022-03-17T11:45:10+00:00","description":"Acheter de la poudre d'hydrocodone de qualit\u00e9 \u00e0 vendre en Europe, au Royaume-Uni et en ligne. La poudre d'hydrocodone est un opio\u00efde semi-synth\u00e9tique d\u00e9riv\u00e9 de la cod\u00e9ine. Commandez la poudre d'hydrocodone au meilleur prix","breadcrumb":{"@id":"https:\/\/medicinasinc.com\/fr\/product\/acheter-hydrocodone-poudre\/#breadcrumb"},"inLanguage":"en-US","potentialAction":[{"@type":"ReadAction","target":["https:\/\/medicinasinc.com\/fr\/product\/acheter-hydrocodone-poudre\/"]}]},{"@type":"ImageObject","inLanguage":"en-US","@id":"https:\/\/medicinasinc.com\/fr\/product\/acheter-hydrocodone-poudre\/#primaryimage","url":"https:\/\/medicinasinc.com\/fr\/wp-content\/uploads\/sites\/5\/2022\/02\/Buy-Hydrocodone-Powder.jpg","contentUrl":"https:\/\/medicinasinc.com\/fr\/wp-content\/uploads\/sites\/5\/2022\/02\/Buy-Hydrocodone-Powder.jpg","width":650,"height":390},{"@type":"BreadcrumbList","@id":"https:\/\/medicinasinc.com\/fr\/product\/acheter-hydrocodone-poudre\/#breadcrumb","itemListElement":[{"@type":"ListItem","position":1,"name":"Boutique","item":"https:\/\/medicinasinc.com\/fr\/boutique\/"},{"@type":"ListItem","position":2,"name":"Acheter de la poudre d&#8217;hydrocodone"}]},{"@type":"WebSite","@id":"https:\/\/medicinasinc.com\/fr\/#website","url":"https:\/\/medicinasinc.com\/fr\/","name":"Medicinas Inc","description":"Health Medical Clinic","potentialAction":[{"@type":"SearchAction","target":{"@type":"EntryPoint","urlTemplate":"https:\/\/medicinasinc.com\/fr\/?s={search_term_string}"},"query-input":{"@type":"PropertyValueSpecification","valueRequired":true,"valueName":"search_term_string"}}],"inLanguage":"en-US"}]}},"_links":{"self":[{"href":"https:\/\/medicinasinc.com\/fr\/wp-json\/wp\/v2\/product\/5729","targetHints":{"allow":["GET"]}}],"collection":[{"href":"https:\/\/medicinasinc.com\/fr\/wp-json\/wp\/v2\/product"}],"about":[{"href":"https:\/\/medicinasinc.com\/fr\/wp-json\/wp\/v2\/types\/product"}],"replies":[{"embeddable":true,"href":"https:\/\/medicinasinc.com\/fr\/wp-json\/wp\/v2\/comments?post=5729"}],"wp:featuredmedia":[{"embeddable":true,"href":"https:\/\/medicinasinc.com\/fr\/wp-json\/wp\/v2\/media\/5738"}],"wp:attachment":[{"href":"https:\/\/medicinasinc.com\/fr\/wp-json\/wp\/v2\/media?parent=5729"}],"wp:term":[{"taxonomy":"product_brand","embeddable":true,"href":"https:\/\/medicinasinc.com\/fr\/wp-json\/wp\/v2\/product_brand?post=5729"},{"taxonomy":"product_cat","embeddable":true,"href":"https:\/\/medicinasinc.com\/fr\/wp-json\/wp\/v2\/product_cat?post=5729"},{"taxonomy":"product_tag","embeddable":true,"href":"https:\/\/medicinasinc.com\/fr\/wp-json\/wp\/v2\/product_tag?post=5729"}],"curies":[{"name":"wp","href":"https:\/\/api.w.org\/{rel}","templated":true}]}}