{"id":5703,"date":"2022-02-22T04:29:46","date_gmt":"2022-02-22T04:29:46","guid":{"rendered":"https:\/\/medicinasinc.com\/fr\/?post_type=product&#038;p=5703"},"modified":"2022-03-17T11:45:31","modified_gmt":"2022-03-17T11:45:31","slug":"acheter-dimethyltryptamine-dmt","status":"publish","type":"product","link":"https:\/\/medicinasinc.com\/fr\/product\/acheter-dimethyltryptamine-dmt\/","title":{"rendered":"Acheter Dim\u00e9thyltryptamine DMT"},"content":{"rendered":"<p>Il existe de nombreux endroits pour acheter de la poudre de DMT en ligne.<\/p>\n<p>La DMT existe depuis longtemps. La drogue a \u00e9t\u00e9 beaucoup utilis\u00e9e au fil des ans pour beaucoup de choses diff\u00e9rentes jusqu&#8217;\u00e0 ce qu&#8217;elle soit consid\u00e9r\u00e9e par le gouvernement comme une drogue qui pourrait \u00eatre dangereuse si elle \u00e9tait pouss\u00e9e \u00e0 l&#8217;extr\u00eame. Vous ne pourrez peut-\u00eatre pas acheter de poudre de DMT en ligne si vous ne savez pas comment le faire Enfin, votre travail acharn\u00e9 a port\u00e9 ses fruits et vous avez les r\u00e9sultats souhait\u00e9s. Bestglobalmeds est un site Web o\u00f9 vous pouvez acheter du DMT en ligne \u00e0 un prix avantageux. Il contient de la DMT pure et de haute qualit\u00e9.<\/p>\n<p>Une r\u00e9ponse \u00e0 la question &#8220;Qu&#8217;est-ce que la poudre de DMT\u00a0?&#8221;<\/p>\n<p>La DMT (N, N-dim\u00e9thyltryptamine) est une tryptamine psych\u00e9d\u00e9lique naturelle qui peut \u00eatre trouv\u00e9 dans les plantes, les animaux et les humains. Il fait partie du groupe des drogues psych\u00e9d\u00e9liques (substances qui vous rendent plus conscients). Les m\u00e9langes de DMT fabriqu\u00e9s par Changa sont \u00e9galement fabriqu\u00e9s de cette mani\u00e8re. Ils peuvent \u00eatre transform\u00e9s en poudre ou sous forme de poudre.<\/p>\n<p>C&#8217;est une substance naturelle qui peut \u00eatre trouv\u00e9e en petites quantit\u00e9s dans le cerveau humain, o\u00f9 sa fonction est inconnue. Le DMT est connu pour sa puissance. Si vous la fumez, le trip psych\u00e9d\u00e9lique qu&#8217;elle fait ne dure que 5 \u00e0 30 minutes, mais l&#8217;effet qu&#8217;elle a est puissant et \u00e0 long terme. Sentant qu&#8217;il a \u00e9t\u00e9 envoy\u00e9 dans un endroit compl\u00e8tement diff\u00e9rent, avec des sons et des images qui vous font penser \u00e0 des choses k\u0430l\u0435d\u043e\u0441\u043e\u0440ic,<\/p>\n<p>Les infusions d&#8217;Ayahuasca, qui sont faites avec de l&#8217;\u00e9corce d&#8217;arbre contenant du DMT et d&#8217;autres plantes qui contiennent un produit chimique appel\u00e9 IMAO (inhibiteur de la monoamine oxydase, pour les vrais malades). L&#8217;IMAO fait durer le DMT beaucoup plus longtemps dans notre corps et prolonge l&#8217;exp\u00e9rience psychiatrique pendant des heures. La DMT est utilis\u00e9e depuis longtemps dans les m\u00e9decines traditionnelles.<\/p>\n<p>Au cours des derni\u00e8res ann\u00e9es, cette infusion est devenue plus populaire en raison de ses propri\u00e9t\u00e9s curatives, notamment en tant que traitement de la toxicomanie. Par rapport au &#8220;patriarche dur&#8221; de Sbog\u00e1ne, la &#8220;matriarche aimante&#8221; de la gu\u00e9rison de l&#8217;Ayahuasca a \u00e9t\u00e9 appel\u00e9e la &#8220;matriarche aimante&#8221;. Cela aide les gens \u00e0 briser les m\u00e9canismes de d\u00e9fense qu&#8217;ils peuvent avoir construits et qui les emp\u00eachent de se connecter avec les autres.<\/p>\n<p>Savez-vous \u00e0 quoi ressemble le DMT\u00a0?<br \/> D\u00e9crivez \u00e0 quoi ressemble le DMT.<br \/> QUAND c&#8217;est pur, \u00e7a ressemble \u00e0 une poudre cristallis\u00e9e blanche ou autre chose.<br \/> Aussi, quand ce n&#8217;est pas pur, \u00e7a ressemble \u00e0 une poudre ou un liquide jaune, orange ou rose. C&#8217;est plus courant, mais ce n&#8217;est pas la seule fa\u00e7on de voir les choses.<br \/> Un m\u00e9lange d&#8217;herbes brun\u00e2tres\/rouges, lorsqu&#8217;il est m\u00e9lang\u00e9 avec des herbes, donne une boisson appel\u00e9e ayahuasca Liqueur brun\u00e2tre\/rouge lorsqu&#8217;il fait partie d&#8217;un ayahuasca boire.<br \/> Le DMT a le go\u00fbt et l&#8217;odeur de quoi.<\/p>\n<p>La N, N-dim\u00e9thyltr\u0443ptamine a une odeur et un go\u00fbt tr\u00e8s forts que beaucoup de gens, y compris nos clients, ont compar\u00e9s au plastique br\u00fbl\u00e9 et aux chaussures neuves.<\/p>\n<p>Comment utilise-t-on le DMT\u00a0?<\/p>\n<p>Lorsque vous achetez du DMT en ligne, gardez \u00e0 l&#8217;esprit qu&#8217;il peut \u00eatre utilis\u00e9 de trois mani\u00e8res principales\u00a0: frapp\u00e9, chang\u00e9 et emmaillot\u00e9.<\/p>\n<p>Le DMT est fum\u00e9.<\/p>\n<p>Les gens m\u00e9langent parfois du DMT avec des herbes, comme l&#8217;ayahuasca, pour faire une boisson appel\u00e9e ch\u00e1ng\u0430. C&#8217;est parce que le DMT est dangereux et peut \u00eatre dangereux \u00e0 fumer. Chaque lot de ch\u0430nga est diff\u00e9rent en fonction des herbes utilis\u00e9es, de sorte que la force de chaque lot varie.<\/p>\n<p>Les gens sont ivres de DMT<\/p>\n<p>La Ch\u00e1cruna est une herbe sud-am\u00e9ricaine qui contient du DMT ce. Parfois, il est m\u00e9lang\u00e9 avec la plante d&#8217;ayahuas pour faire le breuvage chamanique, l&#8217;ayahuas.<\/p>\n<p>Donner du DMT \u00e0 quelqu&#8217;un<\/p>\n<p>Le DMT peut \u00eatre pr\u00e9par\u00e9 pour \u00eatre inject\u00e9, et cela peut \u00eatre tr\u00e8s dangereux , aussi.<\/p>\n<p>Le reniflement de DMT<\/p>\n<p>Pour obtenir du DMT, vous pouvez le r\u00e9duire en poudre et le sniffer.<\/p>\n<p>Dosage<\/p>\n<p>DMT\u00a0: fum\u00e9 15 \u00e0 60\u00a0mg (uniquement dans une pipe en verre), renifl\u00e9 20 \u00e0 50\u00a0mg et bu 30 \u00e0 150\u00a0mg.<\/p>\n<p>Changa\u00a0: tout d\u00e9pend de la quantit\u00e9 de DMT dans le partage.<\/p>\n<p>Tant qu&#8217;il y a suffisamment de DMT dans le m\u00e9lange.<\/p>\n<p>Que se passera-t-il si vous prenez du DMT\u00a0?<br \/> Qu&#8217;en pensez-vous\u00a0?<\/p>\n<p> Le DMT est connu pour donner aux gens qui en prennent un &#8220;trp&#8221; tr\u00e8s intense, qui est le nom donn\u00e9 \u00e0 l&#8217;exp\u00e9rience de la prise de psych\u00e9d\u00e9liques.<\/p>\n<p>Lorsque vous prenez du DMT, le monde est tr\u00e8s diff\u00e9rent. Les couleurs, les sons, les objets et m\u00eame le temps peuvent tous semblent tr\u00e8s diff\u00e9rents. Certaines personnes ont des exp\u00e9riences hors du corps en prenant du DMT.<\/p>\n<p>Cela peut vous faire\u00a0:<\/p>\n<p>voir et entendre des choses qui ne sont pas l\u00e0 (hallucination), ce qui pourrait \u00eatre une bonne chose ou mauvaise exp\u00e9rience. Sentez-vous comme le temps et le mouvement s&#8217;acc\u00e9l\u00e8rent ou ralentissent. C&#8217;est ce qu&#8217;on appelle des &#8220;visuels&#8221;.<br \/> Comment les gens agissent-ils\u00a0?<\/p>\n<p>Les gens peuvent agir d&#8217;une mani\u00e8re \u00e0 laquelle ils ne s&#8217;attendent pas lorsqu&#8217;ils sont sous DMT, comme avec n&#8217;importe quelle drogue hallucinog\u00e8ne.<\/p>\n<p>Plusieurs utilisateurs disent qu&#8217;ils ont l&#8217;impression de vivre une exp\u00e9rience de mort imminente, et par cons\u00e9quent, ils deviennent tr\u00e8s silencieux et regardent \u00e0 l&#8217;int\u00e9rieur en cons\u00e9quence.<\/p>\n<p>Certaines personnes disent qu&#8217;elles peuvent ne bougent pas pendant qu&#8217;ils sont sous DMT.<\/p>\n<p>Quand le DMT commence-t-il \u00e0 avoir un effet sur vous\u00a0?<\/p>\n<p>Tout d\u00e9pend de la quantit\u00e9 que vous avez prise, de votre taille , si vous avez mang\u00e9 et quelles autres drogues vous avez prises.<\/p>\n<p>Ce mot est \u00e9galement connu sous le nom de &#8220;k\u0441k&#8221;.<\/p>\n<p>Lorsqu&#8217;il est fum\u00e9, le DMT entre tr\u00e8s rapidement. L&#8217;effet peut prendre beaucoup de temps \u00e0 se manifester lorsqu&#8217;il fait partie d&#8217;une c\u00e9r\u00e9monie d&#8217;ayahuasca.<\/p>\n<p>Combien de temps a-t-il dur\u00e9\u00a0?<\/p>\n<p>Vous pouvez \u00eatre tr\u00e8s excit\u00e9 lorsque vous faites un DMT voyage, mais ils durent aussi tr\u00e8s vite, parfois quelques minutes. Dans le cadre d&#8217;une c\u00e9r\u00e9monie d&#8217;ayahuasca, un trip DMT peut durer plusieurs heures, mais il peut aussi \u00eatre tr\u00e8s court.<\/p>\n<p>Pour ces raisons, le DMT \u00e9tait connu sous le nom de &#8220;bun\u0435s trip&#8221; dans les ann\u00e9es 1960. \u00c9tats-Unis. Un utilisateur pouvait obtenir toute la profondeur et la gamme d&#8217;une exp\u00e9rience avec cette drogue, qui \u00e9tait plus rapide qu&#8217;avec d&#8217;autres drogues, comme le LSD ou les champignons magiques.<\/p>\n<p>Le DMT a quoi\u00a0?<br \/> C&#8217;est ainsi que la sant\u00e9 physique fonctionne\u00a0:<\/p>\n<p>Beaucoup de gens en Am\u00e9rique du Sud boivent ou mangent des boissons ou des aliments qui contiennent du DMT dans le cadre de leur mode de vie. L&#8217;exemple le plus connu est celui des c\u00e9r\u00e9monies d&#8217;ayahuasca.<\/p>\n<p>Certaines personnes pensent que la DMT est une drogue spirituelle qui est \u00e9galement sans danger, mais c&#8217;est toujours un hallucinog\u00e8ne chimique.<\/p>\n<p>Elle peut\u00a0:<\/p>\n<p>Il est temps de v\u00e9rifier votre tension art\u00e9rielle.<br \/> si vous souffrez d&#8217;une maladie cardiaque pr\u00e9existante, l&#8217;augmentation de votre fr\u00e9quence cardiaque pourrait vous rendre malade et vous donner envie de partir. C&#8217;est parce que votre corps re\u00e7oit beaucoup de poison.<\/p>\n<p>Si vous prenez du DMT, cela peut avoir beaucoup d&#8217;effets diff\u00e9rents, et parfois tr\u00e8s effrayants. Ces effets peuvent m\u00eame ne pas \u00eatre dans la t\u00eate d&#8217;une personne.<\/p>\n<p>Cela peut \u00eatre tr\u00e8s d\u00e9routant et effrayant si une personne entre.<\/p>\n<p>Cela peut vous aider\u00a0: si vous prenez un m\u00e9dicament comme le DMT .<\/p>\n<p>Les flashbacks se produisent lorsqu&#8217;une partie d&#8217;un voyage est rev\u00e9cue apr\u00e8s l&#8217;original.<br \/> Gardez un \u0153il attentif sur quelqu&#8217;un qui a eu des probl\u00e8mes de sant\u00e9 mentale dans le pass\u00e9. Cela pourrait causer des probl\u00e8mes \u00e0 quelqu&#8217;un qui ne savait pas qu&#8217;il \u00e9tait \u00e0 risque de probl\u00e8mes de sant\u00e9 mentale.<br \/> Si le voyage tourne mal, l&#8217;utilisateur pourrait se blesser. Donc, si vous \u00eates de mauvaise humeur ou anxieux, vous ne voudrez peut-\u00eatre pas prendre de DMT.<br \/> Conduira \u00e0 des effets d\u00e9sagr\u00e9ables et \u00e9motionnels qui pourraient durer des jours apr\u00e8s la prise du m\u00e9dicament. Ces effets peuvent \u00eatre d\u00e9sagr\u00e9ables ou \u00e9motionnels.<\/p>\n<div class=\"product-next-previous\">\n<div class=\"product-prev\"><\/div><\/div>\n","protected":false},"excerpt":{"rendered":"<p>Acheter de la dim\u00e9thyltryptamine DMT \u00e0 vendre au Royaume-Uni, en Europe, en Australie. nous offrons la transaction la plus fiable et vendons \u00e0 des prix tr\u00e8s abordables. Commandez DMT maintenant au meilleur prix. Notre dim\u00e9thyltryptamine est l&#8217;un des meilleurs du fournisseur le plus fiable, contactez d\u00e8s maintenant pour commander votre Dim\u00e9thyltryptamine DMT de qualit\u00e9 pure \u00e0 vendre<\/p>\n<p><em>Dmt<\/em>\u00a0est une puissante drogue hallucinog\u00e8ne trouv\u00e9e dans plusieurs plantes qui peuvent \u00eatre fum\u00e9, sniff\u00e9 ou m\u00e9lang\u00e9 avec de l&#8217;ayahuasca. Commandez\u00a0<em>DMT<\/em>\u00a0en ligne.<\/p>\n","protected":false},"featured_media":5713,"comment_status":"open","ping_status":"closed","template":"","meta":[],"product_brand":[],"product_cat":[703],"product_tag":[3622,3621,3620,3616,3619,3617,3618,3615,3623,3295,3640,3624,3628,3625,3629,3630,3631,3635,3633,3642,3637,3638,3627,3634,3632,3641,3626,3643,3636,3639],"class_list":{"0":"post-5703","1":"product","2":"type-product","3":"status-publish","4":"has-post-thumbnail","6":"product_cat-acheter-des-medicaments-psychedeliques","7":"product_tag-bu-hl-drug-nl-d1n","8":"product_tag-bu-pur-dmthltrtmn-dmt-onl-d1n","9":"product_tag-bu-drogue-psych","10":"product_tag-acheter-dimethyltryptamine","11":"product_tag-cest--dmt","12":"product_tag-acheter-dmt","13":"product_tag-acheter-pure-dmt","14":"product_tag-best-place-to-buy-dimethyltryptamine","15":"product_tag-cheap-psycheclic-drug","16":"product_tag-commande-dmt","17":"product_tag-ordre-dimthyltryptamine","18":"product_tag-dimthyltryptamine","19":"product_tag-dimthyltryptamine--vendre","20":"product_tag-dimthyltryptamine-acheter","21":"product_tag-dimethyltryptamine-order","22":"product_tag-dimethyltryptamine-purchase","23":"product_tag-dimthyltryptamine-reddit","24":"product_tag-dmt--vendre","25":"product_tag-dmt-acheter","26":"product_tag-pure-dmt--vendre","27":"product_tag-dmt-review","28":"product_tag-dmt-sale","29":"product_tag-effet-dimthyltryptamine","30":"product_tag-effet-dmt","31":"product_tag-examen-de-la-dimthyltryptamine","32":"product_tag-order-dmt","33":"product_tag-posologie-de-la-dimethyltryptamine-pour-les-femmes-enceintes","34":"product_tag-quest-ce-que-la-poudre-de-dmt","35":"product_tag-dmt-reddit","36":"product_tag-dmt-ventes","38":"first","39":"instock","40":"shipping-taxable","41":"purchasable","42":"product-type-variable","43":"has-default-attributes"},"yoast_head":"<!-- This site is optimized with the Yoast SEO plugin v27.3 - https:\/\/yoast.com\/product\/yoast-seo-wordpress\/ -->\n<title>Acheter de la dim\u00e9thyltryptamine DMT - Dmt \u00e0 vendre - Best Global Meds<\/title>\n<meta name=\"description\" content=\"Acheter de la dim\u00e9thyltryptamine DMT \u00e0 vendre au Royaume-Uni, en Europe, en AU. nous offrons la transaction la plus fiable et vendons \u00e0 des prix tr\u00e8s abordables. Commandez DMT maintenant au meilleur prix\" \/>\n<meta name=\"robots\" content=\"index, follow, max-snippet:-1, max-image-preview:large, max-video-preview:-1\" \/>\n<link rel=\"canonical\" href=\"https:\/\/medicinasinc.com\/fr\/product\/acheter-dimethyltryptamine-dmt\/\" \/>\n<meta property=\"og:locale\" content=\"en_US\" \/>\n<meta property=\"og:type\" content=\"article\" \/>\n<meta property=\"og:title\" content=\"Acheter de la dim\u00e9thyltryptamine DMT - Dmt \u00e0 vendre - Best Global Meds\" \/>\n<meta property=\"og:description\" content=\"Acheter de la dim\u00e9thyltryptamine DMT \u00e0 vendre au Royaume-Uni, en Europe, en AU. nous offrons la transaction la plus fiable et vendons \u00e0 des prix tr\u00e8s abordables. Commandez DMT maintenant au meilleur prix\" \/>\n<meta property=\"og:url\" content=\"https:\/\/medicinasinc.com\/fr\/product\/acheter-dimethyltryptamine-dmt\/\" \/>\n<meta property=\"og:site_name\" content=\"Medicinas Inc\" \/>\n<meta property=\"article:modified_time\" content=\"2022-03-17T11:45:31+00:00\" \/>\n<meta property=\"og:image\" content=\"https:\/\/medicinasinc.com\/fr\/wp-content\/uploads\/sites\/5\/2022\/02\/DMT-for-Sale.jpg\" \/>\n\t<meta property=\"og:image:width\" content=\"500\" \/>\n\t<meta property=\"og:image:height\" content=\"500\" \/>\n\t<meta property=\"og:image:type\" content=\"image\/jpeg\" \/>\n<meta name=\"twitter:card\" content=\"summary_large_image\" \/>\n<meta name=\"twitter:label1\" content=\"Est. reading time\" \/>\n\t<meta name=\"twitter:data1\" content=\"6 minutes\" \/>\n<script type=\"application\/ld+json\" class=\"yoast-schema-graph\">{\"@context\":\"https:\\\/\\\/schema.org\",\"@graph\":[{\"@type\":\"WebPage\",\"@id\":\"https:\\\/\\\/medicinasinc.com\\\/fr\\\/product\\\/acheter-dimethyltryptamine-dmt\\\/\",\"url\":\"https:\\\/\\\/medicinasinc.com\\\/fr\\\/product\\\/acheter-dimethyltryptamine-dmt\\\/\",\"name\":\"Acheter de la dim\u00e9thyltryptamine DMT - Dmt \u00e0 vendre - Best Global Meds\",\"isPartOf\":{\"@id\":\"https:\\\/\\\/medicinasinc.com\\\/fr\\\/#website\"},\"primaryImageOfPage\":{\"@id\":\"https:\\\/\\\/medicinasinc.com\\\/fr\\\/product\\\/acheter-dimethyltryptamine-dmt\\\/#primaryimage\"},\"image\":{\"@id\":\"https:\\\/\\\/medicinasinc.com\\\/fr\\\/product\\\/acheter-dimethyltryptamine-dmt\\\/#primaryimage\"},\"thumbnailUrl\":\"https:\\\/\\\/medicinasinc.com\\\/fr\\\/wp-content\\\/uploads\\\/sites\\\/5\\\/2022\\\/02\\\/DMT-for-Sale.jpg\",\"datePublished\":\"2022-02-22T04:29:46+00:00\",\"dateModified\":\"2022-03-17T11:45:31+00:00\",\"description\":\"Acheter de la dim\u00e9thyltryptamine DMT \u00e0 vendre au Royaume-Uni, en Europe, en AU. nous offrons la transaction la plus fiable et vendons \u00e0 des prix tr\u00e8s abordables. Commandez DMT maintenant au meilleur prix\",\"breadcrumb\":{\"@id\":\"https:\\\/\\\/medicinasinc.com\\\/fr\\\/product\\\/acheter-dimethyltryptamine-dmt\\\/#breadcrumb\"},\"inLanguage\":\"en-US\",\"potentialAction\":[{\"@type\":\"ReadAction\",\"target\":[\"https:\\\/\\\/medicinasinc.com\\\/fr\\\/product\\\/acheter-dimethyltryptamine-dmt\\\/\"]}]},{\"@type\":\"ImageObject\",\"inLanguage\":\"en-US\",\"@id\":\"https:\\\/\\\/medicinasinc.com\\\/fr\\\/product\\\/acheter-dimethyltryptamine-dmt\\\/#primaryimage\",\"url\":\"https:\\\/\\\/medicinasinc.com\\\/fr\\\/wp-content\\\/uploads\\\/sites\\\/5\\\/2022\\\/02\\\/DMT-for-Sale.jpg\",\"contentUrl\":\"https:\\\/\\\/medicinasinc.com\\\/fr\\\/wp-content\\\/uploads\\\/sites\\\/5\\\/2022\\\/02\\\/DMT-for-Sale.jpg\",\"width\":500,\"height\":500},{\"@type\":\"BreadcrumbList\",\"@id\":\"https:\\\/\\\/medicinasinc.com\\\/fr\\\/product\\\/acheter-dimethyltryptamine-dmt\\\/#breadcrumb\",\"itemListElement\":[{\"@type\":\"ListItem\",\"position\":1,\"name\":\"Boutique\",\"item\":\"https:\\\/\\\/medicinasinc.com\\\/fr\\\/boutique\\\/\"},{\"@type\":\"ListItem\",\"position\":2,\"name\":\"Acheter Dim\u00e9thyltryptamine DMT\"}]},{\"@type\":\"WebSite\",\"@id\":\"https:\\\/\\\/medicinasinc.com\\\/fr\\\/#website\",\"url\":\"https:\\\/\\\/medicinasinc.com\\\/fr\\\/\",\"name\":\"Medicinas Inc\",\"description\":\"Health Medical Clinic\",\"potentialAction\":[{\"@type\":\"SearchAction\",\"target\":{\"@type\":\"EntryPoint\",\"urlTemplate\":\"https:\\\/\\\/medicinasinc.com\\\/fr\\\/?s={search_term_string}\"},\"query-input\":{\"@type\":\"PropertyValueSpecification\",\"valueRequired\":true,\"valueName\":\"search_term_string\"}}],\"inLanguage\":\"en-US\"}]}<\/script>\n<!-- \/ Yoast SEO plugin. -->","yoast_head_json":{"title":"Acheter de la dim\u00e9thyltryptamine DMT - Dmt \u00e0 vendre - Best Global Meds","description":"Acheter de la dim\u00e9thyltryptamine DMT \u00e0 vendre au Royaume-Uni, en Europe, en AU. nous offrons la transaction la plus fiable et vendons \u00e0 des prix tr\u00e8s abordables. Commandez DMT maintenant au meilleur prix","robots":{"index":"index","follow":"follow","max-snippet":"max-snippet:-1","max-image-preview":"max-image-preview:large","max-video-preview":"max-video-preview:-1"},"canonical":"https:\/\/medicinasinc.com\/fr\/product\/acheter-dimethyltryptamine-dmt\/","og_locale":"en_US","og_type":"article","og_title":"Acheter de la dim\u00e9thyltryptamine DMT - Dmt \u00e0 vendre - Best Global Meds","og_description":"Acheter de la dim\u00e9thyltryptamine DMT \u00e0 vendre au Royaume-Uni, en Europe, en AU. nous offrons la transaction la plus fiable et vendons \u00e0 des prix tr\u00e8s abordables. Commandez DMT maintenant au meilleur prix","og_url":"https:\/\/medicinasinc.com\/fr\/product\/acheter-dimethyltryptamine-dmt\/","og_site_name":"Medicinas Inc","article_modified_time":"2022-03-17T11:45:31+00:00","og_image":[{"width":500,"height":500,"url":"https:\/\/medicinasinc.com\/fr\/wp-content\/uploads\/sites\/5\/2022\/02\/DMT-for-Sale.jpg","type":"image\/jpeg"}],"twitter_card":"summary_large_image","twitter_misc":{"Est. reading time":"6 minutes"},"schema":{"@context":"https:\/\/schema.org","@graph":[{"@type":"WebPage","@id":"https:\/\/medicinasinc.com\/fr\/product\/acheter-dimethyltryptamine-dmt\/","url":"https:\/\/medicinasinc.com\/fr\/product\/acheter-dimethyltryptamine-dmt\/","name":"Acheter de la dim\u00e9thyltryptamine DMT - Dmt \u00e0 vendre - Best Global Meds","isPartOf":{"@id":"https:\/\/medicinasinc.com\/fr\/#website"},"primaryImageOfPage":{"@id":"https:\/\/medicinasinc.com\/fr\/product\/acheter-dimethyltryptamine-dmt\/#primaryimage"},"image":{"@id":"https:\/\/medicinasinc.com\/fr\/product\/acheter-dimethyltryptamine-dmt\/#primaryimage"},"thumbnailUrl":"https:\/\/medicinasinc.com\/fr\/wp-content\/uploads\/sites\/5\/2022\/02\/DMT-for-Sale.jpg","datePublished":"2022-02-22T04:29:46+00:00","dateModified":"2022-03-17T11:45:31+00:00","description":"Acheter de la dim\u00e9thyltryptamine DMT \u00e0 vendre au Royaume-Uni, en Europe, en AU. nous offrons la transaction la plus fiable et vendons \u00e0 des prix tr\u00e8s abordables. Commandez DMT maintenant au meilleur prix","breadcrumb":{"@id":"https:\/\/medicinasinc.com\/fr\/product\/acheter-dimethyltryptamine-dmt\/#breadcrumb"},"inLanguage":"en-US","potentialAction":[{"@type":"ReadAction","target":["https:\/\/medicinasinc.com\/fr\/product\/acheter-dimethyltryptamine-dmt\/"]}]},{"@type":"ImageObject","inLanguage":"en-US","@id":"https:\/\/medicinasinc.com\/fr\/product\/acheter-dimethyltryptamine-dmt\/#primaryimage","url":"https:\/\/medicinasinc.com\/fr\/wp-content\/uploads\/sites\/5\/2022\/02\/DMT-for-Sale.jpg","contentUrl":"https:\/\/medicinasinc.com\/fr\/wp-content\/uploads\/sites\/5\/2022\/02\/DMT-for-Sale.jpg","width":500,"height":500},{"@type":"BreadcrumbList","@id":"https:\/\/medicinasinc.com\/fr\/product\/acheter-dimethyltryptamine-dmt\/#breadcrumb","itemListElement":[{"@type":"ListItem","position":1,"name":"Boutique","item":"https:\/\/medicinasinc.com\/fr\/boutique\/"},{"@type":"ListItem","position":2,"name":"Acheter Dim\u00e9thyltryptamine DMT"}]},{"@type":"WebSite","@id":"https:\/\/medicinasinc.com\/fr\/#website","url":"https:\/\/medicinasinc.com\/fr\/","name":"Medicinas Inc","description":"Health Medical Clinic","potentialAction":[{"@type":"SearchAction","target":{"@type":"EntryPoint","urlTemplate":"https:\/\/medicinasinc.com\/fr\/?s={search_term_string}"},"query-input":{"@type":"PropertyValueSpecification","valueRequired":true,"valueName":"search_term_string"}}],"inLanguage":"en-US"}]}},"_links":{"self":[{"href":"https:\/\/medicinasinc.com\/fr\/wp-json\/wp\/v2\/product\/5703","targetHints":{"allow":["GET"]}}],"collection":[{"href":"https:\/\/medicinasinc.com\/fr\/wp-json\/wp\/v2\/product"}],"about":[{"href":"https:\/\/medicinasinc.com\/fr\/wp-json\/wp\/v2\/types\/product"}],"replies":[{"embeddable":true,"href":"https:\/\/medicinasinc.com\/fr\/wp-json\/wp\/v2\/comments?post=5703"}],"wp:featuredmedia":[{"embeddable":true,"href":"https:\/\/medicinasinc.com\/fr\/wp-json\/wp\/v2\/media\/5713"}],"wp:attachment":[{"href":"https:\/\/medicinasinc.com\/fr\/wp-json\/wp\/v2\/media?parent=5703"}],"wp:term":[{"taxonomy":"product_brand","embeddable":true,"href":"https:\/\/medicinasinc.com\/fr\/wp-json\/wp\/v2\/product_brand?post=5703"},{"taxonomy":"product_cat","embeddable":true,"href":"https:\/\/medicinasinc.com\/fr\/wp-json\/wp\/v2\/product_cat?post=5703"},{"taxonomy":"product_tag","embeddable":true,"href":"https:\/\/medicinasinc.com\/fr\/wp-json\/wp\/v2\/product_tag?post=5703"}],"curies":[{"name":"wp","href":"https:\/\/api.w.org\/{rel}","templated":true}]}}