{"id":5696,"date":"2022-02-22T04:23:00","date_gmt":"2022-02-22T04:23:00","guid":{"rendered":"https:\/\/medicinasinc.com\/fr\/?post_type=product&#038;p=5696"},"modified":"2022-08-03T07:06:28","modified_gmt":"2022-08-03T07:06:28","slug":"acheter-ephenidine-poudre","status":"publish","type":"product","link":"https:\/\/medicinasinc.com\/fr\/product\/acheter-ephenidine-poudre\/","title":{"rendered":"Acheter de la poudre d&#8217;\u00e9ph\u00e9nidine"},"content":{"rendered":"<p>Poudre d&#8217;\u00e9ph\u00e9nidine\u00a0: achetez de l&#8217;\u00e9ph\u00e9nidine au Royaume-Uni, en Europe, en Asie, aux \u00c9tats-Unis, en Australie, en Chine et dans le reste du monde \u00e0 partir de la poudre d&#8217;\u00e9ph\u00e9nidine.<\/p>\n<p>\u00c9ph\u00e9nidine europ\u00e9enne \u00e0 vendre, fournisseur d&#8217;\u00e9ph\u00e9nidine, pour vendre. Les grossistes d&#8217;\u00e9ph\u00e9nidine peuvent l&#8217;envoyer en Europe.<\/p>\n<p>L&#8217;\u00e9ph\u00e9nidine, \u00e9galement connue sous le nom de NEDPA et EPE, est un anesth\u00e9sique dissociatif qui fait partie de la classe de m\u00e9dicaments diaryl\u00e9thylamine. Physiquement, l&#8217;\u00e9ph\u00e9nidine est similaire aux diaryl\u00e9thylamines comme la diph\u00e9nidine et la m\u00e9thoxph\u00e9nidine, \u00e9galement appel\u00e9es \u00e9ph\u00e9nidine. La s\u00e9dation, les hallucinations, l&#8217;anesth\u00e9sie et les \u00e9tats hors du corps, appel\u00e9s &#8220;anesth\u00e9sie dissociative&#8221;, sont quelques-uns des effets secondaires.<\/p>\n<p>Informations d\u00e9taill\u00e9es sur cet article\u00a0:<\/p>\n<p>N\u00e9erlandais, Lituanien , et am\u00e9ricain<br \/>\nSon nom est Ephenidine Powder.<br \/>\nEPE est le nom IUPAC pour N-Ethyl-1,2-diphenylethylamine.<br \/>\nNum\u00e9ro CAS\u00a0: 60951-19-1<br \/>\nC16H19N est le MF.<br \/>\nPlus de 99,5\u00a0%<br \/>\nVoici \u00e0 quoi cela ressemble\u00a0:<br \/>\nSac en aluminium ou sac en plastique\u00a0: Comment emballer\u00a0:<\/p>\n<p>Les conditions de paiement\u00a0:<\/p>\n<p>Montant minimum de commande\u00a0: Renseignez-vous sur les conditions de paiement\u00a0: Bitcoin, Money Gram, Virement bancaire, etc.<\/p>\n<p>R\u00e8gles de livraison et d&#8217;exp\u00e9dition\u00a0:<\/p>\n<p>1. Nous enverrons les marchandises dans 1 jour apr\u00e8s votre paiement.<br \/>\n2 : Nous enverrons les marchandises par UPS, DHL, TNT ou FEDEX. Nous choisirons le meilleur coursier pour chaque pays et trouverons le moyen le plus s\u00fbr de vous faire parvenir les marchandises.<br \/>\nIl faut environ trois \u00e0 cinq jours pour recevoir le courrier d&#8217;EMS. DHL, UPS et FedEx prennent 4 \u00e0 5 jours.<br \/>\n4. Les douanes dans des pays comme la Russie, l&#8217;Australie et le Canada sont tr\u00e8s strictes, mais nous pouvons nous assurer que nous livrons 100\u00a0% du temps.<br \/>\n5. En r\u00e8gle g\u00e9n\u00e9rale, vous devriez recevoir les marchandises en 4 \u00e0 5 jours. Si les marchandises ont \u00e9t\u00e9 perdues ou ne sont pas arriv\u00e9es pour d&#8217;autres raisons, nous les renverrons.<\/p>\n<p>Le prix\u00a0: veuillez demander.<\/p>\n<p>Remarque\u00a0:<\/p>\n<p>Nous avons beaucoup de clients r\u00e9guliers dans le monde entier et nous esp\u00e9rons travailler longtemps avec vous. Pour plus d&#8217;informations, n&#8217;h\u00e9sitez pas \u00e0 nous contacter. Nous ferons de notre mieux pour r\u00e9pondre \u00e0 vos besoins. Merci\u00a0!<\/p>\n","protected":false},"excerpt":{"rendered":"<div class=\"woocommerce-product-details__short-description\">\n<p>Medicinasinc.com vend de la poudre d&#8217;\u00e9ph\u00e9nidine de haute puret\u00e9 au Royaume-Uni, en Europe et en Australie, et nous pouvons vous l&#8217;exp\u00e9dier partout dans le monde. C&#8217;est ici que vous pouvez acheter la meilleure poudre d&#8217;\u00e9ph\u00e9nidine sur commande.<\/p>\n<p>Achetez de la poudre d&#8217;\u00e9ph\u00e9nidine en ligne et obtenez-la \u00e0 un bon prix. Un m\u00e9dicament appel\u00e9 \u00e9ph\u00e9drine est un anesth\u00e9sique dissociatif. Il bloque \u00e9galement le r\u00e9cepteur NMDA, ce qui r\u00e9duit la probabilit\u00e9 que le m\u00e9dicament fonctionne.<\/p>\n<p>Achetez de la poudre d&#8217;\u00e9ph\u00e9nidine pure et de haute qualit\u00e9 en ligne avec Bitcoin &#8211; Vous pouvez le faire.<\/p>\n<p>Boutique pour les m\u00e9dicaments l\u00e9gaux en ligne, achetez des produits chimiques de recherche, des poudres pharmaceutiques brutes et plus encore dans un magasin.<\/p>\n<p>La poudre d&#8217;\u00e9ph\u00e9nidine, les interm\u00e9diaires pharmaceutiques et les poudres brutes sont vendus par cette soci\u00e9t\u00e9.<\/p>\n<p>Il existe Pilules d&#8217;\u00e9ph\u00e9nidine \u00e0 vendre. Fournisseur chinois d&#8217;\u00e9ph\u00e9nidine. Gros\u00a0exportateur\u00a0d&#8217;\u00e9ph\u00e9nidine<\/p>\n<p><em>Achetez de la poudre d&#8217;\u00e9ph\u00e9nidine<\/em> en gros en ligne maintenant. L&#8217;\u00e9ph\u00e9nidine est un anesth\u00e9sique dissociatif et agit comme un antagoniste du NMDA.<\/p>\n<p>&nbsp;<\/p>\n<\/div>\n","protected":false},"featured_media":5707,"comment_status":"open","ping_status":"closed","template":"","meta":[],"product_brand":[],"product_cat":[59],"product_tag":[3609,3592,3594,3593,3597,3591,3605,3611,3612,3595,3596,3599,3602,3603,3604,3607,3610,3601,3608,3600,3613,3606,3614,3598],"class_list":{"0":"post-5696","1":"product","2":"type-product","3":"status-publish","4":"has-post-thumbnail","6":"product_cat-produits-chimiques-de-recherche","7":"product_tag-achat-poudre-mdma","8":"product_tag-acheter-ephenidine-poudre","9":"product_tag-acheter-ephenidine-poudre-en-ligne","10":"product_tag-acheter-phenidine-poudre-europe","11":"product_tag-anesthsique-dissociatif","12":"product_tag-anesthetic","13":"product_tag-commande-de-poudre-dphnidine","14":"product_tag-commander-de-la-poudre-dphnidine","15":"product_tag-commander-ephenidine-poudre-en-ligne","16":"product_tag-diarylthylamine","17":"product_tag-dissociative","18":"product_tag-phnidine","19":"product_tag-ephenidine-powder-china","20":"product_tag-ephenidine-powder-effect","21":"product_tag-ephenidine-powder-for-sale","22":"product_tag-fournisseur-de-poudre-dphnidine","23":"product_tag-nepa","24":"product_tag-ephenidine-poudre-acheter","25":"product_tag-ephenidine-poudre-vente-en-gros","26":"product_tag-poudre-dphnidine-en-vrac","27":"product_tag-poudre-dphnidine-pure","28":"product_tag-phnidine-poudre-reddit","29":"product_tag-quest-ce-que-la-poudre-d-phnidine","30":"product_tag-terme","32":"first","33":"instock","34":"featured","35":"shipping-taxable","36":"purchasable","37":"product-type-variable","38":"has-default-attributes"},"yoast_head":"<!-- This site is optimized with the Yoast SEO plugin v27.3 - https:\/\/yoast.com\/product\/yoast-seo-wordpress\/ -->\n<title>Acheter de la poudre d&#039;\u00e9ph\u00e9nidine - Poudre d&#039;\u00e9ph\u00e9nidine en ligne - Best Global Meds<\/title>\n<meta name=\"description\" content=\"Achetez de la poudre d&#039;\u00e9ph\u00e9nidine de haute puret\u00e9 \u00e0 vendre au Royaume-Uni, en Europe, dans notre boutique en ligne Medicinasinc.com avec une livraison rapide dans le monde entier\u00a0! La meilleure poudre d&#039;\u00e9ph\u00e9nidine pour la commande que vous trouverez ici\u00a0!\" \/>\n<meta name=\"robots\" content=\"index, follow, max-snippet:-1, max-image-preview:large, max-video-preview:-1\" \/>\n<link rel=\"canonical\" href=\"https:\/\/medicinasinc.com\/fr\/product\/acheter-ephenidine-poudre\/\" \/>\n<meta property=\"og:locale\" content=\"en_US\" \/>\n<meta property=\"og:type\" content=\"article\" \/>\n<meta property=\"og:title\" content=\"Acheter de la poudre d&#039;\u00e9ph\u00e9nidine - Poudre d&#039;\u00e9ph\u00e9nidine en ligne - Best Global Meds\" \/>\n<meta property=\"og:description\" content=\"Achetez de la poudre d&#039;\u00e9ph\u00e9nidine de haute puret\u00e9 \u00e0 vendre au Royaume-Uni, en Europe, dans notre boutique en ligne Medicinasinc.com avec une livraison rapide dans le monde entier\u00a0! La meilleure poudre d&#039;\u00e9ph\u00e9nidine pour la commande que vous trouverez ici\u00a0!\" \/>\n<meta property=\"og:url\" content=\"https:\/\/medicinasinc.com\/fr\/product\/acheter-ephenidine-poudre\/\" \/>\n<meta property=\"og:site_name\" content=\"Medicinas Inc\" \/>\n<meta property=\"article:modified_time\" content=\"2022-08-03T07:06:28+00:00\" \/>\n<meta property=\"og:image\" content=\"https:\/\/medicinasinc.com\/fr\/wp-content\/uploads\/sites\/5\/2022\/02\/Buy-Ephenidine-Powder-1.jpg\" \/>\n\t<meta property=\"og:image:width\" content=\"1080\" \/>\n\t<meta property=\"og:image:height\" content=\"1166\" \/>\n\t<meta property=\"og:image:type\" content=\"image\/jpeg\" \/>\n<meta name=\"twitter:card\" content=\"summary_large_image\" \/>\n<meta name=\"twitter:label1\" content=\"Est. reading time\" \/>\n\t<meta name=\"twitter:data1\" content=\"2 minutes\" \/>\n<script type=\"application\/ld+json\" class=\"yoast-schema-graph\">{\"@context\":\"https:\\\/\\\/schema.org\",\"@graph\":[{\"@type\":\"WebPage\",\"@id\":\"https:\\\/\\\/medicinasinc.com\\\/fr\\\/product\\\/acheter-ephenidine-poudre\\\/\",\"url\":\"https:\\\/\\\/medicinasinc.com\\\/fr\\\/product\\\/acheter-ephenidine-poudre\\\/\",\"name\":\"Acheter de la poudre d'\u00e9ph\u00e9nidine - Poudre d'\u00e9ph\u00e9nidine en ligne - Best Global Meds\",\"isPartOf\":{\"@id\":\"https:\\\/\\\/medicinasinc.com\\\/fr\\\/#website\"},\"primaryImageOfPage\":{\"@id\":\"https:\\\/\\\/medicinasinc.com\\\/fr\\\/product\\\/acheter-ephenidine-poudre\\\/#primaryimage\"},\"image\":{\"@id\":\"https:\\\/\\\/medicinasinc.com\\\/fr\\\/product\\\/acheter-ephenidine-poudre\\\/#primaryimage\"},\"thumbnailUrl\":\"https:\\\/\\\/medicinasinc.com\\\/fr\\\/wp-content\\\/uploads\\\/sites\\\/5\\\/2022\\\/02\\\/Buy-Ephenidine-Powder-1.jpg\",\"datePublished\":\"2022-02-22T04:23:00+00:00\",\"dateModified\":\"2022-08-03T07:06:28+00:00\",\"description\":\"Achetez de la poudre d'\u00e9ph\u00e9nidine de haute puret\u00e9 \u00e0 vendre au Royaume-Uni, en Europe, dans notre boutique en ligne Medicinasinc.com avec une livraison rapide dans le monde entier\u00a0! La meilleure poudre d'\u00e9ph\u00e9nidine pour la commande que vous trouverez ici\u00a0!\",\"breadcrumb\":{\"@id\":\"https:\\\/\\\/medicinasinc.com\\\/fr\\\/product\\\/acheter-ephenidine-poudre\\\/#breadcrumb\"},\"inLanguage\":\"en-US\",\"potentialAction\":[{\"@type\":\"ReadAction\",\"target\":[\"https:\\\/\\\/medicinasinc.com\\\/fr\\\/product\\\/acheter-ephenidine-poudre\\\/\"]}]},{\"@type\":\"ImageObject\",\"inLanguage\":\"en-US\",\"@id\":\"https:\\\/\\\/medicinasinc.com\\\/fr\\\/product\\\/acheter-ephenidine-poudre\\\/#primaryimage\",\"url\":\"https:\\\/\\\/medicinasinc.com\\\/fr\\\/wp-content\\\/uploads\\\/sites\\\/5\\\/2022\\\/02\\\/Buy-Ephenidine-Powder-1.jpg\",\"contentUrl\":\"https:\\\/\\\/medicinasinc.com\\\/fr\\\/wp-content\\\/uploads\\\/sites\\\/5\\\/2022\\\/02\\\/Buy-Ephenidine-Powder-1.jpg\",\"width\":1080,\"height\":1166},{\"@type\":\"BreadcrumbList\",\"@id\":\"https:\\\/\\\/medicinasinc.com\\\/fr\\\/product\\\/acheter-ephenidine-poudre\\\/#breadcrumb\",\"itemListElement\":[{\"@type\":\"ListItem\",\"position\":1,\"name\":\"Boutique\",\"item\":\"https:\\\/\\\/medicinasinc.com\\\/fr\\\/boutique\\\/\"},{\"@type\":\"ListItem\",\"position\":2,\"name\":\"Acheter de la poudre d&#8217;\u00e9ph\u00e9nidine\"}]},{\"@type\":\"WebSite\",\"@id\":\"https:\\\/\\\/medicinasinc.com\\\/fr\\\/#website\",\"url\":\"https:\\\/\\\/medicinasinc.com\\\/fr\\\/\",\"name\":\"Medicinas Inc\",\"description\":\"Health Medical Clinic\",\"potentialAction\":[{\"@type\":\"SearchAction\",\"target\":{\"@type\":\"EntryPoint\",\"urlTemplate\":\"https:\\\/\\\/medicinasinc.com\\\/fr\\\/?s={search_term_string}\"},\"query-input\":{\"@type\":\"PropertyValueSpecification\",\"valueRequired\":true,\"valueName\":\"search_term_string\"}}],\"inLanguage\":\"en-US\"}]}<\/script>\n<!-- \/ Yoast SEO plugin. -->","yoast_head_json":{"title":"Acheter de la poudre d'\u00e9ph\u00e9nidine - Poudre d'\u00e9ph\u00e9nidine en ligne - Best Global Meds","description":"Achetez de la poudre d'\u00e9ph\u00e9nidine de haute puret\u00e9 \u00e0 vendre au Royaume-Uni, en Europe, dans notre boutique en ligne Medicinasinc.com avec une livraison rapide dans le monde entier\u00a0! La meilleure poudre d'\u00e9ph\u00e9nidine pour la commande que vous trouverez ici\u00a0!","robots":{"index":"index","follow":"follow","max-snippet":"max-snippet:-1","max-image-preview":"max-image-preview:large","max-video-preview":"max-video-preview:-1"},"canonical":"https:\/\/medicinasinc.com\/fr\/product\/acheter-ephenidine-poudre\/","og_locale":"en_US","og_type":"article","og_title":"Acheter de la poudre d'\u00e9ph\u00e9nidine - Poudre d'\u00e9ph\u00e9nidine en ligne - Best Global Meds","og_description":"Achetez de la poudre d'\u00e9ph\u00e9nidine de haute puret\u00e9 \u00e0 vendre au Royaume-Uni, en Europe, dans notre boutique en ligne Medicinasinc.com avec une livraison rapide dans le monde entier\u00a0! La meilleure poudre d'\u00e9ph\u00e9nidine pour la commande que vous trouverez ici\u00a0!","og_url":"https:\/\/medicinasinc.com\/fr\/product\/acheter-ephenidine-poudre\/","og_site_name":"Medicinas Inc","article_modified_time":"2022-08-03T07:06:28+00:00","og_image":[{"width":1080,"height":1166,"url":"https:\/\/medicinasinc.com\/fr\/wp-content\/uploads\/sites\/5\/2022\/02\/Buy-Ephenidine-Powder-1.jpg","type":"image\/jpeg"}],"twitter_card":"summary_large_image","twitter_misc":{"Est. reading time":"2 minutes"},"schema":{"@context":"https:\/\/schema.org","@graph":[{"@type":"WebPage","@id":"https:\/\/medicinasinc.com\/fr\/product\/acheter-ephenidine-poudre\/","url":"https:\/\/medicinasinc.com\/fr\/product\/acheter-ephenidine-poudre\/","name":"Acheter de la poudre d'\u00e9ph\u00e9nidine - Poudre d'\u00e9ph\u00e9nidine en ligne - Best Global Meds","isPartOf":{"@id":"https:\/\/medicinasinc.com\/fr\/#website"},"primaryImageOfPage":{"@id":"https:\/\/medicinasinc.com\/fr\/product\/acheter-ephenidine-poudre\/#primaryimage"},"image":{"@id":"https:\/\/medicinasinc.com\/fr\/product\/acheter-ephenidine-poudre\/#primaryimage"},"thumbnailUrl":"https:\/\/medicinasinc.com\/fr\/wp-content\/uploads\/sites\/5\/2022\/02\/Buy-Ephenidine-Powder-1.jpg","datePublished":"2022-02-22T04:23:00+00:00","dateModified":"2022-08-03T07:06:28+00:00","description":"Achetez de la poudre d'\u00e9ph\u00e9nidine de haute puret\u00e9 \u00e0 vendre au Royaume-Uni, en Europe, dans notre boutique en ligne Medicinasinc.com avec une livraison rapide dans le monde entier\u00a0! La meilleure poudre d'\u00e9ph\u00e9nidine pour la commande que vous trouverez ici\u00a0!","breadcrumb":{"@id":"https:\/\/medicinasinc.com\/fr\/product\/acheter-ephenidine-poudre\/#breadcrumb"},"inLanguage":"en-US","potentialAction":[{"@type":"ReadAction","target":["https:\/\/medicinasinc.com\/fr\/product\/acheter-ephenidine-poudre\/"]}]},{"@type":"ImageObject","inLanguage":"en-US","@id":"https:\/\/medicinasinc.com\/fr\/product\/acheter-ephenidine-poudre\/#primaryimage","url":"https:\/\/medicinasinc.com\/fr\/wp-content\/uploads\/sites\/5\/2022\/02\/Buy-Ephenidine-Powder-1.jpg","contentUrl":"https:\/\/medicinasinc.com\/fr\/wp-content\/uploads\/sites\/5\/2022\/02\/Buy-Ephenidine-Powder-1.jpg","width":1080,"height":1166},{"@type":"BreadcrumbList","@id":"https:\/\/medicinasinc.com\/fr\/product\/acheter-ephenidine-poudre\/#breadcrumb","itemListElement":[{"@type":"ListItem","position":1,"name":"Boutique","item":"https:\/\/medicinasinc.com\/fr\/boutique\/"},{"@type":"ListItem","position":2,"name":"Acheter de la poudre d&#8217;\u00e9ph\u00e9nidine"}]},{"@type":"WebSite","@id":"https:\/\/medicinasinc.com\/fr\/#website","url":"https:\/\/medicinasinc.com\/fr\/","name":"Medicinas Inc","description":"Health Medical Clinic","potentialAction":[{"@type":"SearchAction","target":{"@type":"EntryPoint","urlTemplate":"https:\/\/medicinasinc.com\/fr\/?s={search_term_string}"},"query-input":{"@type":"PropertyValueSpecification","valueRequired":true,"valueName":"search_term_string"}}],"inLanguage":"en-US"}]}},"_links":{"self":[{"href":"https:\/\/medicinasinc.com\/fr\/wp-json\/wp\/v2\/product\/5696","targetHints":{"allow":["GET"]}}],"collection":[{"href":"https:\/\/medicinasinc.com\/fr\/wp-json\/wp\/v2\/product"}],"about":[{"href":"https:\/\/medicinasinc.com\/fr\/wp-json\/wp\/v2\/types\/product"}],"replies":[{"embeddable":true,"href":"https:\/\/medicinasinc.com\/fr\/wp-json\/wp\/v2\/comments?post=5696"}],"wp:featuredmedia":[{"embeddable":true,"href":"https:\/\/medicinasinc.com\/fr\/wp-json\/wp\/v2\/media\/5707"}],"wp:attachment":[{"href":"https:\/\/medicinasinc.com\/fr\/wp-json\/wp\/v2\/media?parent=5696"}],"wp:term":[{"taxonomy":"product_brand","embeddable":true,"href":"https:\/\/medicinasinc.com\/fr\/wp-json\/wp\/v2\/product_brand?post=5696"},{"taxonomy":"product_cat","embeddable":true,"href":"https:\/\/medicinasinc.com\/fr\/wp-json\/wp\/v2\/product_cat?post=5696"},{"taxonomy":"product_tag","embeddable":true,"href":"https:\/\/medicinasinc.com\/fr\/wp-json\/wp\/v2\/product_tag?post=5696"}],"curies":[{"name":"wp","href":"https:\/\/api.w.org\/{rel}","templated":true}]}}