{"id":5685,"date":"2022-02-22T04:11:15","date_gmt":"2022-02-22T04:11:15","guid":{"rendered":"https:\/\/medicinasinc.com\/fr\/?post_type=product&#038;p=5685"},"modified":"2022-08-05T10:42:05","modified_gmt":"2022-08-05T10:42:05","slug":"acheter-pomper-le-sel-de-bain","status":"publish","type":"product","link":"https:\/\/medicinasinc.com\/fr\/product\/acheter-pomper-le-sel-de-bain\/","title":{"rendered":"Acheter du sel de bain Pump It"},"content":{"rendered":"<p>C&#8217;est une bonne id\u00e9e d&#8217;acheter des sels de bain en poudre Pump-It<\/p>\n<p>Achetez des sels de bain en poudre Pump-It aupr\u00e8s d&#8217;une source fiable. Nous vendons les meilleurs produits de bain, comme les sels de bain. Les sels de bain vous donneront un bain doux et sensuel qui vous laissera une sensation de propret\u00e9 apr\u00e8s leur utilisation. Cependant, nos clients peuvent \u00eatre s\u00fbrs qu&#8217;ils obtiendront les meilleurs produits sur le march\u00e9. Cependant, nous vendons et achetons \u00e9galement d&#8217;autres sels de bain concentr\u00e9s \u00e0 bon prix.<\/p>\n<p>Nos sels de bain ont une forte odeur.<\/p>\n<p>Les sels de bain en poudre Pump-It sont destin\u00e9s \u00e0 rendre votre exp\u00e9rience de bain encore plus excitant, \u00e9nergique et euphorique. Une petite quantit\u00e9 suffit pour faire une grande diff\u00e9rence. Cependant, vous pouvez simplement ajouter une petite quantit\u00e9 \u00e0 un bain chaud pour adoucir naturellement l&#8217;eau, ce qui vous fera vous sentir tr\u00e8s \u00e9nergique et heureux apr\u00e8s. Cependant, il est utilis\u00e9 pour ressembler aux sources chaudes naturelles de la mer grecque. Utilisez la poudre Pump-It avec parcimonie au d\u00e9but, car une trop grande quantit\u00e9 rendra l&#8217;eau de votre bain sale et vous rendra malheureux. Cependant, si vous utilisez correctement la poudre Pump-It, elle peut vous aider \u00e0 atteindre des endroits que vous pensiez impossibles.<\/p>\n<p>Articles connexes\u00a0:<br \/>\nVous pouvez voir certains de nos sels de bain originaux dans la liste ci-dessous .<br \/>\nIl s&#8217;agit de 500 mg de sels de bain concentr\u00e9s de Rave On.<br \/>\nLes sels de bain Eight Ballz en contiennent 500 mg.<br \/>\nLes sels de bain de qualit\u00e9 sup\u00e9rieure d&#8217;Hollywood p\u00e8sent 1 gramme.<br \/>\n500 mg de DIAMOND DUST<br \/>\nUne cuill\u00e8re \u00e0 soupe contient 500 mg de poudre.<br \/>\nLa poudre Black Diamond Novelty est compos\u00e9e de Black Diamond.<br \/>\nIl s&#8217;agit de 500 mg de poudre Pump-it de Eight Ballz.<br \/>\n500 mg de White Rush Bath Sels<br \/>\nLes sels de bain Ivory Wave Ultra en contiennent 500 mg.<br \/>\nSels de bain Ivory Wave 500 mg<br \/>\nDans ce cas, 500 mg de sels de bain Lady Bubbles sont dans l&#8217;emballage.<br \/>\nCloud 9 sels de bain en contiennent 500 mg.<br \/>\nIl y a 500 mg de Heavenly Soak Euphoric \u2013 Novelty Powder dans cette bouteille.<br \/>\nIl s&#8217;agit de 500 mg de Heavenly Soak \u2013 Energy \u2013 Fun Powder.<br \/>\n500 mg de Sky \u2013 Fun Poudre<br \/>\nIl y a 500 mg de poudre de nouveaut\u00e9 der in Molly&#8217;s Blend \u2013<\/p>\n<p>&nbsp;<\/p>\n<p>Vanilla Sky Bath Salts 500mg, Fizz Concentrated Bath Salts 500mg, Bolivian Ivory Wave Recharge Bath Salts 500mg, White Girl Concentrated Bath Salts 500mg, Tranquility Concentrated Sels de bain 500mg, X Rated Bath Salts 500mg<br \/>\nIvory Smooth 500mg Sels de bain<br \/>\n50mg de Blue Wave Bath Salts<br \/>\nBlue Silk correspond \u00e0 500mg de sel de bain.<br \/>\nDans ce cas, 500mg de Des sels de bain boliviens ont \u00e9t\u00e9 utilis\u00e9s.<br \/>\nSels de bain de G Pheonix<\/p>\n<p>&nbsp;<\/p>\n<p>Dans ce cas, les sels de bain concentr\u00e9s White Girl 500 mg sont ce dont vous avez besoin.<br \/>\n500 mg de sels de bain White Lady<br \/>\nLes sels de bain concentr\u00e9s Bliss contiennent 500 mg de sel dans chaque sac.<br \/>\nLes sels de bain Snow Leopard en contiennent 500 mg dans chaque sac.<br \/>\n500 mg de sels de bain suppl\u00e9mentaires de Lunar Vague. 500 mg de sel de bain concentr\u00e9 de White Horse.<br \/>\n500 mg de sels de bain tonifiants<br \/>\n500 mg de sel de bain Cloud 10<br \/>\nBlue Magic : 500 mg de sels de bain<br \/>\nSel de bain au nom de Scarface a 500 mg de celui-ci.<br \/>\nBeaucoup plus de monde aussi.<\/p>\n","protected":false},"excerpt":{"rendered":"<p>Dans notre boutique en ligne medicinasinc.com, vous pouvez acheter du sel de bain Pump It en vente au Royaume-Uni, en Europe et en Australie, et nous vous l&#8217;enverrons imm\u00e9diatement. Vous pouvez acheter le meilleur sel de bain Pump It ici !<\/p>\n<p>Vous pouvez acheter le sel de bain Pump It Up en toute s\u00e9curit\u00e9 aupr\u00e8s de Global medicinas Bath Salts. Nous vendons des sels de bain concentr\u00e9s K2 \u00e0 bas prix sur internet.<\/p>\n<p>Au meilleur prix, vous pouvez acheter le sel de bain Pump It en ligne dans un magasin. Nous promettons une exp\u00e9dition s\u00fbre et s\u00e9curis\u00e9e partout dans le monde.<\/p>\n<p>O\u00f9 voulez-vous acheter &amp; #8220;Pump-It Powder Bath Salts &amp; #8221;\u00a0? Best Global Meds vous donne la possibilit\u00e9 d&#8217;acheter des sels de bain amplifi\u00e9s en vente en ligne.<\/p>\n","protected":false},"featured_media":5697,"comment_status":"open","ping_status":"closed","template":"","meta":[],"product_brand":[],"product_cat":[59],"product_tag":[3566,3565,3567,3572,3569,3570,3568,3571,3573],"class_list":{"0":"post-5685","1":"product","2":"type-product","3":"status-publish","4":"has-post-thumbnail","6":"product_cat-produits-chimiques-de-recherche","7":"product_tag-acheter-pump-it-poudre-sels-de-bain","8":"product_tag-acheter-pomper-le-sel-de-bain","9":"product_tag-commander-pomper-le-sel-de-bain","10":"product_tag-pompe-it-sel-de-bain-en-poudre","11":"product_tag-pump-it-bath-salt-effect","12":"product_tag-pompe-it-sel-de-bain-a-vendre","13":"product_tag-pompe-le-sel-de-bain-acheter","14":"product_tag-pomper-le-sel-de-bain-commander","15":"product_tag-pompe-le-sel-de-bain-reddit","17":"first","18":"instock","19":"featured","20":"shipping-taxable","21":"purchasable","22":"product-type-variable","23":"has-default-attributes"},"yoast_head":"<!-- This site is optimized with the Yoast SEO plugin v27.3 - https:\/\/yoast.com\/product\/yoast-seo-wordpress\/ -->\n<title>Acheter du sel de bain Pump It - Pump It Bath Salt - Best Global Meds<\/title>\n<meta name=\"description\" content=\"Achetez du sel de bain Pump It \u00e0 vendre au Royaume-Uni, en Europe, dans notre boutique en ligne medicinasinc.com avec une livraison rapide dans le monde entier\u00a0! Vous trouverez ici le meilleur sel de bain Pump It \u00e0 commander!\" \/>\n<meta name=\"robots\" content=\"index, follow, max-snippet:-1, max-image-preview:large, max-video-preview:-1\" \/>\n<link rel=\"canonical\" href=\"https:\/\/medicinasinc.com\/fr\/product\/acheter-pomper-le-sel-de-bain\/\" \/>\n<meta property=\"og:locale\" content=\"en_US\" \/>\n<meta property=\"og:type\" content=\"article\" \/>\n<meta property=\"og:title\" content=\"Acheter du sel de bain Pump It - Pump It Bath Salt - Best Global Meds\" \/>\n<meta property=\"og:description\" content=\"Achetez du sel de bain Pump It \u00e0 vendre au Royaume-Uni, en Europe, dans notre boutique en ligne medicinasinc.com avec une livraison rapide dans le monde entier\u00a0! Vous trouverez ici le meilleur sel de bain Pump It \u00e0 commander!\" \/>\n<meta property=\"og:url\" content=\"https:\/\/medicinasinc.com\/fr\/product\/acheter-pomper-le-sel-de-bain\/\" \/>\n<meta property=\"og:site_name\" content=\"Medicinas Inc\" \/>\n<meta property=\"article:modified_time\" content=\"2022-08-05T10:42:05+00:00\" \/>\n<meta property=\"og:image\" content=\"https:\/\/medicinasinc.com\/fr\/wp-content\/uploads\/sites\/5\/2022\/02\/Buy-Pump-It-Bath-Salt.jpg\" \/>\n\t<meta property=\"og:image:width\" content=\"600\" \/>\n\t<meta property=\"og:image:height\" content=\"600\" \/>\n\t<meta property=\"og:image:type\" content=\"image\/jpeg\" \/>\n<meta name=\"twitter:card\" content=\"summary_large_image\" \/>\n<meta name=\"twitter:label1\" content=\"Est. reading time\" \/>\n\t<meta name=\"twitter:data1\" content=\"3 minutes\" \/>\n<script type=\"application\/ld+json\" class=\"yoast-schema-graph\">{\"@context\":\"https:\\\/\\\/schema.org\",\"@graph\":[{\"@type\":\"WebPage\",\"@id\":\"https:\\\/\\\/medicinasinc.com\\\/fr\\\/product\\\/acheter-pomper-le-sel-de-bain\\\/\",\"url\":\"https:\\\/\\\/medicinasinc.com\\\/fr\\\/product\\\/acheter-pomper-le-sel-de-bain\\\/\",\"name\":\"Acheter du sel de bain Pump It - Pump It Bath Salt - Best Global Meds\",\"isPartOf\":{\"@id\":\"https:\\\/\\\/medicinasinc.com\\\/fr\\\/#website\"},\"primaryImageOfPage\":{\"@id\":\"https:\\\/\\\/medicinasinc.com\\\/fr\\\/product\\\/acheter-pomper-le-sel-de-bain\\\/#primaryimage\"},\"image\":{\"@id\":\"https:\\\/\\\/medicinasinc.com\\\/fr\\\/product\\\/acheter-pomper-le-sel-de-bain\\\/#primaryimage\"},\"thumbnailUrl\":\"https:\\\/\\\/medicinasinc.com\\\/fr\\\/wp-content\\\/uploads\\\/sites\\\/5\\\/2022\\\/02\\\/Buy-Pump-It-Bath-Salt.jpg\",\"datePublished\":\"2022-02-22T04:11:15+00:00\",\"dateModified\":\"2022-08-05T10:42:05+00:00\",\"description\":\"Achetez du sel de bain Pump It \u00e0 vendre au Royaume-Uni, en Europe, dans notre boutique en ligne medicinasinc.com avec une livraison rapide dans le monde entier\u00a0! Vous trouverez ici le meilleur sel de bain Pump It \u00e0 commander!\",\"breadcrumb\":{\"@id\":\"https:\\\/\\\/medicinasinc.com\\\/fr\\\/product\\\/acheter-pomper-le-sel-de-bain\\\/#breadcrumb\"},\"inLanguage\":\"en-US\",\"potentialAction\":[{\"@type\":\"ReadAction\",\"target\":[\"https:\\\/\\\/medicinasinc.com\\\/fr\\\/product\\\/acheter-pomper-le-sel-de-bain\\\/\"]}]},{\"@type\":\"ImageObject\",\"inLanguage\":\"en-US\",\"@id\":\"https:\\\/\\\/medicinasinc.com\\\/fr\\\/product\\\/acheter-pomper-le-sel-de-bain\\\/#primaryimage\",\"url\":\"https:\\\/\\\/medicinasinc.com\\\/fr\\\/wp-content\\\/uploads\\\/sites\\\/5\\\/2022\\\/02\\\/Buy-Pump-It-Bath-Salt.jpg\",\"contentUrl\":\"https:\\\/\\\/medicinasinc.com\\\/fr\\\/wp-content\\\/uploads\\\/sites\\\/5\\\/2022\\\/02\\\/Buy-Pump-It-Bath-Salt.jpg\",\"width\":600,\"height\":600},{\"@type\":\"BreadcrumbList\",\"@id\":\"https:\\\/\\\/medicinasinc.com\\\/fr\\\/product\\\/acheter-pomper-le-sel-de-bain\\\/#breadcrumb\",\"itemListElement\":[{\"@type\":\"ListItem\",\"position\":1,\"name\":\"Boutique\",\"item\":\"https:\\\/\\\/medicinasinc.com\\\/fr\\\/boutique\\\/\"},{\"@type\":\"ListItem\",\"position\":2,\"name\":\"Acheter du sel de bain Pump It\"}]},{\"@type\":\"WebSite\",\"@id\":\"https:\\\/\\\/medicinasinc.com\\\/fr\\\/#website\",\"url\":\"https:\\\/\\\/medicinasinc.com\\\/fr\\\/\",\"name\":\"Medicinas Inc\",\"description\":\"Health Medical Clinic\",\"potentialAction\":[{\"@type\":\"SearchAction\",\"target\":{\"@type\":\"EntryPoint\",\"urlTemplate\":\"https:\\\/\\\/medicinasinc.com\\\/fr\\\/?s={search_term_string}\"},\"query-input\":{\"@type\":\"PropertyValueSpecification\",\"valueRequired\":true,\"valueName\":\"search_term_string\"}}],\"inLanguage\":\"en-US\"}]}<\/script>\n<!-- \/ Yoast SEO plugin. -->","yoast_head_json":{"title":"Acheter du sel de bain Pump It - Pump It Bath Salt - Best Global Meds","description":"Achetez du sel de bain Pump It \u00e0 vendre au Royaume-Uni, en Europe, dans notre boutique en ligne medicinasinc.com avec une livraison rapide dans le monde entier\u00a0! Vous trouverez ici le meilleur sel de bain Pump It \u00e0 commander!","robots":{"index":"index","follow":"follow","max-snippet":"max-snippet:-1","max-image-preview":"max-image-preview:large","max-video-preview":"max-video-preview:-1"},"canonical":"https:\/\/medicinasinc.com\/fr\/product\/acheter-pomper-le-sel-de-bain\/","og_locale":"en_US","og_type":"article","og_title":"Acheter du sel de bain Pump It - Pump It Bath Salt - Best Global Meds","og_description":"Achetez du sel de bain Pump It \u00e0 vendre au Royaume-Uni, en Europe, dans notre boutique en ligne medicinasinc.com avec une livraison rapide dans le monde entier\u00a0! Vous trouverez ici le meilleur sel de bain Pump It \u00e0 commander!","og_url":"https:\/\/medicinasinc.com\/fr\/product\/acheter-pomper-le-sel-de-bain\/","og_site_name":"Medicinas Inc","article_modified_time":"2022-08-05T10:42:05+00:00","og_image":[{"width":600,"height":600,"url":"https:\/\/medicinasinc.com\/fr\/wp-content\/uploads\/sites\/5\/2022\/02\/Buy-Pump-It-Bath-Salt.jpg","type":"image\/jpeg"}],"twitter_card":"summary_large_image","twitter_misc":{"Est. reading time":"3 minutes"},"schema":{"@context":"https:\/\/schema.org","@graph":[{"@type":"WebPage","@id":"https:\/\/medicinasinc.com\/fr\/product\/acheter-pomper-le-sel-de-bain\/","url":"https:\/\/medicinasinc.com\/fr\/product\/acheter-pomper-le-sel-de-bain\/","name":"Acheter du sel de bain Pump It - Pump It Bath Salt - Best Global Meds","isPartOf":{"@id":"https:\/\/medicinasinc.com\/fr\/#website"},"primaryImageOfPage":{"@id":"https:\/\/medicinasinc.com\/fr\/product\/acheter-pomper-le-sel-de-bain\/#primaryimage"},"image":{"@id":"https:\/\/medicinasinc.com\/fr\/product\/acheter-pomper-le-sel-de-bain\/#primaryimage"},"thumbnailUrl":"https:\/\/medicinasinc.com\/fr\/wp-content\/uploads\/sites\/5\/2022\/02\/Buy-Pump-It-Bath-Salt.jpg","datePublished":"2022-02-22T04:11:15+00:00","dateModified":"2022-08-05T10:42:05+00:00","description":"Achetez du sel de bain Pump It \u00e0 vendre au Royaume-Uni, en Europe, dans notre boutique en ligne medicinasinc.com avec une livraison rapide dans le monde entier\u00a0! Vous trouverez ici le meilleur sel de bain Pump It \u00e0 commander!","breadcrumb":{"@id":"https:\/\/medicinasinc.com\/fr\/product\/acheter-pomper-le-sel-de-bain\/#breadcrumb"},"inLanguage":"en-US","potentialAction":[{"@type":"ReadAction","target":["https:\/\/medicinasinc.com\/fr\/product\/acheter-pomper-le-sel-de-bain\/"]}]},{"@type":"ImageObject","inLanguage":"en-US","@id":"https:\/\/medicinasinc.com\/fr\/product\/acheter-pomper-le-sel-de-bain\/#primaryimage","url":"https:\/\/medicinasinc.com\/fr\/wp-content\/uploads\/sites\/5\/2022\/02\/Buy-Pump-It-Bath-Salt.jpg","contentUrl":"https:\/\/medicinasinc.com\/fr\/wp-content\/uploads\/sites\/5\/2022\/02\/Buy-Pump-It-Bath-Salt.jpg","width":600,"height":600},{"@type":"BreadcrumbList","@id":"https:\/\/medicinasinc.com\/fr\/product\/acheter-pomper-le-sel-de-bain\/#breadcrumb","itemListElement":[{"@type":"ListItem","position":1,"name":"Boutique","item":"https:\/\/medicinasinc.com\/fr\/boutique\/"},{"@type":"ListItem","position":2,"name":"Acheter du sel de bain Pump It"}]},{"@type":"WebSite","@id":"https:\/\/medicinasinc.com\/fr\/#website","url":"https:\/\/medicinasinc.com\/fr\/","name":"Medicinas Inc","description":"Health Medical Clinic","potentialAction":[{"@type":"SearchAction","target":{"@type":"EntryPoint","urlTemplate":"https:\/\/medicinasinc.com\/fr\/?s={search_term_string}"},"query-input":{"@type":"PropertyValueSpecification","valueRequired":true,"valueName":"search_term_string"}}],"inLanguage":"en-US"}]}},"_links":{"self":[{"href":"https:\/\/medicinasinc.com\/fr\/wp-json\/wp\/v2\/product\/5685","targetHints":{"allow":["GET"]}}],"collection":[{"href":"https:\/\/medicinasinc.com\/fr\/wp-json\/wp\/v2\/product"}],"about":[{"href":"https:\/\/medicinasinc.com\/fr\/wp-json\/wp\/v2\/types\/product"}],"replies":[{"embeddable":true,"href":"https:\/\/medicinasinc.com\/fr\/wp-json\/wp\/v2\/comments?post=5685"}],"wp:featuredmedia":[{"embeddable":true,"href":"https:\/\/medicinasinc.com\/fr\/wp-json\/wp\/v2\/media\/5697"}],"wp:attachment":[{"href":"https:\/\/medicinasinc.com\/fr\/wp-json\/wp\/v2\/media?parent=5685"}],"wp:term":[{"taxonomy":"product_brand","embeddable":true,"href":"https:\/\/medicinasinc.com\/fr\/wp-json\/wp\/v2\/product_brand?post=5685"},{"taxonomy":"product_cat","embeddable":true,"href":"https:\/\/medicinasinc.com\/fr\/wp-json\/wp\/v2\/product_cat?post=5685"},{"taxonomy":"product_tag","embeddable":true,"href":"https:\/\/medicinasinc.com\/fr\/wp-json\/wp\/v2\/product_tag?post=5685"}],"curies":[{"name":"wp","href":"https:\/\/api.w.org\/{rel}","templated":true}]}}