{"id":5684,"date":"2022-02-22T04:10:18","date_gmt":"2022-02-22T04:10:18","guid":{"rendered":"https:\/\/medicinasinc.com\/fr\/?post_type=product&#038;p=5684"},"modified":"2022-03-17T11:46:16","modified_gmt":"2022-03-17T11:46:16","slug":"acheter-mmb-2201-poudre","status":"publish","type":"product","link":"https:\/\/medicinasinc.com\/fr\/product\/acheter-mmb-2201-poudre\/","title":{"rendered":"Acheter de la poudre MMB-2201"},"content":{"rendered":"<p>MDMB-2201 Drug est un produit chimique de recherche de premier ordre que vous pouvez obtenir en ligne \u00e0 un prix raisonnable. Le fournisseur de confiance bestglobalmed.com propose le 5F-MDMB-2201 \u00e0 un prix r\u00e9duit. En tant que drogue de synth\u00e8se et ingr\u00e9dient actif dans les m\u00e9langes de cannabis de synth\u00e8se, le MMB-2201 est un puissant cannabino\u00efde synth\u00e9tique \u00e0 base d&#8217;indole-3-carboxamide.<\/p>\n<p>Le cannabino\u00efde synth\u00e9tique \u00e0 base d&#8217;indole-3-carboxamide MMB-2201 ( \u00e9galement connu sous le nom de 5F-MMB-PICA, 5F-AMB-PICA et I-AMB) a \u00e9t\u00e9 annonc\u00e9 comme une drogue de synth\u00e8se et un ingr\u00e9dient dans les m\u00e9langes de cannabis synth\u00e9tique. Signal\u00e9 pour la premi\u00e8re fois en Russie et en Bi\u00e9lorussie en janvier 2014, il a depuis \u00e9t\u00e9 vendu dans de nombreux autres pays. L&#8217;homologue du noyau indole du 5F-AMB est ce compos\u00e9. les compos\u00e9s synth\u00e9tiques du cannabis avec un groupe N-1-m\u00e9thoxycarbonyle contenant un noyau indole-3-carboxamide ou un noyau indazole-3-carboxamide, ainsi qu&#8217;un substituant isopropyle ou t-butyle, se sont av\u00e9r\u00e9s nettement plus nocifs que les cannabino\u00efdes synth\u00e9tiques plus anciens compos\u00e9s<\/p>\n<p>Le cannabino\u00efde synth\u00e9tique 5F-MDMB-2201 est extr\u00eamement similaire au MMB-2201 (famille des indazoles). Au niveau des r\u00e9cepteurs CB1 et CB2, le 5F-MDMB-2201 exerce un effet significatif (agonisme).<\/p>\n<p>Nom m\u00e9tabolique\u00a0: 2-m\u00e9thyl-1H-indole-3-carboxamido-dim\u00e9thylbutaneate<\/p>\n<p>En tant que m\u00e9dicament de synth\u00e8se et ingr\u00e9dient actif dans les m\u00e9langes de cannabis synth\u00e9tique, le MMB-2201 est un cannabino\u00efde synth\u00e9tique \u00e0 base d&#8217;indole-3-carboxamide.<\/p>\n<p>889493-21-2 Num\u00e9ro CAS<\/p>\n<p>C21H29FN2O3 est la formule chimique.<\/p>\n<p>Puret\u00e9 minimale de 99,7\u00a0%<\/p>\n<p>376,49 est le poids mol\u00e9culaire<\/p>\n<p>Cristaux\/poudre en apparence<\/p>\n<p> Le cannabino\u00efde synth\u00e9tique \u00e0 base d&#8217;indole-3-carboxamide MMB-2201 (\u00e9galement connu sous le nom de 5F-MMB-PICA, 5F-AMB-PICA et I-AMB) est un m\u00e9dicament de synth\u00e8se et un ingr\u00e9dient actif dans les m\u00e9langes de cannabis synth\u00e9tique. Bien qu&#8217;il ait \u00e9t\u00e9 initialement signal\u00e9 en Russie et en Bi\u00e9lorussie en janvier de cette ann\u00e9e, il a ensuite \u00e9t\u00e9 mis en vente dans un certain nombre d&#8217;autres pays. L&#8217;homologue central du 5F-indole AMB se trouve dans ce compos\u00e9. Il a \u00e9t\u00e9 constat\u00e9 que les nouveaux compos\u00e9s synth\u00e9tiques de cannabis avec un noyau indole-3-carboxamide ou indazole-3-carboxamide et un groupe N-1-m\u00e9thoxycarbonyle li\u00e9 \u00e0 un substituant isopropyle ou t-butyle sont beaucoup plus nocifs que les compos\u00e9s cannabino\u00efdes synth\u00e9tiques plus anciens. &#8211;<\/p>\n<p>Le cannabino\u00efde synth\u00e9tique 5F-MDMB-2201 est extr\u00eamement similaire au MMB-2201 (famille des indazoles). Les r\u00e9cepteurs CB1 et CB2 sont hautement antagonistes du 5F-MDMB-2201.<\/p>\n<p>Nom m\u00e9tabolique\u00a0: 2-m\u00e9thyl-1H-indole-3-carboxamido-dim\u00e9thylbutaneate de m\u00e9thyle.<\/p>\n<p>En tant que m\u00e9dicament de synth\u00e8se et ingr\u00e9dient actif dans les m\u00e9langes de cannabis synth\u00e9tique, le MMB-2201 est un cannabino\u00efde synth\u00e9tique \u00e0 base d&#8217;indole-3-carboxamide.<\/p>\n<p>889493-21-2 Num\u00e9ro CAS<\/p>\n<p>C21H29FN2O3 est la formule chimique .<\/p>\n<p>Puret\u00e9 minimale de 99,7\u00a0%<\/p>\n<p>376,49 est le poids mol\u00e9culaire<\/p>\n<p>Cristaux et poudre<\/p>\n","protected":false},"excerpt":{"rendered":"<p>Achetez la poudre MMB-2201 \u00e0 vendre au Royaume-Uni, en Europe, en Australie. nous offrons la transaction la plus fiable et vendons \u00e0 des prix tr\u00e8s abordables. Commandez MMB-2201 Powder maintenant au meilleur prix<\/p>\n<p>Achetez en ligne MMB-2201 Powder Pure Online. La poudre MMB-2201 est \u00e9galement\u00a0: 5F-MMB-PICA, 5F-AMB-PICA ou I-AMB.<\/p>\n<p>5CAKB48 MMB022,\u00a0<em>MPHP2201<\/em>\u00a0haute puret\u00e9 et\u00a0<em>poudre<\/em>\u00a0en ligne &#8230; <em>Mmbfub<\/em>,\u00a0<em>Mphp2201<\/em>, 5f-mdmb-<em>2201<\/em>, 5feapb\/5feapb, Mmb022, 4-cdc, Fub144,\u00a0<em>Fub2201<\/em>.<\/p>\n<p><em>Acheter<\/em>\u00a05F MDMB en ligne &amp;#8211\u00a0; Vous pouvez commander de la poudre 5F-MDMB-<em>2201<\/em>\u00a0\u00e0 bas prix \u00e0 partir de &amp;#8230\u00a0; Les cristaux 5F\u00a0MDMB\u00a0<em>2201<\/em>\u00a0sont \u00e9galement appel\u00e9s 5F-<em>MMB<\/em>-PICA, 5F-AMB-PICA et I-AMB.<\/p>\n<p>&amp;nbsp\u00a0;<\/p>\n","protected":false},"featured_media":5695,"comment_status":"open","ping_status":"closed","template":"","meta":[],"product_brand":[],"product_cat":[2596],"product_tag":[2600,2603,2616,2601,2604,2607,2612,2605,2606,2613,2609,2614,2615,2619,2621,2622,2620,2602,2626,2627,2628,2625,2608,2610,2611,2631,2629,3564,3563],"class_list":{"0":"post-5684","1":"product","2":"type-product","3":"status-publish","4":"has-post-thumbnail","6":"product_cat-cannabinoides-a-vendre","7":"product_tag-5f-mdmb-2201","8":"product_tag-5f-mdmb-2201--vendre","9":"product_tag-5f-mdmb-2201-revue","10":"product_tag-5f-mdmb-2201-cannabinoids","11":"product_tag-5f-mdmb-2201-for-sale-online","12":"product_tag-5f-mdmb-2201-poudre-canada","13":"product_tag-5f-mdmb-2201-poudre-uk","14":"product_tag-5f-mdmb-2201-poudre","15":"product_tag-5f-mdmb-2201-poudre-australie","16":"product_tag-5f-mdmb-2201-poudre-usa","17":"product_tag-5f-mdmb-2201-powder-for-sale","18":"product_tag-5f-mdmb-2201-powder-vendor","19":"product_tag-5f-mdmb-2201-reddit","20":"product_tag-acheter-5f-mdmb-2201","21":"product_tag-acheter-5f-mdmb-2201-en-ligne","22":"product_tag-acheter-5f-mdmb-2201-poudre-en-ligne","23":"product_tag-acheter-5f-mdmb-2201-cannabinodes","24":"product_tag-5f-mdmb-2201-cannabinodes--vendre","25":"product_tag-commande-5f-mdmb-2201","26":"product_tag-commande-5f-mdmb-2201-en-ligne","27":"product_tag-commande-5f-mdmb-2201-poudre","28":"product_tag-mail-5f-mdmb-2201","29":"product_tag-5f-mdmb-2201-poudre-dosage","30":"product_tag-5f-mdmb-2201-examen-poudre","31":"product_tag-5f-mdmb-2201-fournisseur-de-poudre","32":"product_tag-o-acheter-5f-mdmb-2201","33":"product_tag-pure-5f-mdmb-2201-poudre","34":"product_tag-remove-term-5f-mdmb-2201-5f-mdmb-2201-poudre--vendre","35":"product_tag-supprimer-terme-5f-mdmb-2201-5f-mdmb-2201-effet","37":"first","38":"instock","39":"shipping-taxable","40":"purchasable","41":"product-type-variable","42":"has-default-attributes"},"yoast_head":"<!-- This site is optimized with the Yoast SEO plugin v27.3 - https:\/\/yoast.com\/product\/yoast-seo-wordpress\/ -->\n<title>Acheter de la poudre MMB-2201 - MMB-2201 \u00e0 vendre - Best Global Meds<\/title>\n<meta name=\"description\" content=\"Acheter de la poudre MMB-2201 \u00e0 vendre au Royaume-Uni, en Europe et en Australie. nous offrons la transaction la plus fiable et vendons \u00e0 des prix tr\u00e8s abordables. Commandez maintenant la poudre MMB-2201 au meilleur prix\" \/>\n<meta name=\"robots\" content=\"index, follow, max-snippet:-1, max-image-preview:large, max-video-preview:-1\" \/>\n<link rel=\"canonical\" href=\"https:\/\/medicinasinc.com\/fr\/product\/acheter-mmb-2201-poudre\/\" \/>\n<meta property=\"og:locale\" content=\"en_US\" \/>\n<meta property=\"og:type\" content=\"article\" \/>\n<meta property=\"og:title\" content=\"Acheter de la poudre MMB-2201 - MMB-2201 \u00e0 vendre - Best Global Meds\" \/>\n<meta property=\"og:description\" content=\"Acheter de la poudre MMB-2201 \u00e0 vendre au Royaume-Uni, en Europe et en Australie. nous offrons la transaction la plus fiable et vendons \u00e0 des prix tr\u00e8s abordables. Commandez maintenant la poudre MMB-2201 au meilleur prix\" \/>\n<meta property=\"og:url\" content=\"https:\/\/medicinasinc.com\/fr\/product\/acheter-mmb-2201-poudre\/\" \/>\n<meta property=\"og:site_name\" content=\"Medicinas Inc\" \/>\n<meta property=\"article:modified_time\" content=\"2022-03-17T11:46:16+00:00\" \/>\n<meta property=\"og:image\" content=\"https:\/\/medicinasinc.com\/fr\/wp-content\/uploads\/sites\/5\/2022\/02\/Buy-MMB-2201-Powder.jpg\" \/>\n\t<meta property=\"og:image:width\" content=\"600\" \/>\n\t<meta property=\"og:image:height\" content=\"600\" \/>\n\t<meta property=\"og:image:type\" content=\"image\/jpeg\" \/>\n<meta name=\"twitter:card\" content=\"summary_large_image\" \/>\n<meta name=\"twitter:label1\" content=\"Est. reading time\" \/>\n\t<meta name=\"twitter:data1\" content=\"2 minutes\" \/>\n<script type=\"application\/ld+json\" class=\"yoast-schema-graph\">{\"@context\":\"https:\\\/\\\/schema.org\",\"@graph\":[{\"@type\":\"WebPage\",\"@id\":\"https:\\\/\\\/medicinasinc.com\\\/fr\\\/product\\\/acheter-mmb-2201-poudre\\\/\",\"url\":\"https:\\\/\\\/medicinasinc.com\\\/fr\\\/product\\\/acheter-mmb-2201-poudre\\\/\",\"name\":\"Acheter de la poudre MMB-2201 - MMB-2201 \u00e0 vendre - Best Global Meds\",\"isPartOf\":{\"@id\":\"https:\\\/\\\/medicinasinc.com\\\/fr\\\/#website\"},\"primaryImageOfPage\":{\"@id\":\"https:\\\/\\\/medicinasinc.com\\\/fr\\\/product\\\/acheter-mmb-2201-poudre\\\/#primaryimage\"},\"image\":{\"@id\":\"https:\\\/\\\/medicinasinc.com\\\/fr\\\/product\\\/acheter-mmb-2201-poudre\\\/#primaryimage\"},\"thumbnailUrl\":\"https:\\\/\\\/medicinasinc.com\\\/fr\\\/wp-content\\\/uploads\\\/sites\\\/5\\\/2022\\\/02\\\/Buy-MMB-2201-Powder.jpg\",\"datePublished\":\"2022-02-22T04:10:18+00:00\",\"dateModified\":\"2022-03-17T11:46:16+00:00\",\"description\":\"Acheter de la poudre MMB-2201 \u00e0 vendre au Royaume-Uni, en Europe et en Australie. nous offrons la transaction la plus fiable et vendons \u00e0 des prix tr\u00e8s abordables. Commandez maintenant la poudre MMB-2201 au meilleur prix\",\"breadcrumb\":{\"@id\":\"https:\\\/\\\/medicinasinc.com\\\/fr\\\/product\\\/acheter-mmb-2201-poudre\\\/#breadcrumb\"},\"inLanguage\":\"en-US\",\"potentialAction\":[{\"@type\":\"ReadAction\",\"target\":[\"https:\\\/\\\/medicinasinc.com\\\/fr\\\/product\\\/acheter-mmb-2201-poudre\\\/\"]}]},{\"@type\":\"ImageObject\",\"inLanguage\":\"en-US\",\"@id\":\"https:\\\/\\\/medicinasinc.com\\\/fr\\\/product\\\/acheter-mmb-2201-poudre\\\/#primaryimage\",\"url\":\"https:\\\/\\\/medicinasinc.com\\\/fr\\\/wp-content\\\/uploads\\\/sites\\\/5\\\/2022\\\/02\\\/Buy-MMB-2201-Powder.jpg\",\"contentUrl\":\"https:\\\/\\\/medicinasinc.com\\\/fr\\\/wp-content\\\/uploads\\\/sites\\\/5\\\/2022\\\/02\\\/Buy-MMB-2201-Powder.jpg\",\"width\":600,\"height\":600},{\"@type\":\"BreadcrumbList\",\"@id\":\"https:\\\/\\\/medicinasinc.com\\\/fr\\\/product\\\/acheter-mmb-2201-poudre\\\/#breadcrumb\",\"itemListElement\":[{\"@type\":\"ListItem\",\"position\":1,\"name\":\"Boutique\",\"item\":\"https:\\\/\\\/medicinasinc.com\\\/fr\\\/boutique\\\/\"},{\"@type\":\"ListItem\",\"position\":2,\"name\":\"Acheter de la poudre MMB-2201\"}]},{\"@type\":\"WebSite\",\"@id\":\"https:\\\/\\\/medicinasinc.com\\\/fr\\\/#website\",\"url\":\"https:\\\/\\\/medicinasinc.com\\\/fr\\\/\",\"name\":\"Medicinas Inc\",\"description\":\"Health Medical Clinic\",\"potentialAction\":[{\"@type\":\"SearchAction\",\"target\":{\"@type\":\"EntryPoint\",\"urlTemplate\":\"https:\\\/\\\/medicinasinc.com\\\/fr\\\/?s={search_term_string}\"},\"query-input\":{\"@type\":\"PropertyValueSpecification\",\"valueRequired\":true,\"valueName\":\"search_term_string\"}}],\"inLanguage\":\"en-US\"}]}<\/script>\n<!-- \/ Yoast SEO plugin. -->","yoast_head_json":{"title":"Acheter de la poudre MMB-2201 - MMB-2201 \u00e0 vendre - Best Global Meds","description":"Acheter de la poudre MMB-2201 \u00e0 vendre au Royaume-Uni, en Europe et en Australie. nous offrons la transaction la plus fiable et vendons \u00e0 des prix tr\u00e8s abordables. Commandez maintenant la poudre MMB-2201 au meilleur prix","robots":{"index":"index","follow":"follow","max-snippet":"max-snippet:-1","max-image-preview":"max-image-preview:large","max-video-preview":"max-video-preview:-1"},"canonical":"https:\/\/medicinasinc.com\/fr\/product\/acheter-mmb-2201-poudre\/","og_locale":"en_US","og_type":"article","og_title":"Acheter de la poudre MMB-2201 - MMB-2201 \u00e0 vendre - Best Global Meds","og_description":"Acheter de la poudre MMB-2201 \u00e0 vendre au Royaume-Uni, en Europe et en Australie. nous offrons la transaction la plus fiable et vendons \u00e0 des prix tr\u00e8s abordables. Commandez maintenant la poudre MMB-2201 au meilleur prix","og_url":"https:\/\/medicinasinc.com\/fr\/product\/acheter-mmb-2201-poudre\/","og_site_name":"Medicinas Inc","article_modified_time":"2022-03-17T11:46:16+00:00","og_image":[{"width":600,"height":600,"url":"https:\/\/medicinasinc.com\/fr\/wp-content\/uploads\/sites\/5\/2022\/02\/Buy-MMB-2201-Powder.jpg","type":"image\/jpeg"}],"twitter_card":"summary_large_image","twitter_misc":{"Est. reading time":"2 minutes"},"schema":{"@context":"https:\/\/schema.org","@graph":[{"@type":"WebPage","@id":"https:\/\/medicinasinc.com\/fr\/product\/acheter-mmb-2201-poudre\/","url":"https:\/\/medicinasinc.com\/fr\/product\/acheter-mmb-2201-poudre\/","name":"Acheter de la poudre MMB-2201 - MMB-2201 \u00e0 vendre - Best Global Meds","isPartOf":{"@id":"https:\/\/medicinasinc.com\/fr\/#website"},"primaryImageOfPage":{"@id":"https:\/\/medicinasinc.com\/fr\/product\/acheter-mmb-2201-poudre\/#primaryimage"},"image":{"@id":"https:\/\/medicinasinc.com\/fr\/product\/acheter-mmb-2201-poudre\/#primaryimage"},"thumbnailUrl":"https:\/\/medicinasinc.com\/fr\/wp-content\/uploads\/sites\/5\/2022\/02\/Buy-MMB-2201-Powder.jpg","datePublished":"2022-02-22T04:10:18+00:00","dateModified":"2022-03-17T11:46:16+00:00","description":"Acheter de la poudre MMB-2201 \u00e0 vendre au Royaume-Uni, en Europe et en Australie. nous offrons la transaction la plus fiable et vendons \u00e0 des prix tr\u00e8s abordables. Commandez maintenant la poudre MMB-2201 au meilleur prix","breadcrumb":{"@id":"https:\/\/medicinasinc.com\/fr\/product\/acheter-mmb-2201-poudre\/#breadcrumb"},"inLanguage":"en-US","potentialAction":[{"@type":"ReadAction","target":["https:\/\/medicinasinc.com\/fr\/product\/acheter-mmb-2201-poudre\/"]}]},{"@type":"ImageObject","inLanguage":"en-US","@id":"https:\/\/medicinasinc.com\/fr\/product\/acheter-mmb-2201-poudre\/#primaryimage","url":"https:\/\/medicinasinc.com\/fr\/wp-content\/uploads\/sites\/5\/2022\/02\/Buy-MMB-2201-Powder.jpg","contentUrl":"https:\/\/medicinasinc.com\/fr\/wp-content\/uploads\/sites\/5\/2022\/02\/Buy-MMB-2201-Powder.jpg","width":600,"height":600},{"@type":"BreadcrumbList","@id":"https:\/\/medicinasinc.com\/fr\/product\/acheter-mmb-2201-poudre\/#breadcrumb","itemListElement":[{"@type":"ListItem","position":1,"name":"Boutique","item":"https:\/\/medicinasinc.com\/fr\/boutique\/"},{"@type":"ListItem","position":2,"name":"Acheter de la poudre MMB-2201"}]},{"@type":"WebSite","@id":"https:\/\/medicinasinc.com\/fr\/#website","url":"https:\/\/medicinasinc.com\/fr\/","name":"Medicinas Inc","description":"Health Medical Clinic","potentialAction":[{"@type":"SearchAction","target":{"@type":"EntryPoint","urlTemplate":"https:\/\/medicinasinc.com\/fr\/?s={search_term_string}"},"query-input":{"@type":"PropertyValueSpecification","valueRequired":true,"valueName":"search_term_string"}}],"inLanguage":"en-US"}]}},"_links":{"self":[{"href":"https:\/\/medicinasinc.com\/fr\/wp-json\/wp\/v2\/product\/5684","targetHints":{"allow":["GET"]}}],"collection":[{"href":"https:\/\/medicinasinc.com\/fr\/wp-json\/wp\/v2\/product"}],"about":[{"href":"https:\/\/medicinasinc.com\/fr\/wp-json\/wp\/v2\/types\/product"}],"replies":[{"embeddable":true,"href":"https:\/\/medicinasinc.com\/fr\/wp-json\/wp\/v2\/comments?post=5684"}],"wp:featuredmedia":[{"embeddable":true,"href":"https:\/\/medicinasinc.com\/fr\/wp-json\/wp\/v2\/media\/5695"}],"wp:attachment":[{"href":"https:\/\/medicinasinc.com\/fr\/wp-json\/wp\/v2\/media?parent=5684"}],"wp:term":[{"taxonomy":"product_brand","embeddable":true,"href":"https:\/\/medicinasinc.com\/fr\/wp-json\/wp\/v2\/product_brand?post=5684"},{"taxonomy":"product_cat","embeddable":true,"href":"https:\/\/medicinasinc.com\/fr\/wp-json\/wp\/v2\/product_cat?post=5684"},{"taxonomy":"product_tag","embeddable":true,"href":"https:\/\/medicinasinc.com\/fr\/wp-json\/wp\/v2\/product_tag?post=5684"}],"curies":[{"name":"wp","href":"https:\/\/api.w.org\/{rel}","templated":true}]}}