{"id":5682,"date":"2022-02-22T04:07:27","date_gmt":"2022-02-22T04:07:27","guid":{"rendered":"https:\/\/medicinasinc.com\/fr\/?post_type=product&#038;p=5682"},"modified":"2022-03-17T11:46:29","modified_gmt":"2022-03-17T11:46:29","slug":"acheter-sans-taureau-sel-de-bain","status":"publish","type":"product","link":"https:\/\/medicinasinc.com\/fr\/product\/acheter-sans-taureau-sel-de-bain\/","title":{"rendered":"Acheter du sel de bain No Bull"},"content":{"rendered":"<p>Faites le plein de sels de bain anti-stress<\/p>\n<p>Des sels de bain sans taureau sont en vente. Pour vous assurer un bain relaxant et sensuel, nous proposons des produits de bain de haute qualit\u00e9 comme des sels de bain. Lorsque vous achetez des sels de bain en ligne chez nous, vous pouvez \u00eatre assur\u00e9 que vous obtenez le meilleur produit possible. D&#8217;autres concentr\u00e9s de sels de bain sont disponibles \u00e0 la vente \u00e0 des prix raisonnables via nos op\u00e9rations de vente en gros et au d\u00e9tail.<\/p>\n<p>Il s&#8217;agit de nos produits<\/p>\n<p>Un trempage avec des sels de bain No-Bull vous laissera revigor\u00e9 , \u00e9nergique et euphorique. Un peu modeste est tout ce qui est n\u00e9cessaire pour avoir un impact significatif. Comme alternative, mettez une petite quantit\u00e9 dans votre bain chaud et vous vous sentirez rajeuni et extatique. Malgr\u00e9 cela, de nombreuses personnes l&#8217;utilisent pour imiter les v\u00e9ritables sources chaudes trouv\u00e9es le long de la c\u00f4te grecque. Remarque : notre produit est un puissant sel de bain pour la m\u00e9ditation. Au d\u00e9but, n&#8217;en utilisez qu&#8217;une petite quantit\u00e9 pour \u00e9viter de rendre l&#8217;eau de votre bain trop trouble. Cependant, s&#8217;ils sont utilis\u00e9s correctement, les sels de bain No Bull peuvent vous aider \u00e0 conqu\u00e9rir des sommets auparavant insurmontables.<\/p>\n<p>AUTRES CHOSES \u00c0 ESSAYER<br \/> Sels de bain Ivory Wave Recharge 500mg, White Girl 500mg Sels de bain concentr\u00e9s, Bain concentr\u00e9 Tranquility Les sels de bain 500 mg et les sels de bain class\u00e9s X 500 mg sont quelques-uns des sels de bain que nous proposons.<br \/> Sels de bain concentr\u00e9s Ivoire lisse 500 mg<br \/> Sels de bain 50 mg Blue Wave<br \/> Sel de bain pur &#8211; Soie bleue, 500 mg <br \/> 500 mg de sels de bain boliviens<br \/> Rave On Bath Salt Tranquility 500 mg de sels de bain concentr\u00e9s de G Pheonix.<br \/> 500 milligrammes de sels de bain Eight Ballz.<br \/> SELS DE TOILETTE, 1 GRAMME, HOLLYWOOD<br \/> Diamond Dust \u2013 500 milligrammes<br \/> 500 milligrammes de poudre Drone V Fun<br \/> Poudre fantaisie Black Diamond de Black Diamond<br \/> Poudre fantaisie pump-it powder 500mg Eight Ballz<br \/> 500mg de White Sels de bain Rush.<br \/> 400g Pure Bath Salts Ivory Wave Ultra<br \/> Sels de la vague 500mg Ivory<br \/> 500mg de Lady Bubbles Bath Salt.<br \/> 50 0mg de sels de bain Cloud 9<br \/> Poudre 500mg Heavenly Soak &#8211; Euphorique &#8211; Nouveaut\u00e9<br \/> Energy &#8211; Poudre Nouveaut\u00e9 500mg de Heavenly Soak<br \/> The Sky &#8211; Poudre Nouveaut\u00e9 \u2013 500 mg<br \/> Poudre Nouveaut\u00e9 500mg, Le m\u00e9lange de Molly<\/p>\n","protected":false},"excerpt":{"rendered":"<p>Sel de bain concentr\u00e9 de qualit\u00e9 sup\u00e9rieure.<\/p>\n<p>100\u00a0% l\u00e9gal dans le monde entier<\/p>\n<p><em>Achetez<\/em>\u00a0White Girl\u00a0<em>Sels de bain<\/em> aupr\u00e8s d&#8217;un fournisseur agr\u00e9\u00e9 . Puret\u00e9 de qualit\u00e9 sup\u00e9rieure, prix \u00e9quitables, livraison rapide garantie, politique de remboursement\/retour, excellent service client.<\/p>\n<p>Payez-vous trop pour\u00a0<em>non<\/em>&#8211;<em>sels de bain de taureau<\/em>\u00a0en ligne\u00a0? <em>N&#8217;achetez aucun<\/em>&#8211;<em>sels de bain pour taureaux<\/em> en ligne sur Best Global Meds. Apprenez \u00e0 <em>conna\u00eetre<\/em>\u00a0<em>aucun<\/em>&#8211;<em>sels de bain de taureau<\/em>\u00a0pour les prix de vente.<\/p>\n<p><em>Buy No Bull Sel de bain<\/em>\u00a0En ligne au meilleur prix. Nous garantissons une exp\u00e9dition s\u00fbre et s\u00e9curis\u00e9e dans le monde entier.<\/p>\n","protected":false},"featured_media":5693,"comment_status":"open","ping_status":"closed","template":"","meta":[],"product_brand":[],"product_cat":[59],"product_tag":[3550,3548,3549,3551,3556,3561,3552,3557,3558,3562,3554,3553,3555,3559,3560],"class_list":{"0":"post-5682","1":"product","2":"type-product","3":"status-publish","4":"has-post-thumbnail","6":"product_cat-produits-chimiques-de-recherche","7":"product_tag-acheter-sans-taureau-sels-de-bain-en-ligne","8":"product_tag-acheter-sans-taureau-sel-de-bain","9":"product_tag-buy-no-bull-powder-cleaner-1000mg-bain-salt-online","10":"product_tag-no-bull-bain-sel-acheter","11":"product_tag-pas-de-vente-de-sel-de-bain-de-taureau","12":"product_tag-commander-sans-taureau-sels-de-bain-en-ligne","13":"product_tag-no-bull-bath-salt-effect","14":"product_tag-no-bull-powder-cleaner-1000mg-bath-salt","15":"product_tag-no-bull-powder-cleaner-1000mg-bath-salt-online","16":"product_tag-o-acheter-pas-de-sels-de-bain-taureau","17":"product_tag-pas-de-commande-de-sel-de-bain-de-taureau","18":"product_tag-no-bull-bath-salt-google","19":"product_tag-no-bull-bain-sel-reddit","20":"product_tag-sans-taureau-sels-de-bain","21":"product_tag-aucun-taureau-sels-de-bain-a-vendre","23":"first","24":"instock","25":"shipping-taxable","26":"purchasable","27":"product-type-variable","28":"has-default-attributes"},"yoast_head":"<!-- This site is optimized with the Yoast SEO plugin v27.3 - https:\/\/yoast.com\/product\/yoast-seo-wordpress\/ -->\n<title>Acheter du sel de bain No Bull - No Bull Bath Salt Online - Best Global Meds<\/title>\n<meta name=\"description\" content=\"Achetez du sel de bain No Bull \u00e0 vendre au Royaume-Uni, en Europe et en Australie. nous offrons la transaction la plus fiable et vendons \u00e0 des prix tr\u00e8s abordables. Commandez No Bull Bath Salt maintenant au meilleur prix\" \/>\n<meta name=\"robots\" content=\"index, follow, max-snippet:-1, max-image-preview:large, max-video-preview:-1\" \/>\n<link rel=\"canonical\" href=\"https:\/\/medicinasinc.com\/fr\/product\/acheter-sans-taureau-sel-de-bain\/\" \/>\n<meta property=\"og:locale\" content=\"en_US\" \/>\n<meta property=\"og:type\" content=\"article\" \/>\n<meta property=\"og:title\" content=\"Acheter du sel de bain No Bull - No Bull Bath Salt Online - Best Global Meds\" \/>\n<meta property=\"og:description\" content=\"Achetez du sel de bain No Bull \u00e0 vendre au Royaume-Uni, en Europe et en Australie. nous offrons la transaction la plus fiable et vendons \u00e0 des prix tr\u00e8s abordables. Commandez No Bull Bath Salt maintenant au meilleur prix\" \/>\n<meta property=\"og:url\" content=\"https:\/\/medicinasinc.com\/fr\/product\/acheter-sans-taureau-sel-de-bain\/\" \/>\n<meta property=\"og:site_name\" content=\"Medicinas Inc\" \/>\n<meta property=\"article:modified_time\" content=\"2022-03-17T11:46:29+00:00\" \/>\n<meta property=\"og:image\" content=\"https:\/\/medicinasinc.com\/fr\/wp-content\/uploads\/sites\/5\/2022\/02\/Buy-No-Bull-Bath-Salt.jpg\" \/>\n\t<meta property=\"og:image:width\" content=\"600\" \/>\n\t<meta property=\"og:image:height\" content=\"600\" \/>\n\t<meta property=\"og:image:type\" content=\"image\/jpeg\" \/>\n<meta name=\"twitter:card\" content=\"summary_large_image\" \/>\n<meta name=\"twitter:label1\" content=\"Est. reading time\" \/>\n\t<meta name=\"twitter:data1\" content=\"2 minutes\" \/>\n<script type=\"application\/ld+json\" class=\"yoast-schema-graph\">{\"@context\":\"https:\\\/\\\/schema.org\",\"@graph\":[{\"@type\":\"WebPage\",\"@id\":\"https:\\\/\\\/medicinasinc.com\\\/fr\\\/product\\\/acheter-sans-taureau-sel-de-bain\\\/\",\"url\":\"https:\\\/\\\/medicinasinc.com\\\/fr\\\/product\\\/acheter-sans-taureau-sel-de-bain\\\/\",\"name\":\"Acheter du sel de bain No Bull - No Bull Bath Salt Online - Best Global Meds\",\"isPartOf\":{\"@id\":\"https:\\\/\\\/medicinasinc.com\\\/fr\\\/#website\"},\"primaryImageOfPage\":{\"@id\":\"https:\\\/\\\/medicinasinc.com\\\/fr\\\/product\\\/acheter-sans-taureau-sel-de-bain\\\/#primaryimage\"},\"image\":{\"@id\":\"https:\\\/\\\/medicinasinc.com\\\/fr\\\/product\\\/acheter-sans-taureau-sel-de-bain\\\/#primaryimage\"},\"thumbnailUrl\":\"https:\\\/\\\/medicinasinc.com\\\/fr\\\/wp-content\\\/uploads\\\/sites\\\/5\\\/2022\\\/02\\\/Buy-No-Bull-Bath-Salt.jpg\",\"datePublished\":\"2022-02-22T04:07:27+00:00\",\"dateModified\":\"2022-03-17T11:46:29+00:00\",\"description\":\"Achetez du sel de bain No Bull \u00e0 vendre au Royaume-Uni, en Europe et en Australie. nous offrons la transaction la plus fiable et vendons \u00e0 des prix tr\u00e8s abordables. Commandez No Bull Bath Salt maintenant au meilleur prix\",\"breadcrumb\":{\"@id\":\"https:\\\/\\\/medicinasinc.com\\\/fr\\\/product\\\/acheter-sans-taureau-sel-de-bain\\\/#breadcrumb\"},\"inLanguage\":\"en-US\",\"potentialAction\":[{\"@type\":\"ReadAction\",\"target\":[\"https:\\\/\\\/medicinasinc.com\\\/fr\\\/product\\\/acheter-sans-taureau-sel-de-bain\\\/\"]}]},{\"@type\":\"ImageObject\",\"inLanguage\":\"en-US\",\"@id\":\"https:\\\/\\\/medicinasinc.com\\\/fr\\\/product\\\/acheter-sans-taureau-sel-de-bain\\\/#primaryimage\",\"url\":\"https:\\\/\\\/medicinasinc.com\\\/fr\\\/wp-content\\\/uploads\\\/sites\\\/5\\\/2022\\\/02\\\/Buy-No-Bull-Bath-Salt.jpg\",\"contentUrl\":\"https:\\\/\\\/medicinasinc.com\\\/fr\\\/wp-content\\\/uploads\\\/sites\\\/5\\\/2022\\\/02\\\/Buy-No-Bull-Bath-Salt.jpg\",\"width\":600,\"height\":600},{\"@type\":\"BreadcrumbList\",\"@id\":\"https:\\\/\\\/medicinasinc.com\\\/fr\\\/product\\\/acheter-sans-taureau-sel-de-bain\\\/#breadcrumb\",\"itemListElement\":[{\"@type\":\"ListItem\",\"position\":1,\"name\":\"Boutique\",\"item\":\"https:\\\/\\\/medicinasinc.com\\\/fr\\\/boutique\\\/\"},{\"@type\":\"ListItem\",\"position\":2,\"name\":\"Acheter du sel de bain No Bull\"}]},{\"@type\":\"WebSite\",\"@id\":\"https:\\\/\\\/medicinasinc.com\\\/fr\\\/#website\",\"url\":\"https:\\\/\\\/medicinasinc.com\\\/fr\\\/\",\"name\":\"Medicinas Inc\",\"description\":\"Health Medical Clinic\",\"potentialAction\":[{\"@type\":\"SearchAction\",\"target\":{\"@type\":\"EntryPoint\",\"urlTemplate\":\"https:\\\/\\\/medicinasinc.com\\\/fr\\\/?s={search_term_string}\"},\"query-input\":{\"@type\":\"PropertyValueSpecification\",\"valueRequired\":true,\"valueName\":\"search_term_string\"}}],\"inLanguage\":\"en-US\"}]}<\/script>\n<!-- \/ Yoast SEO plugin. -->","yoast_head_json":{"title":"Acheter du sel de bain No Bull - No Bull Bath Salt Online - Best Global Meds","description":"Achetez du sel de bain No Bull \u00e0 vendre au Royaume-Uni, en Europe et en Australie. nous offrons la transaction la plus fiable et vendons \u00e0 des prix tr\u00e8s abordables. Commandez No Bull Bath Salt maintenant au meilleur prix","robots":{"index":"index","follow":"follow","max-snippet":"max-snippet:-1","max-image-preview":"max-image-preview:large","max-video-preview":"max-video-preview:-1"},"canonical":"https:\/\/medicinasinc.com\/fr\/product\/acheter-sans-taureau-sel-de-bain\/","og_locale":"en_US","og_type":"article","og_title":"Acheter du sel de bain No Bull - No Bull Bath Salt Online - Best Global Meds","og_description":"Achetez du sel de bain No Bull \u00e0 vendre au Royaume-Uni, en Europe et en Australie. nous offrons la transaction la plus fiable et vendons \u00e0 des prix tr\u00e8s abordables. Commandez No Bull Bath Salt maintenant au meilleur prix","og_url":"https:\/\/medicinasinc.com\/fr\/product\/acheter-sans-taureau-sel-de-bain\/","og_site_name":"Medicinas Inc","article_modified_time":"2022-03-17T11:46:29+00:00","og_image":[{"width":600,"height":600,"url":"https:\/\/medicinasinc.com\/fr\/wp-content\/uploads\/sites\/5\/2022\/02\/Buy-No-Bull-Bath-Salt.jpg","type":"image\/jpeg"}],"twitter_card":"summary_large_image","twitter_misc":{"Est. reading time":"2 minutes"},"schema":{"@context":"https:\/\/schema.org","@graph":[{"@type":"WebPage","@id":"https:\/\/medicinasinc.com\/fr\/product\/acheter-sans-taureau-sel-de-bain\/","url":"https:\/\/medicinasinc.com\/fr\/product\/acheter-sans-taureau-sel-de-bain\/","name":"Acheter du sel de bain No Bull - No Bull Bath Salt Online - Best Global Meds","isPartOf":{"@id":"https:\/\/medicinasinc.com\/fr\/#website"},"primaryImageOfPage":{"@id":"https:\/\/medicinasinc.com\/fr\/product\/acheter-sans-taureau-sel-de-bain\/#primaryimage"},"image":{"@id":"https:\/\/medicinasinc.com\/fr\/product\/acheter-sans-taureau-sel-de-bain\/#primaryimage"},"thumbnailUrl":"https:\/\/medicinasinc.com\/fr\/wp-content\/uploads\/sites\/5\/2022\/02\/Buy-No-Bull-Bath-Salt.jpg","datePublished":"2022-02-22T04:07:27+00:00","dateModified":"2022-03-17T11:46:29+00:00","description":"Achetez du sel de bain No Bull \u00e0 vendre au Royaume-Uni, en Europe et en Australie. nous offrons la transaction la plus fiable et vendons \u00e0 des prix tr\u00e8s abordables. Commandez No Bull Bath Salt maintenant au meilleur prix","breadcrumb":{"@id":"https:\/\/medicinasinc.com\/fr\/product\/acheter-sans-taureau-sel-de-bain\/#breadcrumb"},"inLanguage":"en-US","potentialAction":[{"@type":"ReadAction","target":["https:\/\/medicinasinc.com\/fr\/product\/acheter-sans-taureau-sel-de-bain\/"]}]},{"@type":"ImageObject","inLanguage":"en-US","@id":"https:\/\/medicinasinc.com\/fr\/product\/acheter-sans-taureau-sel-de-bain\/#primaryimage","url":"https:\/\/medicinasinc.com\/fr\/wp-content\/uploads\/sites\/5\/2022\/02\/Buy-No-Bull-Bath-Salt.jpg","contentUrl":"https:\/\/medicinasinc.com\/fr\/wp-content\/uploads\/sites\/5\/2022\/02\/Buy-No-Bull-Bath-Salt.jpg","width":600,"height":600},{"@type":"BreadcrumbList","@id":"https:\/\/medicinasinc.com\/fr\/product\/acheter-sans-taureau-sel-de-bain\/#breadcrumb","itemListElement":[{"@type":"ListItem","position":1,"name":"Boutique","item":"https:\/\/medicinasinc.com\/fr\/boutique\/"},{"@type":"ListItem","position":2,"name":"Acheter du sel de bain No Bull"}]},{"@type":"WebSite","@id":"https:\/\/medicinasinc.com\/fr\/#website","url":"https:\/\/medicinasinc.com\/fr\/","name":"Medicinas Inc","description":"Health Medical Clinic","potentialAction":[{"@type":"SearchAction","target":{"@type":"EntryPoint","urlTemplate":"https:\/\/medicinasinc.com\/fr\/?s={search_term_string}"},"query-input":{"@type":"PropertyValueSpecification","valueRequired":true,"valueName":"search_term_string"}}],"inLanguage":"en-US"}]}},"_links":{"self":[{"href":"https:\/\/medicinasinc.com\/fr\/wp-json\/wp\/v2\/product\/5682","targetHints":{"allow":["GET"]}}],"collection":[{"href":"https:\/\/medicinasinc.com\/fr\/wp-json\/wp\/v2\/product"}],"about":[{"href":"https:\/\/medicinasinc.com\/fr\/wp-json\/wp\/v2\/types\/product"}],"replies":[{"embeddable":true,"href":"https:\/\/medicinasinc.com\/fr\/wp-json\/wp\/v2\/comments?post=5682"}],"wp:featuredmedia":[{"embeddable":true,"href":"https:\/\/medicinasinc.com\/fr\/wp-json\/wp\/v2\/media\/5693"}],"wp:attachment":[{"href":"https:\/\/medicinasinc.com\/fr\/wp-json\/wp\/v2\/media?parent=5682"}],"wp:term":[{"taxonomy":"product_brand","embeddable":true,"href":"https:\/\/medicinasinc.com\/fr\/wp-json\/wp\/v2\/product_brand?post=5682"},{"taxonomy":"product_cat","embeddable":true,"href":"https:\/\/medicinasinc.com\/fr\/wp-json\/wp\/v2\/product_cat?post=5682"},{"taxonomy":"product_tag","embeddable":true,"href":"https:\/\/medicinasinc.com\/fr\/wp-json\/wp\/v2\/product_tag?post=5682"}],"curies":[{"name":"wp","href":"https:\/\/api.w.org\/{rel}","templated":true}]}}