{"id":5677,"date":"2022-02-22T04:00:21","date_gmt":"2022-02-22T04:00:21","guid":{"rendered":"https:\/\/medicinasinc.com\/fr\/?post_type=product&#038;p=5677"},"modified":"2022-03-17T11:46:39","modified_gmt":"2022-03-17T11:46:39","slug":"acheter-methoxetamine","status":"publish","type":"product","link":"https:\/\/medicinasinc.com\/fr\/product\/acheter-methoxetamine\/","title":{"rendered":"Acheter de la m\u00e9thox\u00e9tamine"},"content":{"rendered":"<p>M\u00e9thox\u00e9tamine MXE en vente sur Internet<\/p>\n<p>Savez-vous ce que c&#8217;est\u00a0?<\/p>\n<p>L&#8217;hallucinog\u00e8ne dissociatif La m\u00e9thox\u00e9tamine MXE en ligne, abr\u00e9g\u00e9e en MXE, a \u00e9t\u00e9 vendue comme drogue de synth\u00e8se. Des dissociatifs comme la k\u00e9tamine et la phencyclidine (PCP), destin\u00e9s \u00e0 un usage m\u00e9dical comme anesth\u00e9siques, ont \u00e9t\u00e9 cr\u00e9\u00e9s pour le march\u00e9 pharmaceutique. Il est possible d&#8217;acheter de la m\u00e9thox\u00e9tamine en ligne ou aupr\u00e8s de vendeurs locaux. \u00c0 vendre est la poudre de m\u00e9thox\u00e9tamine MXE, qui peut \u00eatre achet\u00e9e \u00e0 bas prix, ou achet\u00e9e en vrac pour un co\u00fbt plus \u00e9lev\u00e9.<\/p>\n<p>M\u00e9thox\u00e9tamine (MXE), un hallucinog\u00e8ne et un anesth\u00e9sique qui agit comme un antagoniste sur le r\u00e9cepteur NMDA , est li\u00e9 au m\u00e9dicament v\u00e9t\u00e9rinaire k\u00e9tamine. Les effets de la m\u00e9thox\u00e9tamine seraient plus puissants et plus durables que ceux de la k\u00e9tamine, ce qui en fait une option id\u00e9ale pour les \u00e9tudiants qui entreprennent des recherches sur cette substance. La m\u00e9thox\u00e9tamine est disponible aupr\u00e8s de BAC uniquement \u00e0 des fins de recherche. MXE M\u00e9thox\u00e9tamine en ligne sans ordonnance<\/p>\n<p>La m\u00e9thox\u00e9tamine est une drogue populaire, et de nombreuses personnes cherchent des moyens de mettre la main dessus sans quitter leur domicile. Par cons\u00e9quent, ils exigent des options de paiement et de livraison aussi simples que possible. Cependant, ils sont principalement pr\u00e9occup\u00e9s par le fait de ne pas \u00eatre d\u00e9tect\u00e9s. Cependant, vous pouvez acheter de la m\u00e9thox\u00e9tamine de mani\u00e8re anonyme et s\u00e9curis\u00e9e ici en envoyant de l&#8217;argent par carte de cr\u00e9dit. Envoyer de l&#8217;argent avec Western Union ou Money Gram est un moyen simple d&#8217;y parvenir. Cependant, nous pouvons vouloir examiner la discr\u00e9tion. En cons\u00e9quence, nous pensons que Bitcoin est le moyen de paiement id\u00e9al. Allez-y et passez votre commande maintenant, puis envoyez-nous une confirmation une fois que vous avez termin\u00e9.<\/p>\n<p>M\u00e9thox\u00e9tamine MXE \u00e0 vendre sur Internet<\/p>\n<p>En tant que fournisseur r\u00e9put\u00e9 de produits chimiques et pharmaceutiques de recherche, notre magasin de produits chimiques a exp\u00e9di\u00e9 dans presque tous les pays du monde. Pour la commodit\u00e9 de nos clients, nous acceptons \u00e9galement les bitcoins et les cartes-cadeaux. Vous trouverez ci-dessous quelques-uns de nos articles les plus populaires.<\/p>\n<p>Poudre MXE sur le march\u00e9 \u00e0 vendre<br \/> Achetez 25 I-NBOMe en ligne.<br \/> Des cristaux A-PVP peuvent \u00eatre achet\u00e9s<br \/> Actavis prom\u00e9thazine avec cod\u00e9ine 32 oz est disponible \u00e0 l&#8217;achat.<br \/> AB-PINACA peut \u00eatre achet\u00e9 en ligne.<br \/> Adderall en ligne sans ordonnance<br \/> Achetez AK-B48<br \/> Achetez de l&#8217;amph\u00e9tamine en poudre.<br \/> Cristaux de butylone \u00e0 vendre<\/p>\n","protected":false},"excerpt":{"rendered":"<p>Acheter M\u00e9thox\u00e9tamine MXE \u00e0 vendre au Royaume-Uni, en Europe, en Australie. nous offrons la transaction la plus fiable et vendons \u00e0 des prix tr\u00e8s abordables. Commandez la m\u00e9thox\u00e9tamine MXE maintenant au meilleur prix<\/p>\n<p>Les gens peuvent acheter de la m\u00e9thox\u00e9tamine MXE \u00e0 vendre au Royaume-Uni. Les personnes qui ach\u00e8tent chez nous peuvent \u00eatre s\u00fbres qu&#8217;elles en auront pour leur argent. La m\u00e9thox\u00e9tamine MXE peut \u00eatre achet\u00e9e maintenant aux meilleurs prix.<\/p>\n<p>Achetez de la m\u00e9thox\u00e9tamine en ligne, commandez la meilleure livraison de nuit pure \u00e0 99\u00a0% de MXE et d\u00e9couvrez o\u00f9 vous pouvez acheter de la m\u00e9thox\u00e9tamine avec une carte de cr\u00e9dit. Le prix MXE.<\/p>\n<p>La m\u00e9thox\u00e9tamine est un m\u00e9dicament utilis\u00e9 pour traiter la douleur. Un hallucinog\u00e8ne appel\u00e9 Methoxetamine MXE, ou MXE en abr\u00e9g\u00e9, a \u00e9t\u00e9 vendu comme une &#8220;drogue de synth\u00e8se&#8221;.<\/p>\n","protected":false},"featured_media":5687,"comment_status":"open","ping_status":"closed","template":"","meta":[],"product_brand":[],"product_cat":[59],"product_tag":[3525,3527,3532,3530,3526,3528,3529,3531,3283,3544,3543,3539,3538,3524,3533,3534,3540,3535,3536,3537,3541,3542,3547,3546,3545],"class_list":{"0":"post-5677","1":"product","2":"type-product","3":"status-publish","4":"has-post-thumbnail","6":"product_cat-produits-chimiques-de-recherche","7":"product_tag-acheter-methoxetamine","8":"product_tag-acheter-methoxetamine-en-ligne","9":"product_tag-acheter-produits-chimiques-de-recherche-methoxetamine","10":"product_tag-acheter-mxe-recherche-chimique","11":"product_tag-acheter-methoxetamine-mxe-en-ligne","12":"product_tag-acheter-mxe-1g","13":"product_tag-acheter-mxe-en-ligne","14":"product_tag-acheter-mxe-etats-unis","15":"product_tag-best-place-to-buy-mxe","16":"product_tag-commander-methoxetamine-en-ligne","17":"product_tag-mxe-fournisseur","18":"product_tag-mxe-drug-info","19":"product_tag-mxe-drogue--vendre","20":"product_tag-meilleur-mxe-vendeur","21":"product_tag-mthoxtamine--vendre","22":"product_tag-mthoxtamine-en-ligne","23":"product_tag-mxe--vendre","24":"product_tag-mxe","25":"product_tag-mxe-acheter","26":"product_tag-mxe-acheter-en-ligne","27":"product_tag-mxe-mthoxtamine","28":"product_tag-mxe-methoxetamine-erowid","29":"product_tag-o-acheter-mxe-en-ligne","30":"product_tag-o-puis-je-acheter-mxe","31":"product_tag-purchase-methoxetamine","33":"first","34":"instock","35":"shipping-taxable","36":"purchasable","37":"product-type-variable","38":"has-default-attributes"},"yoast_head":"<!-- This site is optimized with the Yoast SEO plugin v27.3 - https:\/\/yoast.com\/product\/yoast-seo-wordpress\/ -->\n<title>Acheter de la m\u00e9thox\u00e9tamine - M\u00e9thox\u00e9tamine - Best Global Meds<\/title>\n<meta name=\"description\" content=\"Acheter M\u00e9thox\u00e9tamine MXE \u00e0 vendre au Royaume-Uni, en Europe, AU. nous offrons la transaction la plus fiable et vendons \u00e0 des prix tr\u00e8s abordables. Commandez Methoxetamine MXE maintenant au meilleur prix\" \/>\n<meta name=\"robots\" content=\"index, follow, max-snippet:-1, max-image-preview:large, max-video-preview:-1\" \/>\n<link rel=\"canonical\" href=\"https:\/\/medicinasinc.com\/fr\/product\/acheter-methoxetamine\/\" \/>\n<meta property=\"og:locale\" content=\"en_US\" \/>\n<meta property=\"og:type\" content=\"article\" \/>\n<meta property=\"og:title\" content=\"Acheter de la m\u00e9thox\u00e9tamine - M\u00e9thox\u00e9tamine - Best Global Meds\" \/>\n<meta property=\"og:description\" content=\"Acheter M\u00e9thox\u00e9tamine MXE \u00e0 vendre au Royaume-Uni, en Europe, AU. nous offrons la transaction la plus fiable et vendons \u00e0 des prix tr\u00e8s abordables. Commandez Methoxetamine MXE maintenant au meilleur prix\" \/>\n<meta property=\"og:url\" content=\"https:\/\/medicinasinc.com\/fr\/product\/acheter-methoxetamine\/\" \/>\n<meta property=\"og:site_name\" content=\"Medicinas Inc\" \/>\n<meta property=\"article:modified_time\" content=\"2022-03-17T11:46:39+00:00\" \/>\n<meta property=\"og:image\" content=\"https:\/\/medicinasinc.com\/fr\/wp-content\/uploads\/sites\/5\/2022\/02\/Buy-Methoxetamine.webp\" \/>\n\t<meta property=\"og:image:width\" content=\"750\" \/>\n\t<meta property=\"og:image:height\" content=\"461\" \/>\n\t<meta property=\"og:image:type\" content=\"image\/webp\" \/>\n<meta name=\"twitter:card\" content=\"summary_large_image\" \/>\n<meta name=\"twitter:label1\" content=\"Est. reading time\" \/>\n\t<meta name=\"twitter:data1\" content=\"2 minutes\" \/>\n<script type=\"application\/ld+json\" class=\"yoast-schema-graph\">{\"@context\":\"https:\\\/\\\/schema.org\",\"@graph\":[{\"@type\":\"WebPage\",\"@id\":\"https:\\\/\\\/medicinasinc.com\\\/fr\\\/product\\\/acheter-methoxetamine\\\/\",\"url\":\"https:\\\/\\\/medicinasinc.com\\\/fr\\\/product\\\/acheter-methoxetamine\\\/\",\"name\":\"Acheter de la m\u00e9thox\u00e9tamine - M\u00e9thox\u00e9tamine - Best Global Meds\",\"isPartOf\":{\"@id\":\"https:\\\/\\\/medicinasinc.com\\\/fr\\\/#website\"},\"primaryImageOfPage\":{\"@id\":\"https:\\\/\\\/medicinasinc.com\\\/fr\\\/product\\\/acheter-methoxetamine\\\/#primaryimage\"},\"image\":{\"@id\":\"https:\\\/\\\/medicinasinc.com\\\/fr\\\/product\\\/acheter-methoxetamine\\\/#primaryimage\"},\"thumbnailUrl\":\"https:\\\/\\\/medicinasinc.com\\\/fr\\\/wp-content\\\/uploads\\\/sites\\\/5\\\/2022\\\/02\\\/Buy-Methoxetamine.webp\",\"datePublished\":\"2022-02-22T04:00:21+00:00\",\"dateModified\":\"2022-03-17T11:46:39+00:00\",\"description\":\"Acheter M\u00e9thox\u00e9tamine MXE \u00e0 vendre au Royaume-Uni, en Europe, AU. nous offrons la transaction la plus fiable et vendons \u00e0 des prix tr\u00e8s abordables. Commandez Methoxetamine MXE maintenant au meilleur prix\",\"breadcrumb\":{\"@id\":\"https:\\\/\\\/medicinasinc.com\\\/fr\\\/product\\\/acheter-methoxetamine\\\/#breadcrumb\"},\"inLanguage\":\"en-US\",\"potentialAction\":[{\"@type\":\"ReadAction\",\"target\":[\"https:\\\/\\\/medicinasinc.com\\\/fr\\\/product\\\/acheter-methoxetamine\\\/\"]}]},{\"@type\":\"ImageObject\",\"inLanguage\":\"en-US\",\"@id\":\"https:\\\/\\\/medicinasinc.com\\\/fr\\\/product\\\/acheter-methoxetamine\\\/#primaryimage\",\"url\":\"https:\\\/\\\/medicinasinc.com\\\/fr\\\/wp-content\\\/uploads\\\/sites\\\/5\\\/2022\\\/02\\\/Buy-Methoxetamine.webp\",\"contentUrl\":\"https:\\\/\\\/medicinasinc.com\\\/fr\\\/wp-content\\\/uploads\\\/sites\\\/5\\\/2022\\\/02\\\/Buy-Methoxetamine.webp\",\"width\":750,\"height\":461},{\"@type\":\"BreadcrumbList\",\"@id\":\"https:\\\/\\\/medicinasinc.com\\\/fr\\\/product\\\/acheter-methoxetamine\\\/#breadcrumb\",\"itemListElement\":[{\"@type\":\"ListItem\",\"position\":1,\"name\":\"Boutique\",\"item\":\"https:\\\/\\\/medicinasinc.com\\\/fr\\\/boutique\\\/\"},{\"@type\":\"ListItem\",\"position\":2,\"name\":\"Acheter de la m\u00e9thox\u00e9tamine\"}]},{\"@type\":\"WebSite\",\"@id\":\"https:\\\/\\\/medicinasinc.com\\\/fr\\\/#website\",\"url\":\"https:\\\/\\\/medicinasinc.com\\\/fr\\\/\",\"name\":\"Medicinas Inc\",\"description\":\"Health Medical Clinic\",\"potentialAction\":[{\"@type\":\"SearchAction\",\"target\":{\"@type\":\"EntryPoint\",\"urlTemplate\":\"https:\\\/\\\/medicinasinc.com\\\/fr\\\/?s={search_term_string}\"},\"query-input\":{\"@type\":\"PropertyValueSpecification\",\"valueRequired\":true,\"valueName\":\"search_term_string\"}}],\"inLanguage\":\"en-US\"}]}<\/script>\n<!-- \/ Yoast SEO plugin. -->","yoast_head_json":{"title":"Acheter de la m\u00e9thox\u00e9tamine - M\u00e9thox\u00e9tamine - Best Global Meds","description":"Acheter M\u00e9thox\u00e9tamine MXE \u00e0 vendre au Royaume-Uni, en Europe, AU. nous offrons la transaction la plus fiable et vendons \u00e0 des prix tr\u00e8s abordables. Commandez Methoxetamine MXE maintenant au meilleur prix","robots":{"index":"index","follow":"follow","max-snippet":"max-snippet:-1","max-image-preview":"max-image-preview:large","max-video-preview":"max-video-preview:-1"},"canonical":"https:\/\/medicinasinc.com\/fr\/product\/acheter-methoxetamine\/","og_locale":"en_US","og_type":"article","og_title":"Acheter de la m\u00e9thox\u00e9tamine - M\u00e9thox\u00e9tamine - Best Global Meds","og_description":"Acheter M\u00e9thox\u00e9tamine MXE \u00e0 vendre au Royaume-Uni, en Europe, AU. nous offrons la transaction la plus fiable et vendons \u00e0 des prix tr\u00e8s abordables. Commandez Methoxetamine MXE maintenant au meilleur prix","og_url":"https:\/\/medicinasinc.com\/fr\/product\/acheter-methoxetamine\/","og_site_name":"Medicinas Inc","article_modified_time":"2022-03-17T11:46:39+00:00","og_image":[{"width":750,"height":461,"url":"https:\/\/medicinasinc.com\/fr\/wp-content\/uploads\/sites\/5\/2022\/02\/Buy-Methoxetamine.webp","type":"image\/webp"}],"twitter_card":"summary_large_image","twitter_misc":{"Est. reading time":"2 minutes"},"schema":{"@context":"https:\/\/schema.org","@graph":[{"@type":"WebPage","@id":"https:\/\/medicinasinc.com\/fr\/product\/acheter-methoxetamine\/","url":"https:\/\/medicinasinc.com\/fr\/product\/acheter-methoxetamine\/","name":"Acheter de la m\u00e9thox\u00e9tamine - M\u00e9thox\u00e9tamine - Best Global Meds","isPartOf":{"@id":"https:\/\/medicinasinc.com\/fr\/#website"},"primaryImageOfPage":{"@id":"https:\/\/medicinasinc.com\/fr\/product\/acheter-methoxetamine\/#primaryimage"},"image":{"@id":"https:\/\/medicinasinc.com\/fr\/product\/acheter-methoxetamine\/#primaryimage"},"thumbnailUrl":"https:\/\/medicinasinc.com\/fr\/wp-content\/uploads\/sites\/5\/2022\/02\/Buy-Methoxetamine.webp","datePublished":"2022-02-22T04:00:21+00:00","dateModified":"2022-03-17T11:46:39+00:00","description":"Acheter M\u00e9thox\u00e9tamine MXE \u00e0 vendre au Royaume-Uni, en Europe, AU. nous offrons la transaction la plus fiable et vendons \u00e0 des prix tr\u00e8s abordables. Commandez Methoxetamine MXE maintenant au meilleur prix","breadcrumb":{"@id":"https:\/\/medicinasinc.com\/fr\/product\/acheter-methoxetamine\/#breadcrumb"},"inLanguage":"en-US","potentialAction":[{"@type":"ReadAction","target":["https:\/\/medicinasinc.com\/fr\/product\/acheter-methoxetamine\/"]}]},{"@type":"ImageObject","inLanguage":"en-US","@id":"https:\/\/medicinasinc.com\/fr\/product\/acheter-methoxetamine\/#primaryimage","url":"https:\/\/medicinasinc.com\/fr\/wp-content\/uploads\/sites\/5\/2022\/02\/Buy-Methoxetamine.webp","contentUrl":"https:\/\/medicinasinc.com\/fr\/wp-content\/uploads\/sites\/5\/2022\/02\/Buy-Methoxetamine.webp","width":750,"height":461},{"@type":"BreadcrumbList","@id":"https:\/\/medicinasinc.com\/fr\/product\/acheter-methoxetamine\/#breadcrumb","itemListElement":[{"@type":"ListItem","position":1,"name":"Boutique","item":"https:\/\/medicinasinc.com\/fr\/boutique\/"},{"@type":"ListItem","position":2,"name":"Acheter de la m\u00e9thox\u00e9tamine"}]},{"@type":"WebSite","@id":"https:\/\/medicinasinc.com\/fr\/#website","url":"https:\/\/medicinasinc.com\/fr\/","name":"Medicinas Inc","description":"Health Medical Clinic","potentialAction":[{"@type":"SearchAction","target":{"@type":"EntryPoint","urlTemplate":"https:\/\/medicinasinc.com\/fr\/?s={search_term_string}"},"query-input":{"@type":"PropertyValueSpecification","valueRequired":true,"valueName":"search_term_string"}}],"inLanguage":"en-US"}]}},"_links":{"self":[{"href":"https:\/\/medicinasinc.com\/fr\/wp-json\/wp\/v2\/product\/5677","targetHints":{"allow":["GET"]}}],"collection":[{"href":"https:\/\/medicinasinc.com\/fr\/wp-json\/wp\/v2\/product"}],"about":[{"href":"https:\/\/medicinasinc.com\/fr\/wp-json\/wp\/v2\/types\/product"}],"replies":[{"embeddable":true,"href":"https:\/\/medicinasinc.com\/fr\/wp-json\/wp\/v2\/comments?post=5677"}],"wp:featuredmedia":[{"embeddable":true,"href":"https:\/\/medicinasinc.com\/fr\/wp-json\/wp\/v2\/media\/5687"}],"wp:attachment":[{"href":"https:\/\/medicinasinc.com\/fr\/wp-json\/wp\/v2\/media?parent=5677"}],"wp:term":[{"taxonomy":"product_brand","embeddable":true,"href":"https:\/\/medicinasinc.com\/fr\/wp-json\/wp\/v2\/product_brand?post=5677"},{"taxonomy":"product_cat","embeddable":true,"href":"https:\/\/medicinasinc.com\/fr\/wp-json\/wp\/v2\/product_cat?post=5677"},{"taxonomy":"product_tag","embeddable":true,"href":"https:\/\/medicinasinc.com\/fr\/wp-json\/wp\/v2\/product_tag?post=5677"}],"curies":[{"name":"wp","href":"https:\/\/api.w.org\/{rel}","templated":true}]}}