{"id":5673,"date":"2022-02-22T03:54:58","date_gmt":"2022-02-22T03:54:58","guid":{"rendered":"https:\/\/medicinasinc.com\/fr\/?post_type=product&#038;p=5673"},"modified":"2022-03-17T11:46:50","modified_gmt":"2022-03-17T11:46:50","slug":"acheter-alprox-2mg-pilules-xanax","status":"publish","type":"product","link":"https:\/\/medicinasinc.com\/fr\/product\/acheter-alprox-2mg-pilules-xanax\/","title":{"rendered":"Acheter des pilules Alprox 2mg (Xanax)"},"content":{"rendered":"<p>Les personnes qui souhaitent acheter du XANAX 2mg bon march\u00e9 en ligne devraient les chercher. Commandez XANAX 2mg de Global Home Med pour un prix bas et faites-le livrer directement \u00e0 votre porte\u00a0!<\/p>\n<p>Alprazolam peut \u00eatre achet\u00e9 au Royaume-Uni, vous pouvez donc le faire. Une marque de Xanax appel\u00e9e Alprazolam contient 2mg de drogue dedans. Il est plus puissant au Royaume-Uni de prendre le comprim\u00e9 de 2 mg de ce bon m\u00e9dicament contre l&#8217;anxi\u00e9t\u00e9.<\/p>\n<p>Les personnes qui souhaitent acheter du Xanax peuvent l&#8217;acheter en ligne. Barres Xanax \u00e0 vendre \u2013 Acheter xanax 2 mg en ligne \u2013 acheter xanax 1 mg en ligne \u2013<\/p>\n<p>Xanax peut vous rendre somnolent et calme, vous faisant vous sentir d\u00e9tendu et \u00e0 l&#8217;aise.<\/p>\n<p>Acheter Xanax 2Mg en la Grande-Bretagne. Commandez Xanax Overnight d&#8217;une mani\u00e8re qui a du sens. Fussy Wilburn fait exploser son offre de sublimation Buying Xanax Online Reddit.<\/p>\n<p>Les gens peuvent acheter Xanax \u00e0 bas prix sans note du m\u00e9decin. Lorsque vous achetez du zoloft en ligne, vous pouvez le trouver dans les meilleures pharmacies en ligne. Vous pouvez \u00e9galement acheter du xanax et de la phentermine \u00e0 bas prix en ligne. Sur cette image, vous pouvez voir des barres g\u00e9n\u00e9riques Xanax 2mg qui ressemblent \u00e0 la vraie chose.<\/p>\n<p>Pour traiter les troubles paniques et l&#8217;anxi\u00e9t\u00e9, acheter Xanax 2mg Alprazolam 0,5mg, 1mg ou 2mg Tablet est utilis\u00e9. Les personnes qui ont peur et qui sont stress\u00e9es peuvent \u00eatre tr\u00e8s effray\u00e9es et stress\u00e9es. Il est pr\u00e9f\u00e9rable de commencer avec une petite quantit\u00e9, puis d&#8217;augmenter progressivement la quantit\u00e9. N&#8217;arr\u00eatez pas de prendre ce m\u00e9dicament tout de suite, car il pourrait provoquer des sympt\u00f4mes de sevrage tels que des convulsions, un comportement agressif, une vision floue, etc., comme lorsque vous arr\u00eatez de le prendre.<\/p>\n<p>Prenez le comprim\u00e9 d&#8217;Alprazolam 0,5 MG avec ou sans nourriture, mais ne mangez rien avant de le prendre. Ne prenez pas plus que ce que le m\u00e9decin vous a dit. Si vous avez des effets secondaires n\u00e9fastes, consultez votre m\u00e9decin. Assurez-vous de parler \u00e0 votre m\u00e9decin avant d&#8217;arr\u00eater de prendre le m\u00e9dicament, car cela pourrait vous faire vous sentir mal.<\/p>\n<p>Comment cela fonctionne<br \/> Ce m\u00e9dicament se lie aux canaux chlorure et permet aux ions chlorure de circuler Cela rend la membrane du neurone plus stable et hyperpolaris\u00e9e, ce qui emp\u00eache la cellule de devenir plus excit\u00e9e.<\/p>\n","protected":false},"excerpt":{"rendered":"<p>Achetez des pilules Alprox xanax 2mg \u00e0 vendre au Royaume-Uni, en Europe. acheter Alprox en ligne, acheter xanax en ligne, acheter en ligne alprox, acheter xanax, Alprox 2mg, o\u00f9 puis-je acheter alprox en ligne.<\/p>\n<p>En ligne, vous pouvez acheter des pilules Alprox 2mg \u00e0 vendre \u00e0 bas prix (Xanax). Dans ce cas, vous pouvez obtenir Alprox en ligne. Vous pouvez \u00e9galement l&#8217;obtenir en ligne, acheter Alprox en ligne, obtenir du xanax en ligne et d\u00e9couvrir o\u00f9 vous pouvez l&#8217;obtenir.<\/p>\n<p>Vous pouvez acheter des comprim\u00e9s d&#8217;Alprazolam Xanax 2 mg dans notre boutique Global medicinas et les faire livrer rapidement dans n&#8217;importe quel pays du monde\u00a0! Ici, vous trouverez le meilleur Alprazolam 2 MG Tablet que vous pouvez acheter.<\/p>\n<p>Acheter Xanax 2 MG Tablet est utilis\u00e9 pour traiter les troubles paniques et l&#8217;anxi\u00e9t\u00e9, tels que la peur extr\u00eame soudaine et le stress caus\u00e9 par le stress. Il est pr\u00e9f\u00e9rable de commencer avec une petite quantit\u00e9, puis d&#8217;augmenter progressivement la quantit\u00e9. N&#8217;arr\u00eatez pas de prendre ce m\u00e9dicament tout de suite, car il pourrait provoquer des sympt\u00f4mes de sevrage tels que des convulsions, un comportement agressif, une vision floue, etc., si vous arr\u00eatez de le prendre trop rapidement.<\/p>\n","protected":false},"featured_media":5683,"comment_status":"open","ping_status":"closed","template":"","meta":[],"product_brand":[],"product_cat":[1117],"product_tag":[1168,3503,3505,3504,3506,1143,3523,3521,1188,3507,1182,3509,3519,1192,3502,1194,3508,1189,3511,3512,3514,3510,3522,3517,3516,3520,3518,3515,3513],"class_list":{"0":"post-5673","1":"product","2":"type-product","3":"status-publish","4":"has-post-thumbnail","6":"product_cat-acheter-douleur-sommeil-sexe-pilules","7":"product_tag-acheter-alprazolam-en-ligne","8":"product_tag-acheter-xanax-2-mg","9":"product_tag-acheter-xanax-2mg","10":"product_tag-acheter-xanax-2-mg-fr","11":"product_tag-acheter-xanax-en-ligne","12":"product_tag-alprazolam--vendre","13":"product_tag-xanax-bar-a-vendre","14":"product_tag-xanax-2mg-commande","15":"product_tag-commander-alprazolam-en-ligne","16":"product_tag-commander-xanax-2-mg-fr","17":"product_tag-comment-acheter-alprazolam-en-ligne","18":"product_tag-xanax-2-mg-effet","19":"product_tag-xanax-2mg-effet","20":"product_tag-le-meilleur-endroit-pour-acheter-de-l-alprazolam-en-ligne","21":"product_tag-best-shop-xanax-2-mg-fr","22":"product_tag-o-acheter-alprazolam-en-ligne","23":"product_tag-o-acheter-xanax-2-mg-fr","24":"product_tag-purchase-alprazolam-online","25":"product_tag-xanax-2-mg-en-vente","26":"product_tag-xanax-2-mg-en-vente-royaume-uni","27":"product_tag-xanax-2-mg-en-ligne-fr","28":"product_tag-xanax-2-mg-europe","29":"product_tag-xanax-2mg-reddit","30":"product_tag-xanax-2-mg-uk","31":"product_tag-xanax-2-mg-reddit","32":"product_tag-xanax-2mg-en-vente","33":"product_tag-xanax-2mg-buy","34":"product_tag-xanax-2-mg-femme-enceinte","35":"product_tag-xanax-2-mg-google","37":"first","38":"instock","39":"shipping-taxable","40":"purchasable","41":"product-type-variable","42":"has-default-attributes"},"yoast_head":"<!-- This site is optimized with the Yoast SEO plugin v27.3 - https:\/\/yoast.com\/product\/yoast-seo-wordpress\/ -->\n<title>Acheter des pilules Alprox 2mg (Xanax) - Xanax 2 mg - Best Global Meds<\/title>\n<meta name=\"description\" content=\"Acheter des pilules Alprox xanax 2mg \u00e0 vendre au Royaume-Uni, en Europe. acheter Alprox en ligne, acheter xanax en ligne, acheter alprox en ligne, acheter xanax, commander Alprox 2mg, o\u00f9 puis-je acheter alprox en ligne.\" \/>\n<meta name=\"robots\" content=\"index, follow, max-snippet:-1, max-image-preview:large, max-video-preview:-1\" \/>\n<link rel=\"canonical\" href=\"https:\/\/medicinasinc.com\/fr\/product\/acheter-alprox-2mg-pilules-xanax\/\" \/>\n<meta property=\"og:locale\" content=\"en_US\" \/>\n<meta property=\"og:type\" content=\"article\" \/>\n<meta property=\"og:title\" content=\"Acheter des pilules Alprox 2mg (Xanax) - Xanax 2 mg - Best Global Meds\" \/>\n<meta property=\"og:description\" content=\"Acheter des pilules Alprox xanax 2mg \u00e0 vendre au Royaume-Uni, en Europe. acheter Alprox en ligne, acheter xanax en ligne, acheter alprox en ligne, acheter xanax, commander Alprox 2mg, o\u00f9 puis-je acheter alprox en ligne.\" \/>\n<meta property=\"og:url\" content=\"https:\/\/medicinasinc.com\/fr\/product\/acheter-alprox-2mg-pilules-xanax\/\" \/>\n<meta property=\"og:site_name\" content=\"Medicinas Inc\" \/>\n<meta property=\"article:modified_time\" content=\"2022-03-17T11:46:50+00:00\" \/>\n<meta property=\"og:image\" content=\"https:\/\/medicinasinc.com\/fr\/wp-content\/uploads\/sites\/5\/2022\/02\/Buy-xanax-2-mg.jpg\" \/>\n\t<meta property=\"og:image:width\" content=\"400\" \/>\n\t<meta property=\"og:image:height\" content=\"350\" \/>\n\t<meta property=\"og:image:type\" content=\"image\/jpeg\" \/>\n<meta name=\"twitter:card\" content=\"summary_large_image\" \/>\n<meta name=\"twitter:label1\" content=\"Est. reading time\" \/>\n\t<meta name=\"twitter:data1\" content=\"2 minutes\" \/>\n<script type=\"application\/ld+json\" class=\"yoast-schema-graph\">{\"@context\":\"https:\\\/\\\/schema.org\",\"@graph\":[{\"@type\":\"WebPage\",\"@id\":\"https:\\\/\\\/medicinasinc.com\\\/fr\\\/product\\\/acheter-alprox-2mg-pilules-xanax\\\/\",\"url\":\"https:\\\/\\\/medicinasinc.com\\\/fr\\\/product\\\/acheter-alprox-2mg-pilules-xanax\\\/\",\"name\":\"Acheter des pilules Alprox 2mg (Xanax) - Xanax 2 mg - Best Global Meds\",\"isPartOf\":{\"@id\":\"https:\\\/\\\/medicinasinc.com\\\/fr\\\/#website\"},\"primaryImageOfPage\":{\"@id\":\"https:\\\/\\\/medicinasinc.com\\\/fr\\\/product\\\/acheter-alprox-2mg-pilules-xanax\\\/#primaryimage\"},\"image\":{\"@id\":\"https:\\\/\\\/medicinasinc.com\\\/fr\\\/product\\\/acheter-alprox-2mg-pilules-xanax\\\/#primaryimage\"},\"thumbnailUrl\":\"https:\\\/\\\/medicinasinc.com\\\/fr\\\/wp-content\\\/uploads\\\/sites\\\/5\\\/2022\\\/02\\\/Buy-xanax-2-mg.jpg\",\"datePublished\":\"2022-02-22T03:54:58+00:00\",\"dateModified\":\"2022-03-17T11:46:50+00:00\",\"description\":\"Acheter des pilules Alprox xanax 2mg \u00e0 vendre au Royaume-Uni, en Europe. acheter Alprox en ligne, acheter xanax en ligne, acheter alprox en ligne, acheter xanax, commander Alprox 2mg, o\u00f9 puis-je acheter alprox en ligne.\",\"breadcrumb\":{\"@id\":\"https:\\\/\\\/medicinasinc.com\\\/fr\\\/product\\\/acheter-alprox-2mg-pilules-xanax\\\/#breadcrumb\"},\"inLanguage\":\"en-US\",\"potentialAction\":[{\"@type\":\"ReadAction\",\"target\":[\"https:\\\/\\\/medicinasinc.com\\\/fr\\\/product\\\/acheter-alprox-2mg-pilules-xanax\\\/\"]}]},{\"@type\":\"ImageObject\",\"inLanguage\":\"en-US\",\"@id\":\"https:\\\/\\\/medicinasinc.com\\\/fr\\\/product\\\/acheter-alprox-2mg-pilules-xanax\\\/#primaryimage\",\"url\":\"https:\\\/\\\/medicinasinc.com\\\/fr\\\/wp-content\\\/uploads\\\/sites\\\/5\\\/2022\\\/02\\\/Buy-xanax-2-mg.jpg\",\"contentUrl\":\"https:\\\/\\\/medicinasinc.com\\\/fr\\\/wp-content\\\/uploads\\\/sites\\\/5\\\/2022\\\/02\\\/Buy-xanax-2-mg.jpg\",\"width\":400,\"height\":350},{\"@type\":\"BreadcrumbList\",\"@id\":\"https:\\\/\\\/medicinasinc.com\\\/fr\\\/product\\\/acheter-alprox-2mg-pilules-xanax\\\/#breadcrumb\",\"itemListElement\":[{\"@type\":\"ListItem\",\"position\":1,\"name\":\"Boutique\",\"item\":\"https:\\\/\\\/medicinasinc.com\\\/fr\\\/boutique\\\/\"},{\"@type\":\"ListItem\",\"position\":2,\"name\":\"Acheter des pilules Alprox 2mg (Xanax)\"}]},{\"@type\":\"WebSite\",\"@id\":\"https:\\\/\\\/medicinasinc.com\\\/fr\\\/#website\",\"url\":\"https:\\\/\\\/medicinasinc.com\\\/fr\\\/\",\"name\":\"Medicinas Inc\",\"description\":\"Health Medical Clinic\",\"potentialAction\":[{\"@type\":\"SearchAction\",\"target\":{\"@type\":\"EntryPoint\",\"urlTemplate\":\"https:\\\/\\\/medicinasinc.com\\\/fr\\\/?s={search_term_string}\"},\"query-input\":{\"@type\":\"PropertyValueSpecification\",\"valueRequired\":true,\"valueName\":\"search_term_string\"}}],\"inLanguage\":\"en-US\"}]}<\/script>\n<!-- \/ Yoast SEO plugin. -->","yoast_head_json":{"title":"Acheter des pilules Alprox 2mg (Xanax) - Xanax 2 mg - Best Global Meds","description":"Acheter des pilules Alprox xanax 2mg \u00e0 vendre au Royaume-Uni, en Europe. acheter Alprox en ligne, acheter xanax en ligne, acheter alprox en ligne, acheter xanax, commander Alprox 2mg, o\u00f9 puis-je acheter alprox en ligne.","robots":{"index":"index","follow":"follow","max-snippet":"max-snippet:-1","max-image-preview":"max-image-preview:large","max-video-preview":"max-video-preview:-1"},"canonical":"https:\/\/medicinasinc.com\/fr\/product\/acheter-alprox-2mg-pilules-xanax\/","og_locale":"en_US","og_type":"article","og_title":"Acheter des pilules Alprox 2mg (Xanax) - Xanax 2 mg - Best Global Meds","og_description":"Acheter des pilules Alprox xanax 2mg \u00e0 vendre au Royaume-Uni, en Europe. acheter Alprox en ligne, acheter xanax en ligne, acheter alprox en ligne, acheter xanax, commander Alprox 2mg, o\u00f9 puis-je acheter alprox en ligne.","og_url":"https:\/\/medicinasinc.com\/fr\/product\/acheter-alprox-2mg-pilules-xanax\/","og_site_name":"Medicinas Inc","article_modified_time":"2022-03-17T11:46:50+00:00","og_image":[{"width":400,"height":350,"url":"https:\/\/medicinasinc.com\/fr\/wp-content\/uploads\/sites\/5\/2022\/02\/Buy-xanax-2-mg.jpg","type":"image\/jpeg"}],"twitter_card":"summary_large_image","twitter_misc":{"Est. reading time":"2 minutes"},"schema":{"@context":"https:\/\/schema.org","@graph":[{"@type":"WebPage","@id":"https:\/\/medicinasinc.com\/fr\/product\/acheter-alprox-2mg-pilules-xanax\/","url":"https:\/\/medicinasinc.com\/fr\/product\/acheter-alprox-2mg-pilules-xanax\/","name":"Acheter des pilules Alprox 2mg (Xanax) - Xanax 2 mg - Best Global Meds","isPartOf":{"@id":"https:\/\/medicinasinc.com\/fr\/#website"},"primaryImageOfPage":{"@id":"https:\/\/medicinasinc.com\/fr\/product\/acheter-alprox-2mg-pilules-xanax\/#primaryimage"},"image":{"@id":"https:\/\/medicinasinc.com\/fr\/product\/acheter-alprox-2mg-pilules-xanax\/#primaryimage"},"thumbnailUrl":"https:\/\/medicinasinc.com\/fr\/wp-content\/uploads\/sites\/5\/2022\/02\/Buy-xanax-2-mg.jpg","datePublished":"2022-02-22T03:54:58+00:00","dateModified":"2022-03-17T11:46:50+00:00","description":"Acheter des pilules Alprox xanax 2mg \u00e0 vendre au Royaume-Uni, en Europe. acheter Alprox en ligne, acheter xanax en ligne, acheter alprox en ligne, acheter xanax, commander Alprox 2mg, o\u00f9 puis-je acheter alprox en ligne.","breadcrumb":{"@id":"https:\/\/medicinasinc.com\/fr\/product\/acheter-alprox-2mg-pilules-xanax\/#breadcrumb"},"inLanguage":"en-US","potentialAction":[{"@type":"ReadAction","target":["https:\/\/medicinasinc.com\/fr\/product\/acheter-alprox-2mg-pilules-xanax\/"]}]},{"@type":"ImageObject","inLanguage":"en-US","@id":"https:\/\/medicinasinc.com\/fr\/product\/acheter-alprox-2mg-pilules-xanax\/#primaryimage","url":"https:\/\/medicinasinc.com\/fr\/wp-content\/uploads\/sites\/5\/2022\/02\/Buy-xanax-2-mg.jpg","contentUrl":"https:\/\/medicinasinc.com\/fr\/wp-content\/uploads\/sites\/5\/2022\/02\/Buy-xanax-2-mg.jpg","width":400,"height":350},{"@type":"BreadcrumbList","@id":"https:\/\/medicinasinc.com\/fr\/product\/acheter-alprox-2mg-pilules-xanax\/#breadcrumb","itemListElement":[{"@type":"ListItem","position":1,"name":"Boutique","item":"https:\/\/medicinasinc.com\/fr\/boutique\/"},{"@type":"ListItem","position":2,"name":"Acheter des pilules Alprox 2mg (Xanax)"}]},{"@type":"WebSite","@id":"https:\/\/medicinasinc.com\/fr\/#website","url":"https:\/\/medicinasinc.com\/fr\/","name":"Medicinas Inc","description":"Health Medical Clinic","potentialAction":[{"@type":"SearchAction","target":{"@type":"EntryPoint","urlTemplate":"https:\/\/medicinasinc.com\/fr\/?s={search_term_string}"},"query-input":{"@type":"PropertyValueSpecification","valueRequired":true,"valueName":"search_term_string"}}],"inLanguage":"en-US"}]}},"_links":{"self":[{"href":"https:\/\/medicinasinc.com\/fr\/wp-json\/wp\/v2\/product\/5673","targetHints":{"allow":["GET"]}}],"collection":[{"href":"https:\/\/medicinasinc.com\/fr\/wp-json\/wp\/v2\/product"}],"about":[{"href":"https:\/\/medicinasinc.com\/fr\/wp-json\/wp\/v2\/types\/product"}],"replies":[{"embeddable":true,"href":"https:\/\/medicinasinc.com\/fr\/wp-json\/wp\/v2\/comments?post=5673"}],"wp:featuredmedia":[{"embeddable":true,"href":"https:\/\/medicinasinc.com\/fr\/wp-json\/wp\/v2\/media\/5683"}],"wp:attachment":[{"href":"https:\/\/medicinasinc.com\/fr\/wp-json\/wp\/v2\/media?parent=5673"}],"wp:term":[{"taxonomy":"product_brand","embeddable":true,"href":"https:\/\/medicinasinc.com\/fr\/wp-json\/wp\/v2\/product_brand?post=5673"},{"taxonomy":"product_cat","embeddable":true,"href":"https:\/\/medicinasinc.com\/fr\/wp-json\/wp\/v2\/product_cat?post=5673"},{"taxonomy":"product_tag","embeddable":true,"href":"https:\/\/medicinasinc.com\/fr\/wp-json\/wp\/v2\/product_tag?post=5673"}],"curies":[{"name":"wp","href":"https:\/\/api.w.org\/{rel}","templated":true}]}}