{"id":5653,"date":"2022-02-22T03:27:38","date_gmt":"2022-02-22T03:27:38","guid":{"rendered":"https:\/\/medicinasinc.com\/fr\/?post_type=product&#038;p=5653"},"modified":"2022-08-08T17:08:41","modified_gmt":"2022-08-08T17:08:41","slug":"acheter-3-mmc-poudre","status":"publish","type":"product","link":"https:\/\/medicinasinc.com\/fr\/product\/acheter-3-mmc-poudre\/","title":{"rendered":"Acheter de la poudre de 3 mmc"},"content":{"rendered":"<p>Le meilleur endroit pour acheter de la poudre de 3-MMC en ligne est Best Global Meds, qui est le meilleur endroit pour acheter de la poudre de 3-MMC aupr\u00e8s d&#8217;un fournisseur de produits chimiques en Europe.<\/p>\n<p>Transfert bancaire ou paiements en bitcoins\u00a0? V\u00e9rifiez les d\u00e9tails \u00e0 la caisse.<br \/>\nVeuillez noter que vous n&#8217;\u00eates couvert qu&#8217;en cas de perte sur un service suivi et assur\u00e9. Si votre colis est perdu, vous b\u00e9n\u00e9ficierez d&#8217;une r\u00e9exp\u00e9dition gratuite apr\u00e8s 30 jours. Si votre colis est perdu, vous ne b\u00e9n\u00e9ficierez pas d&#8217;une r\u00e9exp\u00e9dition gratuite.<br \/>\nLes commandes Bitcoin effectu\u00e9es avant 15h30 seront exp\u00e9di\u00e9es le jour m\u00eame.<br \/>\nAchetez des cartes 3MMC.<\/p>\n<p>Vous pouvez acheter des produits chimiques Poudre de 3-MMC de www.bestglobalmeds.com en vrac pour un prix bon march\u00e9.<\/p>\n<p>3-Methylmethcathinone, ou 3-MMC, est un exemple de mol\u00e9cule de la classe des cathinones qui leur ont \u00e9t\u00e9 ajout\u00e9es . Il s&#8217;agit d&#8217;un type d&#8217;amph\u00e9tamine qui poss\u00e8de un cycle ph\u00e9nyle li\u00e9 \u00e0 un groupe amino (NH2) par une cha\u00eene \u00e9thyle et une substitution m\u00e9thyle suppl\u00e9mentaire sur R.<\/p>\n<p>3-MMC et les autres cathinones sont diff\u00e9rentes les unes des autres autre parce qu&#8217;ils ont des substitutions de c\u00e9tone sur le carbone b\u00eata du squelette de l&#8217;amph\u00e9tamine, ce qui en fait des -c\u00e9to-amph\u00e9tamines. substitutions m\u00e9thyle : 3-MMC en a deux sur sa structure cathinone, une sur R3 du groupe ph\u00e9nyle et une sur le groupe azote RN, o\u00f9 va le groupe m\u00e9thyle. La 3-MMC est similaire \u00e0 la m\u00e9ph\u00e9drone, \u00e0 une exception pr\u00e8s\u00a0: le groupe m\u00e9thyle est plac\u00e9 sur R3 au lieu de R4.<\/p>\n<p>Il existe de nombreuses fa\u00e7ons d&#8217;utiliser la poudre de 3-MMC, mais elle est uniquement destin\u00e9e \u00e0 \u00eatre utilis\u00e9 pour la recherche. Il ne peut \u00eatre utilis\u00e9 pour aucune de ces autres choses.<\/p>\n<p>Avant d&#8217;acheter des produits chimiques de recherche, assurez-vous d&#8217;avoir les bons outils et que votre espace de travail est bien ventil\u00e9.<\/p>\n<p>Vous devez avoir au moins 18 ans pour acheter cet article.<\/p>\n<p>La poudre 3-MMC est l\u00e9gale dans notre pays d&#8217;origine, o\u00f9 nous vivons. Il vous appartient de conna\u00eetre et de respecter les lois de votre pays, comt\u00e9, r\u00e9gion, \u00e9tat ou ville. Nous ne sommes pas responsables de ce que vous faites ou de ce qui se passe apr\u00e8s votre commande.<\/p>\n","protected":false},"excerpt":{"rendered":"<p>La 3-m\u00e9thylm\u00e9thcathinone, \u00e9galement appel\u00e9e 3-MMC ou m\u00e9taph\u00e9drone[1], est un nouveau m\u00e9dicament. Le sel de chlorhydrate de 3-MMC est une poudre blanche qui ressemble \u00e0 des flocons.<\/p>\n<p>O\u00f9 puis-je acheter de la poudre de 3-MMC \u00e0 vendre au Royaume-Uni et en Europe\u00a0? Sous forme de cristal, de granul\u00e9s et de poudre, nous proposons \u00e0 la vente du 3-MMC de haute qualit\u00e9. Vous pouvez l&#8217;acheter chez Best Global Meds.<\/p>\n<p>Il est facile d&#8217;acheter de la poudre de 3-MMC en ligne aupr\u00e8s d&#8217;une soci\u00e9t\u00e9 appel\u00e9e medicinasinc.com, qui est l&#8217;un des meilleurs fournisseurs de produits chimiques en Europe. Les virements bancaires ou les paiements en bitcoins sont deux fa\u00e7ons de r\u00e9gler vos achats.<\/p>\n","protected":false},"featured_media":5664,"comment_status":"open","ping_status":"closed","template":"","meta":[],"product_brand":[],"product_cat":[59],"product_tag":[2101,2205,2102,2363,2103,2104,2208,2105,2106,2107,2110,2108,2111,2112,2113,2114,2115,2116,2117,2118,2119,2120,2121,2122,2123,2124,2127,2128,2129,2134,2135,2136,2137,2139,2140,2141,2142,2143,2145,2153,2146,2151,2150,2152,2155,2156,2403,2214,2158,2159,2160,2161,2162,2163,2164,2229,2166,2167,2168,2169,2433,2267,2228,2323,2414,2177,2413,2392,2170,2322,2232,2227,2430,2431,2172,2173,2174,2175,2176,2178,2179,2180,2183,2184,2185,2186,2187,2188,2189,2190,2192,2193,2194,2196,2198,2311,2379,2409,2410,2365,2366,2369,2415,2370,2389,2373,2419,2420,2206,2211,2212,2213,2217,2218,2219,2220,2221,2222,2223,2225,2226,2233,2234,2238,2240,2328,2243,2244,2245,2246,2247,2248,2249,2250,2251,2252,2253,2254,2255,2256,2257,2258,2259,2260,2261,2262,2264,2266,2131,2209,2268,2269,2270,2271,2272,2273,2274,2275,2276,2277,2278,2301,2215,2279,2216,2125,2210,2468,2280,2281,2282,2283,2284,2285,2286,2287,2288,2289,2290,2291,2309,2294,2298,2297,2299,2300,2303,2304,2305,2306,2307,2302,2310,2312,2313,2314,2316,2317,2318,2319,2320,2321,2315,2324,2325,2398,2326,2327,2329,2331,2332,2333,2334,2338,2368,2367,2335,2407,2346,2388,2340,2341,2342,2343,2345,2339,2330,2344,2336,2199,2200,2201,2202,2204,2203,2348,2349,2350,2351,2352,2355,2356,2357,2358,2359,2360,2362,2364,2371,2374,2126,3500,2133,2132,2380,2381,2382,2383,2384,2385,2386,2387,2390,2391,2295,2476,2347,2399,2394,2395,2396,2397,2400,2401,2402,2404,2405,2372,2426,2427,2429,2435,2436,2437,2438,2439,2440,2441,2442,2443,2444,2445,2144,2138,2308,2353,2361,2197,2447,2354,2207,2130,2449,2450,2451,2452,2453,2454,2455,2456,2457,2458,2459,2460,2461,2462,2463,2464,2465,2466,2467,2470,2471,2472,2473,2474,2475],"class_list":{"0":"post-5653","1":"product","2":"type-product","3":"status-publish","4":"has-post-thumbnail","6":"product_cat-produits-chimiques-de-recherche","7":"product_tag-2-fdck","8":"product_tag-vrac-2-fdck","9":"product_tag-2-mmc","10":"product_tag-boutique-2-mmc","11":"product_tag-3-cmc","12":"product_tag-3-mm","13":"product_tag-vrac-3-mma","14":"product_tag-3-mmc","15":"product_tag-3-mmc-bitcoin","16":"product_tag-3-mmc-bulgarie","17":"product_tag-3-mmc-chypre","18":"product_tag-3-mmc-croatie","19":"product_tag-3-mmc-czechia","20":"product_tag-3-mmc-danemark","21":"product_tag-3-mmc-estonie","22":"product_tag-3-mmc-finlande","23":"product_tag-3-mmc-france","24":"product_tag-3-mmc-grece","25":"product_tag-3-mmc-hongrie","26":"product_tag-3-mmc-irlande","27":"product_tag-3-mmc-italie","28":"product_tag-3-mmc-lettonie","29":"product_tag-3-mmc-lituanie","30":"product_tag-3-mmc-luxembourg","31":"product_tag-3-mmc-malte","32":"product_tag-3-mmc-pays-bas","33":"product_tag-3-mmc-pologne","34":"product_tag-3-mmc-portugal","35":"product_tag-3-mmc-powder","36":"product_tag-3-mmc-powder-order","37":"product_tag-3-mmc-powder-reddit","38":"product_tag-3-mmc-powder-sale","39":"product_tag-3-mmc-powder-sales","40":"product_tag-3-mmc-roumanie","41":"product_tag-3-mmc-slovaquie","42":"product_tag-3-mmc-slovnie","43":"product_tag-3-mmc-spain","44":"product_tag-3-mmc-suede","45":"product_tag-3mmc","46":"product_tag-3mmc-avec-bitcoin","47":"product_tag-3mmc-belgique","48":"product_tag-3mmc-espagne","49":"product_tag-3mmc-roumanie","50":"product_tag-3mmc-wholesale","51":"product_tag-4-cmc","52":"product_tag-5-mmpa","53":"product_tag-magasin-en-php","54":"product_tag-vrac-a-php","55":"product_tag-a-pihp","56":"product_tag-acheter-2-fdck","57":"product_tag-acheter-2-mmc","58":"product_tag-acheter-3-cmc","59":"product_tag-acheter-3-mma","60":"product_tag-acheter-3-mmc","61":"product_tag-acheter-3-mmc-pellets","62":"product_tag-acheter-3mmc","63":"product_tag-acheter-4-cmc","64":"product_tag-acheter-5-mmpa","65":"product_tag-acheter-a-php","66":"product_tag-acheter-a-pihp","67":"product_tag-vasarold-meg-hexdrone","68":"product_tag-acheter-de-lhexne","69":"product_tag-acheter-3-mmc-poudre-france","70":"product_tag-acheter-des-hexagones","71":"product_tag-pilules--envoler-3-mmc","72":"product_tag-acheter-pellets-3-mmc","73":"product_tag-pastilles-uzlet-3-mmc","74":"product_tag-acheter-des-sorcires","75":"product_tag-acheter-eutylone","76":"product_tag-acheter-hexdrone","77":"product_tag-acheter-3mmc-poudre","78":"product_tag-acheter-3-mmc-poudre-europe","79":"product_tag-vasarold-meg-a-php","80":"product_tag-vasarold-meg-pihp","81":"product_tag-acquista-2-fdck","82":"product_tag-acquista-2-mmc","83":"product_tag-acquista-3-cmc","84":"product_tag-acquista-3-mma","85":"product_tag-acquista-3-mmc","86":"product_tag-acquista-3-mmc-pills","87":"product_tag-acquista-4-cmc","88":"product_tag-acquista-5-mmpa","89":"product_tag-acquista-eutylone","90":"product_tag-acquista-hexen","91":"product_tag-al-por-mayor-2-fdck","92":"product_tag-al-por-mayor-2-mmc","93":"product_tag-al-por-mayor-3-cmc","94":"product_tag-al-por-mayor-3-mma","95":"product_tag-al-por-mayor-3-mmc","96":"product_tag-al-por-mayor-3-mmc-pellets","97":"product_tag-al-por-mayor-4-cmc","98":"product_tag-al-por-mayor-5-mmpa","99":"product_tag-al-por-mayor-a-php","100":"product_tag-al-por-mayor-eutylone","101":"product_tag-al-por-mayor-hexen","102":"product_tag-koop-2-mmc","103":"product_tag-shop-2-fdck","104":"product_tag-dcollage-2-mmc","105":"product_tag-dcollage-3-cmc","106":"product_tag-boutique-3-mma","107":"product_tag-boutique-3-mmc","108":"product_tag-boutique-4-cmc","109":"product_tag-dcollage-4-cmc","110":"product_tag-boutique-5-mmpa","111":"product_tag-shop-a-pihp","112":"product_tag-boutique-eutylone","113":"product_tag-hexedrone-de-dcollage","114":"product_tag-uzlet-hexen","115":"product_tag-bulk-2-mmc","116":"product_tag-bulk-3-mmc-pills","117":"product_tag-bulk-4-cmc","118":"product_tag-bulk-5-mmpa","119":"product_tag-bulk-hexedrone","120":"product_tag-bulk-hexen","121":"product_tag-buy-2-fdck","122":"product_tag-buy-2-mmc","123":"product_tag-buy-3-cmc","124":"product_tag-buy-3-mma","125":"product_tag-buy-3-mmc","126":"product_tag-buy-3-mmc-pellets","127":"product_tag-buy-3-mmc-pills","128":"product_tag-buy-4-cmc","129":"product_tag-buy-5-mmpa","130":"product_tag-buy-eutylone","131":"product_tag-buy-hexen","132":"product_tag-chargeur-3-mmc","133":"product_tag-comprar-2-fdck","134":"product_tag-comprar-2-mmc","135":"product_tag-comprar-3-cmc","136":"product_tag-comprar-3-mma","137":"product_tag-comprar-3-mmc","138":"product_tag-comprar-3-mmc-pellets","139":"product_tag-comprar-3-mmc-pills","140":"product_tag-comprar-4-cmc","141":"product_tag-comprar-5-mmpa","142":"product_tag-comprar-a-php","143":"product_tag-comprar-a-pihp","144":"product_tag-comprar-eutylone","145":"product_tag-comprar-hexedrone","146":"product_tag-comprar-hexen","147":"product_tag-cumpara-2-fdck","148":"product_tag-cumpara-3-cmc","149":"product_tag-cumpara-3-mma","150":"product_tag-cumpara-3-mmc","151":"product_tag-cumpara-4-cmc","152":"product_tag-cumpara-5-mmpa","153":"product_tag-cumpara-a-pihp","154":"product_tag-cumpara-hexedrone","155":"product_tag-3-mmc-effet-poudr","156":"product_tag-vrac-3-mmc","157":"product_tag-en-gros-2-fdck","158":"product_tag-en-gros-3-cmc","159":"product_tag-en-gros-3-mma","160":"product_tag-en-gros-3-mmc","161":"product_tag-en-gros-4-cmc","162":"product_tag-en-gros-5-mmpa","163":"product_tag-en-gros-a-php","164":"product_tag-en-gros-a-pihp","165":"product_tag-en-gros-eutylone","166":"product_tag-en-gros-hexedrone","167":"product_tag-en-gros-hexen","168":"product_tag-ingrosso-3-mmc","169":"product_tag-vrac-a-pihp","170":"product_tag-eutylone","171":"product_tag-vrac-eutylone","172":"product_tag-3-mmc-pellets","173":"product_tag-granuls-en-vrac-3-mmc","174":"product_tag-pastilles-winkel-3-mmc","175":"product_tag-groothandel-2-fdck","176":"product_tag-groothandel-2-mmc","177":"product_tag-groothandel-3-cmc","178":"product_tag-groothandel-3-mma","179":"product_tag-groothandel-3-mmc","180":"product_tag-groothandel-3-mmc-pellets","181":"product_tag-groothandel-3-mmc-pills","182":"product_tag-groothandel-4-cmc","183":"product_tag-groothandel-5-mmpa","184":"product_tag-groothandel-a-php","185":"product_tag-groothandel-a-pihp","186":"product_tag-groothandel-eutylone","187":"product_tag-ingrosso-sorcires","188":"product_tag-hexdrone","189":"product_tag-ingrosso-2-mmc","190":"product_tag-ingrosso-2-fdck","191":"product_tag-ingrosso-3-cmc","192":"product_tag-ingrosso-3-mma","193":"product_tag-ingrosso-3-mmc-pills","194":"product_tag-ingrosso-4-cmc","195":"product_tag-ingrosso-5-mmpa","196":"product_tag-ingrosso-a-php","197":"product_tag-ingrosso-a-pihp","198":"product_tag-ingrosso-3-mmc-pellets","199":"product_tag-koop-2-fdck","200":"product_tag-koop-3-cmc","201":"product_tag-koop-3-mma","202":"product_tag-koop-3-mmc","203":"product_tag-koop-3-mmc-pills","204":"product_tag-koop-4-cmc","205":"product_tag-koop-5-mmpa","206":"product_tag-koop-a-php","207":"product_tag-koop-a-pihp","208":"product_tag-koop-eutylone","209":"product_tag-koop-3-mmc-pellets","210":"product_tag-magasin-2-fdck","211":"product_tag-magasin-2-mmc","212":"product_tag-magasin-3-mmc","213":"product_tag-magasin-3-cmc","214":"product_tag-magasin-3-mma","215":"product_tag-magasin-3-mmc-pellets","216":"product_tag-magasin-4-cmc","217":"product_tag-magasin-5-mmpa","218":"product_tag-magasin-a-php","219":"product_tag-magasin-a-pihp","220":"product_tag-boutique-3-cmc","221":"product_tag-boutique-pilules-3-mmc","222":"product_tag-boutique-pellets-3-mmc","223":"product_tag-magasin-eutylone","224":"product_tag-magasin-hexen","225":"product_tag-boutique-hexedrone","226":"product_tag-shop-a-php","227":"product_tag-magazin-3-mmc","228":"product_tag-magazin-4-cmc","229":"product_tag-magazin-5-mmpa","230":"product_tag-magazin-a-php","231":"product_tag-magazin-eutylone","232":"product_tag-magazine-3-mma","233":"product_tag-magazine-3-mmc-pilules","234":"product_tag-magazine-a-pihp","235":"product_tag-magasin-de-sorcires","236":"product_tag-meilleur-3-cmc","237":"product_tag-meilleur-3-mmc","238":"product_tag-meilleur-4-cmc","239":"product_tag-meilleur-a-pihp","240":"product_tag-meilleur-hexagone","241":"product_tag-meilleur-hexedrone","242":"product_tag-nagykereskedelem-2-fdck","243":"product_tag-nagykereskedelem-2-mmc","244":"product_tag-nagykereskedelem-3-cmc","245":"product_tag-nagykereskedelem-3-mma","246":"product_tag-nagykereskedelem-3-mmc","247":"product_tag-nagykereskedelem-4-cmc","248":"product_tag-nagykereskedelem-5-mmpa","249":"product_tag-nagykereskedelem-a-php","250":"product_tag-nagykereskedelem-a-pihp","251":"product_tag-nagykereskedelem-eutylone","252":"product_tag-nagykereskedelem-hexedrone","253":"product_tag-negozio-2-fdck","254":"product_tag-negozio-3-cmc","255":"product_tag-negozio-a-php","256":"product_tag-negozio-hexen","257":"product_tag-3-mmc-pilules","258":"product_tag-recherche-chimique-3-mmc-poudre","259":"product_tag-3-mmc-poudre-en-ligne","260":"product_tag-3-mmc-poudre--vendre","261":"product_tag-shop-2-mmc","262":"product_tag-shop-3-cmc","263":"product_tag-shop-3-mma","264":"product_tag-shop-3-mmc","265":"product_tag-shop-3-mmc-pellets","266":"product_tag-shop-3-mmc-pills","267":"product_tag-shop-4-cmc","268":"product_tag-shop-5-mmpa","269":"product_tag-shop-eutylone","270":"product_tag-shop-hexedrone","271":"product_tag-sorcres","272":"product_tag-sorcires-dangle","273":"product_tag-sorcires-de-magazines","274":"product_tag-store-pellets-3-mmc","275":"product_tag-tienda-2-fdck","276":"product_tag-tienda-2-mmc","277":"product_tag-tienda-3-cmc","278":"product_tag-tienda-3-mma","279":"product_tag-tienda-3-mmc-pills","280":"product_tag-tienda-4-cmc","281":"product_tag-tienda-5-mmpa","282":"product_tag-tienda-a-pihp","283":"product_tag-tienda-eutylone","284":"product_tag-boutique-chez-pihp","285":"product_tag-vasarold-meg-3-mmc-pellets","286":"product_tag-vasarold-meg-3-mmc-pills","287":"product_tag-vasarold-meg-5-mmpa","288":"product_tag-vente-en-gros-2-fdck","289":"product_tag-vente-en-gros-2-mmc","290":"product_tag-vente-en-gros-3-cmc","291":"product_tag-vente-en-gros-3-mma","292":"product_tag-vente-en-gros-3-mmc","293":"product_tag-vente-en-gros-3-mmc-pellets","294":"product_tag-vente-en-gros-3-mmc-pills","295":"product_tag-vente-en-gros-4-cmc","296":"product_tag-vente-en-gros-5-mmpa","297":"product_tag-vente-en-gros-a-php","298":"product_tag-vente-en-gros-a-pihp","299":"product_tag-3-mmc-vente-en-gros","300":"product_tag-3-mmc-poudre-vente-en-gros","301":"product_tag-ingrosso-eutylone","302":"product_tag-vente-en-gros-pastilles-3-mmc","303":"product_tag-vente-en-gros-hexagone","304":"product_tag-vente-en-gros-hexedrone","305":"product_tag-vente-en-gros-hexen","306":"product_tag-vente-en-gros-pilules-de-3-mmc","307":"product_tag-vrac-3-cmc","308":"product_tag-3-mmc-poudre-vrac","309":"product_tag-wholesale-2-fdck","310":"product_tag-wholesale-2-mmc","311":"product_tag-wholesale-3-cmc","312":"product_tag-wholesale-3-mma","313":"product_tag-wholesale-3-mmc","314":"product_tag-wholesale-3-mmc-pellets","315":"product_tag-wholesale-3-mmc-pills","316":"product_tag-wholesale-4-cmc","317":"product_tag-wholesale-5-mmpa","318":"product_tag-wholesale-a-php","319":"product_tag-wholesale-a-pihp","320":"product_tag-wholesale-eutylone","321":"product_tag-wholesale-hexedrone","322":"product_tag-wholesale-hexen","323":"product_tag-winkel-2-fdck","324":"product_tag-winkel-2-mmc","325":"product_tag-winkel-3-cmc","326":"product_tag-winkel-3-mma","327":"product_tag-winkel-3-mmc","328":"product_tag-winkel-4-cmc","329":"product_tag-winkel-5-mmpa","330":"product_tag-winkel-a-php","331":"product_tag-winkel-a-pihp","332":"product_tag-winkel-eutylone","333":"product_tag-winkel-hexedrone","335":"first","336":"instock","337":"shipping-taxable","338":"purchasable","339":"product-type-variable","340":"has-default-attributes"},"yoast_head":"<!-- This site is optimized with the Yoast SEO plugin v27.3 - https:\/\/yoast.com\/product\/yoast-seo-wordpress\/ -->\n<title>Acheter de la poudre de 3 mmc - Poudre de 3 mmc \u00e0 vendre - Best Global Meds<\/title>\n<meta name=\"description\" content=\"O\u00f9 acheter de la poudre 3\u00a0mmc \u00e0 vendre au Royaume-Uni, en Europe\u00a0? Chez medicinasinc.com, nous avons de la poudre 3-MMC de haute qualit\u00e9 disponible \u00e0 la vente sous forme de cristaux, de pastilles et de poudre.\" \/>\n<meta name=\"robots\" content=\"index, follow, max-snippet:-1, max-image-preview:large, max-video-preview:-1\" \/>\n<link rel=\"canonical\" href=\"https:\/\/medicinasinc.com\/fr\/product\/acheter-3-mmc-poudre\/\" \/>\n<meta property=\"og:locale\" content=\"en_US\" \/>\n<meta property=\"og:type\" content=\"article\" \/>\n<meta property=\"og:title\" content=\"Acheter de la poudre de 3 mmc - Poudre de 3 mmc \u00e0 vendre - Best Global Meds\" \/>\n<meta property=\"og:description\" content=\"O\u00f9 acheter de la poudre 3\u00a0mmc \u00e0 vendre au Royaume-Uni, en Europe\u00a0? Chez medicinasinc.com, nous avons de la poudre 3-MMC de haute qualit\u00e9 disponible \u00e0 la vente sous forme de cristaux, de pastilles et de poudre.\" \/>\n<meta property=\"og:url\" content=\"https:\/\/medicinasinc.com\/fr\/product\/acheter-3-mmc-poudre\/\" \/>\n<meta property=\"og:site_name\" content=\"Medicinas Inc\" \/>\n<meta property=\"article:modified_time\" content=\"2022-08-08T17:08:41+00:00\" \/>\n<meta property=\"og:image\" content=\"https:\/\/medicinasinc.com\/fr\/wp-content\/uploads\/sites\/5\/2022\/02\/3-MMC-powder.jpg\" \/>\n\t<meta property=\"og:image:width\" content=\"350\" \/>\n\t<meta property=\"og:image:height\" content=\"350\" \/>\n\t<meta property=\"og:image:type\" content=\"image\/jpeg\" \/>\n<meta name=\"twitter:card\" content=\"summary_large_image\" \/>\n<meta name=\"twitter:label1\" content=\"Est. reading time\" \/>\n\t<meta name=\"twitter:data1\" content=\"2 minutes\" \/>\n<script type=\"application\/ld+json\" class=\"yoast-schema-graph\">{\"@context\":\"https:\\\/\\\/schema.org\",\"@graph\":[{\"@type\":\"WebPage\",\"@id\":\"https:\\\/\\\/medicinasinc.com\\\/fr\\\/product\\\/acheter-3-mmc-poudre\\\/\",\"url\":\"https:\\\/\\\/medicinasinc.com\\\/fr\\\/product\\\/acheter-3-mmc-poudre\\\/\",\"name\":\"Acheter de la poudre de 3 mmc - Poudre de 3 mmc \u00e0 vendre - Best Global Meds\",\"isPartOf\":{\"@id\":\"https:\\\/\\\/medicinasinc.com\\\/fr\\\/#website\"},\"primaryImageOfPage\":{\"@id\":\"https:\\\/\\\/medicinasinc.com\\\/fr\\\/product\\\/acheter-3-mmc-poudre\\\/#primaryimage\"},\"image\":{\"@id\":\"https:\\\/\\\/medicinasinc.com\\\/fr\\\/product\\\/acheter-3-mmc-poudre\\\/#primaryimage\"},\"thumbnailUrl\":\"https:\\\/\\\/medicinasinc.com\\\/fr\\\/wp-content\\\/uploads\\\/sites\\\/5\\\/2022\\\/02\\\/3-MMC-powder.jpg\",\"datePublished\":\"2022-02-22T03:27:38+00:00\",\"dateModified\":\"2022-08-08T17:08:41+00:00\",\"description\":\"O\u00f9 acheter de la poudre 3\u00a0mmc \u00e0 vendre au Royaume-Uni, en Europe\u00a0? Chez medicinasinc.com, nous avons de la poudre 3-MMC de haute qualit\u00e9 disponible \u00e0 la vente sous forme de cristaux, de pastilles et de poudre.\",\"breadcrumb\":{\"@id\":\"https:\\\/\\\/medicinasinc.com\\\/fr\\\/product\\\/acheter-3-mmc-poudre\\\/#breadcrumb\"},\"inLanguage\":\"en-US\",\"potentialAction\":[{\"@type\":\"ReadAction\",\"target\":[\"https:\\\/\\\/medicinasinc.com\\\/fr\\\/product\\\/acheter-3-mmc-poudre\\\/\"]}]},{\"@type\":\"ImageObject\",\"inLanguage\":\"en-US\",\"@id\":\"https:\\\/\\\/medicinasinc.com\\\/fr\\\/product\\\/acheter-3-mmc-poudre\\\/#primaryimage\",\"url\":\"https:\\\/\\\/medicinasinc.com\\\/fr\\\/wp-content\\\/uploads\\\/sites\\\/5\\\/2022\\\/02\\\/3-MMC-powder.jpg\",\"contentUrl\":\"https:\\\/\\\/medicinasinc.com\\\/fr\\\/wp-content\\\/uploads\\\/sites\\\/5\\\/2022\\\/02\\\/3-MMC-powder.jpg\",\"width\":350,\"height\":350},{\"@type\":\"BreadcrumbList\",\"@id\":\"https:\\\/\\\/medicinasinc.com\\\/fr\\\/product\\\/acheter-3-mmc-poudre\\\/#breadcrumb\",\"itemListElement\":[{\"@type\":\"ListItem\",\"position\":1,\"name\":\"Boutique\",\"item\":\"https:\\\/\\\/medicinasinc.com\\\/fr\\\/boutique\\\/\"},{\"@type\":\"ListItem\",\"position\":2,\"name\":\"Acheter de la poudre de 3 mmc\"}]},{\"@type\":\"WebSite\",\"@id\":\"https:\\\/\\\/medicinasinc.com\\\/fr\\\/#website\",\"url\":\"https:\\\/\\\/medicinasinc.com\\\/fr\\\/\",\"name\":\"Medicinas Inc\",\"description\":\"Health Medical Clinic\",\"potentialAction\":[{\"@type\":\"SearchAction\",\"target\":{\"@type\":\"EntryPoint\",\"urlTemplate\":\"https:\\\/\\\/medicinasinc.com\\\/fr\\\/?s={search_term_string}\"},\"query-input\":{\"@type\":\"PropertyValueSpecification\",\"valueRequired\":true,\"valueName\":\"search_term_string\"}}],\"inLanguage\":\"en-US\"}]}<\/script>\n<!-- \/ Yoast SEO plugin. -->","yoast_head_json":{"title":"Acheter de la poudre de 3 mmc - Poudre de 3 mmc \u00e0 vendre - Best Global Meds","description":"O\u00f9 acheter de la poudre 3\u00a0mmc \u00e0 vendre au Royaume-Uni, en Europe\u00a0? Chez medicinasinc.com, nous avons de la poudre 3-MMC de haute qualit\u00e9 disponible \u00e0 la vente sous forme de cristaux, de pastilles et de poudre.","robots":{"index":"index","follow":"follow","max-snippet":"max-snippet:-1","max-image-preview":"max-image-preview:large","max-video-preview":"max-video-preview:-1"},"canonical":"https:\/\/medicinasinc.com\/fr\/product\/acheter-3-mmc-poudre\/","og_locale":"en_US","og_type":"article","og_title":"Acheter de la poudre de 3 mmc - Poudre de 3 mmc \u00e0 vendre - Best Global Meds","og_description":"O\u00f9 acheter de la poudre 3\u00a0mmc \u00e0 vendre au Royaume-Uni, en Europe\u00a0? Chez medicinasinc.com, nous avons de la poudre 3-MMC de haute qualit\u00e9 disponible \u00e0 la vente sous forme de cristaux, de pastilles et de poudre.","og_url":"https:\/\/medicinasinc.com\/fr\/product\/acheter-3-mmc-poudre\/","og_site_name":"Medicinas Inc","article_modified_time":"2022-08-08T17:08:41+00:00","og_image":[{"width":350,"height":350,"url":"https:\/\/medicinasinc.com\/fr\/wp-content\/uploads\/sites\/5\/2022\/02\/3-MMC-powder.jpg","type":"image\/jpeg"}],"twitter_card":"summary_large_image","twitter_misc":{"Est. reading time":"2 minutes"},"schema":{"@context":"https:\/\/schema.org","@graph":[{"@type":"WebPage","@id":"https:\/\/medicinasinc.com\/fr\/product\/acheter-3-mmc-poudre\/","url":"https:\/\/medicinasinc.com\/fr\/product\/acheter-3-mmc-poudre\/","name":"Acheter de la poudre de 3 mmc - Poudre de 3 mmc \u00e0 vendre - Best Global Meds","isPartOf":{"@id":"https:\/\/medicinasinc.com\/fr\/#website"},"primaryImageOfPage":{"@id":"https:\/\/medicinasinc.com\/fr\/product\/acheter-3-mmc-poudre\/#primaryimage"},"image":{"@id":"https:\/\/medicinasinc.com\/fr\/product\/acheter-3-mmc-poudre\/#primaryimage"},"thumbnailUrl":"https:\/\/medicinasinc.com\/fr\/wp-content\/uploads\/sites\/5\/2022\/02\/3-MMC-powder.jpg","datePublished":"2022-02-22T03:27:38+00:00","dateModified":"2022-08-08T17:08:41+00:00","description":"O\u00f9 acheter de la poudre 3\u00a0mmc \u00e0 vendre au Royaume-Uni, en Europe\u00a0? Chez medicinasinc.com, nous avons de la poudre 3-MMC de haute qualit\u00e9 disponible \u00e0 la vente sous forme de cristaux, de pastilles et de poudre.","breadcrumb":{"@id":"https:\/\/medicinasinc.com\/fr\/product\/acheter-3-mmc-poudre\/#breadcrumb"},"inLanguage":"en-US","potentialAction":[{"@type":"ReadAction","target":["https:\/\/medicinasinc.com\/fr\/product\/acheter-3-mmc-poudre\/"]}]},{"@type":"ImageObject","inLanguage":"en-US","@id":"https:\/\/medicinasinc.com\/fr\/product\/acheter-3-mmc-poudre\/#primaryimage","url":"https:\/\/medicinasinc.com\/fr\/wp-content\/uploads\/sites\/5\/2022\/02\/3-MMC-powder.jpg","contentUrl":"https:\/\/medicinasinc.com\/fr\/wp-content\/uploads\/sites\/5\/2022\/02\/3-MMC-powder.jpg","width":350,"height":350},{"@type":"BreadcrumbList","@id":"https:\/\/medicinasinc.com\/fr\/product\/acheter-3-mmc-poudre\/#breadcrumb","itemListElement":[{"@type":"ListItem","position":1,"name":"Boutique","item":"https:\/\/medicinasinc.com\/fr\/boutique\/"},{"@type":"ListItem","position":2,"name":"Acheter de la poudre de 3 mmc"}]},{"@type":"WebSite","@id":"https:\/\/medicinasinc.com\/fr\/#website","url":"https:\/\/medicinasinc.com\/fr\/","name":"Medicinas Inc","description":"Health Medical Clinic","potentialAction":[{"@type":"SearchAction","target":{"@type":"EntryPoint","urlTemplate":"https:\/\/medicinasinc.com\/fr\/?s={search_term_string}"},"query-input":{"@type":"PropertyValueSpecification","valueRequired":true,"valueName":"search_term_string"}}],"inLanguage":"en-US"}]}},"_links":{"self":[{"href":"https:\/\/medicinasinc.com\/fr\/wp-json\/wp\/v2\/product\/5653","targetHints":{"allow":["GET"]}}],"collection":[{"href":"https:\/\/medicinasinc.com\/fr\/wp-json\/wp\/v2\/product"}],"about":[{"href":"https:\/\/medicinasinc.com\/fr\/wp-json\/wp\/v2\/types\/product"}],"replies":[{"embeddable":true,"href":"https:\/\/medicinasinc.com\/fr\/wp-json\/wp\/v2\/comments?post=5653"}],"wp:featuredmedia":[{"embeddable":true,"href":"https:\/\/medicinasinc.com\/fr\/wp-json\/wp\/v2\/media\/5664"}],"wp:attachment":[{"href":"https:\/\/medicinasinc.com\/fr\/wp-json\/wp\/v2\/media?parent=5653"}],"wp:term":[{"taxonomy":"product_brand","embeddable":true,"href":"https:\/\/medicinasinc.com\/fr\/wp-json\/wp\/v2\/product_brand?post=5653"},{"taxonomy":"product_cat","embeddable":true,"href":"https:\/\/medicinasinc.com\/fr\/wp-json\/wp\/v2\/product_cat?post=5653"},{"taxonomy":"product_tag","embeddable":true,"href":"https:\/\/medicinasinc.com\/fr\/wp-json\/wp\/v2\/product_tag?post=5653"}],"curies":[{"name":"wp","href":"https:\/\/api.w.org\/{rel}","templated":true}]}}