{"id":5652,"date":"2022-02-22T03:24:25","date_gmt":"2022-02-22T03:24:25","guid":{"rendered":"https:\/\/medicinasinc.com\/fr\/?post_type=product&#038;p=5652"},"modified":"2022-03-17T11:47:27","modified_gmt":"2022-03-17T11:47:27","slug":"acheter-quicksilver-sel-de-bain","status":"publish","type":"product","link":"https:\/\/medicinasinc.com\/fr\/product\/acheter-quicksilver-sel-de-bain\/","title":{"rendered":"Acheter du sel de bain Quicksilver"},"content":{"rendered":"<p><strong>Vous pouvez acheter du sel de bain Quicksilver sur Internet.<\/strong><\/p>\n<p>Au Royaume-Uni, en Europe et en Australie, vous pouvez acheter du sel de bain Quicksilver pour beaucoup d&#8217;argent. Les personnes qui ach\u00e8tent chez nous peuvent \u00eatre s\u00fbres qu&#8217;elles en auront pour leur argent. C&#8217;est maintenant le meilleur moment pour acheter le Sel de bain Quicksilver au meilleur prix.<\/p>\n<div class=\"product-next-previous\">\n<div class=\"product-prev\"><\/div><\/div>\n","protected":false},"excerpt":{"rendered":"<div class=\"woocommerce-product-details__short-description\">\n<p>Sel de bain concentr\u00e9 des meilleures marques. m\u00e9thylaminopropane\u00a0: la m\u00e9thiopropamine est le 1-thioph\u00e9n-2-yl 2-m\u00e9thylaminopropane.<\/p>\n<p>Au meilleur prix, vous pouvez acheter le sel de bain QuickSilver en ligne. Nous promettons une exp\u00e9dition s\u00fbre et s\u00e9curis\u00e9e partout dans le monde.<\/p>\n<p>Achetez 1000 mg de sel de bain QuickSilver en ligne. Sel de bain concentr\u00e9 des meilleures marques. Le 1-(thioph\u00e9n-2-yl)-2-m\u00e9thylaminopropane est appel\u00e9 m\u00e9thiopropamine.<\/p>\n<\/p><\/div>\n","protected":false},"featured_media":5662,"comment_status":"open","ping_status":"closed","template":"","meta":[],"product_brand":[],"product_cat":[59],"product_tag":[3443,3459,3465,3097,3451,3444,3453,3446,3488,3449,3450,3447,3448,3456,3457,3452,3461,3464,3466,3467,3460,3463,3454,3458,3445,3462,3455,3432,3433,3437,3438,3439,3440,3441,3468,3479,3471,3484,3487,3486,3485,3483,3478,3494,3442,3481,3482,3497,3499,3498,3469,3496,3492,3493,3473,3436,3472,3083,3477,3165,3434,3480,3470,3490,3491,3435,3475,3476,3095,3495,3474,3489],"class_list":{"0":"post-5652","1":"product","2":"type-product","3":"status-publish","4":"has-post-thumbnail","6":"product_cat-produits-chimiques-de-recherche","7":"product_tag-acheter-amped-nouveaut-poudre-500mg","8":"product_tag-acheter-quick-silver","9":"product_tag-acheter-recherche-produits-chimiques-commander","10":"product_tag-acheter-sels-de-bain","11":"product_tag-acheter-des-sels-de-bain-avec-paypal-en-ligne","12":"product_tag-acheter-sels-de-bain-morue","13":"product_tag-acheter-huit-ballz-sels-de-bain-en-ligne","14":"product_tag-acheter-sels-de-bain-en-ligne","15":"product_tag-achat-sels-de-bain-en-ligne","16":"product_tag-acheter-des-sels-de-bain-en-ligne-avec-une-carte-de-credit","17":"product_tag-acheter-des-sels-de-bain-en-ligne-avec-des-cartes-de-credit","18":"product_tag-acheter-sels-de-bain-en-ligne-legal","19":"product_tag-acheter-des-sels-de-bain-en-ligne-ou-puis-je-acheter-des-sels-de-bain-en-ligne","20":"product_tag-acheter-k2-sels-de-bain-en-ligne","21":"product_tag-acheter-mephedrone-sels-de-bain-en-ligne-avec-carte-de-credit","22":"product_tag-acheter-sels-de-bain-pas-cher-commander-sels-de-bain-medicament-en-ligne","23":"product_tag-acheter-quick-silver-sels-de-bain-australie","24":"product_tag-acheter-quick-silver-bath-sels-usa","25":"product_tag-acheter-sextacy-sels-de-bain-en-ligne","26":"product_tag-acheter-sels-de-bain-synthetiques-en-ligne","27":"product_tag-acheter-quick-silver-sel-de-bain-en-ligne","28":"product_tag-acheter-quick-silver-sels-de-bain-en-ligne","29":"product_tag-acheter-ivory-wave-bain-sel-1000mg","30":"product_tag-acheter-pump-it-bain-sel-1000mg","31":"product_tag-acheter-sels-de-bain-medicaments-en-ligne","32":"product_tag-acheter-sels-de-bain-quick-silver-canada","33":"product_tag-acheter-ivory-wave-pour-la-vente-en-ligne","34":"product_tag-bath-salts","35":"product_tag-bath-salts-drug","36":"product_tag-bath-salts-for-sale-online-with-credit-card","37":"product_tag-bath-salts-online-store","38":"product_tag-bath-salts-sales-online","39":"product_tag-bathsalts","40":"product_tag-best-bath-salts","41":"product_tag-can-you-buy-bath-salts-in-stores","42":"product_tag-cherche--acheter-du-sel-de-bain-en-ligne","43":"product_tag-cloud-9-bath-salt","44":"product_tag-commander-des-sels-de-bain-en-ligne","45":"product_tag-commander-des-sels-de-bain-en-ligne-avec-une-carte-de-credit","46":"product_tag-commander-des-sels-de-bain-en-ligne-cod","47":"product_tag-commander-des-sels-de-bain-en-ligne-sels-de-bain-en-gros","48":"product_tag-commander-des-sels-de-bain-des-medicaments-en-ligne","49":"product_tag-legit-bath-salts-suppliers-online","50":"product_tag-magasin-en-ligne-le-plus-sr-pour-acheter-des-sels-de-bain","51":"product_tag-sels-de-bain-en-ligne-de-la-meilleure-qualite","52":"product_tag-mephedrone-bath-salts-where-to-buy","53":"product_tag-mephedrone","54":"product_tag-o-puis-je-acheter-des-sels-de-bain-en-ligne","55":"product_tag-o-puis-je-commander-mdpv-sels-de-bain-en-ligne","56":"product_tag-o-puis-je-obtenir-des-sels-de-bain","57":"product_tag-pouvez-vous-toujours-acheter-des-sels-de-bain","58":"product_tag-que-font-les-sels-de-bain","59":"product_tag-quick-silver-bath-salts-online","60":"product_tag-quick-silver-bath-salts-vendor-research-chemicals","61":"product_tag-revendeurs-de-sels-de-bain-discrets-en-ligne","62":"product_tag-sels-de-bain-en-vente-en-ligne","63":"product_tag-sels-de-bain-concentrs","64":"product_tag-sels-de-bain-vague-d-ivoire","65":"product_tag-sels-de-bain-legaux-en-vente-en-ligne","66":"product_tag-mdpv-sels-de-bains-a-vendre","67":"product_tag-sels-de-bain-medicaments-en-vente-en-ligne","68":"product_tag-mphdrone-sels-de-bain-en-vente","69":"product_tag-sels-de-bain-pas-chers","70":"product_tag-sels-de-bain-argent-vif","71":"product_tag-sels-de-bain-quick-silver-a-vendre","72":"product_tag-sels-de-bain-medicaments-vente-en-ligne","73":"product_tag-trouver-des-fournisseurs-lgitimes-de-sels-de-bain-en-ligne","74":"product_tag-vague-divoire","75":"product_tag-sels-de-bain-a-vendre","76":"product_tag-sels-de-bain-vanilla-sky-en-vente","77":"product_tag-huit-ballz-sel-de-bain-en-vente-en-ligne","78":"product_tag-sels-de-bain-de-qualite-medicament-en-vente-en-ligne","80":"first","81":"instock","82":"shipping-taxable","83":"purchasable","84":"product-type-variable","85":"has-default-attributes"},"yoast_head":"<!-- This site is optimized with the Yoast SEO plugin v27.3 - https:\/\/yoast.com\/product\/yoast-seo-wordpress\/ -->\n<title>Acheter du sel de bain Quick Silver - Sel de bain Quick Silver - Best Global Meds<\/title>\n<meta name=\"description\" content=\"Achetez du sel de bain Quicksilver \u00e0 vendre au Royaume-Uni, en Europe et en AU. nous offrons la transaction la plus fiable et vendons \u00e0 des prix tr\u00e8s abordables. Commandez maintenant le sel de bain Quicksilver au meilleur prix\" \/>\n<meta name=\"robots\" content=\"index, follow, max-snippet:-1, max-image-preview:large, max-video-preview:-1\" \/>\n<link rel=\"canonical\" href=\"https:\/\/medicinasinc.com\/fr\/product\/acheter-quicksilver-sel-de-bain\/\" \/>\n<meta property=\"og:locale\" content=\"en_US\" \/>\n<meta property=\"og:type\" content=\"article\" \/>\n<meta property=\"og:title\" content=\"Acheter du sel de bain Quick Silver - Sel de bain Quick Silver - Best Global Meds\" \/>\n<meta property=\"og:description\" content=\"Achetez du sel de bain Quicksilver \u00e0 vendre au Royaume-Uni, en Europe et en AU. nous offrons la transaction la plus fiable et vendons \u00e0 des prix tr\u00e8s abordables. Commandez maintenant le sel de bain Quicksilver au meilleur prix\" \/>\n<meta property=\"og:url\" content=\"https:\/\/medicinasinc.com\/fr\/product\/acheter-quicksilver-sel-de-bain\/\" \/>\n<meta property=\"og:site_name\" content=\"Medicinas Inc\" \/>\n<meta property=\"article:modified_time\" content=\"2022-03-17T11:47:27+00:00\" \/>\n<meta property=\"og:image\" content=\"https:\/\/medicinasinc.com\/fr\/wp-content\/uploads\/sites\/5\/2022\/02\/Buy-Quicksilver-Bath-Salt.jpg\" \/>\n\t<meta property=\"og:image:width\" content=\"600\" \/>\n\t<meta property=\"og:image:height\" content=\"599\" \/>\n\t<meta property=\"og:image:type\" content=\"image\/jpeg\" \/>\n<meta name=\"twitter:card\" content=\"summary_large_image\" \/>\n<meta name=\"twitter:label1\" content=\"Est. reading time\" \/>\n\t<meta name=\"twitter:data1\" content=\"1 minute\" \/>\n<script type=\"application\/ld+json\" class=\"yoast-schema-graph\">{\"@context\":\"https:\\\/\\\/schema.org\",\"@graph\":[{\"@type\":\"WebPage\",\"@id\":\"https:\\\/\\\/medicinasinc.com\\\/fr\\\/product\\\/acheter-quicksilver-sel-de-bain\\\/\",\"url\":\"https:\\\/\\\/medicinasinc.com\\\/fr\\\/product\\\/acheter-quicksilver-sel-de-bain\\\/\",\"name\":\"Acheter du sel de bain Quick Silver - Sel de bain Quick Silver - Best Global Meds\",\"isPartOf\":{\"@id\":\"https:\\\/\\\/medicinasinc.com\\\/fr\\\/#website\"},\"primaryImageOfPage\":{\"@id\":\"https:\\\/\\\/medicinasinc.com\\\/fr\\\/product\\\/acheter-quicksilver-sel-de-bain\\\/#primaryimage\"},\"image\":{\"@id\":\"https:\\\/\\\/medicinasinc.com\\\/fr\\\/product\\\/acheter-quicksilver-sel-de-bain\\\/#primaryimage\"},\"thumbnailUrl\":\"https:\\\/\\\/medicinasinc.com\\\/fr\\\/wp-content\\\/uploads\\\/sites\\\/5\\\/2022\\\/02\\\/Buy-Quicksilver-Bath-Salt.jpg\",\"datePublished\":\"2022-02-22T03:24:25+00:00\",\"dateModified\":\"2022-03-17T11:47:27+00:00\",\"description\":\"Achetez du sel de bain Quicksilver \u00e0 vendre au Royaume-Uni, en Europe et en AU. nous offrons la transaction la plus fiable et vendons \u00e0 des prix tr\u00e8s abordables. Commandez maintenant le sel de bain Quicksilver au meilleur prix\",\"breadcrumb\":{\"@id\":\"https:\\\/\\\/medicinasinc.com\\\/fr\\\/product\\\/acheter-quicksilver-sel-de-bain\\\/#breadcrumb\"},\"inLanguage\":\"en-US\",\"potentialAction\":[{\"@type\":\"ReadAction\",\"target\":[\"https:\\\/\\\/medicinasinc.com\\\/fr\\\/product\\\/acheter-quicksilver-sel-de-bain\\\/\"]}]},{\"@type\":\"ImageObject\",\"inLanguage\":\"en-US\",\"@id\":\"https:\\\/\\\/medicinasinc.com\\\/fr\\\/product\\\/acheter-quicksilver-sel-de-bain\\\/#primaryimage\",\"url\":\"https:\\\/\\\/medicinasinc.com\\\/fr\\\/wp-content\\\/uploads\\\/sites\\\/5\\\/2022\\\/02\\\/Buy-Quicksilver-Bath-Salt.jpg\",\"contentUrl\":\"https:\\\/\\\/medicinasinc.com\\\/fr\\\/wp-content\\\/uploads\\\/sites\\\/5\\\/2022\\\/02\\\/Buy-Quicksilver-Bath-Salt.jpg\",\"width\":600,\"height\":599},{\"@type\":\"BreadcrumbList\",\"@id\":\"https:\\\/\\\/medicinasinc.com\\\/fr\\\/product\\\/acheter-quicksilver-sel-de-bain\\\/#breadcrumb\",\"itemListElement\":[{\"@type\":\"ListItem\",\"position\":1,\"name\":\"Boutique\",\"item\":\"https:\\\/\\\/medicinasinc.com\\\/fr\\\/boutique\\\/\"},{\"@type\":\"ListItem\",\"position\":2,\"name\":\"Acheter du sel de bain Quicksilver\"}]},{\"@type\":\"WebSite\",\"@id\":\"https:\\\/\\\/medicinasinc.com\\\/fr\\\/#website\",\"url\":\"https:\\\/\\\/medicinasinc.com\\\/fr\\\/\",\"name\":\"Medicinas Inc\",\"description\":\"Health Medical Clinic\",\"potentialAction\":[{\"@type\":\"SearchAction\",\"target\":{\"@type\":\"EntryPoint\",\"urlTemplate\":\"https:\\\/\\\/medicinasinc.com\\\/fr\\\/?s={search_term_string}\"},\"query-input\":{\"@type\":\"PropertyValueSpecification\",\"valueRequired\":true,\"valueName\":\"search_term_string\"}}],\"inLanguage\":\"en-US\"}]}<\/script>\n<!-- \/ Yoast SEO plugin. -->","yoast_head_json":{"title":"Acheter du sel de bain Quick Silver - Sel de bain Quick Silver - Best Global Meds","description":"Achetez du sel de bain Quicksilver \u00e0 vendre au Royaume-Uni, en Europe et en AU. nous offrons la transaction la plus fiable et vendons \u00e0 des prix tr\u00e8s abordables. Commandez maintenant le sel de bain Quicksilver au meilleur prix","robots":{"index":"index","follow":"follow","max-snippet":"max-snippet:-1","max-image-preview":"max-image-preview:large","max-video-preview":"max-video-preview:-1"},"canonical":"https:\/\/medicinasinc.com\/fr\/product\/acheter-quicksilver-sel-de-bain\/","og_locale":"en_US","og_type":"article","og_title":"Acheter du sel de bain Quick Silver - Sel de bain Quick Silver - Best Global Meds","og_description":"Achetez du sel de bain Quicksilver \u00e0 vendre au Royaume-Uni, en Europe et en AU. nous offrons la transaction la plus fiable et vendons \u00e0 des prix tr\u00e8s abordables. Commandez maintenant le sel de bain Quicksilver au meilleur prix","og_url":"https:\/\/medicinasinc.com\/fr\/product\/acheter-quicksilver-sel-de-bain\/","og_site_name":"Medicinas Inc","article_modified_time":"2022-03-17T11:47:27+00:00","og_image":[{"width":600,"height":599,"url":"https:\/\/medicinasinc.com\/fr\/wp-content\/uploads\/sites\/5\/2022\/02\/Buy-Quicksilver-Bath-Salt.jpg","type":"image\/jpeg"}],"twitter_card":"summary_large_image","twitter_misc":{"Est. reading time":"1 minute"},"schema":{"@context":"https:\/\/schema.org","@graph":[{"@type":"WebPage","@id":"https:\/\/medicinasinc.com\/fr\/product\/acheter-quicksilver-sel-de-bain\/","url":"https:\/\/medicinasinc.com\/fr\/product\/acheter-quicksilver-sel-de-bain\/","name":"Acheter du sel de bain Quick Silver - Sel de bain Quick Silver - Best Global Meds","isPartOf":{"@id":"https:\/\/medicinasinc.com\/fr\/#website"},"primaryImageOfPage":{"@id":"https:\/\/medicinasinc.com\/fr\/product\/acheter-quicksilver-sel-de-bain\/#primaryimage"},"image":{"@id":"https:\/\/medicinasinc.com\/fr\/product\/acheter-quicksilver-sel-de-bain\/#primaryimage"},"thumbnailUrl":"https:\/\/medicinasinc.com\/fr\/wp-content\/uploads\/sites\/5\/2022\/02\/Buy-Quicksilver-Bath-Salt.jpg","datePublished":"2022-02-22T03:24:25+00:00","dateModified":"2022-03-17T11:47:27+00:00","description":"Achetez du sel de bain Quicksilver \u00e0 vendre au Royaume-Uni, en Europe et en AU. nous offrons la transaction la plus fiable et vendons \u00e0 des prix tr\u00e8s abordables. Commandez maintenant le sel de bain Quicksilver au meilleur prix","breadcrumb":{"@id":"https:\/\/medicinasinc.com\/fr\/product\/acheter-quicksilver-sel-de-bain\/#breadcrumb"},"inLanguage":"en-US","potentialAction":[{"@type":"ReadAction","target":["https:\/\/medicinasinc.com\/fr\/product\/acheter-quicksilver-sel-de-bain\/"]}]},{"@type":"ImageObject","inLanguage":"en-US","@id":"https:\/\/medicinasinc.com\/fr\/product\/acheter-quicksilver-sel-de-bain\/#primaryimage","url":"https:\/\/medicinasinc.com\/fr\/wp-content\/uploads\/sites\/5\/2022\/02\/Buy-Quicksilver-Bath-Salt.jpg","contentUrl":"https:\/\/medicinasinc.com\/fr\/wp-content\/uploads\/sites\/5\/2022\/02\/Buy-Quicksilver-Bath-Salt.jpg","width":600,"height":599},{"@type":"BreadcrumbList","@id":"https:\/\/medicinasinc.com\/fr\/product\/acheter-quicksilver-sel-de-bain\/#breadcrumb","itemListElement":[{"@type":"ListItem","position":1,"name":"Boutique","item":"https:\/\/medicinasinc.com\/fr\/boutique\/"},{"@type":"ListItem","position":2,"name":"Acheter du sel de bain Quicksilver"}]},{"@type":"WebSite","@id":"https:\/\/medicinasinc.com\/fr\/#website","url":"https:\/\/medicinasinc.com\/fr\/","name":"Medicinas Inc","description":"Health Medical Clinic","potentialAction":[{"@type":"SearchAction","target":{"@type":"EntryPoint","urlTemplate":"https:\/\/medicinasinc.com\/fr\/?s={search_term_string}"},"query-input":{"@type":"PropertyValueSpecification","valueRequired":true,"valueName":"search_term_string"}}],"inLanguage":"en-US"}]}},"_links":{"self":[{"href":"https:\/\/medicinasinc.com\/fr\/wp-json\/wp\/v2\/product\/5652","targetHints":{"allow":["GET"]}}],"collection":[{"href":"https:\/\/medicinasinc.com\/fr\/wp-json\/wp\/v2\/product"}],"about":[{"href":"https:\/\/medicinasinc.com\/fr\/wp-json\/wp\/v2\/types\/product"}],"replies":[{"embeddable":true,"href":"https:\/\/medicinasinc.com\/fr\/wp-json\/wp\/v2\/comments?post=5652"}],"wp:featuredmedia":[{"embeddable":true,"href":"https:\/\/medicinasinc.com\/fr\/wp-json\/wp\/v2\/media\/5662"}],"wp:attachment":[{"href":"https:\/\/medicinasinc.com\/fr\/wp-json\/wp\/v2\/media?parent=5652"}],"wp:term":[{"taxonomy":"product_brand","embeddable":true,"href":"https:\/\/medicinasinc.com\/fr\/wp-json\/wp\/v2\/product_brand?post=5652"},{"taxonomy":"product_cat","embeddable":true,"href":"https:\/\/medicinasinc.com\/fr\/wp-json\/wp\/v2\/product_cat?post=5652"},{"taxonomy":"product_tag","embeddable":true,"href":"https:\/\/medicinasinc.com\/fr\/wp-json\/wp\/v2\/product_tag?post=5652"}],"curies":[{"name":"wp","href":"https:\/\/api.w.org\/{rel}","templated":true}]}}