{"id":5651,"date":"2022-02-22T03:22:57","date_gmt":"2022-02-22T03:22:57","guid":{"rendered":"https:\/\/medicinasinc.com\/fr\/?post_type=product&#038;p=5651"},"modified":"2022-08-05T10:25:07","modified_gmt":"2022-08-05T10:25:07","slug":"acheter-oxycodone-poudre","status":"publish","type":"product","link":"https:\/\/medicinasinc.com\/fr\/product\/acheter-oxycodone-poudre\/","title":{"rendered":"Acheter de la poudre d&#8217;oxycodone"},"content":{"rendered":"<p>Vous pouvez acheter de la poudre d&#8217;oxycodone de haute qualit\u00e9 sur un site Web comme celui-ci\u00a0:<br \/>\nLa poudre d&#8217;oxycodone \u00e0 vendre peut vous aider \u00e0 mettre fin \u00e0 votre douleur et \u00e0 aller mieux.<\/p>\n<p>L&#8217;oxycodone fait partie d&#8217;un groupe de m\u00e9dicaments appel\u00e9s analg\u00e9siques narcotiques. Il est utilis\u00e9 pour traiter la douleur chronique qui est tr\u00e8s grave lorsque les autres traitements ne fonctionnent pas assez bien. Les formulaires de prescription de ce m\u00e9dicament sont destin\u00e9s \u00e0 aider les personnes souffrant d&#8217;arthrite, de cancer ou d&#8217;autres probl\u00e8mes physiques tout au long de la journ\u00e9e. Son fonctionnement est similaire \u00e0 celui des autres opiac\u00e9s. Il se lie aux r\u00e9cepteurs du cerveau et modifie la fa\u00e7on dont le cerveau r\u00e9agit \u00e0 la douleur.<\/p>\n<p>La poudre d&#8217;oxycodone \u00e0 vendre est un ingr\u00e9dient puissant dans une vari\u00e9t\u00e9 d&#8217;analg\u00e9siques qui se pr\u00e9sentent sous diff\u00e9rentes formes et tailles. Il est g\u00e9n\u00e9ralement administr\u00e9 avec de l&#8217;ibuprof\u00e8ne et de l&#8217;aspirine, mais il peut \u00e9galement \u00eatre administr\u00e9 seul.<\/p>\n<p>La poudre d&#8217;oxycodone peut \u00eatre achet\u00e9e en ligne dans le magasin le plus connu des \u00c9tats-Unis.<\/p>\n<p>Bestgoalmeds. com\u00a0Shop est une entreprise ax\u00e9e sur la valeur qui vend les meilleurs m\u00e9dicaments depuis plus de 15\u00a0ans. Dans notre magasin, vous pouvez acheter de la poudre d&#8217;oxycodone dont la qualit\u00e9 a \u00e9t\u00e9 v\u00e9rifi\u00e9e dans un laboratoire agr\u00e9\u00e9. Des \u00c9tats-Unis \u00e0 l&#8217;Asie, nous servons des clients du monde entier. Il est facile d&#8217;acheter nos produits car ils sont l\u00e9gaux et vous n&#8217;avez \u00e0 vous soucier de rien. Quand il s&#8217;agit de nous, nous gardons tout priv\u00e9 parce que nous appr\u00e9cions votre vie priv\u00e9e. N&#8217;h\u00e9sitez pas \u00e0 nous contacter si vous avez des questions ou des pr\u00e9occupations\u00a0!<\/p>\n","protected":false},"excerpt":{"rendered":"<div class=\"woocommerce-product-details__short-description\">\n<p>Achetez de la poudre d&#8217;oxycodone au Royaume-Uni et en Europe sur medicinasinc.com, o\u00f9 vous pouvez l&#8217;obtenir rapidement du monde entier. C&#8217;est ici que vous pouvez acheter la meilleure poudre d&#8217;oxycodone que vous pouvez trouver.<\/p>\n<p>Vous pouvez acheter de la poudre d&#8217;oxycodone de haute qualit\u00e9 en ligne pour les douleurs mod\u00e9r\u00e9es \u00e0 s\u00e9v\u00e8res lorsque vous devez \u00eatre sans douleur toute la journ\u00e9e et toute la nuit pendant une longue p\u00e9riode. temps.<\/p>\n<p>Vous pouvez acheter de la poudre d&#8217;oxycodone sur Internet au meilleur prix. USpharma Shop est une pharmacie en ligne bien connue qui vend des m\u00e9dicaments l\u00e9gaux. Commandez en ligne et \u00e9conomisez du temps et de l&#8217;argent.<\/p>\n<p>L&#8217;oxycodone (en vrac) est 100\u00a0% en poudre. Oxycodone est le nom g\u00e9n\u00e9rique (en vrac). Voir le coupon gratuit. Dans cette section, vous apprendrez comment l&#8217;utiliser, ce qu&#8217;il fait, ce qu&#8217;il peut faire et comment l&#8217;\u00e9viter.<\/p>\n<p>L&#8217;un des nombreux alcalo\u00efdes du pavot persan s&#8217;appelle la th\u00e9ba\u00efne, et la poudre d&#8217;oxycodone est fabriqu\u00e9 \u00e0 partir de cet alcalo\u00efde. La poudre d&#8217;oxycodone est une poudre cristalline blanche, inodore, fabriqu\u00e9e \u00e0 partir de cet alcalo\u00efde. Le chlorhydrate d&#8217;oxycodone se dissout dans l&#8217;eau (1 g dans 6 \u00e0 7 ml) et est un peu soluble dans l&#8217;alcool, mais pas beaucoup (coefficient de partage octanol-eau de 0,7).<\/p>\n<p>Le chlorhydrate d&#8217;oxycodone est compos\u00e9 de 4 , chlorhydrate de 5a-\u00e9poxy-14-hydroxy-3-m\u00e9thoxy-17-m\u00e9thylmorphinan-6-one, qui est le nom chimique.<\/p>\n<p>Un analg\u00e9sique opio\u00efde semi-synth\u00e9tique appel\u00e9 poudre d&#8217;oxycodone est utilis\u00e9 pour traiter les douleur s\u00e9v\u00e8re. La poudre d&#8217;oxycodone est g\u00e9n\u00e9ralement utilis\u00e9e pour traiter la douleur mod\u00e9r\u00e9e \u00e0 s\u00e9v\u00e8re. Lorsque l&#8217;oxycodone a \u00e9t\u00e9 fabriqu\u00e9e en Allemagne en 1917, elle faisait partie d&#8217;un groupe d&#8217;opio\u00efdes semi-synth\u00e9tiques con\u00e7us pour am\u00e9liorer les opio\u00efdes existants.<\/p>\n<\/div>\n","protected":false},"featured_media":5660,"comment_status":"open","ping_status":"closed","template":"","meta":[],"product_brand":[],"product_cat":[59],"product_tag":[3416,3417,3424,3415,3431,3419,3420,3425,3426,3427,3428,3421,3422,3423,3429,3430],"class_list":{"0":"post-5651","1":"product","2":"type-product","3":"status-publish","4":"has-post-thumbnail","6":"product_cat-produits-chimiques-de-recherche","7":"product_tag-acheter-oxycodone-poudre","8":"product_tag-commander-oxycodone-poudre","9":"product_tag-oxycodone-poudre-mail","10":"product_tag-meilleur-endroit-pour-acheter-de-la-poudre-doxycodone","11":"product_tag-o-acheter-oxycodone-poudre","12":"product_tag-oxycodone-powder-effect","13":"product_tag-oxycodone-powder-europe","14":"product_tag-oxycodone-powder-mail-order","15":"product_tag-oxycodone-powder-online","16":"product_tag-oxycodone-powder-order","17":"product_tag-oxycodone-poudre-commande-fr","18":"product_tag-oxycodone-poudre-a-vendre","19":"product_tag-oxycodone-poudre-a-vendre-royaume-uni","20":"product_tag-oxycodone-poudre-allemagne","21":"product_tag-oxycodone-poudre-reddit","22":"product_tag-oxycodone-poudre-vente","24":"first","25":"instock","26":"shipping-taxable","27":"purchasable","28":"product-type-variable","29":"has-default-attributes"},"yoast_head":"<!-- This site is optimized with the Yoast SEO plugin v27.3 - https:\/\/yoast.com\/product\/yoast-seo-wordpress\/ -->\n<title>Acheter de la poudre d&#039;oxycodone - poudre d&#039;oxycodone - Best Global Meds<\/title>\n<meta name=\"description\" content=\"Achetez de la poudre d&#039;oxycodone au Royaume-Uni, en Europe dans notre boutique en ligne medicinasinc.com avec une livraison rapide dans le monde entier\u00a0! La meilleure poudre d&#039;oxycodone pour la commande que vous trouverez ici !\" \/>\n<meta name=\"robots\" content=\"index, follow, max-snippet:-1, max-image-preview:large, max-video-preview:-1\" \/>\n<link rel=\"canonical\" href=\"https:\/\/medicinasinc.com\/fr\/product\/acheter-oxycodone-poudre\/\" \/>\n<meta property=\"og:locale\" content=\"en_US\" \/>\n<meta property=\"og:type\" content=\"article\" \/>\n<meta property=\"og:title\" content=\"Acheter de la poudre d&#039;oxycodone - poudre d&#039;oxycodone - Best Global Meds\" \/>\n<meta property=\"og:description\" content=\"Achetez de la poudre d&#039;oxycodone au Royaume-Uni, en Europe dans notre boutique en ligne medicinasinc.com avec une livraison rapide dans le monde entier\u00a0! La meilleure poudre d&#039;oxycodone pour la commande que vous trouverez ici !\" \/>\n<meta property=\"og:url\" content=\"https:\/\/medicinasinc.com\/fr\/product\/acheter-oxycodone-poudre\/\" \/>\n<meta property=\"og:site_name\" content=\"Medicinas Inc\" \/>\n<meta property=\"article:modified_time\" content=\"2022-08-05T10:25:07+00:00\" \/>\n<meta property=\"og:image\" content=\"https:\/\/medicinasinc.com\/fr\/wp-content\/uploads\/sites\/5\/2022\/02\/Buy-oxycodone-powder.jpeg\" \/>\n\t<meta property=\"og:image:width\" content=\"510\" \/>\n\t<meta property=\"og:image:height\" content=\"389\" \/>\n\t<meta property=\"og:image:type\" content=\"image\/jpeg\" \/>\n<meta name=\"twitter:card\" content=\"summary_large_image\" \/>\n<meta name=\"twitter:label1\" content=\"Est. reading time\" \/>\n\t<meta name=\"twitter:data1\" content=\"2 minutes\" \/>\n<script type=\"application\/ld+json\" class=\"yoast-schema-graph\">{\"@context\":\"https:\\\/\\\/schema.org\",\"@graph\":[{\"@type\":\"WebPage\",\"@id\":\"https:\\\/\\\/medicinasinc.com\\\/fr\\\/product\\\/acheter-oxycodone-poudre\\\/\",\"url\":\"https:\\\/\\\/medicinasinc.com\\\/fr\\\/product\\\/acheter-oxycodone-poudre\\\/\",\"name\":\"Acheter de la poudre d'oxycodone - poudre d'oxycodone - Best Global Meds\",\"isPartOf\":{\"@id\":\"https:\\\/\\\/medicinasinc.com\\\/fr\\\/#website\"},\"primaryImageOfPage\":{\"@id\":\"https:\\\/\\\/medicinasinc.com\\\/fr\\\/product\\\/acheter-oxycodone-poudre\\\/#primaryimage\"},\"image\":{\"@id\":\"https:\\\/\\\/medicinasinc.com\\\/fr\\\/product\\\/acheter-oxycodone-poudre\\\/#primaryimage\"},\"thumbnailUrl\":\"https:\\\/\\\/medicinasinc.com\\\/fr\\\/wp-content\\\/uploads\\\/sites\\\/5\\\/2022\\\/02\\\/Buy-oxycodone-powder.jpeg\",\"datePublished\":\"2022-02-22T03:22:57+00:00\",\"dateModified\":\"2022-08-05T10:25:07+00:00\",\"description\":\"Achetez de la poudre d'oxycodone au Royaume-Uni, en Europe dans notre boutique en ligne medicinasinc.com avec une livraison rapide dans le monde entier\u00a0! La meilleure poudre d'oxycodone pour la commande que vous trouverez ici !\",\"breadcrumb\":{\"@id\":\"https:\\\/\\\/medicinasinc.com\\\/fr\\\/product\\\/acheter-oxycodone-poudre\\\/#breadcrumb\"},\"inLanguage\":\"en-US\",\"potentialAction\":[{\"@type\":\"ReadAction\",\"target\":[\"https:\\\/\\\/medicinasinc.com\\\/fr\\\/product\\\/acheter-oxycodone-poudre\\\/\"]}]},{\"@type\":\"ImageObject\",\"inLanguage\":\"en-US\",\"@id\":\"https:\\\/\\\/medicinasinc.com\\\/fr\\\/product\\\/acheter-oxycodone-poudre\\\/#primaryimage\",\"url\":\"https:\\\/\\\/medicinasinc.com\\\/fr\\\/wp-content\\\/uploads\\\/sites\\\/5\\\/2022\\\/02\\\/Buy-oxycodone-powder.jpeg\",\"contentUrl\":\"https:\\\/\\\/medicinasinc.com\\\/fr\\\/wp-content\\\/uploads\\\/sites\\\/5\\\/2022\\\/02\\\/Buy-oxycodone-powder.jpeg\",\"width\":510,\"height\":389},{\"@type\":\"BreadcrumbList\",\"@id\":\"https:\\\/\\\/medicinasinc.com\\\/fr\\\/product\\\/acheter-oxycodone-poudre\\\/#breadcrumb\",\"itemListElement\":[{\"@type\":\"ListItem\",\"position\":1,\"name\":\"Boutique\",\"item\":\"https:\\\/\\\/medicinasinc.com\\\/fr\\\/boutique\\\/\"},{\"@type\":\"ListItem\",\"position\":2,\"name\":\"Acheter de la poudre d&#8217;oxycodone\"}]},{\"@type\":\"WebSite\",\"@id\":\"https:\\\/\\\/medicinasinc.com\\\/fr\\\/#website\",\"url\":\"https:\\\/\\\/medicinasinc.com\\\/fr\\\/\",\"name\":\"Medicinas Inc\",\"description\":\"Health Medical Clinic\",\"potentialAction\":[{\"@type\":\"SearchAction\",\"target\":{\"@type\":\"EntryPoint\",\"urlTemplate\":\"https:\\\/\\\/medicinasinc.com\\\/fr\\\/?s={search_term_string}\"},\"query-input\":{\"@type\":\"PropertyValueSpecification\",\"valueRequired\":true,\"valueName\":\"search_term_string\"}}],\"inLanguage\":\"en-US\"}]}<\/script>\n<!-- \/ Yoast SEO plugin. -->","yoast_head_json":{"title":"Acheter de la poudre d'oxycodone - poudre d'oxycodone - Best Global Meds","description":"Achetez de la poudre d'oxycodone au Royaume-Uni, en Europe dans notre boutique en ligne medicinasinc.com avec une livraison rapide dans le monde entier\u00a0! La meilleure poudre d'oxycodone pour la commande que vous trouverez ici !","robots":{"index":"index","follow":"follow","max-snippet":"max-snippet:-1","max-image-preview":"max-image-preview:large","max-video-preview":"max-video-preview:-1"},"canonical":"https:\/\/medicinasinc.com\/fr\/product\/acheter-oxycodone-poudre\/","og_locale":"en_US","og_type":"article","og_title":"Acheter de la poudre d'oxycodone - poudre d'oxycodone - Best Global Meds","og_description":"Achetez de la poudre d'oxycodone au Royaume-Uni, en Europe dans notre boutique en ligne medicinasinc.com avec une livraison rapide dans le monde entier\u00a0! La meilleure poudre d'oxycodone pour la commande que vous trouverez ici !","og_url":"https:\/\/medicinasinc.com\/fr\/product\/acheter-oxycodone-poudre\/","og_site_name":"Medicinas Inc","article_modified_time":"2022-08-05T10:25:07+00:00","og_image":[{"width":510,"height":389,"url":"https:\/\/medicinasinc.com\/fr\/wp-content\/uploads\/sites\/5\/2022\/02\/Buy-oxycodone-powder.jpeg","type":"image\/jpeg"}],"twitter_card":"summary_large_image","twitter_misc":{"Est. reading time":"2 minutes"},"schema":{"@context":"https:\/\/schema.org","@graph":[{"@type":"WebPage","@id":"https:\/\/medicinasinc.com\/fr\/product\/acheter-oxycodone-poudre\/","url":"https:\/\/medicinasinc.com\/fr\/product\/acheter-oxycodone-poudre\/","name":"Acheter de la poudre d'oxycodone - poudre d'oxycodone - Best Global Meds","isPartOf":{"@id":"https:\/\/medicinasinc.com\/fr\/#website"},"primaryImageOfPage":{"@id":"https:\/\/medicinasinc.com\/fr\/product\/acheter-oxycodone-poudre\/#primaryimage"},"image":{"@id":"https:\/\/medicinasinc.com\/fr\/product\/acheter-oxycodone-poudre\/#primaryimage"},"thumbnailUrl":"https:\/\/medicinasinc.com\/fr\/wp-content\/uploads\/sites\/5\/2022\/02\/Buy-oxycodone-powder.jpeg","datePublished":"2022-02-22T03:22:57+00:00","dateModified":"2022-08-05T10:25:07+00:00","description":"Achetez de la poudre d'oxycodone au Royaume-Uni, en Europe dans notre boutique en ligne medicinasinc.com avec une livraison rapide dans le monde entier\u00a0! La meilleure poudre d'oxycodone pour la commande que vous trouverez ici !","breadcrumb":{"@id":"https:\/\/medicinasinc.com\/fr\/product\/acheter-oxycodone-poudre\/#breadcrumb"},"inLanguage":"en-US","potentialAction":[{"@type":"ReadAction","target":["https:\/\/medicinasinc.com\/fr\/product\/acheter-oxycodone-poudre\/"]}]},{"@type":"ImageObject","inLanguage":"en-US","@id":"https:\/\/medicinasinc.com\/fr\/product\/acheter-oxycodone-poudre\/#primaryimage","url":"https:\/\/medicinasinc.com\/fr\/wp-content\/uploads\/sites\/5\/2022\/02\/Buy-oxycodone-powder.jpeg","contentUrl":"https:\/\/medicinasinc.com\/fr\/wp-content\/uploads\/sites\/5\/2022\/02\/Buy-oxycodone-powder.jpeg","width":510,"height":389},{"@type":"BreadcrumbList","@id":"https:\/\/medicinasinc.com\/fr\/product\/acheter-oxycodone-poudre\/#breadcrumb","itemListElement":[{"@type":"ListItem","position":1,"name":"Boutique","item":"https:\/\/medicinasinc.com\/fr\/boutique\/"},{"@type":"ListItem","position":2,"name":"Acheter de la poudre d&#8217;oxycodone"}]},{"@type":"WebSite","@id":"https:\/\/medicinasinc.com\/fr\/#website","url":"https:\/\/medicinasinc.com\/fr\/","name":"Medicinas Inc","description":"Health Medical Clinic","potentialAction":[{"@type":"SearchAction","target":{"@type":"EntryPoint","urlTemplate":"https:\/\/medicinasinc.com\/fr\/?s={search_term_string}"},"query-input":{"@type":"PropertyValueSpecification","valueRequired":true,"valueName":"search_term_string"}}],"inLanguage":"en-US"}]}},"_links":{"self":[{"href":"https:\/\/medicinasinc.com\/fr\/wp-json\/wp\/v2\/product\/5651","targetHints":{"allow":["GET"]}}],"collection":[{"href":"https:\/\/medicinasinc.com\/fr\/wp-json\/wp\/v2\/product"}],"about":[{"href":"https:\/\/medicinasinc.com\/fr\/wp-json\/wp\/v2\/types\/product"}],"replies":[{"embeddable":true,"href":"https:\/\/medicinasinc.com\/fr\/wp-json\/wp\/v2\/comments?post=5651"}],"wp:featuredmedia":[{"embeddable":true,"href":"https:\/\/medicinasinc.com\/fr\/wp-json\/wp\/v2\/media\/5660"}],"wp:attachment":[{"href":"https:\/\/medicinasinc.com\/fr\/wp-json\/wp\/v2\/media?parent=5651"}],"wp:term":[{"taxonomy":"product_brand","embeddable":true,"href":"https:\/\/medicinasinc.com\/fr\/wp-json\/wp\/v2\/product_brand?post=5651"},{"taxonomy":"product_cat","embeddable":true,"href":"https:\/\/medicinasinc.com\/fr\/wp-json\/wp\/v2\/product_cat?post=5651"},{"taxonomy":"product_tag","embeddable":true,"href":"https:\/\/medicinasinc.com\/fr\/wp-json\/wp\/v2\/product_tag?post=5651"}],"curies":[{"name":"wp","href":"https:\/\/api.w.org\/{rel}","templated":true}]}}