{"id":5638,"date":"2022-02-22T03:11:29","date_gmt":"2022-02-22T03:11:29","guid":{"rendered":"https:\/\/medicinasinc.com\/fr\/?post_type=product&#038;p=5638"},"modified":"2022-08-05T10:43:05","modified_gmt":"2022-08-05T10:43:05","slug":"acheter-sextacy-sel-de-bain","status":"publish","type":"product","link":"https:\/\/medicinasinc.com\/fr\/product\/acheter-sextacy-sel-de-bain\/","title":{"rendered":"Acheter du sel de bain Sextacy"},"content":{"rendered":"<p>Achetez du sel de bain Sextacy dans une boutique en ligne comme celle-ci\u00a0:<br \/>\nAchetez des sels de bain Sextacy \u00e0 utiliser dans le bain.<\/p>\n<p>Il s&#8217;agit d&#8217;un sel de bain concentr\u00e9. Cependant, vous pouvez toujours vous d\u00e9tendre et laisser Sextacy vous changer les id\u00e9es pendant un petit moment. Prenez un bain chaud et ajoutez le contenu. Cela adoucira l&#8217;eau naturellement, ce qui vous fera vous sentir tr\u00e8s calme et apais\u00e9.<\/p>\n<p>Il est tr\u00e8s important que vous commenciez avec une tr\u00e8s petite quantit\u00e9 de sel de bain Sextacy pour voir comment votre corps r\u00e9agit. Parce que Sextacy Ultimate est si fort, vous devrez peut-\u00eatre en utiliser plus dans votre bain pour obtenir la relaxation compl\u00e8te que vous souhaitez.<\/p>\n<p>Sextacy est un gros probl\u00e8me.<\/p>\n<p>Dans le test MP , voici ce qui s&#8217;est pass\u00e9 :<\/p>\n<p>Si Ivory Wave ne vous suffit pas, c&#8217;est la version la plus puissante d&#8217;un excellent produit haut de gamme. Il est tr\u00e8s similaire \u00e0 Ivory Wave, mais il contient des ingr\u00e9dients suppl\u00e9mentaires qui le rendent encore meilleur. Cependant, cela vous rend tr\u00e8s tr\u00e8s excit\u00e9 et vous donne l&#8217;impression d&#8217;\u00eatre dans un r\u00eave au milieu de votre bain. Il sera tr\u00e8s solide et vous devrez \u00eatre prudent lorsque vous l&#8217;utiliserez. Cela rendra votre bain tr\u00e8s rapide. Commencez avec tr\u00e8s peu. Pendant 6 \u00e0 9 heures, cela prend environ 10 minutes et cela dure aussi longtemps. Cependant, le sel de bain Sextacy est tr\u00e8s similaire \u00e0 Ivory Ultra, mais il a toujours sa propre touche magique LOL. Cependant, c&#8217;est un excellent produit, donc je le recommanderais avec prudence et garderais les commentaires \u00e0 venir! Un incontournable\u00a0!<\/p>\n<p>Le bicarbonate de sodium, le chlorure de sodium, le sel de mer profonde, les min\u00e9raux et d&#8217;autres oligo-\u00e9l\u00e9ments naturels sont quelques-uns des ingr\u00e9dients.<\/p>\n<p>L\u00e9galit\u00e9\u00a0: ce produit est l\u00e9gal en chaque pays parce qu&#8217;il est fait avec des herbes.<\/p>\n<p>Dans ce cas, les sels de bain concentr\u00e9s White Girl 500 mg sont ce dont vous avez besoin.<br \/>\n500 mg de sels de bain White Lady<br \/>\nLes sels de bain concentr\u00e9s Bliss ont 500 mg de sel dans chaque sac.<br \/>\nLes sels de bain Snow Leopard en contiennent 500 mg dans chaque sac.<br \/>\n500 mg de sels de bain suppl\u00e9mentaires de Lunar Wave. 500mg de sel de bain concentr\u00e9 de White Horse.<br \/>\n500mg de sels de bain tonifiants<br \/>\n500mg de Sel de Bain Cloud 10<br \/>\nBlue Magic : 500mg Sels de Bain<br \/>\nSel de bain au nom Scarface a 500mg de celui-ci.<br \/>\nBeaucoup plus de monde aussi.<\/p>\n","protected":false},"excerpt":{"rendered":"<div class=\"woocommerce-product-details__short-description\">\n<p>Il est facile d&#8217;acheter du sel de bain Sextacy en ligne sur notre boutique medicinasinc.com et de le faire livrer rapidement \u00e0 votre domicile en Europe et au Royaume-Uni. Le meilleur endroit pour acheter du sel de bain Sextacy est ici !<\/p>\n<p>Achetez 50 sachets de sel de bain concentr\u00e9 Sextacy sur Internet. Sextacy concentr\u00e9 : 10 sachets de 10 Achetez sextacy concentr\u00e9 20 sachets de sel de bain sur internet.<\/p>\n<p>Il existe de nombreux sites o\u00f9 vous pouvez acheter beaucoup de sels de bain pour beaucoup d&#8217;argent.<\/p>\n<p>En ligne, vous pouvez acheter des sels de bain sextacy de Global Medicine. Les prix du sel de bain Sextacy \u00e0 vendre peuvent \u00eatre trouv\u00e9s en lisant ce texte<\/p>\n<\/div>\n","protected":false},"featured_media":5650,"comment_status":"open","ping_status":"closed","template":"","meta":[],"product_brand":[],"product_cat":[59],"product_tag":[3399,3398,3397,3400,3406,3413,3396,3401,3402,3408,3410,3414,3405,3411,3404,3409,3403,3407,3412],"class_list":{"0":"post-5638","1":"product","2":"type-product","3":"status-publish","4":"has-post-thumbnail","6":"product_cat-produits-chimiques-de-recherche","7":"product_tag-acheter-sextacy-sels-de-bain-france","8":"product_tag-acheter-sextacy-sel-de-bain","9":"product_tag-best-sextacy-bath-salt","10":"product_tag-commander-sextacy-sel-de-bain","11":"product_tag-sextacy-effet-sel-de-bain","12":"product_tag-sextacy-fournisseur-de-sel-de-bain","13":"product_tag-meilleur-endroit-pour-acheter-sextacy-bain-sel","14":"product_tag-revendre-sextacy-sel-de-bain","15":"product_tag-sextacy-bain-sel","16":"product_tag-sextacy-sel-de-bain-a-vendre","17":"product_tag-sextacy-bain-sel-commande","18":"product_tag-sextacy-bain-sel-grossiste","19":"product_tag-sextacy-bain-sel-chine","20":"product_tag-sextacy-bain-sel-reddit","21":"product_tag-sextacy-bath-salt-buy","22":"product_tag-sextacy-bath-salt-online","23":"product_tag-sextacy-bain-sel-alibaba","24":"product_tag-sextacy-bain-sel-europe","25":"product_tag-sextacy-bain-sel-vente","27":"first","28":"instock","29":"shipping-taxable","30":"purchasable","31":"product-type-variable"},"yoast_head":"<!-- This site is optimized with the Yoast SEO plugin v27.3 - https:\/\/yoast.com\/product\/yoast-seo-wordpress\/ -->\n<title>Acheter Sel de bain Sextacy - Sel de bain Sextacy - Best Global Meds<\/title>\n<meta name=\"description\" content=\"Achetez du sel de bain Sextacy \u00e0 vendre au Royaume-Uni, en Europe dans notre boutique en ligne medicinasinc.com avec une livraison rapide dans le monde entier\u00a0! Vous trouverez le meilleur sel de bain Sextacy \u00e0 commander\u00a0!\" \/>\n<meta name=\"robots\" content=\"index, follow, max-snippet:-1, max-image-preview:large, max-video-preview:-1\" \/>\n<link rel=\"canonical\" href=\"https:\/\/medicinasinc.com\/fr\/product\/acheter-sextacy-sel-de-bain\/\" \/>\n<meta property=\"og:locale\" content=\"en_US\" \/>\n<meta property=\"og:type\" content=\"article\" \/>\n<meta property=\"og:title\" content=\"Acheter Sel de bain Sextacy - Sel de bain Sextacy - Best Global Meds\" \/>\n<meta property=\"og:description\" content=\"Achetez du sel de bain Sextacy \u00e0 vendre au Royaume-Uni, en Europe dans notre boutique en ligne medicinasinc.com avec une livraison rapide dans le monde entier\u00a0! Vous trouverez le meilleur sel de bain Sextacy \u00e0 commander\u00a0!\" \/>\n<meta property=\"og:url\" content=\"https:\/\/medicinasinc.com\/fr\/product\/acheter-sextacy-sel-de-bain\/\" \/>\n<meta property=\"og:site_name\" content=\"Medicinas Inc\" \/>\n<meta property=\"article:modified_time\" content=\"2022-08-05T10:43:05+00:00\" \/>\n<meta property=\"og:image\" content=\"https:\/\/medicinasinc.com\/fr\/wp-content\/uploads\/sites\/5\/2022\/02\/Buy-Sextacy-Bath-Salt.jpg\" \/>\n\t<meta property=\"og:image:width\" content=\"600\" \/>\n\t<meta property=\"og:image:height\" content=\"600\" \/>\n\t<meta property=\"og:image:type\" content=\"image\/jpeg\" \/>\n<meta name=\"twitter:card\" content=\"summary_large_image\" \/>\n<meta name=\"twitter:label1\" content=\"Est. reading time\" \/>\n\t<meta name=\"twitter:data1\" content=\"2 minutes\" \/>\n<script type=\"application\/ld+json\" class=\"yoast-schema-graph\">{\"@context\":\"https:\\\/\\\/schema.org\",\"@graph\":[{\"@type\":\"WebPage\",\"@id\":\"https:\\\/\\\/medicinasinc.com\\\/fr\\\/product\\\/acheter-sextacy-sel-de-bain\\\/\",\"url\":\"https:\\\/\\\/medicinasinc.com\\\/fr\\\/product\\\/acheter-sextacy-sel-de-bain\\\/\",\"name\":\"Acheter Sel de bain Sextacy - Sel de bain Sextacy - Best Global Meds\",\"isPartOf\":{\"@id\":\"https:\\\/\\\/medicinasinc.com\\\/fr\\\/#website\"},\"primaryImageOfPage\":{\"@id\":\"https:\\\/\\\/medicinasinc.com\\\/fr\\\/product\\\/acheter-sextacy-sel-de-bain\\\/#primaryimage\"},\"image\":{\"@id\":\"https:\\\/\\\/medicinasinc.com\\\/fr\\\/product\\\/acheter-sextacy-sel-de-bain\\\/#primaryimage\"},\"thumbnailUrl\":\"https:\\\/\\\/medicinasinc.com\\\/fr\\\/wp-content\\\/uploads\\\/sites\\\/5\\\/2022\\\/02\\\/Buy-Sextacy-Bath-Salt.jpg\",\"datePublished\":\"2022-02-22T03:11:29+00:00\",\"dateModified\":\"2022-08-05T10:43:05+00:00\",\"description\":\"Achetez du sel de bain Sextacy \u00e0 vendre au Royaume-Uni, en Europe dans notre boutique en ligne medicinasinc.com avec une livraison rapide dans le monde entier\u00a0! Vous trouverez le meilleur sel de bain Sextacy \u00e0 commander\u00a0!\",\"breadcrumb\":{\"@id\":\"https:\\\/\\\/medicinasinc.com\\\/fr\\\/product\\\/acheter-sextacy-sel-de-bain\\\/#breadcrumb\"},\"inLanguage\":\"en-US\",\"potentialAction\":[{\"@type\":\"ReadAction\",\"target\":[\"https:\\\/\\\/medicinasinc.com\\\/fr\\\/product\\\/acheter-sextacy-sel-de-bain\\\/\"]}]},{\"@type\":\"ImageObject\",\"inLanguage\":\"en-US\",\"@id\":\"https:\\\/\\\/medicinasinc.com\\\/fr\\\/product\\\/acheter-sextacy-sel-de-bain\\\/#primaryimage\",\"url\":\"https:\\\/\\\/medicinasinc.com\\\/fr\\\/wp-content\\\/uploads\\\/sites\\\/5\\\/2022\\\/02\\\/Buy-Sextacy-Bath-Salt.jpg\",\"contentUrl\":\"https:\\\/\\\/medicinasinc.com\\\/fr\\\/wp-content\\\/uploads\\\/sites\\\/5\\\/2022\\\/02\\\/Buy-Sextacy-Bath-Salt.jpg\",\"width\":600,\"height\":600},{\"@type\":\"BreadcrumbList\",\"@id\":\"https:\\\/\\\/medicinasinc.com\\\/fr\\\/product\\\/acheter-sextacy-sel-de-bain\\\/#breadcrumb\",\"itemListElement\":[{\"@type\":\"ListItem\",\"position\":1,\"name\":\"Boutique\",\"item\":\"https:\\\/\\\/medicinasinc.com\\\/fr\\\/boutique\\\/\"},{\"@type\":\"ListItem\",\"position\":2,\"name\":\"Acheter du sel de bain Sextacy\"}]},{\"@type\":\"WebSite\",\"@id\":\"https:\\\/\\\/medicinasinc.com\\\/fr\\\/#website\",\"url\":\"https:\\\/\\\/medicinasinc.com\\\/fr\\\/\",\"name\":\"Medicinas Inc\",\"description\":\"Health Medical Clinic\",\"potentialAction\":[{\"@type\":\"SearchAction\",\"target\":{\"@type\":\"EntryPoint\",\"urlTemplate\":\"https:\\\/\\\/medicinasinc.com\\\/fr\\\/?s={search_term_string}\"},\"query-input\":{\"@type\":\"PropertyValueSpecification\",\"valueRequired\":true,\"valueName\":\"search_term_string\"}}],\"inLanguage\":\"en-US\"}]}<\/script>\n<!-- \/ Yoast SEO plugin. -->","yoast_head_json":{"title":"Acheter Sel de bain Sextacy - Sel de bain Sextacy - Best Global Meds","description":"Achetez du sel de bain Sextacy \u00e0 vendre au Royaume-Uni, en Europe dans notre boutique en ligne medicinasinc.com avec une livraison rapide dans le monde entier\u00a0! Vous trouverez le meilleur sel de bain Sextacy \u00e0 commander\u00a0!","robots":{"index":"index","follow":"follow","max-snippet":"max-snippet:-1","max-image-preview":"max-image-preview:large","max-video-preview":"max-video-preview:-1"},"canonical":"https:\/\/medicinasinc.com\/fr\/product\/acheter-sextacy-sel-de-bain\/","og_locale":"en_US","og_type":"article","og_title":"Acheter Sel de bain Sextacy - Sel de bain Sextacy - Best Global Meds","og_description":"Achetez du sel de bain Sextacy \u00e0 vendre au Royaume-Uni, en Europe dans notre boutique en ligne medicinasinc.com avec une livraison rapide dans le monde entier\u00a0! Vous trouverez le meilleur sel de bain Sextacy \u00e0 commander\u00a0!","og_url":"https:\/\/medicinasinc.com\/fr\/product\/acheter-sextacy-sel-de-bain\/","og_site_name":"Medicinas Inc","article_modified_time":"2022-08-05T10:43:05+00:00","og_image":[{"width":600,"height":600,"url":"https:\/\/medicinasinc.com\/fr\/wp-content\/uploads\/sites\/5\/2022\/02\/Buy-Sextacy-Bath-Salt.jpg","type":"image\/jpeg"}],"twitter_card":"summary_large_image","twitter_misc":{"Est. reading time":"2 minutes"},"schema":{"@context":"https:\/\/schema.org","@graph":[{"@type":"WebPage","@id":"https:\/\/medicinasinc.com\/fr\/product\/acheter-sextacy-sel-de-bain\/","url":"https:\/\/medicinasinc.com\/fr\/product\/acheter-sextacy-sel-de-bain\/","name":"Acheter Sel de bain Sextacy - Sel de bain Sextacy - Best Global Meds","isPartOf":{"@id":"https:\/\/medicinasinc.com\/fr\/#website"},"primaryImageOfPage":{"@id":"https:\/\/medicinasinc.com\/fr\/product\/acheter-sextacy-sel-de-bain\/#primaryimage"},"image":{"@id":"https:\/\/medicinasinc.com\/fr\/product\/acheter-sextacy-sel-de-bain\/#primaryimage"},"thumbnailUrl":"https:\/\/medicinasinc.com\/fr\/wp-content\/uploads\/sites\/5\/2022\/02\/Buy-Sextacy-Bath-Salt.jpg","datePublished":"2022-02-22T03:11:29+00:00","dateModified":"2022-08-05T10:43:05+00:00","description":"Achetez du sel de bain Sextacy \u00e0 vendre au Royaume-Uni, en Europe dans notre boutique en ligne medicinasinc.com avec une livraison rapide dans le monde entier\u00a0! Vous trouverez le meilleur sel de bain Sextacy \u00e0 commander\u00a0!","breadcrumb":{"@id":"https:\/\/medicinasinc.com\/fr\/product\/acheter-sextacy-sel-de-bain\/#breadcrumb"},"inLanguage":"en-US","potentialAction":[{"@type":"ReadAction","target":["https:\/\/medicinasinc.com\/fr\/product\/acheter-sextacy-sel-de-bain\/"]}]},{"@type":"ImageObject","inLanguage":"en-US","@id":"https:\/\/medicinasinc.com\/fr\/product\/acheter-sextacy-sel-de-bain\/#primaryimage","url":"https:\/\/medicinasinc.com\/fr\/wp-content\/uploads\/sites\/5\/2022\/02\/Buy-Sextacy-Bath-Salt.jpg","contentUrl":"https:\/\/medicinasinc.com\/fr\/wp-content\/uploads\/sites\/5\/2022\/02\/Buy-Sextacy-Bath-Salt.jpg","width":600,"height":600},{"@type":"BreadcrumbList","@id":"https:\/\/medicinasinc.com\/fr\/product\/acheter-sextacy-sel-de-bain\/#breadcrumb","itemListElement":[{"@type":"ListItem","position":1,"name":"Boutique","item":"https:\/\/medicinasinc.com\/fr\/boutique\/"},{"@type":"ListItem","position":2,"name":"Acheter du sel de bain Sextacy"}]},{"@type":"WebSite","@id":"https:\/\/medicinasinc.com\/fr\/#website","url":"https:\/\/medicinasinc.com\/fr\/","name":"Medicinas Inc","description":"Health Medical Clinic","potentialAction":[{"@type":"SearchAction","target":{"@type":"EntryPoint","urlTemplate":"https:\/\/medicinasinc.com\/fr\/?s={search_term_string}"},"query-input":{"@type":"PropertyValueSpecification","valueRequired":true,"valueName":"search_term_string"}}],"inLanguage":"en-US"}]}},"_links":{"self":[{"href":"https:\/\/medicinasinc.com\/fr\/wp-json\/wp\/v2\/product\/5638","targetHints":{"allow":["GET"]}}],"collection":[{"href":"https:\/\/medicinasinc.com\/fr\/wp-json\/wp\/v2\/product"}],"about":[{"href":"https:\/\/medicinasinc.com\/fr\/wp-json\/wp\/v2\/types\/product"}],"replies":[{"embeddable":true,"href":"https:\/\/medicinasinc.com\/fr\/wp-json\/wp\/v2\/comments?post=5638"}],"wp:featuredmedia":[{"embeddable":true,"href":"https:\/\/medicinasinc.com\/fr\/wp-json\/wp\/v2\/media\/5650"}],"wp:attachment":[{"href":"https:\/\/medicinasinc.com\/fr\/wp-json\/wp\/v2\/media?parent=5638"}],"wp:term":[{"taxonomy":"product_brand","embeddable":true,"href":"https:\/\/medicinasinc.com\/fr\/wp-json\/wp\/v2\/product_brand?post=5638"},{"taxonomy":"product_cat","embeddable":true,"href":"https:\/\/medicinasinc.com\/fr\/wp-json\/wp\/v2\/product_cat?post=5638"},{"taxonomy":"product_tag","embeddable":true,"href":"https:\/\/medicinasinc.com\/fr\/wp-json\/wp\/v2\/product_tag?post=5638"}],"curies":[{"name":"wp","href":"https:\/\/api.w.org\/{rel}","templated":true}]}}