{"id":5637,"date":"2022-02-22T03:10:06","date_gmt":"2022-02-22T03:10:06","guid":{"rendered":"https:\/\/medicinasinc.com\/fr\/?post_type=product&#038;p=5637"},"modified":"2022-03-17T11:48:04","modified_gmt":"2022-03-17T11:48:04","slug":"acheter-sel-de-bain-etincelant","status":"publish","type":"product","link":"https:\/\/medicinasinc.com\/fr\/product\/acheter-sel-de-bain-etincelant\/","title":{"rendered":"Acheter du sel de bain scintillant"},"content":{"rendered":"<p>D\u00e9tails sur le produit<\/p>\n<p>Lorsque vous utilisez nos SELS DE BAIN P\u00c9TILLANTS, vous pouvez rendre votre moment dans la baignoire plus agr\u00e9able. Cet additif de bain de qualit\u00e9 sup\u00e9rieure contient des sels de la mer Morte et des sels d&#8217;Epsom qui aident le corps \u00e0 se d\u00e9barrasser des toxines. La poudre de lait de coco, les prot\u00e9ines d&#8217;avoine et l&#8217;argile de kaolin adoucissent et nourrissent la peau. Les huiles d&#8217;eucalyptus, de geni\u00e8vre et de lavande aident les gens \u00e0 se d\u00e9tendre, \u00e0 mieux dormir et ont des bienfaits d&#8217;aromath\u00e9rapie.<\/p>\n<p>LES SELS DE BAIN P\u00c9TILLANTS sont pr\u00e9sent\u00e9s dans une carafe en verre sur mesure de 10 oz envelopp\u00e9e d&#8217;herbes marines. L&#8217;int\u00e9rieur du couvercle sert \u00e0 doser les sels.<\/p>\n<p>La POCHETTE DE RECHARGE Z\u00c9RO D\u00c9CHET est en papier compostable \u00e0 la maison. C&#8217;est notre r\u00e9ponse aux sachets de sel de bain en plastique \u00e0 usage unique que nous fabriquions auparavant. Si un sachet a la certification autrichienne OK HOME, cela signifie qu&#8217;il se d\u00e9composera compl\u00e8tement dans le tas de compost de votre jardin. La pochette ZERO WASTE REFILL contient 10 oz de sel.<\/p>\n<p>Comment l&#8217;utiliser<\/p>\n<p>Versez 2 \u00e0 3 bouchons dans une tasse d&#8217;eau ti\u00e8de avec le couvercle \u00e0 l&#8217;int\u00e9rieur de le scoop. Vous pouvez savoir quand il est temps de faire entrer votre corps par les douces bulles et un peu d&#8217;\u00e9clat.<\/p>\n<p>Apr\u00e8s un bain, il n&#8217;est pas n\u00e9cessaire de rincer. Vous pouvez tapoter votre corps avec une serviette. Suivez avec de l&#8217;huile corporelle pour garder l&#8217;humidit\u00e9.<\/p>\n<p>Ingr\u00e9dients<\/p>\n<p>Le sulfate de magn\u00e9sium, l&#8217;extrait de Cocos Nucifera, l&#8217;argile de kaolin, la poudre de mica et le sodium de sodium sont quelques-uns des ingr\u00e9dients de Maris Sal , \u00e9galement connu sous le nom de sel de la mer Morte ou sel de mer.<\/p>\n<p>Prot\u00e9ine d&#8217;avoine hydrat\u00e9e (prot\u00e9ine d&#8217;avoine) et bicarbonate<\/p>\n<p>POUDRE\u00a0: argent collo\u00efdal, extrait de fruit de Vaccinium angustifolium (extrait de myrtille), Coco-Glucoside, huile de feuille d&#8217;Eucalyptus globulus, huile de fleur de Lavandula angustifolia, huile de bois de Juniperus communis et huile de fleur de Lavandula angustifolia (huile essentielle de gen\u00e9vrier)<\/p>\n<div class=\"product-next-previous\">\n<div class=\" produit-prev\"><\/div><\/div>\n","protected":false},"excerpt":{"rendered":"<p>Vous pouvez acheter du sel de bain scintillant au Royaume-Uni, dans l&#8217;UE et en Australie. Les personnes qui ach\u00e8tent chez nous peuvent \u00eatre s\u00fbres qu&#8217;elles en auront pour leur argent. Aux meilleurs prix, achetez le sel de bain Sparkle maintenant\u00a0!<\/p>\n<p>Assurez-vous d&#8217;acheter JENAM LIVE LOVE SPARKLE BATH SALT CUP au meilleur prix en ligne aux Pays-Bas et aux \u00c9tats-Unis. Achetez quelque chose de Best Global Meds maintenant. Ils ont des prix tr\u00e8s int\u00e9ressants\u00a0!<\/p>\n<p>Sels de bain concentr\u00e9s des meilleures marques. Un incontournable pour tout astronome. Vous vous sentirez aussi brillant que les \u00e9toiles.<\/p>\n","protected":false},"featured_media":5648,"comment_status":"open","ping_status":"closed","template":"","meta":[],"product_brand":[],"product_cat":[610],"product_tag":[3390,3380,3382,3381,3383,3385,3394,3395,3384,3386,3388,3387,3389,3391,3393,3392],"class_list":{"0":"post-5637","1":"product","2":"type-product","3":"status-publish","4":"has-post-thumbnail","6":"product_cat-acheter-hachisch-hachisch","7":"product_tag-achat-de-sel-de-bain-etique","8":"product_tag-acheter-sel-de-bain-etincelant","9":"product_tag-acheter-sel-de-bain-eclatant-royaume-uni","10":"product_tag-acheter-sel-de-bain-eclatant-europe","11":"product_tag-commander-un-sel-de-bain-brillant","12":"product_tag-effet-sels-de-bain-scintillants","13":"product_tag-o-acheter-sel-de-bain-tincelant","14":"product_tag-o-commander-sel-de-bain-brillant","15":"product_tag-sel-de-bain-brillant-acheter","16":"product_tag-sel-de-bain-brillant-allemagne","17":"product_tag-commande-de-sels-de-bain-brillants","18":"product_tag-scintillant-sel-de-bain-en-ligne","19":"product_tag-sel-de-bain-brillant-pologne","20":"product_tag-clat-sel-de-bain-reddit","21":"product_tag-sel-de-bain-etincelant-suede","22":"product_tag-vente-de-sels-de-bain-brillants","24":"first","25":"instock","26":"shipping-taxable","27":"purchasable","28":"product-type-variable","29":"has-default-attributes"},"yoast_head":"<!-- This site is optimized with the Yoast SEO plugin v27.2 - https:\/\/yoast.com\/product\/yoast-seo-wordpress\/ -->\n<title>Acheter Sparkle Bath Salt - Sparkle Bath Salt - Best Global Meds<\/title>\n<meta name=\"description\" content=\"Achetez du sel de bain Sparkle \u00e0 vendre au Royaume-Uni, en Europe et en AU. nous offrons la transaction la plus fiable et vendons \u00e0 des prix tr\u00e8s abordables. Commandez maintenant le sel de bain Sparkle au meilleur prix\" \/>\n<meta name=\"robots\" content=\"index, follow, max-snippet:-1, max-image-preview:large, max-video-preview:-1\" \/>\n<link rel=\"canonical\" href=\"https:\/\/medicinasinc.com\/fr\/product\/acheter-sel-de-bain-etincelant\/\" \/>\n<meta property=\"og:locale\" content=\"en_US\" \/>\n<meta property=\"og:type\" content=\"article\" \/>\n<meta property=\"og:title\" content=\"Acheter Sparkle Bath Salt - Sparkle Bath Salt - Best Global Meds\" \/>\n<meta property=\"og:description\" content=\"Achetez du sel de bain Sparkle \u00e0 vendre au Royaume-Uni, en Europe et en AU. nous offrons la transaction la plus fiable et vendons \u00e0 des prix tr\u00e8s abordables. Commandez maintenant le sel de bain Sparkle au meilleur prix\" \/>\n<meta property=\"og:url\" content=\"https:\/\/medicinasinc.com\/fr\/product\/acheter-sel-de-bain-etincelant\/\" \/>\n<meta property=\"og:site_name\" content=\"Medicinas Inc\" \/>\n<meta property=\"article:modified_time\" content=\"2022-03-17T11:48:04+00:00\" \/>\n<meta property=\"og:image\" content=\"https:\/\/medicinasinc.com\/fr\/wp-content\/uploads\/sites\/5\/2022\/02\/Buy-Sparkle-Bath-Salt.jpg\" \/>\n\t<meta property=\"og:image:width\" content=\"750\" \/>\n\t<meta property=\"og:image:height\" content=\"750\" \/>\n\t<meta property=\"og:image:type\" content=\"image\/jpeg\" \/>\n<meta name=\"twitter:card\" content=\"summary_large_image\" \/>\n<meta name=\"twitter:label1\" content=\"Est. reading time\" \/>\n\t<meta name=\"twitter:data1\" content=\"2 minutes\" \/>\n<script type=\"application\/ld+json\" class=\"yoast-schema-graph\">{\"@context\":\"https:\/\/schema.org\",\"@graph\":[{\"@type\":\"WebPage\",\"@id\":\"https:\/\/medicinasinc.com\/fr\/product\/acheter-sel-de-bain-etincelant\/\",\"url\":\"https:\/\/medicinasinc.com\/fr\/product\/acheter-sel-de-bain-etincelant\/\",\"name\":\"Acheter Sparkle Bath Salt - Sparkle Bath Salt - Best Global Meds\",\"isPartOf\":{\"@id\":\"https:\/\/medicinasinc.com\/fr\/#website\"},\"primaryImageOfPage\":{\"@id\":\"https:\/\/medicinasinc.com\/fr\/product\/acheter-sel-de-bain-etincelant\/#primaryimage\"},\"image\":{\"@id\":\"https:\/\/medicinasinc.com\/fr\/product\/acheter-sel-de-bain-etincelant\/#primaryimage\"},\"thumbnailUrl\":\"https:\/\/medicinasinc.com\/fr\/wp-content\/uploads\/sites\/5\/2022\/02\/Buy-Sparkle-Bath-Salt.jpg\",\"datePublished\":\"2022-02-22T03:10:06+00:00\",\"dateModified\":\"2022-03-17T11:48:04+00:00\",\"description\":\"Achetez du sel de bain Sparkle \u00e0 vendre au Royaume-Uni, en Europe et en AU. nous offrons la transaction la plus fiable et vendons \u00e0 des prix tr\u00e8s abordables. Commandez maintenant le sel de bain Sparkle au meilleur prix\",\"breadcrumb\":{\"@id\":\"https:\/\/medicinasinc.com\/fr\/product\/acheter-sel-de-bain-etincelant\/#breadcrumb\"},\"inLanguage\":\"en-US\",\"potentialAction\":[{\"@type\":\"ReadAction\",\"target\":[\"https:\/\/medicinasinc.com\/fr\/product\/acheter-sel-de-bain-etincelant\/\"]}]},{\"@type\":\"ImageObject\",\"inLanguage\":\"en-US\",\"@id\":\"https:\/\/medicinasinc.com\/fr\/product\/acheter-sel-de-bain-etincelant\/#primaryimage\",\"url\":\"https:\/\/medicinasinc.com\/fr\/wp-content\/uploads\/sites\/5\/2022\/02\/Buy-Sparkle-Bath-Salt.jpg\",\"contentUrl\":\"https:\/\/medicinasinc.com\/fr\/wp-content\/uploads\/sites\/5\/2022\/02\/Buy-Sparkle-Bath-Salt.jpg\",\"width\":750,\"height\":750},{\"@type\":\"BreadcrumbList\",\"@id\":\"https:\/\/medicinasinc.com\/fr\/product\/acheter-sel-de-bain-etincelant\/#breadcrumb\",\"itemListElement\":[{\"@type\":\"ListItem\",\"position\":1,\"name\":\"Boutique\",\"item\":\"https:\/\/medicinasinc.com\/fr\/boutique\/\"},{\"@type\":\"ListItem\",\"position\":2,\"name\":\"Acheter du sel de bain scintillant\"}]},{\"@type\":\"WebSite\",\"@id\":\"https:\/\/medicinasinc.com\/fr\/#website\",\"url\":\"https:\/\/medicinasinc.com\/fr\/\",\"name\":\"Medicinas Inc\",\"description\":\"Health Medical Clinic\",\"potentialAction\":[{\"@type\":\"SearchAction\",\"target\":{\"@type\":\"EntryPoint\",\"urlTemplate\":\"https:\/\/medicinasinc.com\/fr\/?s={search_term_string}\"},\"query-input\":{\"@type\":\"PropertyValueSpecification\",\"valueRequired\":true,\"valueName\":\"search_term_string\"}}],\"inLanguage\":\"en-US\"}]}<\/script>\n<!-- \/ Yoast SEO plugin. -->","yoast_head_json":{"title":"Acheter Sparkle Bath Salt - Sparkle Bath Salt - Best Global Meds","description":"Achetez du sel de bain Sparkle \u00e0 vendre au Royaume-Uni, en Europe et en AU. nous offrons la transaction la plus fiable et vendons \u00e0 des prix tr\u00e8s abordables. Commandez maintenant le sel de bain Sparkle au meilleur prix","robots":{"index":"index","follow":"follow","max-snippet":"max-snippet:-1","max-image-preview":"max-image-preview:large","max-video-preview":"max-video-preview:-1"},"canonical":"https:\/\/medicinasinc.com\/fr\/product\/acheter-sel-de-bain-etincelant\/","og_locale":"en_US","og_type":"article","og_title":"Acheter Sparkle Bath Salt - Sparkle Bath Salt - Best Global Meds","og_description":"Achetez du sel de bain Sparkle \u00e0 vendre au Royaume-Uni, en Europe et en AU. nous offrons la transaction la plus fiable et vendons \u00e0 des prix tr\u00e8s abordables. Commandez maintenant le sel de bain Sparkle au meilleur prix","og_url":"https:\/\/medicinasinc.com\/fr\/product\/acheter-sel-de-bain-etincelant\/","og_site_name":"Medicinas Inc","article_modified_time":"2022-03-17T11:48:04+00:00","og_image":[{"width":750,"height":750,"url":"https:\/\/medicinasinc.com\/fr\/wp-content\/uploads\/sites\/5\/2022\/02\/Buy-Sparkle-Bath-Salt.jpg","type":"image\/jpeg"}],"twitter_card":"summary_large_image","twitter_misc":{"Est. reading time":"2 minutes"},"schema":{"@context":"https:\/\/schema.org","@graph":[{"@type":"WebPage","@id":"https:\/\/medicinasinc.com\/fr\/product\/acheter-sel-de-bain-etincelant\/","url":"https:\/\/medicinasinc.com\/fr\/product\/acheter-sel-de-bain-etincelant\/","name":"Acheter Sparkle Bath Salt - Sparkle Bath Salt - Best Global Meds","isPartOf":{"@id":"https:\/\/medicinasinc.com\/fr\/#website"},"primaryImageOfPage":{"@id":"https:\/\/medicinasinc.com\/fr\/product\/acheter-sel-de-bain-etincelant\/#primaryimage"},"image":{"@id":"https:\/\/medicinasinc.com\/fr\/product\/acheter-sel-de-bain-etincelant\/#primaryimage"},"thumbnailUrl":"https:\/\/medicinasinc.com\/fr\/wp-content\/uploads\/sites\/5\/2022\/02\/Buy-Sparkle-Bath-Salt.jpg","datePublished":"2022-02-22T03:10:06+00:00","dateModified":"2022-03-17T11:48:04+00:00","description":"Achetez du sel de bain Sparkle \u00e0 vendre au Royaume-Uni, en Europe et en AU. nous offrons la transaction la plus fiable et vendons \u00e0 des prix tr\u00e8s abordables. Commandez maintenant le sel de bain Sparkle au meilleur prix","breadcrumb":{"@id":"https:\/\/medicinasinc.com\/fr\/product\/acheter-sel-de-bain-etincelant\/#breadcrumb"},"inLanguage":"en-US","potentialAction":[{"@type":"ReadAction","target":["https:\/\/medicinasinc.com\/fr\/product\/acheter-sel-de-bain-etincelant\/"]}]},{"@type":"ImageObject","inLanguage":"en-US","@id":"https:\/\/medicinasinc.com\/fr\/product\/acheter-sel-de-bain-etincelant\/#primaryimage","url":"https:\/\/medicinasinc.com\/fr\/wp-content\/uploads\/sites\/5\/2022\/02\/Buy-Sparkle-Bath-Salt.jpg","contentUrl":"https:\/\/medicinasinc.com\/fr\/wp-content\/uploads\/sites\/5\/2022\/02\/Buy-Sparkle-Bath-Salt.jpg","width":750,"height":750},{"@type":"BreadcrumbList","@id":"https:\/\/medicinasinc.com\/fr\/product\/acheter-sel-de-bain-etincelant\/#breadcrumb","itemListElement":[{"@type":"ListItem","position":1,"name":"Boutique","item":"https:\/\/medicinasinc.com\/fr\/boutique\/"},{"@type":"ListItem","position":2,"name":"Acheter du sel de bain scintillant"}]},{"@type":"WebSite","@id":"https:\/\/medicinasinc.com\/fr\/#website","url":"https:\/\/medicinasinc.com\/fr\/","name":"Medicinas Inc","description":"Health Medical Clinic","potentialAction":[{"@type":"SearchAction","target":{"@type":"EntryPoint","urlTemplate":"https:\/\/medicinasinc.com\/fr\/?s={search_term_string}"},"query-input":{"@type":"PropertyValueSpecification","valueRequired":true,"valueName":"search_term_string"}}],"inLanguage":"en-US"}]}},"_links":{"self":[{"href":"https:\/\/medicinasinc.com\/fr\/wp-json\/wp\/v2\/product\/5637","targetHints":{"allow":["GET"]}}],"collection":[{"href":"https:\/\/medicinasinc.com\/fr\/wp-json\/wp\/v2\/product"}],"about":[{"href":"https:\/\/medicinasinc.com\/fr\/wp-json\/wp\/v2\/types\/product"}],"replies":[{"embeddable":true,"href":"https:\/\/medicinasinc.com\/fr\/wp-json\/wp\/v2\/comments?post=5637"}],"wp:featuredmedia":[{"embeddable":true,"href":"https:\/\/medicinasinc.com\/fr\/wp-json\/wp\/v2\/media\/5648"}],"wp:attachment":[{"href":"https:\/\/medicinasinc.com\/fr\/wp-json\/wp\/v2\/media?parent=5637"}],"wp:term":[{"taxonomy":"product_brand","embeddable":true,"href":"https:\/\/medicinasinc.com\/fr\/wp-json\/wp\/v2\/product_brand?post=5637"},{"taxonomy":"product_cat","embeddable":true,"href":"https:\/\/medicinasinc.com\/fr\/wp-json\/wp\/v2\/product_cat?post=5637"},{"taxonomy":"product_tag","embeddable":true,"href":"https:\/\/medicinasinc.com\/fr\/wp-json\/wp\/v2\/product_tag?post=5637"}],"curies":[{"name":"wp","href":"https:\/\/api.w.org\/{rel}","templated":true}]}}