{"id":5636,"date":"2022-02-22T03:08:33","date_gmt":"2022-02-22T03:08:33","guid":{"rendered":"https:\/\/medicinasinc.com\/fr\/?post_type=product&#038;p=5636"},"modified":"2022-03-17T11:48:15","modified_gmt":"2022-03-17T11:48:15","slug":"acheter-synthacaine-poudre","status":"publish","type":"product","link":"https:\/\/medicinasinc.com\/fr\/product\/acheter-synthacaine-poudre\/","title":{"rendered":"Acheter de la poudre de synthaca\u00efne"},"content":{"rendered":"<p>ACHETER DE LA POUDRE DE SYNTHACA\u00cfNE \u00c0 UTILISER<br \/> La poudre de Synthaca\u00efne est un produit chimique de recherche vendu par un grossiste.<br \/> Lors de votre paiement, vous pouvez choisir de payer par virement bancaire ou en bitcoins.<br \/> Veuillez noter que vous n&#8217;\u00eates couvert qu&#8217;en cas de perte de votre colis. Si vous utilisez un service de suivi assur\u00e9 et que votre colis est perdu, nous vous le renverrons gratuitement.<br \/> Veuillez v\u00e9rifier les lois de votre pays concernant l&#8217;importation de produits chimiques.<br \/> Commandes de bitcoins pass\u00e9es du lundi au vendredi jusqu&#8217;\u00e0 15h30 seront exp\u00e9di\u00e9s le jour m\u00eame de leur placement.<\/p>\n<p>Lorsque la Synthacaine a \u00e9t\u00e9 utilis\u00e9e pour la premi\u00e8re fois dans la recherche, elle avait mauvaise r\u00e9putation. C&#8217;est principalement parce que de nombreuses entreprises en vendaient des \u00e9chantillons de mauvaise qualit\u00e9. Pas ici sur Highstore.net, cependant\u00a0!<\/p>\n<p>Nous travaillons avec un bon laboratoire pour nous assurer que toute la synthaca\u00efne que nous fabriquons est pure \u00e0 au moins 98\u00a0%. Nous ne donnons pas la recette exacte de ce produit car il s&#8217;agit d&#8217;un m\u00e9lange secret.<\/p>\n<p>La synthaca\u00efne de Gr8 Research Chems a une bonne r\u00e9putation. Nous sommes heureux de dire que notre stock provient de la m\u00eame source.<\/p>\n<p>Il y a encore beaucoup de choses que nous ignorons sur ce produit chimique, mais jusqu&#8217;\u00e0 pr\u00e9sent, les tests montrent qu&#8217;il peut rendre les gens heureux tr\u00e8s rapidement .<\/p>\n<p>Cela peut aussi \u00eatre un stimulant, il est donc important que les chercheurs prennent des mesures pour s&#8217;en tenir \u00e0 l&#8217;\u00e9cart et n&#8217;en testent que deux lots \u00e0 la fois.<\/p>\n<p>Les produits chimiques que nous vendons ne sont approuv\u00e9s pour aucun type de recherche in vivo (c&#8217;est-\u00e0-dire pas chez l&#8217;homme ou l&#8217;animal) ou d&#8217;essais cliniques, donc s&#8217;ils sont accidentellement ing\u00e9r\u00e9s, vous devriez obtenir une aide m\u00e9dicale imm\u00e9diatement. Cela est vrai pour tous les produits chimiques que nous vendons. Veuillez suivre les r\u00e8gles de s\u00e9curit\u00e9 standard du laboratoire, telles que le port de la protection appropri\u00e9e pour la peau, les yeux et les v\u00eatements.<\/p>\n<p>Si vous en mangez, vous devriez consulter un m\u00e9decin imm\u00e9diatement.<\/p>\n<p>Les gens peuvent acheter ce produit en quantit\u00e9s de 500 mg et 1 gramme. Ils peuvent \u00e9galement l&#8217;acheter en quantit\u00e9s de 500 mg et 2 grammes.<\/p>\n<p>Doit avoir plus de 18 ans et ne pas \u00eatre mang\u00e9 par des humains.<\/p>\n","protected":false},"excerpt":{"rendered":"<div class=\"woocommerce-product-details__short-description\">\n<p>Vous pouvez acheter de la poudre de Synthacaine dans notre boutique en ligne Best Global Meds au Royaume-Uni, en Europe, en Asie et en Chine, et vous faire livrer rapidement partout dans le monde\u00a0! C&#8217;est ici que vous trouverez la meilleure Synthacaine \u00e0 acheter.<\/p>\n<p>Poudre de Synthacaine\u00a0: Achetez de la poudre de Synthacaine, grossiste en produits chimiques de recherche en poudre de Synthacaine. Lors de votre paiement, vous pouvez choisir de payer par virement bancaire ou en bitcoins.<\/p>\n<p>Synthacaine pour acheter en ligne La Synthacaine peut \u00eatre achet\u00e9e dans les magasins de produits chimiques en ligne. Vous pouvez les trouver. Les magasins de produits chimiques en ligne sont le meilleur endroit pour acheter des produits chimiques de recherche, car vous pouvez les y trouver.<\/p>\n<p>Qu&#8217;est-ce que la Synthacaine\u00a0? O\u00f9 puis-je l&#8217;acheter? Best Global Meds est l&#8217;un des meilleurs endroits pour acheter de la Synthacaine en ligne. \u00c0 vendre\u00a0: nous vendons de la Synthaca\u00efne de haute qualit\u00e9.<\/p>\n<p>Achetez de la Synthaca\u00efne en poudre \u00e0 bas prix en ligne.<\/p>\n<p>La Synthaca\u00efne est pure \u00e0 99,8\u00a0%. La synthaca\u00efne est utilis\u00e9e en recherche. \u00c0 100 mg, c&#8217;est tr\u00e8s fort.<\/p>\n<\/p><\/div>\n","protected":false},"featured_media":5646,"comment_status":"open","ping_status":"closed","template":"","meta":[],"product_brand":[],"product_cat":[59],"product_tag":[3362,3361,3359,3360,3374,3363,3371,3379,3368,3373,3372,3369,3366,3370,3375,3376,3367,3365,3364,3377,3378],"class_list":{"0":"post-5636","1":"product","2":"type-product","3":"status-publish","4":"has-post-thumbnail","6":"product_cat-produits-chimiques-de-recherche","7":"product_tag-acheter-synthacaine-poudre-france","8":"product_tag-acheter-synthacane-poudre","9":"product_tag-acheter-research-chemical-synthacaine-poudre","10":"product_tag-acheter-research-chemical-synthacaine-poudre-en-ligne","11":"product_tag-synthacane-poudre-commande","12":"product_tag-commander-synthacaine-poudre-europe","13":"product_tag-effet-poudre-de-synthacane","14":"product_tag-o-acheter-de-la-poudre-de-synthacane","15":"product_tag-poudre-de-synthacane","16":"product_tag-synthacane-poudre-en-ligne","17":"product_tag-synthacane-poudre--vendre","18":"product_tag-synthacane-poudre-acheter","19":"product_tag-recherche-chimique-synthacane-poudre","20":"product_tag-synthacane-poudre-chine","21":"product_tag-synthacaine-poudre-reddit","22":"product_tag-synthacane-poudre-recherche-chimique","23":"product_tag-recherche-chimie-en-ligne","24":"product_tag-recherche-produit-chimique-nouvelle-version-poudre-de-synthacane","25":"product_tag-research-chem-synthacaine-powder","26":"product_tag-synthacane-poudre-vente","27":"product_tag-synthacane-poudre-vente-en-gros","29":"first","30":"instock","31":"shipping-taxable","32":"purchasable","33":"product-type-variable","34":"has-default-attributes"},"yoast_head":"<!-- This site is optimized with the Yoast SEO plugin v27.3 - https:\/\/yoast.com\/product\/yoast-seo-wordpress\/ -->\n<title>Acheter de la poudre de Synthacaine - Poudre de Synthacaine - Best Global Meds<\/title>\n<meta name=\"description\" content=\"Achetez de la poudre de synthaca\u00efne au Royaume-Uni, en Europe, en Asie et en Chine dans notre boutique en ligne Best Global Meds avec une livraison rapide dans le monde entier ! Le meilleur Synthacaine pour commander, vous trouverez ici!\" \/>\n<meta name=\"robots\" content=\"index, follow, max-snippet:-1, max-image-preview:large, max-video-preview:-1\" \/>\n<link rel=\"canonical\" href=\"https:\/\/medicinasinc.com\/fr\/product\/acheter-synthacaine-poudre\/\" \/>\n<meta property=\"og:locale\" content=\"en_US\" \/>\n<meta property=\"og:type\" content=\"article\" \/>\n<meta property=\"og:title\" content=\"Acheter de la poudre de Synthacaine - Poudre de Synthacaine - Best Global Meds\" \/>\n<meta property=\"og:description\" content=\"Achetez de la poudre de synthaca\u00efne au Royaume-Uni, en Europe, en Asie et en Chine dans notre boutique en ligne Best Global Meds avec une livraison rapide dans le monde entier ! Le meilleur Synthacaine pour commander, vous trouverez ici!\" \/>\n<meta property=\"og:url\" content=\"https:\/\/medicinasinc.com\/fr\/product\/acheter-synthacaine-poudre\/\" \/>\n<meta property=\"og:site_name\" content=\"Medicinas Inc\" \/>\n<meta property=\"article:modified_time\" content=\"2022-03-17T11:48:15+00:00\" \/>\n<meta property=\"og:image\" content=\"https:\/\/medicinasinc.com\/fr\/wp-content\/uploads\/sites\/5\/2022\/02\/Buy-Synthacaine-Powder.jpg\" \/>\n\t<meta property=\"og:image:width\" content=\"600\" \/>\n\t<meta property=\"og:image:height\" content=\"600\" \/>\n\t<meta property=\"og:image:type\" content=\"image\/jpeg\" \/>\n<meta name=\"twitter:card\" content=\"summary_large_image\" \/>\n<meta name=\"twitter:label1\" content=\"Est. reading time\" \/>\n\t<meta name=\"twitter:data1\" content=\"2 minutes\" \/>\n<script type=\"application\/ld+json\" class=\"yoast-schema-graph\">{\"@context\":\"https:\\\/\\\/schema.org\",\"@graph\":[{\"@type\":\"WebPage\",\"@id\":\"https:\\\/\\\/medicinasinc.com\\\/fr\\\/product\\\/acheter-synthacaine-poudre\\\/\",\"url\":\"https:\\\/\\\/medicinasinc.com\\\/fr\\\/product\\\/acheter-synthacaine-poudre\\\/\",\"name\":\"Acheter de la poudre de Synthacaine - Poudre de Synthacaine - Best Global Meds\",\"isPartOf\":{\"@id\":\"https:\\\/\\\/medicinasinc.com\\\/fr\\\/#website\"},\"primaryImageOfPage\":{\"@id\":\"https:\\\/\\\/medicinasinc.com\\\/fr\\\/product\\\/acheter-synthacaine-poudre\\\/#primaryimage\"},\"image\":{\"@id\":\"https:\\\/\\\/medicinasinc.com\\\/fr\\\/product\\\/acheter-synthacaine-poudre\\\/#primaryimage\"},\"thumbnailUrl\":\"https:\\\/\\\/medicinasinc.com\\\/fr\\\/wp-content\\\/uploads\\\/sites\\\/5\\\/2022\\\/02\\\/Buy-Synthacaine-Powder.jpg\",\"datePublished\":\"2022-02-22T03:08:33+00:00\",\"dateModified\":\"2022-03-17T11:48:15+00:00\",\"description\":\"Achetez de la poudre de synthaca\u00efne au Royaume-Uni, en Europe, en Asie et en Chine dans notre boutique en ligne Best Global Meds avec une livraison rapide dans le monde entier ! Le meilleur Synthacaine pour commander, vous trouverez ici!\",\"breadcrumb\":{\"@id\":\"https:\\\/\\\/medicinasinc.com\\\/fr\\\/product\\\/acheter-synthacaine-poudre\\\/#breadcrumb\"},\"inLanguage\":\"en-US\",\"potentialAction\":[{\"@type\":\"ReadAction\",\"target\":[\"https:\\\/\\\/medicinasinc.com\\\/fr\\\/product\\\/acheter-synthacaine-poudre\\\/\"]}]},{\"@type\":\"ImageObject\",\"inLanguage\":\"en-US\",\"@id\":\"https:\\\/\\\/medicinasinc.com\\\/fr\\\/product\\\/acheter-synthacaine-poudre\\\/#primaryimage\",\"url\":\"https:\\\/\\\/medicinasinc.com\\\/fr\\\/wp-content\\\/uploads\\\/sites\\\/5\\\/2022\\\/02\\\/Buy-Synthacaine-Powder.jpg\",\"contentUrl\":\"https:\\\/\\\/medicinasinc.com\\\/fr\\\/wp-content\\\/uploads\\\/sites\\\/5\\\/2022\\\/02\\\/Buy-Synthacaine-Powder.jpg\",\"width\":600,\"height\":600},{\"@type\":\"BreadcrumbList\",\"@id\":\"https:\\\/\\\/medicinasinc.com\\\/fr\\\/product\\\/acheter-synthacaine-poudre\\\/#breadcrumb\",\"itemListElement\":[{\"@type\":\"ListItem\",\"position\":1,\"name\":\"Boutique\",\"item\":\"https:\\\/\\\/medicinasinc.com\\\/fr\\\/boutique\\\/\"},{\"@type\":\"ListItem\",\"position\":2,\"name\":\"Acheter de la poudre de synthaca\u00efne\"}]},{\"@type\":\"WebSite\",\"@id\":\"https:\\\/\\\/medicinasinc.com\\\/fr\\\/#website\",\"url\":\"https:\\\/\\\/medicinasinc.com\\\/fr\\\/\",\"name\":\"Medicinas Inc\",\"description\":\"Health Medical Clinic\",\"potentialAction\":[{\"@type\":\"SearchAction\",\"target\":{\"@type\":\"EntryPoint\",\"urlTemplate\":\"https:\\\/\\\/medicinasinc.com\\\/fr\\\/?s={search_term_string}\"},\"query-input\":{\"@type\":\"PropertyValueSpecification\",\"valueRequired\":true,\"valueName\":\"search_term_string\"}}],\"inLanguage\":\"en-US\"}]}<\/script>\n<!-- \/ Yoast SEO plugin. -->","yoast_head_json":{"title":"Acheter de la poudre de Synthacaine - Poudre de Synthacaine - Best Global Meds","description":"Achetez de la poudre de synthaca\u00efne au Royaume-Uni, en Europe, en Asie et en Chine dans notre boutique en ligne Best Global Meds avec une livraison rapide dans le monde entier ! Le meilleur Synthacaine pour commander, vous trouverez ici!","robots":{"index":"index","follow":"follow","max-snippet":"max-snippet:-1","max-image-preview":"max-image-preview:large","max-video-preview":"max-video-preview:-1"},"canonical":"https:\/\/medicinasinc.com\/fr\/product\/acheter-synthacaine-poudre\/","og_locale":"en_US","og_type":"article","og_title":"Acheter de la poudre de Synthacaine - Poudre de Synthacaine - Best Global Meds","og_description":"Achetez de la poudre de synthaca\u00efne au Royaume-Uni, en Europe, en Asie et en Chine dans notre boutique en ligne Best Global Meds avec une livraison rapide dans le monde entier ! Le meilleur Synthacaine pour commander, vous trouverez ici!","og_url":"https:\/\/medicinasinc.com\/fr\/product\/acheter-synthacaine-poudre\/","og_site_name":"Medicinas Inc","article_modified_time":"2022-03-17T11:48:15+00:00","og_image":[{"width":600,"height":600,"url":"https:\/\/medicinasinc.com\/fr\/wp-content\/uploads\/sites\/5\/2022\/02\/Buy-Synthacaine-Powder.jpg","type":"image\/jpeg"}],"twitter_card":"summary_large_image","twitter_misc":{"Est. reading time":"2 minutes"},"schema":{"@context":"https:\/\/schema.org","@graph":[{"@type":"WebPage","@id":"https:\/\/medicinasinc.com\/fr\/product\/acheter-synthacaine-poudre\/","url":"https:\/\/medicinasinc.com\/fr\/product\/acheter-synthacaine-poudre\/","name":"Acheter de la poudre de Synthacaine - Poudre de Synthacaine - Best Global Meds","isPartOf":{"@id":"https:\/\/medicinasinc.com\/fr\/#website"},"primaryImageOfPage":{"@id":"https:\/\/medicinasinc.com\/fr\/product\/acheter-synthacaine-poudre\/#primaryimage"},"image":{"@id":"https:\/\/medicinasinc.com\/fr\/product\/acheter-synthacaine-poudre\/#primaryimage"},"thumbnailUrl":"https:\/\/medicinasinc.com\/fr\/wp-content\/uploads\/sites\/5\/2022\/02\/Buy-Synthacaine-Powder.jpg","datePublished":"2022-02-22T03:08:33+00:00","dateModified":"2022-03-17T11:48:15+00:00","description":"Achetez de la poudre de synthaca\u00efne au Royaume-Uni, en Europe, en Asie et en Chine dans notre boutique en ligne Best Global Meds avec une livraison rapide dans le monde entier ! Le meilleur Synthacaine pour commander, vous trouverez ici!","breadcrumb":{"@id":"https:\/\/medicinasinc.com\/fr\/product\/acheter-synthacaine-poudre\/#breadcrumb"},"inLanguage":"en-US","potentialAction":[{"@type":"ReadAction","target":["https:\/\/medicinasinc.com\/fr\/product\/acheter-synthacaine-poudre\/"]}]},{"@type":"ImageObject","inLanguage":"en-US","@id":"https:\/\/medicinasinc.com\/fr\/product\/acheter-synthacaine-poudre\/#primaryimage","url":"https:\/\/medicinasinc.com\/fr\/wp-content\/uploads\/sites\/5\/2022\/02\/Buy-Synthacaine-Powder.jpg","contentUrl":"https:\/\/medicinasinc.com\/fr\/wp-content\/uploads\/sites\/5\/2022\/02\/Buy-Synthacaine-Powder.jpg","width":600,"height":600},{"@type":"BreadcrumbList","@id":"https:\/\/medicinasinc.com\/fr\/product\/acheter-synthacaine-poudre\/#breadcrumb","itemListElement":[{"@type":"ListItem","position":1,"name":"Boutique","item":"https:\/\/medicinasinc.com\/fr\/boutique\/"},{"@type":"ListItem","position":2,"name":"Acheter de la poudre de synthaca\u00efne"}]},{"@type":"WebSite","@id":"https:\/\/medicinasinc.com\/fr\/#website","url":"https:\/\/medicinasinc.com\/fr\/","name":"Medicinas Inc","description":"Health Medical Clinic","potentialAction":[{"@type":"SearchAction","target":{"@type":"EntryPoint","urlTemplate":"https:\/\/medicinasinc.com\/fr\/?s={search_term_string}"},"query-input":{"@type":"PropertyValueSpecification","valueRequired":true,"valueName":"search_term_string"}}],"inLanguage":"en-US"}]}},"_links":{"self":[{"href":"https:\/\/medicinasinc.com\/fr\/wp-json\/wp\/v2\/product\/5636","targetHints":{"allow":["GET"]}}],"collection":[{"href":"https:\/\/medicinasinc.com\/fr\/wp-json\/wp\/v2\/product"}],"about":[{"href":"https:\/\/medicinasinc.com\/fr\/wp-json\/wp\/v2\/types\/product"}],"replies":[{"embeddable":true,"href":"https:\/\/medicinasinc.com\/fr\/wp-json\/wp\/v2\/comments?post=5636"}],"wp:featuredmedia":[{"embeddable":true,"href":"https:\/\/medicinasinc.com\/fr\/wp-json\/wp\/v2\/media\/5646"}],"wp:attachment":[{"href":"https:\/\/medicinasinc.com\/fr\/wp-json\/wp\/v2\/media?parent=5636"}],"wp:term":[{"taxonomy":"product_brand","embeddable":true,"href":"https:\/\/medicinasinc.com\/fr\/wp-json\/wp\/v2\/product_brand?post=5636"},{"taxonomy":"product_cat","embeddable":true,"href":"https:\/\/medicinasinc.com\/fr\/wp-json\/wp\/v2\/product_cat?post=5636"},{"taxonomy":"product_tag","embeddable":true,"href":"https:\/\/medicinasinc.com\/fr\/wp-json\/wp\/v2\/product_tag?post=5636"}],"curies":[{"name":"wp","href":"https:\/\/api.w.org\/{rel}","templated":true}]}}