{"id":5635,"date":"2022-02-22T03:07:02","date_gmt":"2022-02-22T03:07:02","guid":{"rendered":"https:\/\/medicinasinc.com\/fr\/?post_type=product&#038;p=5635"},"modified":"2022-08-05T10:43:22","modified_gmt":"2022-08-05T10:43:22","slug":"acheter-sel-de-bain-tranquillite","status":"publish","type":"product","link":"https:\/\/medicinasinc.com\/fr\/product\/acheter-sel-de-bain-tranquillite\/","title":{"rendered":"Acheter du sel de bain Tranquility"},"content":{"rendered":"<p>Acheter des sels de bain Tranquility en ligne\u00a0: comment les acheter\u00a0?<\/p>\n<p>Best Best Global Meds vend des sels de bain de haute qualit\u00e9 qui vous donneront un bain doux et sensuel qui vous laissera une sensation de propret\u00e9.<\/p>\n<p>Lorsque vous &#8220;achetez des sels de bain de tranquillit\u00e9 en ligne&#8221; chez nous, vous pouvez \u00eatre s\u00fbr qu&#8217;ils sont les meilleurs que vous puissiez obtenir. Nous vendons et achetons d&#8217;autres sels de bain concentr\u00e9s \u00e0 bon prix.<\/p>\n<p>Nos sels de bain ont une forte odeur.<\/p>\n<p>Vous cherchez un endroit pour acheter des sels de bain tranquilit\u00e9 sur le web\u00a0? Chemicals Lab vous donne la possibilit\u00e9 d&#8217;acheter en ligne des sels de bain de tranquillit\u00e9 sans avoir \u00e0 faire face \u00e0 des probl\u00e8mes ou \u00e0 des maladresses. Nous travaillons 24 heures sur 24 pour nous assurer que vous \u00e9conomisez de l&#8217;argent chaque fois que vous achetez des sels de bain de tranquillit\u00e9 dans notre pharmacie en ligne. Lorsque vous achetez quelque chose chez Chemicals Lab, nous voulons que vous payiez moins et que vous obteniez plus.<\/p>\n<div class=\"product-next-previous\">\n<div class=\"product-prev\"><\/div>\n<\/div>\n","protected":false},"excerpt":{"rendered":"<p>Sur notre site Web medicinasinc.com, vous pouvez acheter du sel de bain Tranquility du Royaume-Uni, d&#8217;Europe, d&#8217;Asie et de Chine et le faire livrer rapidement partout dans le monde ! C&#8217;est ici que vous pouvez acheter le meilleur sel de bain Tranquility sur commande.<\/p>\n<p>Les sels de bain Tranquility peuvent \u00eatre achet\u00e9s en ligne aupr\u00e8s d&#8217;un fournisseur r\u00e9put\u00e9. Nous vendons les meilleurs produits de bain, comme les sels de bain.<\/p>\n<p>Achetez les sels de bain Tranquility en ligne MAINTENANT\u00a0! Nous avons les meilleurs produits de bain, comme les sels de bain, \u00e0 vous offrir.<\/p>\n","protected":false},"featured_media":5644,"comment_status":"open","ping_status":"closed","template":"","meta":[],"product_brand":[],"product_cat":[59],"product_tag":[3344,3346,3345,3347,3348,3354,3356,3358,3353,3352,3351,3349,3350,3355,3357],"class_list":{"0":"post-5635","1":"product","2":"type-product","3":"status-publish","4":"has-post-thumbnail","6":"product_cat-produits-chimiques-de-recherche","7":"product_tag-acheter-sels-de-bain-tranquillite","8":"product_tag-acheter-sels-de-bain-tranquility-france","9":"product_tag-acheter-sels-de-bain-tranquility-en-ligne","10":"product_tag-commander-tranquillit-sels-de-bain","11":"product_tag-commander-tranquility-bain-sels-en-ligne","12":"product_tag-revendeur-de-sels-de-bain-tranquillite","13":"product_tag-tranquillit-fournisseur-de-sels-de-bain","14":"product_tag-o-acheter-des-sels-de-bain-tranquility","15":"product_tag-tranquillit-sels-de-bain-reddit","16":"product_tag-tranquillit-sels-de-bain-order-europe","17":"product_tag-sels-de-bain-tranquillite-en-ligne","18":"product_tag-sels-de-bain-tranquillite","19":"product_tag-sels-de-bain-tranquillite-a-vendre","20":"product_tag-tranquilit-bain-sels-vente","21":"product_tag-tranquilit-bain-sels-grossiste","23":"first","24":"instock","25":"shipping-taxable","26":"purchasable","27":"product-type-variable"},"yoast_head":"<!-- This site is optimized with the Yoast SEO plugin v27.3 - https:\/\/yoast.com\/product\/yoast-seo-wordpress\/ -->\n<title>Acheter Sel de bain Tranquility - Sel de bain Tranquility - Best Global Meds<\/title>\n<meta name=\"description\" content=\"Achetez du sel de bain Tranquility au Royaume-Uni, en Europe, en Asie et en Chine dans notre boutique en ligne medicinasinc.com avec une livraison rapide dans le monde entier\u00a0! Vous trouverez ici le meilleur sel de bain Tranquility \u00e0 commander\u00a0!\" \/>\n<meta name=\"robots\" content=\"index, follow, max-snippet:-1, max-image-preview:large, max-video-preview:-1\" \/>\n<link rel=\"canonical\" href=\"https:\/\/medicinasinc.com\/fr\/product\/acheter-sel-de-bain-tranquillite\/\" \/>\n<meta property=\"og:locale\" content=\"en_US\" \/>\n<meta property=\"og:type\" content=\"article\" \/>\n<meta property=\"og:title\" content=\"Acheter Sel de bain Tranquility - Sel de bain Tranquility - Best Global Meds\" \/>\n<meta property=\"og:description\" content=\"Achetez du sel de bain Tranquility au Royaume-Uni, en Europe, en Asie et en Chine dans notre boutique en ligne medicinasinc.com avec une livraison rapide dans le monde entier\u00a0! Vous trouverez ici le meilleur sel de bain Tranquility \u00e0 commander\u00a0!\" \/>\n<meta property=\"og:url\" content=\"https:\/\/medicinasinc.com\/fr\/product\/acheter-sel-de-bain-tranquillite\/\" \/>\n<meta property=\"og:site_name\" content=\"Medicinas Inc\" \/>\n<meta property=\"article:modified_time\" content=\"2022-08-05T10:43:22+00:00\" \/>\n<meta property=\"og:image\" content=\"https:\/\/medicinasinc.com\/fr\/wp-content\/uploads\/sites\/5\/2022\/02\/Buy-Tranquility-Bath-Salt.jpg\" \/>\n\t<meta property=\"og:image:width\" content=\"236\" \/>\n\t<meta property=\"og:image:height\" content=\"225\" \/>\n\t<meta property=\"og:image:type\" content=\"image\/jpeg\" \/>\n<meta name=\"twitter:card\" content=\"summary_large_image\" \/>\n<meta name=\"twitter:label1\" content=\"Est. reading time\" \/>\n\t<meta name=\"twitter:data1\" content=\"1 minute\" \/>\n<script type=\"application\/ld+json\" class=\"yoast-schema-graph\">{\"@context\":\"https:\\\/\\\/schema.org\",\"@graph\":[{\"@type\":\"WebPage\",\"@id\":\"https:\\\/\\\/medicinasinc.com\\\/fr\\\/product\\\/acheter-sel-de-bain-tranquillite\\\/\",\"url\":\"https:\\\/\\\/medicinasinc.com\\\/fr\\\/product\\\/acheter-sel-de-bain-tranquillite\\\/\",\"name\":\"Acheter Sel de bain Tranquility - Sel de bain Tranquility - Best Global Meds\",\"isPartOf\":{\"@id\":\"https:\\\/\\\/medicinasinc.com\\\/fr\\\/#website\"},\"primaryImageOfPage\":{\"@id\":\"https:\\\/\\\/medicinasinc.com\\\/fr\\\/product\\\/acheter-sel-de-bain-tranquillite\\\/#primaryimage\"},\"image\":{\"@id\":\"https:\\\/\\\/medicinasinc.com\\\/fr\\\/product\\\/acheter-sel-de-bain-tranquillite\\\/#primaryimage\"},\"thumbnailUrl\":\"https:\\\/\\\/medicinasinc.com\\\/fr\\\/wp-content\\\/uploads\\\/sites\\\/5\\\/2022\\\/02\\\/Buy-Tranquility-Bath-Salt.jpg\",\"datePublished\":\"2022-02-22T03:07:02+00:00\",\"dateModified\":\"2022-08-05T10:43:22+00:00\",\"description\":\"Achetez du sel de bain Tranquility au Royaume-Uni, en Europe, en Asie et en Chine dans notre boutique en ligne medicinasinc.com avec une livraison rapide dans le monde entier\u00a0! Vous trouverez ici le meilleur sel de bain Tranquility \u00e0 commander\u00a0!\",\"breadcrumb\":{\"@id\":\"https:\\\/\\\/medicinasinc.com\\\/fr\\\/product\\\/acheter-sel-de-bain-tranquillite\\\/#breadcrumb\"},\"inLanguage\":\"en-US\",\"potentialAction\":[{\"@type\":\"ReadAction\",\"target\":[\"https:\\\/\\\/medicinasinc.com\\\/fr\\\/product\\\/acheter-sel-de-bain-tranquillite\\\/\"]}]},{\"@type\":\"ImageObject\",\"inLanguage\":\"en-US\",\"@id\":\"https:\\\/\\\/medicinasinc.com\\\/fr\\\/product\\\/acheter-sel-de-bain-tranquillite\\\/#primaryimage\",\"url\":\"https:\\\/\\\/medicinasinc.com\\\/fr\\\/wp-content\\\/uploads\\\/sites\\\/5\\\/2022\\\/02\\\/Buy-Tranquility-Bath-Salt.jpg\",\"contentUrl\":\"https:\\\/\\\/medicinasinc.com\\\/fr\\\/wp-content\\\/uploads\\\/sites\\\/5\\\/2022\\\/02\\\/Buy-Tranquility-Bath-Salt.jpg\",\"width\":236,\"height\":225},{\"@type\":\"BreadcrumbList\",\"@id\":\"https:\\\/\\\/medicinasinc.com\\\/fr\\\/product\\\/acheter-sel-de-bain-tranquillite\\\/#breadcrumb\",\"itemListElement\":[{\"@type\":\"ListItem\",\"position\":1,\"name\":\"Boutique\",\"item\":\"https:\\\/\\\/medicinasinc.com\\\/fr\\\/boutique\\\/\"},{\"@type\":\"ListItem\",\"position\":2,\"name\":\"Acheter du sel de bain Tranquility\"}]},{\"@type\":\"WebSite\",\"@id\":\"https:\\\/\\\/medicinasinc.com\\\/fr\\\/#website\",\"url\":\"https:\\\/\\\/medicinasinc.com\\\/fr\\\/\",\"name\":\"Medicinas Inc\",\"description\":\"Health Medical Clinic\",\"potentialAction\":[{\"@type\":\"SearchAction\",\"target\":{\"@type\":\"EntryPoint\",\"urlTemplate\":\"https:\\\/\\\/medicinasinc.com\\\/fr\\\/?s={search_term_string}\"},\"query-input\":{\"@type\":\"PropertyValueSpecification\",\"valueRequired\":true,\"valueName\":\"search_term_string\"}}],\"inLanguage\":\"en-US\"}]}<\/script>\n<!-- \/ Yoast SEO plugin. -->","yoast_head_json":{"title":"Acheter Sel de bain Tranquility - Sel de bain Tranquility - Best Global Meds","description":"Achetez du sel de bain Tranquility au Royaume-Uni, en Europe, en Asie et en Chine dans notre boutique en ligne medicinasinc.com avec une livraison rapide dans le monde entier\u00a0! Vous trouverez ici le meilleur sel de bain Tranquility \u00e0 commander\u00a0!","robots":{"index":"index","follow":"follow","max-snippet":"max-snippet:-1","max-image-preview":"max-image-preview:large","max-video-preview":"max-video-preview:-1"},"canonical":"https:\/\/medicinasinc.com\/fr\/product\/acheter-sel-de-bain-tranquillite\/","og_locale":"en_US","og_type":"article","og_title":"Acheter Sel de bain Tranquility - Sel de bain Tranquility - Best Global Meds","og_description":"Achetez du sel de bain Tranquility au Royaume-Uni, en Europe, en Asie et en Chine dans notre boutique en ligne medicinasinc.com avec une livraison rapide dans le monde entier\u00a0! Vous trouverez ici le meilleur sel de bain Tranquility \u00e0 commander\u00a0!","og_url":"https:\/\/medicinasinc.com\/fr\/product\/acheter-sel-de-bain-tranquillite\/","og_site_name":"Medicinas Inc","article_modified_time":"2022-08-05T10:43:22+00:00","og_image":[{"width":236,"height":225,"url":"https:\/\/medicinasinc.com\/fr\/wp-content\/uploads\/sites\/5\/2022\/02\/Buy-Tranquility-Bath-Salt.jpg","type":"image\/jpeg"}],"twitter_card":"summary_large_image","twitter_misc":{"Est. reading time":"1 minute"},"schema":{"@context":"https:\/\/schema.org","@graph":[{"@type":"WebPage","@id":"https:\/\/medicinasinc.com\/fr\/product\/acheter-sel-de-bain-tranquillite\/","url":"https:\/\/medicinasinc.com\/fr\/product\/acheter-sel-de-bain-tranquillite\/","name":"Acheter Sel de bain Tranquility - Sel de bain Tranquility - Best Global Meds","isPartOf":{"@id":"https:\/\/medicinasinc.com\/fr\/#website"},"primaryImageOfPage":{"@id":"https:\/\/medicinasinc.com\/fr\/product\/acheter-sel-de-bain-tranquillite\/#primaryimage"},"image":{"@id":"https:\/\/medicinasinc.com\/fr\/product\/acheter-sel-de-bain-tranquillite\/#primaryimage"},"thumbnailUrl":"https:\/\/medicinasinc.com\/fr\/wp-content\/uploads\/sites\/5\/2022\/02\/Buy-Tranquility-Bath-Salt.jpg","datePublished":"2022-02-22T03:07:02+00:00","dateModified":"2022-08-05T10:43:22+00:00","description":"Achetez du sel de bain Tranquility au Royaume-Uni, en Europe, en Asie et en Chine dans notre boutique en ligne medicinasinc.com avec une livraison rapide dans le monde entier\u00a0! Vous trouverez ici le meilleur sel de bain Tranquility \u00e0 commander\u00a0!","breadcrumb":{"@id":"https:\/\/medicinasinc.com\/fr\/product\/acheter-sel-de-bain-tranquillite\/#breadcrumb"},"inLanguage":"en-US","potentialAction":[{"@type":"ReadAction","target":["https:\/\/medicinasinc.com\/fr\/product\/acheter-sel-de-bain-tranquillite\/"]}]},{"@type":"ImageObject","inLanguage":"en-US","@id":"https:\/\/medicinasinc.com\/fr\/product\/acheter-sel-de-bain-tranquillite\/#primaryimage","url":"https:\/\/medicinasinc.com\/fr\/wp-content\/uploads\/sites\/5\/2022\/02\/Buy-Tranquility-Bath-Salt.jpg","contentUrl":"https:\/\/medicinasinc.com\/fr\/wp-content\/uploads\/sites\/5\/2022\/02\/Buy-Tranquility-Bath-Salt.jpg","width":236,"height":225},{"@type":"BreadcrumbList","@id":"https:\/\/medicinasinc.com\/fr\/product\/acheter-sel-de-bain-tranquillite\/#breadcrumb","itemListElement":[{"@type":"ListItem","position":1,"name":"Boutique","item":"https:\/\/medicinasinc.com\/fr\/boutique\/"},{"@type":"ListItem","position":2,"name":"Acheter du sel de bain Tranquility"}]},{"@type":"WebSite","@id":"https:\/\/medicinasinc.com\/fr\/#website","url":"https:\/\/medicinasinc.com\/fr\/","name":"Medicinas Inc","description":"Health Medical Clinic","potentialAction":[{"@type":"SearchAction","target":{"@type":"EntryPoint","urlTemplate":"https:\/\/medicinasinc.com\/fr\/?s={search_term_string}"},"query-input":{"@type":"PropertyValueSpecification","valueRequired":true,"valueName":"search_term_string"}}],"inLanguage":"en-US"}]}},"_links":{"self":[{"href":"https:\/\/medicinasinc.com\/fr\/wp-json\/wp\/v2\/product\/5635","targetHints":{"allow":["GET"]}}],"collection":[{"href":"https:\/\/medicinasinc.com\/fr\/wp-json\/wp\/v2\/product"}],"about":[{"href":"https:\/\/medicinasinc.com\/fr\/wp-json\/wp\/v2\/types\/product"}],"replies":[{"embeddable":true,"href":"https:\/\/medicinasinc.com\/fr\/wp-json\/wp\/v2\/comments?post=5635"}],"wp:featuredmedia":[{"embeddable":true,"href":"https:\/\/medicinasinc.com\/fr\/wp-json\/wp\/v2\/media\/5644"}],"wp:attachment":[{"href":"https:\/\/medicinasinc.com\/fr\/wp-json\/wp\/v2\/media?parent=5635"}],"wp:term":[{"taxonomy":"product_brand","embeddable":true,"href":"https:\/\/medicinasinc.com\/fr\/wp-json\/wp\/v2\/product_brand?post=5635"},{"taxonomy":"product_cat","embeddable":true,"href":"https:\/\/medicinasinc.com\/fr\/wp-json\/wp\/v2\/product_cat?post=5635"},{"taxonomy":"product_tag","embeddable":true,"href":"https:\/\/medicinasinc.com\/fr\/wp-json\/wp\/v2\/product_tag?post=5635"}],"curies":[{"name":"wp","href":"https:\/\/api.w.org\/{rel}","templated":true}]}}